{"id":857487,"date":"2025-06-23T09:52:16","date_gmt":"2025-06-23T07:52:16","guid":{"rendered":"https:\/\/www.lourdes-france.com\/theme-pastoral\/"},"modified":"2025-12-31T11:18:39","modified_gmt":"2025-12-31T10:18:39","slug":"theme-pastoral","status":"publish","type":"page","link":"https:\/\/www.lourdes-france.com\/pt-br\/theme-pastoral\/","title":{"rendered":"Th\u00e8me pastoral"},"content":{"rendered":"\t\t<div data-elementor-type=\"wp-page\" data-elementor-id=\"857487\" class=\"elementor elementor-857487 elementor-857466\" data-elementor-post-type=\"page\">\n\t\t\t\t\t\t<section class=\"elementor-section elementor-top-section elementor-element elementor-element-c7be449 elementor-section-full_width elementor-section-stretched elementor-section-height-default elementor-section-height-default\" data-id=\"c7be449\" data-element_type=\"section\" data-settings=\"{&quot;stretch_section&quot;:&quot;section-stretched&quot;,&quot;background_background&quot;:&quot;classic&quot;}\">\n\t\t\t\t\t\t\t<div class=\"elementor-background-overlay\"><\/div>\n\t\t\t\t\t\t\t<div class=\"elementor-container elementor-column-gap-default\">\n\t\t\t\t\t<div class=\"elementor-column elementor-col-100 elementor-top-column elementor-element elementor-element-230c0d2\" data-id=\"230c0d2\" data-element_type=\"column\">\n\t\t\t<div class=\"elementor-widget-wrap elementor-element-populated\">\n\t\t\t\t\t\t<div class=\"elementor-element elementor-element-65c237f elementor-widget elementor-widget-heading\" data-id=\"65c237f\" data-element_type=\"widget\" data-widget_type=\"heading.default\">\n\t\t\t\t<div class=\"elementor-widget-container\">\n\t\t\t\t\t<h2 class=\"elementor-heading-title elementor-size-default\">Tema pastoral do Santu\u00e1rio de Lourdes<\/h2>\t\t\t\t<\/div>\n\t\t\t\t<\/div>\n\t\t\t\t\t<\/div>\n\t\t<\/div>\n\t\t\t\t\t<\/div>\n\t\t<\/section>\n\t\t\t\t<section class=\"elementor-section elementor-top-section elementor-element elementor-element-b685a2d elementor-section-boxed elementor-section-height-default elementor-section-height-default\" data-id=\"b685a2d\" data-element_type=\"section\">\n\t\t\t\t\t\t<div class=\"elementor-container elementor-column-gap-default\">\n\t\t\t\t\t<div class=\"elementor-column elementor-col-100 elementor-top-column elementor-element elementor-element-df4ff4e\" data-id=\"df4ff4e\" data-element_type=\"column\">\n\t\t\t<div class=\"elementor-widget-wrap elementor-element-populated\">\n\t\t\t\t\t\t<div class=\"elementor-element elementor-element-6b8d5fa elementor-widget elementor-widget-spacer\" data-id=\"6b8d5fa\" data-element_type=\"widget\" data-widget_type=\"spacer.default\">\n\t\t\t\t<div class=\"elementor-widget-container\">\n\t\t\t\t\t\t\t<div class=\"elementor-spacer\">\n\t\t\t<div class=\"elementor-spacer-inner\"><\/div>\n\t\t<\/div>\n\t\t\t\t\t\t<\/div>\n\t\t\t\t<\/div>\n\t\t\t\t<div class=\"elementor-element elementor-element-bf55750 elementor-widget elementor-widget-text-editor\" data-id=\"bf55750\" data-element_type=\"widget\" data-widget_type=\"text-editor.default\">\n\t\t\t\t<div class=\"elementor-widget-container\">\n\t\t\t\t\t\t\t\t\t<h2 class=\"s2\" style=\"text-align: center;\"><span class=\"s3\">Lourdes, medita\u00e7\u00e3o 2026<\/span><\/h2><h3 class=\"s2\" style=\"text-align: center;\"><span class=\"s4\">&#8220;Sa\u00fado-vos, cheios de gra\u00e7a, <\/span><span class=\"s4\">o Senhor est\u00e1 convosco&#8221;<\/span><\/h3><h5 style=\"text-align: center;\">P. Nicola Ventriglia, omi<br \/>P. Giuseppe Serighelli, cp<\/h5><p>A cada ano, O Santu\u00e1rio Nossa Senhora de Lourdes apresenta um tema, que constitui um quadro program\u00e1tico e pastoral para ajudar os organizadores das peregrina\u00e7\u00f5es e dioceses que aqui vem, para dar ideias e motivar a todos.<\/p><p>Nos pr\u00f3ximos tr\u00eas anos, o Santu\u00e1rio de Lourdes nos convida a uma peregrina\u00e7\u00e3o espiritual, uma viagem ao cora\u00e7\u00e3o da experi\u00eancia da Virgem Maria:<br \/><strong>2026 : a<span class=\"Apple-converted-space\">\u00a0 <\/span>Anuncia\u00e7\u00e3o<\/strong><br \/>2027 : a Visita\u00e7\u00e3o<br \/>2028 : o Magnificat e os 170 anos das apari\u00e7\u00f5es<\/p><p>Este ano, com a hist\u00f3ria da Anuncia\u00e7\u00e3o como b\u00fassola, deixamo-nos guiar. O nosso desejo: contemplar Maria no limiar da sua incr\u00edvel aventura de f\u00e9, no in\u00edcio da sua confian\u00e7a absoluta na vontade de Deus.<br \/>Vamos abrir nossos cora\u00e7\u00f5es para a Palavra.<\/p>\t\t\t\t\t\t\t\t<\/div>\n\t\t\t\t<\/div>\n\t\t\t\t<div class=\"elementor-element elementor-element-3c3760e elementor-widget elementor-widget-image\" data-id=\"3c3760e\" data-element_type=\"widget\" data-widget_type=\"image.default\">\n\t\t\t\t<div class=\"elementor-widget-container\">\n\t\t\t\t\t\t\t\t\t\t\t\t\t\t\t<img fetchpriority=\"high\" decoding=\"async\" width=\"2560\" height=\"2560\" src=\"https:\/\/www.lourdes-france.com\/wp-content\/uploads\/2025\/11\/logo-PR_jetesalue-logo-scaled.png\" class=\"attachment-full size-full wp-image-865883\" alt=\"\" srcset=\"https:\/\/www.lourdes-france.com\/wp-content\/uploads\/2025\/11\/logo-PR_jetesalue-logo-scaled.png 2560w, https:\/\/www.lourdes-france.com\/wp-content\/uploads\/2025\/11\/logo-PR_jetesalue-logo-300x300.png 300w, https:\/\/www.lourdes-france.com\/wp-content\/uploads\/2025\/11\/logo-PR_jetesalue-logo-1024x1024.png 1024w, https:\/\/www.lourdes-france.com\/wp-content\/uploads\/2025\/11\/logo-PR_jetesalue-logo-150x150.png 150w, https:\/\/www.lourdes-france.com\/wp-content\/uploads\/2025\/11\/logo-PR_jetesalue-logo-768x768.png 768w, https:\/\/www.lourdes-france.com\/wp-content\/uploads\/2025\/11\/logo-PR_jetesalue-logo-1536x1536.png 1536w, https:\/\/www.lourdes-france.com\/wp-content\/uploads\/2025\/11\/logo-PR_jetesalue-logo-2048x2048.png 2048w\" sizes=\"(max-width: 2560px) 100vw, 2560px\" \/>\t\t\t\t\t\t\t\t\t\t\t\t\t\t\t<\/div>\n\t\t\t\t<\/div>\n\t\t\t\t<div class=\"elementor-element elementor-element-fd4cbbf elementor-widget elementor-widget-ucaddon_blox_btn_group\" data-id=\"fd4cbbf\" data-element_type=\"widget\" data-widget_type=\"ucaddon_blox_btn_group.default\">\n\t\t\t\t<div class=\"elementor-widget-container\">\n\t\t\t\t\t\n<!-- start Button Group -->\n\t\t<link id='font-awesome-css' href='https:\/\/www.lourdes-france.com\/wp-content\/plugins\/unlimited-elements-for-elementor_disabled\/assets_libraries\/font-awesome6\/fontawesome-all.min.css' type='text\/css' rel='stylesheet' >\n\t\t<link id='font-awesome-4-shim-css' href='https:\/\/www.lourdes-france.com\/wp-content\/plugins\/unlimited-elements-for-elementor_disabled\/assets_libraries\/font-awesome6\/fontawesome-v4-shims.min.css' type='text\/css' rel='stylesheet' >\n\n<style>\/* widget: Button Group *\/\n\n#uc_blox_btn_group_elementor_fd4cbbf\n{\n  display:flex;\n  flex-wrap: wrap;\n}\n\n#uc_blox_btn_group_elementor_fd4cbbf a\n{\n  display:block;\n  text-decoration:none;\n  transition:0.3s;\n\n}\n\n#uc_blox_btn_group_elementor_fd4cbbf .blox_btn_group_inner\n{\n  display:inline-flex;\n  align-items:center;\n}\n\n#uc_blox_btn_group_elementor_fd4cbbf .blox_btn_group_inner .ue-btn-icon\n{\n  line-height:1em;\n}\n\n#uc_blox_btn_group_elementor_fd4cbbf .blox_btn_group_inner .ue-btn-icon svg\n{\n  height:1em;\n  width:1em;\n}\n\n<\/style>\n\n<div id=\"uc_blox_btn_group_elementor_fd4cbbf\" class=\"blox_btn_group uc-items-wrapper \" >\n  <a class=\"elementor-repeater-item-af1182c elementor-animation-grow\" href=\"https:\/\/lourdes-france.com\/uploads\/logo2026\/PR.zip\" id=\"uc_blox_btn_group_elementor_fd4cbbf_item1\" >\n  <div class=\"blox_btn_group_inner\">\n        <div class=\"ue-btn-icon\"><i class='fas fa-file-download'><\/i><\/div>\n        <div class=\"ue-btn-txt\"> Fazer download do logo<\/div>\n  <\/div>\n<\/a>\n<a class=\"elementor-repeater-item-dfb12e0 elementor-animation-grow\" href=\"https:\/\/lourdes-france.com\/uploads\/kit2026\/kitFR.zip\" id=\"uc_blox_btn_group_elementor_fd4cbbf_item2\" >\n  <div class=\"blox_btn_group_inner\">\n        <div class=\"ue-btn-icon\"><i class='fas fa-file-download'><\/i><\/div>\n        <div class=\"ue-btn-txt\"> Kit de comunica\u00e7\u00e3o<\/div>\n  <\/div>\n<\/a>\n<a class=\"elementor-repeater-item-b1ab9c0 elementor-animation-grow\" href=\"https:\/\/www.lourdes-france.com\/wp-content\/uploads\/2025\/12\/THEME-ANNEE_PT.pdf\" id=\"uc_blox_btn_group_elementor_fd4cbbf_item3\" >\n  <div class=\"blox_btn_group_inner\">\n        <div class=\"ue-btn-icon\"><i class='fas fa-file-download'><\/i><\/div>\n        <div class=\"ue-btn-txt\"> Baixar o tema pastoral 2026<\/div>\n  <\/div>\n<\/a>\n\n  \n\n\n<\/div>\n<!-- end Button Group -->\t\t\t\t<\/div>\n\t\t\t\t<\/div>\n\t\t\t\t\t<\/div>\n\t\t<\/div>\n\t\t\t\t\t<\/div>\n\t\t<\/section>\n\t\t\t\t<\/div>\n\t\t","protected":false},"excerpt":{"rendered":"<p>Tema pastoral do Santu\u00e1rio de Lourdes Lourdes, medita\u00e7\u00e3o 2026 &#8220;Sa\u00fado-vos, cheios de gra\u00e7a, o Senhor est\u00e1 convosco&#8221; P. Nicola Ventriglia, omiP. Giuseppe Serighelli, cp A cada ano, O Santu\u00e1rio Nossa Senhora de Lourdes apresenta um tema, que constitui um quadro &hellip; <a href=\"https:\/\/www.lourdes-france.com\/pt-br\/theme-pastoral\/\">Conte\u00fado<\/a><\/p>\n","protected":false},"author":9,"featured_media":0,"parent":0,"menu_order":0,"comment_status":"closed","ping_status":"closed","template":"","meta":{"_acf_changed":false,"footnotes":""},"class_list":["post-857487","page","type-page","status-publish","hentry"],"acf":[],"yoast_head":"<!-- This site is optimized with the Yoast SEO Premium plugin v24.0 (Yoast SEO v26.3) - https:\/\/yoast.com\/wordpress\/plugins\/seo\/ -->\n<title>Th\u00e8me pastoral - Vivre le p\u00e8lerinage de Lourdes<\/title>\n<meta name=\"robots\" content=\"index, follow, max-snippet:-1, max-image-preview:large, max-video-preview:-1\" \/>\n<link rel=\"canonical\" href=\"https:\/\/www.lourdes-france.com\/pt-br\/theme-pastoral\/\" \/>\n<meta property=\"og:locale\" content=\"pt_BR\" \/>\n<meta property=\"og:type\" content=\"article\" \/>\n<meta property=\"og:title\" content=\"Th\u00e8me pastoral\" \/>\n<meta property=\"og:description\" content=\"Tema pastoral do Santu\u00e1rio de Lourdes Lourdes, medita\u00e7\u00e3o 2026 &#8220;Sa\u00fado-vos, cheios de gra\u00e7a, o Senhor est\u00e1 convosco&#8221; P. Nicola Ventriglia, omiP. Giuseppe Serighelli, cp A cada ano, O Santu\u00e1rio Nossa Senhora de Lourdes apresenta um tema, que constitui um quadro &hellip; Conte\u00fado\" \/>\n<meta property=\"og:url\" content=\"https:\/\/www.lourdes-france.com\/pt-br\/theme-pastoral\/\" \/>\n<meta property=\"og:site_name\" content=\"Vivre le p\u00e8lerinage de Lourdes\" \/>\n<meta property=\"article:modified_time\" content=\"2025-12-31T10:18:39+00:00\" \/>\n<meta property=\"og:image\" content=\"https:\/\/www.lourdes-france.com\/wp-content\/uploads\/2025\/11\/logo-PR_jetesalue-logo-scaled.png\" \/>\n\t<meta property=\"og:image:width\" content=\"2560\" \/>\n\t<meta property=\"og:image:height\" content=\"2560\" \/>\n\t<meta property=\"og:image:type\" content=\"image\/png\" \/>\n<meta name=\"twitter:card\" content=\"summary_large_image\" \/>\n<meta name=\"twitter:label1\" content=\"Est. tempo de leitura\" \/>\n\t<meta name=\"twitter:data1\" content=\"2 minutos\" \/>\n<script type=\"application\/ld+json\" class=\"yoast-schema-graph\">{\"@context\":\"https:\/\/schema.org\",\"@graph\":[{\"@type\":\"WebPage\",\"@id\":\"https:\/\/www.lourdes-france.com\/pt-br\/theme-pastoral\/\",\"url\":\"https:\/\/www.lourdes-france.com\/pt-br\/theme-pastoral\/\",\"name\":\"Th\u00e8me pastoral - Vivre le p\u00e8lerinage de Lourdes\",\"isPartOf\":{\"@id\":\"https:\/\/www.lourdes-france.com\/pt-br\/#website\"},\"primaryImageOfPage\":{\"@id\":\"https:\/\/www.lourdes-france.com\/pt-br\/theme-pastoral\/#primaryimage\"},\"image\":{\"@id\":\"https:\/\/www.lourdes-france.com\/pt-br\/theme-pastoral\/#primaryimage\"},\"thumbnailUrl\":\"https:\/\/www.lourdes-france.com\/wp-content\/uploads\/2025\/11\/logo-PR_jetesalue-logo-scaled.png\",\"datePublished\":\"2025-06-23T07:52:16+00:00\",\"dateModified\":\"2025-12-31T10:18:39+00:00\",\"breadcrumb\":{\"@id\":\"https:\/\/www.lourdes-france.com\/pt-br\/theme-pastoral\/#breadcrumb\"},\"inLanguage\":\"pt-BR\",\"potentialAction\":[{\"@type\":\"ReadAction\",\"target\":[\"https:\/\/www.lourdes-france.com\/pt-br\/theme-pastoral\/\"]}]},{\"@type\":\"ImageObject\",\"inLanguage\":\"pt-BR\",\"@id\":\"https:\/\/www.lourdes-france.com\/pt-br\/theme-pastoral\/#primaryimage\",\"url\":\"https:\/\/www.lourdes-france.com\/wp-content\/uploads\/2025\/11\/logo-PR_jetesalue-logo-scaled.png\",\"contentUrl\":\"https:\/\/www.lourdes-france.com\/wp-content\/uploads\/2025\/11\/logo-PR_jetesalue-logo-scaled.png\"},{\"@type\":\"BreadcrumbList\",\"@id\":\"https:\/\/www.lourdes-france.com\/pt-br\/theme-pastoral\/#breadcrumb\",\"itemListElement\":[{\"@type\":\"ListItem\",\"position\":1,\"name\":\"Accueil\",\"item\":\"https:\/\/www.lourdes-france.com\/pt-br\/\"},{\"@type\":\"ListItem\",\"position\":2,\"name\":\"Th\u00e8me pastoral\"}]},{\"@type\":\"WebSite\",\"@id\":\"https:\/\/www.lourdes-france.com\/pt-br\/#website\",\"url\":\"https:\/\/www.lourdes-france.com\/pt-br\/\",\"name\":\"Sanctuaire Notre-Dame de Lourdes\",\"description\":\"\",\"publisher\":{\"@id\":\"https:\/\/www.lourdes-france.com\/pt-br\/#organization\"},\"potentialAction\":[{\"@type\":\"SearchAction\",\"target\":{\"@type\":\"EntryPoint\",\"urlTemplate\":\"https:\/\/www.lourdes-france.com\/pt-br\/?s={search_term_string}\"},\"query-input\":{\"@type\":\"PropertyValueSpecification\",\"valueRequired\":true,\"valueName\":\"search_term_string\"}}],\"inLanguage\":\"pt-BR\"},{\"@type\":\"Organization\",\"@id\":\"https:\/\/www.lourdes-france.com\/pt-br\/#organization\",\"name\":\"Sanctuaire Notre-Dame de Lourdes\",\"url\":\"https:\/\/www.lourdes-france.com\/pt-br\/\",\"logo\":{\"@type\":\"ImageObject\",\"inLanguage\":\"pt-BR\",\"@id\":\"https:\/\/www.lourdes-france.com\/pt-br\/#\/schema\/logo\/image\/\",\"url\":\"https:\/\/www.lourdes-france.com\/wp-content\/uploads\/2021\/11\/logo-small.png\",\"contentUrl\":\"https:\/\/www.lourdes-france.com\/wp-content\/uploads\/2021\/11\/logo-small.png\",\"width\":834,\"height\":521,\"caption\":\"Sanctuaire Notre-Dame de Lourdes\"},\"image\":{\"@id\":\"https:\/\/www.lourdes-france.com\/pt-br\/#\/schema\/logo\/image\/\"}}]}<\/script>\n<!-- \/ Yoast SEO Premium plugin. -->","yoast_head_json":{"title":"Th\u00e8me pastoral - Vivre le p\u00e8lerinage de Lourdes","robots":{"index":"index","follow":"follow","max-snippet":"max-snippet:-1","max-image-preview":"max-image-preview:large","max-video-preview":"max-video-preview:-1"},"canonical":"https:\/\/www.lourdes-france.com\/pt-br\/theme-pastoral\/","og_locale":"pt_BR","og_type":"article","og_title":"Th\u00e8me pastoral","og_description":"Tema pastoral do Santu\u00e1rio de Lourdes Lourdes, medita\u00e7\u00e3o 2026 &#8220;Sa\u00fado-vos, cheios de gra\u00e7a, o Senhor est\u00e1 convosco&#8221; P. Nicola Ventriglia, omiP. Giuseppe Serighelli, cp A cada ano, O Santu\u00e1rio Nossa Senhora de Lourdes apresenta um tema, que constitui um quadro &hellip; Conte\u00fado","og_url":"https:\/\/www.lourdes-france.com\/pt-br\/theme-pastoral\/","og_site_name":"Vivre le p\u00e8lerinage de Lourdes","article_modified_time":"2025-12-31T10:18:39+00:00","og_image":[{"width":2560,"height":2560,"url":"https:\/\/www.lourdes-france.com\/wp-content\/uploads\/2025\/11\/logo-PR_jetesalue-logo-scaled.png","type":"image\/png"}],"twitter_card":"summary_large_image","twitter_misc":{"Est. tempo de leitura":"2 minutos"},"schema":{"@context":"https:\/\/schema.org","@graph":[{"@type":"WebPage","@id":"https:\/\/www.lourdes-france.com\/pt-br\/theme-pastoral\/","url":"https:\/\/www.lourdes-france.com\/pt-br\/theme-pastoral\/","name":"Th\u00e8me pastoral - Vivre le p\u00e8lerinage de Lourdes","isPartOf":{"@id":"https:\/\/www.lourdes-france.com\/pt-br\/#website"},"primaryImageOfPage":{"@id":"https:\/\/www.lourdes-france.com\/pt-br\/theme-pastoral\/#primaryimage"},"image":{"@id":"https:\/\/www.lourdes-france.com\/pt-br\/theme-pastoral\/#primaryimage"},"thumbnailUrl":"https:\/\/www.lourdes-france.com\/wp-content\/uploads\/2025\/11\/logo-PR_jetesalue-logo-scaled.png","datePublished":"2025-06-23T07:52:16+00:00","dateModified":"2025-12-31T10:18:39+00:00","breadcrumb":{"@id":"https:\/\/www.lourdes-france.com\/pt-br\/theme-pastoral\/#breadcrumb"},"inLanguage":"pt-BR","potentialAction":[{"@type":"ReadAction","target":["https:\/\/www.lourdes-france.com\/pt-br\/theme-pastoral\/"]}]},{"@type":"ImageObject","inLanguage":"pt-BR","@id":"https:\/\/www.lourdes-france.com\/pt-br\/theme-pastoral\/#primaryimage","url":"https:\/\/www.lourdes-france.com\/wp-content\/uploads\/2025\/11\/logo-PR_jetesalue-logo-scaled.png","contentUrl":"https:\/\/www.lourdes-france.com\/wp-content\/uploads\/2025\/11\/logo-PR_jetesalue-logo-scaled.png"},{"@type":"BreadcrumbList","@id":"https:\/\/www.lourdes-france.com\/pt-br\/theme-pastoral\/#breadcrumb","itemListElement":[{"@type":"ListItem","position":1,"name":"Accueil","item":"https:\/\/www.lourdes-france.com\/pt-br\/"},{"@type":"ListItem","position":2,"name":"Th\u00e8me pastoral"}]},{"@type":"WebSite","@id":"https:\/\/www.lourdes-france.com\/pt-br\/#website","url":"https:\/\/www.lourdes-france.com\/pt-br\/","name":"Sanctuaire Notre-Dame de Lourdes","description":"","publisher":{"@id":"https:\/\/www.lourdes-france.com\/pt-br\/#organization"},"potentialAction":[{"@type":"SearchAction","target":{"@type":"EntryPoint","urlTemplate":"https:\/\/www.lourdes-france.com\/pt-br\/?s={search_term_string}"},"query-input":{"@type":"PropertyValueSpecification","valueRequired":true,"valueName":"search_term_string"}}],"inLanguage":"pt-BR"},{"@type":"Organization","@id":"https:\/\/www.lourdes-france.com\/pt-br\/#organization","name":"Sanctuaire Notre-Dame de Lourdes","url":"https:\/\/www.lourdes-france.com\/pt-br\/","logo":{"@type":"ImageObject","inLanguage":"pt-BR","@id":"https:\/\/www.lourdes-france.com\/pt-br\/#\/schema\/logo\/image\/","url":"https:\/\/www.lourdes-france.com\/wp-content\/uploads\/2021\/11\/logo-small.png","contentUrl":"https:\/\/www.lourdes-france.com\/wp-content\/uploads\/2021\/11\/logo-small.png","width":834,"height":521,"caption":"Sanctuaire Notre-Dame de Lourdes"},"image":{"@id":"https:\/\/www.lourdes-france.com\/pt-br\/#\/schema\/logo\/image\/"}}]}},"_links":{"self":[{"href":"https:\/\/www.lourdes-france.com\/pt-br\/wp-json\/wp\/v2\/pages\/857487","targetHints":{"allow":["GET"]}}],"collection":[{"href":"https:\/\/www.lourdes-france.com\/pt-br\/wp-json\/wp\/v2\/pages"}],"about":[{"href":"https:\/\/www.lourdes-france.com\/pt-br\/wp-json\/wp\/v2\/types\/page"}],"author":[{"embeddable":true,"href":"https:\/\/www.lourdes-france.com\/pt-br\/wp-json\/wp\/v2\/users\/9"}],"replies":[{"embeddable":true,"href":"https:\/\/www.lourdes-france.com\/pt-br\/wp-json\/wp\/v2\/comments?post=857487"}],"version-history":[{"count":10,"href":"https:\/\/www.lourdes-france.com\/pt-br\/wp-json\/wp\/v2\/pages\/857487\/revisions"}],"predecessor-version":[{"id":869523,"href":"https:\/\/www.lourdes-france.com\/pt-br\/wp-json\/wp\/v2\/pages\/857487\/revisions\/869523"}],"wp:attachment":[{"href":"https:\/\/www.lourdes-france.com\/pt-br\/wp-json\/wp\/v2\/media?parent=857487"}],"curies":[{"name":"wp","href":"https:\/\/api.w.org\/{rel}","templated":true}]}}