{"id":855406,"date":"2025-05-22T10:40:59","date_gmt":"2025-05-22T08:40:59","guid":{"rendered":"https:\/\/www.lourdes-france.com\/?page_id=855406"},"modified":"2025-05-22T10:40:59","modified_gmt":"2025-05-22T08:40:59","slug":"hotels","status":"publish","type":"page","link":"https:\/\/www.lourdes-france.com\/pt-br\/hotels\/","title":{"rendered":"Carte des h\u00f4tels \u00e0 Lourdes : trouvez votre h\u00e9bergement id\u00e9al"},"content":{"rendered":"\t\t<div data-elementor-type=\"wp-page\" data-elementor-id=\"855406\" class=\"elementor elementor-855406\" data-elementor-post-type=\"page\">\n\t\t\t\t\t\t<section class=\"elementor-section elementor-top-section elementor-element elementor-element-ee88bc5 elementor-section-boxed elementor-section-height-default elementor-section-height-default\" data-id=\"ee88bc5\" data-element_type=\"section\">\n\t\t\t\t\t\t<div class=\"elementor-container elementor-column-gap-default\">\n\t\t\t\t\t<div class=\"elementor-column elementor-col-100 elementor-top-column elementor-element elementor-element-274c7e6\" data-id=\"274c7e6\" data-element_type=\"column\">\n\t\t\t<div class=\"elementor-widget-wrap elementor-element-populated\">\n\t\t\t\t\t\t<div class=\"elementor-element elementor-element-afa1aa2 elementor-widget elementor-widget-html\" data-id=\"afa1aa2\" data-element_type=\"widget\" data-widget_type=\"html.default\">\n\t\t\t\t<div class=\"elementor-widget-container\">\n\t\t\t\t\t<script>\r\n    (() => {\r\n        const loadReactScript = `\r\n            <link rel=\"stylesheet\" type=\"text\/css\" href=\"https:\/\/cdn.client.lourdes-france.com\/main.css\">\r\n            <div id=\"root\"><\/div>\r\n        `\r\n\r\n        const head = document.getElementsByTagName('head')[0]\r\n        head.innerHTML = `\r\n            <meta charset=\"utf-8\">\r\n            <link rel=\"icon\" href=\"\/favicon_32x32.png\">\r\n            <meta name=\"viewport\" content=\"width=device-width,initial-scale=1\">\r\n            <meta name=\"theme-color\" content=\"#fff\">\r\n            <meta name=\"description\" content=\"\"\/>\r\n            <meta name=\"keywords\" content=\"\" \/>\r\n            <meta property=\"og:keywords\" content=\"\" \/>\r\n            <meta property=\"og:url\" content=\"https:\/\/lourdes-france.com\"\/>\r\n            <link rel=\"canonical\" href=\"https:\/\/lourdes-france.com\/pt\/hotels\" \/>\r\n            <meta name=\"robots\" content=\"index, follow\">\r\n            <link href=\"https:\/\/api.tiles.mapbox.com\/mapbox-gl-js\/v2.1.1\/mapbox-gl.css\" rel=\"preconnect\">\r\n            <link rel=\"preconnect\" href=\"https:\/\/api.mapbox.com\/mapbox-gl-js\/plugins\/mapbox-gl-geocoder\/v4.7.0\/mapbox-gl-geocoder.css\">\r\n            <link rel=\"apple-touch-icon\" href=\"\/favicon_32x32.png\">\r\n            <meta property=\"og:image\" content=\"https:\/\/medias.lourdes-france.com\/favicon-lourdes.svg\" \/>\r\n            <link rel=\"manifest\" href=\"\/manifest.json\">\r\n            <link rel=\"preconnect\" href=\"https:\/\/fonts.googleapis.com\">\r\n            <link rel=\"preconnect\" href=\"https:\/\/fonts.gstatic.com\" crossorigin=\"\">\r\n            <!-- <link href=\"static\/css\/circe.css\" rel=\"preload\" as=\"style\" onload=\"this.rel='stylesheet'\"\/> -->\r\n            <!-- <link href=\"https:\/\/fonts.cdnfonts.com\/css\/circe\" as=\"font\" rel=\"stylesheet\" \/> -->\r\n            <!-- <link href=\"static\/css\/regular.css\" rel=\"preload\" as=\"style\" onload=\"this.rel='stylesheet'\"\/> -->\r\n            <!-- <link href=\"https:\/\/fonts.cdnfonts.com\/css\/Regular\" as=\"font\" rel=\"stylesheet\" \/> -->\r\n            <!-- <link href=\"static\/css\/inter.css\" rel=\"preload\" as=\"style\" onload=\"this.rel='stylesheet'\"\/> -->\r\n            <!-- <link href=\"https:\/\/fonts.cdnfonts.com\/css\/Inter\" as=\"font\" rel=\"stylesheet\" \/> -->\r\n        `\r\n\r\n        let script = document.createElement('script')\r\n        script.innerHTML = `\r\n            const body = document.getElementsByTagName('body')[0]\r\n            body.innerHTML = \\`${loadReactScript}\\`\r\n\r\n            const script  = document.createElement(\"script\");\r\n            script.setAttribute('src', \"https:\/\/cdn.client.lourdes-france.com\/main.js\")\r\n            script.setAttribute('type', 'module')\r\n            body.appendChild(script)\r\n        `\r\n        head.appendChild(script)\r\n    })()\r\n<\/script>\r\n\t\t\t\t<\/div>\n\t\t\t\t<\/div>\n\t\t\t\t\t<\/div>\n\t\t<\/div>\n\t\t\t\t\t<\/div>\n\t\t<\/section>\n\t\t\t\t<\/div>\n\t\t","protected":false},"excerpt":{"rendered":"","protected":false},"author":16,"featured_media":0,"parent":0,"menu_order":0,"comment_status":"closed","ping_status":"closed","template":"","meta":{"_acf_changed":false,"footnotes":""},"class_list":["post-855406","page","type-page","status-publish","hentry"],"acf":[],"yoast_head":"<!-- This site is optimized with the Yoast SEO Premium plugin v24.0 (Yoast SEO v26.3) - https:\/\/yoast.com\/wordpress\/plugins\/seo\/ -->\n<title>Carte des h\u00f4tels \u00e0 Lourdes : trouvez votre h\u00e9bergement id\u00e9al - Vivre le p\u00e8lerinage de Lourdes<\/title>\n<meta name=\"robots\" content=\"index, follow, max-snippet:-1, max-image-preview:large, max-video-preview:-1\" \/>\n<link rel=\"canonical\" href=\"https:\/\/www.lourdes-france.com\/pt-br\/hotels\/\" \/>\n<meta property=\"og:locale\" content=\"pt_BR\" \/>\n<meta property=\"og:type\" content=\"article\" \/>\n<meta property=\"og:title\" content=\"Carte des h\u00f4tels \u00e0 Lourdes : trouvez votre h\u00e9bergement id\u00e9al\" \/>\n<meta property=\"og:url\" content=\"https:\/\/www.lourdes-france.com\/pt-br\/hotels\/\" \/>\n<meta property=\"og:site_name\" content=\"Vivre le p\u00e8lerinage de Lourdes\" \/>\n<meta name=\"twitter:card\" content=\"summary_large_image\" \/>\n<script type=\"application\/ld+json\" class=\"yoast-schema-graph\">{\"@context\":\"https:\/\/schema.org\",\"@graph\":[{\"@type\":\"WebPage\",\"@id\":\"https:\/\/www.lourdes-france.com\/pt-br\/hotels\/\",\"url\":\"https:\/\/www.lourdes-france.com\/pt-br\/hotels\/\",\"name\":\"Carte des h\u00f4tels \u00e0 Lourdes : trouvez votre h\u00e9bergement id\u00e9al - Vivre le p\u00e8lerinage de Lourdes\",\"isPartOf\":{\"@id\":\"https:\/\/www.lourdes-france.com\/pt-br\/#website\"},\"datePublished\":\"2025-05-22T08:40:59+00:00\",\"breadcrumb\":{\"@id\":\"https:\/\/www.lourdes-france.com\/pt-br\/hotels\/#breadcrumb\"},\"inLanguage\":\"pt-BR\",\"potentialAction\":[{\"@type\":\"ReadAction\",\"target\":[\"https:\/\/www.lourdes-france.com\/pt-br\/hotels\/\"]}]},{\"@type\":\"BreadcrumbList\",\"@id\":\"https:\/\/www.lourdes-france.com\/pt-br\/hotels\/#breadcrumb\",\"itemListElement\":[{\"@type\":\"ListItem\",\"position\":1,\"name\":\"Accueil\",\"item\":\"https:\/\/www.lourdes-france.com\/pt-br\/\"},{\"@type\":\"ListItem\",\"position\":2,\"name\":\"Carte des h\u00f4tels \u00e0 Lourdes : trouvez votre h\u00e9bergement id\u00e9al\"}]},{\"@type\":\"WebSite\",\"@id\":\"https:\/\/www.lourdes-france.com\/pt-br\/#website\",\"url\":\"https:\/\/www.lourdes-france.com\/pt-br\/\",\"name\":\"Sanctuaire Notre-Dame de Lourdes\",\"description\":\"\",\"publisher\":{\"@id\":\"https:\/\/www.lourdes-france.com\/pt-br\/#organization\"},\"potentialAction\":[{\"@type\":\"SearchAction\",\"target\":{\"@type\":\"EntryPoint\",\"urlTemplate\":\"https:\/\/www.lourdes-france.com\/pt-br\/?s={search_term_string}\"},\"query-input\":{\"@type\":\"PropertyValueSpecification\",\"valueRequired\":true,\"valueName\":\"search_term_string\"}}],\"inLanguage\":\"pt-BR\"},{\"@type\":\"Organization\",\"@id\":\"https:\/\/www.lourdes-france.com\/pt-br\/#organization\",\"name\":\"Sanctuaire Notre-Dame de Lourdes\",\"url\":\"https:\/\/www.lourdes-france.com\/pt-br\/\",\"logo\":{\"@type\":\"ImageObject\",\"inLanguage\":\"pt-BR\",\"@id\":\"https:\/\/www.lourdes-france.com\/pt-br\/#\/schema\/logo\/image\/\",\"url\":\"https:\/\/www.lourdes-france.com\/wp-content\/uploads\/2021\/11\/logo-small.png\",\"contentUrl\":\"https:\/\/www.lourdes-france.com\/wp-content\/uploads\/2021\/11\/logo-small.png\",\"width\":834,\"height\":521,\"caption\":\"Sanctuaire Notre-Dame de Lourdes\"},\"image\":{\"@id\":\"https:\/\/www.lourdes-france.com\/pt-br\/#\/schema\/logo\/image\/\"}}]}<\/script>\n<!-- \/ Yoast SEO Premium plugin. -->","yoast_head_json":{"title":"Carte des h\u00f4tels \u00e0 Lourdes : trouvez votre h\u00e9bergement id\u00e9al - Vivre le p\u00e8lerinage de Lourdes","robots":{"index":"index","follow":"follow","max-snippet":"max-snippet:-1","max-image-preview":"max-image-preview:large","max-video-preview":"max-video-preview:-1"},"canonical":"https:\/\/www.lourdes-france.com\/pt-br\/hotels\/","og_locale":"pt_BR","og_type":"article","og_title":"Carte des h\u00f4tels \u00e0 Lourdes : trouvez votre h\u00e9bergement id\u00e9al","og_url":"https:\/\/www.lourdes-france.com\/pt-br\/hotels\/","og_site_name":"Vivre le p\u00e8lerinage de Lourdes","twitter_card":"summary_large_image","schema":{"@context":"https:\/\/schema.org","@graph":[{"@type":"WebPage","@id":"https:\/\/www.lourdes-france.com\/pt-br\/hotels\/","url":"https:\/\/www.lourdes-france.com\/pt-br\/hotels\/","name":"Carte des h\u00f4tels \u00e0 Lourdes : trouvez votre h\u00e9bergement id\u00e9al - Vivre le p\u00e8lerinage de Lourdes","isPartOf":{"@id":"https:\/\/www.lourdes-france.com\/pt-br\/#website"},"datePublished":"2025-05-22T08:40:59+00:00","breadcrumb":{"@id":"https:\/\/www.lourdes-france.com\/pt-br\/hotels\/#breadcrumb"},"inLanguage":"pt-BR","potentialAction":[{"@type":"ReadAction","target":["https:\/\/www.lourdes-france.com\/pt-br\/hotels\/"]}]},{"@type":"BreadcrumbList","@id":"https:\/\/www.lourdes-france.com\/pt-br\/hotels\/#breadcrumb","itemListElement":[{"@type":"ListItem","position":1,"name":"Accueil","item":"https:\/\/www.lourdes-france.com\/pt-br\/"},{"@type":"ListItem","position":2,"name":"Carte des h\u00f4tels \u00e0 Lourdes : trouvez votre h\u00e9bergement id\u00e9al"}]},{"@type":"WebSite","@id":"https:\/\/www.lourdes-france.com\/pt-br\/#website","url":"https:\/\/www.lourdes-france.com\/pt-br\/","name":"Sanctuaire Notre-Dame de Lourdes","description":"","publisher":{"@id":"https:\/\/www.lourdes-france.com\/pt-br\/#organization"},"potentialAction":[{"@type":"SearchAction","target":{"@type":"EntryPoint","urlTemplate":"https:\/\/www.lourdes-france.com\/pt-br\/?s={search_term_string}"},"query-input":{"@type":"PropertyValueSpecification","valueRequired":true,"valueName":"search_term_string"}}],"inLanguage":"pt-BR"},{"@type":"Organization","@id":"https:\/\/www.lourdes-france.com\/pt-br\/#organization","name":"Sanctuaire Notre-Dame de Lourdes","url":"https:\/\/www.lourdes-france.com\/pt-br\/","logo":{"@type":"ImageObject","inLanguage":"pt-BR","@id":"https:\/\/www.lourdes-france.com\/pt-br\/#\/schema\/logo\/image\/","url":"https:\/\/www.lourdes-france.com\/wp-content\/uploads\/2021\/11\/logo-small.png","contentUrl":"https:\/\/www.lourdes-france.com\/wp-content\/uploads\/2021\/11\/logo-small.png","width":834,"height":521,"caption":"Sanctuaire Notre-Dame de Lourdes"},"image":{"@id":"https:\/\/www.lourdes-france.com\/pt-br\/#\/schema\/logo\/image\/"}}]}},"_links":{"self":[{"href":"https:\/\/www.lourdes-france.com\/pt-br\/wp-json\/wp\/v2\/pages\/855406","targetHints":{"allow":["GET"]}}],"collection":[{"href":"https:\/\/www.lourdes-france.com\/pt-br\/wp-json\/wp\/v2\/pages"}],"about":[{"href":"https:\/\/www.lourdes-france.com\/pt-br\/wp-json\/wp\/v2\/types\/page"}],"author":[{"embeddable":true,"href":"https:\/\/www.lourdes-france.com\/pt-br\/wp-json\/wp\/v2\/users\/16"}],"replies":[{"embeddable":true,"href":"https:\/\/www.lourdes-france.com\/pt-br\/wp-json\/wp\/v2\/comments?post=855406"}],"version-history":[{"count":4,"href":"https:\/\/www.lourdes-france.com\/pt-br\/wp-json\/wp\/v2\/pages\/855406\/revisions"}],"predecessor-version":[{"id":855410,"href":"https:\/\/www.lourdes-france.com\/pt-br\/wp-json\/wp\/v2\/pages\/855406\/revisions\/855410"}],"wp:attachment":[{"href":"https:\/\/www.lourdes-france.com\/pt-br\/wp-json\/wp\/v2\/media?parent=855406"}],"curies":[{"name":"wp","href":"https:\/\/api.w.org\/{rel}","templated":true}]}}