{"id":819407,"date":"2022-03-31T16:59:33","date_gmt":"2022-03-31T14:59:33","guid":{"rendered":"https:\/\/www.lourdes-france.com\/eau-de-lourdes\/"},"modified":"2024-02-27T10:11:35","modified_gmt":"2024-02-27T09:11:35","slug":"a-agua","status":"publish","type":"page","link":"https:\/\/www.lourdes-france.com\/pt-br\/a-agua\/","title":{"rendered":"A \u00c1gua"},"content":{"rendered":"\t\t<div data-elementor-type=\"wp-page\" data-elementor-id=\"819407\" class=\"elementor elementor-819407 elementor-782524\" data-elementor-post-type=\"page\">\n\t\t\t\t\t\t<section class=\"elementor-section elementor-top-section elementor-element elementor-element-f26a8f2 elementor-section-stretched elementor-section-boxed elementor-section-height-default elementor-section-height-default\" data-id=\"f26a8f2\" data-element_type=\"section\" data-settings=\"{&quot;background_background&quot;:&quot;classic&quot;,&quot;stretch_section&quot;:&quot;section-stretched&quot;}\">\n\t\t\t\t\t\t<div class=\"elementor-container elementor-column-gap-no\">\n\t\t\t\t\t<div class=\"elementor-column elementor-col-100 elementor-top-column elementor-element elementor-element-e655d36\" data-id=\"e655d36\" data-element_type=\"column\">\n\t\t\t<div class=\"elementor-widget-wrap elementor-element-populated\">\n\t\t\t\t\t\t<div class=\"elementor-element elementor-element-ef3403f elementor-blockquote--skin-quotation elementor-blockquote--align-left elementor-widget elementor-widget-blockquote\" data-id=\"ef3403f\" data-element_type=\"widget\" data-widget_type=\"blockquote.default\">\n\t\t\t\t<div class=\"elementor-widget-container\">\n\t\t\t\t\t\t\t<blockquote class=\"elementor-blockquote\">\n\t\t\t<p class=\"elementor-blockquote__content\">\n\t\t\t\tFoi no dia 25 de fevereiro de 1858, durante a nonag\u00e9sima apari\u00e7\u00e3o, que tudo mudou. Tudo mudou quando Bernadette ouviu Nossa Senhora dizer: \u00abVai beber da fonte e lavar-te nela...\u00bb\u00a0Desde ent\u00e3o, milh\u00f5es de peregrinos e visitantes v\u00eam a Lourdes para beber e lavar-se nessa \u00e1gua, que n\u00e3o possui propriedades terap\u00eauticas nem espec\u00edficas. Bernadette Soubirous dizia: \u00abBebemos a \u00e1gua como se fosse um medicamento... \u00c9 preciso ter f\u00e9 e orar: a \u00e1gua n\u00e3o ter\u00e1 virtude sem f\u00e9!\u00bb\u00a0A popularidade da \u00e1gua de Lourdes deve-se aos milagres, mas n\u00e3o \u00e9 \u00e1gua benta: a \u00e1gua de Nascente s\u00f3 pode ser benzida por um padre. \n\n\n<\/BR>\n<\/BR>\nMuitos peregrinos fazem quest\u00e3o de levar um pouco de \u00e1gua para si ou para os seus entes queridos. A \u00e1gua de Lourdes \u00e9 gratuita e est\u00e1 \u00e0 disposi\u00e7\u00e3o de todos nas fontes do Santu\u00e1rio. N\u00e3o pode ser vendida. \n\n\n<\/BR>\n<\/BR>\nSe quiser receber \u00e1gua de Lourdes, o Santu\u00e1rio de Lourdes sugere-lhe que contacte a organiza\u00e7\u00e3o de peregrina\u00e7\u00e3o mais pr\u00f3xima. \n\t\t\t<\/p>\n\t\t\t\t\t<\/blockquote>\n\t\t\t\t\t\t<\/div>\n\t\t\t\t<\/div>\n\t\t\t\t\t<\/div>\n\t\t<\/div>\n\t\t\t\t\t<\/div>\n\t\t<\/section>\n\t\t\t\t<section class=\"elementor-section elementor-top-section elementor-element elementor-element-f306436 elementor-section-boxed elementor-section-height-default elementor-section-height-default\" data-id=\"f306436\" data-element_type=\"section\">\n\t\t\t\t\t\t<div class=\"elementor-container elementor-column-gap-default\">\n\t\t\t\t\t<div class=\"elementor-column elementor-col-100 elementor-top-column elementor-element elementor-element-eb7154f\" data-id=\"eb7154f\" data-element_type=\"column\">\n\t\t\t<div class=\"elementor-widget-wrap elementor-element-populated\">\n\t\t\t\t\t\t<div class=\"elementor-element elementor-element-8b8178d elementor-widget elementor-widget-image\" data-id=\"8b8178d\" data-element_type=\"widget\" data-widget_type=\"image.default\">\n\t\t\t\t<div class=\"elementor-widget-container\">\n\t\t\t\t\t\t\t\t\t\t\t\t\t\t\t<img fetchpriority=\"high\" decoding=\"async\" width=\"500\" height=\"333\" src=\"https:\/\/www.lourdes-france.com\/wp-content\/uploads\/2022\/04\/vignette_Eau_500x333_img.jpg\" class=\"attachment-large size-large wp-image-801092\" alt=\"\" srcset=\"https:\/\/www.lourdes-france.com\/wp-content\/uploads\/2022\/04\/vignette_Eau_500x333_img.jpg 500w, https:\/\/www.lourdes-france.com\/wp-content\/uploads\/2022\/04\/vignette_Eau_500x333_img-300x200.jpg 300w\" sizes=\"(max-width: 500px) 100vw, 500px\" \/>\t\t\t\t\t\t\t\t\t\t\t\t\t\t\t<\/div>\n\t\t\t\t<\/div>\n\t\t\t\t\t<\/div>\n\t\t<\/div>\n\t\t\t\t\t<\/div>\n\t\t<\/section>\n\t\t\t\t<\/div>\n\t\t","protected":false},"excerpt":{"rendered":"<p>Foi no dia 25 de fevereiro de 1858, durante a nonag\u00e9sima apari\u00e7\u00e3o, que tudo mudou. Tudo mudou quando Bernadette ouviu Nossa Senhora dizer: \u00abVai beber da fonte e lavar-te nela&#8230;\u00bb\u00a0Desde ent\u00e3o, milh\u00f5es de peregrinos e visitantes v\u00eam a Lourdes para &hellip; <a href=\"https:\/\/www.lourdes-france.com\/pt-br\/a-agua\/\">Conte\u00fado<\/a><\/p>\n","protected":false},"author":1,"featured_media":801073,"parent":0,"menu_order":0,"comment_status":"closed","ping_status":"closed","template":"","meta":{"_acf_changed":false,"footnotes":""},"class_list":["post-819407","page","type-page","status-publish","has-post-thumbnail","hentry"],"acf":[],"yoast_head":"<!-- This site is optimized with the Yoast SEO Premium plugin v24.0 (Yoast SEO v26.3) - https:\/\/yoast.com\/wordpress\/plugins\/seo\/ -->\n<title>A \u00c1gua - Vivre le p\u00e8lerinage de Lourdes<\/title>\n<meta name=\"description\" content=\"A \u00e1gua de Lourdes \u00e9 gratuita e est\u00e1 \u00e0 disposi\u00e7\u00e3o de todos nas fontes do Santu\u00e1rio. N\u00e3o pode ser vendida.\" \/>\n<meta name=\"robots\" content=\"index, follow, max-snippet:-1, max-image-preview:large, max-video-preview:-1\" \/>\n<link rel=\"canonical\" href=\"https:\/\/www.lourdes-france.com\/pt-br\/a-agua\/\" \/>\n<meta property=\"og:locale\" content=\"pt_BR\" \/>\n<meta property=\"og:type\" content=\"article\" \/>\n<meta property=\"og:title\" content=\"A \u00c1gua\" \/>\n<meta property=\"og:description\" content=\"A \u00e1gua de Lourdes \u00e9 gratuita e est\u00e1 \u00e0 disposi\u00e7\u00e3o de todos nas fontes do Santu\u00e1rio. N\u00e3o pode ser vendida.\" \/>\n<meta property=\"og:url\" content=\"https:\/\/www.lourdes-france.com\/pt-br\/a-agua\/\" \/>\n<meta property=\"og:site_name\" content=\"Vivre le p\u00e8lerinage de Lourdes\" \/>\n<meta property=\"article:modified_time\" content=\"2024-02-27T09:11:35+00:00\" \/>\n<meta property=\"og:image\" content=\"https:\/\/www.lourdes-france.com\/wp-content\/uploads\/2022\/03\/vignette_Eau_de_Lourdes_1920x1080_img.jpg\" \/>\n\t<meta property=\"og:image:width\" content=\"1920\" \/>\n\t<meta property=\"og:image:height\" content=\"1080\" \/>\n\t<meta property=\"og:image:type\" content=\"image\/jpeg\" \/>\n<meta name=\"twitter:card\" content=\"summary_large_image\" \/>\n<meta name=\"twitter:label1\" content=\"Est. tempo de leitura\" \/>\n\t<meta name=\"twitter:data1\" content=\"1 minuto\" \/>\n<script type=\"application\/ld+json\" class=\"yoast-schema-graph\">{\"@context\":\"https:\/\/schema.org\",\"@graph\":[{\"@type\":\"WebPage\",\"@id\":\"https:\/\/www.lourdes-france.com\/pt-br\/a-agua\/\",\"url\":\"https:\/\/www.lourdes-france.com\/pt-br\/a-agua\/\",\"name\":\"A \u00c1gua - Vivre le p\u00e8lerinage de Lourdes\",\"isPartOf\":{\"@id\":\"https:\/\/www.lourdes-france.com\/pt-br\/#website\"},\"primaryImageOfPage\":{\"@id\":\"https:\/\/www.lourdes-france.com\/pt-br\/a-agua\/#primaryimage\"},\"image\":{\"@id\":\"https:\/\/www.lourdes-france.com\/pt-br\/a-agua\/#primaryimage\"},\"thumbnailUrl\":\"https:\/\/www.lourdes-france.com\/wp-content\/uploads\/2022\/03\/vignette_Eau_de_Lourdes_1920x1080_img.jpg\",\"datePublished\":\"2022-03-31T14:59:33+00:00\",\"dateModified\":\"2024-02-27T09:11:35+00:00\",\"description\":\"A \u00e1gua de Lourdes \u00e9 gratuita e est\u00e1 \u00e0 disposi\u00e7\u00e3o de todos nas fontes do Santu\u00e1rio. N\u00e3o pode ser vendida.\",\"breadcrumb\":{\"@id\":\"https:\/\/www.lourdes-france.com\/pt-br\/a-agua\/#breadcrumb\"},\"inLanguage\":\"pt-BR\",\"potentialAction\":[{\"@type\":\"ReadAction\",\"target\":[\"https:\/\/www.lourdes-france.com\/pt-br\/a-agua\/\"]}]},{\"@type\":\"ImageObject\",\"inLanguage\":\"pt-BR\",\"@id\":\"https:\/\/www.lourdes-france.com\/pt-br\/a-agua\/#primaryimage\",\"url\":\"https:\/\/www.lourdes-france.com\/wp-content\/uploads\/2022\/03\/vignette_Eau_de_Lourdes_1920x1080_img.jpg\",\"contentUrl\":\"https:\/\/www.lourdes-france.com\/wp-content\/uploads\/2022\/03\/vignette_Eau_de_Lourdes_1920x1080_img.jpg\",\"width\":1920,\"height\":1080,\"caption\":\"the water of lourdes\"},{\"@type\":\"BreadcrumbList\",\"@id\":\"https:\/\/www.lourdes-france.com\/pt-br\/a-agua\/#breadcrumb\",\"itemListElement\":[{\"@type\":\"ListItem\",\"position\":1,\"name\":\"Accueil\",\"item\":\"https:\/\/www.lourdes-france.com\/pt-br\/\"},{\"@type\":\"ListItem\",\"position\":2,\"name\":\"A \u00c1gua\"}]},{\"@type\":\"WebSite\",\"@id\":\"https:\/\/www.lourdes-france.com\/pt-br\/#website\",\"url\":\"https:\/\/www.lourdes-france.com\/pt-br\/\",\"name\":\"Sanctuaire Notre-Dame de Lourdes\",\"description\":\"\",\"publisher\":{\"@id\":\"https:\/\/www.lourdes-france.com\/pt-br\/#organization\"},\"potentialAction\":[{\"@type\":\"SearchAction\",\"target\":{\"@type\":\"EntryPoint\",\"urlTemplate\":\"https:\/\/www.lourdes-france.com\/pt-br\/?s={search_term_string}\"},\"query-input\":{\"@type\":\"PropertyValueSpecification\",\"valueRequired\":true,\"valueName\":\"search_term_string\"}}],\"inLanguage\":\"pt-BR\"},{\"@type\":\"Organization\",\"@id\":\"https:\/\/www.lourdes-france.com\/pt-br\/#organization\",\"name\":\"Sanctuaire Notre-Dame de Lourdes\",\"url\":\"https:\/\/www.lourdes-france.com\/pt-br\/\",\"logo\":{\"@type\":\"ImageObject\",\"inLanguage\":\"pt-BR\",\"@id\":\"https:\/\/www.lourdes-france.com\/pt-br\/#\/schema\/logo\/image\/\",\"url\":\"https:\/\/www.lourdes-france.com\/wp-content\/uploads\/2021\/11\/logo-small.png\",\"contentUrl\":\"https:\/\/www.lourdes-france.com\/wp-content\/uploads\/2021\/11\/logo-small.png\",\"width\":834,\"height\":521,\"caption\":\"Sanctuaire Notre-Dame de Lourdes\"},\"image\":{\"@id\":\"https:\/\/www.lourdes-france.com\/pt-br\/#\/schema\/logo\/image\/\"}}]}<\/script>\n<!-- \/ Yoast SEO Premium plugin. -->","yoast_head_json":{"title":"A \u00c1gua - Vivre le p\u00e8lerinage de Lourdes","description":"A \u00e1gua de Lourdes \u00e9 gratuita e est\u00e1 \u00e0 disposi\u00e7\u00e3o de todos nas fontes do Santu\u00e1rio. N\u00e3o pode ser vendida.","robots":{"index":"index","follow":"follow","max-snippet":"max-snippet:-1","max-image-preview":"max-image-preview:large","max-video-preview":"max-video-preview:-1"},"canonical":"https:\/\/www.lourdes-france.com\/pt-br\/a-agua\/","og_locale":"pt_BR","og_type":"article","og_title":"A \u00c1gua","og_description":"A \u00e1gua de Lourdes \u00e9 gratuita e est\u00e1 \u00e0 disposi\u00e7\u00e3o de todos nas fontes do Santu\u00e1rio. N\u00e3o pode ser vendida.","og_url":"https:\/\/www.lourdes-france.com\/pt-br\/a-agua\/","og_site_name":"Vivre le p\u00e8lerinage de Lourdes","article_modified_time":"2024-02-27T09:11:35+00:00","og_image":[{"width":1920,"height":1080,"url":"https:\/\/www.lourdes-france.com\/wp-content\/uploads\/2022\/03\/vignette_Eau_de_Lourdes_1920x1080_img.jpg","type":"image\/jpeg"}],"twitter_card":"summary_large_image","twitter_misc":{"Est. tempo de leitura":"1 minuto"},"schema":{"@context":"https:\/\/schema.org","@graph":[{"@type":"WebPage","@id":"https:\/\/www.lourdes-france.com\/pt-br\/a-agua\/","url":"https:\/\/www.lourdes-france.com\/pt-br\/a-agua\/","name":"A \u00c1gua - Vivre le p\u00e8lerinage de Lourdes","isPartOf":{"@id":"https:\/\/www.lourdes-france.com\/pt-br\/#website"},"primaryImageOfPage":{"@id":"https:\/\/www.lourdes-france.com\/pt-br\/a-agua\/#primaryimage"},"image":{"@id":"https:\/\/www.lourdes-france.com\/pt-br\/a-agua\/#primaryimage"},"thumbnailUrl":"https:\/\/www.lourdes-france.com\/wp-content\/uploads\/2022\/03\/vignette_Eau_de_Lourdes_1920x1080_img.jpg","datePublished":"2022-03-31T14:59:33+00:00","dateModified":"2024-02-27T09:11:35+00:00","description":"A \u00e1gua de Lourdes \u00e9 gratuita e est\u00e1 \u00e0 disposi\u00e7\u00e3o de todos nas fontes do Santu\u00e1rio. N\u00e3o pode ser vendida.","breadcrumb":{"@id":"https:\/\/www.lourdes-france.com\/pt-br\/a-agua\/#breadcrumb"},"inLanguage":"pt-BR","potentialAction":[{"@type":"ReadAction","target":["https:\/\/www.lourdes-france.com\/pt-br\/a-agua\/"]}]},{"@type":"ImageObject","inLanguage":"pt-BR","@id":"https:\/\/www.lourdes-france.com\/pt-br\/a-agua\/#primaryimage","url":"https:\/\/www.lourdes-france.com\/wp-content\/uploads\/2022\/03\/vignette_Eau_de_Lourdes_1920x1080_img.jpg","contentUrl":"https:\/\/www.lourdes-france.com\/wp-content\/uploads\/2022\/03\/vignette_Eau_de_Lourdes_1920x1080_img.jpg","width":1920,"height":1080,"caption":"the water of lourdes"},{"@type":"BreadcrumbList","@id":"https:\/\/www.lourdes-france.com\/pt-br\/a-agua\/#breadcrumb","itemListElement":[{"@type":"ListItem","position":1,"name":"Accueil","item":"https:\/\/www.lourdes-france.com\/pt-br\/"},{"@type":"ListItem","position":2,"name":"A \u00c1gua"}]},{"@type":"WebSite","@id":"https:\/\/www.lourdes-france.com\/pt-br\/#website","url":"https:\/\/www.lourdes-france.com\/pt-br\/","name":"Sanctuaire Notre-Dame de Lourdes","description":"","publisher":{"@id":"https:\/\/www.lourdes-france.com\/pt-br\/#organization"},"potentialAction":[{"@type":"SearchAction","target":{"@type":"EntryPoint","urlTemplate":"https:\/\/www.lourdes-france.com\/pt-br\/?s={search_term_string}"},"query-input":{"@type":"PropertyValueSpecification","valueRequired":true,"valueName":"search_term_string"}}],"inLanguage":"pt-BR"},{"@type":"Organization","@id":"https:\/\/www.lourdes-france.com\/pt-br\/#organization","name":"Sanctuaire Notre-Dame de Lourdes","url":"https:\/\/www.lourdes-france.com\/pt-br\/","logo":{"@type":"ImageObject","inLanguage":"pt-BR","@id":"https:\/\/www.lourdes-france.com\/pt-br\/#\/schema\/logo\/image\/","url":"https:\/\/www.lourdes-france.com\/wp-content\/uploads\/2021\/11\/logo-small.png","contentUrl":"https:\/\/www.lourdes-france.com\/wp-content\/uploads\/2021\/11\/logo-small.png","width":834,"height":521,"caption":"Sanctuaire Notre-Dame de Lourdes"},"image":{"@id":"https:\/\/www.lourdes-france.com\/pt-br\/#\/schema\/logo\/image\/"}}]}},"_links":{"self":[{"href":"https:\/\/www.lourdes-france.com\/pt-br\/wp-json\/wp\/v2\/pages\/819407","targetHints":{"allow":["GET"]}}],"collection":[{"href":"https:\/\/www.lourdes-france.com\/pt-br\/wp-json\/wp\/v2\/pages"}],"about":[{"href":"https:\/\/www.lourdes-france.com\/pt-br\/wp-json\/wp\/v2\/types\/page"}],"author":[{"embeddable":true,"href":"https:\/\/www.lourdes-france.com\/pt-br\/wp-json\/wp\/v2\/users\/1"}],"replies":[{"embeddable":true,"href":"https:\/\/www.lourdes-france.com\/pt-br\/wp-json\/wp\/v2\/comments?post=819407"}],"version-history":[{"count":0,"href":"https:\/\/www.lourdes-france.com\/pt-br\/wp-json\/wp\/v2\/pages\/819407\/revisions"}],"wp:featuredmedia":[{"embeddable":true,"href":"https:\/\/www.lourdes-france.com\/pt-br\/wp-json\/wp\/v2\/media\/801073"}],"wp:attachment":[{"href":"https:\/\/www.lourdes-france.com\/pt-br\/wp-json\/wp\/v2\/media?parent=819407"}],"curies":[{"name":"wp","href":"https:\/\/api.w.org\/{rel}","templated":true}]}}