{"id":806963,"date":"2021-11-12T15:39:11","date_gmt":"2021-11-12T14:39:11","guid":{"rendered":"https:\/\/www.lourdes-france.com\/rejoindre-un-pelerinage\/"},"modified":"2025-10-08T15:29:19","modified_gmt":"2025-10-08T13:29:19","slug":"participar-de-uma-peregrinacao","status":"publish","type":"page","link":"https:\/\/www.lourdes-france.com\/pt-br\/participar-de-uma-peregrinacao\/","title":{"rendered":"Participar de uma peregrina\u00e7\u00e3o"},"content":{"rendered":"\t\t<div data-elementor-type=\"wp-page\" data-elementor-id=\"806963\" class=\"elementor elementor-806963 elementor-3377\" data-elementor-post-type=\"page\">\n\t\t\t\t\t\t<section class=\"elementor-section elementor-top-section elementor-element elementor-element-8bacc99 elementor-section-stretched elementor-section-height-min-height elementor-section-content-top elementor-section-boxed elementor-section-height-default elementor-section-items-middle\" data-id=\"8bacc99\" data-element_type=\"section\" data-settings=\"{&quot;stretch_section&quot;:&quot;section-stretched&quot;,&quot;background_background&quot;:&quot;classic&quot;}\">\n\t\t\t\t\t\t\t<div class=\"elementor-background-overlay\"><\/div>\n\t\t\t\t\t\t\t<div class=\"elementor-container elementor-column-gap-default\">\n\t\t\t\t\t<div class=\"elementor-column elementor-col-100 elementor-top-column elementor-element elementor-element-4cd64fb\" data-id=\"4cd64fb\" data-element_type=\"column\">\n\t\t\t<div class=\"elementor-widget-wrap elementor-element-populated\">\n\t\t\t\t\t\t<div class=\"elementor-element elementor-element-32add77 elementor-widget elementor-widget-heading\" data-id=\"32add77\" data-element_type=\"widget\" data-widget_type=\"heading.default\">\n\t\t\t\t<div class=\"elementor-widget-container\">\n\t\t\t\t\t<h2 class=\"elementor-heading-title elementor-size-default\">Participar de uma peregrina\u00e7\u00e3o<\/h2>\t\t\t\t<\/div>\n\t\t\t\t<\/div>\n\t\t\t\t<div class=\"elementor-element elementor-element-28881ec elementor-widget elementor-widget-shortcode\" data-id=\"28881ec\" data-element_type=\"widget\" data-widget_type=\"shortcode.default\">\n\t\t\t\t<div class=\"elementor-widget-container\">\n\t\t\t\t\t\t\t<div class=\"elementor-shortcode\"><div id=\"pelerinage-rejoindre-form-search\"><div><input type=\"text\" name=\"nom\" class=\"js-nom\" placeholder=\"Find a pilgrimage\" value=\"\" \/><\/div><\/div>\n        <div id=\"pelerinage-rejoindre-content\">\n            <div id=\"pelerinage-rejoindre-liste\"><\/div>\n            <form id=\"pelerinage-rejoindre-form-contact\" action=\"\" method=\"post\">\n                <section>\n                    <input type=\"hidden\" name=\"to\" value=\"\">\n                    <div>\n                        <label for=\"nom\">Lastname :<\/label>\n                        <input type=\"text\" name=\"nom\" id=\"nom\" required>\n                    <\/div>\n                    <div>\n                        <label for=\"prenom\">Firstname :<\/label>\n                        <input type=\"text\" name=\"prenom\" id=\"prenom\" required>\n                    <\/div>\n                    <div>\n                        <label for=\"email\">Email :<\/label>\n                        <input type=\"email\" name=\"email\" id=\"email\" required>\n                    <\/div>\n                <\/section>\n                <section>\n                    <div>\n                        <label for=\"message\">Message :<\/label>\n                        <textarea name=\"message\" id=\"message\" cols=\"30\" rows=\"5\" required><\/textarea>\n                    <\/div>\n                    <div>\n                        <input type=\"submit\" value=\"Send\">\n                        <span id=\"pelerinage-rejoindre-feedback\"><\/span>\n                    <\/div>\n                <\/section>\n            <\/form>\n        <\/div>\n        <\/div>\n\t\t\t\t\t\t<\/div>\n\t\t\t\t<\/div>\n\t\t\t\t<div class=\"elementor-element elementor-element-50f4d7b elementor-widget elementor-widget-text-editor\" data-id=\"50f4d7b\" data-element_type=\"widget\" data-widget_type=\"text-editor.default\">\n\t\t\t\t<div class=\"elementor-widget-container\">\n\t\t\t\t\t\t\t\t\t<p><em>Informe quaisquer erros ou omiss\u00f5es a este <a style=\"color: white; text-decoration: underline;\" href=\"mailto:pauline.broque@lourdes-france.com\">endere\u00e7o<\/a><\/em><\/p>\t\t\t\t\t\t\t\t<\/div>\n\t\t\t\t<\/div>\n\t\t\t\t\t<\/div>\n\t\t<\/div>\n\t\t\t\t\t<\/div>\n\t\t<\/section>\n\t\t\t\t<\/div>\n\t\t","protected":false},"excerpt":{"rendered":"<p>Participar de uma peregrina\u00e7\u00e3o Informe quaisquer erros ou omiss\u00f5es a este endere\u00e7o<\/p>\n","protected":false},"author":1,"featured_media":0,"parent":0,"menu_order":0,"comment_status":"closed","ping_status":"closed","template":"","meta":{"_acf_changed":false,"footnotes":""},"class_list":["post-806963","page","type-page","status-publish","hentry"],"acf":[],"yoast_head":"<!-- This site is optimized with the Yoast SEO Premium plugin v24.0 (Yoast SEO v26.3) - https:\/\/yoast.com\/wordpress\/plugins\/seo\/ -->\n<title>Participar de uma peregrina\u00e7\u00e3o - Vivre le p\u00e8lerinage de Lourdes<\/title>\n<meta name=\"description\" content=\"Rejoindre un p\u00e8lerinage pr\u00e8s de chez moi\" \/>\n<meta name=\"robots\" content=\"index, follow, max-snippet:-1, max-image-preview:large, max-video-preview:-1\" \/>\n<link rel=\"canonical\" href=\"https:\/\/www.lourdes-france.com\/pt-br\/participar-de-uma-peregrinacao\/\" \/>\n<meta property=\"og:locale\" content=\"pt_BR\" \/>\n<meta property=\"og:type\" content=\"article\" \/>\n<meta property=\"og:title\" content=\"Participar de uma peregrina\u00e7\u00e3o\" \/>\n<meta property=\"og:description\" content=\"Rejoindre un p\u00e8lerinage pr\u00e8s de chez moi\" \/>\n<meta property=\"og:url\" content=\"https:\/\/www.lourdes-france.com\/pt-br\/participar-de-uma-peregrinacao\/\" \/>\n<meta property=\"og:site_name\" content=\"Vivre le p\u00e8lerinage de Lourdes\" \/>\n<meta property=\"article:modified_time\" content=\"2025-10-08T13:29:19+00:00\" \/>\n<meta name=\"twitter:card\" content=\"summary_large_image\" \/>\n<meta name=\"twitter:label1\" content=\"Est. tempo de leitura\" \/>\n\t<meta name=\"twitter:data1\" content=\"1 minuto\" \/>\n<script type=\"application\/ld+json\" class=\"yoast-schema-graph\">{\"@context\":\"https:\/\/schema.org\",\"@graph\":[{\"@type\":\"WebPage\",\"@id\":\"https:\/\/www.lourdes-france.com\/pt-br\/participar-de-uma-peregrinacao\/\",\"url\":\"https:\/\/www.lourdes-france.com\/pt-br\/participar-de-uma-peregrinacao\/\",\"name\":\"Participar de uma peregrina\u00e7\u00e3o - Vivre le p\u00e8lerinage de Lourdes\",\"isPartOf\":{\"@id\":\"https:\/\/www.lourdes-france.com\/pt-br\/#website\"},\"datePublished\":\"2021-11-12T14:39:11+00:00\",\"dateModified\":\"2025-10-08T13:29:19+00:00\",\"description\":\"Rejoindre un p\u00e8lerinage pr\u00e8s de chez moi\",\"breadcrumb\":{\"@id\":\"https:\/\/www.lourdes-france.com\/pt-br\/participar-de-uma-peregrinacao\/#breadcrumb\"},\"inLanguage\":\"pt-BR\",\"potentialAction\":[{\"@type\":\"ReadAction\",\"target\":[\"https:\/\/www.lourdes-france.com\/pt-br\/participar-de-uma-peregrinacao\/\"]}]},{\"@type\":\"BreadcrumbList\",\"@id\":\"https:\/\/www.lourdes-france.com\/pt-br\/participar-de-uma-peregrinacao\/#breadcrumb\",\"itemListElement\":[{\"@type\":\"ListItem\",\"position\":1,\"name\":\"Accueil\",\"item\":\"https:\/\/www.lourdes-france.com\/pt-br\/\"},{\"@type\":\"ListItem\",\"position\":2,\"name\":\"Participar de uma peregrina\u00e7\u00e3o\"}]},{\"@type\":\"WebSite\",\"@id\":\"https:\/\/www.lourdes-france.com\/pt-br\/#website\",\"url\":\"https:\/\/www.lourdes-france.com\/pt-br\/\",\"name\":\"Sanctuaire Notre-Dame de Lourdes\",\"description\":\"\",\"publisher\":{\"@id\":\"https:\/\/www.lourdes-france.com\/pt-br\/#organization\"},\"potentialAction\":[{\"@type\":\"SearchAction\",\"target\":{\"@type\":\"EntryPoint\",\"urlTemplate\":\"https:\/\/www.lourdes-france.com\/pt-br\/?s={search_term_string}\"},\"query-input\":{\"@type\":\"PropertyValueSpecification\",\"valueRequired\":true,\"valueName\":\"search_term_string\"}}],\"inLanguage\":\"pt-BR\"},{\"@type\":\"Organization\",\"@id\":\"https:\/\/www.lourdes-france.com\/pt-br\/#organization\",\"name\":\"Sanctuaire Notre-Dame de Lourdes\",\"url\":\"https:\/\/www.lourdes-france.com\/pt-br\/\",\"logo\":{\"@type\":\"ImageObject\",\"inLanguage\":\"pt-BR\",\"@id\":\"https:\/\/www.lourdes-france.com\/pt-br\/#\/schema\/logo\/image\/\",\"url\":\"https:\/\/www.lourdes-france.com\/wp-content\/uploads\/2021\/11\/logo-small.png\",\"contentUrl\":\"https:\/\/www.lourdes-france.com\/wp-content\/uploads\/2021\/11\/logo-small.png\",\"width\":834,\"height\":521,\"caption\":\"Sanctuaire Notre-Dame de Lourdes\"},\"image\":{\"@id\":\"https:\/\/www.lourdes-france.com\/pt-br\/#\/schema\/logo\/image\/\"}}]}<\/script>\n<!-- \/ Yoast SEO Premium plugin. -->","yoast_head_json":{"title":"Participar de uma peregrina\u00e7\u00e3o - Vivre le p\u00e8lerinage de Lourdes","description":"Rejoindre un p\u00e8lerinage pr\u00e8s de chez moi","robots":{"index":"index","follow":"follow","max-snippet":"max-snippet:-1","max-image-preview":"max-image-preview:large","max-video-preview":"max-video-preview:-1"},"canonical":"https:\/\/www.lourdes-france.com\/pt-br\/participar-de-uma-peregrinacao\/","og_locale":"pt_BR","og_type":"article","og_title":"Participar de uma peregrina\u00e7\u00e3o","og_description":"Rejoindre un p\u00e8lerinage pr\u00e8s de chez moi","og_url":"https:\/\/www.lourdes-france.com\/pt-br\/participar-de-uma-peregrinacao\/","og_site_name":"Vivre le p\u00e8lerinage de Lourdes","article_modified_time":"2025-10-08T13:29:19+00:00","twitter_card":"summary_large_image","twitter_misc":{"Est. tempo de leitura":"1 minuto"},"schema":{"@context":"https:\/\/schema.org","@graph":[{"@type":"WebPage","@id":"https:\/\/www.lourdes-france.com\/pt-br\/participar-de-uma-peregrinacao\/","url":"https:\/\/www.lourdes-france.com\/pt-br\/participar-de-uma-peregrinacao\/","name":"Participar de uma peregrina\u00e7\u00e3o - Vivre le p\u00e8lerinage de Lourdes","isPartOf":{"@id":"https:\/\/www.lourdes-france.com\/pt-br\/#website"},"datePublished":"2021-11-12T14:39:11+00:00","dateModified":"2025-10-08T13:29:19+00:00","description":"Rejoindre un p\u00e8lerinage pr\u00e8s de chez moi","breadcrumb":{"@id":"https:\/\/www.lourdes-france.com\/pt-br\/participar-de-uma-peregrinacao\/#breadcrumb"},"inLanguage":"pt-BR","potentialAction":[{"@type":"ReadAction","target":["https:\/\/www.lourdes-france.com\/pt-br\/participar-de-uma-peregrinacao\/"]}]},{"@type":"BreadcrumbList","@id":"https:\/\/www.lourdes-france.com\/pt-br\/participar-de-uma-peregrinacao\/#breadcrumb","itemListElement":[{"@type":"ListItem","position":1,"name":"Accueil","item":"https:\/\/www.lourdes-france.com\/pt-br\/"},{"@type":"ListItem","position":2,"name":"Participar de uma peregrina\u00e7\u00e3o"}]},{"@type":"WebSite","@id":"https:\/\/www.lourdes-france.com\/pt-br\/#website","url":"https:\/\/www.lourdes-france.com\/pt-br\/","name":"Sanctuaire Notre-Dame de Lourdes","description":"","publisher":{"@id":"https:\/\/www.lourdes-france.com\/pt-br\/#organization"},"potentialAction":[{"@type":"SearchAction","target":{"@type":"EntryPoint","urlTemplate":"https:\/\/www.lourdes-france.com\/pt-br\/?s={search_term_string}"},"query-input":{"@type":"PropertyValueSpecification","valueRequired":true,"valueName":"search_term_string"}}],"inLanguage":"pt-BR"},{"@type":"Organization","@id":"https:\/\/www.lourdes-france.com\/pt-br\/#organization","name":"Sanctuaire Notre-Dame de Lourdes","url":"https:\/\/www.lourdes-france.com\/pt-br\/","logo":{"@type":"ImageObject","inLanguage":"pt-BR","@id":"https:\/\/www.lourdes-france.com\/pt-br\/#\/schema\/logo\/image\/","url":"https:\/\/www.lourdes-france.com\/wp-content\/uploads\/2021\/11\/logo-small.png","contentUrl":"https:\/\/www.lourdes-france.com\/wp-content\/uploads\/2021\/11\/logo-small.png","width":834,"height":521,"caption":"Sanctuaire Notre-Dame de Lourdes"},"image":{"@id":"https:\/\/www.lourdes-france.com\/pt-br\/#\/schema\/logo\/image\/"}}]}},"_links":{"self":[{"href":"https:\/\/www.lourdes-france.com\/pt-br\/wp-json\/wp\/v2\/pages\/806963","targetHints":{"allow":["GET"]}}],"collection":[{"href":"https:\/\/www.lourdes-france.com\/pt-br\/wp-json\/wp\/v2\/pages"}],"about":[{"href":"https:\/\/www.lourdes-france.com\/pt-br\/wp-json\/wp\/v2\/types\/page"}],"author":[{"embeddable":true,"href":"https:\/\/www.lourdes-france.com\/pt-br\/wp-json\/wp\/v2\/users\/1"}],"replies":[{"embeddable":true,"href":"https:\/\/www.lourdes-france.com\/pt-br\/wp-json\/wp\/v2\/comments?post=806963"}],"version-history":[{"count":3,"href":"https:\/\/www.lourdes-france.com\/pt-br\/wp-json\/wp\/v2\/pages\/806963\/revisions"}],"predecessor-version":[{"id":863437,"href":"https:\/\/www.lourdes-france.com\/pt-br\/wp-json\/wp\/v2\/pages\/806963\/revisions\/863437"}],"wp:attachment":[{"href":"https:\/\/www.lourdes-france.com\/pt-br\/wp-json\/wp\/v2\/media?parent=806963"}],"curies":[{"name":"wp","href":"https:\/\/api.w.org\/{rel}","templated":true}]}}