{"id":806717,"date":"2021-11-12T15:00:27","date_gmt":"2021-11-12T14:00:27","guid":{"rendered":"https:\/\/www.lourdes-france.com\/reconnaissance-des-apparitions\/"},"modified":"2023-06-26T11:50:01","modified_gmt":"2023-06-26T09:50:01","slug":"o-reconhecimento-das-aparicoes","status":"publish","type":"page","link":"https:\/\/www.lourdes-france.com\/pt-br\/o-reconhecimento-das-aparicoes\/","title":{"rendered":"<strong>O Reconhecimento das apari\u00e7\u00f5es<\/strong>"},"content":{"rendered":"\t\t<div data-elementor-type=\"wp-page\" data-elementor-id=\"806717\" class=\"elementor elementor-806717 elementor-3309\" data-elementor-post-type=\"page\">\n\t\t\t\t\t\t<section class=\"elementor-section elementor-top-section elementor-element elementor-element-168bd0d elementor-section-stretched elementor-section-boxed elementor-section-height-default elementor-section-height-default\" data-id=\"168bd0d\" data-element_type=\"section\" data-settings=\"{&quot;background_background&quot;:&quot;classic&quot;,&quot;stretch_section&quot;:&quot;section-stretched&quot;}\">\n\t\t\t\t\t\t<div class=\"elementor-container elementor-column-gap-no\">\n\t\t\t\t\t<div class=\"elementor-column elementor-col-100 elementor-top-column elementor-element elementor-element-3d535fc\" data-id=\"3d535fc\" data-element_type=\"column\">\n\t\t\t<div class=\"elementor-widget-wrap elementor-element-populated\">\n\t\t\t\t\t\t<div class=\"elementor-element elementor-element-3391a94 elementor-blockquote--skin-quotation elementor-widget elementor-widget-blockquote\" data-id=\"3391a94\" data-element_type=\"widget\" data-widget_type=\"blockquote.default\">\n\t\t\t\t<div class=\"elementor-widget-container\">\n\t\t\t\t\t\t\t<blockquote class=\"elementor-blockquote\">\n\t\t\t<p class=\"elementor-blockquote__content\">\n\t\t\t\tEm 28 de julho de 1858, o Bispo de Lourdes lan\u00e7ou uma comiss\u00e3o de inqu\u00e9rito sobre as ainda supostas apari\u00e7\u00f5es da Virgem Maria na Gruta de Massabielle: seu trabalho duraria quatro anos para levar ao Mandato de reconhecimento das apari\u00e7\u00f5es, em janeiro 18 1862.\n\t\t\t<\/p>\n\t\t\t\t\t<\/blockquote>\n\t\t\t\t\t\t<\/div>\n\t\t\t\t<\/div>\n\t\t\t\t\t<\/div>\n\t\t<\/div>\n\t\t\t\t\t<\/div>\n\t\t<\/section>\n\t\t\t\t<section class=\"elementor-section elementor-top-section elementor-element elementor-element-82b3686 elementor-section-boxed elementor-section-height-default elementor-section-height-default\" data-id=\"82b3686\" data-element_type=\"section\">\n\t\t\t\t\t\t<div class=\"elementor-container elementor-column-gap-default\">\n\t\t\t\t\t<div class=\"elementor-column elementor-col-100 elementor-top-column elementor-element elementor-element-91a59e5\" data-id=\"91a59e5\" data-element_type=\"column\">\n\t\t\t<div class=\"elementor-widget-wrap elementor-element-populated\">\n\t\t\t\t\t\t<div class=\"elementor-element elementor-element-763fa99 elementor-widget elementor-widget-spacer\" data-id=\"763fa99\" data-element_type=\"widget\" data-widget_type=\"spacer.default\">\n\t\t\t\t<div class=\"elementor-widget-container\">\n\t\t\t\t\t\t\t<div class=\"elementor-spacer\">\n\t\t\t<div class=\"elementor-spacer-inner\"><\/div>\n\t\t<\/div>\n\t\t\t\t\t\t<\/div>\n\t\t\t\t<\/div>\n\t\t\t\t<div class=\"elementor-element elementor-element-d8b5168 elementor-widget elementor-widget-text-editor\" data-id=\"d8b5168\" data-element_type=\"widget\" data-widget_type=\"text-editor.default\">\n\t\t\t\t<div class=\"elementor-widget-container\">\n\t\t\t\t\t\t\t\t\t<p>O reconhecimento oficial das apari\u00e7\u00f5es de Lourdes pela Igreja baseia-se no testemunho decisivo de Bernadette Soubirous e num minucioso trabalho de investiga\u00e7\u00e3o e discernimento, em ora\u00e7\u00e3o<\/p>\n<p>No Santu\u00e1rio de Lourdes, ao entrar na Bas\u00edlica da Imaculada Concei\u00e7\u00e3o, no corredor direito, pode-se ler gravada em m\u00e1rmore a declara\u00e7\u00e3o solene do Bispo das Apari\u00e7\u00f5es, Dom Laurence: \u201cJulgamos que a Imaculada Maria, M\u00e3e de Deus, realmente apareceu a Bernadette Soubirous, em 11 de fevereiro de 1858 e nos dias seguintes, dezoito vezes ao todo, na gruta de Massabielle, perto da cidade de Lourdes; que essa apari\u00e7\u00e3o assume todas as caracter\u00edsticas da verdade, e que os fi\u00e9is est\u00e3o justificados em acreditar nela com certeza. Submetemos humildemente nosso julgamento ao julgamento do Soberano Pont\u00edfice, a quem compete governar a Igreja universal\u201d. Esta declara\u00e7\u00e3o do Bispo de Tarbes \u00e9 crucial: quatro anos depois das apari\u00e7\u00f5es, em 18 de janeiro de 1862, ele as reconheceu como aut\u00eanticas em nome da Igreja.<\/p>\n<p>Dom Laurence n\u00e3o deixou que as coisas se arrastassem: as 18 apari\u00e7\u00f5es aconteceram de 11 de fevereiro a 16 de julho de 1858, e em 28 de julho constituiu uma Comiss\u00e3o de Inqu\u00e9rito &#8220;para recolher e apurar os fatos ocorridos ou que ainda possam ocorrer no gruta de Lourdes ou por ocasi\u00e3o; para no-las indicar, dar-nos a conhecer o seu car\u00e1cter, e assim fornecer-nos os elementos essenciais para chegar a uma solu\u00e7\u00e3o\u201d.<\/p>\n<p>A Comiss\u00e3o devia pesquisar as curas devido ao uso da \u00e1gua da Gruta. Essa \u00e1gua \u00e9 natural ou sobrenatural? As vis\u00f5es de Bernadette s\u00e3o reais? Se sim, elas t\u00eam um car\u00e1ter divino? O objeto que apareceu fez exig\u00eancias \u00e0 crian\u00e7a? Quais? A fonte da gruta existia antes da vis\u00e3o que Bernadette afirma ter tido? O Bispo destacou no seu despacho que estabelece a comiss\u00e3o sobre a gravidade dos trabalhos a realizar: investiga\u00e7\u00e3o para apurar os fatos, interrogat\u00f3rio de testemunhas, consulta de homens de ci\u00eancia, em particular os m\u00e9dicos que antes trataram os doentes sua recupera\u00e7\u00e3o, mas tamb\u00e9m homens versados \u200b\u200bnas ci\u00eancias da f\u00edsica, qu\u00edmica, geologia: &#8220;A Comiss\u00e3o n\u00e3o deve negligenciar nada para cercar-se de esclarecimentos e chegar \u00e0 verdade, seja ela qual for&#8221;.<\/p>\n<p>Por quase quatro anos a Comiss\u00e3o investigou, interrogou Bernadette, e o Bispo deu sua conclus\u00e3o em sua famosa carta de 18 de janeiro de 1862 \u201cdeclarando julgamento sobre a Apari\u00e7\u00e3o que ocorreu na Gruta de Lourdes\u201d.<\/p>\n<p>Depois de um relato descrevendo as apari\u00e7\u00f5es, o Bispo explica a s\u00e1bia lentid\u00e3o que a Igreja tem na aprecia\u00e7\u00e3o dos fatos sobrenaturais: pede certas provas, antes de as admitir e de as proclamar divinas, porque o dem\u00f3nio pode enganar o homem disfar\u00e7ando-se de um anjo de luz: &#8220;Fomos inspirados pela Comiss\u00e3o, formada por sacerdotes s\u00e1bios, piedosos, educados, experientes, que questionaram a crian\u00e7a, estudaram os fatos, examinaram tudo, pesaram tudo. Invocamos tamb\u00e9m a autoridade da ci\u00eancia e ficamos convencidos de que a Apari\u00e7\u00e3o \u00e9 sobrenatural e divina e que, portanto, o que Bernadette viu foi a Sant\u00edssima Virgem. Nossa convic\u00e7\u00e3o se formou no testemunho de Bernadette, mas sobretudo nos fatos ocorridos e que s\u00f3 podem ser explicados pela interven\u00e7\u00e3o divina.<\/p>\t\t\t\t\t\t\t\t<\/div>\n\t\t\t\t<\/div>\n\t\t\t\t\t<\/div>\n\t\t<\/div>\n\t\t\t\t\t<\/div>\n\t\t<\/section>\n\t\t\t\t<\/div>\n\t\t","protected":false},"excerpt":{"rendered":"<p>Em 28 de julho de 1858, o Bispo de Lourdes lan\u00e7ou uma comiss\u00e3o de inqu\u00e9rito sobre as ainda supostas apari\u00e7\u00f5es da Virgem Maria na Gruta de Massabielle: seu trabalho duraria quatro anos para levar ao Mandato de reconhecimento das apari\u00e7\u00f5es, &hellip; <a href=\"https:\/\/www.lourdes-france.com\/pt-br\/o-reconhecimento-das-aparicoes\/\">Conte\u00fado<\/a><\/p>\n","protected":false},"author":2,"featured_media":800843,"parent":0,"menu_order":0,"comment_status":"closed","ping_status":"closed","template":"","meta":{"_acf_changed":false,"footnotes":""},"class_list":["post-806717","page","type-page","status-publish","has-post-thumbnail","hentry"],"acf":[],"yoast_head":"<!-- This site is optimized with the Yoast SEO Premium plugin v24.0 (Yoast SEO v26.3) - https:\/\/yoast.com\/wordpress\/plugins\/seo\/ -->\n<title>Reconnaissance officielle - Apparitions de Lourdes<\/title>\n<meta name=\"description\" content=\"En 1858, l\u2019\u00e9v\u00eaque de Lourdes lance une commission. Il publie le mandement de reconnaissance officielle le 18 janvier 1862.\" \/>\n<meta name=\"robots\" content=\"index, follow, max-snippet:-1, max-image-preview:large, max-video-preview:-1\" \/>\n<link rel=\"canonical\" href=\"https:\/\/www.lourdes-france.com\/pt-br\/o-reconhecimento-das-aparicoes\/\" \/>\n<meta property=\"og:locale\" content=\"pt_BR\" \/>\n<meta property=\"og:type\" content=\"article\" \/>\n<meta property=\"og:title\" content=\"O Reconhecimento das apari\u00e7\u00f5es\" \/>\n<meta property=\"og:description\" content=\"En 1858, l\u2019\u00e9v\u00eaque de Lourdes lance une commission. Il publie le mandement de reconnaissance officielle le 18 janvier 1862.\" \/>\n<meta property=\"og:url\" content=\"https:\/\/www.lourdes-france.com\/pt-br\/o-reconhecimento-das-aparicoes\/\" \/>\n<meta property=\"og:site_name\" content=\"Vivre le p\u00e8lerinage de Lourdes\" \/>\n<meta property=\"article:modified_time\" content=\"2023-06-26T09:50:01+00:00\" \/>\n<meta property=\"og:image\" content=\"https:\/\/www.lourdes-france.com\/wp-content\/uploads\/2021\/11\/mandement_mise-en-avant.jpg\" \/>\n\t<meta property=\"og:image:width\" content=\"2362\" \/>\n\t<meta property=\"og:image:height\" content=\"1507\" \/>\n\t<meta property=\"og:image:type\" content=\"image\/jpeg\" \/>\n<meta name=\"twitter:card\" content=\"summary_large_image\" \/>\n<meta name=\"twitter:label1\" content=\"Est. tempo de leitura\" \/>\n\t<meta name=\"twitter:data1\" content=\"4 minutos\" \/>\n<script type=\"application\/ld+json\" class=\"yoast-schema-graph\">{\"@context\":\"https:\/\/schema.org\",\"@graph\":[{\"@type\":\"WebPage\",\"@id\":\"https:\/\/www.lourdes-france.com\/pt-br\/o-reconhecimento-das-aparicoes\/\",\"url\":\"https:\/\/www.lourdes-france.com\/pt-br\/o-reconhecimento-das-aparicoes\/\",\"name\":\"Reconnaissance officielle - Apparitions de Lourdes\",\"isPartOf\":{\"@id\":\"https:\/\/www.lourdes-france.com\/pt-br\/#website\"},\"primaryImageOfPage\":{\"@id\":\"https:\/\/www.lourdes-france.com\/pt-br\/o-reconhecimento-das-aparicoes\/#primaryimage\"},\"image\":{\"@id\":\"https:\/\/www.lourdes-france.com\/pt-br\/o-reconhecimento-das-aparicoes\/#primaryimage\"},\"thumbnailUrl\":\"https:\/\/www.lourdes-france.com\/wp-content\/uploads\/2021\/11\/mandement_mise-en-avant.jpg\",\"datePublished\":\"2021-11-12T14:00:27+00:00\",\"dateModified\":\"2023-06-26T09:50:01+00:00\",\"description\":\"En 1858, l\u2019\u00e9v\u00eaque de Lourdes lance une commission. Il publie le mandement de reconnaissance officielle le 18 janvier 1862.\",\"breadcrumb\":{\"@id\":\"https:\/\/www.lourdes-france.com\/pt-br\/o-reconhecimento-das-aparicoes\/#breadcrumb\"},\"inLanguage\":\"pt-BR\",\"potentialAction\":[{\"@type\":\"ReadAction\",\"target\":[\"https:\/\/www.lourdes-france.com\/pt-br\/o-reconhecimento-das-aparicoes\/\"]}]},{\"@type\":\"ImageObject\",\"inLanguage\":\"pt-BR\",\"@id\":\"https:\/\/www.lourdes-france.com\/pt-br\/o-reconhecimento-das-aparicoes\/#primaryimage\",\"url\":\"https:\/\/www.lourdes-france.com\/wp-content\/uploads\/2021\/11\/mandement_mise-en-avant.jpg\",\"contentUrl\":\"https:\/\/www.lourdes-france.com\/wp-content\/uploads\/2021\/11\/mandement_mise-en-avant.jpg\",\"width\":2362,\"height\":1507,\"caption\":\"Reconnaissance officielle des apparitions\"},{\"@type\":\"BreadcrumbList\",\"@id\":\"https:\/\/www.lourdes-france.com\/pt-br\/o-reconhecimento-das-aparicoes\/#breadcrumb\",\"itemListElement\":[{\"@type\":\"ListItem\",\"position\":1,\"name\":\"Accueil\",\"item\":\"https:\/\/www.lourdes-france.com\/pt-br\/\"},{\"@type\":\"ListItem\",\"position\":2,\"name\":\"O Reconhecimento das apari\u00e7\u00f5es\"}]},{\"@type\":\"WebSite\",\"@id\":\"https:\/\/www.lourdes-france.com\/pt-br\/#website\",\"url\":\"https:\/\/www.lourdes-france.com\/pt-br\/\",\"name\":\"Sanctuaire Notre-Dame de Lourdes\",\"description\":\"\",\"publisher\":{\"@id\":\"https:\/\/www.lourdes-france.com\/pt-br\/#organization\"},\"potentialAction\":[{\"@type\":\"SearchAction\",\"target\":{\"@type\":\"EntryPoint\",\"urlTemplate\":\"https:\/\/www.lourdes-france.com\/pt-br\/?s={search_term_string}\"},\"query-input\":{\"@type\":\"PropertyValueSpecification\",\"valueRequired\":true,\"valueName\":\"search_term_string\"}}],\"inLanguage\":\"pt-BR\"},{\"@type\":\"Organization\",\"@id\":\"https:\/\/www.lourdes-france.com\/pt-br\/#organization\",\"name\":\"Sanctuaire Notre-Dame de Lourdes\",\"url\":\"https:\/\/www.lourdes-france.com\/pt-br\/\",\"logo\":{\"@type\":\"ImageObject\",\"inLanguage\":\"pt-BR\",\"@id\":\"https:\/\/www.lourdes-france.com\/pt-br\/#\/schema\/logo\/image\/\",\"url\":\"https:\/\/www.lourdes-france.com\/wp-content\/uploads\/2021\/11\/logo-small.png\",\"contentUrl\":\"https:\/\/www.lourdes-france.com\/wp-content\/uploads\/2021\/11\/logo-small.png\",\"width\":834,\"height\":521,\"caption\":\"Sanctuaire Notre-Dame de Lourdes\"},\"image\":{\"@id\":\"https:\/\/www.lourdes-france.com\/pt-br\/#\/schema\/logo\/image\/\"}}]}<\/script>\n<!-- \/ Yoast SEO Premium plugin. -->","yoast_head_json":{"title":"Reconnaissance officielle - Apparitions de Lourdes","description":"En 1858, l\u2019\u00e9v\u00eaque de Lourdes lance une commission. Il publie le mandement de reconnaissance officielle le 18 janvier 1862.","robots":{"index":"index","follow":"follow","max-snippet":"max-snippet:-1","max-image-preview":"max-image-preview:large","max-video-preview":"max-video-preview:-1"},"canonical":"https:\/\/www.lourdes-france.com\/pt-br\/o-reconhecimento-das-aparicoes\/","og_locale":"pt_BR","og_type":"article","og_title":"O Reconhecimento das apari\u00e7\u00f5es","og_description":"En 1858, l\u2019\u00e9v\u00eaque de Lourdes lance une commission. Il publie le mandement de reconnaissance officielle le 18 janvier 1862.","og_url":"https:\/\/www.lourdes-france.com\/pt-br\/o-reconhecimento-das-aparicoes\/","og_site_name":"Vivre le p\u00e8lerinage de Lourdes","article_modified_time":"2023-06-26T09:50:01+00:00","og_image":[{"width":2362,"height":1507,"url":"https:\/\/www.lourdes-france.com\/wp-content\/uploads\/2021\/11\/mandement_mise-en-avant.jpg","type":"image\/jpeg"}],"twitter_card":"summary_large_image","twitter_misc":{"Est. tempo de leitura":"4 minutos"},"schema":{"@context":"https:\/\/schema.org","@graph":[{"@type":"WebPage","@id":"https:\/\/www.lourdes-france.com\/pt-br\/o-reconhecimento-das-aparicoes\/","url":"https:\/\/www.lourdes-france.com\/pt-br\/o-reconhecimento-das-aparicoes\/","name":"Reconnaissance officielle - Apparitions de Lourdes","isPartOf":{"@id":"https:\/\/www.lourdes-france.com\/pt-br\/#website"},"primaryImageOfPage":{"@id":"https:\/\/www.lourdes-france.com\/pt-br\/o-reconhecimento-das-aparicoes\/#primaryimage"},"image":{"@id":"https:\/\/www.lourdes-france.com\/pt-br\/o-reconhecimento-das-aparicoes\/#primaryimage"},"thumbnailUrl":"https:\/\/www.lourdes-france.com\/wp-content\/uploads\/2021\/11\/mandement_mise-en-avant.jpg","datePublished":"2021-11-12T14:00:27+00:00","dateModified":"2023-06-26T09:50:01+00:00","description":"En 1858, l\u2019\u00e9v\u00eaque de Lourdes lance une commission. Il publie le mandement de reconnaissance officielle le 18 janvier 1862.","breadcrumb":{"@id":"https:\/\/www.lourdes-france.com\/pt-br\/o-reconhecimento-das-aparicoes\/#breadcrumb"},"inLanguage":"pt-BR","potentialAction":[{"@type":"ReadAction","target":["https:\/\/www.lourdes-france.com\/pt-br\/o-reconhecimento-das-aparicoes\/"]}]},{"@type":"ImageObject","inLanguage":"pt-BR","@id":"https:\/\/www.lourdes-france.com\/pt-br\/o-reconhecimento-das-aparicoes\/#primaryimage","url":"https:\/\/www.lourdes-france.com\/wp-content\/uploads\/2021\/11\/mandement_mise-en-avant.jpg","contentUrl":"https:\/\/www.lourdes-france.com\/wp-content\/uploads\/2021\/11\/mandement_mise-en-avant.jpg","width":2362,"height":1507,"caption":"Reconnaissance officielle des apparitions"},{"@type":"BreadcrumbList","@id":"https:\/\/www.lourdes-france.com\/pt-br\/o-reconhecimento-das-aparicoes\/#breadcrumb","itemListElement":[{"@type":"ListItem","position":1,"name":"Accueil","item":"https:\/\/www.lourdes-france.com\/pt-br\/"},{"@type":"ListItem","position":2,"name":"O Reconhecimento das apari\u00e7\u00f5es"}]},{"@type":"WebSite","@id":"https:\/\/www.lourdes-france.com\/pt-br\/#website","url":"https:\/\/www.lourdes-france.com\/pt-br\/","name":"Sanctuaire Notre-Dame de Lourdes","description":"","publisher":{"@id":"https:\/\/www.lourdes-france.com\/pt-br\/#organization"},"potentialAction":[{"@type":"SearchAction","target":{"@type":"EntryPoint","urlTemplate":"https:\/\/www.lourdes-france.com\/pt-br\/?s={search_term_string}"},"query-input":{"@type":"PropertyValueSpecification","valueRequired":true,"valueName":"search_term_string"}}],"inLanguage":"pt-BR"},{"@type":"Organization","@id":"https:\/\/www.lourdes-france.com\/pt-br\/#organization","name":"Sanctuaire Notre-Dame de Lourdes","url":"https:\/\/www.lourdes-france.com\/pt-br\/","logo":{"@type":"ImageObject","inLanguage":"pt-BR","@id":"https:\/\/www.lourdes-france.com\/pt-br\/#\/schema\/logo\/image\/","url":"https:\/\/www.lourdes-france.com\/wp-content\/uploads\/2021\/11\/logo-small.png","contentUrl":"https:\/\/www.lourdes-france.com\/wp-content\/uploads\/2021\/11\/logo-small.png","width":834,"height":521,"caption":"Sanctuaire Notre-Dame de Lourdes"},"image":{"@id":"https:\/\/www.lourdes-france.com\/pt-br\/#\/schema\/logo\/image\/"}}]}},"_links":{"self":[{"href":"https:\/\/www.lourdes-france.com\/pt-br\/wp-json\/wp\/v2\/pages\/806717","targetHints":{"allow":["GET"]}}],"collection":[{"href":"https:\/\/www.lourdes-france.com\/pt-br\/wp-json\/wp\/v2\/pages"}],"about":[{"href":"https:\/\/www.lourdes-france.com\/pt-br\/wp-json\/wp\/v2\/types\/page"}],"author":[{"embeddable":true,"href":"https:\/\/www.lourdes-france.com\/pt-br\/wp-json\/wp\/v2\/users\/2"}],"replies":[{"embeddable":true,"href":"https:\/\/www.lourdes-france.com\/pt-br\/wp-json\/wp\/v2\/comments?post=806717"}],"version-history":[{"count":0,"href":"https:\/\/www.lourdes-france.com\/pt-br\/wp-json\/wp\/v2\/pages\/806717\/revisions"}],"wp:featuredmedia":[{"embeddable":true,"href":"https:\/\/www.lourdes-france.com\/pt-br\/wp-json\/wp\/v2\/media\/800843"}],"wp:attachment":[{"href":"https:\/\/www.lourdes-france.com\/pt-br\/wp-json\/wp\/v2\/media?parent=806717"}],"curies":[{"name":"wp","href":"https:\/\/api.w.org\/{rel}","templated":true}]}}