{"id":806667,"date":"2021-11-12T14:41:13","date_gmt":"2021-11-12T13:41:13","guid":{"rendered":"https:\/\/www.lourdes-france.com\/les-apparitions-de-lourdes\/"},"modified":"2024-04-23T16:03:29","modified_gmt":"2024-04-23T14:03:29","slug":"as-aparicoes","status":"publish","type":"page","link":"https:\/\/www.lourdes-france.com\/pt-br\/as-aparicoes\/","title":{"rendered":"As apari\u00e7\u00f5es"},"content":{"rendered":"\t\t<div data-elementor-type=\"wp-page\" data-elementor-id=\"806667\" class=\"elementor elementor-806667 elementor-3294\" data-elementor-post-type=\"page\">\n\t\t\t\t\t\t<section class=\"elementor-section elementor-top-section elementor-element elementor-element-f6bfdb0 elementor-section-boxed elementor-section-height-default elementor-section-height-default\" data-id=\"f6bfdb0\" data-element_type=\"section\">\n\t\t\t\t\t\t<div class=\"elementor-container elementor-column-gap-default\">\n\t\t\t\t\t<div class=\"elementor-column elementor-col-100 elementor-top-column elementor-element elementor-element-1cfb794\" data-id=\"1cfb794\" data-element_type=\"column\">\n\t\t\t<div class=\"elementor-widget-wrap elementor-element-populated\">\n\t\t\t\t\t\t<div class=\"elementor-element elementor-element-a65fa25 elementor-widget elementor-widget-text-editor\" data-id=\"a65fa25\" data-element_type=\"widget\" data-widget_type=\"text-editor.default\">\n\t\t\t\t<div class=\"elementor-widget-container\">\n\t\t\t\t\t\t\t\t\t<section class=\"elementor-section elementor-top-section elementor-element elementor-element-2119237e elementor-section-boxed elementor-section-height-default elementor-section-height-default\" data-id=\"2119237e\" data-element_type=\"section\"><div class=\"elementor-container elementor-column-gap-no\"><div class=\"elementor-row\"><div class=\"elementor-column elementor-col-100 elementor-top-column elementor-element elementor-element-371e3a8f\" data-id=\"371e3a8f\" data-element_type=\"column\"><div class=\"elementor-column-wrap elementor-element-populated\"><div class=\"elementor-widget-wrap\"><h3>Quinta-feira, 11 de fevereiro de 1858: o primeiro encontro<\/h3><p>Primeira apari\u00e7\u00e3o. Acompanhada da irm\u00e3 e de uma amiga, Bernadete Soubirous vai a Massabielle, ao longo do rio Gave, para recolher ossos e madeira morta para vender. Tirando as meias para atravessar o riacho e ir at\u00e9 a Gruta, ela ouviu um barulho que parecia uma rajada de vento. Ela olhou na dire\u00e7\u00e3o da Gruta: &#8220;Vi uma senhora vestida de branco: ela usava um vestido branco, tamb\u00e9m um v\u00e9u branco, uma faixa azul na cintura e tinha uma rosa amarela em cada p\u00e9\u201d. Bernadette faz o sinal da cruz e reza o ros\u00e1rio com a Senhora. Terminada a ora\u00e7\u00e3o, a Senhora desaparece repentinamente.<\/p><h3>Domingo, 14 de fevereiro de 1858: a \u00e1gua benta<\/h3><p>Segunda apari\u00e7\u00e3o. Apesar de ter sido proibida pelos pais de voltar \u00e0 Gruta, Bernadete sente uma for\u00e7a interior que a chama de volta. De tanto ela insistir, sua m\u00e3e permite que ela v\u00e1. Depois de ela rezar a primeira dezena do Ros\u00e1rio, a mesma Senhora reaparece e Bernadette joga \u00e1gua benta nela, temendo que fosse algo demon\u00edaco. A Senhora sorri e inclina a cabe\u00e7a, recebendo a \u00e1gua benta. Terminada a ora\u00e7\u00e3o do ros\u00e1rio, a Senhora desaparece.<\/p><h3>Quinta-feira, 18 de fevereiro de 1858: a Senhora fala<\/h3><p>Terceira apari\u00e7\u00e3o. Pela primeira vez, a Senhora fala. Bernadete lhe apresenta um caderno e pede que ela escreva o seu nome. A Senhora diz: &#8220;N\u00e3o \u00e9 necess\u00e1rio. E acrescenta: \u201cN\u00e3o prometo fazer voc\u00ea feliz neste mundo, mas no pr\u00f3ximo. A senhora me faria o favor de vir aqui durante quinze dias?\u201d<\/p><h3>Sexta-feira, 19 de fevereiro de 1858: a primeira vela<\/h3><p>Quarta apari\u00e7\u00e3o. Bernadete chega \u00e0 Gruta com uma vela benta acesa. \u00c9 desse gesto que nasceu o costume de carregar velas e acend\u00ea-las em frente \u00e0 Gruta das apari\u00e7\u00f5es.<\/p><h3>S\u00e1bado, 20 de fevereiro de 1858: a grande tristeza<\/h3><p>Quinta apari\u00e7\u00e3o. A Senhora ensinou a Bernadette uma ora\u00e7\u00e3o pessoal. Ao final da vis\u00e3o, uma grande tristeza invadiu Bernadette.<\/p><h3>Domingo, 21 de fevereiro de 1858: \u201cAquero\u201d<\/h3><p>Sexta apari\u00e7\u00e3o. A Senhora se apresenta para Bernadete no in\u00edcio da manh\u00e3. Cem pessoas a acompanham. Bernadete \u00e9 ent\u00e3o questionada pelo comiss\u00e1rio de pol\u00edcia Jacomet, que quer que ela conte o que viu. Bernadette fala com ele apenas de \u201cAquero\u201d (aquela).<\/p><h3>Ter\u00e7a-feira, 23 de fevereiro de 1858: o segredo<\/h3><p>S\u00e9tima apari\u00e7\u00e3o. Cercada por cento e cinquenta pessoas, Bernadete vai at\u00e9 a Gruta. A \u201cAquero\u201d revela-lhe um segredo s\u00f3 para ela.<\/p><h3>Quarta-feira, 24 de fevereiro de 1858: \u201cPenit\u00eancia!\u201d<\/h3><p>Oitava apari\u00e7\u00e3o. Mensagem da Senhora: \u201cPenit\u00eancia! Penit\u00eancia! Penit\u00eancia! Ore a Deus pelos pecadores! V\u00e1 beijar a terra como penit\u00eancia pelos pecadores!\u201d<\/p><h3>Quinta-feira, 25 de fevereiro de 1858: a fonte<\/h3><p>Nona apari\u00e7\u00e3o. Trezentas pessoas est\u00e3o presentes. Bernadette diz: \u201cEla me disse para ir beber da fonte (\u2026). Cavei a terra e encontrei apenas um pouco de \u00e1gua barrenta. Na quarta tentativa consegui beber. Ela tamb\u00e9m me fez comer uma erva que estava perto da fonte, depois a vis\u00e3o sumiu e eu fui embora\u201d. Diante da multid\u00e3o que lhe pergunta: \u201cVoc\u00ea sabe que todo mundo acha que voc\u00ea est\u00e1 louca por fazer essas coisas? Bernadette responde: &#8220;\u00c9 para os pecadores.&#8221;<\/p><h3>S\u00e1bado, 27 de fevereiro de 1858: sil\u00eancio<\/h3><p>D\u00e9cima apari\u00e7\u00e3o. Oitocentas pessoas est\u00e3o presentes. A apari\u00e7\u00e3o \u00e9 silenciosa. Bernadete bebe \u00e1gua da fonte e faz os habituais gestos de penit\u00eancia.<\/p><h3>Domingo, 28 de fevereiro de 1858: \u00eaxtase<\/h3><p>D\u00e9cima primeira apari\u00e7\u00e3o. Mais de mil pessoas assistem ao \u00eaxtase. Bernadete reza, beija o ch\u00e3o e rasteja de joelhos em sinal de penit\u00eancia. Ela \u00e9 ent\u00e3o levada ao juiz Ribes, que a amea\u00e7a de pris\u00e3o.<\/p><h3>Segunda-feira, 1\u00ba de mar\u00e7o de 1858: a primeira cura milagrosa<\/h3><p>D\u00e9cima segunda apari\u00e7\u00e3o. Mais de mil e quinhentas pessoas est\u00e3o reunidas e entre elas, pela primeira vez, est\u00e1 um padre. Durante a noite, Catherine Latapie, uma amiga de Lourdes, vai \u00e0 Gruta, mergulha o bra\u00e7o deslocado na \u00e1gua da nascente: o bra\u00e7o e a m\u00e3o recuperam a flexibilidade.<\/p><h3>Ter\u00e7a-feira, 2 de mar\u00e7o de 1858: a mensagem aos sacerdotes<\/h3><p>D\u00e9cima terceira apari\u00e7\u00e3o. A multid\u00e3o cresce cada vez mais. A Senhora pede a Bernadete: \u201cV\u00e1 dizer aos padres que venham aqui em prociss\u00e3o e que se construa aqui uma capela\u201d. Bernadete fala sobre isso com o padre Peyramale, p\u00e1roco de Lourdes. Ele s\u00f3 quer saber uma coisa: o nome da Senhora. Ele tamb\u00e9m exige uma prova: ver a roseira (rosa mosqueta) da gruta florescer em pleno inverno.<\/p><h3>Quarta-feira, 3 de mar\u00e7o de 1858: o sorriso da Senhora<\/h3><p>D\u00e9cima quarta apari\u00e7\u00e3o. \u00c0s 7 horas da manh\u00e3, na presen\u00e7a de tr\u00eas mil pessoas, Bernadete vai \u00e0 Gruta, mas a vis\u00e3o n\u00e3o aparece! Depois da escola, ela ouve o convite interior da Senhora. Ela vai at\u00e9 a Gruta e pergunta pelo seu nome novamente. A resposta \u00e9 um sorriso. O Padre Peyramale voltou a dizer-lhe: \u201cSe a Senhora realmente quer uma capela, que ela diga o seu nome e fa\u00e7a florescer a roseira da Gruta\u201d.<\/p><h3>Quinta-feira, 4 de mar\u00e7o de 1858: 8.000 pessoas na Gruta<\/h3><p>D\u00e9cima quinta apari\u00e7\u00e3o. A multid\u00e3o, cada vez maior (cerca de oito mil pessoas), espera um milagre no final dessa quinzena. A vis\u00e3o fica em sil\u00eancio, recusando-se a fazer um espet\u00e1culo popular. O padre Peyramale mant\u00e9m sua posi\u00e7\u00e3o. Durante vinte dias, Bernadette n\u00e3o vai mais \u00e0 Gruta: ela n\u00e3o sente mais a atra\u00e7\u00e3o irresist\u00edvel.<\/p><h3>Quinta-feira, 25 de mar\u00e7o de 1858: a Senhora revela o seu nome<\/h3><p>D\u00e9cima sexta apari\u00e7\u00e3o. A Senhora finalmente revela seu nome, mas a roseira (ou rosa selvagem) em que ela pousou os p\u00e9s durante suas apari\u00e7\u00f5es n\u00e3o floresce. Bernadete diz: &#8220;Ela levantou os olhos para o c\u00e9u, unindo as m\u00e3os em ora\u00e7\u00e3o, que estavam estendidas e abertas para a terra, e me disse: Que soy era immaculada councepciou&#8221;. Bernadette sai correndo, repetindo seguidamente pelo caminho as palavras que n\u00e3o entende. Ao repeti-las para o p\u00e1roco, as palavras o perturbam. Bernadete desconhecia essa express\u00e3o teol\u00f3gica que designa a Sant\u00edssima Virgem. Quatro anos antes, em 1854, o Papa Pio IX havia proclamado o dogma da Imaculada Concei\u00e7\u00e3o.<\/p><h3>Quarta-feira, 7 de abril de 1858: o milagre da vela<\/h3><p>D\u00e9cima s\u00e9tima apari\u00e7\u00e3o. Durante esta apari\u00e7\u00e3o, Bernadete segura sua vela acesa. A chama envolve sua m\u00e3o por um longo tempo sem queim\u00e1-la. Este fato \u00e9 imediatamente notado por um m\u00e9dico, Doutor Douzous.<\/p><h3>Sexta-feira, 16 de julho de 1858: a \u00faltima apari\u00e7\u00e3o<\/h3><p>D\u00e9cima oitava apari\u00e7\u00e3o. Bernadete sente o misterioso chamado da Gruta, mas o acesso \u00e0 Gruta tinha sido proibido pelas autoridades e ela tinha sido fechada por uma pali\u00e7ada. Ent\u00e3o ela vai para o outro lado do rio Gave, em frente \u00e0 Gruta&#8230; e v\u00ea a Virgem Maria, uma \u00faltima vez: &#8220;Pareceu-me que estava em frente \u00e0 Gruta, \u00e0 mesma dist\u00e2ncia das outras vezes, s\u00f3 vi a Virgem, nunca a vi t\u00e3o bela! &#8220;.<\/p><\/div><\/div><\/div><\/div><\/div><\/section>\t\t\t\t\t\t\t\t<\/div>\n\t\t\t\t<\/div>\n\t\t\t\t<div class=\"elementor-element elementor-element-c470a4d elementor-widget elementor-widget-image\" data-id=\"c470a4d\" data-element_type=\"widget\" data-widget_type=\"image.default\">\n\t\t\t\t<div class=\"elementor-widget-container\">\n\t\t\t\t\t\t\t\t\t\t\t\t\t\t\t<img fetchpriority=\"high\" decoding=\"async\" width=\"1200\" height=\"800\" src=\"https:\/\/www.lourdes-france.com\/wp-content\/uploads\/2021\/11\/gemail-ok.jpg\" class=\"attachment-full size-full wp-image-800837\" alt=\"\" srcset=\"https:\/\/www.lourdes-france.com\/wp-content\/uploads\/2021\/11\/gemail-ok.jpg 1200w, https:\/\/www.lourdes-france.com\/wp-content\/uploads\/2021\/11\/gemail-ok-300x200.jpg 300w, https:\/\/www.lourdes-france.com\/wp-content\/uploads\/2021\/11\/gemail-ok-1024x683.jpg 1024w, https:\/\/www.lourdes-france.com\/wp-content\/uploads\/2021\/11\/gemail-ok-768x512.jpg 768w\" sizes=\"(max-width: 1200px) 100vw, 1200px\" \/>\t\t\t\t\t\t\t\t\t\t\t\t\t\t\t<\/div>\n\t\t\t\t<\/div>\n\t\t\t\t\t<\/div>\n\t\t<\/div>\n\t\t\t\t\t<\/div>\n\t\t<\/section>\n\t\t\t\t<\/div>\n\t\t","protected":false},"excerpt":{"rendered":"<p>Quinta-feira, 11 de fevereiro de 1858: o primeiro encontro Primeira apari\u00e7\u00e3o. Acompanhada da irm\u00e3 e de uma amiga, Bernadete Soubirous vai a Massabielle, ao longo do rio Gave, para recolher ossos e madeira morta para vender. Tirando as meias para &hellip; <a href=\"https:\/\/www.lourdes-france.com\/pt-br\/as-aparicoes\/\">Conte\u00fado<\/a><\/p>\n","protected":false},"author":2,"featured_media":800841,"parent":0,"menu_order":0,"comment_status":"closed","ping_status":"closed","template":"","meta":{"_acf_changed":false,"footnotes":""},"class_list":["post-806667","page","type-page","status-publish","has-post-thumbnail","hentry"],"acf":[],"yoast_head":"<!-- This site is optimized with the Yoast SEO Premium plugin v24.0 (Yoast SEO v26.3) - https:\/\/yoast.com\/wordpress\/plugins\/seo\/ -->\n<title>Les Apparitions de Lourdes - Vivre le p\u00e8lerinage de Lourdes<\/title>\n<meta name=\"description\" content=\"Le r\u00e9cit des apparitions de Marie \u00e0 Bernadette Soubirous, du 11 f\u00e9vrier au 16 juillet 1858. Le 25 mars l&#039;apparition se r\u00e9v\u00e8le \u00eatre &quot;l&#039;Immacul\u00e9e Conception&quot;.\" \/>\n<meta name=\"robots\" content=\"index, follow, max-snippet:-1, max-image-preview:large, max-video-preview:-1\" \/>\n<link rel=\"canonical\" href=\"https:\/\/www.lourdes-france.com\/pt-br\/as-aparicoes\/\" \/>\n<meta property=\"og:locale\" content=\"pt_BR\" \/>\n<meta property=\"og:type\" content=\"article\" \/>\n<meta property=\"og:title\" content=\"As apari\u00e7\u00f5es\" \/>\n<meta property=\"og:description\" content=\"Le r\u00e9cit des apparitions de Marie \u00e0 Bernadette Soubirous, du 11 f\u00e9vrier au 16 juillet 1858. Le 25 mars l&#039;apparition se r\u00e9v\u00e8le \u00eatre &quot;l&#039;Immacul\u00e9e Conception&quot;.\" \/>\n<meta property=\"og:url\" content=\"https:\/\/www.lourdes-france.com\/pt-br\/as-aparicoes\/\" \/>\n<meta property=\"og:site_name\" content=\"Vivre le p\u00e8lerinage de Lourdes\" \/>\n<meta property=\"article:modified_time\" content=\"2024-04-23T14:03:29+00:00\" \/>\n<meta property=\"og:image\" content=\"https:\/\/www.lourdes-france.com\/wp-content\/uploads\/2021\/11\/grotte-apparition_mise-en-avant-1.jpg\" \/>\n\t<meta property=\"og:image:width\" content=\"2362\" \/>\n\t<meta property=\"og:image:height\" content=\"1507\" \/>\n\t<meta property=\"og:image:type\" content=\"image\/jpeg\" \/>\n<meta name=\"twitter:card\" content=\"summary_large_image\" \/>\n<meta name=\"twitter:label1\" content=\"Est. tempo de leitura\" \/>\n\t<meta name=\"twitter:data1\" content=\"1 minuto\" \/>\n<script type=\"application\/ld+json\" class=\"yoast-schema-graph\">{\"@context\":\"https:\/\/schema.org\",\"@graph\":[{\"@type\":\"WebPage\",\"@id\":\"https:\/\/www.lourdes-france.com\/pt-br\/as-aparicoes\/\",\"url\":\"https:\/\/www.lourdes-france.com\/pt-br\/as-aparicoes\/\",\"name\":\"Les Apparitions de Lourdes - Vivre le p\u00e8lerinage de Lourdes\",\"isPartOf\":{\"@id\":\"https:\/\/www.lourdes-france.com\/pt-br\/#website\"},\"primaryImageOfPage\":{\"@id\":\"https:\/\/www.lourdes-france.com\/pt-br\/as-aparicoes\/#primaryimage\"},\"image\":{\"@id\":\"https:\/\/www.lourdes-france.com\/pt-br\/as-aparicoes\/#primaryimage\"},\"thumbnailUrl\":\"https:\/\/www.lourdes-france.com\/wp-content\/uploads\/2021\/11\/grotte-apparition_mise-en-avant-1.jpg\",\"datePublished\":\"2021-11-12T13:41:13+00:00\",\"dateModified\":\"2024-04-23T14:03:29+00:00\",\"description\":\"Le r\u00e9cit des apparitions de Marie \u00e0 Bernadette Soubirous, du 11 f\u00e9vrier au 16 juillet 1858. Le 25 mars l'apparition se r\u00e9v\u00e8le \u00eatre \\\"l'Immacul\u00e9e Conception\\\".\",\"breadcrumb\":{\"@id\":\"https:\/\/www.lourdes-france.com\/pt-br\/as-aparicoes\/#breadcrumb\"},\"inLanguage\":\"pt-BR\",\"potentialAction\":[{\"@type\":\"ReadAction\",\"target\":[\"https:\/\/www.lourdes-france.com\/pt-br\/as-aparicoes\/\"]}]},{\"@type\":\"ImageObject\",\"inLanguage\":\"pt-BR\",\"@id\":\"https:\/\/www.lourdes-france.com\/pt-br\/as-aparicoes\/#primaryimage\",\"url\":\"https:\/\/www.lourdes-france.com\/wp-content\/uploads\/2021\/11\/grotte-apparition_mise-en-avant-1.jpg\",\"contentUrl\":\"https:\/\/www.lourdes-france.com\/wp-content\/uploads\/2021\/11\/grotte-apparition_mise-en-avant-1.jpg\",\"width\":2362,\"height\":1507,\"caption\":\"Grotte au temps des apparitions\"},{\"@type\":\"BreadcrumbList\",\"@id\":\"https:\/\/www.lourdes-france.com\/pt-br\/as-aparicoes\/#breadcrumb\",\"itemListElement\":[{\"@type\":\"ListItem\",\"position\":1,\"name\":\"Accueil\",\"item\":\"https:\/\/www.lourdes-france.com\/pt-br\/\"},{\"@type\":\"ListItem\",\"position\":2,\"name\":\"As apari\u00e7\u00f5es\"}]},{\"@type\":\"WebSite\",\"@id\":\"https:\/\/www.lourdes-france.com\/pt-br\/#website\",\"url\":\"https:\/\/www.lourdes-france.com\/pt-br\/\",\"name\":\"Sanctuaire Notre-Dame de Lourdes\",\"description\":\"\",\"publisher\":{\"@id\":\"https:\/\/www.lourdes-france.com\/pt-br\/#organization\"},\"potentialAction\":[{\"@type\":\"SearchAction\",\"target\":{\"@type\":\"EntryPoint\",\"urlTemplate\":\"https:\/\/www.lourdes-france.com\/pt-br\/?s={search_term_string}\"},\"query-input\":{\"@type\":\"PropertyValueSpecification\",\"valueRequired\":true,\"valueName\":\"search_term_string\"}}],\"inLanguage\":\"pt-BR\"},{\"@type\":\"Organization\",\"@id\":\"https:\/\/www.lourdes-france.com\/pt-br\/#organization\",\"name\":\"Sanctuaire Notre-Dame de Lourdes\",\"url\":\"https:\/\/www.lourdes-france.com\/pt-br\/\",\"logo\":{\"@type\":\"ImageObject\",\"inLanguage\":\"pt-BR\",\"@id\":\"https:\/\/www.lourdes-france.com\/pt-br\/#\/schema\/logo\/image\/\",\"url\":\"https:\/\/www.lourdes-france.com\/wp-content\/uploads\/2021\/11\/logo-small.png\",\"contentUrl\":\"https:\/\/www.lourdes-france.com\/wp-content\/uploads\/2021\/11\/logo-small.png\",\"width\":834,\"height\":521,\"caption\":\"Sanctuaire Notre-Dame de Lourdes\"},\"image\":{\"@id\":\"https:\/\/www.lourdes-france.com\/pt-br\/#\/schema\/logo\/image\/\"}}]}<\/script>\n<!-- \/ Yoast SEO Premium plugin. -->","yoast_head_json":{"title":"Les Apparitions de Lourdes - Vivre le p\u00e8lerinage de Lourdes","description":"Le r\u00e9cit des apparitions de Marie \u00e0 Bernadette Soubirous, du 11 f\u00e9vrier au 16 juillet 1858. Le 25 mars l'apparition se r\u00e9v\u00e8le \u00eatre \"l'Immacul\u00e9e Conception\".","robots":{"index":"index","follow":"follow","max-snippet":"max-snippet:-1","max-image-preview":"max-image-preview:large","max-video-preview":"max-video-preview:-1"},"canonical":"https:\/\/www.lourdes-france.com\/pt-br\/as-aparicoes\/","og_locale":"pt_BR","og_type":"article","og_title":"As apari\u00e7\u00f5es","og_description":"Le r\u00e9cit des apparitions de Marie \u00e0 Bernadette Soubirous, du 11 f\u00e9vrier au 16 juillet 1858. Le 25 mars l'apparition se r\u00e9v\u00e8le \u00eatre \"l'Immacul\u00e9e Conception\".","og_url":"https:\/\/www.lourdes-france.com\/pt-br\/as-aparicoes\/","og_site_name":"Vivre le p\u00e8lerinage de Lourdes","article_modified_time":"2024-04-23T14:03:29+00:00","og_image":[{"width":2362,"height":1507,"url":"https:\/\/www.lourdes-france.com\/wp-content\/uploads\/2021\/11\/grotte-apparition_mise-en-avant-1.jpg","type":"image\/jpeg"}],"twitter_card":"summary_large_image","twitter_misc":{"Est. tempo de leitura":"1 minuto"},"schema":{"@context":"https:\/\/schema.org","@graph":[{"@type":"WebPage","@id":"https:\/\/www.lourdes-france.com\/pt-br\/as-aparicoes\/","url":"https:\/\/www.lourdes-france.com\/pt-br\/as-aparicoes\/","name":"Les Apparitions de Lourdes - Vivre le p\u00e8lerinage de Lourdes","isPartOf":{"@id":"https:\/\/www.lourdes-france.com\/pt-br\/#website"},"primaryImageOfPage":{"@id":"https:\/\/www.lourdes-france.com\/pt-br\/as-aparicoes\/#primaryimage"},"image":{"@id":"https:\/\/www.lourdes-france.com\/pt-br\/as-aparicoes\/#primaryimage"},"thumbnailUrl":"https:\/\/www.lourdes-france.com\/wp-content\/uploads\/2021\/11\/grotte-apparition_mise-en-avant-1.jpg","datePublished":"2021-11-12T13:41:13+00:00","dateModified":"2024-04-23T14:03:29+00:00","description":"Le r\u00e9cit des apparitions de Marie \u00e0 Bernadette Soubirous, du 11 f\u00e9vrier au 16 juillet 1858. Le 25 mars l'apparition se r\u00e9v\u00e8le \u00eatre \"l'Immacul\u00e9e Conception\".","breadcrumb":{"@id":"https:\/\/www.lourdes-france.com\/pt-br\/as-aparicoes\/#breadcrumb"},"inLanguage":"pt-BR","potentialAction":[{"@type":"ReadAction","target":["https:\/\/www.lourdes-france.com\/pt-br\/as-aparicoes\/"]}]},{"@type":"ImageObject","inLanguage":"pt-BR","@id":"https:\/\/www.lourdes-france.com\/pt-br\/as-aparicoes\/#primaryimage","url":"https:\/\/www.lourdes-france.com\/wp-content\/uploads\/2021\/11\/grotte-apparition_mise-en-avant-1.jpg","contentUrl":"https:\/\/www.lourdes-france.com\/wp-content\/uploads\/2021\/11\/grotte-apparition_mise-en-avant-1.jpg","width":2362,"height":1507,"caption":"Grotte au temps des apparitions"},{"@type":"BreadcrumbList","@id":"https:\/\/www.lourdes-france.com\/pt-br\/as-aparicoes\/#breadcrumb","itemListElement":[{"@type":"ListItem","position":1,"name":"Accueil","item":"https:\/\/www.lourdes-france.com\/pt-br\/"},{"@type":"ListItem","position":2,"name":"As apari\u00e7\u00f5es"}]},{"@type":"WebSite","@id":"https:\/\/www.lourdes-france.com\/pt-br\/#website","url":"https:\/\/www.lourdes-france.com\/pt-br\/","name":"Sanctuaire Notre-Dame de Lourdes","description":"","publisher":{"@id":"https:\/\/www.lourdes-france.com\/pt-br\/#organization"},"potentialAction":[{"@type":"SearchAction","target":{"@type":"EntryPoint","urlTemplate":"https:\/\/www.lourdes-france.com\/pt-br\/?s={search_term_string}"},"query-input":{"@type":"PropertyValueSpecification","valueRequired":true,"valueName":"search_term_string"}}],"inLanguage":"pt-BR"},{"@type":"Organization","@id":"https:\/\/www.lourdes-france.com\/pt-br\/#organization","name":"Sanctuaire Notre-Dame de Lourdes","url":"https:\/\/www.lourdes-france.com\/pt-br\/","logo":{"@type":"ImageObject","inLanguage":"pt-BR","@id":"https:\/\/www.lourdes-france.com\/pt-br\/#\/schema\/logo\/image\/","url":"https:\/\/www.lourdes-france.com\/wp-content\/uploads\/2021\/11\/logo-small.png","contentUrl":"https:\/\/www.lourdes-france.com\/wp-content\/uploads\/2021\/11\/logo-small.png","width":834,"height":521,"caption":"Sanctuaire Notre-Dame de Lourdes"},"image":{"@id":"https:\/\/www.lourdes-france.com\/pt-br\/#\/schema\/logo\/image\/"}}]}},"_links":{"self":[{"href":"https:\/\/www.lourdes-france.com\/pt-br\/wp-json\/wp\/v2\/pages\/806667","targetHints":{"allow":["GET"]}}],"collection":[{"href":"https:\/\/www.lourdes-france.com\/pt-br\/wp-json\/wp\/v2\/pages"}],"about":[{"href":"https:\/\/www.lourdes-france.com\/pt-br\/wp-json\/wp\/v2\/types\/page"}],"author":[{"embeddable":true,"href":"https:\/\/www.lourdes-france.com\/pt-br\/wp-json\/wp\/v2\/users\/2"}],"replies":[{"embeddable":true,"href":"https:\/\/www.lourdes-france.com\/pt-br\/wp-json\/wp\/v2\/comments?post=806667"}],"version-history":[{"count":0,"href":"https:\/\/www.lourdes-france.com\/pt-br\/wp-json\/wp\/v2\/pages\/806667\/revisions"}],"wp:featuredmedia":[{"embeddable":true,"href":"https:\/\/www.lourdes-france.com\/pt-br\/wp-json\/wp\/v2\/media\/800841"}],"wp:attachment":[{"href":"https:\/\/www.lourdes-france.com\/pt-br\/wp-json\/wp\/v2\/media?parent=806667"}],"curies":[{"name":"wp","href":"https:\/\/api.w.org\/{rel}","templated":true}]}}