{"id":806655,"date":"2021-09-01T15:14:00","date_gmt":"2021-09-01T13:14:00","guid":{"rendered":"https:\/\/www.lourdes-france.com\/message-lourdes\/"},"modified":"2024-10-01T12:11:25","modified_gmt":"2024-10-01T10:11:25","slug":"mensagem-lourdes","status":"publish","type":"page","link":"https:\/\/www.lourdes-france.com\/pt-br\/mensagem-lourdes\/","title":{"rendered":"A mensagem de Lourdes"},"content":{"rendered":"\t\t<div data-elementor-type=\"wp-page\" data-elementor-id=\"806655\" class=\"elementor elementor-806655 elementor-2933\" data-elementor-post-type=\"page\">\n\t\t\t\t\t\t<section class=\"elementor-section elementor-top-section elementor-element elementor-element-26d9130 elementor-section-full_width elementor-section-stretched elementor-section-height-default elementor-section-height-default\" data-id=\"26d9130\" data-element_type=\"section\" data-settings=\"{&quot;stretch_section&quot;:&quot;section-stretched&quot;,&quot;background_background&quot;:&quot;classic&quot;}\">\n\t\t\t\t\t\t\t<div class=\"elementor-background-overlay\"><\/div>\n\t\t\t\t\t\t\t<div class=\"elementor-container elementor-column-gap-default\">\n\t\t\t\t\t<div class=\"elementor-column elementor-col-100 elementor-top-column elementor-element elementor-element-1775d28\" data-id=\"1775d28\" data-element_type=\"column\">\n\t\t\t<div class=\"elementor-widget-wrap elementor-element-populated\">\n\t\t\t\t\t\t<div class=\"elementor-element elementor-element-71d9924 elementor-widget elementor-widget-heading\" data-id=\"71d9924\" data-element_type=\"widget\" data-widget_type=\"heading.default\">\n\t\t\t\t<div class=\"elementor-widget-container\">\n\t\t\t\t\t<h2 class=\"elementor-heading-title elementor-size-default\">A mensagem de Lourdes<\/h2>\t\t\t\t<\/div>\n\t\t\t\t<\/div>\n\t\t\t\t\t<\/div>\n\t\t<\/div>\n\t\t\t\t\t<\/div>\n\t\t<\/section>\n\t\t\t\t<section class=\"elementor-section elementor-top-section elementor-element elementor-element-0947ef2 elementor-section-boxed elementor-section-height-default elementor-section-height-default\" data-id=\"0947ef2\" data-element_type=\"section\">\n\t\t\t\t\t\t<div class=\"elementor-container elementor-column-gap-default\">\n\t\t\t\t\t<div class=\"elementor-column elementor-col-100 elementor-top-column elementor-element elementor-element-78cb3a1\" data-id=\"78cb3a1\" data-element_type=\"column\">\n\t\t\t<div class=\"elementor-widget-wrap elementor-element-populated\">\n\t\t\t\t\t\t<div class=\"elementor-element elementor-element-15c2919 elementor-widget elementor-widget-spacer\" data-id=\"15c2919\" data-element_type=\"widget\" data-widget_type=\"spacer.default\">\n\t\t\t\t<div class=\"elementor-widget-container\">\n\t\t\t\t\t\t\t<div class=\"elementor-spacer\">\n\t\t\t<div class=\"elementor-spacer-inner\"><\/div>\n\t\t<\/div>\n\t\t\t\t\t\t<\/div>\n\t\t\t\t<\/div>\n\t\t\t\t<div class=\"elementor-element elementor-element-8062456 elementor-skin-carousel elementor-widget elementor-widget-media-carousel\" data-id=\"8062456\" data-element_type=\"widget\" data-settings=\"{&quot;space_between&quot;:{&quot;unit&quot;:&quot;px&quot;,&quot;size&quot;:20,&quot;sizes&quot;:[]},&quot;skin&quot;:&quot;carousel&quot;,&quot;effect&quot;:&quot;slide&quot;,&quot;speed&quot;:500,&quot;space_between_tablet&quot;:{&quot;unit&quot;:&quot;px&quot;,&quot;size&quot;:10,&quot;sizes&quot;:[]},&quot;space_between_mobile&quot;:{&quot;unit&quot;:&quot;px&quot;,&quot;size&quot;:10,&quot;sizes&quot;:[]}}\" data-widget_type=\"media-carousel.default\">\n\t\t\t\t<div class=\"elementor-widget-container\">\n\t\t\t\t\t\t\t\t\t<div class=\"elementor-swiper\">\n\t\t\t\t\t<div class=\"elementor-main-swiper swiper\" role=\"region\" aria-roledescription=\"carousel\" aria-label=\"Slides\">\n\t\t\t\t<div class=\"swiper-wrapper\">\n\t\t\t\t\t\t\t\t\t\t\t<div class=\"swiper-slide\" role=\"group\" aria-roledescription=\"slide\">\n\t\t\t\t\t\t\t<a href=\"https:\/\/www.lourdes-france.com\/pt-br\/as-aparicoes\/\">\t\t<div class=\"elementor-carousel-image\" role=\"img\" aria-label=\"O relato das apari\u00e7\u00f5es\" style=\"background-image: url(&#039;https:\/\/www.lourdes-france.com\/wp-content\/uploads\/2021\/11\/grotte-apparitions-ok.jpg&#039;)\">\n\n\t\t\t\n\t\t\t\t\t<\/div>\n\t\t\t\t\t<div class=\"elementor-carousel-image-overlay e-overlay-animation-fade\">\n\t\t\t\tO relato das apari\u00e7\u00f5es\t\t\t<\/div>\n\t\t\t<\/a>\t\t\t\t\t\t<\/div>\n\t\t\t\t\t\t\t\t\t\t\t<div class=\"swiper-slide\" role=\"group\" aria-roledescription=\"slide\">\n\t\t\t\t\t\t\t<a href=\"https:\/\/www.lourdes-france.com\/pt-br\/o-reconhecimento-das-aparicoes\/\">\t\t<div class=\"elementor-carousel-image\" role=\"img\" aria-label=\"O reconhecimento das apari\u00e7\u00f5es\" style=\"background-image: url(&#039;https:\/\/www.lourdes-france.com\/wp-content\/uploads\/2021\/11\/Mandement.jpg&#039;)\">\n\n\t\t\t\n\t\t\t\t\t<\/div>\n\t\t\t\t\t<div class=\"elementor-carousel-image-overlay e-overlay-animation-fade\">\n\t\t\t\tO reconhecimento das apari\u00e7\u00f5es\t\t\t<\/div>\n\t\t\t<\/a>\t\t\t\t\t\t<\/div>\n\t\t\t\t\t\t\t\t\t\t\t<div class=\"swiper-slide\" role=\"group\" aria-roledescription=\"slide\">\n\t\t\t\t\t\t\t<a href=\"https:\/\/www.lourdes-france.com\/pt-br\/vida-de-santa-bernadette-soubirous\/\">\t\t<div class=\"elementor-carousel-image\" role=\"img\" aria-label=\"Bernadette Soubirous\" style=\"background-image: url(&#039;https:\/\/www.lourdes-france.com\/wp-content\/uploads\/2021\/09\/vignette_bernadette_soubirous_500x333_img.jpg&#039;)\">\n\n\t\t\t\n\t\t\t\t\t<\/div>\n\t\t\t\t\t<div class=\"elementor-carousel-image-overlay e-overlay-animation-fade\">\n\t\t\t\tBernadette Soubirous\t\t\t<\/div>\n\t\t\t<\/a>\t\t\t\t\t\t<\/div>\n\t\t\t\t\t\t\t\t\t<\/div>\n\t\t\t\t\t\t\t\t\t\t\t\t\t\t\t\t\t\t\t\t\t<\/div>\n\t\t\t\t<\/div>\n\t\t\t\t\t\t\t\t<\/div>\n\t\t\t\t<\/div>\n\t\t\t\t<div class=\"elementor-element elementor-element-b7415f0 elementor-widget elementor-widget-spacer\" data-id=\"b7415f0\" data-element_type=\"widget\" data-widget_type=\"spacer.default\">\n\t\t\t\t<div class=\"elementor-widget-container\">\n\t\t\t\t\t\t\t<div class=\"elementor-spacer\">\n\t\t\t<div class=\"elementor-spacer-inner\"><\/div>\n\t\t<\/div>\n\t\t\t\t\t\t<\/div>\n\t\t\t\t<\/div>\n\t\t\t\t<div class=\"elementor-element elementor-element-7b3380a elementor-widget elementor-widget-text-editor\" data-id=\"7b3380a\" data-element_type=\"widget\" data-widget_type=\"text-editor.default\">\n\t\t\t\t<div class=\"elementor-widget-container\">\n\t\t\t\t\t\t\t\t\t<h3 style=\"text-align: left;\">18 de fevereiro de 1858: palavras extraordin\u00e1rias<\/h3><p>Na terceira apari\u00e7\u00e3o, no dia 18 de fevereiro, Nossa Senhora fala pela primeira vez: \u201cO que eu tenho para te dizer, n\u00e3o \u00e9 preciso escrever\u201d. Isso significa que Maria quer entrar em um relacionamento com Bernadette que \u00e9 da ordem do amor, que est\u00e1 no n\u00edvel do cora\u00e7\u00e3o. Bernadette \u00e9 imediatamente convidada a abrir o fundo do seu cora\u00e7\u00e3o a essa mensagem de Amor.<\/p><p>Quando a Virgem lhe fala pela segunda vez, Bernadette est\u00e1 chateada: \u201cA Senhora me faria o favor de vir aqui por quinze dias?\u201d \u00c9 a primeira vez que ela \u00e9 chamada de &#8220;Senhora&#8221; (um tratamento de respeito na cultura francesa). Bernadette, sentindo-se assim respeitada e amada, tem sua primeira experi\u00eancia em ser tratada como uma pessoa. Somos todos dignos aos olhos de Deus. Porque todos s\u00e3o amados por Deus.<\/p><p>Na terceira vez, a Virgem diz a Bernadette: &#8220;N\u00e3o prometo fazer voc\u00ea feliz neste mundo, mas no outro&#8221;. Quando Jesus, no Evangelho, nos convida a descobrir o Reino dos C\u00e9us, convida-nos a descobrir, no mundo como ele \u00e9, \u201cum outro mundo\u201d. Onde h\u00e1 Amor, Deus est\u00e1 presente. A Virgem Maria transmite a Bernadette a certeza de uma terra prometida, que s\u00f3 pode ser alcan\u00e7ada al\u00e9m da morte.<\/p><div class=\"elementor-element elementor-element-26e8855b elementor-widget elementor-widget-text-editor\" data-id=\"26e8855b\" data-element_type=\"widget\" data-widget_type=\"text-editor.default\"><div class=\"elementor-widget-container\"><div class=\"elementor-text-editor elementor-clearfix\"><h3>\u00a0<\/h3><h3 style=\"text-align: left;\">Deus \u00e9 amor<\/h3><\/div><\/div><\/div><div class=\"elementor-element elementor-element-5c392925 elementor-widget elementor-widget-text-editor\" data-id=\"5c392925\" data-element_type=\"widget\" data-widget_type=\"text-editor.default\"><div class=\"elementor-widget-container\"><div class=\"elementor-text-editor elementor-clearfix\"><p>Apesar da sua mis\u00e9ria, do seu corpo fr\u00e1gil, da sua falta de cultura, Bernadette sempre foi profundamente feliz. Este \u00e9 o Reino de Deus, o mundo do verdadeiro Amor. Durante as sete primeiras apari\u00e7\u00f5es de Maria, Bernadette mostrou um rosto radiante de alegria, felicidade, luz. Mas, entre a oitava e a d\u00e9cima segunda apari\u00e7\u00e3o, tudo muda: o rosto de Bernadette torna-se duro, triste, dolorido e sobretudo ela faz gestos incompreens\u00edveis&#8230; Ir de joelhos at\u00e9 o fundo da Gruta; beijar o ch\u00e3o sujo e nojento desta Gruta; comer ervas amargas; cavar o ch\u00e3o, tentar beber \u00e1gua barrenta e sujar o rosto com lama. Ent\u00e3o, Bernadette olha para a multid\u00e3o e todos falam: \u201cEla \u00e9 louca\u201d. Durante quatro apari\u00e7\u00f5es, Bernadette vai repetir os mesmos gestos. O que isso significa? Ningu\u00e9m entendeu nada! Estamos, por\u00e9m, no centro da \u201cMensagem de Lourdes\u201d.<\/p><\/div><\/div><\/div><div class=\"elementor-element elementor-element-325a0cd3 elementor-widget elementor-widget-text-editor\" data-id=\"325a0cd3\" data-element_type=\"widget\" data-widget_type=\"text-editor.default\"><div class=\"elementor-widget-container\"><div class=\"elementor-text-editor elementor-clearfix\"><h2>\u00a0<\/h2><h3 style=\"text-align: left;\">O significado b\u00edblico das apari\u00e7\u00f5es<\/h3><\/div><\/div><\/div><div class=\"elementor-element elementor-element-494809d8 elementor-widget elementor-widget-text-editor\" data-id=\"494809d8\" data-element_type=\"widget\" data-widget_type=\"text-editor.default\"><div class=\"elementor-widget-container\"><div class=\"elementor-text-editor elementor-clearfix\"><p>Os gestos de Bernadette s\u00e3o gestos b\u00edblicos. Bernadette expressar\u00e1 a Encarna\u00e7\u00e3o, a Paix\u00e3o e a Morte de Cristo. Ir de joelhos at\u00e9 o fundo da Gruta: este \u00e9 o gesto da Encarna\u00e7\u00e3o, do rebaixamento de Deus feito homem. Comer as ervas amargas \u00e9 uma lembran\u00e7a da tradi\u00e7\u00e3o judaica encontrada em textos antigos: as ervas amargas que comeram os judeus. Lambuzar o rosto: o profeta Isa\u00edas, quando fala de Cristo, mostra-o na figura do Servo sofredor.<\/p><\/div><\/div><\/div><div class=\"elementor-element elementor-element-79837854 elementor-widget elementor-widget-text-editor\" data-id=\"79837854\" data-element_type=\"widget\" data-widget_type=\"text-editor.default\"><div class=\"elementor-widget-container\"><div class=\"elementor-text-editor elementor-clearfix\"><h2>\u00a0<\/h2><h3 style=\"text-align: left;\">A Gruta esconde um tesouro imensur\u00e1vel<\/h3><\/div><\/div><\/div><div class=\"elementor-element elementor-element-e6c037a elementor-widget elementor-widget-text-editor\" data-id=\"e6c037a\" data-element_type=\"widget\" data-widget_type=\"text-editor.default\"><div class=\"elementor-widget-container\"><div class=\"elementor-text-editor elementor-clearfix\"><p>Na nona apari\u00e7\u00e3o, &#8220;a Senhora&#8221; pedir\u00e1 a Bernadette que v\u00e1 cavar o ch\u00e3o, dizendo-lhe: &#8220;V\u00e1 \u00e0 fonte, beba e lave-se l\u00e1&#8221;. Atrav\u00e9s destes gestos nos \u00e9 revelado o pr\u00f3prio mist\u00e9rio do cora\u00e7\u00e3o de Cristo: \u00abUm soldado, com a sua lan\u00e7a, perfurou-lhe o cora\u00e7\u00e3o e imediatamente saiu sangue e \u00e1gua\u00bb. O cora\u00e7\u00e3o do homem, ferido pelo pecado, \u00e9 representado por ervas daninhas e lama. Mas no fundo desse cora\u00e7\u00e3o est\u00e1 a pr\u00f3pria vida de Deus, significada pela fonte. Perguntaram a Bernadette: \u201cA \u201cSenhora\u201d lhe disse algo? &#8220;. Ela respondeu: \u201cSim, de vez em quando ela dizia: &#8216;Penit\u00eancia, penit\u00eancia, penit\u00eancia. Ore pelos pecadores\u201d. Por \u201cpenit\u00eancia\u201d devemos entender a convers\u00e3o. Para a Igreja, a convers\u00e3o consiste, como ensinou Cristo, em voltar o cora\u00e7\u00e3o para Deus atrav\u00e9s dos irm\u00e3os.<\/p><p>Lors de la treizi\u00e8me apparition , Marie s\u2019adresse ainsi \u00e0 Bernadette : \u00ab\u00a0Allez dire aux pr\u00eatres qu\u2019on b\u00e2tisse ici une chapelle et qu\u2019on y vienne en procession\u00a0\u00bb. \u00ab\u00a0Qu\u2019on vienne en procession\u00a0\u00bb, signifie marcher, dans cette vie, toujours aupr\u00e8s de nos fr\u00e8res. \u00ab\u00a0Qu\u2019on b\u00e2tisse une chapelle\u00a0\u00bb. A Lourdes, des chapelles ont \u00e9t\u00e9 construites, pour accueillir la foule des p\u00e8lerins. La chapelle, c\u2019est \u00a0\u00bb l\u2019\u00c9glise\u00a0\u00bb que nous devons construire, l\u00e0 o\u00f9 nous sommes.<\/p><\/div><\/div><\/div><div class=\"elementor-element elementor-element-ed0aa28 elementor-widget elementor-widget-text-editor\" data-id=\"ed0aa28\" data-element_type=\"widget\" data-widget_type=\"text-editor.default\"><div class=\"elementor-widget-container\"><div class=\"elementor-text-editor elementor-clearfix\"><h2>\u00a0<\/h2><h3 style=\"text-align: left;\">A senhora diz seu nome: \u201cQue soy era Immaculada Councepciou\u201d<\/h3><\/div><\/div><\/div><div class=\"elementor-element elementor-element-576be545 elementor-widget elementor-widget-text-editor\" data-id=\"576be545\" data-element_type=\"widget\" data-widget_type=\"text-editor.default\"><div class=\"elementor-widget-container\"><div class=\"elementor-text-editor elementor-clearfix\"><p>Em 25 de mar\u00e7o de 1858, dia da d\u00e9cima sexta apari\u00e7\u00e3o, Bernadette pediu \u00e0 \u201cSenhora\u201d que dissesse seu nome. \u201cA Senhora\u201d responde-lhe no dileto local: \u201cQue soy era Immaculada Councepciou\u201d (na l\u00edngua da regi\u00e3o), ou seja, \u201cEu sou a Imaculada Concei\u00e7\u00e3o\u201d. A Imaculada Concei\u00e7\u00e3o \u00e9 \u201cMaria concebida sem pecado, gra\u00e7as aos m\u00e9ritos da Cruz de Cristo\u201d (defini\u00e7\u00e3o do dogma promulgado em 1854). Bernadette dirige-se imediatamente ao p\u00e1roco para lhe dar o nome de &#8220;a Senhora&#8221;. Ele entende que \u00e9 a M\u00e3e de Deus que aparece na Gruta. Mais tarde, o bispo de Tarbes, Monsenhor Laurence, autenticar\u00e1 esta revela\u00e7\u00e3o.<\/p><\/div><\/div><\/div>\t\t\t\t\t\t\t\t<\/div>\n\t\t\t\t<\/div>\n\t\t\t\t\t<\/div>\n\t\t<\/div>\n\t\t\t\t\t<\/div>\n\t\t<\/section>\n\t\t\t\t<\/div>\n\t\t","protected":false},"excerpt":{"rendered":"<p>A mensagem de Lourdes O relato das apari\u00e7\u00f5es O reconhecimento das apari\u00e7\u00f5es Bernadette Soubirous 18 de fevereiro de 1858: palavras extraordin\u00e1rias Na terceira apari\u00e7\u00e3o, no dia 18 de fevereiro, Nossa Senhora fala pela primeira vez: \u201cO que eu tenho para &hellip; <a href=\"https:\/\/www.lourdes-france.com\/pt-br\/mensagem-lourdes\/\">Conte\u00fado<\/a><\/p>\n","protected":false},"author":1,"featured_media":0,"parent":0,"menu_order":0,"comment_status":"closed","ping_status":"closed","template":"","meta":{"_acf_changed":false,"footnotes":""},"class_list":["post-806655","page","type-page","status-publish","hentry"],"acf":[],"yoast_head":"<!-- This site is optimized with the Yoast SEO Premium plugin v24.0 (Yoast SEO v26.3) - https:\/\/yoast.com\/wordpress\/plugins\/seo\/ -->\n<title>A mensagem de Lourdes - Vivre le p\u00e8lerinage de Lourdes<\/title>\n<meta name=\"description\" content=\"D\u00e9couvrez le Message transmis par la Vierge Marie \u00e0 Bernadette Soubirous lors des 18 apparitions \u00e0 la Grotte de Lourdes.\" \/>\n<meta name=\"robots\" content=\"index, follow, max-snippet:-1, max-image-preview:large, max-video-preview:-1\" \/>\n<link rel=\"canonical\" href=\"https:\/\/www.lourdes-france.com\/pt-br\/mensagem-lourdes\/\" \/>\n<meta property=\"og:locale\" content=\"pt_BR\" \/>\n<meta property=\"og:type\" content=\"article\" \/>\n<meta property=\"og:title\" content=\"A mensagem de Lourdes\" \/>\n<meta property=\"og:description\" content=\"D\u00e9couvrez le Message transmis par la Vierge Marie \u00e0 Bernadette Soubirous lors des 18 apparitions \u00e0 la Grotte de Lourdes.\" \/>\n<meta property=\"og:url\" content=\"https:\/\/www.lourdes-france.com\/pt-br\/mensagem-lourdes\/\" \/>\n<meta property=\"og:site_name\" content=\"Vivre le p\u00e8lerinage de Lourdes\" \/>\n<meta property=\"article:modified_time\" content=\"2024-10-01T10:11:25+00:00\" \/>\n<meta name=\"twitter:card\" content=\"summary_large_image\" \/>\n<meta name=\"twitter:label1\" content=\"Est. tempo de leitura\" \/>\n\t<meta name=\"twitter:data1\" content=\"8 minutos\" \/>\n<script type=\"application\/ld+json\" class=\"yoast-schema-graph\">{\"@context\":\"https:\/\/schema.org\",\"@graph\":[{\"@type\":\"WebPage\",\"@id\":\"https:\/\/www.lourdes-france.com\/pt-br\/mensagem-lourdes\/\",\"url\":\"https:\/\/www.lourdes-france.com\/pt-br\/mensagem-lourdes\/\",\"name\":\"A mensagem de Lourdes - Vivre le p\u00e8lerinage de Lourdes\",\"isPartOf\":{\"@id\":\"https:\/\/www.lourdes-france.com\/pt-br\/#website\"},\"datePublished\":\"2021-09-01T13:14:00+00:00\",\"dateModified\":\"2024-10-01T10:11:25+00:00\",\"description\":\"D\u00e9couvrez le Message transmis par la Vierge Marie \u00e0 Bernadette Soubirous lors des 18 apparitions \u00e0 la Grotte de Lourdes.\",\"breadcrumb\":{\"@id\":\"https:\/\/www.lourdes-france.com\/pt-br\/mensagem-lourdes\/#breadcrumb\"},\"inLanguage\":\"pt-BR\",\"potentialAction\":[{\"@type\":\"ReadAction\",\"target\":[\"https:\/\/www.lourdes-france.com\/pt-br\/mensagem-lourdes\/\"]}]},{\"@type\":\"BreadcrumbList\",\"@id\":\"https:\/\/www.lourdes-france.com\/pt-br\/mensagem-lourdes\/#breadcrumb\",\"itemListElement\":[{\"@type\":\"ListItem\",\"position\":1,\"name\":\"Accueil\",\"item\":\"https:\/\/www.lourdes-france.com\/pt-br\/\"},{\"@type\":\"ListItem\",\"position\":2,\"name\":\"A mensagem de Lourdes\"}]},{\"@type\":\"WebSite\",\"@id\":\"https:\/\/www.lourdes-france.com\/pt-br\/#website\",\"url\":\"https:\/\/www.lourdes-france.com\/pt-br\/\",\"name\":\"Sanctuaire Notre-Dame de Lourdes\",\"description\":\"\",\"publisher\":{\"@id\":\"https:\/\/www.lourdes-france.com\/pt-br\/#organization\"},\"potentialAction\":[{\"@type\":\"SearchAction\",\"target\":{\"@type\":\"EntryPoint\",\"urlTemplate\":\"https:\/\/www.lourdes-france.com\/pt-br\/?s={search_term_string}\"},\"query-input\":{\"@type\":\"PropertyValueSpecification\",\"valueRequired\":true,\"valueName\":\"search_term_string\"}}],\"inLanguage\":\"pt-BR\"},{\"@type\":\"Organization\",\"@id\":\"https:\/\/www.lourdes-france.com\/pt-br\/#organization\",\"name\":\"Sanctuaire Notre-Dame de Lourdes\",\"url\":\"https:\/\/www.lourdes-france.com\/pt-br\/\",\"logo\":{\"@type\":\"ImageObject\",\"inLanguage\":\"pt-BR\",\"@id\":\"https:\/\/www.lourdes-france.com\/pt-br\/#\/schema\/logo\/image\/\",\"url\":\"https:\/\/www.lourdes-france.com\/wp-content\/uploads\/2021\/11\/logo-small.png\",\"contentUrl\":\"https:\/\/www.lourdes-france.com\/wp-content\/uploads\/2021\/11\/logo-small.png\",\"width\":834,\"height\":521,\"caption\":\"Sanctuaire Notre-Dame de Lourdes\"},\"image\":{\"@id\":\"https:\/\/www.lourdes-france.com\/pt-br\/#\/schema\/logo\/image\/\"}}]}<\/script>\n<!-- \/ Yoast SEO Premium plugin. -->","yoast_head_json":{"title":"A mensagem de Lourdes - Vivre le p\u00e8lerinage de Lourdes","description":"D\u00e9couvrez le Message transmis par la Vierge Marie \u00e0 Bernadette Soubirous lors des 18 apparitions \u00e0 la Grotte de Lourdes.","robots":{"index":"index","follow":"follow","max-snippet":"max-snippet:-1","max-image-preview":"max-image-preview:large","max-video-preview":"max-video-preview:-1"},"canonical":"https:\/\/www.lourdes-france.com\/pt-br\/mensagem-lourdes\/","og_locale":"pt_BR","og_type":"article","og_title":"A mensagem de Lourdes","og_description":"D\u00e9couvrez le Message transmis par la Vierge Marie \u00e0 Bernadette Soubirous lors des 18 apparitions \u00e0 la Grotte de Lourdes.","og_url":"https:\/\/www.lourdes-france.com\/pt-br\/mensagem-lourdes\/","og_site_name":"Vivre le p\u00e8lerinage de Lourdes","article_modified_time":"2024-10-01T10:11:25+00:00","twitter_card":"summary_large_image","twitter_misc":{"Est. tempo de leitura":"8 minutos"},"schema":{"@context":"https:\/\/schema.org","@graph":[{"@type":"WebPage","@id":"https:\/\/www.lourdes-france.com\/pt-br\/mensagem-lourdes\/","url":"https:\/\/www.lourdes-france.com\/pt-br\/mensagem-lourdes\/","name":"A mensagem de Lourdes - Vivre le p\u00e8lerinage de Lourdes","isPartOf":{"@id":"https:\/\/www.lourdes-france.com\/pt-br\/#website"},"datePublished":"2021-09-01T13:14:00+00:00","dateModified":"2024-10-01T10:11:25+00:00","description":"D\u00e9couvrez le Message transmis par la Vierge Marie \u00e0 Bernadette Soubirous lors des 18 apparitions \u00e0 la Grotte de Lourdes.","breadcrumb":{"@id":"https:\/\/www.lourdes-france.com\/pt-br\/mensagem-lourdes\/#breadcrumb"},"inLanguage":"pt-BR","potentialAction":[{"@type":"ReadAction","target":["https:\/\/www.lourdes-france.com\/pt-br\/mensagem-lourdes\/"]}]},{"@type":"BreadcrumbList","@id":"https:\/\/www.lourdes-france.com\/pt-br\/mensagem-lourdes\/#breadcrumb","itemListElement":[{"@type":"ListItem","position":1,"name":"Accueil","item":"https:\/\/www.lourdes-france.com\/pt-br\/"},{"@type":"ListItem","position":2,"name":"A mensagem de Lourdes"}]},{"@type":"WebSite","@id":"https:\/\/www.lourdes-france.com\/pt-br\/#website","url":"https:\/\/www.lourdes-france.com\/pt-br\/","name":"Sanctuaire Notre-Dame de Lourdes","description":"","publisher":{"@id":"https:\/\/www.lourdes-france.com\/pt-br\/#organization"},"potentialAction":[{"@type":"SearchAction","target":{"@type":"EntryPoint","urlTemplate":"https:\/\/www.lourdes-france.com\/pt-br\/?s={search_term_string}"},"query-input":{"@type":"PropertyValueSpecification","valueRequired":true,"valueName":"search_term_string"}}],"inLanguage":"pt-BR"},{"@type":"Organization","@id":"https:\/\/www.lourdes-france.com\/pt-br\/#organization","name":"Sanctuaire Notre-Dame de Lourdes","url":"https:\/\/www.lourdes-france.com\/pt-br\/","logo":{"@type":"ImageObject","inLanguage":"pt-BR","@id":"https:\/\/www.lourdes-france.com\/pt-br\/#\/schema\/logo\/image\/","url":"https:\/\/www.lourdes-france.com\/wp-content\/uploads\/2021\/11\/logo-small.png","contentUrl":"https:\/\/www.lourdes-france.com\/wp-content\/uploads\/2021\/11\/logo-small.png","width":834,"height":521,"caption":"Sanctuaire Notre-Dame de Lourdes"},"image":{"@id":"https:\/\/www.lourdes-france.com\/pt-br\/#\/schema\/logo\/image\/"}}]}},"_links":{"self":[{"href":"https:\/\/www.lourdes-france.com\/pt-br\/wp-json\/wp\/v2\/pages\/806655","targetHints":{"allow":["GET"]}}],"collection":[{"href":"https:\/\/www.lourdes-france.com\/pt-br\/wp-json\/wp\/v2\/pages"}],"about":[{"href":"https:\/\/www.lourdes-france.com\/pt-br\/wp-json\/wp\/v2\/types\/page"}],"author":[{"embeddable":true,"href":"https:\/\/www.lourdes-france.com\/pt-br\/wp-json\/wp\/v2\/users\/1"}],"replies":[{"embeddable":true,"href":"https:\/\/www.lourdes-france.com\/pt-br\/wp-json\/wp\/v2\/comments?post=806655"}],"version-history":[{"count":0,"href":"https:\/\/www.lourdes-france.com\/pt-br\/wp-json\/wp\/v2\/pages\/806655\/revisions"}],"wp:attachment":[{"href":"https:\/\/www.lourdes-france.com\/pt-br\/wp-json\/wp\/v2\/media?parent=806655"}],"curies":[{"name":"wp","href":"https:\/\/api.w.org\/{rel}","templated":true}]}}