{"id":806560,"date":"2023-02-16T10:53:00","date_gmt":"2023-02-16T09:53:00","guid":{"rendered":"https:\/\/www.lourdes-france.com\/seminaristes-en-service-pastoral\/"},"modified":"2024-10-01T14:39:35","modified_gmt":"2024-10-01T12:39:35","slug":"seminaristes-en-service-pastoral","status":"publish","type":"page","link":"https:\/\/www.lourdes-france.com\/pt-br\/seminaristes-en-service-pastoral\/","title":{"rendered":"\u00a0S\u00e9minaristes en service pastoral\u00a0"},"content":{"rendered":"\t\t<div data-elementor-type=\"wp-page\" data-elementor-id=\"806560\" class=\"elementor elementor-806560 elementor-798539\" data-elementor-post-type=\"page\">\n\t\t\t\t\t\t<section class=\"elementor-section elementor-top-section elementor-element elementor-element-8ed18a4 elementor-section-full_width elementor-section-stretched elementor-section-height-default elementor-section-height-default\" data-id=\"8ed18a4\" data-element_type=\"section\" data-settings=\"{&quot;stretch_section&quot;:&quot;section-stretched&quot;,&quot;background_background&quot;:&quot;classic&quot;}\">\n\t\t\t\t\t\t\t<div class=\"elementor-background-overlay\"><\/div>\n\t\t\t\t\t\t\t<div class=\"elementor-container elementor-column-gap-default\">\n\t\t\t\t\t<div class=\"elementor-column elementor-col-100 elementor-top-column elementor-element elementor-element-19c07bd\" data-id=\"19c07bd\" data-element_type=\"column\">\n\t\t\t<div class=\"elementor-widget-wrap elementor-element-populated\">\n\t\t\t\t\t\t<div class=\"elementor-element elementor-element-694fb1a elementor-widget elementor-widget-heading\" data-id=\"694fb1a\" data-element_type=\"widget\" data-widget_type=\"heading.default\">\n\t\t\t\t<div class=\"elementor-widget-container\">\n\t\t\t\t\t<h2 class=\"elementor-heading-title elementor-size-default\">S\u00e9minariste \u00e0 Lourdes<\/h2>\t\t\t\t<\/div>\n\t\t\t\t<\/div>\n\t\t\t\t\t<\/div>\n\t\t<\/div>\n\t\t\t\t\t<\/div>\n\t\t<\/section>\n\t\t\t\t<section class=\"elementor-section elementor-top-section elementor-element elementor-element-5d8e5a3 elementor-section-stretched elementor-section-boxed elementor-section-height-default elementor-section-height-default\" data-id=\"5d8e5a3\" data-element_type=\"section\" data-settings=\"{&quot;background_background&quot;:&quot;classic&quot;,&quot;stretch_section&quot;:&quot;section-stretched&quot;}\">\n\t\t\t\t\t\t<div class=\"elementor-container elementor-column-gap-no\">\n\t\t\t\t\t<div class=\"elementor-column elementor-col-100 elementor-top-column elementor-element elementor-element-532c959\" data-id=\"532c959\" data-element_type=\"column\">\n\t\t\t<div class=\"elementor-widget-wrap elementor-element-populated\">\n\t\t\t\t\t\t<div class=\"elementor-element elementor-element-2ea1064 elementor-widget elementor-widget-text-editor\" data-id=\"2ea1064\" data-element_type=\"widget\" data-widget_type=\"text-editor.default\">\n\t\t\t\t<div class=\"elementor-widget-container\">\n\t\t\t\t\t\t\t\t\t<h4><span style=\"color: #1d333c;\">Accueil et accompagnement<\/span><\/h4>\n<p class=\"p2\">La mission confi\u00e9e aux s\u00e9minaristes est principalement d\u2019accueillir les p\u00e8lerins et de les accompagner dans les d\u00e9marches de p\u00e8lerinage. C\u2019est l\u2019occasion d\u2019\u00e9vang\u00e9liser, de cat\u00e9chiser, et d\u2019annoncer le message de Lourdes. Ils sont tenus dans leurs prises de paroles de professer la foi catholique. Une formation rapide leur sera donn\u00e9e \u00e0 leur arriv\u00e9e sur le message de Lourdes et la charte pour la protection des mineurs et les personnes vuln\u00e9rables. Cette charte peut \u00eatre consult\u00e9e sur le site du sanctuaire.<span class=\"Apple-converted-space\">\u00a0<\/span><\/p>\n<h4><span style=\"color: #1d333c;\">Liturgie<\/span><\/h4>\n<p class=\"p2\">Service des messes, en particulier la messe du p\u00e8lerin de 11h15, et la messe internationale les mercredi et dimanche. Animation du Chemin de Croix. Service pendant les processions eucharistiques et mariales.<\/p>\n<h4><span style=\"color: #1d333c;\">Service<\/span><\/h4>\n<p class=\"p2\">Service aux piscines aupr\u00e8s des p\u00e8lerins malades, \u00e0 l\u2019OCH et participation \u00e0 la pastorale des jeunes.<\/p>\n\t\t\t\t\t\t\t\t<\/div>\n\t\t\t\t<\/div>\n\t\t\t\t\t<\/div>\n\t\t<\/div>\n\t\t\t\t\t<\/div>\n\t\t<\/section>\n\t\t\t\t<section class=\"elementor-section elementor-top-section elementor-element elementor-element-8ed4714 elementor-section-boxed elementor-section-height-default elementor-section-height-default\" data-id=\"8ed4714\" data-element_type=\"section\">\n\t\t\t\t\t\t<div class=\"elementor-container elementor-column-gap-default\">\n\t\t\t\t\t<div class=\"elementor-column elementor-col-100 elementor-top-column elementor-element elementor-element-bd3547e\" data-id=\"bd3547e\" data-element_type=\"column\">\n\t\t\t<div class=\"elementor-widget-wrap elementor-element-populated\">\n\t\t\t\t\t\t<div class=\"elementor-element elementor-element-46a49ca elementor-widget elementor-widget-image\" data-id=\"46a49ca\" data-element_type=\"widget\" data-widget_type=\"image.default\">\n\t\t\t\t<div class=\"elementor-widget-container\">\n\t\t\t\t\t\t\t\t\t\t\t\t\t\t\t<img fetchpriority=\"high\" decoding=\"async\" width=\"1920\" height=\"1280\" src=\"https:\/\/www.lourdes-france.com\/wp-content\/uploads\/2023\/02\/seminaristes_img_1920X1280px.jpg\" class=\"attachment-full size-full wp-image-806185\" alt=\"S\u00e9minaristes en service \u00e0 Lourdes\" srcset=\"https:\/\/www.lourdes-france.com\/wp-content\/uploads\/2023\/02\/seminaristes_img_1920X1280px.jpg 1920w, https:\/\/www.lourdes-france.com\/wp-content\/uploads\/2023\/02\/seminaristes_img_1920X1280px-300x200.jpg 300w, https:\/\/www.lourdes-france.com\/wp-content\/uploads\/2023\/02\/seminaristes_img_1920X1280px-1024x683.jpg 1024w, https:\/\/www.lourdes-france.com\/wp-content\/uploads\/2023\/02\/seminaristes_img_1920X1280px-768x512.jpg 768w, https:\/\/www.lourdes-france.com\/wp-content\/uploads\/2023\/02\/seminaristes_img_1920X1280px-1536x1024.jpg 1536w\" sizes=\"(max-width: 1920px) 100vw, 1920px\" \/>\t\t\t\t\t\t\t\t\t\t\t\t\t\t\t<\/div>\n\t\t\t\t<\/div>\n\t\t\t\t\t<\/div>\n\t\t<\/div>\n\t\t\t\t\t<\/div>\n\t\t<\/section>\n\t\t\t\t<section class=\"elementor-section elementor-top-section elementor-element elementor-element-5056165 elementor-section-boxed elementor-section-height-default elementor-section-height-default\" data-id=\"5056165\" data-element_type=\"section\">\n\t\t\t\t\t\t<div class=\"elementor-container elementor-column-gap-default\">\n\t\t\t\t\t<div class=\"elementor-column elementor-col-100 elementor-top-column elementor-element elementor-element-bfc5903\" data-id=\"bfc5903\" data-element_type=\"column\">\n\t\t\t<div class=\"elementor-widget-wrap elementor-element-populated\">\n\t\t\t\t\t\t<div class=\"elementor-element elementor-element-dfd0d57 elementor-align-center elementor-widget elementor-widget-button\" data-id=\"dfd0d57\" data-element_type=\"widget\" data-widget_type=\"button.default\">\n\t\t\t\t<div class=\"elementor-widget-container\">\n\t\t\t\t\t\t\t\t\t<div class=\"elementor-button-wrapper\">\n\t\t\t\t\t<a class=\"elementor-button elementor-button-link elementor-size-sm\" href=\"https:\/\/www.lourdes-france.com\/wp-content\/uploads\/2023\/02\/Fiche-d-inscription-2023.pdf\" target=\"_blank\">\n\t\t\t\t\t\t<span class=\"elementor-button-content-wrapper\">\n\t\t\t\t\t\t<span class=\"elementor-button-icon\">\n\t\t\t\t<i aria-hidden=\"true\" class=\"far fa-file-pdf\"><\/i>\t\t\t<\/span>\n\t\t\t\t\t\t\t\t\t<span class=\"elementor-button-text\">T\u00c9L\u00c9CHARGER LA FICHE D'INSCRIPTION<\/span>\n\t\t\t\t\t<\/span>\n\t\t\t\t\t<\/a>\n\t\t\t\t<\/div>\n\t\t\t\t\t\t\t\t<\/div>\n\t\t\t\t<\/div>\n\t\t\t\t\t<\/div>\n\t\t<\/div>\n\t\t\t\t\t<\/div>\n\t\t<\/section>\n\t\t\t\t<section class=\"elementor-section elementor-top-section elementor-element elementor-element-c111659 elementor-section-boxed elementor-section-height-default elementor-section-height-default\" data-id=\"c111659\" data-element_type=\"section\">\n\t\t\t\t\t\t<div class=\"elementor-container elementor-column-gap-default\">\n\t\t\t\t\t<div class=\"elementor-column elementor-col-100 elementor-top-column elementor-element elementor-element-657437d\" data-id=\"657437d\" data-element_type=\"column\">\n\t\t\t<div class=\"elementor-widget-wrap elementor-element-populated\">\n\t\t\t\t\t\t<div class=\"elementor-element elementor-element-d2fbdee elementor-widget elementor-widget-text-editor\" data-id=\"d2fbdee\" data-element_type=\"widget\" data-widget_type=\"text-editor.default\">\n\t\t\t\t<div class=\"elementor-widget-container\">\n\t\t\t\t\t\t\t\t\t<h2>Informations\u00a0<\/h2>\n<h4>\u00a0<\/h4>\n<h5><span style=\"color: #1d333c;\">Candidature<\/span><\/h5>\n<p>Les s\u00e9minaristes qui souhaitent servir au sanctuaire de Lourdes adresseront une br\u00e8ve lettre de motivation avec leur fiche d\u2019inscription envoy\u00e9es au P. Maxime Kouassi par la poste ou \u00e0 <a href=\"mailto:maxime.kouassi@lourdesfrance.com\">maxime.kouassi@lourdesfrance.com<\/a> au plus tard la fin du mois de mai. Le sanctuaire se r\u00e9serve le droit de refuser les candidatures. Un bref rapport de stage sera envoy\u00e9 en septembre au sup\u00e9rieur ou au responsable de la formation si besoin.<\/p>\n<h5><span style=\"color: #1d333c;\">H\u00e9bergement<\/span><\/h5>\n<p class=\"p1\">Les s\u00e9minaristes sont totalement pris en charge. Ils sont h\u00e9berg\u00e9s \u00e0 la <b>Maison Marthe et Marie, dans le Sanctuaire<\/b>. Ils y prennent le petit-d\u00e9jeuner et le d\u00eener. Le d\u00e9jeuner est pris \u00e0 l\u2019accueil Notre Dame. Des tickets leur sont donn\u00e9s en d\u00e9but de s\u00e9jour pour le d\u00e9jeuner. Ils rendront les tickets non utilis\u00e9s. Le linge est pris en d\u00e9but de semaine et rendu propre en fin de semaine. Les s\u00e9minaristes s\u2019engagent dans un tour de services (m\u00e9nage, repas, vaisselle\u2026).<span class=\"Apple-converted-space\">\u00a0<\/span><\/p>\n<h5><span style=\"color: #1d333c;\">Tenue vestimentaire<\/span><\/h5>\n<p class=\"p1\">Les s\u00e9minaristes sont tenus de porter le polo du sanctuaire fourni pendant leur service pastoral. Ils rendront les polos \u00e0 la fin de leur service. Les shorts sont bannis dans le sanctuaire.<\/p>\n<h5><span style=\"color: #1d333c;\">Pri\u00e8res communautaires<\/span><\/h5>\n<p class=\"p1\">Les Laudes (7h00) et V\u00eapres (19h00) sont chant\u00e9es communautairement \u00e0 la chapelle. Les s\u00e9minaristes participent aux messes du sanctuaire.<\/p>\n<h5><span style=\"color: #1d333c;\">Responsabilit\u00e9 civile<\/span><\/h5>\n<p class=\"p1\">Au m\u00eame titre que tous les b\u00e9n\u00e9voles du sanctuaire, les s\u00e9minaristes sont couverts par nos soins en responsabilit\u00e9 civile.<\/p>\n<h5><span style=\"color: #1d333c;\">Transport<\/span><\/h5>\n<p class=\"p1\">Les s\u00e9minaristes sont tenus d\u2019arriver et de repartir aux dates pr\u00e9cises du stage. Les frais de transport sont \u00e0 leur charge. Merci d\u2019indiquer les horaires pr\u00e9cis d\u2019arriv\u00e9e et de d\u00e9part au P\u00e8re Maxime KOUASSI \u00e0 l\u2019adresse : <a href=\"mailto:maxime.kouassi@lourdes-france.com\">maxime.kouassi@lourdes-france.com<\/a><\/p>\n<h5><span style=\"color: #1d333c;\">Argent<\/span><\/h5>\n<p class=\"p1\">Le service accompli est totalement b\u00e9n\u00e9vole. Tout argent per\u00e7u de la part des p\u00e8lerins devra \u00eatre rapport\u00e9 au sanctuaire. Les s\u00e9minaristes inviteront toujours les p\u00e8lerins \u00e0 porter leurs dons au bureau des messes et des dons.<\/p>\n\t\t\t\t\t\t\t\t<\/div>\n\t\t\t\t<\/div>\n\t\t\t\t\t<\/div>\n\t\t<\/div>\n\t\t\t\t\t<\/div>\n\t\t<\/section>\n\t\t\t\t<\/div>\n\t\t","protected":false},"excerpt":{"rendered":"<p>S\u00e9minariste \u00e0 Lourdes Accueil et accompagnement La mission confi\u00e9e aux s\u00e9minaristes est principalement d\u2019accueillir les p\u00e8lerins et de les accompagner dans les d\u00e9marches de p\u00e8lerinage. C\u2019est l\u2019occasion d\u2019\u00e9vang\u00e9liser, de cat\u00e9chiser, et d\u2019annoncer le message de Lourdes. Ils sont tenus dans &hellip; <a href=\"https:\/\/www.lourdes-france.com\/pt-br\/seminaristes-en-service-pastoral\/\">Conte\u00fado<\/a><\/p>\n","protected":false},"author":1,"featured_media":0,"parent":0,"menu_order":0,"comment_status":"closed","ping_status":"closed","template":"","meta":{"_acf_changed":false,"footnotes":""},"class_list":["post-806560","page","type-page","status-publish","hentry"],"acf":[],"yoast_head":"<!-- This site is optimized with the Yoast SEO Premium plugin v24.0 (Yoast SEO v26.3) - https:\/\/yoast.com\/wordpress\/plugins\/seo\/ -->\n<title>\u00a0S\u00e9minaristes en service pastoral\u00a0 - Vivre le p\u00e8lerinage de Lourdes<\/title>\n<meta name=\"robots\" content=\"index, follow, max-snippet:-1, max-image-preview:large, max-video-preview:-1\" \/>\n<link rel=\"canonical\" href=\"https:\/\/www.lourdes-france.com\/pt-br\/seminaristes-en-service-pastoral\/\" \/>\n<meta property=\"og:locale\" content=\"pt_BR\" \/>\n<meta property=\"og:type\" content=\"article\" \/>\n<meta property=\"og:title\" content=\"\u00a0S\u00e9minaristes en service pastoral\u00a0\" \/>\n<meta property=\"og:description\" content=\"S\u00e9minariste \u00e0 Lourdes Accueil et accompagnement La mission confi\u00e9e aux s\u00e9minaristes est principalement d\u2019accueillir les p\u00e8lerins et de les accompagner dans les d\u00e9marches de p\u00e8lerinage. C\u2019est l\u2019occasion d\u2019\u00e9vang\u00e9liser, de cat\u00e9chiser, et d\u2019annoncer le message de Lourdes. Ils sont tenus dans &hellip; Conte\u00fado\" \/>\n<meta property=\"og:url\" content=\"https:\/\/www.lourdes-france.com\/pt-br\/seminaristes-en-service-pastoral\/\" \/>\n<meta property=\"og:site_name\" content=\"Vivre le p\u00e8lerinage de Lourdes\" \/>\n<meta property=\"article:modified_time\" content=\"2024-10-01T12:39:35+00:00\" \/>\n<meta property=\"og:image\" content=\"https:\/\/www.lourdes-france.com\/wp-content\/uploads\/2023\/02\/seminaristes_img_1920X1280px.jpg\" \/>\n<meta name=\"twitter:card\" content=\"summary_large_image\" \/>\n<meta name=\"twitter:label1\" content=\"Est. tempo de leitura\" \/>\n\t<meta name=\"twitter:data1\" content=\"3 minutos\" \/>\n<script type=\"application\/ld+json\" class=\"yoast-schema-graph\">{\"@context\":\"https:\/\/schema.org\",\"@graph\":[{\"@type\":\"WebPage\",\"@id\":\"https:\/\/www.lourdes-france.com\/pt-br\/seminaristes-en-service-pastoral\/\",\"url\":\"https:\/\/www.lourdes-france.com\/pt-br\/seminaristes-en-service-pastoral\/\",\"name\":\"\u00a0S\u00e9minaristes en service pastoral\u00a0 - Vivre le p\u00e8lerinage de Lourdes\",\"isPartOf\":{\"@id\":\"https:\/\/www.lourdes-france.com\/pt-br\/#website\"},\"primaryImageOfPage\":{\"@id\":\"https:\/\/www.lourdes-france.com\/pt-br\/seminaristes-en-service-pastoral\/#primaryimage\"},\"image\":{\"@id\":\"https:\/\/www.lourdes-france.com\/pt-br\/seminaristes-en-service-pastoral\/#primaryimage\"},\"thumbnailUrl\":\"https:\/\/www.lourdes-france.com\/wp-content\/uploads\/2023\/02\/seminaristes_img_1920X1280px.jpg\",\"datePublished\":\"2023-02-16T09:53:00+00:00\",\"dateModified\":\"2024-10-01T12:39:35+00:00\",\"breadcrumb\":{\"@id\":\"https:\/\/www.lourdes-france.com\/pt-br\/seminaristes-en-service-pastoral\/#breadcrumb\"},\"inLanguage\":\"pt-BR\",\"potentialAction\":[{\"@type\":\"ReadAction\",\"target\":[\"https:\/\/www.lourdes-france.com\/pt-br\/seminaristes-en-service-pastoral\/\"]}]},{\"@type\":\"ImageObject\",\"inLanguage\":\"pt-BR\",\"@id\":\"https:\/\/www.lourdes-france.com\/pt-br\/seminaristes-en-service-pastoral\/#primaryimage\",\"url\":\"https:\/\/www.lourdes-france.com\/wp-content\/uploads\/2023\/02\/seminaristes_img_1920X1280px.jpg\",\"contentUrl\":\"https:\/\/www.lourdes-france.com\/wp-content\/uploads\/2023\/02\/seminaristes_img_1920X1280px.jpg\"},{\"@type\":\"BreadcrumbList\",\"@id\":\"https:\/\/www.lourdes-france.com\/pt-br\/seminaristes-en-service-pastoral\/#breadcrumb\",\"itemListElement\":[{\"@type\":\"ListItem\",\"position\":1,\"name\":\"Accueil\",\"item\":\"https:\/\/www.lourdes-france.com\/pt-br\/\"},{\"@type\":\"ListItem\",\"position\":2,\"name\":\"\u00a0S\u00e9minaristes en service pastoral\u00a0\"}]},{\"@type\":\"WebSite\",\"@id\":\"https:\/\/www.lourdes-france.com\/pt-br\/#website\",\"url\":\"https:\/\/www.lourdes-france.com\/pt-br\/\",\"name\":\"Sanctuaire Notre-Dame de Lourdes\",\"description\":\"\",\"publisher\":{\"@id\":\"https:\/\/www.lourdes-france.com\/pt-br\/#organization\"},\"potentialAction\":[{\"@type\":\"SearchAction\",\"target\":{\"@type\":\"EntryPoint\",\"urlTemplate\":\"https:\/\/www.lourdes-france.com\/pt-br\/?s={search_term_string}\"},\"query-input\":{\"@type\":\"PropertyValueSpecification\",\"valueRequired\":true,\"valueName\":\"search_term_string\"}}],\"inLanguage\":\"pt-BR\"},{\"@type\":\"Organization\",\"@id\":\"https:\/\/www.lourdes-france.com\/pt-br\/#organization\",\"name\":\"Sanctuaire Notre-Dame de Lourdes\",\"url\":\"https:\/\/www.lourdes-france.com\/pt-br\/\",\"logo\":{\"@type\":\"ImageObject\",\"inLanguage\":\"pt-BR\",\"@id\":\"https:\/\/www.lourdes-france.com\/pt-br\/#\/schema\/logo\/image\/\",\"url\":\"https:\/\/www.lourdes-france.com\/wp-content\/uploads\/2021\/11\/logo-small.png\",\"contentUrl\":\"https:\/\/www.lourdes-france.com\/wp-content\/uploads\/2021\/11\/logo-small.png\",\"width\":834,\"height\":521,\"caption\":\"Sanctuaire Notre-Dame de Lourdes\"},\"image\":{\"@id\":\"https:\/\/www.lourdes-france.com\/pt-br\/#\/schema\/logo\/image\/\"}}]}<\/script>\n<!-- \/ Yoast SEO Premium plugin. -->","yoast_head_json":{"title":"\u00a0S\u00e9minaristes en service pastoral\u00a0 - Vivre le p\u00e8lerinage de Lourdes","robots":{"index":"index","follow":"follow","max-snippet":"max-snippet:-1","max-image-preview":"max-image-preview:large","max-video-preview":"max-video-preview:-1"},"canonical":"https:\/\/www.lourdes-france.com\/pt-br\/seminaristes-en-service-pastoral\/","og_locale":"pt_BR","og_type":"article","og_title":"\u00a0S\u00e9minaristes en service pastoral\u00a0","og_description":"S\u00e9minariste \u00e0 Lourdes Accueil et accompagnement La mission confi\u00e9e aux s\u00e9minaristes est principalement d\u2019accueillir les p\u00e8lerins et de les accompagner dans les d\u00e9marches de p\u00e8lerinage. C\u2019est l\u2019occasion d\u2019\u00e9vang\u00e9liser, de cat\u00e9chiser, et d\u2019annoncer le message de Lourdes. Ils sont tenus dans &hellip; Conte\u00fado","og_url":"https:\/\/www.lourdes-france.com\/pt-br\/seminaristes-en-service-pastoral\/","og_site_name":"Vivre le p\u00e8lerinage de Lourdes","article_modified_time":"2024-10-01T12:39:35+00:00","og_image":[{"url":"https:\/\/www.lourdes-france.com\/wp-content\/uploads\/2023\/02\/seminaristes_img_1920X1280px.jpg","type":"","width":"","height":""}],"twitter_card":"summary_large_image","twitter_misc":{"Est. tempo de leitura":"3 minutos"},"schema":{"@context":"https:\/\/schema.org","@graph":[{"@type":"WebPage","@id":"https:\/\/www.lourdes-france.com\/pt-br\/seminaristes-en-service-pastoral\/","url":"https:\/\/www.lourdes-france.com\/pt-br\/seminaristes-en-service-pastoral\/","name":"\u00a0S\u00e9minaristes en service pastoral\u00a0 - Vivre le p\u00e8lerinage de Lourdes","isPartOf":{"@id":"https:\/\/www.lourdes-france.com\/pt-br\/#website"},"primaryImageOfPage":{"@id":"https:\/\/www.lourdes-france.com\/pt-br\/seminaristes-en-service-pastoral\/#primaryimage"},"image":{"@id":"https:\/\/www.lourdes-france.com\/pt-br\/seminaristes-en-service-pastoral\/#primaryimage"},"thumbnailUrl":"https:\/\/www.lourdes-france.com\/wp-content\/uploads\/2023\/02\/seminaristes_img_1920X1280px.jpg","datePublished":"2023-02-16T09:53:00+00:00","dateModified":"2024-10-01T12:39:35+00:00","breadcrumb":{"@id":"https:\/\/www.lourdes-france.com\/pt-br\/seminaristes-en-service-pastoral\/#breadcrumb"},"inLanguage":"pt-BR","potentialAction":[{"@type":"ReadAction","target":["https:\/\/www.lourdes-france.com\/pt-br\/seminaristes-en-service-pastoral\/"]}]},{"@type":"ImageObject","inLanguage":"pt-BR","@id":"https:\/\/www.lourdes-france.com\/pt-br\/seminaristes-en-service-pastoral\/#primaryimage","url":"https:\/\/www.lourdes-france.com\/wp-content\/uploads\/2023\/02\/seminaristes_img_1920X1280px.jpg","contentUrl":"https:\/\/www.lourdes-france.com\/wp-content\/uploads\/2023\/02\/seminaristes_img_1920X1280px.jpg"},{"@type":"BreadcrumbList","@id":"https:\/\/www.lourdes-france.com\/pt-br\/seminaristes-en-service-pastoral\/#breadcrumb","itemListElement":[{"@type":"ListItem","position":1,"name":"Accueil","item":"https:\/\/www.lourdes-france.com\/pt-br\/"},{"@type":"ListItem","position":2,"name":"\u00a0S\u00e9minaristes en service pastoral\u00a0"}]},{"@type":"WebSite","@id":"https:\/\/www.lourdes-france.com\/pt-br\/#website","url":"https:\/\/www.lourdes-france.com\/pt-br\/","name":"Sanctuaire Notre-Dame de Lourdes","description":"","publisher":{"@id":"https:\/\/www.lourdes-france.com\/pt-br\/#organization"},"potentialAction":[{"@type":"SearchAction","target":{"@type":"EntryPoint","urlTemplate":"https:\/\/www.lourdes-france.com\/pt-br\/?s={search_term_string}"},"query-input":{"@type":"PropertyValueSpecification","valueRequired":true,"valueName":"search_term_string"}}],"inLanguage":"pt-BR"},{"@type":"Organization","@id":"https:\/\/www.lourdes-france.com\/pt-br\/#organization","name":"Sanctuaire Notre-Dame de Lourdes","url":"https:\/\/www.lourdes-france.com\/pt-br\/","logo":{"@type":"ImageObject","inLanguage":"pt-BR","@id":"https:\/\/www.lourdes-france.com\/pt-br\/#\/schema\/logo\/image\/","url":"https:\/\/www.lourdes-france.com\/wp-content\/uploads\/2021\/11\/logo-small.png","contentUrl":"https:\/\/www.lourdes-france.com\/wp-content\/uploads\/2021\/11\/logo-small.png","width":834,"height":521,"caption":"Sanctuaire Notre-Dame de Lourdes"},"image":{"@id":"https:\/\/www.lourdes-france.com\/pt-br\/#\/schema\/logo\/image\/"}}]}},"_links":{"self":[{"href":"https:\/\/www.lourdes-france.com\/pt-br\/wp-json\/wp\/v2\/pages\/806560","targetHints":{"allow":["GET"]}}],"collection":[{"href":"https:\/\/www.lourdes-france.com\/pt-br\/wp-json\/wp\/v2\/pages"}],"about":[{"href":"https:\/\/www.lourdes-france.com\/pt-br\/wp-json\/wp\/v2\/types\/page"}],"author":[{"embeddable":true,"href":"https:\/\/www.lourdes-france.com\/pt-br\/wp-json\/wp\/v2\/users\/1"}],"replies":[{"embeddable":true,"href":"https:\/\/www.lourdes-france.com\/pt-br\/wp-json\/wp\/v2\/comments?post=806560"}],"version-history":[{"count":0,"href":"https:\/\/www.lourdes-france.com\/pt-br\/wp-json\/wp\/v2\/pages\/806560\/revisions"}],"wp:attachment":[{"href":"https:\/\/www.lourdes-france.com\/pt-br\/wp-json\/wp\/v2\/media?parent=806560"}],"curies":[{"name":"wp","href":"https:\/\/api.w.org\/{rel}","templated":true}]}}