{"id":857486,"date":"2025-06-23T09:52:16","date_gmt":"2025-06-23T07:52:16","guid":{"rendered":"https:\/\/www.lourdes-france.com\/theme-pastoral\/"},"modified":"2025-12-31T11:20:38","modified_gmt":"2025-12-31T10:20:38","slug":"theme-pastoral","status":"publish","type":"page","link":"https:\/\/www.lourdes-france.com\/pl\/theme-pastoral\/","title":{"rendered":"Th\u00e8me pastoral"},"content":{"rendered":"\t\t<div data-elementor-type=\"wp-page\" data-elementor-id=\"857486\" class=\"elementor elementor-857486 elementor-857466\" data-elementor-post-type=\"page\">\n\t\t\t\t\t\t<section class=\"elementor-section elementor-top-section elementor-element elementor-element-c7be449 elementor-section-full_width elementor-section-stretched elementor-section-height-default elementor-section-height-default\" data-id=\"c7be449\" data-element_type=\"section\" data-settings=\"{&quot;stretch_section&quot;:&quot;section-stretched&quot;,&quot;background_background&quot;:&quot;classic&quot;}\">\n\t\t\t\t\t\t\t<div class=\"elementor-background-overlay\"><\/div>\n\t\t\t\t\t\t\t<div class=\"elementor-container elementor-column-gap-default\">\n\t\t\t\t\t<div class=\"elementor-column elementor-col-100 elementor-top-column elementor-element elementor-element-230c0d2\" data-id=\"230c0d2\" data-element_type=\"column\">\n\t\t\t<div class=\"elementor-widget-wrap elementor-element-populated\">\n\t\t\t\t\t\t<div class=\"elementor-element elementor-element-65c237f elementor-widget elementor-widget-heading\" data-id=\"65c237f\" data-element_type=\"widget\" data-widget_type=\"heading.default\">\n\t\t\t\t<div class=\"elementor-widget-container\">\n\t\t\t\t\t<h2 class=\"elementor-heading-title elementor-size-default\">Temat duszpasterski sanktuarium w Lourdes<\/h2>\t\t\t\t<\/div>\n\t\t\t\t<\/div>\n\t\t\t\t\t<\/div>\n\t\t<\/div>\n\t\t\t\t\t<\/div>\n\t\t<\/section>\n\t\t\t\t<section class=\"elementor-section elementor-top-section elementor-element elementor-element-724d6de elementor-section-boxed elementor-section-height-default elementor-section-height-default\" data-id=\"724d6de\" data-element_type=\"section\">\n\t\t\t\t\t\t<div class=\"elementor-container elementor-column-gap-default\">\n\t\t\t\t\t<div class=\"elementor-column elementor-col-100 elementor-top-column elementor-element elementor-element-edef9f1\" data-id=\"edef9f1\" data-element_type=\"column\">\n\t\t\t<div class=\"elementor-widget-wrap elementor-element-populated\">\n\t\t\t\t\t\t<div class=\"elementor-element elementor-element-72f152c elementor-widget elementor-widget-spacer\" data-id=\"72f152c\" data-element_type=\"widget\" data-widget_type=\"spacer.default\">\n\t\t\t\t<div class=\"elementor-widget-container\">\n\t\t\t\t\t\t\t<div class=\"elementor-spacer\">\n\t\t\t<div class=\"elementor-spacer-inner\"><\/div>\n\t\t<\/div>\n\t\t\t\t\t\t<\/div>\n\t\t\t\t<\/div>\n\t\t\t\t<div class=\"elementor-element elementor-element-2ecc642 elementor-widget elementor-widget-text-editor\" data-id=\"2ecc642\" data-element_type=\"widget\" data-widget_type=\"text-editor.default\">\n\t\t\t\t<div class=\"elementor-widget-container\">\n\t\t\t\t\t\t\t\t\t<h2 style=\"text-align: center;\">Lourdes, Temat roku 2026<\/h2><h3 style=\"text-align: center;\">\u201eB\u0105d\u017a pozdrowiona, pe\u0142na \u0142aski, Pan z Tob\u0105\u201d (\u0141k 1,28)<\/h3><h5 style=\"text-align: center;\">O. Nicola Ventriglia, omi<br \/>O. Giuseppe Serighelli, cp<br \/><br \/><\/h5><p>Ka\u017cdego roku sanktuarium Matki Bo\u017cej w Lourdes przedstawia temat przewodni \u2013 podstawowy program duszpasterski i programowy na bie\u017c\u0105cy rok \u2013 przeznaczony dla organizator\u00f3w i animator\u00f3w pielgrzymek.<br \/>Ma on na celu dostarczenie pomys\u0142\u00f3w na animacj\u0119 pielgrzymek i \u017cycia w sanktuarium w ci\u0105gu roku.\u2028<\/p><p>W ci\u0105gu najbli\u017cszych trzech lat sanktuarium w Lourdes zaprasza na pielgrzymk\u0119 duchow\u0105, podr\u00f3\u017c do serca do\u015bwiadczenia Matki Bo\u017cej:<br \/><strong>2026: Zwiastowanie<\/strong><br \/>2027: Nawiedzenie<br \/>2028: Magnificat i 170 lat objawie\u0144<\/p><p>W roku 2026, kieruj\u0105c si\u0119 opowie\u015bci\u0105 o Zwiastowaniu, sanktuarium zaprasza do poddania si\u0119 przewodnictwu.\u2028 Poprzez kontemplacj\u0119 Maryi u progu jej niesamowitej przygody wiary, na samym pocz\u0105tku jej absolutnego zaufania woli Bo\u017cej, niech pielgrzymka do Lourdes b\u0119dzie progiem naszego \u201etak\u201d.<\/p>\t\t\t\t\t\t\t\t<\/div>\n\t\t\t\t<\/div>\n\t\t\t\t<div class=\"elementor-element elementor-element-ee21582 elementor-widget elementor-widget-image\" data-id=\"ee21582\" data-element_type=\"widget\" data-widget_type=\"image.default\">\n\t\t\t\t<div class=\"elementor-widget-container\">\n\t\t\t\t\t\t\t\t\t\t\t\t\t\t\t<img fetchpriority=\"high\" decoding=\"async\" width=\"2560\" height=\"2560\" src=\"https:\/\/www.lourdes-france.com\/wp-content\/uploads\/2025\/11\/logo-PO_jetesalue-logo-scaled.png\" class=\"attachment-full size-full wp-image-865890\" alt=\"\" srcset=\"https:\/\/www.lourdes-france.com\/wp-content\/uploads\/2025\/11\/logo-PO_jetesalue-logo-scaled.png 2560w, https:\/\/www.lourdes-france.com\/wp-content\/uploads\/2025\/11\/logo-PO_jetesalue-logo-300x300.png 300w, https:\/\/www.lourdes-france.com\/wp-content\/uploads\/2025\/11\/logo-PO_jetesalue-logo-1024x1024.png 1024w, https:\/\/www.lourdes-france.com\/wp-content\/uploads\/2025\/11\/logo-PO_jetesalue-logo-150x150.png 150w, https:\/\/www.lourdes-france.com\/wp-content\/uploads\/2025\/11\/logo-PO_jetesalue-logo-768x768.png 768w, https:\/\/www.lourdes-france.com\/wp-content\/uploads\/2025\/11\/logo-PO_jetesalue-logo-1536x1536.png 1536w, https:\/\/www.lourdes-france.com\/wp-content\/uploads\/2025\/11\/logo-PO_jetesalue-logo-2048x2048.png 2048w\" sizes=\"(max-width: 2560px) 100vw, 2560px\" \/>\t\t\t\t\t\t\t\t\t\t\t\t\t\t\t<\/div>\n\t\t\t\t<\/div>\n\t\t\t\t<div class=\"elementor-element elementor-element-90dbd37 elementor-widget elementor-widget-ucaddon_blox_btn_group\" data-id=\"90dbd37\" data-element_type=\"widget\" data-widget_type=\"ucaddon_blox_btn_group.default\">\n\t\t\t\t<div class=\"elementor-widget-container\">\n\t\t\t\t\t\n<!-- start Button Group -->\n\t\t<link id='font-awesome-css' href='https:\/\/www.lourdes-france.com\/wp-content\/plugins\/unlimited-elements-for-elementor_disabled\/assets_libraries\/font-awesome6\/fontawesome-all.min.css' type='text\/css' rel='stylesheet' >\n\t\t<link id='font-awesome-4-shim-css' href='https:\/\/www.lourdes-france.com\/wp-content\/plugins\/unlimited-elements-for-elementor_disabled\/assets_libraries\/font-awesome6\/fontawesome-v4-shims.min.css' type='text\/css' rel='stylesheet' >\n\n<style>\/* widget: Button Group *\/\n\n#uc_blox_btn_group_elementor_90dbd37\n{\n  display:flex;\n  flex-wrap: wrap;\n}\n\n#uc_blox_btn_group_elementor_90dbd37 a\n{\n  display:block;\n  text-decoration:none;\n  transition:0.3s;\n\n}\n\n#uc_blox_btn_group_elementor_90dbd37 .blox_btn_group_inner\n{\n  display:inline-flex;\n  align-items:center;\n}\n\n#uc_blox_btn_group_elementor_90dbd37 .blox_btn_group_inner .ue-btn-icon\n{\n  line-height:1em;\n}\n\n#uc_blox_btn_group_elementor_90dbd37 .blox_btn_group_inner .ue-btn-icon svg\n{\n  height:1em;\n  width:1em;\n}\n\n<\/style>\n\n<div id=\"uc_blox_btn_group_elementor_90dbd37\" class=\"blox_btn_group uc-items-wrapper \" >\n  <a class=\"elementor-repeater-item-af1182c elementor-animation-grow\" href=\"https:\/\/lourdes-france.com\/uploads\/logo2026\/PO.zip\" id=\"uc_blox_btn_group_elementor_90dbd37_item1\" >\n  <div class=\"blox_btn_group_inner\">\n        <div class=\"ue-btn-icon\"><i class='fas fa-file-download'><\/i><\/div>\n        <div class=\"ue-btn-txt\"> Pobierz logo<\/div>\n  <\/div>\n<\/a>\n<a class=\"elementor-repeater-item-dfb12e0 elementor-animation-grow\" href=\"https:\/\/lourdes-france.com\/uploads\/kit2026\/kitPO.zip\" id=\"uc_blox_btn_group_elementor_90dbd37_item2\" >\n  <div class=\"blox_btn_group_inner\">\n        <div class=\"ue-btn-icon\"><i class='fas fa-file-download'><\/i><\/div>\n        <div class=\"ue-btn-txt\">Pobierz zestaw materia\u0142\u00f3w komunikacyjnych<\/div>\n  <\/div>\n<\/a>\n<a class=\"elementor-repeater-item-25998fc elementor-animation-grow\" href=\"https:\/\/www.lourdes-france.com\/wp-content\/uploads\/2025\/12\/THEME-ANNEE_PL.pdf\" id=\"uc_blox_btn_group_elementor_90dbd37_item3\" >\n  <div class=\"blox_btn_group_inner\">\n        <div class=\"ue-btn-icon\"><i class='fas fa-file-download'><\/i><\/div>\n        <div class=\"ue-btn-txt\">Pobierz temat duszpasterski na rok 2026<\/div>\n  <\/div>\n<\/a>\n\n  \n\n\n<\/div>\n<!-- end Button Group -->\t\t\t\t<\/div>\n\t\t\t\t<\/div>\n\t\t\t\t\t<\/div>\n\t\t<\/div>\n\t\t\t\t\t<\/div>\n\t\t<\/section>\n\t\t\t\t<\/div>\n\t\t","protected":false},"excerpt":{"rendered":"<p>Temat duszpasterski sanktuarium w Lourdes Lourdes, Temat roku 2026 \u201eB\u0105d\u017a pozdrowiona, pe\u0142na \u0142aski, Pan z Tob\u0105\u201d (\u0141k 1,28) O. Nicola Ventriglia, omiO. Giuseppe Serighelli, cp Ka\u017cdego roku sanktuarium Matki Bo\u017cej w Lourdes przedstawia temat przewodni \u2013 podstawowy program duszpasterski i &hellip; <a href=\"https:\/\/www.lourdes-france.com\/pl\/theme-pastoral\/\">Continued<\/a><\/p>\n","protected":false},"author":9,"featured_media":0,"parent":0,"menu_order":0,"comment_status":"closed","ping_status":"closed","template":"","meta":{"_acf_changed":false,"footnotes":""},"class_list":["post-857486","page","type-page","status-publish","hentry"],"acf":[],"yoast_head":"<!-- This site is optimized with the Yoast SEO Premium plugin v24.0 (Yoast SEO v26.3) - https:\/\/yoast.com\/wordpress\/plugins\/seo\/ -->\n<title>Th\u00e8me pastoral - Vivre le p\u00e8lerinage de Lourdes<\/title>\n<meta name=\"robots\" content=\"index, follow, max-snippet:-1, max-image-preview:large, max-video-preview:-1\" \/>\n<link rel=\"canonical\" href=\"https:\/\/www.lourdes-france.com\/pl\/theme-pastoral\/\" \/>\n<meta property=\"og:locale\" content=\"pl_PL\" \/>\n<meta property=\"og:type\" content=\"article\" \/>\n<meta property=\"og:title\" content=\"Th\u00e8me pastoral\" \/>\n<meta property=\"og:description\" content=\"Temat duszpasterski sanktuarium w Lourdes Lourdes, Temat roku 2026 \u201eB\u0105d\u017a pozdrowiona, pe\u0142na \u0142aski, Pan z Tob\u0105\u201d (\u0141k 1,28) O. Nicola Ventriglia, omiO. Giuseppe Serighelli, cp Ka\u017cdego roku sanktuarium Matki Bo\u017cej w Lourdes przedstawia temat przewodni \u2013 podstawowy program duszpasterski i &hellip; Continued\" \/>\n<meta property=\"og:url\" content=\"https:\/\/www.lourdes-france.com\/pl\/theme-pastoral\/\" \/>\n<meta property=\"og:site_name\" content=\"Vivre le p\u00e8lerinage de Lourdes\" \/>\n<meta property=\"article:modified_time\" content=\"2025-12-31T10:20:38+00:00\" \/>\n<meta property=\"og:image\" content=\"https:\/\/www.lourdes-france.com\/wp-content\/uploads\/2025\/11\/logo-PO_jetesalue-logo-scaled.png\" \/>\n\t<meta property=\"og:image:width\" content=\"2560\" \/>\n\t<meta property=\"og:image:height\" content=\"2560\" \/>\n\t<meta property=\"og:image:type\" content=\"image\/png\" \/>\n<meta name=\"twitter:card\" content=\"summary_large_image\" \/>\n<meta name=\"twitter:label1\" content=\"Szacowany czas czytania\" \/>\n\t<meta name=\"twitter:data1\" content=\"2 minuty\" \/>\n<script type=\"application\/ld+json\" class=\"yoast-schema-graph\">{\"@context\":\"https:\/\/schema.org\",\"@graph\":[{\"@type\":\"WebPage\",\"@id\":\"https:\/\/www.lourdes-france.com\/pl\/theme-pastoral\/\",\"url\":\"https:\/\/www.lourdes-france.com\/pl\/theme-pastoral\/\",\"name\":\"Th\u00e8me pastoral - Vivre le p\u00e8lerinage de Lourdes\",\"isPartOf\":{\"@id\":\"https:\/\/www.lourdes-france.com\/pl\/#website\"},\"primaryImageOfPage\":{\"@id\":\"https:\/\/www.lourdes-france.com\/pl\/theme-pastoral\/#primaryimage\"},\"image\":{\"@id\":\"https:\/\/www.lourdes-france.com\/pl\/theme-pastoral\/#primaryimage\"},\"thumbnailUrl\":\"https:\/\/www.lourdes-france.com\/wp-content\/uploads\/2025\/11\/logo-PO_jetesalue-logo-scaled.png\",\"datePublished\":\"2025-06-23T07:52:16+00:00\",\"dateModified\":\"2025-12-31T10:20:38+00:00\",\"breadcrumb\":{\"@id\":\"https:\/\/www.lourdes-france.com\/pl\/theme-pastoral\/#breadcrumb\"},\"inLanguage\":\"pl-PL\",\"potentialAction\":[{\"@type\":\"ReadAction\",\"target\":[\"https:\/\/www.lourdes-france.com\/pl\/theme-pastoral\/\"]}]},{\"@type\":\"ImageObject\",\"inLanguage\":\"pl-PL\",\"@id\":\"https:\/\/www.lourdes-france.com\/pl\/theme-pastoral\/#primaryimage\",\"url\":\"https:\/\/www.lourdes-france.com\/wp-content\/uploads\/2025\/11\/logo-PO_jetesalue-logo-scaled.png\",\"contentUrl\":\"https:\/\/www.lourdes-france.com\/wp-content\/uploads\/2025\/11\/logo-PO_jetesalue-logo-scaled.png\"},{\"@type\":\"BreadcrumbList\",\"@id\":\"https:\/\/www.lourdes-france.com\/pl\/theme-pastoral\/#breadcrumb\",\"itemListElement\":[{\"@type\":\"ListItem\",\"position\":1,\"name\":\"Accueil\",\"item\":\"https:\/\/www.lourdes-france.com\/pl\/\"},{\"@type\":\"ListItem\",\"position\":2,\"name\":\"Th\u00e8me pastoral\"}]},{\"@type\":\"WebSite\",\"@id\":\"https:\/\/www.lourdes-france.com\/pl\/#website\",\"url\":\"https:\/\/www.lourdes-france.com\/pl\/\",\"name\":\"Sanctuaire Notre-Dame de Lourdes\",\"description\":\"\",\"publisher\":{\"@id\":\"https:\/\/www.lourdes-france.com\/pl\/#organization\"},\"potentialAction\":[{\"@type\":\"SearchAction\",\"target\":{\"@type\":\"EntryPoint\",\"urlTemplate\":\"https:\/\/www.lourdes-france.com\/pl\/?s={search_term_string}\"},\"query-input\":{\"@type\":\"PropertyValueSpecification\",\"valueRequired\":true,\"valueName\":\"search_term_string\"}}],\"inLanguage\":\"pl-PL\"},{\"@type\":\"Organization\",\"@id\":\"https:\/\/www.lourdes-france.com\/pl\/#organization\",\"name\":\"Sanctuaire Notre-Dame de Lourdes\",\"url\":\"https:\/\/www.lourdes-france.com\/pl\/\",\"logo\":{\"@type\":\"ImageObject\",\"inLanguage\":\"pl-PL\",\"@id\":\"https:\/\/www.lourdes-france.com\/pl\/#\/schema\/logo\/image\/\",\"url\":\"https:\/\/www.lourdes-france.com\/wp-content\/uploads\/2021\/11\/logo-small.png\",\"contentUrl\":\"https:\/\/www.lourdes-france.com\/wp-content\/uploads\/2021\/11\/logo-small.png\",\"width\":834,\"height\":521,\"caption\":\"Sanctuaire Notre-Dame de Lourdes\"},\"image\":{\"@id\":\"https:\/\/www.lourdes-france.com\/pl\/#\/schema\/logo\/image\/\"}}]}<\/script>\n<!-- \/ Yoast SEO Premium plugin. -->","yoast_head_json":{"title":"Th\u00e8me pastoral - Vivre le p\u00e8lerinage de Lourdes","robots":{"index":"index","follow":"follow","max-snippet":"max-snippet:-1","max-image-preview":"max-image-preview:large","max-video-preview":"max-video-preview:-1"},"canonical":"https:\/\/www.lourdes-france.com\/pl\/theme-pastoral\/","og_locale":"pl_PL","og_type":"article","og_title":"Th\u00e8me pastoral","og_description":"Temat duszpasterski sanktuarium w Lourdes Lourdes, Temat roku 2026 \u201eB\u0105d\u017a pozdrowiona, pe\u0142na \u0142aski, Pan z Tob\u0105\u201d (\u0141k 1,28) O. Nicola Ventriglia, omiO. Giuseppe Serighelli, cp Ka\u017cdego roku sanktuarium Matki Bo\u017cej w Lourdes przedstawia temat przewodni \u2013 podstawowy program duszpasterski i &hellip; Continued","og_url":"https:\/\/www.lourdes-france.com\/pl\/theme-pastoral\/","og_site_name":"Vivre le p\u00e8lerinage de Lourdes","article_modified_time":"2025-12-31T10:20:38+00:00","og_image":[{"width":2560,"height":2560,"url":"https:\/\/www.lourdes-france.com\/wp-content\/uploads\/2025\/11\/logo-PO_jetesalue-logo-scaled.png","type":"image\/png"}],"twitter_card":"summary_large_image","twitter_misc":{"Szacowany czas czytania":"2 minuty"},"schema":{"@context":"https:\/\/schema.org","@graph":[{"@type":"WebPage","@id":"https:\/\/www.lourdes-france.com\/pl\/theme-pastoral\/","url":"https:\/\/www.lourdes-france.com\/pl\/theme-pastoral\/","name":"Th\u00e8me pastoral - Vivre le p\u00e8lerinage de Lourdes","isPartOf":{"@id":"https:\/\/www.lourdes-france.com\/pl\/#website"},"primaryImageOfPage":{"@id":"https:\/\/www.lourdes-france.com\/pl\/theme-pastoral\/#primaryimage"},"image":{"@id":"https:\/\/www.lourdes-france.com\/pl\/theme-pastoral\/#primaryimage"},"thumbnailUrl":"https:\/\/www.lourdes-france.com\/wp-content\/uploads\/2025\/11\/logo-PO_jetesalue-logo-scaled.png","datePublished":"2025-06-23T07:52:16+00:00","dateModified":"2025-12-31T10:20:38+00:00","breadcrumb":{"@id":"https:\/\/www.lourdes-france.com\/pl\/theme-pastoral\/#breadcrumb"},"inLanguage":"pl-PL","potentialAction":[{"@type":"ReadAction","target":["https:\/\/www.lourdes-france.com\/pl\/theme-pastoral\/"]}]},{"@type":"ImageObject","inLanguage":"pl-PL","@id":"https:\/\/www.lourdes-france.com\/pl\/theme-pastoral\/#primaryimage","url":"https:\/\/www.lourdes-france.com\/wp-content\/uploads\/2025\/11\/logo-PO_jetesalue-logo-scaled.png","contentUrl":"https:\/\/www.lourdes-france.com\/wp-content\/uploads\/2025\/11\/logo-PO_jetesalue-logo-scaled.png"},{"@type":"BreadcrumbList","@id":"https:\/\/www.lourdes-france.com\/pl\/theme-pastoral\/#breadcrumb","itemListElement":[{"@type":"ListItem","position":1,"name":"Accueil","item":"https:\/\/www.lourdes-france.com\/pl\/"},{"@type":"ListItem","position":2,"name":"Th\u00e8me pastoral"}]},{"@type":"WebSite","@id":"https:\/\/www.lourdes-france.com\/pl\/#website","url":"https:\/\/www.lourdes-france.com\/pl\/","name":"Sanctuaire Notre-Dame de Lourdes","description":"","publisher":{"@id":"https:\/\/www.lourdes-france.com\/pl\/#organization"},"potentialAction":[{"@type":"SearchAction","target":{"@type":"EntryPoint","urlTemplate":"https:\/\/www.lourdes-france.com\/pl\/?s={search_term_string}"},"query-input":{"@type":"PropertyValueSpecification","valueRequired":true,"valueName":"search_term_string"}}],"inLanguage":"pl-PL"},{"@type":"Organization","@id":"https:\/\/www.lourdes-france.com\/pl\/#organization","name":"Sanctuaire Notre-Dame de Lourdes","url":"https:\/\/www.lourdes-france.com\/pl\/","logo":{"@type":"ImageObject","inLanguage":"pl-PL","@id":"https:\/\/www.lourdes-france.com\/pl\/#\/schema\/logo\/image\/","url":"https:\/\/www.lourdes-france.com\/wp-content\/uploads\/2021\/11\/logo-small.png","contentUrl":"https:\/\/www.lourdes-france.com\/wp-content\/uploads\/2021\/11\/logo-small.png","width":834,"height":521,"caption":"Sanctuaire Notre-Dame de Lourdes"},"image":{"@id":"https:\/\/www.lourdes-france.com\/pl\/#\/schema\/logo\/image\/"}}]}},"_links":{"self":[{"href":"https:\/\/www.lourdes-france.com\/pl\/wp-json\/wp\/v2\/pages\/857486","targetHints":{"allow":["GET"]}}],"collection":[{"href":"https:\/\/www.lourdes-france.com\/pl\/wp-json\/wp\/v2\/pages"}],"about":[{"href":"https:\/\/www.lourdes-france.com\/pl\/wp-json\/wp\/v2\/types\/page"}],"author":[{"embeddable":true,"href":"https:\/\/www.lourdes-france.com\/pl\/wp-json\/wp\/v2\/users\/9"}],"replies":[{"embeddable":true,"href":"https:\/\/www.lourdes-france.com\/pl\/wp-json\/wp\/v2\/comments?post=857486"}],"version-history":[{"count":10,"href":"https:\/\/www.lourdes-france.com\/pl\/wp-json\/wp\/v2\/pages\/857486\/revisions"}],"predecessor-version":[{"id":869526,"href":"https:\/\/www.lourdes-france.com\/pl\/wp-json\/wp\/v2\/pages\/857486\/revisions\/869526"}],"wp:attachment":[{"href":"https:\/\/www.lourdes-france.com\/pl\/wp-json\/wp\/v2\/media?parent=857486"}],"curies":[{"name":"wp","href":"https:\/\/api.w.org\/{rel}","templated":true}]}}