{"id":841736,"date":"2021-11-12T14:41:13","date_gmt":"2021-11-12T13:41:13","guid":{"rendered":"https:\/\/www.lourdes-france.com\/les-apparitions-de-lourdes\/"},"modified":"2025-01-07T16:19:03","modified_gmt":"2025-01-07T15:19:03","slug":"les-apparitions-de-lourdes","status":"publish","type":"page","link":"https:\/\/www.lourdes-france.com\/pl\/les-apparitions-de-lourdes\/","title":{"rendered":"Objawienia"},"content":{"rendered":"\t\t<div data-elementor-type=\"wp-page\" data-elementor-id=\"841736\" class=\"elementor elementor-841736 elementor-3294\" data-elementor-post-type=\"page\">\n\t\t\t\t\t\t<section class=\"elementor-section elementor-top-section elementor-element elementor-element-f6bfdb0 elementor-section-boxed elementor-section-height-default elementor-section-height-default\" data-id=\"f6bfdb0\" data-element_type=\"section\">\n\t\t\t\t\t\t<div class=\"elementor-container elementor-column-gap-default\">\n\t\t\t\t\t<div class=\"elementor-column elementor-col-100 elementor-top-column elementor-element elementor-element-1cfb794\" data-id=\"1cfb794\" data-element_type=\"column\">\n\t\t\t<div class=\"elementor-widget-wrap elementor-element-populated\">\n\t\t\t\t\t\t<div class=\"elementor-element elementor-element-a65fa25 elementor-widget elementor-widget-text-editor\" data-id=\"a65fa25\" data-element_type=\"widget\" data-widget_type=\"text-editor.default\">\n\t\t\t\t<div class=\"elementor-widget-container\">\n\t\t\t\t\t\t\t\t\t<section class=\"elementor-section elementor-top-section elementor-element elementor-element-2119237e elementor-section-boxed elementor-section-height-default elementor-section-height-default\" data-id=\"2119237e\" data-element_type=\"section\"><div class=\"elementor-container elementor-column-gap-no\"><div class=\"elementor-row\"><div class=\"elementor-column elementor-col-100 elementor-top-column elementor-element elementor-element-371e3a8f\" data-id=\"371e3a8f\" data-element_type=\"column\"><div class=\"elementor-column-wrap elementor-element-populated\"><div class=\"elementor-widget-wrap\"><h3>Czwartek 11 lutego 1858 : pierwsze spotkanie<\/h3><p>Pierwsze objawienie. Bernadeta, w towarzystwie siostry i przyjaci\u00f3\u0142ki, idzie do Massabielle, wzd\u0142u\u017c rzeki Gave, aby zebra\u0107 ga\u0142\u0119zie i suche drewno na opa\u0142. Kiedy zdejmuje po\u0144czochy, aby przej\u015b\u0107 przez strumie\u0144 i uda\u0107 si\u0119 do Groty, s\u0142yszy szum przypominaj\u0105cy podmuch wiatru. Podnosi g\u0142ow\u0119 w kierunku Groty: &#8222;Zobaczy\u0142am Pani\u0105 odzian\u0105 w bia\u0142e szaty. Mia\u0142a na sobie bia\u0142\u0105 sukni\u0119, przepasana by\u0142a niebiesk\u0105 wst\u0119g\u0105, na ka\u017cdej z Jej st\u00f3p spoczywa\u0142a z\u0142ocista r\u00f3\u017ca. Taki sam kolor mia\u0142y ziarenka Jej r\u00f3\u017ca\u0144ca\u201d. Bernadeta czyni znak krzy\u017ca i odmawia z Pani\u0105 r\u00f3\u017caniec. Kiedy ko\u0144czy modlitw\u0119, Pani nagle znika.<\/p><h3>Niedziela 14 lutego 1858 : woda \u015bwi\u0119cona<\/h3><p>Drugie objawienie. Bernadeta czuje wewn\u0119trzn\u0105 si\u0142\u0119, kt\u00f3ra sk\u0142ania j\u0105 do powrotu do Groty, pomimo zakazu rodzic\u00f3w. Za naleganiem dziewczyny matka jej na to pozwala. Po pierwszej dziesi\u0105tce r\u00f3\u017ca\u0144ca Bernadecie ukazuje si\u0119 ta sama Pani. Bernadeta kropi J\u0105 wod\u0105 \u015bwi\u0119con\u0105. Pani u\u015bmiecha si\u0119 i pochyla g\u0142ow\u0119. Po zako\u0144czonym r\u00f3\u017ca\u0144cu znika.<\/p><h3>Czwartek 18 lutego 1858 : Pani przemawia<\/h3><p>Trzecie objawienie. Po raz pierwszy Pani przemawia. Bernadeta pokazuje Jej ka\u0142amarz i prosi o napisanie swojego imienia. Pani m\u00f3wi: &#8222;To nie jest konieczne&#8221;. I dodaje: &#8222;Nie obiecuj\u0119, \u017ce uczyni\u0119 ci\u0119 szcz\u0119\u015bliw\u0105 na tym \u015bwiecie, ale w przysz\u0142ym. Czy wy\u015bwiadczysz mi przys\u0142ug\u0119 i b\u0119dziesz przychodzi\u0107 tu przez 15 dni?&#8221;.<\/p><h3>Pi\u0105tek 19 lutego 1858 : pierwsza \u015bwieca<\/h3><p>Czwarte objawienie. Bernadeta przychodzi do Groty z zapalon\u0105 po\u015bwi\u0119con\u0105 \u015bwiec\u0105. To w\u0142a\u015bnie ten gest da\u0142 pocz\u0105tek zwyczajowi przynoszenia \u015bwiec i zapalania ich przed Grot\u0105.<\/p><h3>Sobota 20 lutego 1858 : wielki smutek<\/h3><p>Pi\u0105te objawienie. Pani uczy Bernadet\u0119 osobistej modlitwy. Pod koniec spotkania Bernadet\u0119 ogarnia wielki smutek.<\/p><h3>Niedziela 21 lutego 1858 : \u00ab Aquero \u00bb<\/h3><p>Sz\u00f3ste objawienie. Pani ukazuje si\u0119 Bernadecie wczesnym rankiem. Towarzyszy jej oko\u0142o stu os\u00f3b. Nast\u0119pnie jest przes\u0142uchiwana przez komisarza policji Jacometa. Jacomet chce sk\u0142oni\u0107 Bernadet\u0119 do tego, aby powiedzia\u0142a mu, co widzia\u0142a. Bernadeta m\u00f3wi mu tylko o &#8222;Aquero&#8221; (tym).<\/p><h3>Wtorek 23 lutego 1858 : sekret<\/h3><p>Si\u00f3dme objawienie. W towarzystwie 150 os\u00f3b Bernadeta udaje si\u0119 do Groty. W czasie objawienia Pani powierza jej tajemnic\u0119 &#8211; &#8222;tylko dla niej&#8221;.<\/p><h3>\u015aroda 24 lutego 1858 : \u00abPokuta!\u00bb<\/h3><p>\u00d3sme objawienie. Or\u0119dzie Pani: &#8222;Pokuta! Pokuta! Pokuta! M\u00f3dlcie si\u0119 do Boga o nawr\u00f3cenie grzesznik\u00f3w! Id\u017acie i ca\u0142ujcie ziemi\u0119 w pokucie za grzesznik\u00f3w!&#8221;.<\/p><h3>Czwartek 25 lutego 1858 : \u017ar\u00f3d\u0142o<\/h3><p>Dziewi\u0105te objawienie. Obecnych jest trzysta os\u00f3b. Bernadeta opowiada: &#8222;Powiedzia\u0142a mi, \u017cebym posz\u0142a i napi\u0142a si\u0119 ze \u017ar\u00f3d\u0142a (&#8230;). Znalaz\u0142am tylko troch\u0119 b\u0142otnistej wody. Przy czwartej pr\u00f3bie uda\u0142o mi si\u0119 napi\u0107. Kaza\u0142a mi te\u017c zje\u015b\u0107 troch\u0119 trawy, kt\u00f3ra by\u0142a w pobli\u017cu \u017ar\u00f3d\u0142a, po czym Pani znikn\u0119\u0142a i odesz\u0142am&#8221;. Kiedy ludzie z t\u0142umu pyta j\u0105: &#8222;Czy wiesz, \u017ce wszyscy my\u015bl\u0105, \u017ce jeste\u015b szalona, robi\u0105c takie rzeczy?&#8221;, odpowiada: &#8222;To za grzesznik\u00f3w&#8221;.<\/p><h3>Sobota 27 lutego 1858 : cisza<\/h3><p>Dziesi\u0105te pojawienie si\u0119. Obecnych jest osiemset os\u00f3b. Pani nie wypowiada \u017cadnego s\u0142owa. Bernadeta pije wod\u0119 ze \u017ar\u00f3d\u0142a i wykonuje zwyk\u0142e gesty pokutne.<\/p><h3>Niedziela 28 lutego 1858 : ekstaza<\/h3><p>Jedenaste objawienie. Ponad tysi\u0105c os\u00f3b jest obecnych przy ekstazie Bernadety. Bernadeta modli si\u0119, ca\u0142uje ziemi\u0119 i przemieszcza si\u0119 na kolanach na znak pokuty. Nast\u0119pnie zostaje zabrana do s\u0119dziego Ribesa, kt\u00f3ry grozi jej wi\u0119zieniem.<\/p><h3>Poniedzia\u0142ek 1 marca 1858 : pierwsze cudowne uzdrowienie<\/h3><p>Dwunaste objawienie. Gromadzi si\u0119 ponad 1500 os\u00f3b, w\u015br\u00f3d kt\u00f3rych jest obecny, po raz pierwszy, ksi\u0105dz. W nocy Catherine Latapie, z Loubajac, udaje si\u0119 do Groty i zanurza sparali\u017cowan\u0105 r\u0119k\u0119 w wodzie ze \u017ar\u00f3d\u0142a: jej rami\u0119 i d\u0142o\u0144 odzyskuj\u0105 sprawno\u015b\u0107.<\/p><h3>Wtorek 2 marca 1858 : wiadomo\u015b\u0107 dla kap\u0142an\u00f3w<\/h3><p>Trzynaste objawienie. T\u0142um staje si\u0119 coraz wi\u0119kszy. Pani prosi: &#8221; Id\u017a powiedz ksi\u0119\u017com, aby tutaj wzniesiono kaplic\u0119 i przychodzono z procesj\u0105 &#8222;. Bernadeta m\u00f3wi o tym ksi\u0119dzu Peyramale, proboszczowi z Lourdes. Ten chce wiedzie\u0107 tylko jedno: jak ma na imi\u0119 Pani. \u017b\u0105da r\u00f3wnie\u017c dowodu: chce zobaczy\u0107 w \u015brodku zimy kwitn\u0105cy krzew r\u00f3\u017cy przy Grocie.<\/p><h3>\u015aroda 3 marca 1858 : u\u015bmiech Pani<\/h3><p>Czternaste objawienie. O si\u00f3dmej rano, w obecno\u015bci trzech tysi\u0119cy os\u00f3b, Bernadeta udaje si\u0119 do Groty, ale Pani si\u0119 nie objawia! Po szkole Bernadeta odczuwa g\u0142\u0119bokie pragnienie p\u00f3j\u015bcia do Groty. Idzie tam i ponownie pyta Pani\u0105 o Jej imi\u0119. Odpowiedzi\u0105 jest u\u015bmiech. Ksi\u0105dz Peyramale powtarza Bernadecie: &#8222;Je\u015bli Pani naprawd\u0119 chce kaplicy, niech wypowie swoje imi\u0119 i niech sprawi, by w Grocie zakwit\u0142 r\u00f3\u017cany krzew&#8221;.<\/p><h3>Czwartek 4 marca 1858 : 8 000 os\u00f3b w Grocie<\/h3><p>Pi\u0119tnaste objawienie. Stale rosn\u0105cy t\u0142um (oko\u0142o o\u015bmiu tysi\u0119cy os\u00f3b) oczekuje cudu na koniec tych dw\u00f3ch tygodni spotka\u0144. Podczas objawienia nie zosta\u0142y wypowiedziane \u017cadne s\u0142owa. Proboszcz Peyramale trzyma si\u0119 swojego stanowiska. Przez nast\u0119pne dwadzie\u015bcia dni Bernadeta nie chodzi do Groty: nie czuje ju\u017c ku temu nieodpartego pragnienia.<\/p><h3>Czwartek 25 marca 1858 : Pani ujawnia swoje imi\u0119<\/h3><p>Szesnaste objawienie. Pani ostatecznie podaje swoje imi\u0119, ale krzew r\u00f3\u017cy, na kt\u00f3rym stawia stopy podczas objawie\u0144, nie zakwita. Bernadeta opowiada: &#8222;Z\u0142o\u017cy\u0142a d\u0142onie na piersi w ge\u015bcie modlitwy i wznios\u0142a oczy ku niebu, nast\u0119pnie rozk\u0142adaj\u0105c powoli r\u0119ce ku ziemi, pochyli\u0142a si\u0119 w moj\u0105 stron\u0119 i powiedzia\u0142a dr\u017c\u0105cym g\u0142osem: Jestem Niepokalane Pocz\u0119cie\u201d. Po us\u0142yszeniu tych s\u0142\u00f3w Bernadeta rusza biegiem na plebanie, po drodze powtarzaj\u0105c nieustannie us\u0142yszane s\u0142owa, kt\u00f3rych nie rozumie. Te s\u0142owa wprowadzaj\u0105 \u015bmia\u0142ego ksi\u0119dza w zak\u0142opotanie. Bernadeta jednak nie zna teologicznego znaczenia s\u0142\u00f3w \u201eNiepokalane Pocz\u0119cie\u201d. Cztery lata wcze\u015bniej, w 1854 r., papie\u017c Pius IX uzna\u0142 je za prawd\u0119 wiary katolickiej (dogmat o Niepokalanym Pocz\u0119ciu).<\/p><h3>\u015aroda 7 kwietnia 1858 : cud ze \u015bwiec\u0105<\/h3><p>Siedemnaste objawienie. Podczas tego objawienia Bernadeta trzyma zapalon\u0105 \u015bwiec\u0119. W tym czasie p\u0142omie\u0144 wypalaj\u0105cej si\u0119 \u015bwiecy przez 10 minut &#8222;dotyka\u0142&#8221; d\u0142oni Bernadety nie pozostawiaj\u0105c \u017cadnych poparze\u0144. Fakt ten zostaje natychmiast potwierdzony przez lekarza, dr Douzousa.<\/p><h3>Pi\u0105tek 16 lipca 1858 : ostatnie objawienie<\/h3><p>Osiemnaste objawienie. Bernadeta odczuwa nieodparte pragnienie p\u00f3j\u015bcia do Groty, ale dost\u0119p do Massabielle jest zabroniony i zamkni\u0119ty ogrodzeniem z palisady. Przechodzi wi\u0119c na drug\u0105 stron\u0119 rzeki Gave, naprzeciwko Groty&#8230; i tam po raz ostatni widzi Matk\u0119 Bo\u017c\u0105: &#8222;Wydawa\u0142o mi si\u0119, \u017ce stoj\u0119 przed Grot\u0105, w tej samej odleg\u0142o\u015bci, co poprzednio. Widzia\u0142am tylko Maryj\u0119, nigdy nie widzia\u0142am Jej tak pi\u0119knej!&#8221;<\/p><\/div><\/div><\/div><\/div><\/div><\/section>\t\t\t\t\t\t\t\t<\/div>\n\t\t\t\t<\/div>\n\t\t\t\t<div class=\"elementor-element elementor-element-c470a4d elementor-widget elementor-widget-image\" data-id=\"c470a4d\" data-element_type=\"widget\" data-widget_type=\"image.default\">\n\t\t\t\t<div class=\"elementor-widget-container\">\n\t\t\t\t\t\t\t\t\t\t\t\t\t\t\t<img fetchpriority=\"high\" decoding=\"async\" width=\"1200\" height=\"800\" src=\"https:\/\/www.lourdes-france.com\/wp-content\/uploads\/2021\/11\/gemail-ok.jpg\" class=\"attachment-full size-full wp-image-841737\" alt=\"\" srcset=\"https:\/\/www.lourdes-france.com\/wp-content\/uploads\/2021\/11\/gemail-ok.jpg 1200w, https:\/\/www.lourdes-france.com\/wp-content\/uploads\/2021\/11\/gemail-ok-300x200.jpg 300w, https:\/\/www.lourdes-france.com\/wp-content\/uploads\/2021\/11\/gemail-ok-1024x683.jpg 1024w, https:\/\/www.lourdes-france.com\/wp-content\/uploads\/2021\/11\/gemail-ok-768x512.jpg 768w\" sizes=\"(max-width: 1200px) 100vw, 1200px\" \/>\t\t\t\t\t\t\t\t\t\t\t\t\t\t\t<\/div>\n\t\t\t\t<\/div>\n\t\t\t\t\t<\/div>\n\t\t<\/div>\n\t\t\t\t\t<\/div>\n\t\t<\/section>\n\t\t\t\t<\/div>\n\t\t","protected":false},"excerpt":{"rendered":"<p>Czwartek 11 lutego 1858 : pierwsze spotkanie Pierwsze objawienie. Bernadeta, w towarzystwie siostry i przyjaci\u00f3\u0142ki, idzie do Massabielle, wzd\u0142u\u017c rzeki Gave, aby zebra\u0107 ga\u0142\u0119zie i suche drewno na opa\u0142. Kiedy zdejmuje po\u0144czochy, aby przej\u015b\u0107 przez strumie\u0144 i uda\u0107 si\u0119 do &hellip; <a href=\"https:\/\/www.lourdes-france.com\/pl\/les-apparitions-de-lourdes\/\">Continued<\/a><\/p>\n","protected":false},"author":2,"featured_media":841738,"parent":0,"menu_order":0,"comment_status":"closed","ping_status":"closed","template":"","meta":{"_acf_changed":false,"footnotes":""},"class_list":["post-841736","page","type-page","status-publish","has-post-thumbnail","hentry"],"acf":[],"yoast_head":"<!-- This site is optimized with the Yoast SEO Premium plugin v24.0 (Yoast SEO v26.3) - https:\/\/yoast.com\/wordpress\/plugins\/seo\/ -->\n<title>Les Apparitions de Lourdes - Vivre le p\u00e8lerinage de Lourdes<\/title>\n<meta name=\"description\" content=\"Le r\u00e9cit des apparitions de Marie \u00e0 Bernadette Soubirous, du 11 f\u00e9vrier au 16 juillet 1858. Le 25 mars l&#039;apparition se r\u00e9v\u00e8le \u00eatre &quot;l&#039;Immacul\u00e9e Conception&quot;.\" \/>\n<meta name=\"robots\" content=\"index, follow, max-snippet:-1, max-image-preview:large, max-video-preview:-1\" \/>\n<link rel=\"canonical\" href=\"https:\/\/www.lourdes-france.com\/pl\/les-apparitions-de-lourdes\/\" \/>\n<meta property=\"og:locale\" content=\"pl_PL\" \/>\n<meta property=\"og:type\" content=\"article\" \/>\n<meta property=\"og:title\" content=\"Objawienia\" \/>\n<meta property=\"og:description\" content=\"Le r\u00e9cit des apparitions de Marie \u00e0 Bernadette Soubirous, du 11 f\u00e9vrier au 16 juillet 1858. Le 25 mars l&#039;apparition se r\u00e9v\u00e8le \u00eatre &quot;l&#039;Immacul\u00e9e Conception&quot;.\" \/>\n<meta property=\"og:url\" content=\"https:\/\/www.lourdes-france.com\/pl\/les-apparitions-de-lourdes\/\" \/>\n<meta property=\"og:site_name\" content=\"Vivre le p\u00e8lerinage de Lourdes\" \/>\n<meta property=\"article:modified_time\" content=\"2025-01-07T15:19:03+00:00\" \/>\n<meta property=\"og:image\" content=\"https:\/\/www.lourdes-france.com\/wp-content\/uploads\/2021\/11\/grotte-apparition_mise-en-avant-1.jpg\" \/>\n\t<meta property=\"og:image:width\" content=\"2362\" \/>\n\t<meta property=\"og:image:height\" content=\"1507\" \/>\n\t<meta property=\"og:image:type\" content=\"image\/jpeg\" \/>\n<meta name=\"twitter:card\" content=\"summary_large_image\" \/>\n<meta name=\"twitter:label1\" content=\"Szacowany czas czytania\" \/>\n\t<meta name=\"twitter:data1\" content=\"6 minut\" \/>\n<script type=\"application\/ld+json\" class=\"yoast-schema-graph\">{\"@context\":\"https:\/\/schema.org\",\"@graph\":[{\"@type\":\"WebPage\",\"@id\":\"https:\/\/www.lourdes-france.com\/pl\/les-apparitions-de-lourdes\/\",\"url\":\"https:\/\/www.lourdes-france.com\/pl\/les-apparitions-de-lourdes\/\",\"name\":\"Les Apparitions de Lourdes - Vivre le p\u00e8lerinage de Lourdes\",\"isPartOf\":{\"@id\":\"https:\/\/www.lourdes-france.com\/pl\/#website\"},\"primaryImageOfPage\":{\"@id\":\"https:\/\/www.lourdes-france.com\/pl\/les-apparitions-de-lourdes\/#primaryimage\"},\"image\":{\"@id\":\"https:\/\/www.lourdes-france.com\/pl\/les-apparitions-de-lourdes\/#primaryimage\"},\"thumbnailUrl\":\"https:\/\/www.lourdes-france.com\/wp-content\/uploads\/2021\/11\/grotte-apparition_mise-en-avant-1.jpg\",\"datePublished\":\"2021-11-12T13:41:13+00:00\",\"dateModified\":\"2025-01-07T15:19:03+00:00\",\"description\":\"Le r\u00e9cit des apparitions de Marie \u00e0 Bernadette Soubirous, du 11 f\u00e9vrier au 16 juillet 1858. Le 25 mars l'apparition se r\u00e9v\u00e8le \u00eatre \\\"l'Immacul\u00e9e Conception\\\".\",\"breadcrumb\":{\"@id\":\"https:\/\/www.lourdes-france.com\/pl\/les-apparitions-de-lourdes\/#breadcrumb\"},\"inLanguage\":\"pl-PL\",\"potentialAction\":[{\"@type\":\"ReadAction\",\"target\":[\"https:\/\/www.lourdes-france.com\/pl\/les-apparitions-de-lourdes\/\"]}]},{\"@type\":\"ImageObject\",\"inLanguage\":\"pl-PL\",\"@id\":\"https:\/\/www.lourdes-france.com\/pl\/les-apparitions-de-lourdes\/#primaryimage\",\"url\":\"https:\/\/www.lourdes-france.com\/wp-content\/uploads\/2021\/11\/grotte-apparition_mise-en-avant-1.jpg\",\"contentUrl\":\"https:\/\/www.lourdes-france.com\/wp-content\/uploads\/2021\/11\/grotte-apparition_mise-en-avant-1.jpg\",\"width\":2362,\"height\":1507},{\"@type\":\"BreadcrumbList\",\"@id\":\"https:\/\/www.lourdes-france.com\/pl\/les-apparitions-de-lourdes\/#breadcrumb\",\"itemListElement\":[{\"@type\":\"ListItem\",\"position\":1,\"name\":\"Accueil\",\"item\":\"https:\/\/www.lourdes-france.com\/pl\/\"},{\"@type\":\"ListItem\",\"position\":2,\"name\":\"Objawienia\"}]},{\"@type\":\"WebSite\",\"@id\":\"https:\/\/www.lourdes-france.com\/pl\/#website\",\"url\":\"https:\/\/www.lourdes-france.com\/pl\/\",\"name\":\"Sanctuaire Notre-Dame de Lourdes\",\"description\":\"\",\"publisher\":{\"@id\":\"https:\/\/www.lourdes-france.com\/pl\/#organization\"},\"potentialAction\":[{\"@type\":\"SearchAction\",\"target\":{\"@type\":\"EntryPoint\",\"urlTemplate\":\"https:\/\/www.lourdes-france.com\/pl\/?s={search_term_string}\"},\"query-input\":{\"@type\":\"PropertyValueSpecification\",\"valueRequired\":true,\"valueName\":\"search_term_string\"}}],\"inLanguage\":\"pl-PL\"},{\"@type\":\"Organization\",\"@id\":\"https:\/\/www.lourdes-france.com\/pl\/#organization\",\"name\":\"Sanctuaire Notre-Dame de Lourdes\",\"url\":\"https:\/\/www.lourdes-france.com\/pl\/\",\"logo\":{\"@type\":\"ImageObject\",\"inLanguage\":\"pl-PL\",\"@id\":\"https:\/\/www.lourdes-france.com\/pl\/#\/schema\/logo\/image\/\",\"url\":\"https:\/\/www.lourdes-france.com\/wp-content\/uploads\/2021\/11\/logo-small.png\",\"contentUrl\":\"https:\/\/www.lourdes-france.com\/wp-content\/uploads\/2021\/11\/logo-small.png\",\"width\":834,\"height\":521,\"caption\":\"Sanctuaire Notre-Dame de Lourdes\"},\"image\":{\"@id\":\"https:\/\/www.lourdes-france.com\/pl\/#\/schema\/logo\/image\/\"}}]}<\/script>\n<!-- \/ Yoast SEO Premium plugin. -->","yoast_head_json":{"title":"Les Apparitions de Lourdes - Vivre le p\u00e8lerinage de Lourdes","description":"Le r\u00e9cit des apparitions de Marie \u00e0 Bernadette Soubirous, du 11 f\u00e9vrier au 16 juillet 1858. Le 25 mars l'apparition se r\u00e9v\u00e8le \u00eatre \"l'Immacul\u00e9e Conception\".","robots":{"index":"index","follow":"follow","max-snippet":"max-snippet:-1","max-image-preview":"max-image-preview:large","max-video-preview":"max-video-preview:-1"},"canonical":"https:\/\/www.lourdes-france.com\/pl\/les-apparitions-de-lourdes\/","og_locale":"pl_PL","og_type":"article","og_title":"Objawienia","og_description":"Le r\u00e9cit des apparitions de Marie \u00e0 Bernadette Soubirous, du 11 f\u00e9vrier au 16 juillet 1858. Le 25 mars l'apparition se r\u00e9v\u00e8le \u00eatre \"l'Immacul\u00e9e Conception\".","og_url":"https:\/\/www.lourdes-france.com\/pl\/les-apparitions-de-lourdes\/","og_site_name":"Vivre le p\u00e8lerinage de Lourdes","article_modified_time":"2025-01-07T15:19:03+00:00","og_image":[{"width":2362,"height":1507,"url":"https:\/\/www.lourdes-france.com\/wp-content\/uploads\/2021\/11\/grotte-apparition_mise-en-avant-1.jpg","type":"image\/jpeg"}],"twitter_card":"summary_large_image","twitter_misc":{"Szacowany czas czytania":"6 minut"},"schema":{"@context":"https:\/\/schema.org","@graph":[{"@type":"WebPage","@id":"https:\/\/www.lourdes-france.com\/pl\/les-apparitions-de-lourdes\/","url":"https:\/\/www.lourdes-france.com\/pl\/les-apparitions-de-lourdes\/","name":"Les Apparitions de Lourdes - Vivre le p\u00e8lerinage de Lourdes","isPartOf":{"@id":"https:\/\/www.lourdes-france.com\/pl\/#website"},"primaryImageOfPage":{"@id":"https:\/\/www.lourdes-france.com\/pl\/les-apparitions-de-lourdes\/#primaryimage"},"image":{"@id":"https:\/\/www.lourdes-france.com\/pl\/les-apparitions-de-lourdes\/#primaryimage"},"thumbnailUrl":"https:\/\/www.lourdes-france.com\/wp-content\/uploads\/2021\/11\/grotte-apparition_mise-en-avant-1.jpg","datePublished":"2021-11-12T13:41:13+00:00","dateModified":"2025-01-07T15:19:03+00:00","description":"Le r\u00e9cit des apparitions de Marie \u00e0 Bernadette Soubirous, du 11 f\u00e9vrier au 16 juillet 1858. Le 25 mars l'apparition se r\u00e9v\u00e8le \u00eatre \"l'Immacul\u00e9e Conception\".","breadcrumb":{"@id":"https:\/\/www.lourdes-france.com\/pl\/les-apparitions-de-lourdes\/#breadcrumb"},"inLanguage":"pl-PL","potentialAction":[{"@type":"ReadAction","target":["https:\/\/www.lourdes-france.com\/pl\/les-apparitions-de-lourdes\/"]}]},{"@type":"ImageObject","inLanguage":"pl-PL","@id":"https:\/\/www.lourdes-france.com\/pl\/les-apparitions-de-lourdes\/#primaryimage","url":"https:\/\/www.lourdes-france.com\/wp-content\/uploads\/2021\/11\/grotte-apparition_mise-en-avant-1.jpg","contentUrl":"https:\/\/www.lourdes-france.com\/wp-content\/uploads\/2021\/11\/grotte-apparition_mise-en-avant-1.jpg","width":2362,"height":1507},{"@type":"BreadcrumbList","@id":"https:\/\/www.lourdes-france.com\/pl\/les-apparitions-de-lourdes\/#breadcrumb","itemListElement":[{"@type":"ListItem","position":1,"name":"Accueil","item":"https:\/\/www.lourdes-france.com\/pl\/"},{"@type":"ListItem","position":2,"name":"Objawienia"}]},{"@type":"WebSite","@id":"https:\/\/www.lourdes-france.com\/pl\/#website","url":"https:\/\/www.lourdes-france.com\/pl\/","name":"Sanctuaire Notre-Dame de Lourdes","description":"","publisher":{"@id":"https:\/\/www.lourdes-france.com\/pl\/#organization"},"potentialAction":[{"@type":"SearchAction","target":{"@type":"EntryPoint","urlTemplate":"https:\/\/www.lourdes-france.com\/pl\/?s={search_term_string}"},"query-input":{"@type":"PropertyValueSpecification","valueRequired":true,"valueName":"search_term_string"}}],"inLanguage":"pl-PL"},{"@type":"Organization","@id":"https:\/\/www.lourdes-france.com\/pl\/#organization","name":"Sanctuaire Notre-Dame de Lourdes","url":"https:\/\/www.lourdes-france.com\/pl\/","logo":{"@type":"ImageObject","inLanguage":"pl-PL","@id":"https:\/\/www.lourdes-france.com\/pl\/#\/schema\/logo\/image\/","url":"https:\/\/www.lourdes-france.com\/wp-content\/uploads\/2021\/11\/logo-small.png","contentUrl":"https:\/\/www.lourdes-france.com\/wp-content\/uploads\/2021\/11\/logo-small.png","width":834,"height":521,"caption":"Sanctuaire Notre-Dame de Lourdes"},"image":{"@id":"https:\/\/www.lourdes-france.com\/pl\/#\/schema\/logo\/image\/"}}]}},"_links":{"self":[{"href":"https:\/\/www.lourdes-france.com\/pl\/wp-json\/wp\/v2\/pages\/841736","targetHints":{"allow":["GET"]}}],"collection":[{"href":"https:\/\/www.lourdes-france.com\/pl\/wp-json\/wp\/v2\/pages"}],"about":[{"href":"https:\/\/www.lourdes-france.com\/pl\/wp-json\/wp\/v2\/types\/page"}],"author":[{"embeddable":true,"href":"https:\/\/www.lourdes-france.com\/pl\/wp-json\/wp\/v2\/users\/2"}],"replies":[{"embeddable":true,"href":"https:\/\/www.lourdes-france.com\/pl\/wp-json\/wp\/v2\/comments?post=841736"}],"version-history":[{"count":0,"href":"https:\/\/www.lourdes-france.com\/pl\/wp-json\/wp\/v2\/pages\/841736\/revisions"}],"wp:featuredmedia":[{"embeddable":true,"href":"https:\/\/www.lourdes-france.com\/pl\/wp-json\/wp\/v2\/media\/841738"}],"wp:attachment":[{"href":"https:\/\/www.lourdes-france.com\/pl\/wp-json\/wp\/v2\/media?parent=841736"}],"curies":[{"name":"wp","href":"https:\/\/api.w.org\/{rel}","templated":true}]}}