{"id":841688,"date":"2021-10-19T16:25:48","date_gmt":"2021-10-19T14:25:48","guid":{"rendered":"https:\/\/www.lourdes-france.com\/bernadette-soubirous\/"},"modified":"2025-01-07T14:54:00","modified_gmt":"2025-01-07T13:54:00","slug":"bernadette-soubirous","status":"publish","type":"page","link":"https:\/\/www.lourdes-france.com\/pl\/bernadette-soubirous\/","title":{"rendered":"Bernadette Soubirous"},"content":{"rendered":"\t\t<div data-elementor-type=\"wp-page\" data-elementor-id=\"841688\" class=\"elementor elementor-841688 elementor-3052\" data-elementor-post-type=\"page\">\n\t\t\t\t\t\t<section class=\"elementor-section elementor-top-section elementor-element elementor-element-ec2aca1 elementor-section-full_width elementor-section-stretched elementor-section-height-default elementor-section-height-default\" data-id=\"ec2aca1\" data-element_type=\"section\" data-settings=\"{&quot;stretch_section&quot;:&quot;section-stretched&quot;,&quot;background_background&quot;:&quot;classic&quot;}\">\n\t\t\t\t\t\t\t<div class=\"elementor-background-overlay\"><\/div>\n\t\t\t\t\t\t\t<div class=\"elementor-container elementor-column-gap-default\">\n\t\t\t\t\t<div class=\"elementor-column elementor-col-100 elementor-top-column elementor-element elementor-element-5464f05\" data-id=\"5464f05\" data-element_type=\"column\">\n\t\t\t<div class=\"elementor-widget-wrap elementor-element-populated\">\n\t\t\t\t\t\t<div class=\"elementor-element elementor-element-7a17754 elementor-widget elementor-widget-heading\" data-id=\"7a17754\" data-element_type=\"widget\" data-widget_type=\"heading.default\">\n\t\t\t\t<div class=\"elementor-widget-container\">\n\t\t\t\t\t<h2 class=\"elementor-heading-title elementor-size-default\">Bernadette Soubirous<\/h2>\t\t\t\t<\/div>\n\t\t\t\t<\/div>\n\t\t\t\t\t<\/div>\n\t\t<\/div>\n\t\t\t\t\t<\/div>\n\t\t<\/section>\n\t\t\t\t<section class=\"elementor-section elementor-top-section elementor-element elementor-element-8c4e6ca elementor-section-stretched elementor-section-boxed elementor-section-height-default elementor-section-height-default\" data-id=\"8c4e6ca\" data-element_type=\"section\" data-settings=\"{&quot;background_background&quot;:&quot;classic&quot;,&quot;stretch_section&quot;:&quot;section-stretched&quot;}\">\n\t\t\t\t\t\t<div class=\"elementor-container elementor-column-gap-no\">\n\t\t\t\t\t<div class=\"elementor-column elementor-col-100 elementor-top-column elementor-element elementor-element-7bdbc38\" data-id=\"7bdbc38\" data-element_type=\"column\">\n\t\t\t<div class=\"elementor-widget-wrap elementor-element-populated\">\n\t\t\t\t\t\t<div class=\"elementor-element elementor-element-c84c287 elementor-blockquote--skin-quotation elementor-widget elementor-widget-blockquote\" data-id=\"c84c287\" data-element_type=\"widget\" data-widget_type=\"blockquote.default\">\n\t\t\t\t<div class=\"elementor-widget-container\">\n\t\t\t\t\t\t\t<blockquote class=\"elementor-blockquote\">\n\t\t\t<p class=\"elementor-blockquote__content\">\n\t\t\t\tWszystko, co wiemy o objawieniach i przes\u0142aniu z Lourdes, pochodzi od Bernadety. To ona by\u0142a naocznym \u015bwiadkiem tych wydarze\u0144. Kim by\u0142a i co o niej wiemy? Mo\u017cemy wyszczeg\u00f3lni\u0107 trzy okresy w jej \u017cyciu: lata jej dzieci\u0144stwa w ubogiej rodzinie, \u017cycie \u201epubliczne\u201d w czasie objawie\u0144 i dawania \u015bwiadectwa, oraz \u017cycie \u201ew ukryciu\u201d ju\u017c jako zakonnica, w klasztorze w Nevers.\t\t\t<\/p>\n\t\t\t\t\t<\/blockquote>\n\t\t\t\t\t\t<\/div>\n\t\t\t\t<\/div>\n\t\t\t\t\t<\/div>\n\t\t<\/div>\n\t\t\t\t\t<\/div>\n\t\t<\/section>\n\t\t\t\t<section class=\"elementor-section elementor-top-section elementor-element elementor-element-1899323 elementor-section-boxed elementor-section-height-default elementor-section-height-default\" data-id=\"1899323\" data-element_type=\"section\">\n\t\t\t\t\t\t<div class=\"elementor-container elementor-column-gap-default\">\n\t\t\t\t\t<div class=\"elementor-column elementor-col-100 elementor-top-column elementor-element elementor-element-3b1e184\" data-id=\"3b1e184\" data-element_type=\"column\">\n\t\t\t<div class=\"elementor-widget-wrap elementor-element-populated\">\n\t\t\t\t\t\t<div class=\"elementor-element elementor-element-52b866e elementor-widget elementor-widget-text-editor\" data-id=\"52b866e\" data-element_type=\"widget\" data-widget_type=\"text-editor.default\">\n\t\t\t\t<div class=\"elementor-widget-container\">\n\t\t\t\t\t\t\t\t\t<div class=\"elementor-element elementor-element-4450a3ba elementor-widget elementor-widget-text-editor\" data-id=\"4450a3ba\" data-element_type=\"widget\" data-widget_type=\"text-editor.default\"><div class=\"elementor-widget-container\"><div class=\"elementor-text-editor elementor-clearfix\"><h3>\u017bycie przed objawieniami<\/h3><\/div><\/div><\/div><div class=\"elementor-element elementor-element-40bbe8f6 elementor-widget elementor-widget-text-editor\" data-id=\"40bbe8f6\" data-element_type=\"widget\" data-widget_type=\"text-editor.default\"><div class=\"elementor-widget-container\"><div class=\"elementor-text-editor elementor-clearfix\"><p>Kiedy m\u00f3wi si\u0119 o objawieniach, Bernadeta cz\u0119sto przedstawiana jest jako biedna, schorowana, niewykszta\u0142cona dziewczyna, kt\u00f3ra mieszka w by\u0142ej celi aresztu nazywanej Cachot. Jednak nie zawsze tak by\u0142o. Bernadeta urodzi\u0142a si\u0119 7 stycznia 1844 roku w m\u0142ynie de Boly. By\u0142a pierwszym dzieckiem Franciszka Soubirous i Luizy Cast\u00e9rot, kt\u00f3rzy pobrali si\u0119 z mi\u0142o\u015bci. Bernadeta dorasta\u0142a w z\u017cytej rodzinie, przepe\u0142nionej mi\u0142o\u015bci\u0105 i modlitw\u0105. Te dziesi\u0119\u0107 lat szcz\u0119\u015bliwego dzieci\u0144stwa ukszta\u0142towa\u0142y w niej siln\u0105 osobowo\u015b\u0107 i pozwoli\u0142y zachowa\u0107 r\u00f3wnowag\u0119. Kiedy rodzina wkr\u00f3tce popada w n\u0119dz\u0119, Bernadeta nie traci swego duchowego bogactwa. W wieku 14 lat mia\u0142a zaledwie 140cm wzrostu. Miewa\u0142a ataki astmy. Z natury by\u0142a \u017cyw\u0105, spontaniczn\u0105, zdecydowan\u0105 dziewczyn\u0105, szczer\u0105 i skor\u0105 do wypowiadania w\u0142asnego zdania. Mia\u0142a poczucie w\u0142asnej warto\u015bci, co nie umkn\u0119\u0142o uwadze matce Vauzou w Nevers: \u201eTwardy charakter, bardzo wra\u017cliwy\u201d. Bernadeta martwi\u0142a si\u0119 swoimi wadami i usilnie z nimi walczy\u0142a. Silna osobowo\u015b\u0107, ale niewykszta\u0142cona. Nie chodzi\u0142a do szko\u0142y \u2013 musia\u0142a pomaga\u0107 swojej ciotce Bernarde w gospodarstwie. Nie zna\u0142a te\u017c katechizmu &#8211; nie potrafi\u0142a zapami\u0119ta\u0107 abstrakcyjnych dla niej formu\u0142ek. Maj\u0105c 14 lat nie potrafi\u0142a czyta\u0107 ani pisa\u0107. Cierpia\u0142a z tego powodu i czu\u0142a si\u0119 gorsza od innych. We wrze\u015bniu 1857 roku zostaje odes\u0142ana do Bartr\u00e8s do pracy na gospodarstwie. 21 stycznia 1858 roku Bernadeta wraca do Lourdes. Bardzo pragnie przyst\u0105pi\u0107 do Pierwszej Komunii \u015awi\u0119tej. Udaje jej si\u0119 to 3 czerwca 1858 roku, ju\u017c podczas objawie\u0144.<\/p><\/div><\/div><\/div><div class=\"elementor-element elementor-element-532178d elementor-widget elementor-widget-text-editor\" data-id=\"532178d\" data-element_type=\"widget\" data-widget_type=\"text-editor.default\"><div class=\"elementor-widget-container\"><div class=\"elementor-text-editor elementor-clearfix\"><h3>\u00a0<\/h3><h3>\u017bycie \u201epubliczne\u201d<\/h3><\/div><\/div><\/div><div class=\"elementor-element elementor-element-f29be70 elementor-widget elementor-widget-text-editor\" data-id=\"f29be70\" data-element_type=\"widget\" data-widget_type=\"text-editor.default\"><div class=\"elementor-widget-container\"><div class=\"elementor-text-editor elementor-clearfix\"><p>Pierwsze objawienie mia\u0142o miejsce 11 lutego 1858 roku. Aby pom\u00f3c swoim rodzicom, Bernadeta posz\u0142a nazbiera\u0107 chrustu na opa\u0142 w pobli\u017cu rzeki Gave. Tam spotyka j\u0105 co\u015b niezwyk\u0142ego. W pewnej chwili dziewczyna us\u0142ysza\u0142a szum, jakby \u201epowiew wiatru\u201d. Zaraz potem ujrza\u0142a jasne \u015bwiat\u0142o i wyda\u0142o jej si\u0119, \u017ce czuje czyj\u0105\u015b obecno\u015b\u0107. Wykazuje zdrowy rozs\u0105dek i pr\u00f3buje zrozumie\u0107 co si\u0119 dzieje \u2013 uruchamia wszystkie zmys\u0142y, patrzy, przeciera oczy. Odwraca si\u0119 do towarzysz\u0105cych jej dziewczyn, chc\u0105c sprawdzi\u0107 ich reakcj\u0119. \u201eWidzia\u0142y\u015bcie co\u015b?\u201d \u2013 pyta. Po czym, zwraca si\u0119 do Boga, wyci\u0105ga r\u00f3\u017caniec i zaczyna si\u0119 modli\u0107. Kiedy dwa dni p\u00f3\u017aniej po raz pierwszy przyst\u0119puje do spowiedzi, prosi o rad\u0119 ksi\u0119dza Pomian. \u201eWidzia\u0142am bia\u0142\u0105 posta\u0107, przypominaj\u0105c\u0105 kobiet\u0119\u201d \u2013 relacjonowa\u0142a. Przes\u0142uchiwana p\u00f3\u017aniej przez komisarza policji Jacomet, na wszystkie pytania odpowiada\u0142a z wyj\u0105tkowym spokojem, opanowaniem i stanowczo\u015bci\u0105 w g\u0142osie, co zaskakiwa\u0142o u m\u0142odej dziewczyny bez wykszta\u0142cenia. \u201eAquero, nie powiedzia\u0142am Matka Bo\u017ca\u2026 Prosz\u0119 pana, pan wszystko pozmienia\u0142\u201d. Bernadeta opowiada o tym, co widzia\u0142a z zadziwiaj\u0105c\u0105 swobod\u0105. \u201eJestem zobowi\u0105zana panu o tym powiedzie\u0107, nie musi pan mi wierzy\u0107\u201d.<\/p><p>M\u0142oda wizjonerka m\u00f3wi o objawieniach z niezwyk\u0142\u0105 dok\u0142adno\u015bci\u0105, niczego nie dodaj\u0105c od siebie, ani niczego nie pomijaj\u0105c. Raz tylko, przestraszona ni\u017cyczliwym zachowaniem proboszcza Peyramale, dodaje jedno s\u0142owo: \u201eKsi\u0119\u017ce Proboszczu, Pani nadal prosi o kaplic\u0119\u2026 nawet, &#8211; dodaje Bernadeta &#8211; \u2018bardzo ma\u0142\u0105\u201d. W swoim li\u015bcie pasterskim na temat objawie\u0144 biskup Laurence podkre\u015bla \u201eprostot\u0119, szczero\u015b\u0107 i skromno\u015b\u0107 tego dziecka&#8230;\u201d; \u201eOna opowiada o wszystkim bez udawania, ze wzruszaj\u0105c\u0105 szczero\u015bci\u0105, a na niezliczone pytania odpowiada bez wahania, jej odpowiedzi s\u0105 jasne, dok\u0142adne, poparte silnym przekonaniem\u201d. Nieczu\u0142a na zagro\u017cenia, takie jak oferowanie jej korzystnych propozycji, \u201euczciwo\u015b\u0107 Bernadety jest niepodwa\u017calna. Nie chcia\u0142a oszukiwa\u0107\u201d. Biskup ma w\u0105tpliwo\u015bci czy nie sta\u0142a si\u0119 ofiar\u0105 halucynacji. Jednak on r\u00f3wnie\u017c wskazuje na spok\u00f3j Bernadety, na jej zdrowy rozs\u0105dek, ca\u0142kowity brak egzaltacji oraz na fakt, \u017ce objawienia nie s\u0105 zale\u017cne od niej. One maj\u0105 miejsce wtedy, gdy Bernadeta si\u0119 ich nie spodziewa. Tak\u017ce wtedy, gdy w ci\u0105gu pi\u0119tnastu dni, dwa razy Pani nie pokaza\u0142a si\u0119, mimo \u017ce Bernadeta przysz\u0142a do Groty. Podsumowuj\u0105c, wizjonerka musia\u0142a stawi\u0107 czo\u0142a ciekawskim, admiratorom, dziennikarzom i wielu innym. Setki razy by\u0142a przes\u0142uchiwana przez instytucje cywilne i ko\u015bcielne. W jednej chwili zosta\u0142a wyj\u0119ta z cienia i postawiona na pierwszym planie wydarze\u0144. Trafi\u0142a w sam \u015brodek \u201emedialnej burzy\u201d. Musia\u0142a znale\u017a\u0107 w sobie wiele si\u0142y, cierpliwo\u015bci i pogody ducha, aby przetrwa\u0107 i zachowa\u0107 przejrzysto\u015b\u0107 swojego \u015bwiadectwa. Nie przyjmowa\u0142a niczego: \u201eChc\u0119 zosta\u0107 biedn\u0105\u201d. Nie b\u0142ogos\u0142awi\u0142a r\u00f3\u017ca\u0144c\u00f3w, kt\u00f3re jej przynoszono: \u201eNie nosz\u0119 stu\u0142y.\u201d Nie sprzedawa\u0142a medalik\u00f3w: \u201eNie jestem sklepikarzem\u201d. A przed obrazkami z jej podobizn\u0105 za 10 sous, rzuca: \u201e10 sous, tyle jestem warta\u201d.<\/p><p>W takich warunkach \u017cycie w Cachot nie by\u0142o ju\u017c mo\u017cliwe. Trzeba by\u0142o chroni\u0107 Bernadet\u0119. Ksi\u0105dz Peyramale oraz burmistrz Lacad\u00e9 s\u0105 zgodni: Bernadeta zostanie przyj\u0119ta do hospicjum w Lourdes prowadzonego przez siostry z Nevers jako \u201euboga chora\u201d. Przenosi si\u0119 tam 15 lipca 1860. W wieku 16 lat uczy si\u0119 czyta\u0107 i pisa\u0107. Jeszcze dzi\u015b mo\u017cna zobaczy\u0107 w ko\u015bciele w Bartr\u00e8s du\u017ce litery poci\u0105gni\u0119te jej r\u0119k\u0105! Od tej pory cz\u0119sto b\u0119dzie pisa\u0142a do swojej rodziny, a nawet do papie\u017ca! Odwiedza swoich rodzic\u00f3w, kt\u00f3rych przeniesiono do \u201edomu rodzinnego\u201d. Opiekuje si\u0119 chorymi, ale przede wszystkim poszukuje swojego powo\u0142ania: \u201edo niczego nienadaj\u0105ca si\u0119, bez posagu, jak by\u0107 zakonnic\u0105?\u201d Ostatecznie wst\u0119puje do zgromadzenia Si\u00f3str z Nevers \u201ebo nie pr\u00f3bowa\u0142y mnie przyci\u0105gn\u0105\u0107\u201d. Od tego momentu, prawda odciska swe pi\u0119tno na jej duszy: \u201eMoja misja w Lourdes si\u0119 sko\u0144czy\u0142a\u201d. Teraz ona musi znikn\u0105\u0107, aby zostawi\u0107 miejsce dla Maryi.<\/p><\/div><\/div><\/div><div class=\"elementor-element elementor-element-27de76bf elementor-widget elementor-widget-text-editor\" data-id=\"27de76bf\" data-element_type=\"widget\" data-widget_type=\"text-editor.default\"><div class=\"elementor-widget-container\"><div class=\"elementor-text-editor elementor-clearfix\"><h3>\u00a0<\/h3><h3>\u017bycie \u201eukryte\u201d w Nevers<\/h3><\/div><\/div><\/div><div class=\"elementor-element elementor-element-2bdaf5cd elementor-widget elementor-widget-text-editor\" data-id=\"2bdaf5cd\" data-element_type=\"widget\" data-widget_type=\"text-editor.default\"><div class=\"elementor-widget-container\"><div class=\"elementor-text-editor elementor-clearfix\"><p>\u201ePrzyby\u0142am tu, aby si\u0119 ukry\u0107\u201d \u2013 m\u00f3wi\u0142a Bernadeta w klasztorze w Nevers. W Lourdes by\u0142a widz\u0105c\u0105, w Nevers zostaje siostr\u0105 Marie-Bernarde, kt\u00f3ra tam w\u0142a\u015bnie staje si\u0119 \u015bwi\u0119t\u0105 za \u017cycia. Wiele m\u00f3wi si\u0119 o surowo\u015bci prze\u0142o\u017conych w stosunku do Bernadety. Trzeba jednak zrozumie\u0107, \u017ce by\u0142a ona szczeg\u00f3lnym przypadkiem: Bernadeta by\u0142a kim\u015b, kogo nale\u017ca\u0142o ukry\u0107 przed rozg\u0142osem i ustawicznym wzrokiem ciekawskich, ale trzeba by\u0142a chroni\u0107 te\u017c wsp\u00f3lnot\u0119. Nast\u0119pnego dnia po przyje\u017adzie do Nevers Bernadeta zda\u0142a sprawozdanie z objawie\u0144 siostrom ze zgromadzenia. Potem ju\u017c nigdy nie nale\u017ca\u0142o o nich rozmawia\u0107. W klasztorze g\u0142\u00f3wnym zaj\u0119ciem Bernadety by\u0142a opieka nad chorymi, co z reszt\u0105 bardzo lubi\u0142a robi\u0107. W dniu sk\u0142adania \u015blub\u00f3w nie wyznaczono jej jednak \u017cadnego zaj\u0119cia. Wtedy biskup da\u0142 jej zadanie \u2013 \u201emodlitw\u0119 za grzesznik\u00f3w\u201d, tak jak prosi\u0142a Maryja. Bernadeta pozosta\u0142a wierna tej pro\u015bbie. \u201eMoj\u0105 broni\u0105 \u2013 pisa\u0142a do papie\u017ca \u2013 jest modlitwa i ofiara\u201d. Choroba sprawi\u0142a, \u017ce by\u0142a sta\u0142ym pacjentem w szpitalu. Zacz\u0119\u0142y si\u0119 nieustanne wizyty w sali odwiedzin: \u201eCi biedni biskupi, lepiej by by\u0142o gdyby zostali w domu\u201d. <br \/>Lourdes jest tak daleko\u2026 Siostra Marie-Bernarde nigdy ju\u017c nie powr\u00f3ci do Groty. Jednak w duszy codziennie tam pielgrzymuje. Nie m\u00f3wi o Lourdes, ona nim \u017cyje. Spowiednik Bernadety, ojciec Douce, powiedzia\u0142 jej: \u201eTo ty musisz by\u0107 pierwsz\u0105, kt\u00f3ra \u017cyje or\u0119dziem Maryi\u201d. I rzeczywi\u015bcie \u2013 b\u0119d\u0105c asystentk\u0105 piel\u0119gniarki, z czasem sama stopniowo traci zdrowie. Choroba staje si\u0119 dla niej misj\u0105. Zgadzaj\u0105c si\u0119 na ka\u017cdy krzy\u017c i cierpienie, ofiaruje wszystko w akcie doskona\u0142ej mi\u0142o\u015bci w intencji grzesznik\u00f3w. \u201ePrzecie\u017c to nasi bracia\u201d \u2013 powtarza\u0142a. Podczas d\u0142ugich, bezsennych nocy \u0142\u0105czy\u0142a si\u0119 duchowo ze wszystkimi mszami odprawianymi na ca\u0142ym \u015bwiecie jako \u201e\u017cywcem ukrzy\u017cowana\u201d. Po\u015bwi\u0119ci\u0142a swe \u017cycie w gigantycznej walce ciemno\u015bci i \u015bwiat\u0142a, z\u0142\u0105czona z Maryj\u0105 w tajemnicy odkupienia, wpatrzona w krzy\u017c. \u201eTo od Niego czerpi\u0119 si\u0142\u0119\u201d.<br \/>Bernadeta zmar\u0142a 16 kwietnia 1879 roku w Nevers. Mia\u0142a wtedy zaledwie 35 lat. Ko\u015bci\u00f3\u0142 og\u0142osi\u0142 j\u0105 \u015bwi\u0119t\u0105 8 grudnia 1933 roku. Nie dlatego, \u017ce by\u0142a \u015bwiadkiem objawie\u0144, ale ze wzgl\u0119du na spos\u00f3b, w jaki odpowiedzia\u0142a na przes\u0142anie Maryi.<\/p><\/div><\/div><\/div>\t\t\t\t\t\t\t\t<\/div>\n\t\t\t\t<\/div>\n\t\t\t\t\t<\/div>\n\t\t<\/div>\n\t\t\t\t\t<\/div>\n\t\t<\/section>\n\t\t\t\t<\/div>\n\t\t","protected":false},"excerpt":{"rendered":"<p>Bernadette Soubirous Wszystko, co wiemy o objawieniach i przes\u0142aniu z Lourdes, pochodzi od Bernadety. To ona by\u0142a naocznym \u015bwiadkiem tych wydarze\u0144. Kim by\u0142a i co o niej wiemy? Mo\u017cemy wyszczeg\u00f3lni\u0107 trzy okresy w jej \u017cyciu: lata jej dzieci\u0144stwa w ubogiej &hellip; <a href=\"https:\/\/www.lourdes-france.com\/pl\/bernadette-soubirous\/\">Continued<\/a><\/p>\n","protected":false},"author":1,"featured_media":0,"parent":0,"menu_order":0,"comment_status":"closed","ping_status":"closed","template":"","meta":{"_acf_changed":false,"footnotes":""},"class_list":["post-841688","page","type-page","status-publish","hentry"],"acf":[],"yoast_head":"<!-- This site is optimized with the Yoast SEO Premium plugin v24.0 (Yoast SEO v26.3) - https:\/\/yoast.com\/wordpress\/plugins\/seo\/ -->\n<title>Bernadette Soubirous - Vivre le p\u00e8lerinage de Lourdes<\/title>\n<meta name=\"description\" content=\"Tout ce que nous savons des apparitions et du Message de Lourdes nous vient de Bernadette. Elle seule a vu. Qui est-elle donc ? On peut distinguer trois p\u00e9riodes dans sa vie : les ann\u00e9es de son enfance au sein d\u2019une famille pauvre ; une vie \u00ab publique \u00bb au temps des apparitions et du t\u00e9moignage ; enfin, une vie \u00ab cach\u00e9e \u00bb comme religieuse, \u00e0 Nevers.\" \/>\n<meta name=\"robots\" content=\"index, follow, max-snippet:-1, max-image-preview:large, max-video-preview:-1\" \/>\n<link rel=\"canonical\" href=\"https:\/\/www.lourdes-france.com\/pl\/bernadette-soubirous\/\" \/>\n<meta property=\"og:locale\" content=\"pl_PL\" \/>\n<meta property=\"og:type\" content=\"article\" \/>\n<meta property=\"og:title\" content=\"Bernadette Soubirous\" \/>\n<meta property=\"og:description\" content=\"Tout ce que nous savons des apparitions et du Message de Lourdes nous vient de Bernadette. Elle seule a vu. Qui est-elle donc ? On peut distinguer trois p\u00e9riodes dans sa vie : les ann\u00e9es de son enfance au sein d\u2019une famille pauvre ; une vie \u00ab publique \u00bb au temps des apparitions et du t\u00e9moignage ; enfin, une vie \u00ab cach\u00e9e \u00bb comme religieuse, \u00e0 Nevers.\" \/>\n<meta property=\"og:url\" content=\"https:\/\/www.lourdes-france.com\/pl\/bernadette-soubirous\/\" \/>\n<meta property=\"og:site_name\" content=\"Vivre le p\u00e8lerinage de Lourdes\" \/>\n<meta property=\"article:modified_time\" content=\"2025-01-07T13:54:00+00:00\" \/>\n<meta name=\"twitter:card\" content=\"summary_large_image\" \/>\n<meta name=\"twitter:label1\" content=\"Szacowany czas czytania\" \/>\n\t<meta name=\"twitter:data1\" content=\"14 minut\" \/>\n<script type=\"application\/ld+json\" class=\"yoast-schema-graph\">{\"@context\":\"https:\/\/schema.org\",\"@graph\":[{\"@type\":\"WebPage\",\"@id\":\"https:\/\/www.lourdes-france.com\/pl\/bernadette-soubirous\/\",\"url\":\"https:\/\/www.lourdes-france.com\/pl\/bernadette-soubirous\/\",\"name\":\"Bernadette Soubirous - Vivre le p\u00e8lerinage de Lourdes\",\"isPartOf\":{\"@id\":\"https:\/\/www.lourdes-france.com\/pl\/#website\"},\"datePublished\":\"2021-10-19T14:25:48+00:00\",\"dateModified\":\"2025-01-07T13:54:00+00:00\",\"description\":\"Tout ce que nous savons des apparitions et du Message de Lourdes nous vient de Bernadette. Elle seule a vu. Qui est-elle donc ? On peut distinguer trois p\u00e9riodes dans sa vie : les ann\u00e9es de son enfance au sein d\u2019une famille pauvre ; une vie \u00ab publique \u00bb au temps des apparitions et du t\u00e9moignage ; enfin, une vie \u00ab cach\u00e9e \u00bb comme religieuse, \u00e0 Nevers.\",\"breadcrumb\":{\"@id\":\"https:\/\/www.lourdes-france.com\/pl\/bernadette-soubirous\/#breadcrumb\"},\"inLanguage\":\"pl-PL\",\"potentialAction\":[{\"@type\":\"ReadAction\",\"target\":[\"https:\/\/www.lourdes-france.com\/pl\/bernadette-soubirous\/\"]}]},{\"@type\":\"BreadcrumbList\",\"@id\":\"https:\/\/www.lourdes-france.com\/pl\/bernadette-soubirous\/#breadcrumb\",\"itemListElement\":[{\"@type\":\"ListItem\",\"position\":1,\"name\":\"Accueil\",\"item\":\"https:\/\/www.lourdes-france.com\/pl\/\"},{\"@type\":\"ListItem\",\"position\":2,\"name\":\"Bernadette Soubirous\"}]},{\"@type\":\"WebSite\",\"@id\":\"https:\/\/www.lourdes-france.com\/pl\/#website\",\"url\":\"https:\/\/www.lourdes-france.com\/pl\/\",\"name\":\"Sanctuaire Notre-Dame de Lourdes\",\"description\":\"\",\"publisher\":{\"@id\":\"https:\/\/www.lourdes-france.com\/pl\/#organization\"},\"potentialAction\":[{\"@type\":\"SearchAction\",\"target\":{\"@type\":\"EntryPoint\",\"urlTemplate\":\"https:\/\/www.lourdes-france.com\/pl\/?s={search_term_string}\"},\"query-input\":{\"@type\":\"PropertyValueSpecification\",\"valueRequired\":true,\"valueName\":\"search_term_string\"}}],\"inLanguage\":\"pl-PL\"},{\"@type\":\"Organization\",\"@id\":\"https:\/\/www.lourdes-france.com\/pl\/#organization\",\"name\":\"Sanctuaire Notre-Dame de Lourdes\",\"url\":\"https:\/\/www.lourdes-france.com\/pl\/\",\"logo\":{\"@type\":\"ImageObject\",\"inLanguage\":\"pl-PL\",\"@id\":\"https:\/\/www.lourdes-france.com\/pl\/#\/schema\/logo\/image\/\",\"url\":\"https:\/\/www.lourdes-france.com\/wp-content\/uploads\/2021\/11\/logo-small.png\",\"contentUrl\":\"https:\/\/www.lourdes-france.com\/wp-content\/uploads\/2021\/11\/logo-small.png\",\"width\":834,\"height\":521,\"caption\":\"Sanctuaire Notre-Dame de Lourdes\"},\"image\":{\"@id\":\"https:\/\/www.lourdes-france.com\/pl\/#\/schema\/logo\/image\/\"}}]}<\/script>\n<!-- \/ Yoast SEO Premium plugin. -->","yoast_head_json":{"title":"Bernadette Soubirous - Vivre le p\u00e8lerinage de Lourdes","description":"Tout ce que nous savons des apparitions et du Message de Lourdes nous vient de Bernadette. Elle seule a vu. Qui est-elle donc ? On peut distinguer trois p\u00e9riodes dans sa vie : les ann\u00e9es de son enfance au sein d\u2019une famille pauvre ; une vie \u00ab publique \u00bb au temps des apparitions et du t\u00e9moignage ; enfin, une vie \u00ab cach\u00e9e \u00bb comme religieuse, \u00e0 Nevers.","robots":{"index":"index","follow":"follow","max-snippet":"max-snippet:-1","max-image-preview":"max-image-preview:large","max-video-preview":"max-video-preview:-1"},"canonical":"https:\/\/www.lourdes-france.com\/pl\/bernadette-soubirous\/","og_locale":"pl_PL","og_type":"article","og_title":"Bernadette Soubirous","og_description":"Tout ce que nous savons des apparitions et du Message de Lourdes nous vient de Bernadette. Elle seule a vu. Qui est-elle donc ? On peut distinguer trois p\u00e9riodes dans sa vie : les ann\u00e9es de son enfance au sein d\u2019une famille pauvre ; une vie \u00ab publique \u00bb au temps des apparitions et du t\u00e9moignage ; enfin, une vie \u00ab cach\u00e9e \u00bb comme religieuse, \u00e0 Nevers.","og_url":"https:\/\/www.lourdes-france.com\/pl\/bernadette-soubirous\/","og_site_name":"Vivre le p\u00e8lerinage de Lourdes","article_modified_time":"2025-01-07T13:54:00+00:00","twitter_card":"summary_large_image","twitter_misc":{"Szacowany czas czytania":"14 minut"},"schema":{"@context":"https:\/\/schema.org","@graph":[{"@type":"WebPage","@id":"https:\/\/www.lourdes-france.com\/pl\/bernadette-soubirous\/","url":"https:\/\/www.lourdes-france.com\/pl\/bernadette-soubirous\/","name":"Bernadette Soubirous - Vivre le p\u00e8lerinage de Lourdes","isPartOf":{"@id":"https:\/\/www.lourdes-france.com\/pl\/#website"},"datePublished":"2021-10-19T14:25:48+00:00","dateModified":"2025-01-07T13:54:00+00:00","description":"Tout ce que nous savons des apparitions et du Message de Lourdes nous vient de Bernadette. Elle seule a vu. Qui est-elle donc ? On peut distinguer trois p\u00e9riodes dans sa vie : les ann\u00e9es de son enfance au sein d\u2019une famille pauvre ; une vie \u00ab publique \u00bb au temps des apparitions et du t\u00e9moignage ; enfin, une vie \u00ab cach\u00e9e \u00bb comme religieuse, \u00e0 Nevers.","breadcrumb":{"@id":"https:\/\/www.lourdes-france.com\/pl\/bernadette-soubirous\/#breadcrumb"},"inLanguage":"pl-PL","potentialAction":[{"@type":"ReadAction","target":["https:\/\/www.lourdes-france.com\/pl\/bernadette-soubirous\/"]}]},{"@type":"BreadcrumbList","@id":"https:\/\/www.lourdes-france.com\/pl\/bernadette-soubirous\/#breadcrumb","itemListElement":[{"@type":"ListItem","position":1,"name":"Accueil","item":"https:\/\/www.lourdes-france.com\/pl\/"},{"@type":"ListItem","position":2,"name":"Bernadette Soubirous"}]},{"@type":"WebSite","@id":"https:\/\/www.lourdes-france.com\/pl\/#website","url":"https:\/\/www.lourdes-france.com\/pl\/","name":"Sanctuaire Notre-Dame de Lourdes","description":"","publisher":{"@id":"https:\/\/www.lourdes-france.com\/pl\/#organization"},"potentialAction":[{"@type":"SearchAction","target":{"@type":"EntryPoint","urlTemplate":"https:\/\/www.lourdes-france.com\/pl\/?s={search_term_string}"},"query-input":{"@type":"PropertyValueSpecification","valueRequired":true,"valueName":"search_term_string"}}],"inLanguage":"pl-PL"},{"@type":"Organization","@id":"https:\/\/www.lourdes-france.com\/pl\/#organization","name":"Sanctuaire Notre-Dame de Lourdes","url":"https:\/\/www.lourdes-france.com\/pl\/","logo":{"@type":"ImageObject","inLanguage":"pl-PL","@id":"https:\/\/www.lourdes-france.com\/pl\/#\/schema\/logo\/image\/","url":"https:\/\/www.lourdes-france.com\/wp-content\/uploads\/2021\/11\/logo-small.png","contentUrl":"https:\/\/www.lourdes-france.com\/wp-content\/uploads\/2021\/11\/logo-small.png","width":834,"height":521,"caption":"Sanctuaire Notre-Dame de Lourdes"},"image":{"@id":"https:\/\/www.lourdes-france.com\/pl\/#\/schema\/logo\/image\/"}}]}},"_links":{"self":[{"href":"https:\/\/www.lourdes-france.com\/pl\/wp-json\/wp\/v2\/pages\/841688","targetHints":{"allow":["GET"]}}],"collection":[{"href":"https:\/\/www.lourdes-france.com\/pl\/wp-json\/wp\/v2\/pages"}],"about":[{"href":"https:\/\/www.lourdes-france.com\/pl\/wp-json\/wp\/v2\/types\/page"}],"author":[{"embeddable":true,"href":"https:\/\/www.lourdes-france.com\/pl\/wp-json\/wp\/v2\/users\/1"}],"replies":[{"embeddable":true,"href":"https:\/\/www.lourdes-france.com\/pl\/wp-json\/wp\/v2\/comments?post=841688"}],"version-history":[{"count":0,"href":"https:\/\/www.lourdes-france.com\/pl\/wp-json\/wp\/v2\/pages\/841688\/revisions"}],"wp:attachment":[{"href":"https:\/\/www.lourdes-france.com\/pl\/wp-json\/wp\/v2\/media?parent=841688"}],"curies":[{"name":"wp","href":"https:\/\/api.w.org\/{rel}","templated":true}]}}