{"id":817779,"date":"2024-02-02T11:48:41","date_gmt":"2024-02-02T10:48:41","guid":{"rendered":"https:\/\/www.lourdes-france.com\/geschichte-der-ersten-erscheinung\/"},"modified":"2024-02-02T15:31:39","modified_gmt":"2024-02-02T14:31:39","slug":"het-relaas-van-de-eerste-verschijning-opnieuw-beleven","status":"publish","type":"page","link":"https:\/\/www.lourdes-france.com\/nl\/het-relaas-van-de-eerste-verschijning-opnieuw-beleven\/","title":{"rendered":"<strong>Het relaas van de eerste verschijning opnieuw beleven<\/strong>"},"content":{"rendered":"\t\t<div data-elementor-type=\"wp-page\" data-elementor-id=\"817779\" class=\"elementor elementor-817779 elementor-817710\" data-elementor-post-type=\"page\">\n\t\t\t\t\t\t<section class=\"elementor-section elementor-top-section elementor-element elementor-element-8262b3a elementor-section-full_width elementor-section-stretched elementor-section-height-default elementor-section-height-default\" data-id=\"8262b3a\" data-element_type=\"section\" data-settings=\"{&quot;stretch_section&quot;:&quot;section-stretched&quot;}\">\n\t\t\t\t\t\t<div class=\"elementor-container elementor-column-gap-no\">\n\t\t\t\t\t<div class=\"elementor-column elementor-col-100 elementor-top-column elementor-element elementor-element-aa4f8f3\" data-id=\"aa4f8f3\" data-element_type=\"column\">\n\t\t\t<div class=\"elementor-widget-wrap elementor-element-populated\">\n\t\t\t\t\t\t<div class=\"elementor-element elementor-element-b5d7ebd elementor-widget elementor-widget-image\" data-id=\"b5d7ebd\" data-element_type=\"widget\" data-widget_type=\"image.default\">\n\t\t\t\t<div class=\"elementor-widget-container\">\n\t\t\t\t\t\t\t\t\t\t\t\t\t\t\t<img fetchpriority=\"high\" decoding=\"async\" width=\"1920\" height=\"589\" src=\"https:\/\/www.lourdes-france.com\/wp-content\/uploads\/2024\/02\/recit_apparitions.jpg\" class=\"attachment-full size-full wp-image-817729\" alt=\"\" srcset=\"https:\/\/www.lourdes-france.com\/wp-content\/uploads\/2024\/02\/recit_apparitions.jpg 1920w, https:\/\/www.lourdes-france.com\/wp-content\/uploads\/2024\/02\/recit_apparitions-300x92.jpg 300w, https:\/\/www.lourdes-france.com\/wp-content\/uploads\/2024\/02\/recit_apparitions-1024x314.jpg 1024w, https:\/\/www.lourdes-france.com\/wp-content\/uploads\/2024\/02\/recit_apparitions-768x236.jpg 768w, https:\/\/www.lourdes-france.com\/wp-content\/uploads\/2024\/02\/recit_apparitions-1536x471.jpg 1536w\" sizes=\"(max-width: 1920px) 100vw, 1920px\" \/>\t\t\t\t\t\t\t\t\t\t\t\t\t\t\t<\/div>\n\t\t\t\t<\/div>\n\t\t\t\t\t<\/div>\n\t\t<\/div>\n\t\t\t\t\t<\/div>\n\t\t<\/section>\n\t\t\t\t<section class=\"elementor-section elementor-top-section elementor-element elementor-element-eeef105 elementor-section-stretched elementor-hidden-mobile elementor-hidden-tablet elementor-section-boxed elementor-section-height-default elementor-section-height-default\" data-id=\"eeef105\" data-element_type=\"section\" data-settings=\"{&quot;stretch_section&quot;:&quot;section-stretched&quot;,&quot;background_background&quot;:&quot;classic&quot;}\">\n\t\t\t\t\t\t<div class=\"elementor-container elementor-column-gap-default\">\n\t\t\t\t\t<div class=\"elementor-column elementor-col-100 elementor-top-column elementor-element elementor-element-dd242d1\" data-id=\"dd242d1\" data-element_type=\"column\">\n\t\t\t<div class=\"elementor-widget-wrap\">\n\t\t\t\t\t\t\t<\/div>\n\t\t<\/div>\n\t\t\t\t\t<\/div>\n\t\t<\/section>\n\t\t\t\t<section class=\"elementor-section elementor-top-section elementor-element elementor-element-72ab0aa elementor-section-stretched elementor-section-boxed elementor-section-height-default elementor-section-height-default\" data-id=\"72ab0aa\" data-element_type=\"section\" data-settings=\"{&quot;background_background&quot;:&quot;classic&quot;,&quot;stretch_section&quot;:&quot;section-stretched&quot;}\">\n\t\t\t\t\t\t<div class=\"elementor-container elementor-column-gap-no\">\n\t\t\t\t\t<div class=\"elementor-column elementor-col-100 elementor-top-column elementor-element elementor-element-5ac70bb\" data-id=\"5ac70bb\" data-element_type=\"column\">\n\t\t\t<div class=\"elementor-widget-wrap elementor-element-populated\">\n\t\t\t\t\t\t<div class=\"elementor-element elementor-element-f4d23e6 elementor-invisible elementor-widget elementor-widget-heading\" data-id=\"f4d23e6\" data-element_type=\"widget\" data-settings=\"{&quot;_animation&quot;:&quot;slideInLeft&quot;}\" data-widget_type=\"heading.default\">\n\t\t\t\t<div class=\"elementor-widget-container\">\n\t\t\t\t\t<h2 class=\"elementor-heading-title elementor-size-default\">Het relaas van de eerste verschijning opnieuw beleven\n<br><i>11 februari 1858<\/i><\/h2>\t\t\t\t<\/div>\n\t\t\t\t<\/div>\n\t\t\t\t<div class=\"elementor-element elementor-element-f9753cd elementor-widget elementor-widget-spacer\" data-id=\"f9753cd\" data-element_type=\"widget\" data-widget_type=\"spacer.default\">\n\t\t\t\t<div class=\"elementor-widget-container\">\n\t\t\t\t\t\t\t<div class=\"elementor-spacer\">\n\t\t\t<div class=\"elementor-spacer-inner\"><\/div>\n\t\t<\/div>\n\t\t\t\t\t\t<\/div>\n\t\t\t\t<\/div>\n\t\t\t\t\t<\/div>\n\t\t<\/div>\n\t\t\t\t\t<\/div>\n\t\t<\/section>\n\t\t\t\t<section class=\"elementor-section elementor-top-section elementor-element elementor-element-6514706 elementor-section-boxed elementor-section-height-default elementor-section-height-default\" data-id=\"6514706\" data-element_type=\"section\">\n\t\t\t\t\t\t<div class=\"elementor-container elementor-column-gap-default\">\n\t\t\t\t\t<div class=\"elementor-column elementor-col-100 elementor-top-column elementor-element elementor-element-07bd9d2\" data-id=\"07bd9d2\" data-element_type=\"column\">\n\t\t\t<div class=\"elementor-widget-wrap elementor-element-populated\">\n\t\t\t\t\t\t<div class=\"elementor-element elementor-element-f422697 elementor-blockquote--skin-quotation elementor-widget elementor-widget-blockquote\" data-id=\"f422697\" data-element_type=\"widget\" data-widget_type=\"blockquote.default\">\n\t\t\t\t<div class=\"elementor-widget-container\">\n\t\t\t\t\t\t\t<blockquote class=\"elementor-blockquote\">\n\t\t\t<p class=\"elementor-blockquote__content\">\n\t\t\t\tEines Tages ging ich mit zwei M\u00e4dchen an den Gave-Flu\u00df zum Holzsammeln. Sie durchquerten den Bachverlauf. Sie schrien auf. Ich fragte sie, warum sie aufschrien. Sie sagten zu mir, dass das Wasser kalt sei. Ich flehte sie an, mir zu helfen und Steine ins Wasser zu werfen, damit ich es, ohne meine Schuhe auszuziehen, \u00fcberqueren k\u00f6nnte.Sie antworteten, ich solle es wie sie machen.Daher ging ich ein wenig weiter, um zu sehen, ob ich irgendwo dar\u00fcber k\u00f6nnte, ohne meine Schuhe auszuziehen: Ich konnte es nicht.Also kam ich zur\u00fcck vor die Grotte, um mir die Schuhe auszuziehen. Als ich anfing, h\u00f6rte ich ein Ger\u00e4usch: Ich drehte mich um zur Weidewiese; Ich sah, dass sich die B\u00e4ume \u00fcberhaupt nicht r\u00fchrten: Ich fuhr fort, die Schuhe auszuziehen; Ich vernahm das gleiche Ger\u00e4usch: ich erhob meinen Kopf, um zur Grotte zu blicken.Ich sah eine in wei\u00df gekleidete Dame. Sie trug ein wei\u00dfes Kleid, das mit einer blauen Sch\u00e4rpe geg\u00fcrtet war. Auf jedem Fu\u00df hatte sie eine gelbe Rose von der gleichen Farbe wie ihr Rosenkranz.Als ich sie sah, rieb ich mir die Augen, weil ich dachte mich zu t\u00e4uschen; Die Erscheinung bekreuzigte sich. Da versuchte auch ich es mit zitternder Hand und konnte es tun. Ich begann den Rosenkranz zu beten Die Erscheinung lie\u00df an ihrem die Perlen gleiten, aber ohne die Lippen zu bewegen. Als ich mit dem Rosenkranz fertig war, verschwand die Erscheinung sofort. Ich fragte die anderen, ob sie nichts gesehen h\u00e4tten, sagten sie zu mir lediglich Nein. Sie fragten mich, was da gewesen sei, sodass ich es ihnen sagen musste. Also sagte ich ihnen, dass ich eine in wei\u00df gekleidete Dame gesehen h\u00e4tte, aber nicht wisse, was das gewesen sei, sie sollten es aber nicht weitersagen. Daraufhin sagen sie zu mir, ich solle nicht wieder hierherkommen, ich sagte zu ihnen lediglich Nein. Ihre dem\u00fctige und hingebungsvolle \t\t\t<\/p>\n\t\t\t\t\t\t\t<div class=\"e-q-footer\">\n\t\t\t\t\t\t\t\t\t\t\t<cite class=\"elementor-blockquote__author\">Bernadette Soubirous<\/cite>\n\t\t\t\t\t\t\t\t\t\t\t\t\t\t<\/div>\n\t\t\t\t\t<\/blockquote>\n\t\t\t\t\t\t<\/div>\n\t\t\t\t<\/div>\n\t\t\t\t\t<\/div>\n\t\t<\/div>\n\t\t\t\t\t<\/div>\n\t\t<\/section>\n\t\t\t\t<section class=\"elementor-section elementor-top-section elementor-element elementor-element-9d4f22f elementor-section-boxed elementor-section-height-default elementor-section-height-default\" data-id=\"9d4f22f\" data-element_type=\"section\">\n\t\t\t\t\t\t<div class=\"elementor-container elementor-column-gap-default\">\n\t\t\t\t\t<div class=\"elementor-column elementor-col-100 elementor-top-column elementor-element elementor-element-eb049bd\" data-id=\"eb049bd\" data-element_type=\"column\">\n\t\t\t<div class=\"elementor-widget-wrap elementor-element-populated\">\n\t\t\t\t\t\t<div class=\"elementor-element elementor-element-d84f97e elementor-invisible elementor-widget elementor-widget-text-editor\" data-id=\"d84f97e\" data-element_type=\"widget\" data-settings=\"{&quot;_animation&quot;:&quot;slideInRight&quot;}\" data-widget_type=\"text-editor.default\">\n\t\t\t\t<div class=\"elementor-widget-container\">\n\t\t\t\t\t\t\t\t\t<p style=\"text-align: left;\"><span style=\"color: #ffffff;\"><span class=\"s5\">Uittreksel uit het eerste autografische relaas van de Verschijningen, gericht <em>\u201caan de zeer eerwaarde P. <\/em><\/span><em><span class=\"s5\">Gondrand<\/span><span class=\"s5\">, van de Oblaten van Maria Onbevlekt in <\/span><span class=\"s5\">B\u00e9tharram<\/span><\/em><span class=\"s5\"><em>\u201d<\/em>. Dit handgeschreven relaas was voorafgegaan door talloze mondelinge verslagen van Bernadette aan de bedevaarders en door verschillende <em>\u201cverklaringen\u201d<\/em> ten aanzien van offici\u00eble personen.<\/span><\/span><\/p>\t\t\t\t\t\t\t\t<\/div>\n\t\t\t\t<\/div>\n\t\t\t\t\t<\/div>\n\t\t<\/div>\n\t\t\t\t\t<\/div>\n\t\t<\/section>\n\t\t\t\t<section class=\"elementor-section elementor-top-section elementor-element elementor-element-5f02c2c elementor-section-boxed elementor-section-height-default elementor-section-height-default\" data-id=\"5f02c2c\" data-element_type=\"section\">\n\t\t\t\t\t\t<div class=\"elementor-container elementor-column-gap-default\">\n\t\t\t\t\t<div class=\"elementor-column elementor-col-100 elementor-top-column elementor-element elementor-element-1b836c4\" data-id=\"1b836c4\" data-element_type=\"column\">\n\t\t\t<div class=\"elementor-widget-wrap elementor-element-populated\">\n\t\t\t\t\t\t<div class=\"elementor-element elementor-element-1012cec elementor-widget elementor-widget-image\" data-id=\"1012cec\" data-element_type=\"widget\" data-widget_type=\"image.default\">\n\t\t\t\t<div class=\"elementor-widget-container\">\n\t\t\t\t\t\t\t\t\t\t\t\t\t\t\t<img decoding=\"async\" width=\"600\" height=\"1024\" src=\"https:\/\/www.lourdes-france.com\/wp-content\/uploads\/2024\/02\/apparition_1-600x1024.jpg\" class=\"attachment-large size-large wp-image-817744\" alt=\"\" srcset=\"https:\/\/www.lourdes-france.com\/wp-content\/uploads\/2024\/02\/apparition_1-600x1024.jpg 600w, https:\/\/www.lourdes-france.com\/wp-content\/uploads\/2024\/02\/apparition_1-176x300.jpg 176w, https:\/\/www.lourdes-france.com\/wp-content\/uploads\/2024\/02\/apparition_1-768x1310.jpg 768w, https:\/\/www.lourdes-france.com\/wp-content\/uploads\/2024\/02\/apparition_1-900x1536.jpg 900w, https:\/\/www.lourdes-france.com\/wp-content\/uploads\/2024\/02\/apparition_1.jpg 1181w\" sizes=\"(max-width: 600px) 100vw, 600px\" \/>\t\t\t\t\t\t\t\t\t\t\t\t\t\t\t<\/div>\n\t\t\t\t<\/div>\n\t\t\t\t\t<\/div>\n\t\t<\/div>\n\t\t\t\t\t<\/div>\n\t\t<\/section>\n\t\t\t\t<\/div>\n\t\t","protected":false},"excerpt":{"rendered":"<p>Het relaas van de eerste verschijning opnieuw beleven 11 februari 1858 Eines Tages ging ich mit zwei M\u00e4dchen an den Gave-Flu\u00df zum Holzsammeln. Sie durchquerten den Bachverlauf. Sie schrien auf. Ich fragte sie, warum sie aufschrien. Sie sagten zu mir, &hellip; <a href=\"https:\/\/www.lourdes-france.com\/nl\/het-relaas-van-de-eerste-verschijning-opnieuw-beleven\/\">Vervolgd<\/a><\/p>\n","protected":false},"author":7,"featured_media":817736,"parent":0,"menu_order":0,"comment_status":"closed","ping_status":"closed","template":"","meta":{"_acf_changed":false,"footnotes":""},"class_list":["post-817779","page","type-page","status-publish","has-post-thumbnail","hentry"],"acf":[],"yoast_head":"<!-- This site is optimized with the Yoast SEO Premium plugin v24.0 (Yoast SEO v26.3) - https:\/\/yoast.com\/wordpress\/plugins\/seo\/ -->\n<title>Het relaas van de eerste verschijning opnieuw beleven - Vivre le p\u00e8lerinage de Lourdes<\/title>\n<meta name=\"robots\" content=\"index, follow, max-snippet:-1, max-image-preview:large, max-video-preview:-1\" \/>\n<link rel=\"canonical\" href=\"https:\/\/www.lourdes-france.com\/nl\/het-relaas-van-de-eerste-verschijning-opnieuw-beleven\/\" \/>\n<meta property=\"og:locale\" content=\"nl_NL\" \/>\n<meta property=\"og:type\" content=\"article\" \/>\n<meta property=\"og:title\" content=\"Het relaas van de eerste verschijning opnieuw beleven\" \/>\n<meta property=\"og:description\" content=\"Het relaas van de eerste verschijning opnieuw beleven 11 februari 1858 Eines Tages ging ich mit zwei M\u00e4dchen an den Gave-Flu\u00df zum Holzsammeln. Sie durchquerten den Bachverlauf. Sie schrien auf. Ich fragte sie, warum sie aufschrien. Sie sagten zu mir, &hellip; Vervolgd\" \/>\n<meta property=\"og:url\" content=\"https:\/\/www.lourdes-france.com\/nl\/het-relaas-van-de-eerste-verschijning-opnieuw-beleven\/\" \/>\n<meta property=\"og:site_name\" content=\"Vivre le p\u00e8lerinage de Lourdes\" \/>\n<meta property=\"article:modified_time\" content=\"2024-02-02T14:31:39+00:00\" \/>\n<meta property=\"og:image\" content=\"https:\/\/www.lourdes-france.com\/wp-content\/uploads\/2024\/02\/grotte-recit-1024x683.png\" \/>\n\t<meta property=\"og:image:width\" content=\"1024\" \/>\n\t<meta property=\"og:image:height\" content=\"683\" \/>\n\t<meta property=\"og:image:type\" content=\"image\/png\" \/>\n<meta name=\"twitter:card\" content=\"summary_large_image\" \/>\n<meta name=\"twitter:label1\" content=\"Geschatte leestijd\" \/>\n\t<meta name=\"twitter:data1\" content=\"1 minuut\" \/>\n<script type=\"application\/ld+json\" class=\"yoast-schema-graph\">{\"@context\":\"https:\/\/schema.org\",\"@graph\":[{\"@type\":\"WebPage\",\"@id\":\"https:\/\/www.lourdes-france.com\/nl\/het-relaas-van-de-eerste-verschijning-opnieuw-beleven\/\",\"url\":\"https:\/\/www.lourdes-france.com\/nl\/het-relaas-van-de-eerste-verschijning-opnieuw-beleven\/\",\"name\":\"Het relaas van de eerste verschijning opnieuw beleven - Vivre le p\u00e8lerinage de Lourdes\",\"isPartOf\":{\"@id\":\"https:\/\/www.lourdes-france.com\/nl\/#website\"},\"primaryImageOfPage\":{\"@id\":\"https:\/\/www.lourdes-france.com\/nl\/het-relaas-van-de-eerste-verschijning-opnieuw-beleven\/#primaryimage\"},\"image\":{\"@id\":\"https:\/\/www.lourdes-france.com\/nl\/het-relaas-van-de-eerste-verschijning-opnieuw-beleven\/#primaryimage\"},\"thumbnailUrl\":\"https:\/\/www.lourdes-france.com\/wp-content\/uploads\/2024\/02\/grotte-recit.png\",\"datePublished\":\"2024-02-02T10:48:41+00:00\",\"dateModified\":\"2024-02-02T14:31:39+00:00\",\"breadcrumb\":{\"@id\":\"https:\/\/www.lourdes-france.com\/nl\/het-relaas-van-de-eerste-verschijning-opnieuw-beleven\/#breadcrumb\"},\"inLanguage\":\"nl-NL\",\"potentialAction\":[{\"@type\":\"ReadAction\",\"target\":[\"https:\/\/www.lourdes-france.com\/nl\/het-relaas-van-de-eerste-verschijning-opnieuw-beleven\/\"]}]},{\"@type\":\"ImageObject\",\"inLanguage\":\"nl-NL\",\"@id\":\"https:\/\/www.lourdes-france.com\/nl\/het-relaas-van-de-eerste-verschijning-opnieuw-beleven\/#primaryimage\",\"url\":\"https:\/\/www.lourdes-france.com\/wp-content\/uploads\/2024\/02\/grotte-recit.png\",\"contentUrl\":\"https:\/\/www.lourdes-france.com\/wp-content\/uploads\/2024\/02\/grotte-recit.png\",\"width\":1920,\"height\":1280,\"caption\":\"Lourdes Grotto\"},{\"@type\":\"BreadcrumbList\",\"@id\":\"https:\/\/www.lourdes-france.com\/nl\/het-relaas-van-de-eerste-verschijning-opnieuw-beleven\/#breadcrumb\",\"itemListElement\":[{\"@type\":\"ListItem\",\"position\":1,\"name\":\"Accueil\",\"item\":\"https:\/\/www.lourdes-france.com\/nl\/\"},{\"@type\":\"ListItem\",\"position\":2,\"name\":\"Het relaas van de eerste verschijning opnieuw beleven\"}]},{\"@type\":\"WebSite\",\"@id\":\"https:\/\/www.lourdes-france.com\/nl\/#website\",\"url\":\"https:\/\/www.lourdes-france.com\/nl\/\",\"name\":\"Sanctuaire Notre-Dame de Lourdes\",\"description\":\"\",\"publisher\":{\"@id\":\"https:\/\/www.lourdes-france.com\/nl\/#organization\"},\"potentialAction\":[{\"@type\":\"SearchAction\",\"target\":{\"@type\":\"EntryPoint\",\"urlTemplate\":\"https:\/\/www.lourdes-france.com\/nl\/?s={search_term_string}\"},\"query-input\":{\"@type\":\"PropertyValueSpecification\",\"valueRequired\":true,\"valueName\":\"search_term_string\"}}],\"inLanguage\":\"nl-NL\"},{\"@type\":\"Organization\",\"@id\":\"https:\/\/www.lourdes-france.com\/nl\/#organization\",\"name\":\"Sanctuaire Notre-Dame de Lourdes\",\"url\":\"https:\/\/www.lourdes-france.com\/nl\/\",\"logo\":{\"@type\":\"ImageObject\",\"inLanguage\":\"nl-NL\",\"@id\":\"https:\/\/www.lourdes-france.com\/nl\/#\/schema\/logo\/image\/\",\"url\":\"https:\/\/www.lourdes-france.com\/wp-content\/uploads\/2021\/11\/logo-small.png\",\"contentUrl\":\"https:\/\/www.lourdes-france.com\/wp-content\/uploads\/2021\/11\/logo-small.png\",\"width\":834,\"height\":521,\"caption\":\"Sanctuaire Notre-Dame de Lourdes\"},\"image\":{\"@id\":\"https:\/\/www.lourdes-france.com\/nl\/#\/schema\/logo\/image\/\"}}]}<\/script>\n<!-- \/ Yoast SEO Premium plugin. -->","yoast_head_json":{"title":"Het relaas van de eerste verschijning opnieuw beleven - Vivre le p\u00e8lerinage de Lourdes","robots":{"index":"index","follow":"follow","max-snippet":"max-snippet:-1","max-image-preview":"max-image-preview:large","max-video-preview":"max-video-preview:-1"},"canonical":"https:\/\/www.lourdes-france.com\/nl\/het-relaas-van-de-eerste-verschijning-opnieuw-beleven\/","og_locale":"nl_NL","og_type":"article","og_title":"Het relaas van de eerste verschijning opnieuw beleven","og_description":"Het relaas van de eerste verschijning opnieuw beleven 11 februari 1858 Eines Tages ging ich mit zwei M\u00e4dchen an den Gave-Flu\u00df zum Holzsammeln. Sie durchquerten den Bachverlauf. Sie schrien auf. Ich fragte sie, warum sie aufschrien. Sie sagten zu mir, &hellip; Vervolgd","og_url":"https:\/\/www.lourdes-france.com\/nl\/het-relaas-van-de-eerste-verschijning-opnieuw-beleven\/","og_site_name":"Vivre le p\u00e8lerinage de Lourdes","article_modified_time":"2024-02-02T14:31:39+00:00","og_image":[{"width":1024,"height":683,"url":"https:\/\/www.lourdes-france.com\/wp-content\/uploads\/2024\/02\/grotte-recit-1024x683.png","type":"image\/png"}],"twitter_card":"summary_large_image","twitter_misc":{"Geschatte leestijd":"1 minuut"},"schema":{"@context":"https:\/\/schema.org","@graph":[{"@type":"WebPage","@id":"https:\/\/www.lourdes-france.com\/nl\/het-relaas-van-de-eerste-verschijning-opnieuw-beleven\/","url":"https:\/\/www.lourdes-france.com\/nl\/het-relaas-van-de-eerste-verschijning-opnieuw-beleven\/","name":"Het relaas van de eerste verschijning opnieuw beleven - Vivre le p\u00e8lerinage de Lourdes","isPartOf":{"@id":"https:\/\/www.lourdes-france.com\/nl\/#website"},"primaryImageOfPage":{"@id":"https:\/\/www.lourdes-france.com\/nl\/het-relaas-van-de-eerste-verschijning-opnieuw-beleven\/#primaryimage"},"image":{"@id":"https:\/\/www.lourdes-france.com\/nl\/het-relaas-van-de-eerste-verschijning-opnieuw-beleven\/#primaryimage"},"thumbnailUrl":"https:\/\/www.lourdes-france.com\/wp-content\/uploads\/2024\/02\/grotte-recit.png","datePublished":"2024-02-02T10:48:41+00:00","dateModified":"2024-02-02T14:31:39+00:00","breadcrumb":{"@id":"https:\/\/www.lourdes-france.com\/nl\/het-relaas-van-de-eerste-verschijning-opnieuw-beleven\/#breadcrumb"},"inLanguage":"nl-NL","potentialAction":[{"@type":"ReadAction","target":["https:\/\/www.lourdes-france.com\/nl\/het-relaas-van-de-eerste-verschijning-opnieuw-beleven\/"]}]},{"@type":"ImageObject","inLanguage":"nl-NL","@id":"https:\/\/www.lourdes-france.com\/nl\/het-relaas-van-de-eerste-verschijning-opnieuw-beleven\/#primaryimage","url":"https:\/\/www.lourdes-france.com\/wp-content\/uploads\/2024\/02\/grotte-recit.png","contentUrl":"https:\/\/www.lourdes-france.com\/wp-content\/uploads\/2024\/02\/grotte-recit.png","width":1920,"height":1280,"caption":"Lourdes Grotto"},{"@type":"BreadcrumbList","@id":"https:\/\/www.lourdes-france.com\/nl\/het-relaas-van-de-eerste-verschijning-opnieuw-beleven\/#breadcrumb","itemListElement":[{"@type":"ListItem","position":1,"name":"Accueil","item":"https:\/\/www.lourdes-france.com\/nl\/"},{"@type":"ListItem","position":2,"name":"Het relaas van de eerste verschijning opnieuw beleven"}]},{"@type":"WebSite","@id":"https:\/\/www.lourdes-france.com\/nl\/#website","url":"https:\/\/www.lourdes-france.com\/nl\/","name":"Sanctuaire Notre-Dame de Lourdes","description":"","publisher":{"@id":"https:\/\/www.lourdes-france.com\/nl\/#organization"},"potentialAction":[{"@type":"SearchAction","target":{"@type":"EntryPoint","urlTemplate":"https:\/\/www.lourdes-france.com\/nl\/?s={search_term_string}"},"query-input":{"@type":"PropertyValueSpecification","valueRequired":true,"valueName":"search_term_string"}}],"inLanguage":"nl-NL"},{"@type":"Organization","@id":"https:\/\/www.lourdes-france.com\/nl\/#organization","name":"Sanctuaire Notre-Dame de Lourdes","url":"https:\/\/www.lourdes-france.com\/nl\/","logo":{"@type":"ImageObject","inLanguage":"nl-NL","@id":"https:\/\/www.lourdes-france.com\/nl\/#\/schema\/logo\/image\/","url":"https:\/\/www.lourdes-france.com\/wp-content\/uploads\/2021\/11\/logo-small.png","contentUrl":"https:\/\/www.lourdes-france.com\/wp-content\/uploads\/2021\/11\/logo-small.png","width":834,"height":521,"caption":"Sanctuaire Notre-Dame de Lourdes"},"image":{"@id":"https:\/\/www.lourdes-france.com\/nl\/#\/schema\/logo\/image\/"}}]}},"_links":{"self":[{"href":"https:\/\/www.lourdes-france.com\/nl\/wp-json\/wp\/v2\/pages\/817779","targetHints":{"allow":["GET"]}}],"collection":[{"href":"https:\/\/www.lourdes-france.com\/nl\/wp-json\/wp\/v2\/pages"}],"about":[{"href":"https:\/\/www.lourdes-france.com\/nl\/wp-json\/wp\/v2\/types\/page"}],"author":[{"embeddable":true,"href":"https:\/\/www.lourdes-france.com\/nl\/wp-json\/wp\/v2\/users\/7"}],"replies":[{"embeddable":true,"href":"https:\/\/www.lourdes-france.com\/nl\/wp-json\/wp\/v2\/comments?post=817779"}],"version-history":[{"count":0,"href":"https:\/\/www.lourdes-france.com\/nl\/wp-json\/wp\/v2\/pages\/817779\/revisions"}],"wp:featuredmedia":[{"embeddable":true,"href":"https:\/\/www.lourdes-france.com\/nl\/wp-json\/wp\/v2\/media\/817736"}],"wp:attachment":[{"href":"https:\/\/www.lourdes-france.com\/nl\/wp-json\/wp\/v2\/media?parent=817779"}],"curies":[{"name":"wp","href":"https:\/\/api.w.org\/{rel}","templated":true}]}}