{"id":789551,"date":"2021-11-12T16:04:57","date_gmt":"2021-11-12T15:04:57","guid":{"rendered":"https:\/\/www.lourdes-france.com\/le-bureau-des-constatations\/"},"modified":"2022-09-22T13:13:56","modified_gmt":"2022-09-22T11:13:56","slug":"het-bureau-van-de-medische-vaststellingen","status":"publish","type":"page","link":"https:\/\/www.lourdes-france.com\/nl\/het-bureau-van-de-medische-vaststellingen\/","title":{"rendered":"Het Bureau van de medische vaststellingen"},"content":{"rendered":"\t\t<div data-elementor-type=\"wp-page\" data-elementor-id=\"789551\" class=\"elementor elementor-789551 elementor-3421\" data-elementor-post-type=\"page\">\n\t\t\t\t\t\t<section class=\"elementor-section elementor-top-section elementor-element elementor-element-a34166c elementor-section-boxed elementor-section-height-default elementor-section-height-default\" data-id=\"a34166c\" data-element_type=\"section\">\n\t\t\t\t\t\t<div class=\"elementor-container elementor-column-gap-default\">\n\t\t\t\t\t<div class=\"elementor-column elementor-col-100 elementor-top-column elementor-element elementor-element-23f4436\" data-id=\"23f4436\" data-element_type=\"column\">\n\t\t\t<div class=\"elementor-widget-wrap elementor-element-populated\">\n\t\t\t\t\t\t<div class=\"elementor-element elementor-element-d644322 elementor-widget elementor-widget-spacer\" data-id=\"d644322\" data-element_type=\"widget\" data-widget_type=\"spacer.default\">\n\t\t\t\t<div class=\"elementor-widget-container\">\n\t\t\t\t\t\t\t<div class=\"elementor-spacer\">\n\t\t\t<div class=\"elementor-spacer-inner\"><\/div>\n\t\t<\/div>\n\t\t\t\t\t\t<\/div>\n\t\t\t\t<\/div>\n\t\t\t\t<div class=\"elementor-element elementor-element-09f66a2 elementor-widget elementor-widget-text-editor\" data-id=\"09f66a2\" data-element_type=\"widget\" data-widget_type=\"text-editor.default\">\n\t\t\t\t<div class=\"elementor-widget-container\">\n\t\t\t\t\t\t\t\t\t<p><strong>CONTACT<\/strong><br \/>Bureau des Constatations m\u00e9dicales<br \/>Sanctuaire Notre-Dame de Lourdes<br \/>65108 Lourdes Cedex France<br \/>T\u00e9l. : +(33) 05 62 42 79 08<br \/><a href=\"http:\/\/mailto:bmedical@lourdes-france.com\">Een e-mail zenden<\/a><\/p>\t\t\t\t\t\t\t\t<\/div>\n\t\t\t\t<\/div>\n\t\t\t\t<div class=\"elementor-element elementor-element-cd54d9e elementor-widget elementor-widget-heading\" data-id=\"cd54d9e\" data-element_type=\"widget\" data-widget_type=\"heading.default\">\n\t\t\t\t<div class=\"elementor-widget-container\">\n\t\t\t\t\t<h3 class=\"elementor-heading-title elementor-size-default\">De geschiedenis van het Bureau van de medische vaststellingen<\/h3>\t\t\t\t<\/div>\n\t\t\t\t<\/div>\n\t\t\t\t<div class=\"elementor-element elementor-element-e4d2ad4 elementor-widget elementor-widget-text-editor\" data-id=\"e4d2ad4\" data-element_type=\"widget\" data-widget_type=\"text-editor.default\">\n\t\t\t\t<div class=\"elementor-widget-container\">\n\t\t\t\t\t\t\t\t\t<div class=\"entry-content\"><div class=\"elementor elementor-6067\" data-elementor-type=\"wp-post\" data-elementor-id=\"6067\" data-elementor-settings=\"[]\"><div class=\"elementor-inner\"><div class=\"elementor-section-wrap\"><section class=\"elementor-section elementor-top-section elementor-element elementor-element-55ba2ce4 elementor-section-boxed elementor-section-height-default elementor-section-height-default\" data-id=\"55ba2ce4\" data-element_type=\"section\"><div class=\"elementor-container elementor-column-gap-no\"><div class=\"elementor-row\"><div class=\"elementor-column elementor-col-100 elementor-top-column elementor-element elementor-element-d9345ca\" data-id=\"d9345ca\" data-element_type=\"column\"><div class=\"elementor-column-wrap elementor-element-populated\"><div class=\"elementor-widget-wrap\"><div class=\"elementor-element elementor-element-76cc49f1 elementor-widget elementor-widget-text-editor\" data-id=\"76cc49f1\" data-element_type=\"widget\" data-widget_type=\"text-editor.default\"><div class=\"elementor-widget-container\"><div class=\"elementor-text-editor elementor-clearfix\"><p>Mgr. Bertrand-S\u00e9v\u00e8re Laurence, bisschop van Tarbes, heeft bij de ondertekening van zijn Herderlijke Brief van 18 januari 1862 over het oordeel van de verschijningen van Lourdes, drie criteria gebruikt om te oordelen dat de Onbevlekte Ontvangenis echt aan Bernadette Soubirous is verschenen:<br \/>\u2013 de betrouwbaarheid van de zieneres<br \/>\u2013 de spirituele vruchten<br \/>\u2013 de genezingen van lichamen.<br \/>Op dezelfde dag (18 januari 1862) heeft hij bij decreet zeven genezingen, onder de door Professor Henri Vergez honderden onderzochte, erkend als miraculeuze genezingen.<\/p><\/div><\/div><\/div><div class=\"elementor-element elementor-element-4ce31cb elementor-widget elementor-widget-text-editor\" data-id=\"4ce31cb\" data-element_type=\"widget\" data-widget_type=\"text-editor.default\"><div class=\"elementor-widget-container\"><div class=\"elementor-text-editor elementor-clearfix\"><p>Op vraag van Pater R\u00e9mi Semp\u00e9, Pater van Garaison, eerste rector van het Heiligdom, sticht dokter Georges-Fernand Dunot de Saint-Maclou in 1883 het Bureau voor de medische vaststellingen, opdat niemand Lourdes zou verlaten en zeggen \u201cgenezen\u201d te zijn zonder de geschiedenis van zijn genezing te hebben onderworpen aan een rigoureuze en collegiale medische controle. Daarmee maakte hij een activiteit van consultaties permanent, welke hij elke zomer vanaf 1879 op punctuele wijze was begonnen.<\/p><\/div><\/div><\/div><div class=\"elementor-element elementor-element-43514c2 elementor-widget elementor-widget-text-editor\" data-id=\"43514c2\" data-element_type=\"widget\" data-widget_type=\"text-editor.default\"><div class=\"elementor-widget-container\"><div class=\"elementor-text-editor elementor-clearfix\"><p>De brief van 3september 1886 van de aartsbisschop van Cagliari, Mgr. Vincenzo Gregorio Berchialla, vanuit Rome gericht aan dokter Dunot de Saint-Maclou, verwijst naar de instemming van paus Leo XIII met de rigoureuze procedures van het Bureau (1).<\/p><\/div><\/div><\/div><div class=\"elementor-element elementor-element-7daf3e0 elementor-widget elementor-widget-text-editor\" data-id=\"7daf3e0\" data-element_type=\"widget\" data-widget_type=\"text-editor.default\"><div class=\"elementor-widget-container\"><div class=\"elementor-text-editor elementor-clearfix\"><p>Na de dood van dokter Dunot de Saint-Maclou (1891) is het voortaan de bisschop van Tarbes die de nieuwe permanente arts benoemd en dus de voorzitter van het Bureau van de vaststellingen: in 1892 is dat dokter Gustave Boissarie.<\/p><\/div><\/div><\/div><div class=\"elementor-element elementor-element-ca828db elementor-widget elementor-widget-text-editor\" data-id=\"ca828db\" data-element_type=\"widget\" data-widget_type=\"text-editor.default\"><div class=\"elementor-widget-container\"><div class=\"elementor-text-editor elementor-clearfix\"><p>In 1904, ter gelegenheid van de 50e verjaardag van het Dogma van de Onbevlekte Ontvangenis, reist de bisschop van Tarbes, Mgr. Fran\u00e7ois-Xavier Schoepfer, met een offici\u00eble delegatie, waaronder dokter Boissarie, naar Rome. Bij die gelegenheid en met het oog op de 50e verjaardag van de verschijningen worden verschillende pertinente vragen met de Heilige Stoel besproken.<\/p><\/div><\/div><\/div><div class=\"elementor-element elementor-element-9fe6c26 elementor-widget elementor-widget-text-editor\" data-id=\"9fe6c26\" data-element_type=\"widget\" data-widget_type=\"text-editor.default\"><div class=\"elementor-widget-container\"><div class=\"elementor-text-editor elementor-clearfix\"><p>In 1905 wordt de bisschop van Tarbes \u2013 als hoeder van de Grot \u2013 bevestigd in het recht de procedures van het Bureau van de medische vaststellingen te gebruiken bij het bestuderen van de aangekondigde genezingen. Dat recht bestaat tot op vandaag.<\/p><\/div><\/div><\/div><div class=\"elementor-element elementor-element-fb6de27 elementor-widget elementor-widget-text-editor\" data-id=\"fb6de27\" data-element_type=\"widget\" data-widget_type=\"text-editor.default\"><div class=\"elementor-widget-container\"><div class=\"elementor-text-editor elementor-clearfix\"><p><strong>De uitdrukking \u201cBureau van de medische vaststellingen\u201d heeft twee betekenissen.<\/strong><\/p><p><strong>1)<\/strong> Zij verwijst eerst naar een permanent bureau in het Heiligdom, met een dokter, dat de verklaringen ontvangt en een kritisch onderzoek begint. Dokter Alessandro de Franciscis, Italiaan, is zo de 15e voorzitter van het Bureau. Hij nam in 2009 zijn functie op.<\/p><p><strong>2)<\/strong> Indien het geval serieus lijkt, roept de dokter een \u201cBureau\u201d samen, een bijeenkomst om \u201ceen klinisch feit te bespreken\u201d, waaraan alle aanwezige dokters en verplegend personeel in Lourdes aanwezig kunnen deelnemen, ongeacht hun religieuze overtuigingen. <\/p><\/div><\/div><\/div><div class=\"elementor-element elementor-element-2ec2431 elementor-widget elementor-widget-text-editor\" data-id=\"2ec2431\" data-element_type=\"widget\" data-widget_type=\"text-editor.default\"><div class=\"elementor-widget-container\"><div class=\"elementor-text-editor elementor-clearfix\"><p>Vandaag zijn het merendeel van de dokters en het professioneel verplegend personeel die naar Lourdes komen lid van de Internationale Medische Vereniging van Onze-Lieve-Vrouw van Lourdes. Op 6 september 1925 kondigde \u201cLe Journal de la Grotte\u201d, het offici\u00eble tijdschrift van het Heiligdom en van het \u201cBureau van de medische vaststellingen\u201d de oprichting aan van een \u201cMedische Vereniging van Onze-Lieve-Vrouw van Lourdes\u201d aan, bij beslissing door Mgr. Fran\u00e7ois-Xavier Schoepfer en dokter M. Petitpierre, interim voorzitter van het Bureau: onder de titel AML wordt een vereniging gesticht \u2013 van alle katholieke artsen welke deelnemen aan de bedevaarten naar Lourdes of die zich rechtstreeks interesseren aan de genezingen van Lourdes \u2013 met als doel de relaties te verstevigen tussen de confraters en de studie van de feiten van Lourdes te vergemakkelijken. (\u2026). Het bestaan van deze Vereniging wijzigt geenszins de werking van het Bureau van de Medische Vaststellingen, dat zoals in het verleden toegankelijk blijft voor alle artsen, katholiek of niet\u201d (2).<\/p><\/div><\/div><\/div><div class=\"elementor-element elementor-element-dd9f09a elementor-widget elementor-widget-text-editor\" data-id=\"dd9f09a\" data-element_type=\"widget\" data-widget_type=\"text-editor.default\"><div class=\"elementor-widget-container\"><div class=\"elementor-text-editor elementor-clearfix\"><p>Dokter Auguste Vallet, titulair voorzitter van het Bureau (1927-1947), \u00ab nam heel vlug na zijn aankomst het initiatief de Medische Vereniging van Lourdes te \u201cinternationaliseren\u201d, waardoor deze de Internationale Medische vereniging van Lourdes werd \u2013 beter gekend onder het letterwoord A.M.I.L. \u2013 om alle artsen van alle continenten te verenigen, die met Lourdes willen verbonden willen zijn na hun bezoek aan Lourdes. Deze clausule was vereist en men begrijpt gemakkelijk de redenen: het was (en is ongetwijfeld nog altijd) nodig dat de diploma\u2019s van de kandidaten duidelijk zijn gekend welke zij willen laten gelden en ook om hun uitdrukkelijk verlangen te kennen. Deze stichting vereiste een contactblad, een trimestri\u00eble uitgave, het eerste nummer verscheen in februari 1828 en de verschijning ervan werd sindsdien praktisch nooit meer onderbroken\u201d (3).<\/p><\/div><\/div><\/div><div class=\"elementor-element elementor-element-84ad602 elementor-widget elementor-widget-text-editor\" data-id=\"84ad602\" data-element_type=\"widget\" data-widget_type=\"text-editor.default\"><div class=\"elementor-widget-container\"><div class=\"elementor-text-editor elementor-clearfix\"><p>AMIL groepeert vandaag: APIL (Internationale Vereniging van Notre-Dame de Lourdes voor apothekers, gesticht in 1935); ADIL (Internationale Vereniging van Notre-Dame de Lourdes voor tandartsen, gesticht in 1991); AILACS (Internationale Vereniging van Notre-Dame de Lourdes voor hulppersoneel in de Gezondheidszorg, gesticht in 1993) en AIIL (Internationale Vereniging van Notre-Dame de Lourdes voor verplegend personeel, gesticht in 2014). De voorzitter van het Bureau van de medische vaststellingen is tijdelijk de voorzitter van AMIL. De zetel van AMIL bevindt zich in het Bureau van de medische vaststellingen.<\/p><\/div><\/div><\/div><div class=\"elementor-element elementor-element-cb10198 elementor-widget elementor-widget-text-editor\" data-id=\"cb10198\" data-element_type=\"widget\" data-widget_type=\"text-editor.default\"><div class=\"elementor-widget-container\"><div class=\"elementor-text-editor elementor-clearfix\"><p>In 1947 hebben Mgr. Pierre-Marie Th\u00e9as, bisschop van Tarbes en Lourdes, en dokter Fran\u00e7ois Leuret, voorzitter van het Bureau van de vaststellingen, een Medisch Comit\u00e9 van Lourdes opgericht, door het co\u00f6pteren van artsen en professoren, allen uitstekend in hun respectievelijke specialiteiten. De bisschop heeft in 1954 gevraagd dat dit Comit\u00e9 een internationale dimensie kreeg. De leden van het Internationaal Medisch Comit\u00e9 van Lourdes zijn belast met het onderzoeken en eventueel \u201cbevestigen\u201d dat de wijze van genezing, door het Bureau van de medische vaststellingen van Lourdes als \u201converklaard\u201d bekend gemaakt, werkelijk \u201converklaard\u201d is in de huidige situatie van wetenschappelijke kennis\u201d (4).<\/p><\/div><\/div><\/div><div class=\"elementor-element elementor-element-771150c elementor-widget elementor-widget-text-editor\" data-id=\"771150c\" data-element_type=\"widget\" data-widget_type=\"text-editor.default\"><div class=\"elementor-widget-container\"><div class=\"elementor-text-editor elementor-clearfix\"><p>Het Internationaal Medisch Comit\u00e9 van Lourdes (C.M.I.L.) telt zowat dertig leden. Het wordt tegenwoordig voorgezeten door de apostolisch afgevaardigde, Mgr. Antoine H\u00e9rouard, en door een van zijn leden, professor Olivier Jonquet, door de bisschop benoemd voor een vernieuwbaar mandaat. De voorzitter van het Bureau van de medische vaststellingen van Lourdes is secretaris van het Comit\u00e9.<\/p><\/div><\/div><\/div><div class=\"elementor-element elementor-element-39b99f1 elementor-widget elementor-widget-text-editor\" data-id=\"39b99f1\" data-element_type=\"widget\" data-widget_type=\"text-editor.default\"><div class=\"elementor-widget-container\"><div class=\"elementor-text-editor elementor-clearfix\"><p><em>(1) Brustolon A., Georges-Fernand Dunot de Saint-Maclou \u2013 Il Dottore della Grotta \u00a9 2014 Editrice Velar, Gorle (BG), pages 443-52<br \/>(2) Journal de la Grotte, Lourdes, Dimanche 6 Septembre 1925, pages 1 et 3<br \/>(3) Docteur Th\u00e9odore Mangiapan, Gu\u00e9risons de Lourdes \u2013 \u00c9tude historique et critique depuis l\u2019origine jusqu\u2019en 1990 \u00a9 2010 NDL Editions, Lourdes, (Nouvelle Edition), page 194<br \/>(4) Mgr Jacques Perrier, Expliquez-moi les miracles \u00a9 2011 NDL Editions, Lourdes, page 70<\/em><\/p><\/div><\/div><\/div><\/div><\/div><\/div><\/div><\/div><\/section><\/div><\/div><\/div><\/div>\t\t\t\t\t\t\t\t<\/div>\n\t\t\t\t<\/div>\n\t\t\t\t\t<\/div>\n\t\t<\/div>\n\t\t\t\t\t<\/div>\n\t\t<\/section>\n\t\t\t\t<\/div>\n\t\t","protected":false},"excerpt":{"rendered":"<p>CONTACTBureau des Constatations m\u00e9dicalesSanctuaire Notre-Dame de Lourdes65108 Lourdes Cedex FranceT\u00e9l. : +(33) 05 62 42 79 08Een e-mail zenden De geschiedenis van het Bureau van de medische vaststellingen Mgr. Bertrand-S\u00e9v\u00e8re Laurence, bisschop van Tarbes, heeft bij de ondertekening van zijn &hellip; <a href=\"https:\/\/www.lourdes-france.com\/nl\/het-bureau-van-de-medische-vaststellingen\/\">Vervolgd<\/a><\/p>\n","protected":false},"author":2,"featured_media":788538,"parent":0,"menu_order":0,"comment_status":"closed","ping_status":"closed","template":"","meta":{"_acf_changed":false,"footnotes":""},"class_list":["post-789551","page","type-page","status-publish","has-post-thumbnail","hentry"],"acf":[],"yoast_head":"<!-- This site is optimized with the Yoast SEO Premium plugin v24.0 (Yoast SEO v26.3) - https:\/\/yoast.com\/wordpress\/plugins\/seo\/ -->\n<title>Het Bureau van de medische vaststellingen - Vivre le p\u00e8lerinage de Lourdes<\/title>\n<meta name=\"description\" content=\"A Lourdes, les p\u00e8lerins peuvent estimer avoir b\u00e9n\u00e9fici\u00e9 d\u2019une gu\u00e9rison exceptionnelle. Ils se tournent alors vers le Bureau des Constatations m\u00e9dicales.\" \/>\n<meta name=\"robots\" content=\"index, follow, max-snippet:-1, max-image-preview:large, max-video-preview:-1\" \/>\n<link rel=\"canonical\" href=\"https:\/\/www.lourdes-france.com\/nl\/het-bureau-van-de-medische-vaststellingen\/\" \/>\n<meta property=\"og:locale\" content=\"nl_NL\" \/>\n<meta property=\"og:type\" content=\"article\" \/>\n<meta property=\"og:title\" content=\"Het Bureau van de medische vaststellingen\" \/>\n<meta property=\"og:description\" content=\"A Lourdes, les p\u00e8lerins peuvent estimer avoir b\u00e9n\u00e9fici\u00e9 d\u2019une gu\u00e9rison exceptionnelle. Ils se tournent alors vers le Bureau des Constatations m\u00e9dicales.\" \/>\n<meta property=\"og:url\" content=\"https:\/\/www.lourdes-france.com\/nl\/het-bureau-van-de-medische-vaststellingen\/\" \/>\n<meta property=\"og:site_name\" content=\"Vivre le p\u00e8lerinage de Lourdes\" \/>\n<meta property=\"article:modified_time\" content=\"2022-09-22T11:13:56+00:00\" \/>\n<meta property=\"og:image\" content=\"https:\/\/www.lourdes-france.com\/wp-content\/uploads\/2021\/11\/bureau-medical_mise-en-avant.jpg\" \/>\n\t<meta property=\"og:image:width\" content=\"2362\" \/>\n\t<meta property=\"og:image:height\" content=\"1507\" \/>\n\t<meta property=\"og:image:type\" content=\"image\/jpeg\" \/>\n<meta name=\"twitter:card\" content=\"summary_large_image\" \/>\n<meta name=\"twitter:label1\" content=\"Geschatte leestijd\" \/>\n\t<meta name=\"twitter:data1\" content=\"11 minuten\" \/>\n<script type=\"application\/ld+json\" class=\"yoast-schema-graph\">{\"@context\":\"https:\/\/schema.org\",\"@graph\":[{\"@type\":\"WebPage\",\"@id\":\"https:\/\/www.lourdes-france.com\/nl\/het-bureau-van-de-medische-vaststellingen\/\",\"url\":\"https:\/\/www.lourdes-france.com\/nl\/het-bureau-van-de-medische-vaststellingen\/\",\"name\":\"Het Bureau van de medische vaststellingen - Vivre le p\u00e8lerinage de Lourdes\",\"isPartOf\":{\"@id\":\"https:\/\/www.lourdes-france.com\/nl\/#website\"},\"primaryImageOfPage\":{\"@id\":\"https:\/\/www.lourdes-france.com\/nl\/het-bureau-van-de-medische-vaststellingen\/#primaryimage\"},\"image\":{\"@id\":\"https:\/\/www.lourdes-france.com\/nl\/het-bureau-van-de-medische-vaststellingen\/#primaryimage\"},\"thumbnailUrl\":\"https:\/\/www.lourdes-france.com\/wp-content\/uploads\/2021\/11\/bureau-medical_mise-en-avant.jpg\",\"datePublished\":\"2021-11-12T15:04:57+00:00\",\"dateModified\":\"2022-09-22T11:13:56+00:00\",\"description\":\"A Lourdes, les p\u00e8lerins peuvent estimer avoir b\u00e9n\u00e9fici\u00e9 d\u2019une gu\u00e9rison exceptionnelle. Ils se tournent alors vers le Bureau des Constatations m\u00e9dicales.\",\"breadcrumb\":{\"@id\":\"https:\/\/www.lourdes-france.com\/nl\/het-bureau-van-de-medische-vaststellingen\/#breadcrumb\"},\"inLanguage\":\"nl-NL\",\"potentialAction\":[{\"@type\":\"ReadAction\",\"target\":[\"https:\/\/www.lourdes-france.com\/nl\/het-bureau-van-de-medische-vaststellingen\/\"]}]},{\"@type\":\"ImageObject\",\"inLanguage\":\"nl-NL\",\"@id\":\"https:\/\/www.lourdes-france.com\/nl\/het-bureau-van-de-medische-vaststellingen\/#primaryimage\",\"url\":\"https:\/\/www.lourdes-france.com\/wp-content\/uploads\/2021\/11\/bureau-medical_mise-en-avant.jpg\",\"contentUrl\":\"https:\/\/www.lourdes-france.com\/wp-content\/uploads\/2021\/11\/bureau-medical_mise-en-avant.jpg\",\"width\":2362,\"height\":1507,\"caption\":\"Bureau des Constatations M\u00e9dicales de Lourdes\"},{\"@type\":\"BreadcrumbList\",\"@id\":\"https:\/\/www.lourdes-france.com\/nl\/het-bureau-van-de-medische-vaststellingen\/#breadcrumb\",\"itemListElement\":[{\"@type\":\"ListItem\",\"position\":1,\"name\":\"Accueil\",\"item\":\"https:\/\/www.lourdes-france.com\/nl\/\"},{\"@type\":\"ListItem\",\"position\":2,\"name\":\"Het Bureau van de medische vaststellingen\"}]},{\"@type\":\"WebSite\",\"@id\":\"https:\/\/www.lourdes-france.com\/nl\/#website\",\"url\":\"https:\/\/www.lourdes-france.com\/nl\/\",\"name\":\"Sanctuaire Notre-Dame de Lourdes\",\"description\":\"\",\"publisher\":{\"@id\":\"https:\/\/www.lourdes-france.com\/nl\/#organization\"},\"potentialAction\":[{\"@type\":\"SearchAction\",\"target\":{\"@type\":\"EntryPoint\",\"urlTemplate\":\"https:\/\/www.lourdes-france.com\/nl\/?s={search_term_string}\"},\"query-input\":{\"@type\":\"PropertyValueSpecification\",\"valueRequired\":true,\"valueName\":\"search_term_string\"}}],\"inLanguage\":\"nl-NL\"},{\"@type\":\"Organization\",\"@id\":\"https:\/\/www.lourdes-france.com\/nl\/#organization\",\"name\":\"Sanctuaire Notre-Dame de Lourdes\",\"url\":\"https:\/\/www.lourdes-france.com\/nl\/\",\"logo\":{\"@type\":\"ImageObject\",\"inLanguage\":\"nl-NL\",\"@id\":\"https:\/\/www.lourdes-france.com\/nl\/#\/schema\/logo\/image\/\",\"url\":\"https:\/\/www.lourdes-france.com\/wp-content\/uploads\/2021\/11\/logo-small.png\",\"contentUrl\":\"https:\/\/www.lourdes-france.com\/wp-content\/uploads\/2021\/11\/logo-small.png\",\"width\":834,\"height\":521,\"caption\":\"Sanctuaire Notre-Dame de Lourdes\"},\"image\":{\"@id\":\"https:\/\/www.lourdes-france.com\/nl\/#\/schema\/logo\/image\/\"}}]}<\/script>\n<!-- \/ Yoast SEO Premium plugin. -->","yoast_head_json":{"title":"Het Bureau van de medische vaststellingen - Vivre le p\u00e8lerinage de Lourdes","description":"A Lourdes, les p\u00e8lerins peuvent estimer avoir b\u00e9n\u00e9fici\u00e9 d\u2019une gu\u00e9rison exceptionnelle. Ils se tournent alors vers le Bureau des Constatations m\u00e9dicales.","robots":{"index":"index","follow":"follow","max-snippet":"max-snippet:-1","max-image-preview":"max-image-preview:large","max-video-preview":"max-video-preview:-1"},"canonical":"https:\/\/www.lourdes-france.com\/nl\/het-bureau-van-de-medische-vaststellingen\/","og_locale":"nl_NL","og_type":"article","og_title":"Het Bureau van de medische vaststellingen","og_description":"A Lourdes, les p\u00e8lerins peuvent estimer avoir b\u00e9n\u00e9fici\u00e9 d\u2019une gu\u00e9rison exceptionnelle. Ils se tournent alors vers le Bureau des Constatations m\u00e9dicales.","og_url":"https:\/\/www.lourdes-france.com\/nl\/het-bureau-van-de-medische-vaststellingen\/","og_site_name":"Vivre le p\u00e8lerinage de Lourdes","article_modified_time":"2022-09-22T11:13:56+00:00","og_image":[{"width":2362,"height":1507,"url":"https:\/\/www.lourdes-france.com\/wp-content\/uploads\/2021\/11\/bureau-medical_mise-en-avant.jpg","type":"image\/jpeg"}],"twitter_card":"summary_large_image","twitter_misc":{"Geschatte leestijd":"11 minuten"},"schema":{"@context":"https:\/\/schema.org","@graph":[{"@type":"WebPage","@id":"https:\/\/www.lourdes-france.com\/nl\/het-bureau-van-de-medische-vaststellingen\/","url":"https:\/\/www.lourdes-france.com\/nl\/het-bureau-van-de-medische-vaststellingen\/","name":"Het Bureau van de medische vaststellingen - Vivre le p\u00e8lerinage de Lourdes","isPartOf":{"@id":"https:\/\/www.lourdes-france.com\/nl\/#website"},"primaryImageOfPage":{"@id":"https:\/\/www.lourdes-france.com\/nl\/het-bureau-van-de-medische-vaststellingen\/#primaryimage"},"image":{"@id":"https:\/\/www.lourdes-france.com\/nl\/het-bureau-van-de-medische-vaststellingen\/#primaryimage"},"thumbnailUrl":"https:\/\/www.lourdes-france.com\/wp-content\/uploads\/2021\/11\/bureau-medical_mise-en-avant.jpg","datePublished":"2021-11-12T15:04:57+00:00","dateModified":"2022-09-22T11:13:56+00:00","description":"A Lourdes, les p\u00e8lerins peuvent estimer avoir b\u00e9n\u00e9fici\u00e9 d\u2019une gu\u00e9rison exceptionnelle. Ils se tournent alors vers le Bureau des Constatations m\u00e9dicales.","breadcrumb":{"@id":"https:\/\/www.lourdes-france.com\/nl\/het-bureau-van-de-medische-vaststellingen\/#breadcrumb"},"inLanguage":"nl-NL","potentialAction":[{"@type":"ReadAction","target":["https:\/\/www.lourdes-france.com\/nl\/het-bureau-van-de-medische-vaststellingen\/"]}]},{"@type":"ImageObject","inLanguage":"nl-NL","@id":"https:\/\/www.lourdes-france.com\/nl\/het-bureau-van-de-medische-vaststellingen\/#primaryimage","url":"https:\/\/www.lourdes-france.com\/wp-content\/uploads\/2021\/11\/bureau-medical_mise-en-avant.jpg","contentUrl":"https:\/\/www.lourdes-france.com\/wp-content\/uploads\/2021\/11\/bureau-medical_mise-en-avant.jpg","width":2362,"height":1507,"caption":"Bureau des Constatations M\u00e9dicales de Lourdes"},{"@type":"BreadcrumbList","@id":"https:\/\/www.lourdes-france.com\/nl\/het-bureau-van-de-medische-vaststellingen\/#breadcrumb","itemListElement":[{"@type":"ListItem","position":1,"name":"Accueil","item":"https:\/\/www.lourdes-france.com\/nl\/"},{"@type":"ListItem","position":2,"name":"Het Bureau van de medische vaststellingen"}]},{"@type":"WebSite","@id":"https:\/\/www.lourdes-france.com\/nl\/#website","url":"https:\/\/www.lourdes-france.com\/nl\/","name":"Sanctuaire Notre-Dame de Lourdes","description":"","publisher":{"@id":"https:\/\/www.lourdes-france.com\/nl\/#organization"},"potentialAction":[{"@type":"SearchAction","target":{"@type":"EntryPoint","urlTemplate":"https:\/\/www.lourdes-france.com\/nl\/?s={search_term_string}"},"query-input":{"@type":"PropertyValueSpecification","valueRequired":true,"valueName":"search_term_string"}}],"inLanguage":"nl-NL"},{"@type":"Organization","@id":"https:\/\/www.lourdes-france.com\/nl\/#organization","name":"Sanctuaire Notre-Dame de Lourdes","url":"https:\/\/www.lourdes-france.com\/nl\/","logo":{"@type":"ImageObject","inLanguage":"nl-NL","@id":"https:\/\/www.lourdes-france.com\/nl\/#\/schema\/logo\/image\/","url":"https:\/\/www.lourdes-france.com\/wp-content\/uploads\/2021\/11\/logo-small.png","contentUrl":"https:\/\/www.lourdes-france.com\/wp-content\/uploads\/2021\/11\/logo-small.png","width":834,"height":521,"caption":"Sanctuaire Notre-Dame de Lourdes"},"image":{"@id":"https:\/\/www.lourdes-france.com\/nl\/#\/schema\/logo\/image\/"}}]}},"_links":{"self":[{"href":"https:\/\/www.lourdes-france.com\/nl\/wp-json\/wp\/v2\/pages\/789551","targetHints":{"allow":["GET"]}}],"collection":[{"href":"https:\/\/www.lourdes-france.com\/nl\/wp-json\/wp\/v2\/pages"}],"about":[{"href":"https:\/\/www.lourdes-france.com\/nl\/wp-json\/wp\/v2\/types\/page"}],"author":[{"embeddable":true,"href":"https:\/\/www.lourdes-france.com\/nl\/wp-json\/wp\/v2\/users\/2"}],"replies":[{"embeddable":true,"href":"https:\/\/www.lourdes-france.com\/nl\/wp-json\/wp\/v2\/comments?post=789551"}],"version-history":[{"count":0,"href":"https:\/\/www.lourdes-france.com\/nl\/wp-json\/wp\/v2\/pages\/789551\/revisions"}],"wp:featuredmedia":[{"embeddable":true,"href":"https:\/\/www.lourdes-france.com\/nl\/wp-json\/wp\/v2\/media\/788538"}],"wp:attachment":[{"href":"https:\/\/www.lourdes-france.com\/nl\/wp-json\/wp\/v2\/media?parent=789551"}],"curies":[{"name":"wp","href":"https:\/\/api.w.org\/{rel}","templated":true}]}}