{"id":789550,"date":"2021-11-12T16:13:34","date_gmt":"2021-11-12T15:13:34","guid":{"rendered":"https:\/\/www.lourdes-france.com\/reconnaissance-miracle\/"},"modified":"2024-05-15T15:51:48","modified_gmt":"2024-05-15T13:51:48","slug":"reconnaissance-miracle","status":"publish","type":"page","link":"https:\/\/www.lourdes-france.com\/nl\/reconnaissance-miracle\/","title":{"rendered":"La reconnaissance d&#8217;un miracle"},"content":{"rendered":"\t\t<div data-elementor-type=\"wp-page\" data-elementor-id=\"789550\" class=\"elementor elementor-789550 elementor-3434\" data-elementor-post-type=\"page\">\n\t\t\t\t\t\t<section class=\"elementor-section elementor-top-section elementor-element elementor-element-81060cb elementor-section-stretched elementor-section-boxed elementor-section-height-default elementor-section-height-default\" data-id=\"81060cb\" data-element_type=\"section\" data-settings=\"{&quot;background_background&quot;:&quot;classic&quot;,&quot;stretch_section&quot;:&quot;section-stretched&quot;}\">\n\t\t\t\t\t\t<div class=\"elementor-container elementor-column-gap-no\">\n\t\t\t\t\t<div class=\"elementor-column elementor-col-100 elementor-top-column elementor-element elementor-element-d038c80\" data-id=\"d038c80\" data-element_type=\"column\">\n\t\t\t<div class=\"elementor-widget-wrap elementor-element-populated\">\n\t\t\t\t\t\t<div class=\"elementor-element elementor-element-92da3ef elementor-blockquote--skin-quotation elementor-widget elementor-widget-blockquote\" data-id=\"92da3ef\" data-element_type=\"widget\" data-widget_type=\"blockquote.default\">\n\t\t\t\t<div class=\"elementor-widget-container\">\n\t\t\t\t\t\t\t<blockquote class=\"elementor-blockquote\">\n\t\t\t<p class=\"elementor-blockquote__content\">\n\t\t\t\tEntre le moment o\u00f9 une personne est gu\u00e9rie et la reconnaissance \u00e9ventuelle de cette gu\u00e9rison comme miraculeuse, quelle est la proc\u00e9dure suivie? Le mot \u00ab proc\u00e9dure \u00bb, avec son aspect judiciaire, n\u2019est pas employ\u00e9 au hasard, car il s\u2019agit bien d\u2019un proc\u00e8s en vue d\u2019un jugement.  Dans cette proc\u00e9dure sont impliqu\u00e9es la m\u00e9decine d\u2019une part, et la hi\u00e9rarchie catholique d\u2019autre part. Il faut, de plus, distinguer ce qui se joue \u00e0 Lourdes et ce qui rel\u00e8ve du dioc\u00e8se o\u00f9 la personne gu\u00e9rie vit habituellement.\t\t\t<\/p>\n\t\t\t\t\t<\/blockquote>\n\t\t\t\t\t\t<\/div>\n\t\t\t\t<\/div>\n\t\t\t\t\t<\/div>\n\t\t<\/div>\n\t\t\t\t\t<\/div>\n\t\t<\/section>\n\t\t\t\t<section class=\"elementor-section elementor-top-section elementor-element elementor-element-2e7b2bf elementor-section-boxed elementor-section-height-default elementor-section-height-default\" data-id=\"2e7b2bf\" data-element_type=\"section\">\n\t\t\t\t\t\t<div class=\"elementor-container elementor-column-gap-default\">\n\t\t\t\t\t<div class=\"elementor-column elementor-col-100 elementor-top-column elementor-element elementor-element-eb094d7\" data-id=\"eb094d7\" data-element_type=\"column\">\n\t\t\t<div class=\"elementor-widget-wrap elementor-element-populated\">\n\t\t\t\t\t\t<div class=\"elementor-element elementor-element-a8aced6 elementor-widget elementor-widget-spacer\" data-id=\"a8aced6\" data-element_type=\"widget\" data-widget_type=\"spacer.default\">\n\t\t\t\t<div class=\"elementor-widget-container\">\n\t\t\t\t\t\t\t<div class=\"elementor-spacer\">\n\t\t\t<div class=\"elementor-spacer-inner\"><\/div>\n\t\t<\/div>\n\t\t\t\t\t\t<\/div>\n\t\t\t\t<\/div>\n\t\t\t\t<div class=\"elementor-element elementor-element-2ee75374 elementor-widget elementor-widget-heading\" data-id=\"2ee75374\" data-element_type=\"widget\" data-widget_type=\"heading.default\">\n\t\t\t\t<div class=\"elementor-widget-container\">\n\t\t\t\t\t<h3 class=\"elementor-heading-title elementor-size-default\">Proc\u00e9dure de reconnaissance : le sch\u00e9ma th\u00e9orique<\/h3>\t\t\t\t<\/div>\n\t\t\t\t<\/div>\n\t\t\t\t<div class=\"elementor-element elementor-element-b68e556 elementor-widget elementor-widget-text-editor\" data-id=\"b68e556\" data-element_type=\"widget\" data-widget_type=\"text-editor.default\">\n\t\t\t\t<div class=\"elementor-widget-container\">\n\t\t\t\t\t\t\t\t\t<div class=\"elementor-element elementor-element-a35e070 elementor-widget elementor-widget-text-editor\" data-id=\"a35e070\" data-element_type=\"widget\" data-widget_type=\"text-editor.default\"><div class=\"elementor-widget-container\"><div class=\"elementor-text-editor elementor-clearfix\"><p>Une personne gu\u00e9rit. Elle se r\u00e9jouit et son entourage avec elle. Si personne ne l\u2019y invite, il y a peu de chances qu\u2019elle aille se d\u00e9clarer au <a href=\"https:\/\/www.lourdes-france.com\/le-bureau-des-constatations\/\" target=\"_blank\" rel=\"noopener\">Bureau des Constatations m\u00e9dicales<\/a> de Lourdes. Si cette gu\u00e9rison est authentique, le b\u00e9n\u00e9ficiaire a peur de se mettre en avant\u00a0 : il pense plus \u00e0 rendre d\u00e9sormais service aux autres qu\u2019\u00e0 se r\u00e9pandre en t\u00e9moignages. L\u2019indiscr\u00e9tion m\u00e9diatique fait peur. La proc\u00e9dure s\u2019\u00e9tend sur des ann\u00e9es, avec de multiples contr\u00f4les : est-ce bien la peine de se lancer dans une pareille aventure qui ne changera rien sur le fond ? La personne gu\u00e9rie est gu\u00e9rie et Lourdes n\u2019a pas besoin de miracles pour prouver que les apparitions sont authentiques.<\/p><\/div><\/div><\/div><div class=\"elementor-element elementor-element-8450bbd elementor-widget elementor-widget-text-editor\" data-id=\"8450bbd\" data-element_type=\"widget\" data-widget_type=\"text-editor.default\"><div class=\"elementor-widget-container\"><div class=\"elementor-text-editor elementor-clearfix\"><p>Parfois avec r\u00e9ticence, la personne se rend au Bureau des Constatations m\u00e9dicales. Le m\u00e9decin enregistre la d\u00e9claration et essaie de se faire une premi\u00e8re id\u00e9e : s\u2019agissait-il d\u2019une maladie ou d\u2019un handicap s\u00e9rieux ? La gu\u00e9rison semble-t-elle effective ? Si la r\u00e9ponse \u00e0 ces deux questions est positive, le fait est-il exceptionnel ? Quel est l\u2019\u00e9tat psychologique de la personne ? Si le m\u00e9decin juge qu\u2019il vaut la peine de poursuivre l\u2019enqu\u00eate, il va demander \u00e0 la personne de r\u00e9unir le maximum de pi\u00e8ces pour \u00e9tayer le diagnostic car les m\u00e9decins de Lourdes se sont toujours pos\u00e9 une question : la personne \u00e9tait-elle effectivement atteinte de la maladie dont elle pensait \u00eatre victime ? Etant donn\u00e9 qu\u2019elle est gu\u00e9rie, il est impossible de v\u00e9rifier ses dires, autrement que par les examens subis avant la gu\u00e9rison.<\/p><\/div><\/div><\/div><div class=\"elementor-element elementor-element-709f583f elementor-widget elementor-widget-text-editor\" data-id=\"709f583f\" data-element_type=\"widget\" data-widget_type=\"text-editor.default\"><div class=\"elementor-widget-container\"><div class=\"elementor-text-editor elementor-clearfix\"><p>Le m\u00e9decin va aussi demander \u00e0 la personne de revenir l\u2019ann\u00e9e suivante, puisqu\u2019un des crit\u00e8res du s\u00e9rieux de la gu\u00e9rison est sa permanence. Autant pour r\u00e9unir les pi\u00e8ces du dossier que pour tester la permanence de la gu\u00e9rison, cette phase peut durer des ann\u00e9es.<\/p><\/div><\/div><\/div><div class=\"elementor-element elementor-element-50872260 elementor-widget elementor-widget-text-editor\" data-id=\"50872260\" data-element_type=\"widget\" data-widget_type=\"text-editor.default\"><div class=\"elementor-widget-container\"><div class=\"elementor-text-editor elementor-clearfix\"><p>S\u2019il a \u00e9t\u00e9 possible de constituer un dossier \u00e0 peu pr\u00e8s complet et si la personne revient \u00e0 Lourdes, le m\u00e9decin peut r\u00e9unir un \u00ab\u00a0Bureau des Constatations m\u00e9dicales\u00a0\u00bb. Tous les m\u00e9decins pr\u00e9sents \u00e0 Lourdes ce jour-l\u00e0, sans distinction de leurs convictions personnelles, sont invit\u00e9s \u00e0 se r\u00e9unir en pr\u00e9sence de la personne concern\u00e9e. Ils peuvent poser toutes les questions qu\u2019ils souhaitent et discuter entre eux sur la solidit\u00e9 du diagnostic et sur les \u00e9volutions connues de cette maladie. Toute cette phase consiste \u00e0 \u00ab\u00a0constater\u00a0\u00bb la gu\u00e9rison. Elle est sous la responsabilit\u00e9 du Bureau appel\u00e9 justement\u00a0 \u00ab\u00a0Bureau des Constatations m\u00e9dicales\u00a0\u00bb.<\/p><\/div><\/div><\/div><div class=\"elementor-element elementor-element-5b072a5d elementor-widget elementor-widget-text-editor\" data-id=\"5b072a5d\" data-element_type=\"widget\" data-widget_type=\"text-editor.default\"><div class=\"elementor-widget-container\"><div class=\"elementor-text-editor elementor-clearfix\"><p>Si la gu\u00e9rison est effectivement constat\u00e9e par le \u00ab\u00a0Bureau des Constatations m\u00e9dicales\u00a0\u00bb, le dossier est transmis par le m\u00e9decin permanent au Comit\u00e9 M\u00e9dical International de Lourdes, lors de sa r\u00e9union annuelle. D\u2019habitude, le CMIL nomme un de ses membres pour approfondir l\u2019examen du dossier. Ce m\u00e9decin \u00ab\u00a0raporteur\u00a0\u00bb peut consulter qui il veut. Il fait appel \u00e0 tout ce que la \u00ab litt\u00e9rature \u00bb a publi\u00e9 sur le sujet. Il peut soumettre des pi\u00e8ces du dossier, en aveugle, \u00e0 des confr\u00e8res pour recueillir leur appr\u00e9ciation.<\/p><\/div><\/div><\/div><div class=\"elementor-element elementor-element-0d289de elementor-widget elementor-widget-text-editor\" data-id=\"0d289de\" data-element_type=\"widget\" data-widget_type=\"text-editor.default\"><div class=\"elementor-widget-container\"><div class=\"elementor-text-editor elementor-clearfix\"><p>Avant de rendre son jugement, le CMIL tient compte des sept \u00abcrit\u00e8res de Lambertini\u00bb. Dans ses conclusions, il peut aller plus ou moins loin.<br \/>\u2013 S\u2019il reste une marge d\u2019incertitude sur le diagnostic, le CMIL pourra se contenter de la \u00ab\u00a0confirmer\u00a0\u00bb : oui, cette personne allait mal ; oui, depuis des ann\u00e9es et aujourd\u2019hui, elle va bien ; oui, ce changement brutal est li\u00e9 \u00e0 Lourdes.<br \/>\u2013 Le CMIL peut aller plus loin et \u00ab\u00a0certifier\u00a0\u00bb que le mode de cette gu\u00e9rison reste inexpliqu\u00e9 dans l\u2019\u00e9tat actuel des connaissances scientifiques. L\u2019approbation doit recueillir les deux tiers des voix.<br \/>Sur les conclusions du CMIL avec l\u2019avis des personnes qu\u2019il a consult\u00e9es dans son dioc\u00e8se, mais sans avoir \u00e0 recourir \u00e0 Rome, l\u2019\u00e9v\u00eaque du dioc\u00e8se de la personne gu\u00e9rie d\u00e9cide de la reconnaissance publique par l\u2019Eglise. L\u2019engagement le plus fort est la reconnaissance du \u00ab\u00a0miracle\u00a0\u00bb mais, si l\u2019\u00e9v\u00eaque ne veut pas aller jusque-l\u00e0 pour ne pas en faire dire \u00e0 la m\u00e9decine plus qu\u2019elle ne veut en dire, il peut autoriser le t\u00e9moignage de la personne gu\u00e9rie, \u00e0 condition qu\u2019elle reste dans l\u2019humilit\u00e9, et devant Dieu\u2026 et devant la m\u00e9decine.<\/p><\/div><\/div><\/div><div class=\"elementor-element elementor-element-5dcc388 elementor-widget elementor-widget-text-editor\" data-id=\"5dcc388\" data-element_type=\"widget\" data-widget_type=\"text-editor.default\"><div class=\"elementor-widget-container\"><div class=\"elementor-text-editor elementor-clearfix\"><p>La proc\u00e9dure d\u2019aujourd\u2019hui est donc encore plus complexe que celle des ann\u00e9es 1950. Comment en serait-il autrement alors que la m\u00e9decine a tellement chang\u00e9 ? Elle a l\u2019avantage d\u2019\u00e9tablir des degr\u00e9s dans l\u2019affirmation. Elle permet de sortir du dilemme : miracle ou illusion ? Il y a des degr\u00e9s dans l\u2019affirmation parce qu\u2019il y a des degr\u00e9s dans la certitude. Il faut rappeler que les miracles, pas plus que les apparitions, ne sont des articles de foi m\u00eame si, comme disait Mgr Laurence \u00e0 propos des Apparitions, nous sommes \u00abfond\u00e9s \u00e0 y croire\u00bb.<\/p><\/div><\/div><\/div>\t\t\t\t\t\t\t\t<\/div>\n\t\t\t\t<\/div>\n\t\t\t\t\t<\/div>\n\t\t<\/div>\n\t\t\t\t\t<\/div>\n\t\t<\/section>\n\t\t\t\t<section class=\"elementor-section elementor-top-section elementor-element elementor-element-5e4c250d elementor-section-boxed elementor-section-height-default elementor-section-height-default\" data-id=\"5e4c250d\" data-element_type=\"section\">\n\t\t\t\t\t\t<div class=\"elementor-container elementor-column-gap-default\">\n\t\t\t\t\t<div class=\"elementor-column elementor-col-100 elementor-top-column elementor-element elementor-element-3648e990\" data-id=\"3648e990\" data-element_type=\"column\">\n\t\t\t<div class=\"elementor-widget-wrap elementor-element-populated\">\n\t\t\t\t\t\t<div class=\"elementor-element elementor-element-71ac6343 elementor-widget elementor-widget-spacer\" data-id=\"71ac6343\" data-element_type=\"widget\" data-widget_type=\"spacer.default\">\n\t\t\t\t<div class=\"elementor-widget-container\">\n\t\t\t\t\t\t\t<div class=\"elementor-spacer\">\n\t\t\t<div class=\"elementor-spacer-inner\"><\/div>\n\t\t<\/div>\n\t\t\t\t\t\t<\/div>\n\t\t\t\t<\/div>\n\t\t\t\t\t<\/div>\n\t\t<\/div>\n\t\t\t\t\t<\/div>\n\t\t<\/section>\n\t\t\t\t<\/div>\n\t\t","protected":false},"excerpt":{"rendered":"<p>Entre le moment o\u00f9 une personne est gu\u00e9rie et la reconnaissance \u00e9ventuelle de cette gu\u00e9rison comme miraculeuse, quelle est la proc\u00e9dure suivie? Le mot \u00ab proc\u00e9dure \u00bb, avec son aspect judiciaire, n\u2019est pas employ\u00e9 au hasard, car il s\u2019agit bien &hellip; <a href=\"https:\/\/www.lourdes-france.com\/nl\/reconnaissance-miracle\/\">Vervolgd<\/a><\/p>\n","protected":false},"author":2,"featured_media":788539,"parent":0,"menu_order":0,"comment_status":"closed","ping_status":"closed","template":"","meta":{"_acf_changed":false,"footnotes":""},"class_list":["post-789550","page","type-page","status-publish","has-post-thumbnail","hentry"],"acf":[],"yoast_head":"<!-- This site is optimized with the Yoast SEO Premium plugin v24.0 (Yoast SEO v26.3) - https:\/\/yoast.com\/wordpress\/plugins\/seo\/ -->\n<title>La reconnaissance d&#039;un miracle - Vivre le p\u00e8lerinage de Lourdes<\/title>\n<meta name=\"description\" content=\"Entre le moment o\u00f9 une personne est gu\u00e9rie et la reconnaissance \u00e9ventuelle de cette gu\u00e9rison comme miraculeuse, quelle proc\u00e9dure ?\" \/>\n<meta name=\"robots\" content=\"index, follow, max-snippet:-1, max-image-preview:large, max-video-preview:-1\" \/>\n<link rel=\"canonical\" href=\"https:\/\/www.lourdes-france.com\/nl\/reconnaissance-miracle\/\" \/>\n<meta property=\"og:locale\" content=\"nl_NL\" \/>\n<meta property=\"og:type\" content=\"article\" \/>\n<meta property=\"og:title\" content=\"La reconnaissance d&#039;un miracle\" \/>\n<meta property=\"og:description\" content=\"Entre le moment o\u00f9 une personne est gu\u00e9rie et la reconnaissance \u00e9ventuelle de cette gu\u00e9rison comme miraculeuse, quelle proc\u00e9dure ?\" \/>\n<meta property=\"og:url\" content=\"https:\/\/www.lourdes-france.com\/nl\/reconnaissance-miracle\/\" \/>\n<meta property=\"og:site_name\" content=\"Vivre le p\u00e8lerinage de Lourdes\" \/>\n<meta property=\"article:modified_time\" content=\"2024-05-15T13:51:48+00:00\" \/>\n<meta property=\"og:image\" content=\"https:\/\/www.lourdes-france.com\/wp-content\/uploads\/2021\/11\/procedure-miracle_mise-en-avant.jpg\" \/>\n\t<meta property=\"og:image:width\" content=\"2362\" \/>\n\t<meta property=\"og:image:height\" content=\"1507\" \/>\n\t<meta property=\"og:image:type\" content=\"image\/jpeg\" \/>\n<meta name=\"twitter:card\" content=\"summary_large_image\" \/>\n<meta name=\"twitter:label1\" content=\"Geschatte leestijd\" \/>\n\t<meta name=\"twitter:data1\" content=\"5 minuten\" \/>\n<script type=\"application\/ld+json\" class=\"yoast-schema-graph\">{\"@context\":\"https:\/\/schema.org\",\"@graph\":[{\"@type\":\"WebPage\",\"@id\":\"https:\/\/www.lourdes-france.com\/nl\/reconnaissance-miracle\/\",\"url\":\"https:\/\/www.lourdes-france.com\/nl\/reconnaissance-miracle\/\",\"name\":\"La reconnaissance d'un miracle - Vivre le p\u00e8lerinage de Lourdes\",\"isPartOf\":{\"@id\":\"https:\/\/www.lourdes-france.com\/nl\/#website\"},\"primaryImageOfPage\":{\"@id\":\"https:\/\/www.lourdes-france.com\/nl\/reconnaissance-miracle\/#primaryimage\"},\"image\":{\"@id\":\"https:\/\/www.lourdes-france.com\/nl\/reconnaissance-miracle\/#primaryimage\"},\"thumbnailUrl\":\"https:\/\/www.lourdes-france.com\/wp-content\/uploads\/2021\/11\/procedure-miracle_mise-en-avant.jpg\",\"datePublished\":\"2021-11-12T15:13:34+00:00\",\"dateModified\":\"2024-05-15T13:51:48+00:00\",\"description\":\"Entre le moment o\u00f9 une personne est gu\u00e9rie et la reconnaissance \u00e9ventuelle de cette gu\u00e9rison comme miraculeuse, quelle proc\u00e9dure ?\",\"breadcrumb\":{\"@id\":\"https:\/\/www.lourdes-france.com\/nl\/reconnaissance-miracle\/#breadcrumb\"},\"inLanguage\":\"nl-NL\",\"potentialAction\":[{\"@type\":\"ReadAction\",\"target\":[\"https:\/\/www.lourdes-france.com\/nl\/reconnaissance-miracle\/\"]}]},{\"@type\":\"ImageObject\",\"inLanguage\":\"nl-NL\",\"@id\":\"https:\/\/www.lourdes-france.com\/nl\/reconnaissance-miracle\/#primaryimage\",\"url\":\"https:\/\/www.lourdes-france.com\/wp-content\/uploads\/2021\/11\/procedure-miracle_mise-en-avant.jpg\",\"contentUrl\":\"https:\/\/www.lourdes-france.com\/wp-content\/uploads\/2021\/11\/procedure-miracle_mise-en-avant.jpg\",\"width\":2362,\"height\":1507,\"caption\":\"La reconnaissance d'un miracle\"},{\"@type\":\"BreadcrumbList\",\"@id\":\"https:\/\/www.lourdes-france.com\/nl\/reconnaissance-miracle\/#breadcrumb\",\"itemListElement\":[{\"@type\":\"ListItem\",\"position\":1,\"name\":\"Accueil\",\"item\":\"https:\/\/www.lourdes-france.com\/nl\/\"},{\"@type\":\"ListItem\",\"position\":2,\"name\":\"La reconnaissance d&#8217;un miracle\"}]},{\"@type\":\"WebSite\",\"@id\":\"https:\/\/www.lourdes-france.com\/nl\/#website\",\"url\":\"https:\/\/www.lourdes-france.com\/nl\/\",\"name\":\"Sanctuaire Notre-Dame de Lourdes\",\"description\":\"\",\"publisher\":{\"@id\":\"https:\/\/www.lourdes-france.com\/nl\/#organization\"},\"potentialAction\":[{\"@type\":\"SearchAction\",\"target\":{\"@type\":\"EntryPoint\",\"urlTemplate\":\"https:\/\/www.lourdes-france.com\/nl\/?s={search_term_string}\"},\"query-input\":{\"@type\":\"PropertyValueSpecification\",\"valueRequired\":true,\"valueName\":\"search_term_string\"}}],\"inLanguage\":\"nl-NL\"},{\"@type\":\"Organization\",\"@id\":\"https:\/\/www.lourdes-france.com\/nl\/#organization\",\"name\":\"Sanctuaire Notre-Dame de Lourdes\",\"url\":\"https:\/\/www.lourdes-france.com\/nl\/\",\"logo\":{\"@type\":\"ImageObject\",\"inLanguage\":\"nl-NL\",\"@id\":\"https:\/\/www.lourdes-france.com\/nl\/#\/schema\/logo\/image\/\",\"url\":\"https:\/\/www.lourdes-france.com\/wp-content\/uploads\/2021\/11\/logo-small.png\",\"contentUrl\":\"https:\/\/www.lourdes-france.com\/wp-content\/uploads\/2021\/11\/logo-small.png\",\"width\":834,\"height\":521,\"caption\":\"Sanctuaire Notre-Dame de Lourdes\"},\"image\":{\"@id\":\"https:\/\/www.lourdes-france.com\/nl\/#\/schema\/logo\/image\/\"}}]}<\/script>\n<!-- \/ Yoast SEO Premium plugin. -->","yoast_head_json":{"title":"La reconnaissance d'un miracle - Vivre le p\u00e8lerinage de Lourdes","description":"Entre le moment o\u00f9 une personne est gu\u00e9rie et la reconnaissance \u00e9ventuelle de cette gu\u00e9rison comme miraculeuse, quelle proc\u00e9dure ?","robots":{"index":"index","follow":"follow","max-snippet":"max-snippet:-1","max-image-preview":"max-image-preview:large","max-video-preview":"max-video-preview:-1"},"canonical":"https:\/\/www.lourdes-france.com\/nl\/reconnaissance-miracle\/","og_locale":"nl_NL","og_type":"article","og_title":"La reconnaissance d'un miracle","og_description":"Entre le moment o\u00f9 une personne est gu\u00e9rie et la reconnaissance \u00e9ventuelle de cette gu\u00e9rison comme miraculeuse, quelle proc\u00e9dure ?","og_url":"https:\/\/www.lourdes-france.com\/nl\/reconnaissance-miracle\/","og_site_name":"Vivre le p\u00e8lerinage de Lourdes","article_modified_time":"2024-05-15T13:51:48+00:00","og_image":[{"width":2362,"height":1507,"url":"https:\/\/www.lourdes-france.com\/wp-content\/uploads\/2021\/11\/procedure-miracle_mise-en-avant.jpg","type":"image\/jpeg"}],"twitter_card":"summary_large_image","twitter_misc":{"Geschatte leestijd":"5 minuten"},"schema":{"@context":"https:\/\/schema.org","@graph":[{"@type":"WebPage","@id":"https:\/\/www.lourdes-france.com\/nl\/reconnaissance-miracle\/","url":"https:\/\/www.lourdes-france.com\/nl\/reconnaissance-miracle\/","name":"La reconnaissance d'un miracle - Vivre le p\u00e8lerinage de Lourdes","isPartOf":{"@id":"https:\/\/www.lourdes-france.com\/nl\/#website"},"primaryImageOfPage":{"@id":"https:\/\/www.lourdes-france.com\/nl\/reconnaissance-miracle\/#primaryimage"},"image":{"@id":"https:\/\/www.lourdes-france.com\/nl\/reconnaissance-miracle\/#primaryimage"},"thumbnailUrl":"https:\/\/www.lourdes-france.com\/wp-content\/uploads\/2021\/11\/procedure-miracle_mise-en-avant.jpg","datePublished":"2021-11-12T15:13:34+00:00","dateModified":"2024-05-15T13:51:48+00:00","description":"Entre le moment o\u00f9 une personne est gu\u00e9rie et la reconnaissance \u00e9ventuelle de cette gu\u00e9rison comme miraculeuse, quelle proc\u00e9dure ?","breadcrumb":{"@id":"https:\/\/www.lourdes-france.com\/nl\/reconnaissance-miracle\/#breadcrumb"},"inLanguage":"nl-NL","potentialAction":[{"@type":"ReadAction","target":["https:\/\/www.lourdes-france.com\/nl\/reconnaissance-miracle\/"]}]},{"@type":"ImageObject","inLanguage":"nl-NL","@id":"https:\/\/www.lourdes-france.com\/nl\/reconnaissance-miracle\/#primaryimage","url":"https:\/\/www.lourdes-france.com\/wp-content\/uploads\/2021\/11\/procedure-miracle_mise-en-avant.jpg","contentUrl":"https:\/\/www.lourdes-france.com\/wp-content\/uploads\/2021\/11\/procedure-miracle_mise-en-avant.jpg","width":2362,"height":1507,"caption":"La reconnaissance d'un miracle"},{"@type":"BreadcrumbList","@id":"https:\/\/www.lourdes-france.com\/nl\/reconnaissance-miracle\/#breadcrumb","itemListElement":[{"@type":"ListItem","position":1,"name":"Accueil","item":"https:\/\/www.lourdes-france.com\/nl\/"},{"@type":"ListItem","position":2,"name":"La reconnaissance d&#8217;un miracle"}]},{"@type":"WebSite","@id":"https:\/\/www.lourdes-france.com\/nl\/#website","url":"https:\/\/www.lourdes-france.com\/nl\/","name":"Sanctuaire Notre-Dame de Lourdes","description":"","publisher":{"@id":"https:\/\/www.lourdes-france.com\/nl\/#organization"},"potentialAction":[{"@type":"SearchAction","target":{"@type":"EntryPoint","urlTemplate":"https:\/\/www.lourdes-france.com\/nl\/?s={search_term_string}"},"query-input":{"@type":"PropertyValueSpecification","valueRequired":true,"valueName":"search_term_string"}}],"inLanguage":"nl-NL"},{"@type":"Organization","@id":"https:\/\/www.lourdes-france.com\/nl\/#organization","name":"Sanctuaire Notre-Dame de Lourdes","url":"https:\/\/www.lourdes-france.com\/nl\/","logo":{"@type":"ImageObject","inLanguage":"nl-NL","@id":"https:\/\/www.lourdes-france.com\/nl\/#\/schema\/logo\/image\/","url":"https:\/\/www.lourdes-france.com\/wp-content\/uploads\/2021\/11\/logo-small.png","contentUrl":"https:\/\/www.lourdes-france.com\/wp-content\/uploads\/2021\/11\/logo-small.png","width":834,"height":521,"caption":"Sanctuaire Notre-Dame de Lourdes"},"image":{"@id":"https:\/\/www.lourdes-france.com\/nl\/#\/schema\/logo\/image\/"}}]}},"_links":{"self":[{"href":"https:\/\/www.lourdes-france.com\/nl\/wp-json\/wp\/v2\/pages\/789550","targetHints":{"allow":["GET"]}}],"collection":[{"href":"https:\/\/www.lourdes-france.com\/nl\/wp-json\/wp\/v2\/pages"}],"about":[{"href":"https:\/\/www.lourdes-france.com\/nl\/wp-json\/wp\/v2\/types\/page"}],"author":[{"embeddable":true,"href":"https:\/\/www.lourdes-france.com\/nl\/wp-json\/wp\/v2\/users\/2"}],"replies":[{"embeddable":true,"href":"https:\/\/www.lourdes-france.com\/nl\/wp-json\/wp\/v2\/comments?post=789550"}],"version-history":[{"count":0,"href":"https:\/\/www.lourdes-france.com\/nl\/wp-json\/wp\/v2\/pages\/789550\/revisions"}],"wp:featuredmedia":[{"embeddable":true,"href":"https:\/\/www.lourdes-france.com\/nl\/wp-json\/wp\/v2\/media\/788539"}],"wp:attachment":[{"href":"https:\/\/www.lourdes-france.com\/nl\/wp-json\/wp\/v2\/media?parent=789550"}],"curies":[{"name":"wp","href":"https:\/\/api.w.org\/{rel}","templated":true}]}}