{"id":789523,"date":"2021-09-01T15:14:00","date_gmt":"2021-09-01T13:14:00","guid":{"rendered":"https:\/\/www.lourdes-france.com\/message-lourdes\/"},"modified":"2024-10-01T12:10:10","modified_gmt":"2024-10-01T10:10:10","slug":"de-boodschap-van-lourdes","status":"publish","type":"page","link":"https:\/\/www.lourdes-france.com\/nl\/de-boodschap-van-lourdes\/","title":{"rendered":"De Boodschap van Lourdes"},"content":{"rendered":"\t\t<div data-elementor-type=\"wp-page\" data-elementor-id=\"789523\" class=\"elementor elementor-789523 elementor-2933\" data-elementor-post-type=\"page\">\n\t\t\t\t\t\t<section class=\"elementor-section elementor-top-section elementor-element elementor-element-c51b905 elementor-section-full_width elementor-section-stretched elementor-section-height-default elementor-section-height-default\" data-id=\"c51b905\" data-element_type=\"section\" data-settings=\"{&quot;stretch_section&quot;:&quot;section-stretched&quot;,&quot;background_background&quot;:&quot;classic&quot;}\">\n\t\t\t\t\t\t\t<div class=\"elementor-background-overlay\"><\/div>\n\t\t\t\t\t\t\t<div class=\"elementor-container elementor-column-gap-default\">\n\t\t\t\t\t<div class=\"elementor-column elementor-col-100 elementor-top-column elementor-element elementor-element-2aea84a\" data-id=\"2aea84a\" data-element_type=\"column\">\n\t\t\t<div class=\"elementor-widget-wrap elementor-element-populated\">\n\t\t\t\t\t\t<div class=\"elementor-element elementor-element-867d3d1 elementor-widget elementor-widget-heading\" data-id=\"867d3d1\" data-element_type=\"widget\" data-widget_type=\"heading.default\">\n\t\t\t\t<div class=\"elementor-widget-container\">\n\t\t\t\t\t<h2 class=\"elementor-heading-title elementor-size-default\">De Boodschap van Lourdes<\/h2>\t\t\t\t<\/div>\n\t\t\t\t<\/div>\n\t\t\t\t\t<\/div>\n\t\t<\/div>\n\t\t\t\t\t<\/div>\n\t\t<\/section>\n\t\t\t\t<section class=\"elementor-section elementor-top-section elementor-element elementor-element-0947ef2 elementor-section-boxed elementor-section-height-default elementor-section-height-default\" data-id=\"0947ef2\" data-element_type=\"section\">\n\t\t\t\t\t\t<div class=\"elementor-container elementor-column-gap-default\">\n\t\t\t\t\t<div class=\"elementor-column elementor-col-100 elementor-top-column elementor-element elementor-element-78cb3a1\" data-id=\"78cb3a1\" data-element_type=\"column\">\n\t\t\t<div class=\"elementor-widget-wrap elementor-element-populated\">\n\t\t\t\t\t\t<div class=\"elementor-element elementor-element-15c2919 elementor-widget elementor-widget-spacer\" data-id=\"15c2919\" data-element_type=\"widget\" data-widget_type=\"spacer.default\">\n\t\t\t\t<div class=\"elementor-widget-container\">\n\t\t\t\t\t\t\t<div class=\"elementor-spacer\">\n\t\t\t<div class=\"elementor-spacer-inner\"><\/div>\n\t\t<\/div>\n\t\t\t\t\t\t<\/div>\n\t\t\t\t<\/div>\n\t\t\t\t<div class=\"elementor-element elementor-element-8062456 elementor-skin-carousel elementor-widget elementor-widget-media-carousel\" data-id=\"8062456\" data-element_type=\"widget\" data-settings=\"{&quot;space_between&quot;:{&quot;unit&quot;:&quot;px&quot;,&quot;size&quot;:20,&quot;sizes&quot;:[]},&quot;skin&quot;:&quot;carousel&quot;,&quot;effect&quot;:&quot;slide&quot;,&quot;speed&quot;:500,&quot;space_between_tablet&quot;:{&quot;unit&quot;:&quot;px&quot;,&quot;size&quot;:10,&quot;sizes&quot;:[]},&quot;space_between_mobile&quot;:{&quot;unit&quot;:&quot;px&quot;,&quot;size&quot;:10,&quot;sizes&quot;:[]}}\" data-widget_type=\"media-carousel.default\">\n\t\t\t\t<div class=\"elementor-widget-container\">\n\t\t\t\t\t\t\t\t\t<div class=\"elementor-swiper\">\n\t\t\t\t\t<div class=\"elementor-main-swiper swiper\" role=\"region\" aria-roledescription=\"carousel\" aria-label=\"Slides\">\n\t\t\t\t<div class=\"swiper-wrapper\">\n\t\t\t\t\t\t\t\t\t\t\t<div class=\"swiper-slide\" role=\"group\" aria-roledescription=\"slide\">\n\t\t\t\t\t\t\t<a href=\"https:\/\/www.lourdes-france.com\/nl\/de-verschijningen\/\">\t\t<div class=\"elementor-carousel-image\" role=\"img\" aria-label=\"De verschijningen\" style=\"background-image: url(&#039;https:\/\/www.lourdes-france.com\/wp-content\/uploads\/2021\/11\/grotte-apparitions-ok.jpg&#039;)\">\n\n\t\t\t\n\t\t\t\t\t<\/div>\n\t\t\t\t\t<div class=\"elementor-carousel-image-overlay e-overlay-animation-fade\">\n\t\t\t\tDe verschijningen\t\t\t<\/div>\n\t\t\t<\/a>\t\t\t\t\t\t<\/div>\n\t\t\t\t\t\t\t\t\t\t\t<div class=\"swiper-slide\" role=\"group\" aria-roledescription=\"slide\">\n\t\t\t\t\t\t\t<a href=\"https:\/\/www.https:\/\/www.lourdes-france.com\/nl\/de-herderlijke-brief\/-france.com\/reconnaissance-des-apparitions\/\">\t\t<div class=\"elementor-carousel-image\" role=\"img\" aria-label=\"De Herderlijke Brief\" style=\"background-image: url(&#039;https:\/\/www.lourdes-france.com\/wp-content\/uploads\/2021\/11\/Mandement.jpg&#039;)\">\n\n\t\t\t\n\t\t\t\t\t<\/div>\n\t\t\t\t\t<div class=\"elementor-carousel-image-overlay e-overlay-animation-fade\">\n\t\t\t\tDe Herderlijke Brief\t\t\t<\/div>\n\t\t\t<\/a>\t\t\t\t\t\t<\/div>\n\t\t\t\t\t\t\t\t\t\t\t<div class=\"swiper-slide\" role=\"group\" aria-roledescription=\"slide\">\n\t\t\t\t\t\t\t<a href=\"https:\/\/www.lourdes-france.com\/nl\/bernadette-soubirous\/\">\t\t<div class=\"elementor-carousel-image\" role=\"img\" aria-label=\"Bernadette Soubirous\" style=\"background-image: url(&#039;https:\/\/www.lourdes-france.com\/wp-content\/uploads\/2021\/09\/vignette_bernadette_soubirous_500x333_img.jpg&#039;)\">\n\n\t\t\t\n\t\t\t\t\t<\/div>\n\t\t\t\t\t<div class=\"elementor-carousel-image-overlay e-overlay-animation-fade\">\n\t\t\t\tBernadette Soubirous\t\t\t<\/div>\n\t\t\t<\/a>\t\t\t\t\t\t<\/div>\n\t\t\t\t\t\t\t\t\t<\/div>\n\t\t\t\t\t\t\t\t\t\t\t\t\t\t\t\t\t\t\t\t\t<\/div>\n\t\t\t\t<\/div>\n\t\t\t\t\t\t\t\t<\/div>\n\t\t\t\t<\/div>\n\t\t\t\t<div class=\"elementor-element elementor-element-b7415f0 elementor-widget elementor-widget-spacer\" data-id=\"b7415f0\" data-element_type=\"widget\" data-widget_type=\"spacer.default\">\n\t\t\t\t<div class=\"elementor-widget-container\">\n\t\t\t\t\t\t\t<div class=\"elementor-spacer\">\n\t\t\t<div class=\"elementor-spacer-inner\"><\/div>\n\t\t<\/div>\n\t\t\t\t\t\t<\/div>\n\t\t\t\t<\/div>\n\t\t\t\t<div class=\"elementor-element elementor-element-7b3380a elementor-widget elementor-widget-text-editor\" data-id=\"7b3380a\" data-element_type=\"widget\" data-widget_type=\"text-editor.default\">\n\t\t\t\t<div class=\"elementor-widget-container\">\n\t\t\t\t\t\t\t\t\t<h3 style=\"text-align: left;\">18 februari 1858: buitengewone woorden<\/h3><p>Het tweede woord van de Maagd Maria verwart Bernadette: \u201cWilt u zo goed zijn voor mij om gedurende twee weken naar hier te komen?\u201d Het is de eerste keer dat iemand Bernadette met \u201cu\u201d aanspreekt. Zich gerespecteerd en bemind voelend, ervaart Bernadette dat ze als mens wordt erkend. Wij zijn allen waardig in Gods ogen, want elk van ons wordt door God bemind. Het derde woord van Maria: \u201cIk beloof beloof u niet u gelukkig te maken in deze wereld maar in de andere.\u201d Wanneer Jezus, in het Evangelie, ons uitnodigt tot het ontdekken van het Rijk der hemelen, dan nodigt Hij ons uit \u201ceen andere wereld\u201d te ontdekken in de wereld zoals hij is. Waar Liefde is, daar is God. De Maagd Maria brengt aan Bernadette de boodschap over van de zekerheid van een beloofde land, die alleen maar bereikt kan worden over de dood heen.<\/p><div class=\"elementor-element elementor-element-26e8855b elementor-widget elementor-widget-text-editor\" data-id=\"26e8855b\" data-element_type=\"widget\" data-widget_type=\"text-editor.default\"><div class=\"elementor-widget-container\"><div class=\"elementor-text-editor elementor-clearfix\"><h3>\u00a0<\/h3><h3 style=\"text-align: left;\">God is Liefde<\/h3><\/div><\/div><\/div><div class=\"elementor-element elementor-element-5c392925 elementor-widget elementor-widget-text-editor\" data-id=\"5c392925\" data-element_type=\"widget\" data-widget_type=\"text-editor.default\"><div class=\"elementor-widget-container\"><div class=\"elementor-text-editor elementor-clearfix\"><p>Ondanks haar ellende, ziekte en gebrek aan vorming is Bernadette altijd diep gelukkig geweest. Dat is het Rijk van God, de wereld van de ware Liefde. Tijdens de eerste zeven verschijningen van Maria toonde Bernadette een gezicht, stralend van vreugde, geluk en licht. Maar tussen de achtste en de twaalfde verschijning verandert alles.: het gezicht van Bernadette wordt hard, verdrietig, pijnlijk en vooral, zij stelt onbegrijpelijke gebaren\u2026 Op de knie\u00ebn kruipen tot achteraan de Grot; de vuile en vieze grond van die Grot kussen, eten van zure kruiden; in de bodem krabben en proberen wat modderig water te drinken; zich het gezicht met modder insmeren. Bernadette kijkt daarna naar de menigte en allen zeggen: \u201cZij is gek\u201d. Gedurende vier verschijningen herhaalt Bernadette die gebaren. Wat betekent dat? Niemand heeft iets begrepen! En toch staan wij in de kern van de \u201cBoodschap van Lourdes\u201d.<\/p><\/div><\/div><\/div><div class=\"elementor-element elementor-element-325a0cd3 elementor-widget elementor-widget-text-editor\" data-id=\"325a0cd3\" data-element_type=\"widget\" data-widget_type=\"text-editor.default\"><div class=\"elementor-widget-container\"><div class=\"elementor-text-editor elementor-clearfix\"><h2>\u00a0<\/h2><h3 style=\"text-align: left;\">De bijbelse betekenis van de verschijningen<\/h3><\/div><\/div><\/div><div class=\"elementor-element elementor-element-494809d8 elementor-widget elementor-widget-text-editor\" data-id=\"494809d8\" data-element_type=\"widget\" data-widget_type=\"text-editor.default\"><div class=\"elementor-widget-container\"><div class=\"elementor-text-editor elementor-clearfix\"><p>De gebaren van Bernadette zijn Bijbelse gestes. Bernadette drukt de Menswording, het Lijden en de Dood van Christus uit. Op de knie\u00ebn kruipen tot achteraan de Grot: het is het teken van de menswording, de vernedering van God die mens wordt. De zure kruiden eten herinnert aan de Joodse traditie die men in de oude teksten terugvindt. Het gezicht met modder insmeren: wanneer de profeet Jesaja over de Christus spreekt, dan toont hij de trekken van de Lijdende Dienaar.<\/p><\/div><\/div><\/div><div class=\"elementor-element elementor-element-79837854 elementor-widget elementor-widget-text-editor\" data-id=\"79837854\" data-element_type=\"widget\" data-widget_type=\"text-editor.default\"><div class=\"elementor-widget-container\"><div class=\"elementor-text-editor elementor-clearfix\"><h2>\u00a0<\/h2><h3 style=\"text-align: left;\">De Grot verbergt een onmetelijke schat<\/h3><\/div><\/div><\/div><div class=\"elementor-element elementor-element-e6c037a elementor-widget elementor-widget-text-editor\" data-id=\"e6c037a\" data-element_type=\"widget\" data-widget_type=\"text-editor.default\"><div class=\"elementor-widget-container\"><div class=\"elementor-text-editor elementor-clearfix\"><p>Bij de negende verschijning vraagt \u201cde Dame\u201d aan Bernadette in de bodem te krabben, zeggend: \u201cGa drinken aan de bron en was u er.\u201d Door deze gebaren wordt het mysterie zelf van het hart van Christus onthuld: \u201cEen soldaat doorsteekt het hart en onmiddellijk stroomt er bloed en water uit.\u201d Het hart van de mens, door de zonde gekwetst, wordt door het kruid en de modder aangeduid. Maar op de bodem van het hart is er het leven van God zelf, aangeduid door de bron. Men vraagt aan Bernadette: \u201cHeeft \u201cde dame\u201d je iets gezegd?\u201d Zij antwoordt: \u201cJa, af en toe zegt ze: \u201cBoete, boete, boete. Bid voor de zondaars\u201d. \u201cBoete\u201d moet verstaan worden als \u201cbekering\u201d. Voor de Kerk betekent de bekering, zoals Jezus het ons leerde, zijn hart te keren naar God en naar zijn medemensen. Bij de dertiende verschijning richt Maria zich tot Bernadette: \u201cGa aan de priesters zeggen dat men hier een kapel moet bouwen en dat men in processie naar hier moet komen.\u201d \u201cIn processie komen\u201d betekent dat men in dit leven altijd met zijn medemensen moet opstappen. \u201cEen kapel bouwen\u201d: er werden in Lourdes kapellen gebouwd, om de menigte pelgrims te ontvangen. De kapel, dat is \u201cde Kerk\u201d die we moeten bouwen, daar waar we aanwezig zijn.<\/p><\/div><\/div><\/div><div class=\"elementor-element elementor-element-ed0aa28 elementor-widget elementor-widget-text-editor\" data-id=\"ed0aa28\" data-element_type=\"widget\" data-widget_type=\"text-editor.default\"><div class=\"elementor-widget-container\"><div class=\"elementor-text-editor elementor-clearfix\"><h2>\u00a0<\/h2><h3 style=\"text-align: left;\">De Dame zegt haar naam: \u201cQue soy era Immaculada Counceptiou\u201d<\/h3><\/div><\/div><\/div><div class=\"elementor-element elementor-element-576be545 elementor-widget elementor-widget-text-editor\" data-id=\"576be545\" data-element_type=\"widget\" data-widget_type=\"text-editor.default\"><div class=\"elementor-widget-container\"><div class=\"elementor-text-editor elementor-clearfix\"><p>Op 25 maart 1858, bij de zestiende verschijning, vraagt Bernadette aan \u201cde Dame\u201d haar naam te zeggen. Zij antwoordt in de streektaal: \u201cQue soy era Immaculada Councepciou\u201d, in het Nederlands: \u201cIk ben de Onbevlekte Ontvangenis\u201d. De Onbevlekte Ontvangenis is Maria, zonder zonde ontvangen, dank zij de verdiensten van het Kruis van Christus (definitie van het dogma uit 1854). Bernadette trekt onmiddellijk naar de pastoor om de naam van \u201cde Dame\u201d over te brengen. Hij begrijpt dat het de Moeder van God is die bij de Grot verschijnt. Later zal de bisschop van Lourdes, Mgr. Laurence, deze openbaring voor echt verklaren.<\/p><\/div><\/div><\/div>\t\t\t\t\t\t\t\t<\/div>\n\t\t\t\t<\/div>\n\t\t\t\t\t<\/div>\n\t\t<\/div>\n\t\t\t\t\t<\/div>\n\t\t<\/section>\n\t\t\t\t<\/div>\n\t\t","protected":false},"excerpt":{"rendered":"<p>De Boodschap van Lourdes De verschijningen De Herderlijke Brief Bernadette Soubirous 18 februari 1858: buitengewone woorden Het tweede woord van de Maagd Maria verwart Bernadette: \u201cWilt u zo goed zijn voor mij om gedurende twee weken naar hier te komen?\u201d &hellip; <a href=\"https:\/\/www.lourdes-france.com\/nl\/de-boodschap-van-lourdes\/\">Vervolgd<\/a><\/p>\n","protected":false},"author":1,"featured_media":0,"parent":0,"menu_order":0,"comment_status":"closed","ping_status":"closed","template":"","meta":{"_acf_changed":false,"footnotes":""},"class_list":["post-789523","page","type-page","status-publish","hentry"],"acf":[],"yoast_head":"<!-- This site is optimized with the Yoast SEO Premium plugin v24.0 (Yoast SEO v26.3) - https:\/\/yoast.com\/wordpress\/plugins\/seo\/ -->\n<title>De Boodschap van Lourdes - Vivre le p\u00e8lerinage de Lourdes<\/title>\n<meta name=\"description\" content=\"D\u00e9couvrez le Message transmis par la Vierge Marie \u00e0 Bernadette Soubirous lors des 18 apparitions \u00e0 la Grotte de Lourdes.\" \/>\n<meta name=\"robots\" content=\"index, follow, max-snippet:-1, max-image-preview:large, max-video-preview:-1\" \/>\n<link rel=\"canonical\" href=\"https:\/\/www.lourdes-france.com\/nl\/de-boodschap-van-lourdes\/\" \/>\n<meta property=\"og:locale\" content=\"nl_NL\" \/>\n<meta property=\"og:type\" content=\"article\" \/>\n<meta property=\"og:title\" content=\"De Boodschap van Lourdes\" \/>\n<meta property=\"og:description\" content=\"D\u00e9couvrez le Message transmis par la Vierge Marie \u00e0 Bernadette Soubirous lors des 18 apparitions \u00e0 la Grotte de Lourdes.\" \/>\n<meta property=\"og:url\" content=\"https:\/\/www.lourdes-france.com\/nl\/de-boodschap-van-lourdes\/\" \/>\n<meta property=\"og:site_name\" content=\"Vivre le p\u00e8lerinage de Lourdes\" \/>\n<meta property=\"article:modified_time\" content=\"2024-10-01T10:10:10+00:00\" \/>\n<meta name=\"twitter:card\" content=\"summary_large_image\" \/>\n<meta name=\"twitter:label1\" content=\"Geschatte leestijd\" \/>\n\t<meta name=\"twitter:data1\" content=\"7 minuten\" \/>\n<script type=\"application\/ld+json\" class=\"yoast-schema-graph\">{\"@context\":\"https:\/\/schema.org\",\"@graph\":[{\"@type\":\"WebPage\",\"@id\":\"https:\/\/www.lourdes-france.com\/nl\/de-boodschap-van-lourdes\/\",\"url\":\"https:\/\/www.lourdes-france.com\/nl\/de-boodschap-van-lourdes\/\",\"name\":\"De Boodschap van Lourdes - Vivre le p\u00e8lerinage de Lourdes\",\"isPartOf\":{\"@id\":\"https:\/\/www.lourdes-france.com\/nl\/#website\"},\"datePublished\":\"2021-09-01T13:14:00+00:00\",\"dateModified\":\"2024-10-01T10:10:10+00:00\",\"description\":\"D\u00e9couvrez le Message transmis par la Vierge Marie \u00e0 Bernadette Soubirous lors des 18 apparitions \u00e0 la Grotte de Lourdes.\",\"breadcrumb\":{\"@id\":\"https:\/\/www.lourdes-france.com\/nl\/de-boodschap-van-lourdes\/#breadcrumb\"},\"inLanguage\":\"nl-NL\",\"potentialAction\":[{\"@type\":\"ReadAction\",\"target\":[\"https:\/\/www.lourdes-france.com\/nl\/de-boodschap-van-lourdes\/\"]}]},{\"@type\":\"BreadcrumbList\",\"@id\":\"https:\/\/www.lourdes-france.com\/nl\/de-boodschap-van-lourdes\/#breadcrumb\",\"itemListElement\":[{\"@type\":\"ListItem\",\"position\":1,\"name\":\"Accueil\",\"item\":\"https:\/\/www.lourdes-france.com\/nl\/\"},{\"@type\":\"ListItem\",\"position\":2,\"name\":\"De Boodschap van Lourdes\"}]},{\"@type\":\"WebSite\",\"@id\":\"https:\/\/www.lourdes-france.com\/nl\/#website\",\"url\":\"https:\/\/www.lourdes-france.com\/nl\/\",\"name\":\"Sanctuaire Notre-Dame de Lourdes\",\"description\":\"\",\"publisher\":{\"@id\":\"https:\/\/www.lourdes-france.com\/nl\/#organization\"},\"potentialAction\":[{\"@type\":\"SearchAction\",\"target\":{\"@type\":\"EntryPoint\",\"urlTemplate\":\"https:\/\/www.lourdes-france.com\/nl\/?s={search_term_string}\"},\"query-input\":{\"@type\":\"PropertyValueSpecification\",\"valueRequired\":true,\"valueName\":\"search_term_string\"}}],\"inLanguage\":\"nl-NL\"},{\"@type\":\"Organization\",\"@id\":\"https:\/\/www.lourdes-france.com\/nl\/#organization\",\"name\":\"Sanctuaire Notre-Dame de Lourdes\",\"url\":\"https:\/\/www.lourdes-france.com\/nl\/\",\"logo\":{\"@type\":\"ImageObject\",\"inLanguage\":\"nl-NL\",\"@id\":\"https:\/\/www.lourdes-france.com\/nl\/#\/schema\/logo\/image\/\",\"url\":\"https:\/\/www.lourdes-france.com\/wp-content\/uploads\/2021\/11\/logo-small.png\",\"contentUrl\":\"https:\/\/www.lourdes-france.com\/wp-content\/uploads\/2021\/11\/logo-small.png\",\"width\":834,\"height\":521,\"caption\":\"Sanctuaire Notre-Dame de Lourdes\"},\"image\":{\"@id\":\"https:\/\/www.lourdes-france.com\/nl\/#\/schema\/logo\/image\/\"}}]}<\/script>\n<!-- \/ Yoast SEO Premium plugin. -->","yoast_head_json":{"title":"De Boodschap van Lourdes - Vivre le p\u00e8lerinage de Lourdes","description":"D\u00e9couvrez le Message transmis par la Vierge Marie \u00e0 Bernadette Soubirous lors des 18 apparitions \u00e0 la Grotte de Lourdes.","robots":{"index":"index","follow":"follow","max-snippet":"max-snippet:-1","max-image-preview":"max-image-preview:large","max-video-preview":"max-video-preview:-1"},"canonical":"https:\/\/www.lourdes-france.com\/nl\/de-boodschap-van-lourdes\/","og_locale":"nl_NL","og_type":"article","og_title":"De Boodschap van Lourdes","og_description":"D\u00e9couvrez le Message transmis par la Vierge Marie \u00e0 Bernadette Soubirous lors des 18 apparitions \u00e0 la Grotte de Lourdes.","og_url":"https:\/\/www.lourdes-france.com\/nl\/de-boodschap-van-lourdes\/","og_site_name":"Vivre le p\u00e8lerinage de Lourdes","article_modified_time":"2024-10-01T10:10:10+00:00","twitter_card":"summary_large_image","twitter_misc":{"Geschatte leestijd":"7 minuten"},"schema":{"@context":"https:\/\/schema.org","@graph":[{"@type":"WebPage","@id":"https:\/\/www.lourdes-france.com\/nl\/de-boodschap-van-lourdes\/","url":"https:\/\/www.lourdes-france.com\/nl\/de-boodschap-van-lourdes\/","name":"De Boodschap van Lourdes - Vivre le p\u00e8lerinage de Lourdes","isPartOf":{"@id":"https:\/\/www.lourdes-france.com\/nl\/#website"},"datePublished":"2021-09-01T13:14:00+00:00","dateModified":"2024-10-01T10:10:10+00:00","description":"D\u00e9couvrez le Message transmis par la Vierge Marie \u00e0 Bernadette Soubirous lors des 18 apparitions \u00e0 la Grotte de Lourdes.","breadcrumb":{"@id":"https:\/\/www.lourdes-france.com\/nl\/de-boodschap-van-lourdes\/#breadcrumb"},"inLanguage":"nl-NL","potentialAction":[{"@type":"ReadAction","target":["https:\/\/www.lourdes-france.com\/nl\/de-boodschap-van-lourdes\/"]}]},{"@type":"BreadcrumbList","@id":"https:\/\/www.lourdes-france.com\/nl\/de-boodschap-van-lourdes\/#breadcrumb","itemListElement":[{"@type":"ListItem","position":1,"name":"Accueil","item":"https:\/\/www.lourdes-france.com\/nl\/"},{"@type":"ListItem","position":2,"name":"De Boodschap van Lourdes"}]},{"@type":"WebSite","@id":"https:\/\/www.lourdes-france.com\/nl\/#website","url":"https:\/\/www.lourdes-france.com\/nl\/","name":"Sanctuaire Notre-Dame de Lourdes","description":"","publisher":{"@id":"https:\/\/www.lourdes-france.com\/nl\/#organization"},"potentialAction":[{"@type":"SearchAction","target":{"@type":"EntryPoint","urlTemplate":"https:\/\/www.lourdes-france.com\/nl\/?s={search_term_string}"},"query-input":{"@type":"PropertyValueSpecification","valueRequired":true,"valueName":"search_term_string"}}],"inLanguage":"nl-NL"},{"@type":"Organization","@id":"https:\/\/www.lourdes-france.com\/nl\/#organization","name":"Sanctuaire Notre-Dame de Lourdes","url":"https:\/\/www.lourdes-france.com\/nl\/","logo":{"@type":"ImageObject","inLanguage":"nl-NL","@id":"https:\/\/www.lourdes-france.com\/nl\/#\/schema\/logo\/image\/","url":"https:\/\/www.lourdes-france.com\/wp-content\/uploads\/2021\/11\/logo-small.png","contentUrl":"https:\/\/www.lourdes-france.com\/wp-content\/uploads\/2021\/11\/logo-small.png","width":834,"height":521,"caption":"Sanctuaire Notre-Dame de Lourdes"},"image":{"@id":"https:\/\/www.lourdes-france.com\/nl\/#\/schema\/logo\/image\/"}}]}},"_links":{"self":[{"href":"https:\/\/www.lourdes-france.com\/nl\/wp-json\/wp\/v2\/pages\/789523","targetHints":{"allow":["GET"]}}],"collection":[{"href":"https:\/\/www.lourdes-france.com\/nl\/wp-json\/wp\/v2\/pages"}],"about":[{"href":"https:\/\/www.lourdes-france.com\/nl\/wp-json\/wp\/v2\/types\/page"}],"author":[{"embeddable":true,"href":"https:\/\/www.lourdes-france.com\/nl\/wp-json\/wp\/v2\/users\/1"}],"replies":[{"embeddable":true,"href":"https:\/\/www.lourdes-france.com\/nl\/wp-json\/wp\/v2\/comments?post=789523"}],"version-history":[{"count":0,"href":"https:\/\/www.lourdes-france.com\/nl\/wp-json\/wp\/v2\/pages\/789523\/revisions"}],"wp:attachment":[{"href":"https:\/\/www.lourdes-france.com\/nl\/wp-json\/wp\/v2\/media?parent=789523"}],"curies":[{"name":"wp","href":"https:\/\/api.w.org\/{rel}","templated":true}]}}