{"id":789519,"date":"2021-10-19T16:25:48","date_gmt":"2021-10-19T14:25:48","guid":{"rendered":"https:\/\/www.lourdes-france.com\/bernadette-soubirous\/"},"modified":"2024-10-01T12:27:08","modified_gmt":"2024-10-01T10:27:08","slug":"bernadette-soubirous","status":"publish","type":"page","link":"https:\/\/www.lourdes-france.com\/nl\/bernadette-soubirous\/","title":{"rendered":"Bernadette Soubirous"},"content":{"rendered":"\t\t<div data-elementor-type=\"wp-page\" data-elementor-id=\"789519\" class=\"elementor elementor-789519 elementor-3052\" data-elementor-post-type=\"page\">\n\t\t\t\t\t\t<section class=\"elementor-section elementor-top-section elementor-element elementor-element-e28070b elementor-section-full_width elementor-section-stretched elementor-section-height-default elementor-section-height-default\" data-id=\"e28070b\" data-element_type=\"section\" data-settings=\"{&quot;stretch_section&quot;:&quot;section-stretched&quot;,&quot;background_background&quot;:&quot;classic&quot;}\">\n\t\t\t\t\t\t\t<div class=\"elementor-background-overlay\"><\/div>\n\t\t\t\t\t\t\t<div class=\"elementor-container elementor-column-gap-default\">\n\t\t\t\t\t<div class=\"elementor-column elementor-col-100 elementor-top-column elementor-element elementor-element-000165c\" data-id=\"000165c\" data-element_type=\"column\">\n\t\t\t<div class=\"elementor-widget-wrap elementor-element-populated\">\n\t\t\t\t\t\t<div class=\"elementor-element elementor-element-dfaceb1 elementor-widget elementor-widget-heading\" data-id=\"dfaceb1\" data-element_type=\"widget\" data-widget_type=\"heading.default\">\n\t\t\t\t<div class=\"elementor-widget-container\">\n\t\t\t\t\t<h2 class=\"elementor-heading-title elementor-size-default\">Bernadette Soubirous<\/h2>\t\t\t\t<\/div>\n\t\t\t\t<\/div>\n\t\t\t\t\t<\/div>\n\t\t<\/div>\n\t\t\t\t\t<\/div>\n\t\t<\/section>\n\t\t\t\t<section class=\"elementor-section elementor-top-section elementor-element elementor-element-8c4e6ca elementor-section-stretched elementor-section-boxed elementor-section-height-default elementor-section-height-default\" data-id=\"8c4e6ca\" data-element_type=\"section\" data-settings=\"{&quot;background_background&quot;:&quot;classic&quot;,&quot;stretch_section&quot;:&quot;section-stretched&quot;}\">\n\t\t\t\t\t\t<div class=\"elementor-container elementor-column-gap-no\">\n\t\t\t\t\t<div class=\"elementor-column elementor-col-100 elementor-top-column elementor-element elementor-element-7bdbc38\" data-id=\"7bdbc38\" data-element_type=\"column\">\n\t\t\t<div class=\"elementor-widget-wrap elementor-element-populated\">\n\t\t\t\t\t\t<div class=\"elementor-element elementor-element-c84c287 elementor-blockquote--skin-quotation elementor-widget elementor-widget-blockquote\" data-id=\"c84c287\" data-element_type=\"widget\" data-widget_type=\"blockquote.default\">\n\t\t\t\t<div class=\"elementor-widget-container\">\n\t\t\t\t\t\t\t<blockquote class=\"elementor-blockquote\">\n\t\t\t<p class=\"elementor-blockquote__content\">\n\t\t\t\tAlles wat we over de verschijningen en de Boodschap van Lourdes weten, komt van Bernadette. Zij alleen heeft gezien.  Maar wie is zij? Men kan in haar leven drie periodes onderscheiden: haar kinderjaren in een verarmde familie; een \u201copenbaar\u201d leven in de tijd van de verschijningen en haar getuigenis; ten slotte een \u201cverborgen\u201d leven als religieuze in Nevers.\t\t\t<\/p>\n\t\t\t\t\t<\/blockquote>\n\t\t\t\t\t\t<\/div>\n\t\t\t\t<\/div>\n\t\t\t\t\t<\/div>\n\t\t<\/div>\n\t\t\t\t\t<\/div>\n\t\t<\/section>\n\t\t\t\t<section class=\"elementor-section elementor-top-section elementor-element elementor-element-1899323 elementor-section-boxed elementor-section-height-default elementor-section-height-default\" data-id=\"1899323\" data-element_type=\"section\">\n\t\t\t\t\t\t<div class=\"elementor-container elementor-column-gap-default\">\n\t\t\t\t\t<div class=\"elementor-column elementor-col-100 elementor-top-column elementor-element elementor-element-3b1e184\" data-id=\"3b1e184\" data-element_type=\"column\">\n\t\t\t<div class=\"elementor-widget-wrap elementor-element-populated\">\n\t\t\t\t\t\t<div class=\"elementor-element elementor-element-52b866e elementor-widget elementor-widget-text-editor\" data-id=\"52b866e\" data-element_type=\"widget\" data-widget_type=\"text-editor.default\">\n\t\t\t\t<div class=\"elementor-widget-container\">\n\t\t\t\t\t\t\t\t\t<div class=\"elementor-element elementor-element-4450a3ba elementor-widget elementor-widget-text-editor\" data-id=\"4450a3ba\" data-element_type=\"widget\" data-widget_type=\"text-editor.default\"><div class=\"elementor-widget-container\"><div class=\"elementor-text-editor elementor-clearfix\"><h3>Voor de Verschijningen<\/h3><\/div><\/div><\/div><div class=\"elementor-element elementor-element-40bbe8f6 elementor-widget elementor-widget-text-editor\" data-id=\"40bbe8f6\" data-element_type=\"widget\" data-widget_type=\"text-editor.default\"><div class=\"elementor-widget-container\"><div class=\"elementor-text-editor elementor-clearfix\"><p>Bij het vertellen van de verschijningen wordt Bernadette voorgesteld als een arm, ziek en onwetend meisje, armzalig wonend in het cachot. Heel zeker, maar het was niet altijd zo.Bij haar geboorte, op 7 januari 1844 in de Boly-molen, is zij het eerste kind, de erfgename, van Fran\u00e7ois Soubirous en Louise Cast\u00e9rot die uit echte liefde waren gehuwd. Bernadette groeide op in een familie die \u00e9\u00e9n was, waar men elkaar liefhad en waar werd gebeden. Tien jaar geluk die beslissend waren voor haar kinderjaren en haar persoonlijkheid zal vormen met een mooie evenwichtigheid. Het wegzinken in de ellende zal deze menselijke rijkdom niet uitwissen. Toch is Bernadette aan 14 jaar maar 1m 40 met regelmatige astmacrisissen. Zij is levendig en spontaan van aard, wilskrachtig, gevat in haar antwoorden, niet in staat de schijn op te houden. Zij heeft ook wat eigenliefde, wat niet ontsnapte aan Moeder Vauzou in Nevers, die haar zo beschreef: \u201cstug karakter, heel gevoelsmatig\u201d. Bernadette had spijt over haar gebreken en bestreed ze heel energiek. Een sterke persoonlijkheid maar zonder vorming. Geen tijd voor de school: zij moest helpen in het caf\u00e9 van haar tante Bernarde. Geen catechismus: haar rebels karakter onthield de abstracte formules niet. 14 jaar dus en ze kan noch lezen noch schrijven en zij lijdt eronder. Zij voelt zich uitgesloten. En dus reageert zij. In september 1857 wordt zij naar Bartr\u00e8s gestuurd, maar ze keert op 21 januari 1858 naar Lourdes terug: zij wil haar eerste communie doen. Zij zal ze doen op 3 juni 1858, tijdens de verschijningen.<\/p><\/div><\/div><\/div><div class=\"elementor-element elementor-element-532178d elementor-widget elementor-widget-text-editor\" data-id=\"532178d\" data-element_type=\"widget\" data-widget_type=\"text-editor.default\"><div class=\"elementor-widget-container\"><div class=\"elementor-text-editor elementor-clearfix\"><h3>\u00a0<\/h3><h3>Het \u201copenbaar\u201d leven<\/h3><\/div><\/div><\/div><div class=\"elementor-element elementor-element-f29be70 elementor-widget elementor-widget-text-editor\" data-id=\"f29be70\" data-element_type=\"widget\" data-widget_type=\"text-editor.default\"><div class=\"elementor-widget-container\"><div class=\"elementor-text-editor elementor-clearfix\"><p>De verschijningen beginnen op 11 februari 1858. Om haar ouders te helpen belastte zij er zich mee dood hout te gaan zoeken op de oevers van de Gave.<\/p><p>Daar wordt zij met het mysterie geconfronteerd. Een geluid \u201cals een windstoot\u201d, een licht en een aanwezigheid. Haar reactie? Zij geeft teken van gezond verstand en van een merkwaardige beslissing; Zij gelooft dat ze zich vergist en mobiliseert haal menselijke mogelijkheden: zij kijkt, wrijft zich de ogen uit en probeert te begrijpen. Vervolgens wendt ze zich tot haar gezellinnen: \u201cHebben jullie iets gezien?\u201d Daarna richt ze zich tot God: zij bidt haar rozenkrans. Zij richt zich ook tot de Kerk en vraagt raad aan priester Pomian in de biechtstoel: \u201cIk zag iets wit in de vorm van een dame.\u201d Tijdens een ondervraging door commissaris Jacomet antwoordt zij zelfverzekerd, toch voorzichtig en met een kracht die verbazen bij een jong meisje zonder opleiding: \u201cAquero, ik heb niet gezegd dat het de Maagd Maria is\u2026 Mijnheer u hebt alles veranderd.\u201d Zij zegt wat ze gezien heeft met een zekere onthechting, een verbazende vrijheid: \u201cIk ben belast het u te zeggen, niet te doen geloven.\u201d<\/p><p>Zij vertelt de verschijningen nauwgezet, zonder er ook maar iets aan toe te voegen of weg te laten. Een keer, afgeschrikt door de ruwheid van pastoor Peyramale heeft zij er een woord bijgevoegd: \u201cMijnheer pastoor, de Dame vraagt nog altijd een kapel\u2026 zelfs een heel kleintje.\u201d In zijn pastorale brief over de verschijningen onderstreept Mgr. Laurence \u201cde eenvoud, de oprechtheid en de bescheidenheid van dat kind\u2026 zij vertelt zonder gemaaktheid, on gekunsteld\u2026 en bij de talrijke vragen die men haar voorlegt geeft zij zonder aarzelen duidelijke heldere antwoorden met de nadruk van een sterke overtuiging. Ongevoelig zowel voor de bedreigingen als voor de aangeboden voordelen\u201dis de oprechtheid van Bernadette onbetwistbaar: zij heeft niet willen om de tuin leiden.\u201d Maar heeft zij zichzelf vergist\u2026 slachtoffer van een hallucinatie? Vraagt de bisschop zich af. En dan vermeldt hij de kalmte en het gezond verstand van Bernadette, de afwezigheid van elke opwinding, en ook het feit dat de verschijningen niet van Bernadette afhingen: zij verwachtte er zich niet aan en zelfs tijdens de twee weken durende verschijningen ging Bernadette twee keer naar de Grot en was de Dame er niet. Om tot zijn beslissingen te komen heeft Bernadette moeten antwoorden op nieuwsgierigen, bewonderaars, journalisten en anderen, verschijnen voor een burgerlijke en religieuze onderzoekscommissie. Zo werd Bernadette op het voorplan geprojecteerd en stond zij in de actualiteit: zij onderging een mediastorm. Zij heeft veel geduld en humor nodig gehad om te weerstaan en de zuiverheid van haar getuigenis te bewaren. Zij aanvaardt niets: \u201cIk wil arm blijven.\u201d Zij zegent geen rozenkransen die men haar voorhoudt: \u201cIk draag geen stola.\u201dZij verkoopt geen medailles: \u201cIk ben geen verkoopster.\u201d En bij het zien van spotgoedkope prentjes met haar foto, zegt ze: \u201cJa, tien centiemen, meer ben ik niet waard.\u201d<\/p><p>In die situatie is het leven in het Cachot onmogelijk geworden. Bernadette moet beschermd worden. Pastoor Peyramale en burgemeester Lacad\u00e9 gaan akkoord: Bernadette zal toegelaten worden als \u201cbehoeftige zieke\u201d in het hospice dat de Zusters van Nevers beheren; zij komt er aan op 15 juli 1866. Zij is dan 16 jaar en leert lezen en schrijven. In de kerk van Bartr\u00e8s ziet men vandaag nog de streepjes die zij zelf maakt! Later zal ze vaak naar haar familie en zelfs naar de paus schrijven! Zij bezoekt haar ouders die nu in het \u201couderlijk huis\u201d wonen. Zij verzorgt enkele zieken, maar zij zoekt vooral haar weg: tot niets in staat en zonder bruidsschat, hoe kan ze religieuze worden? Uiteindelijk treedt zij binnen bij de Zusters van Nevers, \u201cwant men heeft er mij niet toe aangetrokken\u201d. Vanaf dan vervult \u00e9\u00e9n zekerheid haar geest: \u201cMijn zending in Lourdes is voorbij.\u201d \u201cNu moet ik verdwijnen om alle plaats aan Maria te laten.\u201d<\/p><\/div><\/div><\/div><div class=\"elementor-element elementor-element-27de76bf elementor-widget elementor-widget-text-editor\" data-id=\"27de76bf\" data-element_type=\"widget\" data-widget_type=\"text-editor.default\"><div class=\"elementor-widget-container\"><div class=\"elementor-text-editor elementor-clearfix\"><h2>\u00a0<\/h2><h3>Het \u201cverborgen\u201d leven in Nevers<\/h3><\/div><\/div><\/div><div class=\"elementor-element elementor-element-2bdaf5cd elementor-widget elementor-widget-text-editor\" data-id=\"2bdaf5cd\" data-element_type=\"widget\" data-widget_type=\"text-editor.default\"><div class=\"elementor-widget-container\"><div class=\"elementor-text-editor elementor-clearfix\"><p>Het is Bernadette zelf die deze uitdrukking gebruikt: \u201cIk ben naar hier gekomen om mij te verbergen.\u201d In Lourdes was zij Bernadette de zieneres. In Nevers wordt zij Zuster Marie-Bernard, de heilige. Men spreekt vaak over de strengheid van de oversten tegenover haar, maar men goed begrijpen dat Bernadette \u201ceen geval\u201d was: men moest haar wegtrekken van de nieuwsgierigen, haar beschermen en ook de congregatie. Bernadette zal de dag na haar aankomst het relaas van de verschijningen doen voor de verzamelde gemeenschap van de zusters; daarna mag ze er niet meer over spreken. Men houdt haar in het hoofdklooster, terwijl ze zo graag de zieken had verzorgd. Op de dag van haar professie is geen enkele taak voor haar voorzien: de bisschop geeft haar dan de taak \u201cvan het gebed\u201d. \u201cBid voor de zondaars\u201d had de Dame gevraagd. Zij zal er trouw aan blijven. Zo schrijft ze aan de paus: \u201cMijn wapens zijn het gebed en het offer.\u201d De ziekte maakt haar tot een pijler van de ziekenboeg, en dan zijn er ook nog die zeer talrijke bezoeken in de spreekkamer: \u201cDie arme bisschoppen, ze zouden beter thuis blijven.\u201d Lourdes is heel ver\u2026 teruggaan naar de Grot, nooit! Maar elke dag doet ze in de geest haar bedevaart. Zij zal over Lourdes niet spreken, nee, zij zal Lourdes beleven. \u201cU moet de eerste zijn om de boodschap te beleven\u201d zei pater Douce, haar biechtvader. En in feite, na haar taak als hulpverpleegster wordt zij zelf meer en meer zieke. Zij maakt er \u201chaar taak\u201d van, als een daad van liefde alle kruisen aanvaardend, voor de zondaars: \u201cHet zijn tenslotte onze broeders en zusters.\u201d Tijdens de lange slapeloze nachten sluit zij zich aan bij alle missen die overal ter wereld worden opgedragen. Zij offert zich als een \u201clevende gekruisigde\u201d in het reusachtige gevecht tussen het duister en het licht, verbonden, met Maria, in het mysterie van de Verlossing, de ogen op het kruisbeeld gericht: \u201cDaarin vind ik mijn kracht\u201d.<\/p><p>Zij sterft op 16 april 1879 in Nevers aan de leeftijd van 35 jaar. De Kerk heeft haar heilig verklaard op 8 december 1933, niet omdat zij verschijningen had, maar voor de manier waarop zij er heeft op geantwoord.<\/p><\/div><\/div><\/div>\t\t\t\t\t\t\t\t<\/div>\n\t\t\t\t<\/div>\n\t\t\t\t\t<\/div>\n\t\t<\/div>\n\t\t\t\t\t<\/div>\n\t\t<\/section>\n\t\t\t\t<\/div>\n\t\t","protected":false},"excerpt":{"rendered":"<p>Bernadette Soubirous Alles wat we over de verschijningen en de Boodschap van Lourdes weten, komt van Bernadette. Zij alleen heeft gezien. Maar wie is zij? Men kan in haar leven drie periodes onderscheiden: haar kinderjaren in een verarmde familie; een &hellip; <a href=\"https:\/\/www.lourdes-france.com\/nl\/bernadette-soubirous\/\">Vervolgd<\/a><\/p>\n","protected":false},"author":1,"featured_media":0,"parent":0,"menu_order":0,"comment_status":"closed","ping_status":"closed","template":"","meta":{"_acf_changed":false,"footnotes":""},"class_list":["post-789519","page","type-page","status-publish","hentry"],"acf":[],"yoast_head":"<!-- This site is optimized with the Yoast SEO Premium plugin v24.0 (Yoast SEO v26.3) - https:\/\/yoast.com\/wordpress\/plugins\/seo\/ -->\n<title>Bernadette Soubirous - Vivre le p\u00e8lerinage de Lourdes<\/title>\n<meta name=\"description\" content=\"Tout ce que nous savons des apparitions et du Message de Lourdes nous vient de Bernadette. Elle seule a vu. Qui est-elle donc ? On peut distinguer trois p\u00e9riodes dans sa vie : les ann\u00e9es de son enfance au sein d\u2019une famille pauvre ; une vie \u00ab publique \u00bb au temps des apparitions et du t\u00e9moignage ; enfin, une vie \u00ab cach\u00e9e \u00bb comme religieuse, \u00e0 Nevers.\" \/>\n<meta name=\"robots\" content=\"index, follow, max-snippet:-1, max-image-preview:large, max-video-preview:-1\" \/>\n<link rel=\"canonical\" href=\"https:\/\/www.lourdes-france.com\/nl\/bernadette-soubirous\/\" \/>\n<meta property=\"og:locale\" content=\"nl_NL\" \/>\n<meta property=\"og:type\" content=\"article\" \/>\n<meta property=\"og:title\" content=\"Bernadette Soubirous\" \/>\n<meta property=\"og:description\" content=\"Tout ce que nous savons des apparitions et du Message de Lourdes nous vient de Bernadette. Elle seule a vu. Qui est-elle donc ? On peut distinguer trois p\u00e9riodes dans sa vie : les ann\u00e9es de son enfance au sein d\u2019une famille pauvre ; une vie \u00ab publique \u00bb au temps des apparitions et du t\u00e9moignage ; enfin, une vie \u00ab cach\u00e9e \u00bb comme religieuse, \u00e0 Nevers.\" \/>\n<meta property=\"og:url\" content=\"https:\/\/www.lourdes-france.com\/nl\/bernadette-soubirous\/\" \/>\n<meta property=\"og:site_name\" content=\"Vivre le p\u00e8lerinage de Lourdes\" \/>\n<meta property=\"article:modified_time\" content=\"2024-10-01T10:27:08+00:00\" \/>\n<meta name=\"twitter:card\" content=\"summary_large_image\" \/>\n<meta name=\"twitter:label1\" content=\"Geschatte leestijd\" \/>\n\t<meta name=\"twitter:data1\" content=\"13 minuten\" \/>\n<script type=\"application\/ld+json\" class=\"yoast-schema-graph\">{\"@context\":\"https:\/\/schema.org\",\"@graph\":[{\"@type\":\"WebPage\",\"@id\":\"https:\/\/www.lourdes-france.com\/nl\/bernadette-soubirous\/\",\"url\":\"https:\/\/www.lourdes-france.com\/nl\/bernadette-soubirous\/\",\"name\":\"Bernadette Soubirous - Vivre le p\u00e8lerinage de Lourdes\",\"isPartOf\":{\"@id\":\"https:\/\/www.lourdes-france.com\/nl\/#website\"},\"datePublished\":\"2021-10-19T14:25:48+00:00\",\"dateModified\":\"2024-10-01T10:27:08+00:00\",\"description\":\"Tout ce que nous savons des apparitions et du Message de Lourdes nous vient de Bernadette. Elle seule a vu. Qui est-elle donc ? On peut distinguer trois p\u00e9riodes dans sa vie : les ann\u00e9es de son enfance au sein d\u2019une famille pauvre ; une vie \u00ab publique \u00bb au temps des apparitions et du t\u00e9moignage ; enfin, une vie \u00ab cach\u00e9e \u00bb comme religieuse, \u00e0 Nevers.\",\"breadcrumb\":{\"@id\":\"https:\/\/www.lourdes-france.com\/nl\/bernadette-soubirous\/#breadcrumb\"},\"inLanguage\":\"nl-NL\",\"potentialAction\":[{\"@type\":\"ReadAction\",\"target\":[\"https:\/\/www.lourdes-france.com\/nl\/bernadette-soubirous\/\"]}]},{\"@type\":\"BreadcrumbList\",\"@id\":\"https:\/\/www.lourdes-france.com\/nl\/bernadette-soubirous\/#breadcrumb\",\"itemListElement\":[{\"@type\":\"ListItem\",\"position\":1,\"name\":\"Accueil\",\"item\":\"https:\/\/www.lourdes-france.com\/nl\/\"},{\"@type\":\"ListItem\",\"position\":2,\"name\":\"Bernadette Soubirous\"}]},{\"@type\":\"WebSite\",\"@id\":\"https:\/\/www.lourdes-france.com\/nl\/#website\",\"url\":\"https:\/\/www.lourdes-france.com\/nl\/\",\"name\":\"Sanctuaire Notre-Dame de Lourdes\",\"description\":\"\",\"publisher\":{\"@id\":\"https:\/\/www.lourdes-france.com\/nl\/#organization\"},\"potentialAction\":[{\"@type\":\"SearchAction\",\"target\":{\"@type\":\"EntryPoint\",\"urlTemplate\":\"https:\/\/www.lourdes-france.com\/nl\/?s={search_term_string}\"},\"query-input\":{\"@type\":\"PropertyValueSpecification\",\"valueRequired\":true,\"valueName\":\"search_term_string\"}}],\"inLanguage\":\"nl-NL\"},{\"@type\":\"Organization\",\"@id\":\"https:\/\/www.lourdes-france.com\/nl\/#organization\",\"name\":\"Sanctuaire Notre-Dame de Lourdes\",\"url\":\"https:\/\/www.lourdes-france.com\/nl\/\",\"logo\":{\"@type\":\"ImageObject\",\"inLanguage\":\"nl-NL\",\"@id\":\"https:\/\/www.lourdes-france.com\/nl\/#\/schema\/logo\/image\/\",\"url\":\"https:\/\/www.lourdes-france.com\/wp-content\/uploads\/2021\/11\/logo-small.png\",\"contentUrl\":\"https:\/\/www.lourdes-france.com\/wp-content\/uploads\/2021\/11\/logo-small.png\",\"width\":834,\"height\":521,\"caption\":\"Sanctuaire Notre-Dame de Lourdes\"},\"image\":{\"@id\":\"https:\/\/www.lourdes-france.com\/nl\/#\/schema\/logo\/image\/\"}}]}<\/script>\n<!-- \/ Yoast SEO Premium plugin. -->","yoast_head_json":{"title":"Bernadette Soubirous - Vivre le p\u00e8lerinage de Lourdes","description":"Tout ce que nous savons des apparitions et du Message de Lourdes nous vient de Bernadette. Elle seule a vu. Qui est-elle donc ? On peut distinguer trois p\u00e9riodes dans sa vie : les ann\u00e9es de son enfance au sein d\u2019une famille pauvre ; une vie \u00ab publique \u00bb au temps des apparitions et du t\u00e9moignage ; enfin, une vie \u00ab cach\u00e9e \u00bb comme religieuse, \u00e0 Nevers.","robots":{"index":"index","follow":"follow","max-snippet":"max-snippet:-1","max-image-preview":"max-image-preview:large","max-video-preview":"max-video-preview:-1"},"canonical":"https:\/\/www.lourdes-france.com\/nl\/bernadette-soubirous\/","og_locale":"nl_NL","og_type":"article","og_title":"Bernadette Soubirous","og_description":"Tout ce que nous savons des apparitions et du Message de Lourdes nous vient de Bernadette. Elle seule a vu. Qui est-elle donc ? On peut distinguer trois p\u00e9riodes dans sa vie : les ann\u00e9es de son enfance au sein d\u2019une famille pauvre ; une vie \u00ab publique \u00bb au temps des apparitions et du t\u00e9moignage ; enfin, une vie \u00ab cach\u00e9e \u00bb comme religieuse, \u00e0 Nevers.","og_url":"https:\/\/www.lourdes-france.com\/nl\/bernadette-soubirous\/","og_site_name":"Vivre le p\u00e8lerinage de Lourdes","article_modified_time":"2024-10-01T10:27:08+00:00","twitter_card":"summary_large_image","twitter_misc":{"Geschatte leestijd":"13 minuten"},"schema":{"@context":"https:\/\/schema.org","@graph":[{"@type":"WebPage","@id":"https:\/\/www.lourdes-france.com\/nl\/bernadette-soubirous\/","url":"https:\/\/www.lourdes-france.com\/nl\/bernadette-soubirous\/","name":"Bernadette Soubirous - Vivre le p\u00e8lerinage de Lourdes","isPartOf":{"@id":"https:\/\/www.lourdes-france.com\/nl\/#website"},"datePublished":"2021-10-19T14:25:48+00:00","dateModified":"2024-10-01T10:27:08+00:00","description":"Tout ce que nous savons des apparitions et du Message de Lourdes nous vient de Bernadette. Elle seule a vu. Qui est-elle donc ? On peut distinguer trois p\u00e9riodes dans sa vie : les ann\u00e9es de son enfance au sein d\u2019une famille pauvre ; une vie \u00ab publique \u00bb au temps des apparitions et du t\u00e9moignage ; enfin, une vie \u00ab cach\u00e9e \u00bb comme religieuse, \u00e0 Nevers.","breadcrumb":{"@id":"https:\/\/www.lourdes-france.com\/nl\/bernadette-soubirous\/#breadcrumb"},"inLanguage":"nl-NL","potentialAction":[{"@type":"ReadAction","target":["https:\/\/www.lourdes-france.com\/nl\/bernadette-soubirous\/"]}]},{"@type":"BreadcrumbList","@id":"https:\/\/www.lourdes-france.com\/nl\/bernadette-soubirous\/#breadcrumb","itemListElement":[{"@type":"ListItem","position":1,"name":"Accueil","item":"https:\/\/www.lourdes-france.com\/nl\/"},{"@type":"ListItem","position":2,"name":"Bernadette Soubirous"}]},{"@type":"WebSite","@id":"https:\/\/www.lourdes-france.com\/nl\/#website","url":"https:\/\/www.lourdes-france.com\/nl\/","name":"Sanctuaire Notre-Dame de Lourdes","description":"","publisher":{"@id":"https:\/\/www.lourdes-france.com\/nl\/#organization"},"potentialAction":[{"@type":"SearchAction","target":{"@type":"EntryPoint","urlTemplate":"https:\/\/www.lourdes-france.com\/nl\/?s={search_term_string}"},"query-input":{"@type":"PropertyValueSpecification","valueRequired":true,"valueName":"search_term_string"}}],"inLanguage":"nl-NL"},{"@type":"Organization","@id":"https:\/\/www.lourdes-france.com\/nl\/#organization","name":"Sanctuaire Notre-Dame de Lourdes","url":"https:\/\/www.lourdes-france.com\/nl\/","logo":{"@type":"ImageObject","inLanguage":"nl-NL","@id":"https:\/\/www.lourdes-france.com\/nl\/#\/schema\/logo\/image\/","url":"https:\/\/www.lourdes-france.com\/wp-content\/uploads\/2021\/11\/logo-small.png","contentUrl":"https:\/\/www.lourdes-france.com\/wp-content\/uploads\/2021\/11\/logo-small.png","width":834,"height":521,"caption":"Sanctuaire Notre-Dame de Lourdes"},"image":{"@id":"https:\/\/www.lourdes-france.com\/nl\/#\/schema\/logo\/image\/"}}]}},"_links":{"self":[{"href":"https:\/\/www.lourdes-france.com\/nl\/wp-json\/wp\/v2\/pages\/789519","targetHints":{"allow":["GET"]}}],"collection":[{"href":"https:\/\/www.lourdes-france.com\/nl\/wp-json\/wp\/v2\/pages"}],"about":[{"href":"https:\/\/www.lourdes-france.com\/nl\/wp-json\/wp\/v2\/types\/page"}],"author":[{"embeddable":true,"href":"https:\/\/www.lourdes-france.com\/nl\/wp-json\/wp\/v2\/users\/1"}],"replies":[{"embeddable":true,"href":"https:\/\/www.lourdes-france.com\/nl\/wp-json\/wp\/v2\/comments?post=789519"}],"version-history":[{"count":0,"href":"https:\/\/www.lourdes-france.com\/nl\/wp-json\/wp\/v2\/pages\/789519\/revisions"}],"wp:attachment":[{"href":"https:\/\/www.lourdes-france.com\/nl\/wp-json\/wp\/v2\/media?parent=789519"}],"curies":[{"name":"wp","href":"https:\/\/api.w.org\/{rel}","templated":true}]}}