{"id":789485,"date":"2022-03-28T16:16:12","date_gmt":"2022-03-28T14:16:12","guid":{"rendered":"https:\/\/www.lourdes-france.com\/la-petite-maison-de-bernadette\/"},"modified":"2026-03-11T12:35:30","modified_gmt":"2026-03-11T11:35:30","slug":"het-kleine-huis-van-bernadette","status":"publish","type":"page","link":"https:\/\/www.lourdes-france.com\/nl\/het-kleine-huis-van-bernadette\/","title":{"rendered":"Het kleine huis van Bernadette"},"content":{"rendered":"\t\t<div data-elementor-type=\"wp-page\" data-elementor-id=\"789485\" class=\"elementor elementor-789485 elementor-781989\" data-elementor-post-type=\"page\">\n\t\t\t\t\t\t<section class=\"elementor-section elementor-top-section elementor-element elementor-element-e79a3b2 elementor-section-stretched elementor-section-boxed elementor-section-height-default elementor-section-height-default\" data-id=\"e79a3b2\" data-element_type=\"section\" data-settings=\"{&quot;background_background&quot;:&quot;classic&quot;,&quot;stretch_section&quot;:&quot;section-stretched&quot;}\">\n\t\t\t\t\t\t<div class=\"elementor-container elementor-column-gap-no\">\n\t\t\t\t\t<div class=\"elementor-column elementor-col-100 elementor-top-column elementor-element elementor-element-74016e6\" data-id=\"74016e6\" data-element_type=\"column\">\n\t\t\t<div class=\"elementor-widget-wrap elementor-element-populated\">\n\t\t\t\t\t\t<div class=\"elementor-element elementor-element-aeedec7 elementor-blockquote--skin-quotation elementor-blockquote--align-left elementor-widget elementor-widget-blockquote\" data-id=\"aeedec7\" data-element_type=\"widget\" data-widget_type=\"blockquote.default\">\n\t\t\t\t<div class=\"elementor-widget-container\">\n\t\t\t\t\t\t\t<blockquote class=\"elementor-blockquote\">\n\t\t\t<p class=\"elementor-blockquote__content\">\n\t\t\t\tHet Kleine Huis van Bernadette doet een aanbod van diverse speelse activiteiten aan kinderen die vergezeld zijn van hun ouders of groepen kinderen met hun begeleiders.\t\t\t<\/p>\n\t\t\t\t\t<\/blockquote>\n\t\t\t\t\t\t<\/div>\n\t\t\t\t<\/div>\n\t\t\t\t\t<\/div>\n\t\t<\/div>\n\t\t\t\t\t<\/div>\n\t\t<\/section>\n\t\t\t\t<section class=\"elementor-section elementor-top-section elementor-element elementor-element-c561e30 elementor-section-boxed elementor-section-height-default elementor-section-height-default\" data-id=\"c561e30\" data-element_type=\"section\">\n\t\t\t\t\t\t<div class=\"elementor-container elementor-column-gap-default\">\n\t\t\t\t\t<div class=\"elementor-column elementor-col-100 elementor-top-column elementor-element elementor-element-40d49d8\" data-id=\"40d49d8\" data-element_type=\"column\">\n\t\t\t<div class=\"elementor-widget-wrap elementor-element-populated\">\n\t\t\t\t\t\t<div class=\"elementor-element elementor-element-b2edae6 elementor-widget elementor-widget-text-editor\" data-id=\"b2edae6\" data-element_type=\"widget\" data-widget_type=\"text-editor.default\">\n\t\t\t\t<div class=\"elementor-widget-container\">\n\t\t\t\t\t\t\t\t\t<h3 class=\"elementor-heading-title elementor-size-default elementor-inline-editing pen\" contenteditable=\"true\" data-elementor-setting-key=\"title\" data-pen-placeholder=\"\u00c9crivez ici...\">Ontdekken en zich tegelijkertijd amuseren\u2026 Dat is mogelijk\u00a0!<\/h3><p class=\"p2\"><em><strong>\u00ab Ik vond er zoveel geluk in om mij bezig te houden met de kleine kinderen\u2026 \u00bb zei de Heilige Bernadette graag.<br \/><\/strong><\/em> aimait dire Sainte Bernadette.<\/p><p class=\"p2\">Een bevoorrechte plaats wordt u aangeboden&#8230; Op de weide tegenover de Grot, voorbij de kruisweg voor de zieken, zal Rotonde 2 ouders en kinderen ontvangen om samen het leven van Bernadette en de boodschap van Lourdes te ontdekken.<\/p>\t\t\t\t\t\t\t\t<\/div>\n\t\t\t\t<\/div>\n\t\t\t\t\t<\/div>\n\t\t<\/div>\n\t\t\t\t\t<\/div>\n\t\t<\/section>\n\t\t\t\t<section class=\"elementor-section elementor-top-section elementor-element elementor-element-a54aa7a elementor-section-content-middle elementor-section-boxed elementor-section-height-default elementor-section-height-default\" data-id=\"a54aa7a\" data-element_type=\"section\">\n\t\t\t\t\t\t<div class=\"elementor-container elementor-column-gap-default\">\n\t\t\t\t\t<div class=\"elementor-column elementor-col-100 elementor-top-column elementor-element elementor-element-a366f98\" data-id=\"a366f98\" data-element_type=\"column\">\n\t\t\t<div class=\"elementor-widget-wrap elementor-element-populated\">\n\t\t\t\t\t\t<div class=\"elementor-element elementor-element-64b9901 elementor-arrows-position-inside elementor-pagination-position-outside elementor-widget elementor-widget-image-carousel\" data-id=\"64b9901\" data-element_type=\"widget\" data-settings=\"{&quot;slides_to_show&quot;:&quot;1&quot;,&quot;pause_on_interaction&quot;:&quot;no&quot;,&quot;autoplay_speed&quot;:3000,&quot;speed&quot;:800,&quot;navigation&quot;:&quot;both&quot;,&quot;autoplay&quot;:&quot;yes&quot;,&quot;pause_on_hover&quot;:&quot;yes&quot;,&quot;infinite&quot;:&quot;yes&quot;,&quot;effect&quot;:&quot;slide&quot;}\" data-widget_type=\"image-carousel.default\">\n\t\t\t\t<div class=\"elementor-widget-container\">\n\t\t\t\t\t\t\t<div class=\"elementor-image-carousel-wrapper swiper\" role=\"region\" aria-roledescription=\"carousel\" aria-label=\"Carrousel d\u2019images\" dir=\"ltr\">\n\t\t\t<div class=\"elementor-image-carousel swiper-wrapper\" aria-live=\"off\">\n\t\t\t\t\t\t\t\t<div class=\"swiper-slide\" role=\"group\" aria-roledescription=\"slide\" aria-label=\"1 van 4\"><figure class=\"swiper-slide-inner\"><img decoding=\"async\" class=\"swiper-slide-image\" src=\"https:\/\/www.lourdes-france.com\/wp-content\/uploads\/2024\/09\/2024-petite-maison-Bernadette-17-1-scaled-1.jpg\" alt=\"2024-petite-maison-Bernadette-17-1-scaled.jpg\" \/><\/figure><\/div><div class=\"swiper-slide\" role=\"group\" aria-roledescription=\"slide\" aria-label=\"2 van 4\"><figure class=\"swiper-slide-inner\"><img decoding=\"async\" class=\"swiper-slide-image\" src=\"https:\/\/www.lourdes-france.com\/wp-content\/uploads\/2024\/09\/2024-petite-maison-Bernadette-16-1-scaled-1.jpg\" alt=\"2024-petite-maison-Bernadette-16-1-scaled.jpg\" \/><\/figure><\/div><div class=\"swiper-slide\" role=\"group\" aria-roledescription=\"slide\" aria-label=\"3 van 4\"><figure class=\"swiper-slide-inner\"><img decoding=\"async\" class=\"swiper-slide-image\" src=\"https:\/\/www.lourdes-france.com\/wp-content\/uploads\/2024\/09\/2024-petite-maison-Bernadette-9-scaled-1.jpg\" alt=\"2024-petite-maison-Bernadette-9-scaled.jpg\" \/><\/figure><\/div><div class=\"swiper-slide\" role=\"group\" aria-roledescription=\"slide\" aria-label=\"4 van 4\"><figure class=\"swiper-slide-inner\"><img decoding=\"async\" class=\"swiper-slide-image\" src=\"https:\/\/www.lourdes-france.com\/wp-content\/uploads\/2024\/09\/2024-petite-maison-Bernadette-2-1-scaled-1.jpg\" alt=\"2024-petite-maison-Bernadette-2-1-scaled.jpg\" \/><\/figure><\/div>\t\t\t<\/div>\n\t\t\t\t\t\t\t\t\t\t\t\t<div class=\"elementor-swiper-button elementor-swiper-button-prev\" role=\"button\" tabindex=\"0\">\n\t\t\t\t\t\t<i aria-hidden=\"true\" class=\"eicon-chevron-left\"><\/i>\t\t\t\t\t<\/div>\n\t\t\t\t\t<div class=\"elementor-swiper-button elementor-swiper-button-next\" role=\"button\" tabindex=\"0\">\n\t\t\t\t\t\t<i aria-hidden=\"true\" class=\"eicon-chevron-right\"><\/i>\t\t\t\t\t<\/div>\n\t\t\t\t\n\t\t\t\t\t\t\t\t\t<div class=\"swiper-pagination\"><\/div>\n\t\t\t\t\t\t\t\t\t<\/div>\n\t\t\t\t\t\t<\/div>\n\t\t\t\t<\/div>\n\t\t\t\t\t<\/div>\n\t\t<\/div>\n\t\t\t\t\t<\/div>\n\t\t<\/section>\n\t\t\t\t<section class=\"elementor-section elementor-top-section elementor-element elementor-element-a364962 elementor-section-boxed elementor-section-height-default elementor-section-height-default\" data-id=\"a364962\" data-element_type=\"section\">\n\t\t\t\t\t\t<div class=\"elementor-container elementor-column-gap-default\">\n\t\t\t\t\t<div class=\"elementor-column elementor-col-100 elementor-top-column elementor-element elementor-element-4fa2d35\" data-id=\"4fa2d35\" data-element_type=\"column\">\n\t\t\t<div class=\"elementor-widget-wrap elementor-element-populated\">\n\t\t\t\t\t\t<div class=\"elementor-element elementor-element-faf2a22 elementor-widget elementor-widget-text-editor\" data-id=\"faf2a22\" data-element_type=\"widget\" data-widget_type=\"text-editor.default\">\n\t\t\t\t<div class=\"elementor-widget-container\">\n\t\t\t\t\t\t\t\t\t<h4 style=\"text-align: center;\">Uurregeling<\/h4><p style=\"text-align: center;\"><span style=\"color: #997e4c;\"><strong>Schoolvakanties (Pasen, zomer, Allerheiligen):<\/strong><\/span><br \/><span style=\"color: #997e4c;\">van maandag tot zaterdag van 10.00 tot 12.00 uur en van 14.00 tot 17.00 uur \/ Zondag van 14.00 tot 17.00 uur.<br \/><\/span><span style=\"color: #997e4c;\"><strong>Vrijdag 8 en zaterdag 9 mei:<\/strong><br \/>van 10.00 tot 12.00 uur en van 14.00 tot 17.00 uur.<br \/><strong>Hemelvaart \u2013 van woensdag 13 tot zaterdag 16 mei:<\/strong><br \/>van 10.00 tot 12.00 uur en van 14.00 tot 17.00 uur.<br \/><strong>Zaterdag 6, 13, 20 en 27 juni:<\/strong><br \/>van 10.00 tot 12.00 uur en van 14.00 tot 17.00 uur.<br \/><strong>Zaterdag 5, 12, 19 en 26 september:<\/strong><br \/>van 14.00 tot 17.00 uur.<\/span><\/p><p style=\"text-align: center;\"><span style=\"color: #997e4c;\"><strong>Gratis toegang bij de ingang van de vergaderzaal<\/strong> (naast de kerk van Sint Bernadette).<\/span><\/p>\t\t\t\t\t\t\t\t<\/div>\n\t\t\t\t<\/div>\n\t\t\t\t\t<\/div>\n\t\t<\/div>\n\t\t\t\t\t<\/div>\n\t\t<\/section>\n\t\t\t\t<section class=\"elementor-section elementor-top-section elementor-element elementor-element-2f10e1a elementor-section-boxed elementor-section-height-default elementor-section-height-default\" data-id=\"2f10e1a\" data-element_type=\"section\">\n\t\t\t\t\t\t<div class=\"elementor-container elementor-column-gap-default\">\n\t\t\t\t\t<div class=\"elementor-column elementor-col-100 elementor-top-column elementor-element elementor-element-b9f6cfa\" data-id=\"b9f6cfa\" data-element_type=\"column\">\n\t\t\t<div class=\"elementor-widget-wrap elementor-element-populated\">\n\t\t\t\t\t\t<div class=\"elementor-element elementor-element-3117e54 elementor-widget-divider--view-line elementor-widget elementor-widget-divider\" data-id=\"3117e54\" data-element_type=\"widget\" data-widget_type=\"divider.default\">\n\t\t\t\t<div class=\"elementor-widget-container\">\n\t\t\t\t\t\t\t<div class=\"elementor-divider\">\n\t\t\t<span class=\"elementor-divider-separator\">\n\t\t\t\t\t\t<\/span>\n\t\t<\/div>\n\t\t\t\t\t\t<\/div>\n\t\t\t\t<\/div>\n\t\t\t\t<div class=\"elementor-element elementor-element-983ef82 elementor-widget elementor-widget-text-editor\" data-id=\"983ef82\" data-element_type=\"widget\" data-widget_type=\"text-editor.default\">\n\t\t\t\t<div class=\"elementor-widget-container\">\n\t\t\t\t\t\t\t\t\t<p style=\"text-align: center;\">Reservering voor groepen : <a href=\"mailto:sjeunes@lourdes-france.com\">sjeunes@lourdes-france.com \u00a0<\/a><span style=\"color: #3366ff;\">\/ <a href=\"tel:+33562427838\">+33 (0)5 62 42 78 38<\/a><br \/><\/span><\/p>\t\t\t\t\t\t\t\t<\/div>\n\t\t\t\t<\/div>\n\t\t\t\t\t<\/div>\n\t\t<\/div>\n\t\t\t\t\t<\/div>\n\t\t<\/section>\n\t\t\t\t<\/div>\n\t\t","protected":false},"excerpt":{"rendered":"<p>Het Kleine Huis van Bernadette doet een aanbod van diverse speelse activiteiten aan kinderen die vergezeld zijn van hun ouders of groepen kinderen met hun begeleiders. Ontdekken en zich tegelijkertijd amuseren\u2026 Dat is mogelijk\u00a0! \u00ab Ik vond er zoveel geluk &hellip; <a href=\"https:\/\/www.lourdes-france.com\/nl\/het-kleine-huis-van-bernadette\/\">Vervolgd<\/a><\/p>\n","protected":false},"author":1,"featured_media":0,"parent":0,"menu_order":0,"comment_status":"closed","ping_status":"closed","template":"","meta":{"_acf_changed":false,"footnotes":""},"class_list":["post-789485","page","type-page","status-publish","hentry"],"acf":[],"yoast_head":"<!-- This site is optimized with the Yoast SEO Premium plugin v24.0 (Yoast SEO v26.3) - https:\/\/yoast.com\/wordpress\/plugins\/seo\/ -->\n<title>Het kleine huis van Bernadette - Vivre le p\u00e8lerinage de Lourdes<\/title>\n<meta name=\"description\" content=\"La Petite Maison de Bernadette propose aux enfants accompagn\u00e9s par des parents ou \u00e0 des groupes avec accompagnateurs, diverses activit\u00e9s ludiques.\" \/>\n<meta name=\"robots\" content=\"index, follow, max-snippet:-1, max-image-preview:large, max-video-preview:-1\" \/>\n<link rel=\"canonical\" href=\"https:\/\/www.lourdes-france.com\/nl\/het-kleine-huis-van-bernadette\/\" \/>\n<meta property=\"og:locale\" content=\"nl_NL\" \/>\n<meta property=\"og:type\" content=\"article\" \/>\n<meta property=\"og:title\" content=\"Het kleine huis van Bernadette\" \/>\n<meta property=\"og:description\" content=\"La Petite Maison de Bernadette propose aux enfants accompagn\u00e9s par des parents ou \u00e0 des groupes avec accompagnateurs, diverses activit\u00e9s ludiques.\" \/>\n<meta property=\"og:url\" content=\"https:\/\/www.lourdes-france.com\/nl\/het-kleine-huis-van-bernadette\/\" \/>\n<meta property=\"og:site_name\" content=\"Vivre le p\u00e8lerinage de Lourdes\" \/>\n<meta property=\"article:modified_time\" content=\"2026-03-11T11:35:30+00:00\" \/>\n<meta property=\"og:image\" content=\"https:\/\/www.lourdes-france.com\/wp-content\/uploads\/2024\/09\/2024-petite-maison-Bernadette-17-1-scaled-1.jpg\" \/>\n<meta name=\"twitter:card\" content=\"summary_large_image\" \/>\n<meta name=\"twitter:label1\" content=\"Geschatte leestijd\" \/>\n\t<meta name=\"twitter:data1\" content=\"3 minuten\" \/>\n<script type=\"application\/ld+json\" class=\"yoast-schema-graph\">{\"@context\":\"https:\/\/schema.org\",\"@graph\":[{\"@type\":\"WebPage\",\"@id\":\"https:\/\/www.lourdes-france.com\/nl\/het-kleine-huis-van-bernadette\/\",\"url\":\"https:\/\/www.lourdes-france.com\/nl\/het-kleine-huis-van-bernadette\/\",\"name\":\"Het kleine huis van Bernadette - Vivre le p\u00e8lerinage de Lourdes\",\"isPartOf\":{\"@id\":\"https:\/\/www.lourdes-france.com\/nl\/#website\"},\"primaryImageOfPage\":{\"@id\":\"https:\/\/www.lourdes-france.com\/nl\/het-kleine-huis-van-bernadette\/#primaryimage\"},\"image\":{\"@id\":\"https:\/\/www.lourdes-france.com\/nl\/het-kleine-huis-van-bernadette\/#primaryimage\"},\"thumbnailUrl\":\"https:\/\/www.lourdes-france.com\/wp-content\/uploads\/2024\/09\/2024-petite-maison-Bernadette-17-1-scaled-1.jpg\",\"datePublished\":\"2022-03-28T14:16:12+00:00\",\"dateModified\":\"2026-03-11T11:35:30+00:00\",\"description\":\"La Petite Maison de Bernadette propose aux enfants accompagn\u00e9s par des parents ou \u00e0 des groupes avec accompagnateurs, diverses activit\u00e9s ludiques.\",\"breadcrumb\":{\"@id\":\"https:\/\/www.lourdes-france.com\/nl\/het-kleine-huis-van-bernadette\/#breadcrumb\"},\"inLanguage\":\"nl-NL\",\"potentialAction\":[{\"@type\":\"ReadAction\",\"target\":[\"https:\/\/www.lourdes-france.com\/nl\/het-kleine-huis-van-bernadette\/\"]}]},{\"@type\":\"ImageObject\",\"inLanguage\":\"nl-NL\",\"@id\":\"https:\/\/www.lourdes-france.com\/nl\/het-kleine-huis-van-bernadette\/#primaryimage\",\"url\":\"https:\/\/www.lourdes-france.com\/wp-content\/uploads\/2024\/09\/2024-petite-maison-Bernadette-17-1-scaled-1.jpg\",\"contentUrl\":\"https:\/\/www.lourdes-france.com\/wp-content\/uploads\/2024\/09\/2024-petite-maison-Bernadette-17-1-scaled-1.jpg\"},{\"@type\":\"BreadcrumbList\",\"@id\":\"https:\/\/www.lourdes-france.com\/nl\/het-kleine-huis-van-bernadette\/#breadcrumb\",\"itemListElement\":[{\"@type\":\"ListItem\",\"position\":1,\"name\":\"Accueil\",\"item\":\"https:\/\/www.lourdes-france.com\/nl\/\"},{\"@type\":\"ListItem\",\"position\":2,\"name\":\"Het kleine huis van Bernadette\"}]},{\"@type\":\"WebSite\",\"@id\":\"https:\/\/www.lourdes-france.com\/nl\/#website\",\"url\":\"https:\/\/www.lourdes-france.com\/nl\/\",\"name\":\"Sanctuaire Notre-Dame de Lourdes\",\"description\":\"\",\"publisher\":{\"@id\":\"https:\/\/www.lourdes-france.com\/nl\/#organization\"},\"potentialAction\":[{\"@type\":\"SearchAction\",\"target\":{\"@type\":\"EntryPoint\",\"urlTemplate\":\"https:\/\/www.lourdes-france.com\/nl\/?s={search_term_string}\"},\"query-input\":{\"@type\":\"PropertyValueSpecification\",\"valueRequired\":true,\"valueName\":\"search_term_string\"}}],\"inLanguage\":\"nl-NL\"},{\"@type\":\"Organization\",\"@id\":\"https:\/\/www.lourdes-france.com\/nl\/#organization\",\"name\":\"Sanctuaire Notre-Dame de Lourdes\",\"url\":\"https:\/\/www.lourdes-france.com\/nl\/\",\"logo\":{\"@type\":\"ImageObject\",\"inLanguage\":\"nl-NL\",\"@id\":\"https:\/\/www.lourdes-france.com\/nl\/#\/schema\/logo\/image\/\",\"url\":\"https:\/\/www.lourdes-france.com\/wp-content\/uploads\/2021\/11\/logo-small.png\",\"contentUrl\":\"https:\/\/www.lourdes-france.com\/wp-content\/uploads\/2021\/11\/logo-small.png\",\"width\":834,\"height\":521,\"caption\":\"Sanctuaire Notre-Dame de Lourdes\"},\"image\":{\"@id\":\"https:\/\/www.lourdes-france.com\/nl\/#\/schema\/logo\/image\/\"}}]}<\/script>\n<!-- \/ Yoast SEO Premium plugin. -->","yoast_head_json":{"title":"Het kleine huis van Bernadette - Vivre le p\u00e8lerinage de Lourdes","description":"La Petite Maison de Bernadette propose aux enfants accompagn\u00e9s par des parents ou \u00e0 des groupes avec accompagnateurs, diverses activit\u00e9s ludiques.","robots":{"index":"index","follow":"follow","max-snippet":"max-snippet:-1","max-image-preview":"max-image-preview:large","max-video-preview":"max-video-preview:-1"},"canonical":"https:\/\/www.lourdes-france.com\/nl\/het-kleine-huis-van-bernadette\/","og_locale":"nl_NL","og_type":"article","og_title":"Het kleine huis van Bernadette","og_description":"La Petite Maison de Bernadette propose aux enfants accompagn\u00e9s par des parents ou \u00e0 des groupes avec accompagnateurs, diverses activit\u00e9s ludiques.","og_url":"https:\/\/www.lourdes-france.com\/nl\/het-kleine-huis-van-bernadette\/","og_site_name":"Vivre le p\u00e8lerinage de Lourdes","article_modified_time":"2026-03-11T11:35:30+00:00","og_image":[{"url":"https:\/\/www.lourdes-france.com\/wp-content\/uploads\/2024\/09\/2024-petite-maison-Bernadette-17-1-scaled-1.jpg","type":"","width":"","height":""}],"twitter_card":"summary_large_image","twitter_misc":{"Geschatte leestijd":"3 minuten"},"schema":{"@context":"https:\/\/schema.org","@graph":[{"@type":"WebPage","@id":"https:\/\/www.lourdes-france.com\/nl\/het-kleine-huis-van-bernadette\/","url":"https:\/\/www.lourdes-france.com\/nl\/het-kleine-huis-van-bernadette\/","name":"Het kleine huis van Bernadette - Vivre le p\u00e8lerinage de Lourdes","isPartOf":{"@id":"https:\/\/www.lourdes-france.com\/nl\/#website"},"primaryImageOfPage":{"@id":"https:\/\/www.lourdes-france.com\/nl\/het-kleine-huis-van-bernadette\/#primaryimage"},"image":{"@id":"https:\/\/www.lourdes-france.com\/nl\/het-kleine-huis-van-bernadette\/#primaryimage"},"thumbnailUrl":"https:\/\/www.lourdes-france.com\/wp-content\/uploads\/2024\/09\/2024-petite-maison-Bernadette-17-1-scaled-1.jpg","datePublished":"2022-03-28T14:16:12+00:00","dateModified":"2026-03-11T11:35:30+00:00","description":"La Petite Maison de Bernadette propose aux enfants accompagn\u00e9s par des parents ou \u00e0 des groupes avec accompagnateurs, diverses activit\u00e9s ludiques.","breadcrumb":{"@id":"https:\/\/www.lourdes-france.com\/nl\/het-kleine-huis-van-bernadette\/#breadcrumb"},"inLanguage":"nl-NL","potentialAction":[{"@type":"ReadAction","target":["https:\/\/www.lourdes-france.com\/nl\/het-kleine-huis-van-bernadette\/"]}]},{"@type":"ImageObject","inLanguage":"nl-NL","@id":"https:\/\/www.lourdes-france.com\/nl\/het-kleine-huis-van-bernadette\/#primaryimage","url":"https:\/\/www.lourdes-france.com\/wp-content\/uploads\/2024\/09\/2024-petite-maison-Bernadette-17-1-scaled-1.jpg","contentUrl":"https:\/\/www.lourdes-france.com\/wp-content\/uploads\/2024\/09\/2024-petite-maison-Bernadette-17-1-scaled-1.jpg"},{"@type":"BreadcrumbList","@id":"https:\/\/www.lourdes-france.com\/nl\/het-kleine-huis-van-bernadette\/#breadcrumb","itemListElement":[{"@type":"ListItem","position":1,"name":"Accueil","item":"https:\/\/www.lourdes-france.com\/nl\/"},{"@type":"ListItem","position":2,"name":"Het kleine huis van Bernadette"}]},{"@type":"WebSite","@id":"https:\/\/www.lourdes-france.com\/nl\/#website","url":"https:\/\/www.lourdes-france.com\/nl\/","name":"Sanctuaire Notre-Dame de Lourdes","description":"","publisher":{"@id":"https:\/\/www.lourdes-france.com\/nl\/#organization"},"potentialAction":[{"@type":"SearchAction","target":{"@type":"EntryPoint","urlTemplate":"https:\/\/www.lourdes-france.com\/nl\/?s={search_term_string}"},"query-input":{"@type":"PropertyValueSpecification","valueRequired":true,"valueName":"search_term_string"}}],"inLanguage":"nl-NL"},{"@type":"Organization","@id":"https:\/\/www.lourdes-france.com\/nl\/#organization","name":"Sanctuaire Notre-Dame de Lourdes","url":"https:\/\/www.lourdes-france.com\/nl\/","logo":{"@type":"ImageObject","inLanguage":"nl-NL","@id":"https:\/\/www.lourdes-france.com\/nl\/#\/schema\/logo\/image\/","url":"https:\/\/www.lourdes-france.com\/wp-content\/uploads\/2021\/11\/logo-small.png","contentUrl":"https:\/\/www.lourdes-france.com\/wp-content\/uploads\/2021\/11\/logo-small.png","width":834,"height":521,"caption":"Sanctuaire Notre-Dame de Lourdes"},"image":{"@id":"https:\/\/www.lourdes-france.com\/nl\/#\/schema\/logo\/image\/"}}]}},"_links":{"self":[{"href":"https:\/\/www.lourdes-france.com\/nl\/wp-json\/wp\/v2\/pages\/789485","targetHints":{"allow":["GET"]}}],"collection":[{"href":"https:\/\/www.lourdes-france.com\/nl\/wp-json\/wp\/v2\/pages"}],"about":[{"href":"https:\/\/www.lourdes-france.com\/nl\/wp-json\/wp\/v2\/types\/page"}],"author":[{"embeddable":true,"href":"https:\/\/www.lourdes-france.com\/nl\/wp-json\/wp\/v2\/users\/1"}],"replies":[{"embeddable":true,"href":"https:\/\/www.lourdes-france.com\/nl\/wp-json\/wp\/v2\/comments?post=789485"}],"version-history":[{"count":10,"href":"https:\/\/www.lourdes-france.com\/nl\/wp-json\/wp\/v2\/pages\/789485\/revisions"}],"predecessor-version":[{"id":873222,"href":"https:\/\/www.lourdes-france.com\/nl\/wp-json\/wp\/v2\/pages\/789485\/revisions\/873222"}],"wp:attachment":[{"href":"https:\/\/www.lourdes-france.com\/nl\/wp-json\/wp\/v2\/media?parent=789485"}],"curies":[{"name":"wp","href":"https:\/\/api.w.org\/{rel}","templated":true}]}}