{"id":789431,"date":"2021-11-12T15:26:48","date_gmt":"2021-11-12T14:26:48","guid":{"rendered":"https:\/\/www.lourdes-france.com\/quest-ce-quun-pelerinage\/"},"modified":"2022-09-21T09:35:49","modified_gmt":"2022-09-21T07:35:49","slug":"een-bedevaart-wat-is-dat","status":"publish","type":"page","link":"https:\/\/www.lourdes-france.com\/nl\/een-bedevaart-wat-is-dat\/","title":{"rendered":"Een bedevaart\u00a0: wat is dat\u00a0?"},"content":{"rendered":"\t\t<div data-elementor-type=\"wp-page\" data-elementor-id=\"789431\" class=\"elementor elementor-789431 elementor-3359\" data-elementor-post-type=\"page\">\n\t\t\t\t\t\t<section class=\"elementor-section elementor-top-section elementor-element elementor-element-ca201ea elementor-section-stretched elementor-section-boxed elementor-section-height-default elementor-section-height-default\" data-id=\"ca201ea\" data-element_type=\"section\" data-settings=\"{&quot;background_background&quot;:&quot;classic&quot;,&quot;stretch_section&quot;:&quot;section-stretched&quot;}\">\n\t\t\t\t\t\t<div class=\"elementor-container elementor-column-gap-no\">\n\t\t\t\t\t<div class=\"elementor-column elementor-col-100 elementor-top-column elementor-element elementor-element-2fb97598\" data-id=\"2fb97598\" data-element_type=\"column\">\n\t\t\t<div class=\"elementor-widget-wrap elementor-element-populated\">\n\t\t\t\t\t\t<div class=\"elementor-element elementor-element-68b2fab9 elementor-blockquote--skin-quotation elementor-widget elementor-widget-blockquote\" data-id=\"68b2fab9\" data-element_type=\"widget\" data-widget_type=\"blockquote.default\">\n\t\t\t\t<div class=\"elementor-widget-container\">\n\t\t\t\t\t\t\t<blockquote class=\"elementor-blockquote\">\n\t\t\t<p class=\"elementor-blockquote__content\">\n\t\t\t\tHet is op de eerste plaats weggaan, zijn dagelijkse leven en gewoonten achterlaten. Meer dan zo maar een reis is het een gelegenheid om echt tijd te nemen eens na te denken, alleen of met velen, om verbondenheid te scheppen in het welbehagen en de vreugde dankzij de gezangen, dankzij het op weg gaan, dankzij de uitwisseling en dankzij het gebed voor al degenen die dat verlangen. De bedevaarten maken deel uit van de geschiedenis van Lourdes en vormen een deel van de banden die tussen allen geweven worden.\t\t\t<\/p>\n\t\t\t\t\t<\/blockquote>\n\t\t\t\t\t\t<\/div>\n\t\t\t\t<\/div>\n\t\t\t\t\t<\/div>\n\t\t<\/div>\n\t\t\t\t\t<\/div>\n\t\t<\/section>\n\t\t\t\t<section class=\"elementor-section elementor-top-section elementor-element elementor-element-2b8816e6 elementor-section-boxed elementor-section-height-default elementor-section-height-default\" data-id=\"2b8816e6\" data-element_type=\"section\">\n\t\t\t\t\t\t<div class=\"elementor-container elementor-column-gap-default\">\n\t\t\t\t\t<div class=\"elementor-column elementor-col-100 elementor-top-column elementor-element elementor-element-81e22e1\" data-id=\"81e22e1\" data-element_type=\"column\">\n\t\t\t<div class=\"elementor-widget-wrap elementor-element-populated\">\n\t\t\t\t\t\t<div class=\"elementor-element elementor-element-27e59c88 elementor-widget elementor-widget-spacer\" data-id=\"27e59c88\" data-element_type=\"widget\" data-widget_type=\"spacer.default\">\n\t\t\t\t<div class=\"elementor-widget-container\">\n\t\t\t\t\t\t\t<div class=\"elementor-spacer\">\n\t\t\t<div class=\"elementor-spacer-inner\"><\/div>\n\t\t<\/div>\n\t\t\t\t\t\t<\/div>\n\t\t\t\t<\/div>\n\t\t\t\t<div class=\"elementor-element elementor-element-16aada97 elementor-widget elementor-widget-heading\" data-id=\"16aada97\" data-element_type=\"widget\" data-widget_type=\"heading.default\">\n\t\t\t\t<div class=\"elementor-widget-container\">\n\t\t\t\t\t<h3 class=\"elementor-heading-title elementor-size-default\">Waarom een bedevaart in Lourdes\u00a0?<\/h3>\t\t\t\t<\/div>\n\t\t\t\t<\/div>\n\t\t\t\t<div class=\"elementor-element elementor-element-a223569 elementor-widget elementor-widget-text-editor\" data-id=\"a223569\" data-element_type=\"widget\" data-widget_type=\"text-editor.default\">\n\t\t\t\t<div class=\"elementor-widget-container\">\n\t\t\t\t\t\t\t\t\t<p>Tijdens de dertiende verschijning vroeg de Dame aan de Grot aan Bernadette om \u00ab<em>\u00a0aan de priesters te gaan zeggen dat men hier in processie naar toe komt en dat men hier een kapel bouwt\u00a0<\/em>\u00bb. In het taalgebruik van die tijd was er geen verschil tussen het woord \u00ab\u00a0processie\u00a0\u00bb en \u00ab\u00a0bedevaart\u00a0\u00bb\u2026<br \/><br \/>Het feit dat de Maagd Maria op dezelfde dag vroeg om in processie te komen en om een kapel te bouwen is voor ons een aanduiding dat we ons op weg moeten begeven en \u00ab\u00a0levende stenen\u00a0\u00bb worden. Lourdes, de Kerk, betekent niets zonder de volk op weg\u00a0: op weg naar Degene die \u00e9\u00e9n van de onzen is geworden om ons te verlossen.<\/p>\t\t\t\t\t\t\t\t<\/div>\n\t\t\t\t<\/div>\n\t\t\t\t<div class=\"elementor-element elementor-element-5b192e0 elementor-widget elementor-widget-heading\" data-id=\"5b192e0\" data-element_type=\"widget\" data-widget_type=\"heading.default\">\n\t\t\t\t<div class=\"elementor-widget-container\">\n\t\t\t\t\t<h3 class=\"elementor-heading-title elementor-size-default\">Het woord bedevaart staat in het enkelvoud, maar is in werkelijkheid meervoud.<\/h3>\t\t\t\t<\/div>\n\t\t\t\t<\/div>\n\t\t\t\t<div class=\"elementor-element elementor-element-912051e elementor-widget elementor-widget-text-editor\" data-id=\"912051e\" data-element_type=\"widget\" data-widget_type=\"text-editor.default\">\n\t\t\t\t<div class=\"elementor-widget-container\">\n\t\t\t\t\t\t\t\t\t<p>Als u naar Lourdes komt, ontdekt u heel snel dat Lourdes een plaats is waar overal verscheidenheid is, maar waar allen omgevormd worden tot \u00e9\u00e9n enkel volk, \u00e9\u00e9n enkel hart gericht naar Maria die ons bij de hand neemt om ons tot bij haar Zoon te brengen.<br \/><br \/>In Lourdes treft u georganiseerde bedevaarten aan, maar ook individuele bedevaarders. U treft er ook bezoekers aan die \u2013 doorheen hun verblijf \u2013 bedevaarders worden. De genade van Lourdes raakt mensen en vormt hen om.<br \/><br \/>U vindt er diocesane bedevaarten uit uw eigen streek, Franse nationale bedevaarten (zoals de Nationale bedevaart, de Rozenkransbedevaart\u2026) en internationale bedevaarten (zoals de Internationale Militaire Bedevaart, de bedevaart van de Orde van Malta\u2026). U kunt er ook themabedevaarten aantreffen (zoals de Lourdes Kanker Hoop, de FRAT\u2026), en ook bedevaarten die georganiseerd zijn door religieuze families (Franciscanen, Jezu\u00efeten, Montfortanen\u2026).<\/p>\t\t\t\t\t\t\t\t<\/div>\n\t\t\t\t<\/div>\n\t\t\t\t<div class=\"elementor-element elementor-element-95e1c82 elementor-align-center elementor-widget elementor-widget-button\" data-id=\"95e1c82\" data-element_type=\"widget\" data-widget_type=\"button.default\">\n\t\t\t\t<div class=\"elementor-widget-container\">\n\t\t\t\t\t\t\t\t\t<div class=\"elementor-button-wrapper\">\n\t\t\t\t\t<a class=\"elementor-button elementor-button-link elementor-size-sm\" href=\"https:\/\/www.lourdes-france.com\/nl\/rejoindre-un-pelerinage\/\">\n\t\t\t\t\t\t<span class=\"elementor-button-content-wrapper\">\n\t\t\t\t\t\t\t\t\t<span class=\"elementor-button-text\">Sluit u aan bij een bedevaart van bij u\u00a0!<\/span>\n\t\t\t\t\t<\/span>\n\t\t\t\t\t<\/a>\n\t\t\t\t<\/div>\n\t\t\t\t\t\t\t\t<\/div>\n\t\t\t\t<\/div>\n\t\t\t\t\t<\/div>\n\t\t<\/div>\n\t\t\t\t\t<\/div>\n\t\t<\/section>\n\t\t\t\t<section class=\"elementor-section elementor-top-section elementor-element elementor-element-243e953f elementor-section-boxed elementor-section-height-default elementor-section-height-default\" data-id=\"243e953f\" data-element_type=\"section\">\n\t\t\t\t\t\t<div class=\"elementor-container elementor-column-gap-default\">\n\t\t\t\t\t<div class=\"elementor-column elementor-col-100 elementor-top-column elementor-element elementor-element-3ca17d4e\" data-id=\"3ca17d4e\" data-element_type=\"column\">\n\t\t\t<div class=\"elementor-widget-wrap elementor-element-populated\">\n\t\t\t\t\t\t<div class=\"elementor-element elementor-element-140169f4 elementor-widget elementor-widget-spacer\" data-id=\"140169f4\" data-element_type=\"widget\" data-widget_type=\"spacer.default\">\n\t\t\t\t<div class=\"elementor-widget-container\">\n\t\t\t\t\t\t\t<div class=\"elementor-spacer\">\n\t\t\t<div class=\"elementor-spacer-inner\"><\/div>\n\t\t<\/div>\n\t\t\t\t\t\t<\/div>\n\t\t\t\t<\/div>\n\t\t\t\t\t<\/div>\n\t\t<\/div>\n\t\t\t\t\t<\/div>\n\t\t<\/section>\n\t\t\t\t<\/div>\n\t\t","protected":false},"excerpt":{"rendered":"<p>Het is op de eerste plaats weggaan, zijn dagelijkse leven en gewoonten achterlaten. Meer dan zo maar een reis is het een gelegenheid om echt tijd te nemen eens na te denken, alleen of met velen, om verbondenheid te scheppen &hellip; <a href=\"https:\/\/www.lourdes-france.com\/nl\/een-bedevaart-wat-is-dat\/\">Vervolgd<\/a><\/p>\n","protected":false},"author":1,"featured_media":788532,"parent":0,"menu_order":0,"comment_status":"closed","ping_status":"closed","template":"","meta":{"_acf_changed":false,"footnotes":""},"class_list":["post-789431","page","type-page","status-publish","has-post-thumbnail","hentry"],"acf":[],"yoast_head":"<!-- This site is optimized with the Yoast SEO Premium plugin v24.0 (Yoast SEO v26.3) - https:\/\/yoast.com\/wordpress\/plugins\/seo\/ -->\n<title>Een bedevaart\u00a0: wat is dat\u00a0? - Vivre le p\u00e8lerinage de Lourdes<\/title>\n<meta name=\"description\" content=\"Un p\u00e8lerinage c\u2019est d\u2019abord partir, quitter son quotidien, ses habitudes. Plus qu\u2019un voyage, c\u2019est un vrai moment pour prendre le temps de r\u00e9fl\u00e9chir seul ou \u00e0 plusieurs, pour cr\u00e9er des liens dans la bienveillance et la joie gr\u00e2ce aux chants, \u00e0 la marche, aux \u00e9changes et \u00e0 la pri\u00e8re pour ceux qui le souhaitent. Les p\u00e8lerinages font partie de l\u2019histoire de Lourdes et participent \u00e0 tisser le lien entre tous.\" \/>\n<meta name=\"robots\" content=\"index, follow, max-snippet:-1, max-image-preview:large, max-video-preview:-1\" \/>\n<link rel=\"canonical\" href=\"https:\/\/www.lourdes-france.com\/nl\/een-bedevaart-wat-is-dat\/\" \/>\n<meta property=\"og:locale\" content=\"nl_NL\" \/>\n<meta property=\"og:type\" content=\"article\" \/>\n<meta property=\"og:title\" content=\"Een bedevaart\u00a0: wat is dat\u00a0?\" \/>\n<meta property=\"og:description\" content=\"Un p\u00e8lerinage c\u2019est d\u2019abord partir, quitter son quotidien, ses habitudes. Plus qu\u2019un voyage, c\u2019est un vrai moment pour prendre le temps de r\u00e9fl\u00e9chir seul ou \u00e0 plusieurs, pour cr\u00e9er des liens dans la bienveillance et la joie gr\u00e2ce aux chants, \u00e0 la marche, aux \u00e9changes et \u00e0 la pri\u00e8re pour ceux qui le souhaitent. Les p\u00e8lerinages font partie de l\u2019histoire de Lourdes et participent \u00e0 tisser le lien entre tous.\" \/>\n<meta property=\"og:url\" content=\"https:\/\/www.lourdes-france.com\/nl\/een-bedevaart-wat-is-dat\/\" \/>\n<meta property=\"og:site_name\" content=\"Vivre le p\u00e8lerinage de Lourdes\" \/>\n<meta property=\"article:modified_time\" content=\"2022-09-21T07:35:49+00:00\" \/>\n<meta property=\"og:image\" content=\"https:\/\/www.lourdes-france.com\/wp-content\/uploads\/2021\/11\/image_mise-en-avant_Pelerinage.jpg\" \/>\n\t<meta property=\"og:image:width\" content=\"2362\" \/>\n\t<meta property=\"og:image:height\" content=\"1507\" \/>\n\t<meta property=\"og:image:type\" content=\"image\/jpeg\" \/>\n<meta name=\"twitter:card\" content=\"summary_large_image\" \/>\n<meta name=\"twitter:label1\" content=\"Geschatte leestijd\" \/>\n\t<meta name=\"twitter:data1\" content=\"2 minuten\" \/>\n<script type=\"application\/ld+json\" class=\"yoast-schema-graph\">{\"@context\":\"https:\/\/schema.org\",\"@graph\":[{\"@type\":\"WebPage\",\"@id\":\"https:\/\/www.lourdes-france.com\/nl\/een-bedevaart-wat-is-dat\/\",\"url\":\"https:\/\/www.lourdes-france.com\/nl\/een-bedevaart-wat-is-dat\/\",\"name\":\"Een bedevaart\u00a0: wat is dat\u00a0? - Vivre le p\u00e8lerinage de Lourdes\",\"isPartOf\":{\"@id\":\"https:\/\/www.lourdes-france.com\/nl\/#website\"},\"primaryImageOfPage\":{\"@id\":\"https:\/\/www.lourdes-france.com\/nl\/een-bedevaart-wat-is-dat\/#primaryimage\"},\"image\":{\"@id\":\"https:\/\/www.lourdes-france.com\/nl\/een-bedevaart-wat-is-dat\/#primaryimage\"},\"thumbnailUrl\":\"https:\/\/www.lourdes-france.com\/wp-content\/uploads\/2021\/11\/image_mise-en-avant_Pelerinage.jpg\",\"datePublished\":\"2021-11-12T14:26:48+00:00\",\"dateModified\":\"2022-09-21T07:35:49+00:00\",\"description\":\"Un p\u00e8lerinage c\u2019est d\u2019abord partir, quitter son quotidien, ses habitudes. Plus qu\u2019un voyage, c\u2019est un vrai moment pour prendre le temps de r\u00e9fl\u00e9chir seul ou \u00e0 plusieurs, pour cr\u00e9er des liens dans la bienveillance et la joie gr\u00e2ce aux chants, \u00e0 la marche, aux \u00e9changes et \u00e0 la pri\u00e8re pour ceux qui le souhaitent. Les p\u00e8lerinages font partie de l\u2019histoire de Lourdes et participent \u00e0 tisser le lien entre tous.\",\"breadcrumb\":{\"@id\":\"https:\/\/www.lourdes-france.com\/nl\/een-bedevaart-wat-is-dat\/#breadcrumb\"},\"inLanguage\":\"nl-NL\",\"potentialAction\":[{\"@type\":\"ReadAction\",\"target\":[\"https:\/\/www.lourdes-france.com\/nl\/een-bedevaart-wat-is-dat\/\"]}]},{\"@type\":\"ImageObject\",\"inLanguage\":\"nl-NL\",\"@id\":\"https:\/\/www.lourdes-france.com\/nl\/een-bedevaart-wat-is-dat\/#primaryimage\",\"url\":\"https:\/\/www.lourdes-france.com\/wp-content\/uploads\/2021\/11\/image_mise-en-avant_Pelerinage.jpg\",\"contentUrl\":\"https:\/\/www.lourdes-france.com\/wp-content\/uploads\/2021\/11\/image_mise-en-avant_Pelerinage.jpg\",\"width\":2362,\"height\":1507},{\"@type\":\"BreadcrumbList\",\"@id\":\"https:\/\/www.lourdes-france.com\/nl\/een-bedevaart-wat-is-dat\/#breadcrumb\",\"itemListElement\":[{\"@type\":\"ListItem\",\"position\":1,\"name\":\"Accueil\",\"item\":\"https:\/\/www.lourdes-france.com\/nl\/\"},{\"@type\":\"ListItem\",\"position\":2,\"name\":\"Een bedevaart\u00a0: wat is dat\u00a0?\"}]},{\"@type\":\"WebSite\",\"@id\":\"https:\/\/www.lourdes-france.com\/nl\/#website\",\"url\":\"https:\/\/www.lourdes-france.com\/nl\/\",\"name\":\"Sanctuaire Notre-Dame de Lourdes\",\"description\":\"\",\"publisher\":{\"@id\":\"https:\/\/www.lourdes-france.com\/nl\/#organization\"},\"potentialAction\":[{\"@type\":\"SearchAction\",\"target\":{\"@type\":\"EntryPoint\",\"urlTemplate\":\"https:\/\/www.lourdes-france.com\/nl\/?s={search_term_string}\"},\"query-input\":{\"@type\":\"PropertyValueSpecification\",\"valueRequired\":true,\"valueName\":\"search_term_string\"}}],\"inLanguage\":\"nl-NL\"},{\"@type\":\"Organization\",\"@id\":\"https:\/\/www.lourdes-france.com\/nl\/#organization\",\"name\":\"Sanctuaire Notre-Dame de Lourdes\",\"url\":\"https:\/\/www.lourdes-france.com\/nl\/\",\"logo\":{\"@type\":\"ImageObject\",\"inLanguage\":\"nl-NL\",\"@id\":\"https:\/\/www.lourdes-france.com\/nl\/#\/schema\/logo\/image\/\",\"url\":\"https:\/\/www.lourdes-france.com\/wp-content\/uploads\/2021\/11\/logo-small.png\",\"contentUrl\":\"https:\/\/www.lourdes-france.com\/wp-content\/uploads\/2021\/11\/logo-small.png\",\"width\":834,\"height\":521,\"caption\":\"Sanctuaire Notre-Dame de Lourdes\"},\"image\":{\"@id\":\"https:\/\/www.lourdes-france.com\/nl\/#\/schema\/logo\/image\/\"}}]}<\/script>\n<!-- \/ Yoast SEO Premium plugin. -->","yoast_head_json":{"title":"Een bedevaart\u00a0: wat is dat\u00a0? - Vivre le p\u00e8lerinage de Lourdes","description":"Un p\u00e8lerinage c\u2019est d\u2019abord partir, quitter son quotidien, ses habitudes. Plus qu\u2019un voyage, c\u2019est un vrai moment pour prendre le temps de r\u00e9fl\u00e9chir seul ou \u00e0 plusieurs, pour cr\u00e9er des liens dans la bienveillance et la joie gr\u00e2ce aux chants, \u00e0 la marche, aux \u00e9changes et \u00e0 la pri\u00e8re pour ceux qui le souhaitent. Les p\u00e8lerinages font partie de l\u2019histoire de Lourdes et participent \u00e0 tisser le lien entre tous.","robots":{"index":"index","follow":"follow","max-snippet":"max-snippet:-1","max-image-preview":"max-image-preview:large","max-video-preview":"max-video-preview:-1"},"canonical":"https:\/\/www.lourdes-france.com\/nl\/een-bedevaart-wat-is-dat\/","og_locale":"nl_NL","og_type":"article","og_title":"Een bedevaart\u00a0: wat is dat\u00a0?","og_description":"Un p\u00e8lerinage c\u2019est d\u2019abord partir, quitter son quotidien, ses habitudes. Plus qu\u2019un voyage, c\u2019est un vrai moment pour prendre le temps de r\u00e9fl\u00e9chir seul ou \u00e0 plusieurs, pour cr\u00e9er des liens dans la bienveillance et la joie gr\u00e2ce aux chants, \u00e0 la marche, aux \u00e9changes et \u00e0 la pri\u00e8re pour ceux qui le souhaitent. Les p\u00e8lerinages font partie de l\u2019histoire de Lourdes et participent \u00e0 tisser le lien entre tous.","og_url":"https:\/\/www.lourdes-france.com\/nl\/een-bedevaart-wat-is-dat\/","og_site_name":"Vivre le p\u00e8lerinage de Lourdes","article_modified_time":"2022-09-21T07:35:49+00:00","og_image":[{"width":2362,"height":1507,"url":"https:\/\/www.lourdes-france.com\/wp-content\/uploads\/2021\/11\/image_mise-en-avant_Pelerinage.jpg","type":"image\/jpeg"}],"twitter_card":"summary_large_image","twitter_misc":{"Geschatte leestijd":"2 minuten"},"schema":{"@context":"https:\/\/schema.org","@graph":[{"@type":"WebPage","@id":"https:\/\/www.lourdes-france.com\/nl\/een-bedevaart-wat-is-dat\/","url":"https:\/\/www.lourdes-france.com\/nl\/een-bedevaart-wat-is-dat\/","name":"Een bedevaart\u00a0: wat is dat\u00a0? - Vivre le p\u00e8lerinage de Lourdes","isPartOf":{"@id":"https:\/\/www.lourdes-france.com\/nl\/#website"},"primaryImageOfPage":{"@id":"https:\/\/www.lourdes-france.com\/nl\/een-bedevaart-wat-is-dat\/#primaryimage"},"image":{"@id":"https:\/\/www.lourdes-france.com\/nl\/een-bedevaart-wat-is-dat\/#primaryimage"},"thumbnailUrl":"https:\/\/www.lourdes-france.com\/wp-content\/uploads\/2021\/11\/image_mise-en-avant_Pelerinage.jpg","datePublished":"2021-11-12T14:26:48+00:00","dateModified":"2022-09-21T07:35:49+00:00","description":"Un p\u00e8lerinage c\u2019est d\u2019abord partir, quitter son quotidien, ses habitudes. Plus qu\u2019un voyage, c\u2019est un vrai moment pour prendre le temps de r\u00e9fl\u00e9chir seul ou \u00e0 plusieurs, pour cr\u00e9er des liens dans la bienveillance et la joie gr\u00e2ce aux chants, \u00e0 la marche, aux \u00e9changes et \u00e0 la pri\u00e8re pour ceux qui le souhaitent. Les p\u00e8lerinages font partie de l\u2019histoire de Lourdes et participent \u00e0 tisser le lien entre tous.","breadcrumb":{"@id":"https:\/\/www.lourdes-france.com\/nl\/een-bedevaart-wat-is-dat\/#breadcrumb"},"inLanguage":"nl-NL","potentialAction":[{"@type":"ReadAction","target":["https:\/\/www.lourdes-france.com\/nl\/een-bedevaart-wat-is-dat\/"]}]},{"@type":"ImageObject","inLanguage":"nl-NL","@id":"https:\/\/www.lourdes-france.com\/nl\/een-bedevaart-wat-is-dat\/#primaryimage","url":"https:\/\/www.lourdes-france.com\/wp-content\/uploads\/2021\/11\/image_mise-en-avant_Pelerinage.jpg","contentUrl":"https:\/\/www.lourdes-france.com\/wp-content\/uploads\/2021\/11\/image_mise-en-avant_Pelerinage.jpg","width":2362,"height":1507},{"@type":"BreadcrumbList","@id":"https:\/\/www.lourdes-france.com\/nl\/een-bedevaart-wat-is-dat\/#breadcrumb","itemListElement":[{"@type":"ListItem","position":1,"name":"Accueil","item":"https:\/\/www.lourdes-france.com\/nl\/"},{"@type":"ListItem","position":2,"name":"Een bedevaart\u00a0: wat is dat\u00a0?"}]},{"@type":"WebSite","@id":"https:\/\/www.lourdes-france.com\/nl\/#website","url":"https:\/\/www.lourdes-france.com\/nl\/","name":"Sanctuaire Notre-Dame de Lourdes","description":"","publisher":{"@id":"https:\/\/www.lourdes-france.com\/nl\/#organization"},"potentialAction":[{"@type":"SearchAction","target":{"@type":"EntryPoint","urlTemplate":"https:\/\/www.lourdes-france.com\/nl\/?s={search_term_string}"},"query-input":{"@type":"PropertyValueSpecification","valueRequired":true,"valueName":"search_term_string"}}],"inLanguage":"nl-NL"},{"@type":"Organization","@id":"https:\/\/www.lourdes-france.com\/nl\/#organization","name":"Sanctuaire Notre-Dame de Lourdes","url":"https:\/\/www.lourdes-france.com\/nl\/","logo":{"@type":"ImageObject","inLanguage":"nl-NL","@id":"https:\/\/www.lourdes-france.com\/nl\/#\/schema\/logo\/image\/","url":"https:\/\/www.lourdes-france.com\/wp-content\/uploads\/2021\/11\/logo-small.png","contentUrl":"https:\/\/www.lourdes-france.com\/wp-content\/uploads\/2021\/11\/logo-small.png","width":834,"height":521,"caption":"Sanctuaire Notre-Dame de Lourdes"},"image":{"@id":"https:\/\/www.lourdes-france.com\/nl\/#\/schema\/logo\/image\/"}}]}},"_links":{"self":[{"href":"https:\/\/www.lourdes-france.com\/nl\/wp-json\/wp\/v2\/pages\/789431","targetHints":{"allow":["GET"]}}],"collection":[{"href":"https:\/\/www.lourdes-france.com\/nl\/wp-json\/wp\/v2\/pages"}],"about":[{"href":"https:\/\/www.lourdes-france.com\/nl\/wp-json\/wp\/v2\/types\/page"}],"author":[{"embeddable":true,"href":"https:\/\/www.lourdes-france.com\/nl\/wp-json\/wp\/v2\/users\/1"}],"replies":[{"embeddable":true,"href":"https:\/\/www.lourdes-france.com\/nl\/wp-json\/wp\/v2\/comments?post=789431"}],"version-history":[{"count":0,"href":"https:\/\/www.lourdes-france.com\/nl\/wp-json\/wp\/v2\/pages\/789431\/revisions"}],"wp:featuredmedia":[{"embeddable":true,"href":"https:\/\/www.lourdes-france.com\/nl\/wp-json\/wp\/v2\/media\/788532"}],"wp:attachment":[{"href":"https:\/\/www.lourdes-france.com\/nl\/wp-json\/wp\/v2\/media?parent=789431"}],"curies":[{"name":"wp","href":"https:\/\/api.w.org\/{rel}","templated":true}]}}