{"id":809280,"date":"2022-03-31T16:59:33","date_gmt":"2022-03-31T14:59:33","guid":{"rendered":"https:\/\/www.lourdes-france.com\/eau-de-lourdes\/"},"modified":"2024-08-16T10:39:08","modified_gmt":"2024-08-16T08:39:08","slug":"l-acqua","status":"publish","type":"page","link":"https:\/\/www.lourdes-france.com\/it\/l-acqua\/","title":{"rendered":"<strong>L&#8217;acqua<\/strong>"},"content":{"rendered":"\t\t<div data-elementor-type=\"wp-page\" data-elementor-id=\"809280\" class=\"elementor elementor-809280 elementor-782524\" data-elementor-post-type=\"page\">\n\t\t\t\t\t\t<section class=\"elementor-section elementor-top-section elementor-element elementor-element-f26a8f2 elementor-section-stretched elementor-section-boxed elementor-section-height-default elementor-section-height-default\" data-id=\"f26a8f2\" data-element_type=\"section\" data-settings=\"{&quot;background_background&quot;:&quot;classic&quot;,&quot;stretch_section&quot;:&quot;section-stretched&quot;}\">\n\t\t\t\t\t\t<div class=\"elementor-container elementor-column-gap-no\">\n\t\t\t\t\t<div class=\"elementor-column elementor-col-100 elementor-top-column elementor-element elementor-element-e655d36\" data-id=\"e655d36\" data-element_type=\"column\">\n\t\t\t<div class=\"elementor-widget-wrap elementor-element-populated\">\n\t\t\t\t\t\t<div class=\"elementor-element elementor-element-ef3403f elementor-blockquote--skin-quotation elementor-blockquote--align-left elementor-widget elementor-widget-blockquote\" data-id=\"ef3403f\" data-element_type=\"widget\" data-widget_type=\"blockquote.default\">\n\t\t\t\t<div class=\"elementor-widget-container\">\n\t\t\t\t\t\t\t<blockquote class=\"elementor-blockquote\">\n\t\t\t<p class=\"elementor-blockquote__content\">\n\t\t\t\tIl 25 febbraio 1858, durante la nona apparizione, tutto cambi\u00f2 quando Bernadette ud\u00ec l\u2019invito: \"Vada a bere e a lavarsi alla fontana...\" Da quel giorno milioni di pellegrini e visitatori vengono a Lourdes per bere e lavarsi in quest'acqua che non ha propriet\u00e0 specifiche o terapeutiche. La stessa Bernadette Soubirous disse: \"Noi prendiamo l'acqua come medicina... Dobbiamo avere fede, dobbiamo pregare: quest'acqua non avrebbe virt\u00f9 senza fede!\" La popolarit\u00e0 dell'acqua di Lourdes nasce dai miracoli, ma non \u00e8 acqua santa: l'acqua della fonte pu\u00f2 essere benedetta solo dall'azione di un sacerdote.\n\n\n<\/BR>\n<\/BR>\nMolti pellegrini sono desiderosi di portarne un po\u2019 a casa, per s\u00e9 o per i propri cari. L'acqua di Lourdes \u00e8 gratuita e l\u2019accesso alle fontane del Santuario \u00e8 libero. Non pu\u00f2 essere venduta.\n \n\n<\/BR>\n<\/BR>\nPer ricevere l'acqua, il Santuario di Lourdes vi invita a contattare l'organizzazione di pellegrinaggi pi\u00f9 vicina a voi.\t\t\t<\/p>\n\t\t\t\t\t<\/blockquote>\n\t\t\t\t\t\t<\/div>\n\t\t\t\t<\/div>\n\t\t\t\t\t<\/div>\n\t\t<\/div>\n\t\t\t\t\t<\/div>\n\t\t<\/section>\n\t\t\t\t<section class=\"elementor-section elementor-top-section elementor-element elementor-element-f306436 elementor-section-boxed elementor-section-height-default elementor-section-height-default\" data-id=\"f306436\" data-element_type=\"section\">\n\t\t\t\t\t\t<div class=\"elementor-container elementor-column-gap-default\">\n\t\t\t\t\t<div class=\"elementor-column elementor-col-100 elementor-top-column elementor-element elementor-element-eb7154f\" data-id=\"eb7154f\" data-element_type=\"column\">\n\t\t\t<div class=\"elementor-widget-wrap elementor-element-populated\">\n\t\t\t\t\t\t<div class=\"elementor-element elementor-element-8b8178d elementor-widget elementor-widget-image\" data-id=\"8b8178d\" data-element_type=\"widget\" data-widget_type=\"image.default\">\n\t\t\t\t<div class=\"elementor-widget-container\">\n\t\t\t\t\t\t\t\t\t\t\t\t\t\t\t<img fetchpriority=\"high\" decoding=\"async\" width=\"500\" height=\"333\" src=\"https:\/\/www.lourdes-france.com\/wp-content\/uploads\/2022\/04\/vignette_Eau_500x333_img.jpg\" class=\"attachment-large size-large wp-image-783424\" alt=\"\" srcset=\"https:\/\/www.lourdes-france.com\/wp-content\/uploads\/2022\/04\/vignette_Eau_500x333_img.jpg 500w, https:\/\/www.lourdes-france.com\/wp-content\/uploads\/2022\/04\/vignette_Eau_500x333_img-300x200.jpg 300w\" sizes=\"(max-width: 500px) 100vw, 500px\" \/>\t\t\t\t\t\t\t\t\t\t\t\t\t\t\t<\/div>\n\t\t\t\t<\/div>\n\t\t\t\t\t<\/div>\n\t\t<\/div>\n\t\t\t\t\t<\/div>\n\t\t<\/section>\n\t\t\t\t<\/div>\n\t\t","protected":false},"excerpt":{"rendered":"<p>Il 25 febbraio 1858, durante la nona apparizione, tutto cambi\u00f2 quando Bernadette ud\u00ec l\u2019invito: &#8220;Vada a bere e a lavarsi alla fontana&#8230;&#8221; Da quel giorno milioni di pellegrini e visitatori vengono a Lourdes per bere e lavarsi in quest&#8217;acqua che &hellip; <a href=\"https:\/\/www.lourdes-france.com\/it\/l-acqua\/\">Continua<\/a><\/p>\n","protected":false},"author":1,"featured_media":782528,"parent":0,"menu_order":0,"comment_status":"closed","ping_status":"closed","template":"","meta":{"_acf_changed":false,"footnotes":""},"class_list":["post-809280","page","type-page","status-publish","has-post-thumbnail","hentry"],"acf":[],"yoast_head":"<!-- This site is optimized with the Yoast SEO Premium plugin v24.0 (Yoast SEO v26.3) - https:\/\/yoast.com\/wordpress\/plugins\/seo\/ -->\n<title>L&#039;acqua - Vivre le p\u00e8lerinage de Lourdes<\/title>\n<meta name=\"description\" content=\"Les p\u00e8lerins ram\u00e8nent de l&#039;eau de Lourdes. L&#039;eau est gratuite et libre d\u2019acc\u00e8s aux fontaines du Sanctuaire. Elle ne peut \u00eatre vendue.\" \/>\n<meta name=\"robots\" content=\"index, follow, max-snippet:-1, max-image-preview:large, max-video-preview:-1\" \/>\n<link rel=\"canonical\" href=\"https:\/\/www.lourdes-france.com\/it\/l-acqua\/\" \/>\n<meta property=\"og:locale\" content=\"it_IT\" \/>\n<meta property=\"og:type\" content=\"article\" \/>\n<meta property=\"og:title\" content=\"L&#039;acqua\" \/>\n<meta property=\"og:description\" content=\"Les p\u00e8lerins ram\u00e8nent de l&#039;eau de Lourdes. L&#039;eau est gratuite et libre d\u2019acc\u00e8s aux fontaines du Sanctuaire. Elle ne peut \u00eatre vendue.\" \/>\n<meta property=\"og:url\" content=\"https:\/\/www.lourdes-france.com\/it\/l-acqua\/\" \/>\n<meta property=\"og:site_name\" content=\"Vivre le p\u00e8lerinage de Lourdes\" \/>\n<meta property=\"article:modified_time\" content=\"2024-08-16T08:39:08+00:00\" \/>\n<meta property=\"og:image\" content=\"https:\/\/www.lourdes-france.com\/wp-content\/uploads\/2022\/03\/vignette_Eau_de_Lourdes_1920x1080_img.jpg\" \/>\n\t<meta property=\"og:image:width\" content=\"1920\" \/>\n\t<meta property=\"og:image:height\" content=\"1080\" \/>\n\t<meta property=\"og:image:type\" content=\"image\/jpeg\" \/>\n<meta name=\"twitter:card\" content=\"summary_large_image\" \/>\n<meta name=\"twitter:label1\" content=\"Tempo di lettura stimato\" \/>\n\t<meta name=\"twitter:data1\" content=\"1 minuto\" \/>\n<script type=\"application\/ld+json\" class=\"yoast-schema-graph\">{\"@context\":\"https:\/\/schema.org\",\"@graph\":[{\"@type\":\"WebPage\",\"@id\":\"https:\/\/www.lourdes-france.com\/it\/l-acqua\/\",\"url\":\"https:\/\/www.lourdes-france.com\/it\/l-acqua\/\",\"name\":\"L'acqua - Vivre le p\u00e8lerinage de Lourdes\",\"isPartOf\":{\"@id\":\"https:\/\/www.lourdes-france.com\/it\/#website\"},\"primaryImageOfPage\":{\"@id\":\"https:\/\/www.lourdes-france.com\/it\/l-acqua\/#primaryimage\"},\"image\":{\"@id\":\"https:\/\/www.lourdes-france.com\/it\/l-acqua\/#primaryimage\"},\"thumbnailUrl\":\"https:\/\/www.lourdes-france.com\/wp-content\/uploads\/2022\/03\/vignette_Eau_de_Lourdes_1920x1080_img.jpg\",\"datePublished\":\"2022-03-31T14:59:33+00:00\",\"dateModified\":\"2024-08-16T08:39:08+00:00\",\"description\":\"Les p\u00e8lerins ram\u00e8nent de l'eau de Lourdes. L'eau est gratuite et libre d\u2019acc\u00e8s aux fontaines du Sanctuaire. Elle ne peut \u00eatre vendue.\",\"breadcrumb\":{\"@id\":\"https:\/\/www.lourdes-france.com\/it\/l-acqua\/#breadcrumb\"},\"inLanguage\":\"it-IT\",\"potentialAction\":[{\"@type\":\"ReadAction\",\"target\":[\"https:\/\/www.lourdes-france.com\/it\/l-acqua\/\"]}]},{\"@type\":\"ImageObject\",\"inLanguage\":\"it-IT\",\"@id\":\"https:\/\/www.lourdes-france.com\/it\/l-acqua\/#primaryimage\",\"url\":\"https:\/\/www.lourdes-france.com\/wp-content\/uploads\/2022\/03\/vignette_Eau_de_Lourdes_1920x1080_img.jpg\",\"contentUrl\":\"https:\/\/www.lourdes-france.com\/wp-content\/uploads\/2022\/03\/vignette_Eau_de_Lourdes_1920x1080_img.jpg\",\"width\":1920,\"height\":1080,\"caption\":\"the water of lourdes\"},{\"@type\":\"BreadcrumbList\",\"@id\":\"https:\/\/www.lourdes-france.com\/it\/l-acqua\/#breadcrumb\",\"itemListElement\":[{\"@type\":\"ListItem\",\"position\":1,\"name\":\"Accueil\",\"item\":\"https:\/\/www.lourdes-france.com\/it\/\"},{\"@type\":\"ListItem\",\"position\":2,\"name\":\"L&#8217;acqua\"}]},{\"@type\":\"WebSite\",\"@id\":\"https:\/\/www.lourdes-france.com\/it\/#website\",\"url\":\"https:\/\/www.lourdes-france.com\/it\/\",\"name\":\"Sanctuaire Notre-Dame de Lourdes\",\"description\":\"\",\"publisher\":{\"@id\":\"https:\/\/www.lourdes-france.com\/it\/#organization\"},\"potentialAction\":[{\"@type\":\"SearchAction\",\"target\":{\"@type\":\"EntryPoint\",\"urlTemplate\":\"https:\/\/www.lourdes-france.com\/it\/?s={search_term_string}\"},\"query-input\":{\"@type\":\"PropertyValueSpecification\",\"valueRequired\":true,\"valueName\":\"search_term_string\"}}],\"inLanguage\":\"it-IT\"},{\"@type\":\"Organization\",\"@id\":\"https:\/\/www.lourdes-france.com\/it\/#organization\",\"name\":\"Sanctuaire Notre-Dame de Lourdes\",\"url\":\"https:\/\/www.lourdes-france.com\/it\/\",\"logo\":{\"@type\":\"ImageObject\",\"inLanguage\":\"it-IT\",\"@id\":\"https:\/\/www.lourdes-france.com\/it\/#\/schema\/logo\/image\/\",\"url\":\"https:\/\/www.lourdes-france.com\/wp-content\/uploads\/2021\/11\/logo-small.png\",\"contentUrl\":\"https:\/\/www.lourdes-france.com\/wp-content\/uploads\/2021\/11\/logo-small.png\",\"width\":834,\"height\":521,\"caption\":\"Sanctuaire Notre-Dame de Lourdes\"},\"image\":{\"@id\":\"https:\/\/www.lourdes-france.com\/it\/#\/schema\/logo\/image\/\"}}]}<\/script>\n<!-- \/ Yoast SEO Premium plugin. -->","yoast_head_json":{"title":"L'acqua - Vivre le p\u00e8lerinage de Lourdes","description":"Les p\u00e8lerins ram\u00e8nent de l'eau de Lourdes. L'eau est gratuite et libre d\u2019acc\u00e8s aux fontaines du Sanctuaire. Elle ne peut \u00eatre vendue.","robots":{"index":"index","follow":"follow","max-snippet":"max-snippet:-1","max-image-preview":"max-image-preview:large","max-video-preview":"max-video-preview:-1"},"canonical":"https:\/\/www.lourdes-france.com\/it\/l-acqua\/","og_locale":"it_IT","og_type":"article","og_title":"L'acqua","og_description":"Les p\u00e8lerins ram\u00e8nent de l'eau de Lourdes. L'eau est gratuite et libre d\u2019acc\u00e8s aux fontaines du Sanctuaire. Elle ne peut \u00eatre vendue.","og_url":"https:\/\/www.lourdes-france.com\/it\/l-acqua\/","og_site_name":"Vivre le p\u00e8lerinage de Lourdes","article_modified_time":"2024-08-16T08:39:08+00:00","og_image":[{"width":1920,"height":1080,"url":"https:\/\/www.lourdes-france.com\/wp-content\/uploads\/2022\/03\/vignette_Eau_de_Lourdes_1920x1080_img.jpg","type":"image\/jpeg"}],"twitter_card":"summary_large_image","twitter_misc":{"Tempo di lettura stimato":"1 minuto"},"schema":{"@context":"https:\/\/schema.org","@graph":[{"@type":"WebPage","@id":"https:\/\/www.lourdes-france.com\/it\/l-acqua\/","url":"https:\/\/www.lourdes-france.com\/it\/l-acqua\/","name":"L'acqua - Vivre le p\u00e8lerinage de Lourdes","isPartOf":{"@id":"https:\/\/www.lourdes-france.com\/it\/#website"},"primaryImageOfPage":{"@id":"https:\/\/www.lourdes-france.com\/it\/l-acqua\/#primaryimage"},"image":{"@id":"https:\/\/www.lourdes-france.com\/it\/l-acqua\/#primaryimage"},"thumbnailUrl":"https:\/\/www.lourdes-france.com\/wp-content\/uploads\/2022\/03\/vignette_Eau_de_Lourdes_1920x1080_img.jpg","datePublished":"2022-03-31T14:59:33+00:00","dateModified":"2024-08-16T08:39:08+00:00","description":"Les p\u00e8lerins ram\u00e8nent de l'eau de Lourdes. L'eau est gratuite et libre d\u2019acc\u00e8s aux fontaines du Sanctuaire. Elle ne peut \u00eatre vendue.","breadcrumb":{"@id":"https:\/\/www.lourdes-france.com\/it\/l-acqua\/#breadcrumb"},"inLanguage":"it-IT","potentialAction":[{"@type":"ReadAction","target":["https:\/\/www.lourdes-france.com\/it\/l-acqua\/"]}]},{"@type":"ImageObject","inLanguage":"it-IT","@id":"https:\/\/www.lourdes-france.com\/it\/l-acqua\/#primaryimage","url":"https:\/\/www.lourdes-france.com\/wp-content\/uploads\/2022\/03\/vignette_Eau_de_Lourdes_1920x1080_img.jpg","contentUrl":"https:\/\/www.lourdes-france.com\/wp-content\/uploads\/2022\/03\/vignette_Eau_de_Lourdes_1920x1080_img.jpg","width":1920,"height":1080,"caption":"the water of lourdes"},{"@type":"BreadcrumbList","@id":"https:\/\/www.lourdes-france.com\/it\/l-acqua\/#breadcrumb","itemListElement":[{"@type":"ListItem","position":1,"name":"Accueil","item":"https:\/\/www.lourdes-france.com\/it\/"},{"@type":"ListItem","position":2,"name":"L&#8217;acqua"}]},{"@type":"WebSite","@id":"https:\/\/www.lourdes-france.com\/it\/#website","url":"https:\/\/www.lourdes-france.com\/it\/","name":"Sanctuaire Notre-Dame de Lourdes","description":"","publisher":{"@id":"https:\/\/www.lourdes-france.com\/it\/#organization"},"potentialAction":[{"@type":"SearchAction","target":{"@type":"EntryPoint","urlTemplate":"https:\/\/www.lourdes-france.com\/it\/?s={search_term_string}"},"query-input":{"@type":"PropertyValueSpecification","valueRequired":true,"valueName":"search_term_string"}}],"inLanguage":"it-IT"},{"@type":"Organization","@id":"https:\/\/www.lourdes-france.com\/it\/#organization","name":"Sanctuaire Notre-Dame de Lourdes","url":"https:\/\/www.lourdes-france.com\/it\/","logo":{"@type":"ImageObject","inLanguage":"it-IT","@id":"https:\/\/www.lourdes-france.com\/it\/#\/schema\/logo\/image\/","url":"https:\/\/www.lourdes-france.com\/wp-content\/uploads\/2021\/11\/logo-small.png","contentUrl":"https:\/\/www.lourdes-france.com\/wp-content\/uploads\/2021\/11\/logo-small.png","width":834,"height":521,"caption":"Sanctuaire Notre-Dame de Lourdes"},"image":{"@id":"https:\/\/www.lourdes-france.com\/it\/#\/schema\/logo\/image\/"}}]}},"_links":{"self":[{"href":"https:\/\/www.lourdes-france.com\/it\/wp-json\/wp\/v2\/pages\/809280","targetHints":{"allow":["GET"]}}],"collection":[{"href":"https:\/\/www.lourdes-france.com\/it\/wp-json\/wp\/v2\/pages"}],"about":[{"href":"https:\/\/www.lourdes-france.com\/it\/wp-json\/wp\/v2\/types\/page"}],"author":[{"embeddable":true,"href":"https:\/\/www.lourdes-france.com\/it\/wp-json\/wp\/v2\/users\/1"}],"replies":[{"embeddable":true,"href":"https:\/\/www.lourdes-france.com\/it\/wp-json\/wp\/v2\/comments?post=809280"}],"version-history":[{"count":0,"href":"https:\/\/www.lourdes-france.com\/it\/wp-json\/wp\/v2\/pages\/809280\/revisions"}],"wp:featuredmedia":[{"embeddable":true,"href":"https:\/\/www.lourdes-france.com\/it\/wp-json\/wp\/v2\/media\/782528"}],"wp:attachment":[{"href":"https:\/\/www.lourdes-france.com\/it\/wp-json\/wp\/v2\/media?parent=809280"}],"curies":[{"name":"wp","href":"https:\/\/api.w.org\/{rel}","templated":true}]}}