{"id":787063,"date":"2021-11-12T15:00:27","date_gmt":"2021-11-12T14:00:27","guid":{"rendered":"https:\/\/www.lourdes-france.com\/reconnaissance-des-apparitions\/"},"modified":"2022-08-08T09:28:38","modified_gmt":"2022-08-08T07:28:38","slug":"riconoscimento-delle-apparizioni-di-lourdes","status":"publish","type":"page","link":"https:\/\/www.lourdes-france.com\/it\/riconoscimento-delle-apparizioni-di-lourdes\/","title":{"rendered":"Riconoscimento delle apparizioni"},"content":{"rendered":"\t\t<div data-elementor-type=\"wp-page\" data-elementor-id=\"787063\" class=\"elementor elementor-787063 elementor-3309\" data-elementor-post-type=\"page\">\n\t\t\t\t\t\t<section class=\"elementor-section elementor-top-section elementor-element elementor-element-168bd0d elementor-section-stretched elementor-section-boxed elementor-section-height-default elementor-section-height-default\" data-id=\"168bd0d\" data-element_type=\"section\" data-settings=\"{&quot;background_background&quot;:&quot;classic&quot;,&quot;stretch_section&quot;:&quot;section-stretched&quot;}\">\n\t\t\t\t\t\t<div class=\"elementor-container elementor-column-gap-no\">\n\t\t\t\t\t<div class=\"elementor-column elementor-col-100 elementor-top-column elementor-element elementor-element-3d535fc\" data-id=\"3d535fc\" data-element_type=\"column\">\n\t\t\t<div class=\"elementor-widget-wrap elementor-element-populated\">\n\t\t\t\t\t\t<div class=\"elementor-element elementor-element-3391a94 elementor-blockquote--skin-quotation elementor-widget elementor-widget-blockquote\" data-id=\"3391a94\" data-element_type=\"widget\" data-widget_type=\"blockquote.default\">\n\t\t\t\t<div class=\"elementor-widget-container\">\n\t\t\t\t\t\t\t<blockquote class=\"elementor-blockquote\">\n\t\t\t<p class=\"elementor-blockquote__content\">\n\t\t\t\tIl 28 luglio 1858 il Vescovo di Lourdes avvi\u00f2 una commissione d'inchiesta sulle ancora presunte apparizioni della Vergine Maria alla Grotta di Massabielle: la sua indagine sarebbe durata quattro anni, fino a giungere al Documento di riconoscimento delle apparizioni, il 18 gennaio 1862.\t\t\t<\/p>\n\t\t\t\t\t<\/blockquote>\n\t\t\t\t\t\t<\/div>\n\t\t\t\t<\/div>\n\t\t\t\t\t<\/div>\n\t\t<\/div>\n\t\t\t\t\t<\/div>\n\t\t<\/section>\n\t\t\t\t<section class=\"elementor-section elementor-top-section elementor-element elementor-element-82b3686 elementor-section-boxed elementor-section-height-default elementor-section-height-default\" data-id=\"82b3686\" data-element_type=\"section\">\n\t\t\t\t\t\t<div class=\"elementor-container elementor-column-gap-default\">\n\t\t\t\t\t<div class=\"elementor-column elementor-col-100 elementor-top-column elementor-element elementor-element-91a59e5\" data-id=\"91a59e5\" data-element_type=\"column\">\n\t\t\t<div class=\"elementor-widget-wrap elementor-element-populated\">\n\t\t\t\t\t\t<div class=\"elementor-element elementor-element-763fa99 elementor-widget elementor-widget-spacer\" data-id=\"763fa99\" data-element_type=\"widget\" data-widget_type=\"spacer.default\">\n\t\t\t\t<div class=\"elementor-widget-container\">\n\t\t\t\t\t\t\t<div class=\"elementor-spacer\">\n\t\t\t<div class=\"elementor-spacer-inner\"><\/div>\n\t\t<\/div>\n\t\t\t\t\t\t<\/div>\n\t\t\t\t<\/div>\n\t\t\t\t<div class=\"elementor-element elementor-element-d8b5168 elementor-widget elementor-widget-text-editor\" data-id=\"d8b5168\" data-element_type=\"widget\" data-widget_type=\"text-editor.default\">\n\t\t\t\t<div class=\"elementor-widget-container\">\n\t\t\t\t\t\t\t\t\t<p>Il riconoscimento ufficiale delle apparizioni di Lourdes da parte della Chiesa si basa sulla testimonianza decisiva di Bernadette Soubirous e su un meticoloso lavoro di indagine e discernimento, svolto nella preghiera. Nel Santuario di Lourdes, entrando nella Basilica dell&#8217;Immacolata Concezione, sulla navata destra, si legge incisa nel marmo la solenne dichiarazione del vescovo delle apparizioni, Mons. Laurence: \u201cGiudichiamo che l&#8217;Immacolata, Maria Madre di Dio, \u00e8 realmente apparsa a Bernadette Soubirous, l&#8217;11 febbraio 1858 ed i giorni seguenti, nel numero di diciotto volte, nella grotta di Massabielle, vicino alla citt\u00e0 di Lourdes; che questa apparizione riveste tutti i caratteri della verit\u00e0, e che i fedeli sono fondati nel crederla certa. Sottomettiamo umilmente il nostro giudizio al giudizio del Sovrano Pontefice che \u00e8 incaricato di governare la Chiesa universale\u201d. <br \/>Questa dichiarazione del vescovo di Tarbes \u00e8 fondamentale: quattro anni dopo, il 18 gennaio 1862, le apparizioni furono riconosciute autentiche in nome della Chiesa.<\/p><p>Monsignor Laurence non lasci\u00f2 che le cose si trascinassero: le 18 apparizioni ebbero luogo dall&#8217;11 febbraio al 16 luglio 1858, e il 28 luglio istitu\u00ec una Commissione d&#8217;inchiesta \u201cper raccogliere e stabilire i fatti accaduti o che avrebbero potuto verificarsi ancora nella grotta di Lourdes in altra occasione\u2026 per indicarceli, farci conoscere il loro carattere, e fornirci cos\u00ec gli elementi essenziali per arrivare ad una soluzione\u2026\u201d<\/p><p>La Commissione doveva indagare sulle guarigioni avvenute anche in seguito all&#8217;uso dell&#8217;acqua nella grotta domandandosi: Quest&#8217;acqua \u00e8 naturale o soprannaturale? Le visioni di Bernadette sono reali? Se s\u00ec, hanno un carattere divino? L&#8217;oggetto apparso ha fatto richieste alla bambina? Quali? La sorgente nella grotta esisteva prima della visione che Bernadette afferma di aver avuto? Il Vescovo, insistendo nella sua ordinanza, sottoline\u00f2 alla commissione la gravit\u00e0 del lavoro da svolgere: l\u2019indagine per accertare i fatti, l\u2019interrogatorio dei testimoni, la consultazione di uomini di scienza, in particolare dei medici che avevano in cura i malati prima della guarigione, ma anche di specialisti nelle scienze della fisica, della chimica, della geologia: &#8220;La Commissione non deve trascurare nulla per essere realista e pervenire alla verit\u00e0, qualunque essa sia&#8221;.<\/p><p>Per quasi quattro anni la Commissione indag\u00f2, interrog\u00f2 Bernadette, e il vescovo trasse le sue conclusioni nel famoso documento del 18 gennaio 1862 \u201cdichiarando il suo giudizio sull&#8217;Apparizione avvenuta alla Grotta di Lourdes\u201d.<\/p><p>Dopo un ricordo descrittivo delle apparizioni, il vescovo diede spiegazione la saggia lentezza con cui la Chiesa coglie i fatti soprannaturali: Essa chiede prove certe, prima di ammetterle e proclamarle divine, perch\u00e9 il demonio pu\u00f2 trarre in inganno l&#8217;uomo travestendosi da un angelo di luce: \u201cCi siamo ispirati alla Commissione, composta da sacerdoti sapienti, pii, colti, esperti, che hanno interrogato la veggente, hanno studiato i fatti, esaminato tutto, soppesato tutto. Abbiamo anche invocato l&#8217;autorit\u00e0 della scienza, e siamo rimasti convinti che l&#8217;Apparizione \u00e8 di carattere soprannaturale e divina, e che, quindi, ci\u00f2 che Bernadette ha veduto era la Vergine Santissima. La nostra convinzione si \u00e8 formata sulla testimonianza di Bernadette, ma soprattutto sui fatti accaduti e che possono essere spiegati solo con l&#8217;intervento divino.\u201d<\/p>\t\t\t\t\t\t\t\t<\/div>\n\t\t\t\t<\/div>\n\t\t\t\t\t<\/div>\n\t\t<\/div>\n\t\t\t\t\t<\/div>\n\t\t<\/section>\n\t\t\t\t<\/div>\n\t\t","protected":false},"excerpt":{"rendered":"<p>Il 28 luglio 1858 il Vescovo di Lourdes avvi\u00f2 una commissione d&#8217;inchiesta sulle ancora presunte apparizioni della Vergine Maria alla Grotta di Massabielle: la sua indagine sarebbe durata quattro anni, fino a giungere al Documento di riconoscimento delle apparizioni, il &hellip; <a href=\"https:\/\/www.lourdes-france.com\/it\/riconoscimento-delle-apparizioni-di-lourdes\/\">Continua<\/a><\/p>\n","protected":false},"author":2,"featured_media":3366,"parent":0,"menu_order":0,"comment_status":"closed","ping_status":"closed","template":"","meta":{"_acf_changed":false,"footnotes":""},"class_list":["post-787063","page","type-page","status-publish","has-post-thumbnail","hentry"],"acf":[],"yoast_head":"<!-- This site is optimized with the Yoast SEO Premium plugin v24.0 (Yoast SEO v26.3) - https:\/\/yoast.com\/wordpress\/plugins\/seo\/ -->\n<title>Riconoscimento delle apparizioni di Lourdes<\/title>\n<meta name=\"description\" content=\"Nel 1858, il vescovo di Lourdes istitu\u00ec una commissione. Egli pubblic\u00f2 l&#039;ordine di riconoscimento ufficiale il 18 gennaio 1862.\" \/>\n<meta name=\"robots\" content=\"index, follow, max-snippet:-1, max-image-preview:large, max-video-preview:-1\" \/>\n<link rel=\"canonical\" href=\"https:\/\/www.lourdes-france.com\/it\/riconoscimento-delle-apparizioni-di-lourdes\/\" \/>\n<meta property=\"og:locale\" content=\"it_IT\" \/>\n<meta property=\"og:type\" content=\"article\" \/>\n<meta property=\"og:title\" content=\"Riconoscimento delle apparizioni\" \/>\n<meta property=\"og:description\" content=\"Nel 1858, il vescovo di Lourdes istitu\u00ec una commissione. Egli pubblic\u00f2 l&#039;ordine di riconoscimento ufficiale il 18 gennaio 1862.\" \/>\n<meta property=\"og:url\" content=\"https:\/\/www.lourdes-france.com\/it\/riconoscimento-delle-apparizioni-di-lourdes\/\" \/>\n<meta property=\"og:site_name\" content=\"Vivre le p\u00e8lerinage de Lourdes\" \/>\n<meta property=\"article:modified_time\" content=\"2022-08-08T07:28:38+00:00\" \/>\n<meta property=\"og:image\" content=\"https:\/\/www.lourdes-france.com\/wp-content\/uploads\/2021\/11\/mandement_mise-en-avant.jpg\" \/>\n\t<meta property=\"og:image:width\" content=\"2362\" \/>\n\t<meta property=\"og:image:height\" content=\"1507\" \/>\n\t<meta property=\"og:image:type\" content=\"image\/jpeg\" \/>\n<meta name=\"twitter:card\" content=\"summary_large_image\" \/>\n<meta name=\"twitter:label1\" content=\"Tempo di lettura stimato\" \/>\n\t<meta name=\"twitter:data1\" content=\"3 minuti\" \/>\n<script type=\"application\/ld+json\" class=\"yoast-schema-graph\">{\"@context\":\"https:\/\/schema.org\",\"@graph\":[{\"@type\":\"WebPage\",\"@id\":\"https:\/\/www.lourdes-france.com\/it\/riconoscimento-delle-apparizioni-di-lourdes\/\",\"url\":\"https:\/\/www.lourdes-france.com\/it\/riconoscimento-delle-apparizioni-di-lourdes\/\",\"name\":\"Riconoscimento delle apparizioni di Lourdes\",\"isPartOf\":{\"@id\":\"https:\/\/www.lourdes-france.com\/it\/#website\"},\"primaryImageOfPage\":{\"@id\":\"https:\/\/www.lourdes-france.com\/it\/riconoscimento-delle-apparizioni-di-lourdes\/#primaryimage\"},\"image\":{\"@id\":\"https:\/\/www.lourdes-france.com\/it\/riconoscimento-delle-apparizioni-di-lourdes\/#primaryimage\"},\"thumbnailUrl\":\"https:\/\/www.lourdes-france.com\/wp-content\/uploads\/2021\/11\/mandement_mise-en-avant.jpg\",\"datePublished\":\"2021-11-12T14:00:27+00:00\",\"dateModified\":\"2022-08-08T07:28:38+00:00\",\"description\":\"Nel 1858, il vescovo di Lourdes istitu\u00ec una commissione. Egli pubblic\u00f2 l'ordine di riconoscimento ufficiale il 18 gennaio 1862.\",\"breadcrumb\":{\"@id\":\"https:\/\/www.lourdes-france.com\/it\/riconoscimento-delle-apparizioni-di-lourdes\/#breadcrumb\"},\"inLanguage\":\"it-IT\",\"potentialAction\":[{\"@type\":\"ReadAction\",\"target\":[\"https:\/\/www.lourdes-france.com\/it\/riconoscimento-delle-apparizioni-di-lourdes\/\"]}]},{\"@type\":\"ImageObject\",\"inLanguage\":\"it-IT\",\"@id\":\"https:\/\/www.lourdes-france.com\/it\/riconoscimento-delle-apparizioni-di-lourdes\/#primaryimage\",\"url\":\"https:\/\/www.lourdes-france.com\/wp-content\/uploads\/2021\/11\/mandement_mise-en-avant.jpg\",\"contentUrl\":\"https:\/\/www.lourdes-france.com\/wp-content\/uploads\/2021\/11\/mandement_mise-en-avant.jpg\",\"width\":2362,\"height\":1507,\"caption\":\"Reconnaissance officielle des apparitions\"},{\"@type\":\"BreadcrumbList\",\"@id\":\"https:\/\/www.lourdes-france.com\/it\/riconoscimento-delle-apparizioni-di-lourdes\/#breadcrumb\",\"itemListElement\":[{\"@type\":\"ListItem\",\"position\":1,\"name\":\"Accueil\",\"item\":\"https:\/\/www.lourdes-france.com\/it\/\"},{\"@type\":\"ListItem\",\"position\":2,\"name\":\"Riconoscimento delle apparizioni\"}]},{\"@type\":\"WebSite\",\"@id\":\"https:\/\/www.lourdes-france.com\/it\/#website\",\"url\":\"https:\/\/www.lourdes-france.com\/it\/\",\"name\":\"Sanctuaire Notre-Dame de Lourdes\",\"description\":\"\",\"publisher\":{\"@id\":\"https:\/\/www.lourdes-france.com\/it\/#organization\"},\"potentialAction\":[{\"@type\":\"SearchAction\",\"target\":{\"@type\":\"EntryPoint\",\"urlTemplate\":\"https:\/\/www.lourdes-france.com\/it\/?s={search_term_string}\"},\"query-input\":{\"@type\":\"PropertyValueSpecification\",\"valueRequired\":true,\"valueName\":\"search_term_string\"}}],\"inLanguage\":\"it-IT\"},{\"@type\":\"Organization\",\"@id\":\"https:\/\/www.lourdes-france.com\/it\/#organization\",\"name\":\"Sanctuaire Notre-Dame de Lourdes\",\"url\":\"https:\/\/www.lourdes-france.com\/it\/\",\"logo\":{\"@type\":\"ImageObject\",\"inLanguage\":\"it-IT\",\"@id\":\"https:\/\/www.lourdes-france.com\/it\/#\/schema\/logo\/image\/\",\"url\":\"https:\/\/www.lourdes-france.com\/wp-content\/uploads\/2021\/11\/logo-small.png\",\"contentUrl\":\"https:\/\/www.lourdes-france.com\/wp-content\/uploads\/2021\/11\/logo-small.png\",\"width\":834,\"height\":521,\"caption\":\"Sanctuaire Notre-Dame de Lourdes\"},\"image\":{\"@id\":\"https:\/\/www.lourdes-france.com\/it\/#\/schema\/logo\/image\/\"}}]}<\/script>\n<!-- \/ Yoast SEO Premium plugin. -->","yoast_head_json":{"title":"Riconoscimento delle apparizioni di Lourdes","description":"Nel 1858, il vescovo di Lourdes istitu\u00ec una commissione. Egli pubblic\u00f2 l'ordine di riconoscimento ufficiale il 18 gennaio 1862.","robots":{"index":"index","follow":"follow","max-snippet":"max-snippet:-1","max-image-preview":"max-image-preview:large","max-video-preview":"max-video-preview:-1"},"canonical":"https:\/\/www.lourdes-france.com\/it\/riconoscimento-delle-apparizioni-di-lourdes\/","og_locale":"it_IT","og_type":"article","og_title":"Riconoscimento delle apparizioni","og_description":"Nel 1858, il vescovo di Lourdes istitu\u00ec una commissione. Egli pubblic\u00f2 l'ordine di riconoscimento ufficiale il 18 gennaio 1862.","og_url":"https:\/\/www.lourdes-france.com\/it\/riconoscimento-delle-apparizioni-di-lourdes\/","og_site_name":"Vivre le p\u00e8lerinage de Lourdes","article_modified_time":"2022-08-08T07:28:38+00:00","og_image":[{"width":2362,"height":1507,"url":"https:\/\/www.lourdes-france.com\/wp-content\/uploads\/2021\/11\/mandement_mise-en-avant.jpg","type":"image\/jpeg"}],"twitter_card":"summary_large_image","twitter_misc":{"Tempo di lettura stimato":"3 minuti"},"schema":{"@context":"https:\/\/schema.org","@graph":[{"@type":"WebPage","@id":"https:\/\/www.lourdes-france.com\/it\/riconoscimento-delle-apparizioni-di-lourdes\/","url":"https:\/\/www.lourdes-france.com\/it\/riconoscimento-delle-apparizioni-di-lourdes\/","name":"Riconoscimento delle apparizioni di Lourdes","isPartOf":{"@id":"https:\/\/www.lourdes-france.com\/it\/#website"},"primaryImageOfPage":{"@id":"https:\/\/www.lourdes-france.com\/it\/riconoscimento-delle-apparizioni-di-lourdes\/#primaryimage"},"image":{"@id":"https:\/\/www.lourdes-france.com\/it\/riconoscimento-delle-apparizioni-di-lourdes\/#primaryimage"},"thumbnailUrl":"https:\/\/www.lourdes-france.com\/wp-content\/uploads\/2021\/11\/mandement_mise-en-avant.jpg","datePublished":"2021-11-12T14:00:27+00:00","dateModified":"2022-08-08T07:28:38+00:00","description":"Nel 1858, il vescovo di Lourdes istitu\u00ec una commissione. Egli pubblic\u00f2 l'ordine di riconoscimento ufficiale il 18 gennaio 1862.","breadcrumb":{"@id":"https:\/\/www.lourdes-france.com\/it\/riconoscimento-delle-apparizioni-di-lourdes\/#breadcrumb"},"inLanguage":"it-IT","potentialAction":[{"@type":"ReadAction","target":["https:\/\/www.lourdes-france.com\/it\/riconoscimento-delle-apparizioni-di-lourdes\/"]}]},{"@type":"ImageObject","inLanguage":"it-IT","@id":"https:\/\/www.lourdes-france.com\/it\/riconoscimento-delle-apparizioni-di-lourdes\/#primaryimage","url":"https:\/\/www.lourdes-france.com\/wp-content\/uploads\/2021\/11\/mandement_mise-en-avant.jpg","contentUrl":"https:\/\/www.lourdes-france.com\/wp-content\/uploads\/2021\/11\/mandement_mise-en-avant.jpg","width":2362,"height":1507,"caption":"Reconnaissance officielle des apparitions"},{"@type":"BreadcrumbList","@id":"https:\/\/www.lourdes-france.com\/it\/riconoscimento-delle-apparizioni-di-lourdes\/#breadcrumb","itemListElement":[{"@type":"ListItem","position":1,"name":"Accueil","item":"https:\/\/www.lourdes-france.com\/it\/"},{"@type":"ListItem","position":2,"name":"Riconoscimento delle apparizioni"}]},{"@type":"WebSite","@id":"https:\/\/www.lourdes-france.com\/it\/#website","url":"https:\/\/www.lourdes-france.com\/it\/","name":"Sanctuaire Notre-Dame de Lourdes","description":"","publisher":{"@id":"https:\/\/www.lourdes-france.com\/it\/#organization"},"potentialAction":[{"@type":"SearchAction","target":{"@type":"EntryPoint","urlTemplate":"https:\/\/www.lourdes-france.com\/it\/?s={search_term_string}"},"query-input":{"@type":"PropertyValueSpecification","valueRequired":true,"valueName":"search_term_string"}}],"inLanguage":"it-IT"},{"@type":"Organization","@id":"https:\/\/www.lourdes-france.com\/it\/#organization","name":"Sanctuaire Notre-Dame de Lourdes","url":"https:\/\/www.lourdes-france.com\/it\/","logo":{"@type":"ImageObject","inLanguage":"it-IT","@id":"https:\/\/www.lourdes-france.com\/it\/#\/schema\/logo\/image\/","url":"https:\/\/www.lourdes-france.com\/wp-content\/uploads\/2021\/11\/logo-small.png","contentUrl":"https:\/\/www.lourdes-france.com\/wp-content\/uploads\/2021\/11\/logo-small.png","width":834,"height":521,"caption":"Sanctuaire Notre-Dame de Lourdes"},"image":{"@id":"https:\/\/www.lourdes-france.com\/it\/#\/schema\/logo\/image\/"}}]}},"_links":{"self":[{"href":"https:\/\/www.lourdes-france.com\/it\/wp-json\/wp\/v2\/pages\/787063","targetHints":{"allow":["GET"]}}],"collection":[{"href":"https:\/\/www.lourdes-france.com\/it\/wp-json\/wp\/v2\/pages"}],"about":[{"href":"https:\/\/www.lourdes-france.com\/it\/wp-json\/wp\/v2\/types\/page"}],"author":[{"embeddable":true,"href":"https:\/\/www.lourdes-france.com\/it\/wp-json\/wp\/v2\/users\/2"}],"replies":[{"embeddable":true,"href":"https:\/\/www.lourdes-france.com\/it\/wp-json\/wp\/v2\/comments?post=787063"}],"version-history":[{"count":0,"href":"https:\/\/www.lourdes-france.com\/it\/wp-json\/wp\/v2\/pages\/787063\/revisions"}],"wp:featuredmedia":[{"embeddable":true,"href":"https:\/\/www.lourdes-france.com\/it\/wp-json\/wp\/v2\/media\/3366"}],"wp:attachment":[{"href":"https:\/\/www.lourdes-france.com\/it\/wp-json\/wp\/v2\/media?parent=787063"}],"curies":[{"name":"wp","href":"https:\/\/api.w.org\/{rel}","templated":true}]}}