{"id":782414,"date":"2021-11-12T15:26:48","date_gmt":"2021-11-12T14:26:48","guid":{"rendered":"https:\/\/www.lourdes-france.com\/quest-ce-quun-pelerinage\/"},"modified":"2024-08-16T11:04:57","modified_gmt":"2024-08-16T09:04:57","slug":"che-cos-e-un-pellegrinaggio","status":"publish","type":"page","link":"https:\/\/www.lourdes-france.com\/it\/che-cos-e-un-pellegrinaggio\/","title":{"rendered":"Che cos&#8217;\u00e8 un pellegrinaggio?"},"content":{"rendered":"\t\t<div data-elementor-type=\"wp-page\" data-elementor-id=\"782414\" class=\"elementor elementor-782414 elementor-3359\" data-elementor-post-type=\"page\">\n\t\t\t\t\t\t<section class=\"elementor-section elementor-top-section elementor-element elementor-element-ca201ea elementor-section-stretched elementor-section-boxed elementor-section-height-default elementor-section-height-default\" data-id=\"ca201ea\" data-element_type=\"section\" data-settings=\"{&quot;background_background&quot;:&quot;classic&quot;,&quot;stretch_section&quot;:&quot;section-stretched&quot;}\">\n\t\t\t\t\t\t<div class=\"elementor-container elementor-column-gap-no\">\n\t\t\t\t\t<div class=\"elementor-column elementor-col-100 elementor-top-column elementor-element elementor-element-2fb97598\" data-id=\"2fb97598\" data-element_type=\"column\">\n\t\t\t<div class=\"elementor-widget-wrap elementor-element-populated\">\n\t\t\t\t\t\t<div class=\"elementor-element elementor-element-68b2fab9 elementor-blockquote--skin-quotation elementor-widget elementor-widget-blockquote\" data-id=\"68b2fab9\" data-element_type=\"widget\" data-widget_type=\"blockquote.default\">\n\t\t\t\t<div class=\"elementor-widget-container\">\n\t\t\t\t\t\t\t<blockquote class=\"elementor-blockquote\">\n\t\t\t<p class=\"elementor-blockquote__content\">\n\t\t\t\t\u00c8 prima di tutto partire, lasciare la propria quotidianit\u00e0, le proprie abitudini. Pi\u00f9 che un viaggio, \u00e8 un vero momento per prendersi del tempo per riflettere da soli o con gli altri, per creare legami di gentilezza e gioia grazie a canti, passeggiate, scambi e preghiere per chi lo desidera. I pellegrinaggi fanno parte della storia di Lourdes e aiutano a tessere il legame tra tutti.\t\t\t<\/p>\n\t\t\t\t\t<\/blockquote>\n\t\t\t\t\t\t<\/div>\n\t\t\t\t<\/div>\n\t\t\t\t\t<\/div>\n\t\t<\/div>\n\t\t\t\t\t<\/div>\n\t\t<\/section>\n\t\t\t\t<section class=\"elementor-section elementor-top-section elementor-element elementor-element-2b8816e6 elementor-section-boxed elementor-section-height-default elementor-section-height-default\" data-id=\"2b8816e6\" data-element_type=\"section\">\n\t\t\t\t\t\t<div class=\"elementor-container elementor-column-gap-default\">\n\t\t\t\t\t<div class=\"elementor-column elementor-col-100 elementor-top-column elementor-element elementor-element-81e22e1\" data-id=\"81e22e1\" data-element_type=\"column\">\n\t\t\t<div class=\"elementor-widget-wrap elementor-element-populated\">\n\t\t\t\t\t\t<div class=\"elementor-element elementor-element-27e59c88 elementor-widget elementor-widget-spacer\" data-id=\"27e59c88\" data-element_type=\"widget\" data-widget_type=\"spacer.default\">\n\t\t\t\t<div class=\"elementor-widget-container\">\n\t\t\t\t\t\t\t<div class=\"elementor-spacer\">\n\t\t\t<div class=\"elementor-spacer-inner\"><\/div>\n\t\t<\/div>\n\t\t\t\t\t\t<\/div>\n\t\t\t\t<\/div>\n\t\t\t\t<div class=\"elementor-element elementor-element-16aada97 elementor-widget elementor-widget-heading\" data-id=\"16aada97\" data-element_type=\"widget\" data-widget_type=\"heading.default\">\n\t\t\t\t<div class=\"elementor-widget-container\">\n\t\t\t\t\t<h3 class=\"elementor-heading-title elementor-size-default\">Perch\u00e9 un pellegrinaggio a Lourdes?<\/h3>\t\t\t\t<\/div>\n\t\t\t\t<\/div>\n\t\t\t\t<div class=\"elementor-element elementor-element-a223569 elementor-widget elementor-widget-text-editor\" data-id=\"a223569\" data-element_type=\"widget\" data-widget_type=\"text-editor.default\">\n\t\t\t\t<div class=\"elementor-widget-container\">\n\t\t\t\t\t\t\t\t\t<p><span style=\"font-family: Times New Roman, serif;\">Durante la tredicesima apparizione, la Signora della Grotta chiese a Bernadette \u201cVada a dire ai sacerdoti che si costruisca qui una cappella e che vi si venga in processione\u201d. Nella lingua dell&#8217;epoca, la parola &#8220;processione&#8221; e &#8220;pellegrinaggio&#8221; non avevano alcuna differenza&#8230;<br \/><br \/><\/span><span style=\"font-family: Times New Roman, serif;\">Il fatto che la Vergine Maria ci chieda, nello stesso giorno, di venire in processione e di costruire una cappella, ci dice che dobbiamo partire e divenire \u201cpietre vive\u201d. Lourdes, la Chiesa, non \u00e8 niente senza il popolo in cammino: in cammino verso Colui che si \u00e8 fatto uno di noi per salvarci.<\/span><\/p>\t\t\t\t\t\t\t\t<\/div>\n\t\t\t\t<\/div>\n\t\t\t\t<div class=\"elementor-element elementor-element-5b192e0 elementor-widget elementor-widget-heading\" data-id=\"5b192e0\" data-element_type=\"widget\" data-widget_type=\"heading.default\">\n\t\t\t\t<div class=\"elementor-widget-container\">\n\t\t\t\t\t<h3 class=\"elementor-heading-title elementor-size-default\">La parola pellegrinaggio \u00e8 singolare, ma la sua realt\u00e0 \u00e8 plurale<\/h3>\t\t\t\t<\/div>\n\t\t\t\t<\/div>\n\t\t\t\t<div class=\"elementor-element elementor-element-912051e elementor-widget elementor-widget-text-editor\" data-id=\"912051e\" data-element_type=\"widget\" data-widget_type=\"text-editor.default\">\n\t\t\t\t<div class=\"elementor-widget-container\">\n\t\t\t\t\t\t\t\t\t<p><span style=\"font-family: Times New Roman, serif;\">Se vieni a Lourdes ti accorgerai subito che Lourdes \u00e8 un luogo dove la differenza \u00e8 ovunque, facendo di tutti un popolo unito, un solo cuore rivolto verso Maria che ci prende per mano per condurci a suo Figlio.<br \/><br \/><\/span><span style=\"font-family: Times New Roman, serif;\">A Lourdes trovi pellegrinaggi organizzati e pellegrinaggi individuali. Trovi anche visitatori che diventano pellegrini. La grazia di Lourdes tocca e trasforma.<br \/><br \/><\/span><span style=\"font-family: Times New Roman, serif;\">Troverai pellegrinaggi diocesani nella tua zona, nazionali (come il Pellegrinaggio Nazionale, il Rosario\u2026) e internazionali (come il Pellegrinaggio Militare Internazionale, l&#8217;Ordine di Malta\u2026). Si possono trovare anche pellegrinaggi a tema (es: Lourdes Cancer Esp\u00e9rance, il FRAT\u2026), e anche quelli organizzati dalle famiglie religiose (Francescani, Gesuiti\u2026).<\/span><\/p>\t\t\t\t\t\t\t\t<\/div>\n\t\t\t\t<\/div>\n\t\t\t\t\t<\/div>\n\t\t<\/div>\n\t\t\t\t\t<\/div>\n\t\t<\/section>\n\t\t\t\t<section class=\"elementor-section elementor-top-section elementor-element elementor-element-243e953f elementor-section-boxed elementor-section-height-default elementor-section-height-default\" data-id=\"243e953f\" data-element_type=\"section\">\n\t\t\t\t\t\t<div class=\"elementor-container elementor-column-gap-default\">\n\t\t\t\t\t<div class=\"elementor-column elementor-col-100 elementor-top-column elementor-element elementor-element-3ca17d4e\" data-id=\"3ca17d4e\" data-element_type=\"column\">\n\t\t\t<div class=\"elementor-widget-wrap elementor-element-populated\">\n\t\t\t\t\t\t<div class=\"elementor-element elementor-element-140169f4 elementor-widget elementor-widget-spacer\" data-id=\"140169f4\" data-element_type=\"widget\" data-widget_type=\"spacer.default\">\n\t\t\t\t<div class=\"elementor-widget-container\">\n\t\t\t\t\t\t\t<div class=\"elementor-spacer\">\n\t\t\t<div class=\"elementor-spacer-inner\"><\/div>\n\t\t<\/div>\n\t\t\t\t\t\t<\/div>\n\t\t\t\t<\/div>\n\t\t\t\t\t<\/div>\n\t\t<\/div>\n\t\t\t\t\t<\/div>\n\t\t<\/section>\n\t\t\t\t<\/div>\n\t\t","protected":false},"excerpt":{"rendered":"<p>\u00c8 prima di tutto partire, lasciare la propria quotidianit\u00e0, le proprie abitudini. Pi\u00f9 che un viaggio, \u00e8 un vero momento per prendersi del tempo per riflettere da soli o con gli altri, per creare legami di gentilezza e gioia grazie &hellip; <a href=\"https:\/\/www.lourdes-france.com\/it\/che-cos-e-un-pellegrinaggio\/\">Continua<\/a><\/p>\n","protected":false},"author":1,"featured_media":3362,"parent":0,"menu_order":0,"comment_status":"closed","ping_status":"closed","template":"","meta":{"_acf_changed":false,"footnotes":""},"class_list":["post-782414","page","type-page","status-publish","has-post-thumbnail","hentry"],"acf":[],"yoast_head":"<!-- This site is optimized with the Yoast SEO Premium plugin v24.0 (Yoast SEO v26.3) - https:\/\/yoast.com\/wordpress\/plugins\/seo\/ -->\n<title>Che cos&#039;\u00e8 un pellegrinaggio? - Vivre le p\u00e8lerinage de Lourdes<\/title>\n<meta name=\"robots\" content=\"index, follow, max-snippet:-1, max-image-preview:large, max-video-preview:-1\" \/>\n<link rel=\"canonical\" href=\"https:\/\/www.lourdes-france.com\/it\/che-cos-e-un-pellegrinaggio\/\" \/>\n<meta property=\"og:locale\" content=\"it_IT\" \/>\n<meta property=\"og:type\" content=\"article\" \/>\n<meta property=\"og:title\" content=\"Che cos&#039;\u00e8 un pellegrinaggio?\" \/>\n<meta property=\"og:description\" content=\"\u00c8 prima di tutto partire, lasciare la propria quotidianit\u00e0, le proprie abitudini. Pi\u00f9 che un viaggio, \u00e8 un vero momento per prendersi del tempo per riflettere da soli o con gli altri, per creare legami di gentilezza e gioia grazie &hellip; Continua\" \/>\n<meta property=\"og:url\" content=\"https:\/\/www.lourdes-france.com\/it\/che-cos-e-un-pellegrinaggio\/\" \/>\n<meta property=\"og:site_name\" content=\"Vivre le p\u00e8lerinage de Lourdes\" \/>\n<meta property=\"article:modified_time\" content=\"2024-08-16T09:04:57+00:00\" \/>\n<meta property=\"og:image\" content=\"https:\/\/www.lourdes-france.com\/wp-content\/uploads\/2021\/11\/image_mise-en-avant_Pelerinage.jpg\" \/>\n\t<meta property=\"og:image:width\" content=\"2362\" \/>\n\t<meta property=\"og:image:height\" content=\"1507\" \/>\n\t<meta property=\"og:image:type\" content=\"image\/jpeg\" \/>\n<meta name=\"twitter:card\" content=\"summary_large_image\" \/>\n<meta name=\"twitter:label1\" content=\"Tempo di lettura stimato\" \/>\n\t<meta name=\"twitter:data1\" content=\"2 minuti\" \/>\n<script type=\"application\/ld+json\" class=\"yoast-schema-graph\">{\"@context\":\"https:\/\/schema.org\",\"@graph\":[{\"@type\":\"WebPage\",\"@id\":\"https:\/\/www.lourdes-france.com\/it\/che-cos-e-un-pellegrinaggio\/\",\"url\":\"https:\/\/www.lourdes-france.com\/it\/che-cos-e-un-pellegrinaggio\/\",\"name\":\"Che cos'\u00e8 un pellegrinaggio? - Vivre le p\u00e8lerinage de Lourdes\",\"isPartOf\":{\"@id\":\"https:\/\/www.lourdes-france.com\/it\/#website\"},\"primaryImageOfPage\":{\"@id\":\"https:\/\/www.lourdes-france.com\/it\/che-cos-e-un-pellegrinaggio\/#primaryimage\"},\"image\":{\"@id\":\"https:\/\/www.lourdes-france.com\/it\/che-cos-e-un-pellegrinaggio\/#primaryimage\"},\"thumbnailUrl\":\"https:\/\/www.lourdes-france.com\/wp-content\/uploads\/2021\/11\/image_mise-en-avant_Pelerinage.jpg\",\"datePublished\":\"2021-11-12T14:26:48+00:00\",\"dateModified\":\"2024-08-16T09:04:57+00:00\",\"breadcrumb\":{\"@id\":\"https:\/\/www.lourdes-france.com\/it\/che-cos-e-un-pellegrinaggio\/#breadcrumb\"},\"inLanguage\":\"it-IT\",\"potentialAction\":[{\"@type\":\"ReadAction\",\"target\":[\"https:\/\/www.lourdes-france.com\/it\/che-cos-e-un-pellegrinaggio\/\"]}]},{\"@type\":\"ImageObject\",\"inLanguage\":\"it-IT\",\"@id\":\"https:\/\/www.lourdes-france.com\/it\/che-cos-e-un-pellegrinaggio\/#primaryimage\",\"url\":\"https:\/\/www.lourdes-france.com\/wp-content\/uploads\/2021\/11\/image_mise-en-avant_Pelerinage.jpg\",\"contentUrl\":\"https:\/\/www.lourdes-france.com\/wp-content\/uploads\/2021\/11\/image_mise-en-avant_Pelerinage.jpg\",\"width\":2362,\"height\":1507},{\"@type\":\"BreadcrumbList\",\"@id\":\"https:\/\/www.lourdes-france.com\/it\/che-cos-e-un-pellegrinaggio\/#breadcrumb\",\"itemListElement\":[{\"@type\":\"ListItem\",\"position\":1,\"name\":\"Accueil\",\"item\":\"https:\/\/www.lourdes-france.com\/it\/\"},{\"@type\":\"ListItem\",\"position\":2,\"name\":\"Che cos&#8217;\u00e8 un pellegrinaggio?\"}]},{\"@type\":\"WebSite\",\"@id\":\"https:\/\/www.lourdes-france.com\/it\/#website\",\"url\":\"https:\/\/www.lourdes-france.com\/it\/\",\"name\":\"Sanctuaire Notre-Dame de Lourdes\",\"description\":\"\",\"publisher\":{\"@id\":\"https:\/\/www.lourdes-france.com\/it\/#organization\"},\"potentialAction\":[{\"@type\":\"SearchAction\",\"target\":{\"@type\":\"EntryPoint\",\"urlTemplate\":\"https:\/\/www.lourdes-france.com\/it\/?s={search_term_string}\"},\"query-input\":{\"@type\":\"PropertyValueSpecification\",\"valueRequired\":true,\"valueName\":\"search_term_string\"}}],\"inLanguage\":\"it-IT\"},{\"@type\":\"Organization\",\"@id\":\"https:\/\/www.lourdes-france.com\/it\/#organization\",\"name\":\"Sanctuaire Notre-Dame de Lourdes\",\"url\":\"https:\/\/www.lourdes-france.com\/it\/\",\"logo\":{\"@type\":\"ImageObject\",\"inLanguage\":\"it-IT\",\"@id\":\"https:\/\/www.lourdes-france.com\/it\/#\/schema\/logo\/image\/\",\"url\":\"https:\/\/www.lourdes-france.com\/wp-content\/uploads\/2021\/11\/logo-small.png\",\"contentUrl\":\"https:\/\/www.lourdes-france.com\/wp-content\/uploads\/2021\/11\/logo-small.png\",\"width\":834,\"height\":521,\"caption\":\"Sanctuaire Notre-Dame de Lourdes\"},\"image\":{\"@id\":\"https:\/\/www.lourdes-france.com\/it\/#\/schema\/logo\/image\/\"}}]}<\/script>\n<!-- \/ Yoast SEO Premium plugin. -->","yoast_head_json":{"title":"Che cos'\u00e8 un pellegrinaggio? - Vivre le p\u00e8lerinage de Lourdes","robots":{"index":"index","follow":"follow","max-snippet":"max-snippet:-1","max-image-preview":"max-image-preview:large","max-video-preview":"max-video-preview:-1"},"canonical":"https:\/\/www.lourdes-france.com\/it\/che-cos-e-un-pellegrinaggio\/","og_locale":"it_IT","og_type":"article","og_title":"Che cos'\u00e8 un pellegrinaggio?","og_description":"\u00c8 prima di tutto partire, lasciare la propria quotidianit\u00e0, le proprie abitudini. Pi\u00f9 che un viaggio, \u00e8 un vero momento per prendersi del tempo per riflettere da soli o con gli altri, per creare legami di gentilezza e gioia grazie &hellip; Continua","og_url":"https:\/\/www.lourdes-france.com\/it\/che-cos-e-un-pellegrinaggio\/","og_site_name":"Vivre le p\u00e8lerinage de Lourdes","article_modified_time":"2024-08-16T09:04:57+00:00","og_image":[{"width":2362,"height":1507,"url":"https:\/\/www.lourdes-france.com\/wp-content\/uploads\/2021\/11\/image_mise-en-avant_Pelerinage.jpg","type":"image\/jpeg"}],"twitter_card":"summary_large_image","twitter_misc":{"Tempo di lettura stimato":"2 minuti"},"schema":{"@context":"https:\/\/schema.org","@graph":[{"@type":"WebPage","@id":"https:\/\/www.lourdes-france.com\/it\/che-cos-e-un-pellegrinaggio\/","url":"https:\/\/www.lourdes-france.com\/it\/che-cos-e-un-pellegrinaggio\/","name":"Che cos'\u00e8 un pellegrinaggio? - Vivre le p\u00e8lerinage de Lourdes","isPartOf":{"@id":"https:\/\/www.lourdes-france.com\/it\/#website"},"primaryImageOfPage":{"@id":"https:\/\/www.lourdes-france.com\/it\/che-cos-e-un-pellegrinaggio\/#primaryimage"},"image":{"@id":"https:\/\/www.lourdes-france.com\/it\/che-cos-e-un-pellegrinaggio\/#primaryimage"},"thumbnailUrl":"https:\/\/www.lourdes-france.com\/wp-content\/uploads\/2021\/11\/image_mise-en-avant_Pelerinage.jpg","datePublished":"2021-11-12T14:26:48+00:00","dateModified":"2024-08-16T09:04:57+00:00","breadcrumb":{"@id":"https:\/\/www.lourdes-france.com\/it\/che-cos-e-un-pellegrinaggio\/#breadcrumb"},"inLanguage":"it-IT","potentialAction":[{"@type":"ReadAction","target":["https:\/\/www.lourdes-france.com\/it\/che-cos-e-un-pellegrinaggio\/"]}]},{"@type":"ImageObject","inLanguage":"it-IT","@id":"https:\/\/www.lourdes-france.com\/it\/che-cos-e-un-pellegrinaggio\/#primaryimage","url":"https:\/\/www.lourdes-france.com\/wp-content\/uploads\/2021\/11\/image_mise-en-avant_Pelerinage.jpg","contentUrl":"https:\/\/www.lourdes-france.com\/wp-content\/uploads\/2021\/11\/image_mise-en-avant_Pelerinage.jpg","width":2362,"height":1507},{"@type":"BreadcrumbList","@id":"https:\/\/www.lourdes-france.com\/it\/che-cos-e-un-pellegrinaggio\/#breadcrumb","itemListElement":[{"@type":"ListItem","position":1,"name":"Accueil","item":"https:\/\/www.lourdes-france.com\/it\/"},{"@type":"ListItem","position":2,"name":"Che cos&#8217;\u00e8 un pellegrinaggio?"}]},{"@type":"WebSite","@id":"https:\/\/www.lourdes-france.com\/it\/#website","url":"https:\/\/www.lourdes-france.com\/it\/","name":"Sanctuaire Notre-Dame de Lourdes","description":"","publisher":{"@id":"https:\/\/www.lourdes-france.com\/it\/#organization"},"potentialAction":[{"@type":"SearchAction","target":{"@type":"EntryPoint","urlTemplate":"https:\/\/www.lourdes-france.com\/it\/?s={search_term_string}"},"query-input":{"@type":"PropertyValueSpecification","valueRequired":true,"valueName":"search_term_string"}}],"inLanguage":"it-IT"},{"@type":"Organization","@id":"https:\/\/www.lourdes-france.com\/it\/#organization","name":"Sanctuaire Notre-Dame de Lourdes","url":"https:\/\/www.lourdes-france.com\/it\/","logo":{"@type":"ImageObject","inLanguage":"it-IT","@id":"https:\/\/www.lourdes-france.com\/it\/#\/schema\/logo\/image\/","url":"https:\/\/www.lourdes-france.com\/wp-content\/uploads\/2021\/11\/logo-small.png","contentUrl":"https:\/\/www.lourdes-france.com\/wp-content\/uploads\/2021\/11\/logo-small.png","width":834,"height":521,"caption":"Sanctuaire Notre-Dame de Lourdes"},"image":{"@id":"https:\/\/www.lourdes-france.com\/it\/#\/schema\/logo\/image\/"}}]}},"_links":{"self":[{"href":"https:\/\/www.lourdes-france.com\/it\/wp-json\/wp\/v2\/pages\/782414","targetHints":{"allow":["GET"]}}],"collection":[{"href":"https:\/\/www.lourdes-france.com\/it\/wp-json\/wp\/v2\/pages"}],"about":[{"href":"https:\/\/www.lourdes-france.com\/it\/wp-json\/wp\/v2\/types\/page"}],"author":[{"embeddable":true,"href":"https:\/\/www.lourdes-france.com\/it\/wp-json\/wp\/v2\/users\/1"}],"replies":[{"embeddable":true,"href":"https:\/\/www.lourdes-france.com\/it\/wp-json\/wp\/v2\/comments?post=782414"}],"version-history":[{"count":0,"href":"https:\/\/www.lourdes-france.com\/it\/wp-json\/wp\/v2\/pages\/782414\/revisions"}],"wp:featuredmedia":[{"embeddable":true,"href":"https:\/\/www.lourdes-france.com\/it\/wp-json\/wp\/v2\/media\/3362"}],"wp:attachment":[{"href":"https:\/\/www.lourdes-france.com\/it\/wp-json\/wp\/v2\/media?parent=782414"}],"curies":[{"name":"wp","href":"https:\/\/api.w.org\/{rel}","templated":true}]}}