{"id":781754,"date":"2021-12-15T10:10:29","date_gmt":"2021-12-15T09:10:29","guid":{"rendered":"https:\/\/www.lourdes-france.com\/mentions-legales-droits-dexploitation\/"},"modified":"2024-08-16T10:42:15","modified_gmt":"2024-08-16T08:42:15","slug":"menzioni-legal-diritti-di-autore","status":"publish","type":"page","link":"https:\/\/www.lourdes-france.com\/it\/menzioni-legal-diritti-di-autore\/","title":{"rendered":"Menzioni legal \/ Diritti di autore"},"content":{"rendered":"\t\t<div data-elementor-type=\"wp-page\" data-elementor-id=\"781754\" class=\"elementor elementor-781754 elementor-4967\" data-elementor-post-type=\"page\">\n\t\t\t\t\t\t<section class=\"elementor-section elementor-top-section elementor-element elementor-element-7fa97b6b elementor-section-boxed elementor-section-height-default elementor-section-height-default\" data-id=\"7fa97b6b\" data-element_type=\"section\">\n\t\t\t\t\t\t<div class=\"elementor-container elementor-column-gap-no\">\n\t\t\t\t\t<div class=\"elementor-column elementor-col-100 elementor-top-column elementor-element elementor-element-b2d190f\" data-id=\"b2d190f\" data-element_type=\"column\">\n\t\t\t<div class=\"elementor-widget-wrap elementor-element-populated\">\n\t\t\t\t\t\t<div class=\"elementor-element elementor-element-717f0d04 elementor-widget elementor-widget-spacer\" data-id=\"717f0d04\" data-element_type=\"widget\" data-widget_type=\"spacer.default\">\n\t\t\t\t<div class=\"elementor-widget-container\">\n\t\t\t\t\t\t\t<div class=\"elementor-spacer\">\n\t\t\t<div class=\"elementor-spacer-inner\"><\/div>\n\t\t<\/div>\n\t\t\t\t\t\t<\/div>\n\t\t\t\t<\/div>\n\t\t\t\t<div class=\"elementor-element elementor-element-308a2a27 elementor-widget elementor-widget-heading\" data-id=\"308a2a27\" data-element_type=\"widget\" data-widget_type=\"heading.default\">\n\t\t\t\t<div class=\"elementor-widget-container\">\n\t\t\t\t\t<h3 class=\"elementor-heading-title elementor-size-default\">Editore del sito<\/h3>\t\t\t\t<\/div>\n\t\t\t\t<\/div>\n\t\t\t\t<div class=\"elementor-element elementor-element-4e0c959a elementor-widget elementor-widget-text-editor\" data-id=\"4e0c959a\" data-element_type=\"widget\" data-widget_type=\"text-editor.default\">\n\t\t\t\t<div class=\"elementor-widget-container\">\n\t\t\t\t\t\t\t\t\t<p>Il sito\u00a0<a href=\"https:\/\/www.lourdes-france.com\/\" target=\"_blank\" rel=\"noopener\">www.lourdes-france.com<\/a>\u00a0\u00e9 prodotto da l\u2019 EURL Basilique du Rosaire<br \/>Capitale: 1 134 990 euro<br \/>Indirizzo : 1 av. Monseigneur Th\u00e9as<br \/>65108 LOURDES Cedex<br \/>Registrato presso : R.C. S di TARBES<br \/>Num\u00e9ro : 430 034 801<br \/>Rappresentante e Gerente : Guillaume DE VULPIAN<br \/>Direttore della pubblicazione : Mathias TERRIER<br \/>Mail : <a href=\"mailto:webmaster@lourdes-france.com\">webmaster<\/a><br \/>Telefono : 33 (0)5 62 42 78 78<\/p>\t\t\t\t\t\t\t\t<\/div>\n\t\t\t\t<\/div>\n\t\t\t\t<div class=\"elementor-element elementor-element-b94075e elementor-widget elementor-widget-accordion\" data-id=\"b94075e\" data-element_type=\"widget\" data-widget_type=\"accordion.default\">\n\t\t\t\t<div class=\"elementor-widget-container\">\n\t\t\t\t\t\t\t<div class=\"elementor-accordion\">\n\t\t\t\t\t\t\t<div class=\"elementor-accordion-item\">\n\t\t\t\t\t<h3 id=\"elementor-tab-title-1941\" class=\"elementor-tab-title\" data-tab=\"1\" role=\"button\" aria-controls=\"elementor-tab-content-1941\" aria-expanded=\"false\">\n\t\t\t\t\t\t\t\t\t\t\t\t\t<span class=\"elementor-accordion-icon elementor-accordion-icon-left\" aria-hidden=\"true\">\n\t\t\t\t\t\t\t\t\t\t\t\t\t\t\t<span class=\"elementor-accordion-icon-closed\"><i class=\"fas fa-plus-circle\"><\/i><\/span>\n\t\t\t\t\t\t\t\t<span class=\"elementor-accordion-icon-opened\"><i class=\"fas fa-minus-circle\"><\/i><\/span>\n\t\t\t\t\t\t\t\t\t\t\t\t\t\t<\/span>\n\t\t\t\t\t\t\t\t\t\t\t\t<a class=\"elementor-accordion-title\" tabindex=\"0\">Deposito del sito<\/a>\n\t\t\t\t\t<\/h3>\n\t\t\t\t\t<div id=\"elementor-tab-content-1941\" class=\"elementor-tab-content elementor-clearfix\" data-tab=\"1\" role=\"region\" aria-labelledby=\"elementor-tab-title-1941\"><p>Il presente sito \u00e9 depositato presso la societ\u00e0 OVH<br \/>SAS con capitale di 500 k\u20ac RCS Roubaix<br \/>Tourcoing 424 761 419 00011<br \/>Codice APE 721Z<br \/>N\u00b0 TVA : FR 22-424-761-419-00011<br \/>Sede sociale : 140 Quai du Sartel \u2013 59100 Roubaix \u2013 France.<\/p><\/div>\n\t\t\t\t<\/div>\n\t\t\t\t\t\t\t\t<\/div>\n\t\t\t\t\t\t<\/div>\n\t\t\t\t<\/div>\n\t\t\t\t<div class=\"elementor-element elementor-element-129ded5 elementor-widget elementor-widget-accordion\" data-id=\"129ded5\" data-element_type=\"widget\" data-widget_type=\"accordion.default\">\n\t\t\t\t<div class=\"elementor-widget-container\">\n\t\t\t\t\t\t\t<div class=\"elementor-accordion\">\n\t\t\t\t\t\t\t<div class=\"elementor-accordion-item\">\n\t\t\t\t\t<h3 id=\"elementor-tab-title-1951\" class=\"elementor-tab-title\" data-tab=\"1\" role=\"button\" aria-controls=\"elementor-tab-content-1951\" aria-expanded=\"false\">\n\t\t\t\t\t\t\t\t\t\t\t\t\t<span class=\"elementor-accordion-icon elementor-accordion-icon-left\" aria-hidden=\"true\">\n\t\t\t\t\t\t\t\t\t\t\t\t\t\t\t<span class=\"elementor-accordion-icon-closed\"><i class=\"fas fa-plus-circle\"><\/i><\/span>\n\t\t\t\t\t\t\t\t<span class=\"elementor-accordion-icon-opened\"><i class=\"fas fa-minus-circle\"><\/i><\/span>\n\t\t\t\t\t\t\t\t\t\t\t\t\t\t<\/span>\n\t\t\t\t\t\t\t\t\t\t\t\t<a class=\"elementor-accordion-title\" tabindex=\"0\">Diritti d\u2019autore<\/a>\n\t\t\t\t\t<\/h3>\n\t\t\t\t\t<div id=\"elementor-tab-content-1951\" class=\"elementor-tab-content elementor-clearfix\" data-tab=\"1\" role=\"region\" aria-labelledby=\"elementor-tab-title-1951\"><div class=\"elementor-element elementor-element-3a2bbe33 elementor-widget elementor-widget-text-editor\" data-id=\"3a2bbe33\" data-element_type=\"widget\" data-widget_type=\"text-editor.default\"><div class=\"elementor-widget-container\"><div class=\"elementor-text-editor elementor-clearfix\"><ul><li>Senza l\u2019autorizzazione dell\u2019editore, \u00e9 proibita la riproduzione, o rappresentazione, integrale o parziale, delle pagine, dei dati o di ogni altro elemento costitutivo del sito, per qualsiasi iniziativa o intenzione di sorta, altrimenti la si considera una contraffazione.<br \/><br \/><br \/><\/li><li>A questo titolo, i diritti di uso, anche parziali, di quest\u2019opera sono detenuti dal Santuario Nostra Signora di Lourdes.<br \/><br \/><br \/><\/li><li>Questi diritti di uso sono costituiti in particolare dai diritti di riproduzione, di rappresentazione e di utilizzo di tutto ci\u00f2 che costituisce questo sito Internet: testi, clich\u00e9s fotografici, disegni, logo, suoni, sequenze video ecc\u2026<br \/><br \/><br \/><\/li><li>Ogni riproduzione anche parziale, di ogni forma attuale (incisioni, fotografie, grafica su carta o elettronica, micro riproduzione, album, cartoline, modellini, posters, ed altri metodi in particolare audiovisivi ecc\u2026) o futura, \u00e8 strettamente vietato senza un accordo preliminare ed espresso con il Santuario Nostra Signora di Lourdes.<br \/><br \/><br \/><\/li><li>Qualsiasi comunicazione di tutta o parte di un lavoro al pubblico con qualsiasi metodo e mezzo conosciuto e sconosciuto finora, in particolare mediante presentazione e proiezioni pubbliche, diffusione con ogni metodo, in particolare digitale, e trasmissione in un luogo pubblico o privato, \u00e8 vietata senza un accordo preliminare ed espresso con il Santuario Nostra Signora di Lourdes.<br \/><br \/><br \/><\/li><li>Qualsiasi adattamento indipendentemente dalla sua natura di tutto o parte di un lavoro per dare una particolare forma o inquadratura a qualsiasi oggetto o servizio, \u00e8 vietato senza un accordo preliminare ed espresso con il Santuario Nostra Signora di Lourdes.<br \/><br \/><br \/><\/li><li>Il Santuario Nostra Signora di Lourdes non si fa responsabile dei legami iper-testi stabiliti senza il loro accordo con il sito Internet di Lourdes.<br \/><br \/><br \/><\/li><li>Le fotografie sono state realizzate da: Vincent, Lacaze, Durand, Viron, Laera, Dufour.<\/li><\/ul><\/div><\/div><\/div><\/div>\n\t\t\t\t<\/div>\n\t\t\t\t\t\t\t\t<\/div>\n\t\t\t\t\t\t<\/div>\n\t\t\t\t<\/div>\n\t\t\t\t<div class=\"elementor-element elementor-element-3583860 elementor-widget elementor-widget-accordion\" data-id=\"3583860\" data-element_type=\"widget\" data-widget_type=\"accordion.default\">\n\t\t\t\t<div class=\"elementor-widget-container\">\n\t\t\t\t\t\t\t<div class=\"elementor-accordion\">\n\t\t\t\t\t\t\t<div class=\"elementor-accordion-item\">\n\t\t\t\t\t<h3 id=\"elementor-tab-title-5611\" class=\"elementor-tab-title\" data-tab=\"1\" role=\"button\" aria-controls=\"elementor-tab-content-5611\" aria-expanded=\"false\">\n\t\t\t\t\t\t\t\t\t\t\t\t\t<span class=\"elementor-accordion-icon elementor-accordion-icon-left\" aria-hidden=\"true\">\n\t\t\t\t\t\t\t\t\t\t\t\t\t\t\t<span class=\"elementor-accordion-icon-closed\"><i class=\"fas fa-plus-circle\"><\/i><\/span>\n\t\t\t\t\t\t\t\t<span class=\"elementor-accordion-icon-opened\"><i class=\"fas fa-minus-circle\"><\/i><\/span>\n\t\t\t\t\t\t\t\t\t\t\t\t\t\t<\/span>\n\t\t\t\t\t\t\t\t\t\t\t\t<a class=\"elementor-accordion-title\" tabindex=\"0\">Avviso<\/a>\n\t\t\t\t\t<\/h3>\n\t\t\t\t\t<div id=\"elementor-tab-content-5611\" class=\"elementor-tab-content elementor-clearfix\" data-tab=\"1\" role=\"region\" aria-labelledby=\"elementor-tab-title-5611\"><ul><li>Ogni informazione che appare in questo sito \u00e8 puramente indicativa e non pu\u00f2 impegnare la responsabilit\u00e0 dell\u2019editore.<br \/><br \/><br \/><\/li><li>Queste informazioni, che non hanno pretesa di essere esaustive; hanno solo valore indicativo, qualunque sia la loro natura.<br \/><br \/><br \/><\/li><li>Queste informazioni sono suscettibili di modifiche in qualsiasi momento e senza preavviso.<\/li><\/ul><\/div>\n\t\t\t\t<\/div>\n\t\t\t\t\t\t\t\t<\/div>\n\t\t\t\t\t\t<\/div>\n\t\t\t\t<\/div>\n\t\t\t\t<div class=\"elementor-element elementor-element-545cd5d elementor-widget elementor-widget-accordion\" data-id=\"545cd5d\" data-element_type=\"widget\" data-widget_type=\"accordion.default\">\n\t\t\t\t<div class=\"elementor-widget-container\">\n\t\t\t\t\t\t\t<div class=\"elementor-accordion\">\n\t\t\t\t\t\t\t<div class=\"elementor-accordion-item\">\n\t\t\t\t\t<h3 id=\"elementor-tab-title-8841\" class=\"elementor-tab-title\" data-tab=\"1\" role=\"button\" aria-controls=\"elementor-tab-content-8841\" aria-expanded=\"false\">\n\t\t\t\t\t\t\t\t\t\t\t\t\t<span class=\"elementor-accordion-icon elementor-accordion-icon-left\" aria-hidden=\"true\">\n\t\t\t\t\t\t\t\t\t\t\t\t\t\t\t<span class=\"elementor-accordion-icon-closed\"><i class=\"fas fa-plus-circle\"><\/i><\/span>\n\t\t\t\t\t\t\t\t<span class=\"elementor-accordion-icon-opened\"><i class=\"fas fa-minus-circle\"><\/i><\/span>\n\t\t\t\t\t\t\t\t\t\t\t\t\t\t<\/span>\n\t\t\t\t\t\t\t\t\t\t\t\t<a class=\"elementor-accordion-title\" tabindex=\"0\">Legami iper-testo<\/a>\n\t\t\t\t\t<\/h3>\n\t\t\t\t\t<div id=\"elementor-tab-content-8841\" class=\"elementor-tab-content elementor-clearfix\" data-tab=\"1\" role=\"region\" aria-labelledby=\"elementor-tab-title-8841\"><p>La creazione di legami iper-testo verso il nostro sito\u00a0<a href=\"https:\/\/www.lourdes-france.org\/\">www.lourdes-france.com <\/a>\u00e9 sottoposta a un accordo preliminare del direttore della pubblicazione. I legami creati in direzione verso altri siti partendo dalla base del sito\u00a0<a href=\"https:\/\/www.lourdes-france.com\/\" target=\"_blank\" rel=\"noopener\">www.lourdes-france.com <\/a>non ricadono sotto la responsabilit\u00e0 del Santuario.<\/p><\/div>\n\t\t\t\t<\/div>\n\t\t\t\t\t\t\t\t<\/div>\n\t\t\t\t\t\t<\/div>\n\t\t\t\t<\/div>\n\t\t\t\t<div class=\"elementor-element elementor-element-7f6732b elementor-widget elementor-widget-accordion\" data-id=\"7f6732b\" data-element_type=\"widget\" data-widget_type=\"accordion.default\">\n\t\t\t\t<div class=\"elementor-widget-container\">\n\t\t\t\t\t\t\t<div class=\"elementor-accordion\">\n\t\t\t\t\t\t\t<div class=\"elementor-accordion-item\">\n\t\t\t\t\t<h3 id=\"elementor-tab-title-1331\" class=\"elementor-tab-title\" data-tab=\"1\" role=\"button\" aria-controls=\"elementor-tab-content-1331\" aria-expanded=\"false\">\n\t\t\t\t\t\t\t\t\t\t\t\t\t<span class=\"elementor-accordion-icon elementor-accordion-icon-left\" aria-hidden=\"true\">\n\t\t\t\t\t\t\t\t\t\t\t\t\t\t\t<span class=\"elementor-accordion-icon-closed\"><i class=\"fas fa-plus-circle\"><\/i><\/span>\n\t\t\t\t\t\t\t\t<span class=\"elementor-accordion-icon-opened\"><i class=\"fas fa-minus-circle\"><\/i><\/span>\n\t\t\t\t\t\t\t\t\t\t\t\t\t\t<\/span>\n\t\t\t\t\t\t\t\t\t\t\t\t<a class=\"elementor-accordion-title\" tabindex=\"0\">Legge applicabile<\/a>\n\t\t\t\t\t<\/h3>\n\t\t\t\t\t<div id=\"elementor-tab-content-1331\" class=\"elementor-tab-content elementor-clearfix\" data-tab=\"1\" role=\"region\" aria-labelledby=\"elementor-tab-title-1331\"><p>In caso di inosservanza di queste disposizioni, le giurisdizioni francesi saranno le sole competenti e la legge francese sar\u00e0 espressamente la sola applicabile.<\/p><\/div>\n\t\t\t\t<\/div>\n\t\t\t\t\t\t\t\t<\/div>\n\t\t\t\t\t\t<\/div>\n\t\t\t\t<\/div>\n\t\t\t\t<div class=\"elementor-element elementor-element-04f9e4a elementor-widget elementor-widget-spacer\" data-id=\"04f9e4a\" data-element_type=\"widget\" data-widget_type=\"spacer.default\">\n\t\t\t\t<div class=\"elementor-widget-container\">\n\t\t\t\t\t\t\t<div class=\"elementor-spacer\">\n\t\t\t<div class=\"elementor-spacer-inner\"><\/div>\n\t\t<\/div>\n\t\t\t\t\t\t<\/div>\n\t\t\t\t<\/div>\n\t\t\t\t<div class=\"elementor-element elementor-element-431123e elementor-widget elementor-widget-spacer\" data-id=\"431123e\" data-element_type=\"widget\" data-widget_type=\"spacer.default\">\n\t\t\t\t<div class=\"elementor-widget-container\">\n\t\t\t\t\t\t\t<div class=\"elementor-spacer\">\n\t\t\t<div class=\"elementor-spacer-inner\"><\/div>\n\t\t<\/div>\n\t\t\t\t\t\t<\/div>\n\t\t\t\t<\/div>\n\t\t\t\t\t<\/div>\n\t\t<\/div>\n\t\t\t\t\t<\/div>\n\t\t<\/section>\n\t\t\t\t<\/div>\n\t\t","protected":false},"excerpt":{"rendered":"<p>Editore del sito Il sito\u00a0www.lourdes-france.com\u00a0\u00e9 prodotto da l\u2019 EURL Basilique du RosaireCapitale: 1 134 990 euroIndirizzo : 1 av. Monseigneur Th\u00e9as65108 LOURDES CedexRegistrato presso : R.C. S di TARBESNum\u00e9ro : 430 034 801Rappresentante e Gerente : Guillaume DE VULPIANDirettore della &hellip; <a href=\"https:\/\/www.lourdes-france.com\/it\/menzioni-legal-diritti-di-autore\/\">Continua<\/a><\/p>\n","protected":false},"author":3,"featured_media":1806,"parent":0,"menu_order":0,"comment_status":"closed","ping_status":"closed","template":"","meta":{"_acf_changed":false,"footnotes":""},"class_list":["post-781754","page","type-page","status-publish","has-post-thumbnail","hentry"],"acf":[],"yoast_head":"<!-- This site is optimized with the Yoast SEO Premium plugin v24.0 (Yoast SEO v26.3) - https:\/\/yoast.com\/wordpress\/plugins\/seo\/ -->\n<title>Menzioni legal \/ Diritti di autore - Vivre le p\u00e8lerinage de Lourdes<\/title>\n<meta name=\"robots\" content=\"index, follow, max-snippet:-1, max-image-preview:large, max-video-preview:-1\" \/>\n<link rel=\"canonical\" href=\"https:\/\/www.lourdes-france.com\/it\/menzioni-legal-diritti-di-autore\/\" \/>\n<meta property=\"og:locale\" content=\"it_IT\" \/>\n<meta property=\"og:type\" content=\"article\" \/>\n<meta property=\"og:title\" content=\"Menzioni legal \/ Diritti di autore\" \/>\n<meta property=\"og:description\" content=\"Editore del sito Il sito\u00a0www.lourdes-france.com\u00a0\u00e9 prodotto da l\u2019 EURL Basilique du RosaireCapitale: 1 134 990 euroIndirizzo : 1 av. Monseigneur Th\u00e9as65108 LOURDES CedexRegistrato presso : R.C. S di TARBESNum\u00e9ro : 430 034 801Rappresentante e Gerente : Guillaume DE VULPIANDirettore della &hellip; Continua\" \/>\n<meta property=\"og:url\" content=\"https:\/\/www.lourdes-france.com\/it\/menzioni-legal-diritti-di-autore\/\" \/>\n<meta property=\"og:site_name\" content=\"Vivre le p\u00e8lerinage de Lourdes\" \/>\n<meta property=\"article:modified_time\" content=\"2024-08-16T08:42:15+00:00\" \/>\n<meta property=\"og:image\" content=\"https:\/\/www.lourdes-france.com\/wp-content\/uploads\/2021\/09\/2-LaGrottevide-1024x683.jpeg\" \/>\n\t<meta property=\"og:image:width\" content=\"1024\" \/>\n\t<meta property=\"og:image:height\" content=\"683\" \/>\n\t<meta property=\"og:image:type\" content=\"image\/jpeg\" \/>\n<meta name=\"twitter:card\" content=\"summary_large_image\" \/>\n<meta name=\"twitter:label1\" content=\"Tempo di lettura stimato\" \/>\n\t<meta name=\"twitter:data1\" content=\"5 minuti\" \/>\n<script type=\"application\/ld+json\" class=\"yoast-schema-graph\">{\"@context\":\"https:\/\/schema.org\",\"@graph\":[{\"@type\":\"WebPage\",\"@id\":\"https:\/\/www.lourdes-france.com\/it\/menzioni-legal-diritti-di-autore\/\",\"url\":\"https:\/\/www.lourdes-france.com\/it\/menzioni-legal-diritti-di-autore\/\",\"name\":\"Menzioni legal \/ Diritti di autore - Vivre le p\u00e8lerinage de Lourdes\",\"isPartOf\":{\"@id\":\"https:\/\/www.lourdes-france.com\/it\/#website\"},\"primaryImageOfPage\":{\"@id\":\"https:\/\/www.lourdes-france.com\/it\/menzioni-legal-diritti-di-autore\/#primaryimage\"},\"image\":{\"@id\":\"https:\/\/www.lourdes-france.com\/it\/menzioni-legal-diritti-di-autore\/#primaryimage\"},\"thumbnailUrl\":\"https:\/\/www.lourdes-france.com\/wp-content\/uploads\/2021\/09\/2-LaGrottevide-scaled.jpeg\",\"datePublished\":\"2021-12-15T09:10:29+00:00\",\"dateModified\":\"2024-08-16T08:42:15+00:00\",\"breadcrumb\":{\"@id\":\"https:\/\/www.lourdes-france.com\/it\/menzioni-legal-diritti-di-autore\/#breadcrumb\"},\"inLanguage\":\"it-IT\",\"potentialAction\":[{\"@type\":\"ReadAction\",\"target\":[\"https:\/\/www.lourdes-france.com\/it\/menzioni-legal-diritti-di-autore\/\"]}]},{\"@type\":\"ImageObject\",\"inLanguage\":\"it-IT\",\"@id\":\"https:\/\/www.lourdes-france.com\/it\/menzioni-legal-diritti-di-autore\/#primaryimage\",\"url\":\"https:\/\/www.lourdes-france.com\/wp-content\/uploads\/2021\/09\/2-LaGrottevide-scaled.jpeg\",\"contentUrl\":\"https:\/\/www.lourdes-france.com\/wp-content\/uploads\/2021\/09\/2-LaGrottevide-scaled.jpeg\",\"width\":2560,\"height\":1707,\"caption\":\"The grotto\"},{\"@type\":\"BreadcrumbList\",\"@id\":\"https:\/\/www.lourdes-france.com\/it\/menzioni-legal-diritti-di-autore\/#breadcrumb\",\"itemListElement\":[{\"@type\":\"ListItem\",\"position\":1,\"name\":\"Accueil\",\"item\":\"https:\/\/www.lourdes-france.com\/it\/\"},{\"@type\":\"ListItem\",\"position\":2,\"name\":\"Menzioni legal \/ Diritti di autore\"}]},{\"@type\":\"WebSite\",\"@id\":\"https:\/\/www.lourdes-france.com\/it\/#website\",\"url\":\"https:\/\/www.lourdes-france.com\/it\/\",\"name\":\"Sanctuaire Notre-Dame de Lourdes\",\"description\":\"\",\"publisher\":{\"@id\":\"https:\/\/www.lourdes-france.com\/it\/#organization\"},\"potentialAction\":[{\"@type\":\"SearchAction\",\"target\":{\"@type\":\"EntryPoint\",\"urlTemplate\":\"https:\/\/www.lourdes-france.com\/it\/?s={search_term_string}\"},\"query-input\":{\"@type\":\"PropertyValueSpecification\",\"valueRequired\":true,\"valueName\":\"search_term_string\"}}],\"inLanguage\":\"it-IT\"},{\"@type\":\"Organization\",\"@id\":\"https:\/\/www.lourdes-france.com\/it\/#organization\",\"name\":\"Sanctuaire Notre-Dame de Lourdes\",\"url\":\"https:\/\/www.lourdes-france.com\/it\/\",\"logo\":{\"@type\":\"ImageObject\",\"inLanguage\":\"it-IT\",\"@id\":\"https:\/\/www.lourdes-france.com\/it\/#\/schema\/logo\/image\/\",\"url\":\"https:\/\/www.lourdes-france.com\/wp-content\/uploads\/2021\/11\/logo-small.png\",\"contentUrl\":\"https:\/\/www.lourdes-france.com\/wp-content\/uploads\/2021\/11\/logo-small.png\",\"width\":834,\"height\":521,\"caption\":\"Sanctuaire Notre-Dame de Lourdes\"},\"image\":{\"@id\":\"https:\/\/www.lourdes-france.com\/it\/#\/schema\/logo\/image\/\"}}]}<\/script>\n<!-- \/ Yoast SEO Premium plugin. -->","yoast_head_json":{"title":"Menzioni legal \/ Diritti di autore - Vivre le p\u00e8lerinage de Lourdes","robots":{"index":"index","follow":"follow","max-snippet":"max-snippet:-1","max-image-preview":"max-image-preview:large","max-video-preview":"max-video-preview:-1"},"canonical":"https:\/\/www.lourdes-france.com\/it\/menzioni-legal-diritti-di-autore\/","og_locale":"it_IT","og_type":"article","og_title":"Menzioni legal \/ Diritti di autore","og_description":"Editore del sito Il sito\u00a0www.lourdes-france.com\u00a0\u00e9 prodotto da l\u2019 EURL Basilique du RosaireCapitale: 1 134 990 euroIndirizzo : 1 av. Monseigneur Th\u00e9as65108 LOURDES CedexRegistrato presso : R.C. S di TARBESNum\u00e9ro : 430 034 801Rappresentante e Gerente : Guillaume DE VULPIANDirettore della &hellip; Continua","og_url":"https:\/\/www.lourdes-france.com\/it\/menzioni-legal-diritti-di-autore\/","og_site_name":"Vivre le p\u00e8lerinage de Lourdes","article_modified_time":"2024-08-16T08:42:15+00:00","og_image":[{"width":1024,"height":683,"url":"https:\/\/www.lourdes-france.com\/wp-content\/uploads\/2021\/09\/2-LaGrottevide-1024x683.jpeg","type":"image\/jpeg"}],"twitter_card":"summary_large_image","twitter_misc":{"Tempo di lettura stimato":"5 minuti"},"schema":{"@context":"https:\/\/schema.org","@graph":[{"@type":"WebPage","@id":"https:\/\/www.lourdes-france.com\/it\/menzioni-legal-diritti-di-autore\/","url":"https:\/\/www.lourdes-france.com\/it\/menzioni-legal-diritti-di-autore\/","name":"Menzioni legal \/ Diritti di autore - Vivre le p\u00e8lerinage de Lourdes","isPartOf":{"@id":"https:\/\/www.lourdes-france.com\/it\/#website"},"primaryImageOfPage":{"@id":"https:\/\/www.lourdes-france.com\/it\/menzioni-legal-diritti-di-autore\/#primaryimage"},"image":{"@id":"https:\/\/www.lourdes-france.com\/it\/menzioni-legal-diritti-di-autore\/#primaryimage"},"thumbnailUrl":"https:\/\/www.lourdes-france.com\/wp-content\/uploads\/2021\/09\/2-LaGrottevide-scaled.jpeg","datePublished":"2021-12-15T09:10:29+00:00","dateModified":"2024-08-16T08:42:15+00:00","breadcrumb":{"@id":"https:\/\/www.lourdes-france.com\/it\/menzioni-legal-diritti-di-autore\/#breadcrumb"},"inLanguage":"it-IT","potentialAction":[{"@type":"ReadAction","target":["https:\/\/www.lourdes-france.com\/it\/menzioni-legal-diritti-di-autore\/"]}]},{"@type":"ImageObject","inLanguage":"it-IT","@id":"https:\/\/www.lourdes-france.com\/it\/menzioni-legal-diritti-di-autore\/#primaryimage","url":"https:\/\/www.lourdes-france.com\/wp-content\/uploads\/2021\/09\/2-LaGrottevide-scaled.jpeg","contentUrl":"https:\/\/www.lourdes-france.com\/wp-content\/uploads\/2021\/09\/2-LaGrottevide-scaled.jpeg","width":2560,"height":1707,"caption":"The grotto"},{"@type":"BreadcrumbList","@id":"https:\/\/www.lourdes-france.com\/it\/menzioni-legal-diritti-di-autore\/#breadcrumb","itemListElement":[{"@type":"ListItem","position":1,"name":"Accueil","item":"https:\/\/www.lourdes-france.com\/it\/"},{"@type":"ListItem","position":2,"name":"Menzioni legal \/ Diritti di autore"}]},{"@type":"WebSite","@id":"https:\/\/www.lourdes-france.com\/it\/#website","url":"https:\/\/www.lourdes-france.com\/it\/","name":"Sanctuaire Notre-Dame de Lourdes","description":"","publisher":{"@id":"https:\/\/www.lourdes-france.com\/it\/#organization"},"potentialAction":[{"@type":"SearchAction","target":{"@type":"EntryPoint","urlTemplate":"https:\/\/www.lourdes-france.com\/it\/?s={search_term_string}"},"query-input":{"@type":"PropertyValueSpecification","valueRequired":true,"valueName":"search_term_string"}}],"inLanguage":"it-IT"},{"@type":"Organization","@id":"https:\/\/www.lourdes-france.com\/it\/#organization","name":"Sanctuaire Notre-Dame de Lourdes","url":"https:\/\/www.lourdes-france.com\/it\/","logo":{"@type":"ImageObject","inLanguage":"it-IT","@id":"https:\/\/www.lourdes-france.com\/it\/#\/schema\/logo\/image\/","url":"https:\/\/www.lourdes-france.com\/wp-content\/uploads\/2021\/11\/logo-small.png","contentUrl":"https:\/\/www.lourdes-france.com\/wp-content\/uploads\/2021\/11\/logo-small.png","width":834,"height":521,"caption":"Sanctuaire Notre-Dame de Lourdes"},"image":{"@id":"https:\/\/www.lourdes-france.com\/it\/#\/schema\/logo\/image\/"}}]}},"_links":{"self":[{"href":"https:\/\/www.lourdes-france.com\/it\/wp-json\/wp\/v2\/pages\/781754","targetHints":{"allow":["GET"]}}],"collection":[{"href":"https:\/\/www.lourdes-france.com\/it\/wp-json\/wp\/v2\/pages"}],"about":[{"href":"https:\/\/www.lourdes-france.com\/it\/wp-json\/wp\/v2\/types\/page"}],"author":[{"embeddable":true,"href":"https:\/\/www.lourdes-france.com\/it\/wp-json\/wp\/v2\/users\/3"}],"replies":[{"embeddable":true,"href":"https:\/\/www.lourdes-france.com\/it\/wp-json\/wp\/v2\/comments?post=781754"}],"version-history":[{"count":0,"href":"https:\/\/www.lourdes-france.com\/it\/wp-json\/wp\/v2\/pages\/781754\/revisions"}],"wp:featuredmedia":[{"embeddable":true,"href":"https:\/\/www.lourdes-france.com\/it\/wp-json\/wp\/v2\/media\/1806"}],"wp:attachment":[{"href":"https:\/\/www.lourdes-france.com\/it\/wp-json\/wp\/v2\/media?parent=781754"}],"curies":[{"name":"wp","href":"https:\/\/api.w.org\/{rel}","templated":true}]}}