{"id":781664,"date":"2021-10-19T16:25:48","date_gmt":"2021-10-19T14:25:48","guid":{"rendered":"https:\/\/www.lourdes-france.com\/bernadette-soubirous\/"},"modified":"2024-10-01T12:23:36","modified_gmt":"2024-10-01T10:23:36","slug":"bernadette-soubirous","status":"publish","type":"page","link":"https:\/\/www.lourdes-france.com\/it\/bernadette-soubirous\/","title":{"rendered":"Bernadette Soubirous"},"content":{"rendered":"\t\t<div data-elementor-type=\"wp-page\" data-elementor-id=\"781664\" class=\"elementor elementor-781664 elementor-3052\" data-elementor-post-type=\"page\">\n\t\t\t\t\t\t<section class=\"elementor-section elementor-top-section elementor-element elementor-element-18630db elementor-section-full_width elementor-section-stretched elementor-section-height-default elementor-section-height-default\" data-id=\"18630db\" data-element_type=\"section\" data-settings=\"{&quot;stretch_section&quot;:&quot;section-stretched&quot;,&quot;background_background&quot;:&quot;classic&quot;}\">\n\t\t\t\t\t\t\t<div class=\"elementor-background-overlay\"><\/div>\n\t\t\t\t\t\t\t<div class=\"elementor-container elementor-column-gap-default\">\n\t\t\t\t\t<div class=\"elementor-column elementor-col-100 elementor-top-column elementor-element elementor-element-202b180\" data-id=\"202b180\" data-element_type=\"column\">\n\t\t\t<div class=\"elementor-widget-wrap elementor-element-populated\">\n\t\t\t\t\t\t<div class=\"elementor-element elementor-element-1dafeea elementor-widget elementor-widget-heading\" data-id=\"1dafeea\" data-element_type=\"widget\" data-widget_type=\"heading.default\">\n\t\t\t\t<div class=\"elementor-widget-container\">\n\t\t\t\t\t<h2 class=\"elementor-heading-title elementor-size-default\">Bernadette Soubirous<\/h2>\t\t\t\t<\/div>\n\t\t\t\t<\/div>\n\t\t\t\t\t<\/div>\n\t\t<\/div>\n\t\t\t\t\t<\/div>\n\t\t<\/section>\n\t\t\t\t<section class=\"elementor-section elementor-top-section elementor-element elementor-element-8c4e6ca elementor-section-stretched elementor-section-boxed elementor-section-height-default elementor-section-height-default\" data-id=\"8c4e6ca\" data-element_type=\"section\" data-settings=\"{&quot;background_background&quot;:&quot;classic&quot;,&quot;stretch_section&quot;:&quot;section-stretched&quot;}\">\n\t\t\t\t\t\t<div class=\"elementor-container elementor-column-gap-no\">\n\t\t\t\t\t<div class=\"elementor-column elementor-col-100 elementor-top-column elementor-element elementor-element-7bdbc38\" data-id=\"7bdbc38\" data-element_type=\"column\">\n\t\t\t<div class=\"elementor-widget-wrap elementor-element-populated\">\n\t\t\t\t\t\t<div class=\"elementor-element elementor-element-c84c287 elementor-blockquote--skin-quotation elementor-widget elementor-widget-blockquote\" data-id=\"c84c287\" data-element_type=\"widget\" data-widget_type=\"blockquote.default\">\n\t\t\t\t<div class=\"elementor-widget-container\">\n\t\t\t\t\t\t\t<blockquote class=\"elementor-blockquote\">\n\t\t\t<p class=\"elementor-blockquote__content\">\n\t\t\t\t\n\nTutto quel che sappiamo sulle Apparizioni e sul Messaggio di Lourdes ci viene da Bernardette. Soltanto lei ha visto e quindi tutto dipende dalla sua testimonianza. Chi \u00e8 perci\u00f2 Bernadette? Si possono distinguere tre periodi nella sua vita: gli anni silenziosi dell\u2019infanzia; una vita \u201cpubblica\u201d durante il periodo delle Apparizioni; una vita \u201cnascosta\u201d come religiosa a Nevers.\n\t\t\t<\/p>\n\t\t\t\t\t<\/blockquote>\n\t\t\t\t\t\t<\/div>\n\t\t\t\t<\/div>\n\t\t\t\t\t<\/div>\n\t\t<\/div>\n\t\t\t\t\t<\/div>\n\t\t<\/section>\n\t\t\t\t<section class=\"elementor-section elementor-top-section elementor-element elementor-element-1899323 elementor-section-boxed elementor-section-height-default elementor-section-height-default\" data-id=\"1899323\" data-element_type=\"section\">\n\t\t\t\t\t\t<div class=\"elementor-container elementor-column-gap-default\">\n\t\t\t\t\t<div class=\"elementor-column elementor-col-100 elementor-top-column elementor-element elementor-element-3b1e184\" data-id=\"3b1e184\" data-element_type=\"column\">\n\t\t\t<div class=\"elementor-widget-wrap elementor-element-populated\">\n\t\t\t\t\t\t<div class=\"elementor-element elementor-element-52b866e elementor-widget elementor-widget-text-editor\" data-id=\"52b866e\" data-element_type=\"widget\" data-widget_type=\"text-editor.default\">\n\t\t\t\t<div class=\"elementor-widget-container\">\n\t\t\t\t\t\t\t\t\t<div class=\"elementor-element elementor-element-4450a3ba elementor-widget elementor-widget-text-editor\" data-id=\"4450a3ba\" data-element_type=\"widget\" data-widget_type=\"text-editor.default\"><div class=\"elementor-widget-container\"><div class=\"elementor-text-editor elementor-clearfix\"><h3>Gli anni silenziosi<\/h3><\/div><\/div><\/div><div class=\"elementor-element elementor-element-40bbe8f6 elementor-widget elementor-widget-text-editor\" data-id=\"40bbe8f6\" data-element_type=\"widget\" data-widget_type=\"text-editor.default\"><div class=\"elementor-widget-container\"><div class=\"elementor-text-editor elementor-clearfix\"><p>Quando si parla delle Apparizioni, spesso Bernadette \u00e8 presentata come una ragazza povera, malata e ignorante, che viveva in miseria nel Cachot. E\u2019 esatto, ma non \u00e8 sempre stato cos\u00ec. Quando nacque al mulino di Boly, il 7 gennaio 1844, era la primogenita, di Francesco Soubirous e Luisa Cast\u00e9rot, sposati per amore vero. Bernadette cresce in una famiglia unita, nella quale ci si ama e si prega insieme. Trascorrono cos\u00ec 10 anni di grande serenit\u00e0, gli anni decisivi della sua infanzia, che le daranno una stabilit\u00e0 e un equilibrio sorprendenti. Il successivo precipitare nella miseria non canceller\u00e0 in lei questa ricchezza umana. E\u2019 vero anche che Bernadette, a 14 anni, era alta appena 1,40m e soffriva di crisi d\u2019asma. Ma aveva una natura vivace, spontanea, volonterosa, generosa, incapace di mentire. Aveva il suo amor proprio, cosa che far\u00e0 affermare a Madre Vauzou a Nevers: \u00ab Carattere ruvido, molto suscettibile\u00bb. Bernadette si dispiaceva dei suoi difetti, ma con impegno li combatteva: insomma, aveva una forte personalit\u00e0 anche se un po\u2019 rozza. Per lei non c\u2019era possibilit\u00e0 di frequentare la scuola: doveva servire nell\u2019osteria di zia Bernarde o aiutare in casa. Niente catechismo: la sua memoria ribelle non assimilava concetti astratti. A 14 anni, non sapendo leggere n\u00e8 scrivere, viene esclusa e lei ne soffre e reagisce. Nel settembre 1857 viene mandata a Bartr\u00e8s. Il 21 gennaio 1858, Bernadette ritorna a Lourdes: vuol fare la Prima Comunione\u2026 La far\u00e0 il 3 giugno 1858.<\/p><\/div><\/div><\/div><div class=\"elementor-element elementor-element-532178d elementor-widget elementor-widget-text-editor\" data-id=\"532178d\" data-element_type=\"widget\" data-widget_type=\"text-editor.default\"><div class=\"elementor-widget-container\"><div class=\"elementor-text-editor elementor-clearfix\"><h3>\u00a0<\/h3><h3>La vita \u201cpubblica\u201d<\/h3><\/div><\/div><\/div><div class=\"elementor-element elementor-element-f29be70 elementor-widget elementor-widget-text-editor\" data-id=\"f29be70\" data-element_type=\"widget\" data-widget_type=\"text-editor.default\"><div class=\"elementor-widget-container\"><div class=\"elementor-text-editor elementor-clearfix\"><p>Proprio in questo periodo hanno inizio le Apparizioni. Tra le occupazioni della vita ordinaria, come il cercare legna secca, ecco Bernadette a confronto con il mistero. Un rumore \u00ab come un colpo di vento \u00bb, una luce, una presenza. Qual \u00e8 la sua reazione? Dimostra subito buon senso e capacit\u00e0 di notevole discernimento; credendo di sbagliarsi, f\u00e0 uso delle sue facolt\u00e0 umane: guarda, si stropiccia gli occhi, cerca di capire.. Poi, si rivolge alle compagne per accertarsi delle sue impressioni: \u00ab Voi avete visto qualcosa? \u00bb. Immediatamente ricorre a Dio: recita il rosario. Ricorre alla Chiesa e chiede consiglio nella confessione a don Pomian: \u00ab Ho visto qualcosa di bianco che aveva la forma di una signora \u00bb. Interrogata dal commissario Jacomet, risponde con una sicurezza, una prudenza e una convinzione sorprendenti in una ragazza senza istruzione: \u00ab Aquero\u2026 Io non ho detto la Madonna\u2026 Signore, lei ha cambiato tutto \u00bb. Lei racconta con distacco quel che ha visto, con una libert\u00e0 straordinaria: \u00ab Sono incaricata di dirvelo, non di farvelo credere \u00bb.<\/p><p>Parla delle Apparizioni con precisione, senza mai aggiungere n\u00e9 togliere nulla. Una sola volta, atterrita dalla ruvidezza del rev. Peyramale, aggiunge una parola: \u00ab Signor parroco, la Signora chiede sempre la cappella, \u201c anche se piccolina \u201d\u00bb. Nella sua Dichiarazione sulle Apparizioni, Monsignor Laurence sottolinea: \u00ab la semplicit\u00e0, il candore, la modestia di questa ragazza\u2026 racconta tutto senza ostentazione, con una ingenuit\u00e0 toccante\u2026 e, alle tante domande che le sono rivolte, senza esitare da\u2019 risposte nette, precise, fondate su una forte convinzione.\u00bb Insensibile alle minacce come pure ai vantaggi, \u00ab la sincerit\u00e0 di Bernadette \u00e8 inattaccabile: lei non ha voluto ingannare nessuno \u00bb. Ma non si sar\u00e0 auto-ingannata\u2026 non sar\u00e0 vittima di un\u2019allucinazione? \u2013 si chiede il Vescovo? Ricorda allora la calma di Bernadette, il suo buon senso, l\u2019assenza di ogni esaltazione e anche il fatto che le Apparizioni non dipendono da Bernadette: queste avvengono quando Bernadette non se le aspetta, e durante la quindicina, per due volte, quando Bernadette si reca alla Grotta, la Signora non c\u2019\u00e8. In conclusione, Bernadette ha dovuto rispondere ai curiosi, agli ammiratori, ai giornalisti e comparire dinanzi a commissioni d\u2019inchiesta civili e religiose. Eccola ora sottratta dalla nullit\u00e0 e proiettata a dover diventare un personaggio pubblico: \u00ab una vera tempesta mediatica \u00bb si abbatte su lei. Ci sono voluti molta pazienza e umorismo per resistere e preservare la genuinit\u00e0 della sua testimonianza. Non accetta nulla: \u00ab Voglio rimanere povera \u00bb. Non si mette a benedire i rosari che le presentano: \u00ab Io non indosso la stola \u00bb. Non far\u00e0 commercio di medaglie \u00ab Non sono una commerciante \u00bb, e quando le mostrano delle immaginette con il suo ritratto, esclama: \u00ab dieci soldi, \u00e8 tutto quel che valgo! \u00bb In tale situazione, non \u00e8 possibile vivere nel Cachot, bisogna proteggere Bernadette. Il parroco Peyramale e il sindaco Lacad\u00e9 si mettono d\u2019accordo: Bernadette sar\u00e0 accolta come \u00ab indigente malata \u00bb all\u2019Ospizio retto dalle Suore di Nevers; vi arriva il 15 luglio 1860. A 16 anni, inizia a imparare a leggere e scrivere. Si possono ancora vedere, nella chiesa di Bartr\u00e8s, le sue \u00abaste \u00bb tracciate. Successivamente, scriver\u00e0 spesso delle lettere alla famiglia e anche al Papa! Abitando ancora a Lourdes, fa spesso visita alla famiglia che nel frattempo si \u00e8 trasferita nella \u00ab casa paterna \u00bb. Assiste alcuni ammalati, ma soprattutto cerca la propria strada: buona a nulla e senza dote, come potr\u00e0 diventare religiosa? Finalmente pu\u00f2 entrare presso le Suore di Nevers \u00ab perch\u00e8 non mi hanno forzata \u00bb. Da quel momento ha un\u2019idea chiara: \u00ab A Lourdes, la mia missione \u00e8 finita \u00bb. Ora deve annullarsi per lasciare il posto a Maria.<\/p><\/div><\/div><\/div><p>\u00a0<\/p><div class=\"elementor-element elementor-element-27de76bf elementor-widget elementor-widget-text-editor\" data-id=\"27de76bf\" data-element_type=\"widget\" data-widget_type=\"text-editor.default\"><div class=\"elementor-widget-container\"><div class=\"elementor-text-editor elementor-clearfix\"><h3>La vie \u201cnascosta\u201d a Nevers<\/h3><\/div><\/div><\/div><div class=\"elementor-element elementor-element-2bdaf5cd elementor-widget elementor-widget-text-editor\" data-id=\"2bdaf5cd\" data-element_type=\"widget\" data-widget_type=\"text-editor.default\"><div class=\"elementor-widget-container\"><div class=\"elementor-text-editor elementor-clearfix\"><p>Lei stessa us\u00f2 quest\u2019espressione: \u00ab Sono venuta qui per nascondermi \u00bb. A Lourdes, lei era Bernadette, la veggente. A Nevers, diventa suor Marie Bernarde, la santa. Spesso si \u00e8 parlato della severit\u00e0 delle suore verso di lei, ma bisogna capire con esattezza che Bernadette era un caso: bisognava sottrarla alla curiosit\u00e0, proteggerla, e proteggere anche la Congregazione. Bernadette far\u00e0 il racconto delle Apparizioni dinanzi alla comunit\u00e0 delle suore, riunite, il giorno successivo al suo arrivo; poi non dovr\u00e0 pi\u00f9 parlarne. La si tratterr\u00e0 nella Casa Madre mentre lei aspirava a poter accudire i malati. Nel giorno della professione, per lei non \u00e8 prevista nessuna occupazione: allora il Vescovo le assegner\u00e0 \u00ab l\u2019incarico di pregare \u00bb. \u00ab Pregare per i peccatori \u00bb aveva detto la Signora, e lei sar\u00e0 fedele al messaggio: \u00ab Le mie armi, scriver\u00e0 al Papa, sono la preghiera e il sacrificio \u00bb. Le continue malattie faranno di lei un \u201cpilastro dell\u2019infermeria\u201d e poi vi sono le interminabili sessioni al parlatorio: \u00ab Questi poveri Vescovi, farebbero meglio a rimanere a casa loro \u00bb. Lourdes \u00e8 lontanissima\u2026 tornare alla Grotta non accadr\u00e0 mai! Ma tutti i giorni, spiritualmente lei vi compie il suo pellegrinaggio.<\/p><p>Non parla di Lourdes, lo vive. \u00ab Lei deve essere la prima a viverne il messaggio \u00bb le dice P. Douce, il suo confessore. E di fatto, dopo essere stata aiuto infermiera, pian piano entra nella realt\u00e0 di malata. Ne far\u00e0 \u00ab la sua occupazione \u00bb, accettando tutte le croci, per i peccatori, in un atto di amore perfetto: \u00ab Dopo tutto, sono fratelli nostri \u00bb. Durante le lunghe notti insonni, unendosi alle messe che vengono celebrate in tutto il mondo, lei si offre come \u00ab crocifissa vivente \u00bb nell\u2019immenso combattimento delle tenebre e della luce, associata, con Maria, al mistero della Redenzione, con gli occhi fissi sul crocifisso: \u00ab qui attingo la mia forza \u00bb. Muore a Nevers il 16 aprile 1879, a 35 anni. La Chiesa la proclamer\u00e0 santa l\u20198 dicembre 1933, non per essere stata favorita dalle Apparizioni, ma per la maniera con cui vi ha risposto.<\/p><\/div><\/div><\/div>\t\t\t\t\t\t\t\t<\/div>\n\t\t\t\t<\/div>\n\t\t\t\t\t<\/div>\n\t\t<\/div>\n\t\t\t\t\t<\/div>\n\t\t<\/section>\n\t\t\t\t<\/div>\n\t\t","protected":false},"excerpt":{"rendered":"<p>Bernadette Soubirous Tutto quel che sappiamo sulle Apparizioni e sul Messaggio di Lourdes ci viene da Bernardette. Soltanto lei ha visto e quindi tutto dipende dalla sua testimonianza. Chi \u00e8 perci\u00f2 Bernadette? Si possono distinguere tre periodi nella sua vita: &hellip; <a href=\"https:\/\/www.lourdes-france.com\/it\/bernadette-soubirous\/\">Continua<\/a><\/p>\n","protected":false},"author":1,"featured_media":0,"parent":0,"menu_order":0,"comment_status":"closed","ping_status":"closed","template":"","meta":{"_acf_changed":false,"footnotes":""},"class_list":["post-781664","page","type-page","status-publish","hentry"],"acf":[],"yoast_head":"<!-- This site is optimized with the Yoast SEO Premium plugin v24.0 (Yoast SEO v26.3) - https:\/\/yoast.com\/wordpress\/plugins\/seo\/ -->\n<title>Bernadette Soubirous - Vivre le p\u00e8lerinage de Lourdes<\/title>\n<meta name=\"robots\" content=\"index, follow, max-snippet:-1, max-image-preview:large, max-video-preview:-1\" \/>\n<link rel=\"canonical\" href=\"https:\/\/www.lourdes-france.com\/it\/bernadette-soubirous\/\" \/>\n<meta property=\"og:locale\" content=\"it_IT\" \/>\n<meta property=\"og:type\" content=\"article\" \/>\n<meta property=\"og:title\" content=\"Bernadette Soubirous\" \/>\n<meta property=\"og:description\" content=\"Bernadette Soubirous Tutto quel che sappiamo sulle Apparizioni e sul Messaggio di Lourdes ci viene da Bernardette. Soltanto lei ha visto e quindi tutto dipende dalla sua testimonianza. Chi \u00e8 perci\u00f2 Bernadette? Si possono distinguere tre periodi nella sua vita: &hellip; Continua\" \/>\n<meta property=\"og:url\" content=\"https:\/\/www.lourdes-france.com\/it\/bernadette-soubirous\/\" \/>\n<meta property=\"og:site_name\" content=\"Vivre le p\u00e8lerinage de Lourdes\" \/>\n<meta property=\"article:modified_time\" content=\"2024-10-01T10:23:36+00:00\" \/>\n<meta property=\"og:image\" content=\"https:\/\/www.lourdes-france.com\/wp-content\/uploads\/2022\/12\/bernadette_mise-en-avant_img-1024x653.jpg\" \/>\n<meta name=\"twitter:card\" content=\"summary_large_image\" \/>\n<meta name=\"twitter:label1\" content=\"Tempo di lettura stimato\" \/>\n\t<meta name=\"twitter:data1\" content=\"13 minuti\" \/>\n<script type=\"application\/ld+json\" class=\"yoast-schema-graph\">{\"@context\":\"https:\/\/schema.org\",\"@graph\":[{\"@type\":\"WebPage\",\"@id\":\"https:\/\/www.lourdes-france.com\/it\/bernadette-soubirous\/\",\"url\":\"https:\/\/www.lourdes-france.com\/it\/bernadette-soubirous\/\",\"name\":\"Bernadette Soubirous - Vivre le p\u00e8lerinage de Lourdes\",\"isPartOf\":{\"@id\":\"https:\/\/www.lourdes-france.com\/it\/#website\"},\"datePublished\":\"2021-10-19T14:25:48+00:00\",\"dateModified\":\"2024-10-01T10:23:36+00:00\",\"breadcrumb\":{\"@id\":\"https:\/\/www.lourdes-france.com\/it\/bernadette-soubirous\/#breadcrumb\"},\"inLanguage\":\"it-IT\",\"potentialAction\":[{\"@type\":\"ReadAction\",\"target\":[\"https:\/\/www.lourdes-france.com\/it\/bernadette-soubirous\/\"]}]},{\"@type\":\"BreadcrumbList\",\"@id\":\"https:\/\/www.lourdes-france.com\/it\/bernadette-soubirous\/#breadcrumb\",\"itemListElement\":[{\"@type\":\"ListItem\",\"position\":1,\"name\":\"Accueil\",\"item\":\"https:\/\/www.lourdes-france.com\/it\/\"},{\"@type\":\"ListItem\",\"position\":2,\"name\":\"Bernadette Soubirous\"}]},{\"@type\":\"WebSite\",\"@id\":\"https:\/\/www.lourdes-france.com\/it\/#website\",\"url\":\"https:\/\/www.lourdes-france.com\/it\/\",\"name\":\"Sanctuaire Notre-Dame de Lourdes\",\"description\":\"\",\"publisher\":{\"@id\":\"https:\/\/www.lourdes-france.com\/it\/#organization\"},\"potentialAction\":[{\"@type\":\"SearchAction\",\"target\":{\"@type\":\"EntryPoint\",\"urlTemplate\":\"https:\/\/www.lourdes-france.com\/it\/?s={search_term_string}\"},\"query-input\":{\"@type\":\"PropertyValueSpecification\",\"valueRequired\":true,\"valueName\":\"search_term_string\"}}],\"inLanguage\":\"it-IT\"},{\"@type\":\"Organization\",\"@id\":\"https:\/\/www.lourdes-france.com\/it\/#organization\",\"name\":\"Sanctuaire Notre-Dame de Lourdes\",\"url\":\"https:\/\/www.lourdes-france.com\/it\/\",\"logo\":{\"@type\":\"ImageObject\",\"inLanguage\":\"it-IT\",\"@id\":\"https:\/\/www.lourdes-france.com\/it\/#\/schema\/logo\/image\/\",\"url\":\"https:\/\/www.lourdes-france.com\/wp-content\/uploads\/2021\/11\/logo-small.png\",\"contentUrl\":\"https:\/\/www.lourdes-france.com\/wp-content\/uploads\/2021\/11\/logo-small.png\",\"width\":834,\"height\":521,\"caption\":\"Sanctuaire Notre-Dame de Lourdes\"},\"image\":{\"@id\":\"https:\/\/www.lourdes-france.com\/it\/#\/schema\/logo\/image\/\"}}]}<\/script>\n<!-- \/ Yoast SEO Premium plugin. -->","yoast_head_json":{"title":"Bernadette Soubirous - Vivre le p\u00e8lerinage de Lourdes","robots":{"index":"index","follow":"follow","max-snippet":"max-snippet:-1","max-image-preview":"max-image-preview:large","max-video-preview":"max-video-preview:-1"},"canonical":"https:\/\/www.lourdes-france.com\/it\/bernadette-soubirous\/","og_locale":"it_IT","og_type":"article","og_title":"Bernadette Soubirous","og_description":"Bernadette Soubirous Tutto quel che sappiamo sulle Apparizioni e sul Messaggio di Lourdes ci viene da Bernardette. Soltanto lei ha visto e quindi tutto dipende dalla sua testimonianza. Chi \u00e8 perci\u00f2 Bernadette? Si possono distinguere tre periodi nella sua vita: &hellip; Continua","og_url":"https:\/\/www.lourdes-france.com\/it\/bernadette-soubirous\/","og_site_name":"Vivre le p\u00e8lerinage de Lourdes","article_modified_time":"2024-10-01T10:23:36+00:00","og_image":[{"url":"https:\/\/www.lourdes-france.com\/wp-content\/uploads\/2022\/12\/bernadette_mise-en-avant_img-1024x653.jpg","type":"","width":"","height":""}],"twitter_card":"summary_large_image","twitter_misc":{"Tempo di lettura stimato":"13 minuti"},"schema":{"@context":"https:\/\/schema.org","@graph":[{"@type":"WebPage","@id":"https:\/\/www.lourdes-france.com\/it\/bernadette-soubirous\/","url":"https:\/\/www.lourdes-france.com\/it\/bernadette-soubirous\/","name":"Bernadette Soubirous - Vivre le p\u00e8lerinage de Lourdes","isPartOf":{"@id":"https:\/\/www.lourdes-france.com\/it\/#website"},"datePublished":"2021-10-19T14:25:48+00:00","dateModified":"2024-10-01T10:23:36+00:00","breadcrumb":{"@id":"https:\/\/www.lourdes-france.com\/it\/bernadette-soubirous\/#breadcrumb"},"inLanguage":"it-IT","potentialAction":[{"@type":"ReadAction","target":["https:\/\/www.lourdes-france.com\/it\/bernadette-soubirous\/"]}]},{"@type":"BreadcrumbList","@id":"https:\/\/www.lourdes-france.com\/it\/bernadette-soubirous\/#breadcrumb","itemListElement":[{"@type":"ListItem","position":1,"name":"Accueil","item":"https:\/\/www.lourdes-france.com\/it\/"},{"@type":"ListItem","position":2,"name":"Bernadette Soubirous"}]},{"@type":"WebSite","@id":"https:\/\/www.lourdes-france.com\/it\/#website","url":"https:\/\/www.lourdes-france.com\/it\/","name":"Sanctuaire Notre-Dame de Lourdes","description":"","publisher":{"@id":"https:\/\/www.lourdes-france.com\/it\/#organization"},"potentialAction":[{"@type":"SearchAction","target":{"@type":"EntryPoint","urlTemplate":"https:\/\/www.lourdes-france.com\/it\/?s={search_term_string}"},"query-input":{"@type":"PropertyValueSpecification","valueRequired":true,"valueName":"search_term_string"}}],"inLanguage":"it-IT"},{"@type":"Organization","@id":"https:\/\/www.lourdes-france.com\/it\/#organization","name":"Sanctuaire Notre-Dame de Lourdes","url":"https:\/\/www.lourdes-france.com\/it\/","logo":{"@type":"ImageObject","inLanguage":"it-IT","@id":"https:\/\/www.lourdes-france.com\/it\/#\/schema\/logo\/image\/","url":"https:\/\/www.lourdes-france.com\/wp-content\/uploads\/2021\/11\/logo-small.png","contentUrl":"https:\/\/www.lourdes-france.com\/wp-content\/uploads\/2021\/11\/logo-small.png","width":834,"height":521,"caption":"Sanctuaire Notre-Dame de Lourdes"},"image":{"@id":"https:\/\/www.lourdes-france.com\/it\/#\/schema\/logo\/image\/"}}]}},"_links":{"self":[{"href":"https:\/\/www.lourdes-france.com\/it\/wp-json\/wp\/v2\/pages\/781664","targetHints":{"allow":["GET"]}}],"collection":[{"href":"https:\/\/www.lourdes-france.com\/it\/wp-json\/wp\/v2\/pages"}],"about":[{"href":"https:\/\/www.lourdes-france.com\/it\/wp-json\/wp\/v2\/types\/page"}],"author":[{"embeddable":true,"href":"https:\/\/www.lourdes-france.com\/it\/wp-json\/wp\/v2\/users\/1"}],"replies":[{"embeddable":true,"href":"https:\/\/www.lourdes-france.com\/it\/wp-json\/wp\/v2\/comments?post=781664"}],"version-history":[{"count":0,"href":"https:\/\/www.lourdes-france.com\/it\/wp-json\/wp\/v2\/pages\/781664\/revisions"}],"wp:attachment":[{"href":"https:\/\/www.lourdes-france.com\/it\/wp-json\/wp\/v2\/media?parent=781664"}],"curies":[{"name":"wp","href":"https:\/\/api.w.org\/{rel}","templated":true}]}}