{"id":781655,"date":"2021-11-12T14:41:13","date_gmt":"2021-11-12T13:41:13","guid":{"rendered":"https:\/\/www.lourdes-france.com\/les-apparitions-de-lourdes\/"},"modified":"2024-08-16T10:42:04","modified_gmt":"2024-08-16T08:42:04","slug":"le-apparizioni","status":"publish","type":"page","link":"https:\/\/www.lourdes-france.com\/it\/le-apparizioni\/","title":{"rendered":"Le apparizioni"},"content":{"rendered":"\t\t<div data-elementor-type=\"wp-page\" data-elementor-id=\"781655\" class=\"elementor elementor-781655 elementor-3294\" data-elementor-post-type=\"page\">\n\t\t\t\t\t\t<section class=\"elementor-section elementor-top-section elementor-element elementor-element-f6bfdb0 elementor-section-boxed elementor-section-height-default elementor-section-height-default\" data-id=\"f6bfdb0\" data-element_type=\"section\">\n\t\t\t\t\t\t<div class=\"elementor-container elementor-column-gap-default\">\n\t\t\t\t\t<div class=\"elementor-column elementor-col-100 elementor-top-column elementor-element elementor-element-1cfb794\" data-id=\"1cfb794\" data-element_type=\"column\">\n\t\t\t<div class=\"elementor-widget-wrap elementor-element-populated\">\n\t\t\t\t\t\t<div class=\"elementor-element elementor-element-71bea09 elementor-widget elementor-widget-spacer\" data-id=\"71bea09\" data-element_type=\"widget\" data-widget_type=\"spacer.default\">\n\t\t\t\t<div class=\"elementor-widget-container\">\n\t\t\t\t\t\t\t<div class=\"elementor-spacer\">\n\t\t\t<div class=\"elementor-spacer-inner\"><\/div>\n\t\t<\/div>\n\t\t\t\t\t\t<\/div>\n\t\t\t\t<\/div>\n\t\t\t\t<div class=\"elementor-element elementor-element-a65fa25 elementor-widget elementor-widget-text-editor\" data-id=\"a65fa25\" data-element_type=\"widget\" data-widget_type=\"text-editor.default\">\n\t\t\t\t<div class=\"elementor-widget-container\">\n\t\t\t\t\t\t\t\t\t<section class=\"elementor-section elementor-top-section elementor-element elementor-element-2119237e elementor-section-boxed elementor-section-height-default elementor-section-height-default\" data-id=\"2119237e\" data-element_type=\"section\"><div class=\"elementor-container elementor-column-gap-no\"><div class=\"elementor-row\"><div class=\"elementor-column elementor-col-100 elementor-top-column elementor-element elementor-element-371e3a8f\" data-id=\"371e3a8f\" data-element_type=\"column\"><div class=\"elementor-column-wrap elementor-element-populated\"><div class=\"elementor-widget-wrap\"><h3>Gioved\u00ec 11 febbraio 1858: l\u2019incontro<\/h3><p>\u00a0<\/p><p>Prima apparizione. Accompagnata da sua sorella e da un\u2019amica, Bernardette si reca a Massabielle, lungo il Gave, per raccogliere ossa e legna secca. Mentre si sta togliendo le calze per attraversare il fiume, sente un rumore che somigliava ad un colpo di vento, essa alza la testa verso la Grotta : \u201d Ho visto una signora vestita di bianco. Indossava un abito bianco, un velo bianco, una cintura blu ed una rosa gialla su ogni piede\u201d. Fa il segno della croce e recita il rosario con la Signora. Terminata la preghiera, la Signora scompare bruscamente.<\/p><h3>Domenica 14 febbraio 1858: la acqua benedetta<\/h3><p>\u00a0<\/p><p>Seconda apparizione. Bernardette sente una forza interna che la spinge a tornare alla Grotta nonostante il divieto dei suoi genitori. Dopo molta insistenza, la madre glielo permette. Dopo la prima decina del rosario, vede apparire la stessa Signora. Le getta dell\u2019acqua benedetta. La Signora sorride ed inchina la testa. Finita la preghiera del rosario, scompare.<\/p><h3>Giovedi 18 febbraio 1858 : la signora parla<\/h3><p>\u00a0<\/p><p>Terza apparizione. Per la prima volta, la Signora parla. Bernardette Le porge una penna e un pezzo di carta e Le chiede di scrivere il suo nome. Lei le risponde: \u201cNon \u00e8 necessario\u201d, ed aggiunge: \u201cNon ti prometto di renderti felice in questo mondo ma nell\u2019altro. Potete avere la gentilezza di venire qui per quindici giorni? \u201c<\/p><br \/><h3>Venerdi 19 febbraio 1858 : apparizione breve e silenziosa<\/h3><p>\u00a0<\/p><p>Quarta apparizione. Bernardette va alla Grotta con una candela benedetta ed accesa. \u00c8 da questo gesto che \u00e8 sorta l\u2019abitudine di portare candele ed accenderle dinanzi alla Grotta.<\/p><h3>Sabato 20 febbraio 1858 : nel silenzio<\/h3><p>\u00a0<\/p><p>Quinta apparizione. La Signora le ha insegnato una preghiera personale. Alla fine della visione, una grande tristezza invade Bernardette.<\/p><h3>Domenica 21 febbraio 1858: \u201cAquero\u201d<\/h3><p>\u00a0<\/p><p>Sesta apparizione. La Signora si presenta a Bernardette la mattina presto. Un centinaio di persone l\u2019accompagna. In seguito \u00e8 interrogata dal commissario di polizia, Jacomet, il quale vuole che Bernadette gli racconti tutto ci\u00f2 che ha visto. Ma lei gli parler\u00e0 soltanto di \u201cAquero\u201d ( Quella)<\/p><h3>Martedi 23 febbraio 1858: il segreto<\/h3><p>\u00a0<\/p><p>Settima apparizione. Circondata da centocinquanta persone, Bernardette si reca alla Grotta. L\u2019Apparizione le rivela un segreto \u201csolamente per se stessa\u201d.<\/p><h3>Mercoledi 24 febbraio 1858: \u00abPenitenza!\u00bb<\/h3><p>\u00a0<\/p><p>Ottava apparizione. Messaggio della Signora: \u201cPenitenza! Penitenza! Penitenza! Pregate Dio per i peccatori! Bacerete la terra in espiazione dei peccatori !\u201d<\/p><h3>Giovedi 25 febbraio 1858 : la sorgente<\/h3><p>\u00a0<\/p><p>Nona apparizione. Trecento persone sono presenti. Bernardetta dice: \u201cLei mi ha detto di andare a bere alla fonte (\u2026). Trovai soltanto un po\u2019 di acqua fangosa. Alla quarta prova potei bere. Lei mi ha fatto anche mangiare dell\u2019erba che si trovava vicino alla sorgente. Quindi la visione scomparve. E poi me ne andai.\u201d Dinanzi alla folla che le dice: \u201cSai che ti credono pazza facendo cose simili?\u201d Lei risponde soltanto: \u201c\u00c8 per i peccatori.\u201d<\/p><h3>Sabato 27 febbraio 1858 : silenzio<\/h3><p>\u00a0<\/p><p>Decima apparizione. Ottocento persone sono presenti. L\u2019Apparizione \u00e8 silenziosa. Bernardette beve l\u2019acqua della fonte e compie i gesti abituali di penitenza.<\/p><h3>Domenica 28 febbraio 1858: estasi<\/h3><p>\u00a0<\/p><p>Undicesima apparizione. Pi\u00f9 di mille persone assistono all\u2019estasi. Bernardetta prega, bacia la terra e cammina con le ginocchia in segno di penitenza. E\u2019 subito condotta a casa del giudice Ribes che minaccia di metterla in prigione.<\/p><h3>Lunedi 1\u00b0 marzo 1858: primo miracolo<\/h3><p>\u00a0<\/p><p>Dodicesima apparizione. Pi\u00f9 di millecinquecento persone sono raccolte e fra esse, per la prima volta, un sacerdote. Nella notte, Caterina Latapie, di Loubajac, si reca alla Grotta, immerge il suo braccio slogato nell\u2019acqua della fonte: il suo braccio e la sua mano ritrovano la loro mobilit\u00e0.<\/p><h3>Martedi 2 marzo 1858: messaggio ai sacerdoti<\/h3><p>\u00a0<\/p><p>Tredicesima apparizione. La folla aumenta sempre di pi\u00f9. La Signora le dice: \u201cDite ai sacerdoti che si venga qui in processione e che si construisca una cappella.\u201d Bernardete ne parla al sacerdote Peyramale, parroco di Lourdes. Quest\u2019ultimo non vuole sapere che una cosa: il nome della Signora. In pi\u00f9 esige una prova: veder fiorire il roseto (o rosa canina) della Grotta in pieno inverno.<\/p><h3>Mercoledi 3 marzo 1858: un sorriso<\/h3><p>\u00a0<\/p><p>Quattordicesima apparizione. Bernardette si reca alla Grotta gi\u00e0 alle 7 del mattino, in presenza di tremila persone, ma la visione non viene! Dopo la scuola, sente l\u2019invito interiore della Signora. Si reca alla Grotta e Le chiede il Suo nome. La risposta \u00e8 un sorriso. Il parroco Peyramale le ripete: \u201cSe la Signora desidera realmente una cappella, che dica il suo nome e che faccia fiorire il roseto della Grotta\u201d.<\/p><h3>Giovedi 4 marzo 1858: circa 8 000 persone<\/h3><p>\u00a0<\/p><p>Quindicesima apparizione. La folla sempre pi\u00f9 numerosa (circa ottomila persone) attende un miracolo alla fine di questa quindicina. La visione \u00e8 silenziosa Il parroco Peyramale resta sulla sua posizione. Per i successivi 20 giorni, Bernardette non si recher\u00e0 pi\u00f9 alla Grotta, non sentendo pi\u00f9 l\u2019invito irresistibile.<\/p><br \/><h3>Giovedi 25 marzo 1858: il nome che si attendeva!<\/h3><p>\u00a0<\/p><p>Sedicesima apparizione. La Visione rivela infine il Suo nome, ma il roseto (di rosa canina) sul quale la Visione pone i piedi nel corso delle Sue apparizioni, non fiorisce. Bernardette dice: \u201cLei alzo\u2019 gli occhi al cielo, unendo, in segno di prehiera, le sue mani che erano tese ed aperte verso la terra, mi desse: \u201cQue soy era Immaculada Councepciou.\u201d La giovane veggente parte correndo e ripete continuamente, durante il cammino, queste parole che lei non comprende. Parole che invece impressionano e commuovono il burbero parroco. Bernardette ignorava quest\u2019espressione teologica che descriveva la Santa Vergine. Solo quattro anni prima, nel 1854, papa Pio IX ne aveva fatto una verit\u00e0 (un dogma) della fede cattolica.<\/p><h3>Mercoledi 7 aprile 1858: il miracolo della candela<\/h3><p>\u00a0<\/p><p>Diciassettesima apparizione. Durante questa apparizione, Bernardette tiene la sua candela accesa. La fiamma circond\u00f2 lungamente la sua mano senza bruciarla. Questo fatto \u00e8 immediatamente constatato da un medico presente tra la folla, il medico Douzous.<\/p><h3>Venerdi 16 luglio 1858: ultima apparizione<\/h3><p>\u00a0<\/p><p>Diciottesima apparizione. Bernardette sente il misterioso appello alla Grotta, ma l\u2019accesso \u00e8 vietato ed \u00e9 reso impssibile da una inferriata. Si reca dunque di fronte la Grotta, dell\u2019altro lato del Gave, nella prateria. \u201cMi sembrava di essere dinanzi alla Grotta, alla stessa distanza delle altre volte, io vedevo soltanto la Vergine, non l\u2019ho mai vista cos\u00ec bella!\u201d<\/p><\/div><\/div><\/div><\/div><\/div><\/section>\t\t\t\t\t\t\t\t<\/div>\n\t\t\t\t<\/div>\n\t\t\t\t<div class=\"elementor-element elementor-element-c470a4d elementor-widget elementor-widget-image\" data-id=\"c470a4d\" data-element_type=\"widget\" data-widget_type=\"image.default\">\n\t\t\t\t<div class=\"elementor-widget-container\">\n\t\t\t\t\t\t\t\t\t\t\t\t\t\t\t<img fetchpriority=\"high\" decoding=\"async\" width=\"1200\" height=\"800\" src=\"https:\/\/www.lourdes-france.com\/wp-content\/uploads\/2021\/11\/gemail-ok.jpg\" class=\"attachment-full size-full wp-image-3301\" alt=\"\" srcset=\"https:\/\/www.lourdes-france.com\/wp-content\/uploads\/2021\/11\/gemail-ok.jpg 1200w, https:\/\/www.lourdes-france.com\/wp-content\/uploads\/2021\/11\/gemail-ok-300x200.jpg 300w, https:\/\/www.lourdes-france.com\/wp-content\/uploads\/2021\/11\/gemail-ok-1024x683.jpg 1024w, https:\/\/www.lourdes-france.com\/wp-content\/uploads\/2021\/11\/gemail-ok-768x512.jpg 768w\" sizes=\"(max-width: 1200px) 100vw, 1200px\" \/>\t\t\t\t\t\t\t\t\t\t\t\t\t\t\t<\/div>\n\t\t\t\t<\/div>\n\t\t\t\t\t<\/div>\n\t\t<\/div>\n\t\t\t\t\t<\/div>\n\t\t<\/section>\n\t\t\t\t<\/div>\n\t\t","protected":false},"excerpt":{"rendered":"<p>Gioved\u00ec 11 febbraio 1858: l\u2019incontro \u00a0 Prima apparizione. Accompagnata da sua sorella e da un\u2019amica, Bernardette si reca a Massabielle, lungo il Gave, per raccogliere ossa e legna secca. Mentre si sta togliendo le calze per attraversare il fiume, sente &hellip; <a href=\"https:\/\/www.lourdes-france.com\/it\/le-apparizioni\/\">Continua<\/a><\/p>\n","protected":false},"author":2,"featured_media":3354,"parent":0,"menu_order":0,"comment_status":"closed","ping_status":"closed","template":"","meta":{"_acf_changed":false,"footnotes":""},"class_list":["post-781655","page","type-page","status-publish","has-post-thumbnail","hentry"],"acf":[],"yoast_head":"<!-- This site is optimized with the Yoast SEO Premium plugin v24.0 (Yoast SEO v26.3) - https:\/\/yoast.com\/wordpress\/plugins\/seo\/ -->\n<title>Les Apparitions de Lourdes - Vivre le p\u00e8lerinage de Lourdes<\/title>\n<meta name=\"description\" content=\"Le r\u00e9cit des apparitions de Marie \u00e0 Bernadette Soubirous, du 11 f\u00e9vrier au 16 juillet 1858. Le 25 mars l&#039;apparition se r\u00e9v\u00e8le \u00eatre &quot;l&#039;Immacul\u00e9e Conception&quot;.\" \/>\n<meta name=\"robots\" content=\"index, follow, max-snippet:-1, max-image-preview:large, max-video-preview:-1\" \/>\n<link rel=\"canonical\" href=\"https:\/\/www.lourdes-france.com\/it\/le-apparizioni\/\" \/>\n<meta property=\"og:locale\" content=\"it_IT\" \/>\n<meta property=\"og:type\" content=\"article\" \/>\n<meta property=\"og:title\" content=\"Le apparizioni\" \/>\n<meta property=\"og:description\" content=\"Le r\u00e9cit des apparitions de Marie \u00e0 Bernadette Soubirous, du 11 f\u00e9vrier au 16 juillet 1858. Le 25 mars l&#039;apparition se r\u00e9v\u00e8le \u00eatre &quot;l&#039;Immacul\u00e9e Conception&quot;.\" \/>\n<meta property=\"og:url\" content=\"https:\/\/www.lourdes-france.com\/it\/le-apparizioni\/\" \/>\n<meta property=\"og:site_name\" content=\"Vivre le p\u00e8lerinage de Lourdes\" \/>\n<meta property=\"article:modified_time\" content=\"2024-08-16T08:42:04+00:00\" \/>\n<meta property=\"og:image\" content=\"https:\/\/www.lourdes-france.com\/wp-content\/uploads\/2021\/11\/grotte-apparition_mise-en-avant-1.jpg\" \/>\n\t<meta property=\"og:image:width\" content=\"2362\" \/>\n\t<meta property=\"og:image:height\" content=\"1507\" \/>\n\t<meta property=\"og:image:type\" content=\"image\/jpeg\" \/>\n<meta name=\"twitter:card\" content=\"summary_large_image\" \/>\n<meta name=\"twitter:label1\" content=\"Tempo di lettura stimato\" \/>\n\t<meta name=\"twitter:data1\" content=\"1 minuto\" \/>\n<script type=\"application\/ld+json\" class=\"yoast-schema-graph\">{\"@context\":\"https:\/\/schema.org\",\"@graph\":[{\"@type\":\"WebPage\",\"@id\":\"https:\/\/www.lourdes-france.com\/it\/le-apparizioni\/\",\"url\":\"https:\/\/www.lourdes-france.com\/it\/le-apparizioni\/\",\"name\":\"Les Apparitions de Lourdes - Vivre le p\u00e8lerinage de Lourdes\",\"isPartOf\":{\"@id\":\"https:\/\/www.lourdes-france.com\/it\/#website\"},\"primaryImageOfPage\":{\"@id\":\"https:\/\/www.lourdes-france.com\/it\/le-apparizioni\/#primaryimage\"},\"image\":{\"@id\":\"https:\/\/www.lourdes-france.com\/it\/le-apparizioni\/#primaryimage\"},\"thumbnailUrl\":\"https:\/\/www.lourdes-france.com\/wp-content\/uploads\/2021\/11\/grotte-apparition_mise-en-avant-1.jpg\",\"datePublished\":\"2021-11-12T13:41:13+00:00\",\"dateModified\":\"2024-08-16T08:42:04+00:00\",\"description\":\"Le r\u00e9cit des apparitions de Marie \u00e0 Bernadette Soubirous, du 11 f\u00e9vrier au 16 juillet 1858. Le 25 mars l'apparition se r\u00e9v\u00e8le \u00eatre \\\"l'Immacul\u00e9e Conception\\\".\",\"breadcrumb\":{\"@id\":\"https:\/\/www.lourdes-france.com\/it\/le-apparizioni\/#breadcrumb\"},\"inLanguage\":\"it-IT\",\"potentialAction\":[{\"@type\":\"ReadAction\",\"target\":[\"https:\/\/www.lourdes-france.com\/it\/le-apparizioni\/\"]}]},{\"@type\":\"ImageObject\",\"inLanguage\":\"it-IT\",\"@id\":\"https:\/\/www.lourdes-france.com\/it\/le-apparizioni\/#primaryimage\",\"url\":\"https:\/\/www.lourdes-france.com\/wp-content\/uploads\/2021\/11\/grotte-apparition_mise-en-avant-1.jpg\",\"contentUrl\":\"https:\/\/www.lourdes-france.com\/wp-content\/uploads\/2021\/11\/grotte-apparition_mise-en-avant-1.jpg\",\"width\":2362,\"height\":1507},{\"@type\":\"BreadcrumbList\",\"@id\":\"https:\/\/www.lourdes-france.com\/it\/le-apparizioni\/#breadcrumb\",\"itemListElement\":[{\"@type\":\"ListItem\",\"position\":1,\"name\":\"Accueil\",\"item\":\"https:\/\/www.lourdes-france.com\/it\/\"},{\"@type\":\"ListItem\",\"position\":2,\"name\":\"Le apparizioni\"}]},{\"@type\":\"WebSite\",\"@id\":\"https:\/\/www.lourdes-france.com\/it\/#website\",\"url\":\"https:\/\/www.lourdes-france.com\/it\/\",\"name\":\"Sanctuaire Notre-Dame de Lourdes\",\"description\":\"\",\"publisher\":{\"@id\":\"https:\/\/www.lourdes-france.com\/it\/#organization\"},\"potentialAction\":[{\"@type\":\"SearchAction\",\"target\":{\"@type\":\"EntryPoint\",\"urlTemplate\":\"https:\/\/www.lourdes-france.com\/it\/?s={search_term_string}\"},\"query-input\":{\"@type\":\"PropertyValueSpecification\",\"valueRequired\":true,\"valueName\":\"search_term_string\"}}],\"inLanguage\":\"it-IT\"},{\"@type\":\"Organization\",\"@id\":\"https:\/\/www.lourdes-france.com\/it\/#organization\",\"name\":\"Sanctuaire Notre-Dame de Lourdes\",\"url\":\"https:\/\/www.lourdes-france.com\/it\/\",\"logo\":{\"@type\":\"ImageObject\",\"inLanguage\":\"it-IT\",\"@id\":\"https:\/\/www.lourdes-france.com\/it\/#\/schema\/logo\/image\/\",\"url\":\"https:\/\/www.lourdes-france.com\/wp-content\/uploads\/2021\/11\/logo-small.png\",\"contentUrl\":\"https:\/\/www.lourdes-france.com\/wp-content\/uploads\/2021\/11\/logo-small.png\",\"width\":834,\"height\":521,\"caption\":\"Sanctuaire Notre-Dame de Lourdes\"},\"image\":{\"@id\":\"https:\/\/www.lourdes-france.com\/it\/#\/schema\/logo\/image\/\"}}]}<\/script>\n<!-- \/ Yoast SEO Premium plugin. -->","yoast_head_json":{"title":"Les Apparitions de Lourdes - Vivre le p\u00e8lerinage de Lourdes","description":"Le r\u00e9cit des apparitions de Marie \u00e0 Bernadette Soubirous, du 11 f\u00e9vrier au 16 juillet 1858. Le 25 mars l'apparition se r\u00e9v\u00e8le \u00eatre \"l'Immacul\u00e9e Conception\".","robots":{"index":"index","follow":"follow","max-snippet":"max-snippet:-1","max-image-preview":"max-image-preview:large","max-video-preview":"max-video-preview:-1"},"canonical":"https:\/\/www.lourdes-france.com\/it\/le-apparizioni\/","og_locale":"it_IT","og_type":"article","og_title":"Le apparizioni","og_description":"Le r\u00e9cit des apparitions de Marie \u00e0 Bernadette Soubirous, du 11 f\u00e9vrier au 16 juillet 1858. Le 25 mars l'apparition se r\u00e9v\u00e8le \u00eatre \"l'Immacul\u00e9e Conception\".","og_url":"https:\/\/www.lourdes-france.com\/it\/le-apparizioni\/","og_site_name":"Vivre le p\u00e8lerinage de Lourdes","article_modified_time":"2024-08-16T08:42:04+00:00","og_image":[{"width":2362,"height":1507,"url":"https:\/\/www.lourdes-france.com\/wp-content\/uploads\/2021\/11\/grotte-apparition_mise-en-avant-1.jpg","type":"image\/jpeg"}],"twitter_card":"summary_large_image","twitter_misc":{"Tempo di lettura stimato":"1 minuto"},"schema":{"@context":"https:\/\/schema.org","@graph":[{"@type":"WebPage","@id":"https:\/\/www.lourdes-france.com\/it\/le-apparizioni\/","url":"https:\/\/www.lourdes-france.com\/it\/le-apparizioni\/","name":"Les Apparitions de Lourdes - Vivre le p\u00e8lerinage de Lourdes","isPartOf":{"@id":"https:\/\/www.lourdes-france.com\/it\/#website"},"primaryImageOfPage":{"@id":"https:\/\/www.lourdes-france.com\/it\/le-apparizioni\/#primaryimage"},"image":{"@id":"https:\/\/www.lourdes-france.com\/it\/le-apparizioni\/#primaryimage"},"thumbnailUrl":"https:\/\/www.lourdes-france.com\/wp-content\/uploads\/2021\/11\/grotte-apparition_mise-en-avant-1.jpg","datePublished":"2021-11-12T13:41:13+00:00","dateModified":"2024-08-16T08:42:04+00:00","description":"Le r\u00e9cit des apparitions de Marie \u00e0 Bernadette Soubirous, du 11 f\u00e9vrier au 16 juillet 1858. Le 25 mars l'apparition se r\u00e9v\u00e8le \u00eatre \"l'Immacul\u00e9e Conception\".","breadcrumb":{"@id":"https:\/\/www.lourdes-france.com\/it\/le-apparizioni\/#breadcrumb"},"inLanguage":"it-IT","potentialAction":[{"@type":"ReadAction","target":["https:\/\/www.lourdes-france.com\/it\/le-apparizioni\/"]}]},{"@type":"ImageObject","inLanguage":"it-IT","@id":"https:\/\/www.lourdes-france.com\/it\/le-apparizioni\/#primaryimage","url":"https:\/\/www.lourdes-france.com\/wp-content\/uploads\/2021\/11\/grotte-apparition_mise-en-avant-1.jpg","contentUrl":"https:\/\/www.lourdes-france.com\/wp-content\/uploads\/2021\/11\/grotte-apparition_mise-en-avant-1.jpg","width":2362,"height":1507},{"@type":"BreadcrumbList","@id":"https:\/\/www.lourdes-france.com\/it\/le-apparizioni\/#breadcrumb","itemListElement":[{"@type":"ListItem","position":1,"name":"Accueil","item":"https:\/\/www.lourdes-france.com\/it\/"},{"@type":"ListItem","position":2,"name":"Le apparizioni"}]},{"@type":"WebSite","@id":"https:\/\/www.lourdes-france.com\/it\/#website","url":"https:\/\/www.lourdes-france.com\/it\/","name":"Sanctuaire Notre-Dame de Lourdes","description":"","publisher":{"@id":"https:\/\/www.lourdes-france.com\/it\/#organization"},"potentialAction":[{"@type":"SearchAction","target":{"@type":"EntryPoint","urlTemplate":"https:\/\/www.lourdes-france.com\/it\/?s={search_term_string}"},"query-input":{"@type":"PropertyValueSpecification","valueRequired":true,"valueName":"search_term_string"}}],"inLanguage":"it-IT"},{"@type":"Organization","@id":"https:\/\/www.lourdes-france.com\/it\/#organization","name":"Sanctuaire Notre-Dame de Lourdes","url":"https:\/\/www.lourdes-france.com\/it\/","logo":{"@type":"ImageObject","inLanguage":"it-IT","@id":"https:\/\/www.lourdes-france.com\/it\/#\/schema\/logo\/image\/","url":"https:\/\/www.lourdes-france.com\/wp-content\/uploads\/2021\/11\/logo-small.png","contentUrl":"https:\/\/www.lourdes-france.com\/wp-content\/uploads\/2021\/11\/logo-small.png","width":834,"height":521,"caption":"Sanctuaire Notre-Dame de Lourdes"},"image":{"@id":"https:\/\/www.lourdes-france.com\/it\/#\/schema\/logo\/image\/"}}]}},"_links":{"self":[{"href":"https:\/\/www.lourdes-france.com\/it\/wp-json\/wp\/v2\/pages\/781655","targetHints":{"allow":["GET"]}}],"collection":[{"href":"https:\/\/www.lourdes-france.com\/it\/wp-json\/wp\/v2\/pages"}],"about":[{"href":"https:\/\/www.lourdes-france.com\/it\/wp-json\/wp\/v2\/types\/page"}],"author":[{"embeddable":true,"href":"https:\/\/www.lourdes-france.com\/it\/wp-json\/wp\/v2\/users\/2"}],"replies":[{"embeddable":true,"href":"https:\/\/www.lourdes-france.com\/it\/wp-json\/wp\/v2\/comments?post=781655"}],"version-history":[{"count":0,"href":"https:\/\/www.lourdes-france.com\/it\/wp-json\/wp\/v2\/pages\/781655\/revisions"}],"wp:featuredmedia":[{"embeddable":true,"href":"https:\/\/www.lourdes-france.com\/it\/wp-json\/wp\/v2\/media\/3354"}],"wp:attachment":[{"href":"https:\/\/www.lourdes-france.com\/it\/wp-json\/wp\/v2\/media?parent=781655"}],"curies":[{"name":"wp","href":"https:\/\/api.w.org\/{rel}","templated":true}]}}