{"id":781650,"date":"2021-09-01T15:14:00","date_gmt":"2021-09-01T13:14:00","guid":{"rendered":"https:\/\/www.lourdes-france.com\/je-suis-limmaculee-conception\/"},"modified":"2024-10-01T12:07:32","modified_gmt":"2024-10-01T10:07:32","slug":"il-messaggio-di-lourdes","status":"publish","type":"page","link":"https:\/\/www.lourdes-france.com\/it\/il-messaggio-di-lourdes\/","title":{"rendered":"Il messaggio di Lourdes"},"content":{"rendered":"\t\t<div data-elementor-type=\"wp-page\" data-elementor-id=\"781650\" class=\"elementor elementor-781650 elementor-2933\" data-elementor-post-type=\"page\">\n\t\t\t\t\t\t<section class=\"elementor-section elementor-top-section elementor-element elementor-element-06d4576 elementor-section-full_width elementor-section-stretched elementor-section-height-default elementor-section-height-default\" data-id=\"06d4576\" data-element_type=\"section\" data-settings=\"{&quot;stretch_section&quot;:&quot;section-stretched&quot;,&quot;background_background&quot;:&quot;classic&quot;}\">\n\t\t\t\t\t\t\t<div class=\"elementor-background-overlay\"><\/div>\n\t\t\t\t\t\t\t<div class=\"elementor-container elementor-column-gap-default\">\n\t\t\t\t\t<div class=\"elementor-column elementor-col-100 elementor-top-column elementor-element elementor-element-578798f\" data-id=\"578798f\" data-element_type=\"column\">\n\t\t\t<div class=\"elementor-widget-wrap elementor-element-populated\">\n\t\t\t\t\t\t<div class=\"elementor-element elementor-element-725713d elementor-widget elementor-widget-heading\" data-id=\"725713d\" data-element_type=\"widget\" data-widget_type=\"heading.default\">\n\t\t\t\t<div class=\"elementor-widget-container\">\n\t\t\t\t\t<h2 class=\"elementor-heading-title elementor-size-default\">Il messaggio di Lourdes<\/h2>\t\t\t\t<\/div>\n\t\t\t\t<\/div>\n\t\t\t\t\t<\/div>\n\t\t<\/div>\n\t\t\t\t\t<\/div>\n\t\t<\/section>\n\t\t\t\t<section class=\"elementor-section elementor-top-section elementor-element elementor-element-0947ef2 elementor-section-boxed elementor-section-height-default elementor-section-height-default\" data-id=\"0947ef2\" data-element_type=\"section\">\n\t\t\t\t\t\t<div class=\"elementor-container elementor-column-gap-default\">\n\t\t\t\t\t<div class=\"elementor-column elementor-col-100 elementor-top-column elementor-element elementor-element-78cb3a1\" data-id=\"78cb3a1\" data-element_type=\"column\">\n\t\t\t<div class=\"elementor-widget-wrap elementor-element-populated\">\n\t\t\t\t\t\t<div class=\"elementor-element elementor-element-15c2919 elementor-widget elementor-widget-spacer\" data-id=\"15c2919\" data-element_type=\"widget\" data-widget_type=\"spacer.default\">\n\t\t\t\t<div class=\"elementor-widget-container\">\n\t\t\t\t\t\t\t<div class=\"elementor-spacer\">\n\t\t\t<div class=\"elementor-spacer-inner\"><\/div>\n\t\t<\/div>\n\t\t\t\t\t\t<\/div>\n\t\t\t\t<\/div>\n\t\t\t\t<div class=\"elementor-element elementor-element-8062456 elementor-skin-carousel elementor-widget elementor-widget-media-carousel\" data-id=\"8062456\" data-element_type=\"widget\" data-settings=\"{&quot;space_between&quot;:{&quot;unit&quot;:&quot;px&quot;,&quot;size&quot;:20,&quot;sizes&quot;:[]},&quot;skin&quot;:&quot;carousel&quot;,&quot;effect&quot;:&quot;slide&quot;,&quot;speed&quot;:500,&quot;space_between_tablet&quot;:{&quot;unit&quot;:&quot;px&quot;,&quot;size&quot;:10,&quot;sizes&quot;:[]},&quot;space_between_mobile&quot;:{&quot;unit&quot;:&quot;px&quot;,&quot;size&quot;:10,&quot;sizes&quot;:[]}}\" data-widget_type=\"media-carousel.default\">\n\t\t\t\t<div class=\"elementor-widget-container\">\n\t\t\t\t\t\t\t\t\t<div class=\"elementor-swiper\">\n\t\t\t\t\t<div class=\"elementor-main-swiper swiper\" role=\"region\" aria-roledescription=\"carousel\" aria-label=\"Slides\">\n\t\t\t\t<div class=\"swiper-wrapper\">\n\t\t\t\t\t\t\t\t\t\t\t<div class=\"swiper-slide\" role=\"group\" aria-roledescription=\"slide\">\n\t\t\t\t\t\t\t<a href=\"https:\/\/www.lourdes-france.com\/it\/le-apparizioni\/\">\t\t<div class=\"elementor-carousel-image\" role=\"img\" aria-label=\"Le apparizioni\" style=\"background-image: url(&#039;https:\/\/www.lourdes-france.com\/wp-content\/uploads\/2021\/11\/grotte-apparitions-ok.jpg&#039;)\">\n\n\t\t\t\n\t\t\t\t\t<\/div>\n\t\t\t\t\t<div class=\"elementor-carousel-image-overlay e-overlay-animation-fade\">\n\t\t\t\tLe apparizioni\t\t\t<\/div>\n\t\t\t<\/a>\t\t\t\t\t\t<\/div>\n\t\t\t\t\t\t\t\t\t\t\t<div class=\"swiper-slide\" role=\"group\" aria-roledescription=\"slide\">\n\t\t\t\t\t\t\t<a href=\"https:\/\/www.lourdes-france.com\/reconnaissance-des-apparitions\/\">\t\t<div class=\"elementor-carousel-image\" role=\"img\" aria-label=\"Reconnaissance des apparitions\" style=\"background-image: url(&#039;https:\/\/www.lourdes-france.com\/wp-content\/uploads\/2021\/11\/Mandement.jpg&#039;)\">\n\n\t\t\t\n\t\t\t\t\t<\/div>\n\t\t\t\t\t<div class=\"elementor-carousel-image-overlay e-overlay-animation-fade\">\n\t\t\t\tReconnaissance des apparitions\t\t\t<\/div>\n\t\t\t<\/a>\t\t\t\t\t\t<\/div>\n\t\t\t\t\t\t\t\t\t\t\t<div class=\"swiper-slide\" role=\"group\" aria-roledescription=\"slide\">\n\t\t\t\t\t\t\t<a href=\"https:\/\/www.lourdes-france.com\/it\/bernadette-soubirous\/\">\t\t<div class=\"elementor-carousel-image\" role=\"img\" aria-label=\"\u201cPassi di Bernadette\u201d\" style=\"background-image: url(&#039;https:\/\/www.lourdes-france.com\/wp-content\/uploads\/2021\/09\/vignette_Bernadette_500x333_img.jpg&#039;)\">\n\n\t\t\t\n\t\t\t\t\t<\/div>\n\t\t\t\t\t<div class=\"elementor-carousel-image-overlay e-overlay-animation-fade\">\n\t\t\t\t\u201cPassi di Bernadette\u201d\t\t\t<\/div>\n\t\t\t<\/a>\t\t\t\t\t\t<\/div>\n\t\t\t\t\t\t\t\t\t<\/div>\n\t\t\t\t\t\t\t\t\t\t\t\t\t\t\t\t\t\t\t\t\t<\/div>\n\t\t\t\t<\/div>\n\t\t\t\t\t\t\t\t<\/div>\n\t\t\t\t<\/div>\n\t\t\t\t<div class=\"elementor-element elementor-element-b7415f0 elementor-widget elementor-widget-spacer\" data-id=\"b7415f0\" data-element_type=\"widget\" data-widget_type=\"spacer.default\">\n\t\t\t\t<div class=\"elementor-widget-container\">\n\t\t\t\t\t\t\t<div class=\"elementor-spacer\">\n\t\t\t<div class=\"elementor-spacer-inner\"><\/div>\n\t\t<\/div>\n\t\t\t\t\t\t<\/div>\n\t\t\t\t<\/div>\n\t\t\t\t<div class=\"elementor-element elementor-element-7b3380a elementor-widget elementor-widget-text-editor\" data-id=\"7b3380a\" data-element_type=\"widget\" data-widget_type=\"text-editor.default\">\n\t\t\t\t<div class=\"elementor-widget-container\">\n\t\t\t\t\t\t\t\t\t<h3 style=\"text-align: left;\">Il 18 febbraio 1858: delle parole straordinarie<\/h3><p>Durante la terza apparizione, il 18 febbraio, la Vergine parla per la prima volta: \u201cCi\u00f2 che le devo dire, non \u00e8 necessario scriverlo\u201d. Questo significa che Maria vuole entrare, con Bernadette, in una relazione che \u00e8 propria dell\u2019amore, che si trova al livello del cuore. Bernadette viene quindi subito invitata ad aprire le profondit\u00e0 del suo cuore a questo messaggio d\u2019amore. Alla seconda frase della Vergine: \u201cVuole avere la grazia di venire qui per quindici giorni?\u201d. Bernadette \u00e8 sconvolta. \u00c8 la prima volta che qualcuno le si rivolge dandole del \u201clei\u201d. Bernadette, sentendosi cos\u00ec rispettata ed amata, vive l\u2019esperienza di essere lei stessa una persona. Siamo tutti degni agli occhi di Dio perch\u00e9 ciascuno di noi \u00e8 amato da Lui. Terza frase della Vergine: \u201cNon le prometto di renderla felice in questo mondo ma nell\u2019altro.\u201d Quando Ges\u00f9, nel Vangelo, ci invita a scoprire il Regno dei cieli, ci invita a scoprire, qui nel nostro mondo, un \u201caltro mondo\u201d. L\u00e0 dove c\u2019\u00e8 l\u2019Amore, Dio \u00e8 presente.<\/p><p>\u00a0<\/p><div class=\"elementor-element elementor-element-26e8855b elementor-widget elementor-widget-text-editor\" data-id=\"26e8855b\" data-element_type=\"widget\" data-widget_type=\"text-editor.default\"><div class=\"elementor-widget-container\"><div class=\"elementor-text-editor elementor-clearfix\"><h3 style=\"text-align: left;\">Dio \u00e8 Amore<\/h3><\/div><\/div><\/div><div class=\"elementor-element elementor-element-5c392925 elementor-widget elementor-widget-text-editor\" data-id=\"5c392925\" data-element_type=\"widget\" data-widget_type=\"text-editor.default\"><div class=\"elementor-widget-container\"><div class=\"elementor-text-editor elementor-clearfix\"><p>Malgrado la sua miseria, la sua malattia, la sua mancanza di cultura, Bernadette \u00e8 sempre stata profondamente felice. \u00c8 quello il Regno di Dio, il mondo del vero Amore. Durante le prime sette apparizioni di Maria, Bernadette mostra un volto radioso di gioia, di felicit\u00e0, di luce. Ma, tra l\u2019ottava e la dodicesima apparizione, tutto cambia: il suo viso diviene triste, doloroso, ma soprattutto lei compie gesti incomprensibili\u2026. Cammina in ginocchio fino al fondo della Grotta; ne bacia il suolo sporco e disgustoso; mangia l\u2019erba amara; scava il suolo e prova a bere l\u2019acqua fangosa; si imbratta il viso col fango. Poi, Bernadette guarda la folla e tutti dicono: \u201c\u00c8 pazza\u201d. Nel corso delle apparizioni Bernadette ripete gli stessi gesti. Che cosa significa? Nessuno comprende! Questo tuttavia \u00e8 il cuore del \u201cMessaggio di Lourdes\u201d.<\/p><\/div><\/div><\/div><div class=\"elementor-element elementor-element-325a0cd3 elementor-widget elementor-widget-text-editor\" data-id=\"325a0cd3\" data-element_type=\"widget\" data-widget_type=\"text-editor.default\"><div class=\"elementor-widget-container\"><div class=\"elementor-text-editor elementor-clearfix\"><h2>\u00a0<\/h2><h3 style=\"text-align: left;\">Il senso biblico delle apparizioni<\/h3><\/div><\/div><\/div><div class=\"elementor-element elementor-element-494809d8 elementor-widget elementor-widget-text-editor\" data-id=\"494809d8\" data-element_type=\"widget\" data-widget_type=\"text-editor.default\"><div class=\"elementor-widget-container\"><div class=\"elementor-text-editor elementor-clearfix\"><p>I gesti di Bernadette sono gesti biblici. Bernadette esprimer\u00e0 l\u2019incarnazione, la Passione e la Morte del Cristo. Camminare in ginocchio fino al fondo della Grotta \u00e8 il gesto dell\u2019incarnazione, dell\u2019abbassamento di Dio fatto uomo. Mangiare le erbe amare ricorda la tradizione ebraica che si trova nei testi antichi. Imbrattarsi il viso ci riporta al profeta Isaia, quando parla del Cristo descrivendolo con i tratti del Servitore sofferente.<\/p><\/div><\/div><\/div><div class=\"elementor-element elementor-element-79837854 elementor-widget elementor-widget-text-editor\" data-id=\"79837854\" data-element_type=\"widget\" data-widget_type=\"text-editor.default\"><div class=\"elementor-widget-container\"><div class=\"elementor-text-editor elementor-clearfix\"><h2>\u00a0<\/h2><h3 style=\"text-align: left;\">La Grotta nasconde un tesoro incommensurabile<\/h3><\/div><\/div><\/div><div class=\"elementor-element elementor-element-e6c037a elementor-widget elementor-widget-text-editor\" data-id=\"e6c037a\" data-element_type=\"widget\" data-widget_type=\"text-editor.default\"><div class=\"elementor-widget-container\"><div class=\"elementor-text-editor elementor-clearfix\"><p>Alla nona apparizione, \u201cla Signora\u201d chieder\u00e0 a Bernadette di andare a scavare il suolo, dicendole: \u201cVada a bere ed a lavarsi\u201d. Con questi gesti, ci \u00e8 svelato il mistero stesso del cuore del Cristo: \u201cUn soldato, con la sua lancia, gli trapassa il cuore e, subito, sgorgano sangue e acqua\u201d. Il cuore dell\u2019uomo, ferito dal peccato, \u00e8 rappresentato dalle erbe e dal fango. Ma in fondo a questo cuore, c\u2019\u00e8 la vita stessa di Dio, rappresentata dalla sorgente. Quando verr\u00e0 chiesto a Bernadette: \u201cla \u201cSignora\u201d ti ha detto qualcosa?\u201d lei risponder\u00e0: \u201cS\u00ec, ogni tanto dice: \u201cPenitenza, penitenza, penitenza. Pregate per i peccatori\u201d. Con la parola \u201cpenitenza\u201d, bisogna intendere anche la parola \u201cconversione\u201d. Per la Chiesa, la conversione consiste, come insegnato da Cristo, nel rivolgere il proprio cuore verso Dio, verso i propri fratelli.<\/p><p>Nel corso della tredicesima apparizione, Maria si rivolge cos\u00ec a Bernadette: \u201cVada a dire ai sacerdoti che si venga qui in processione e che vi si costruisca una cappella\u201d. \u201cChe si venga in processione\u201d, significa camminare, in questa vita, sempre vicino ai nostri fratelli. \u201cChe si costruisca una cappella\u201d. A Lourdes, le cappelle sono state costruite per accogliere la folla di pellegrini. La cappella \u00e8 la \u201cChiesa\u201d che dobbiamo costruire, l\u00e0 dove siamo.<\/p><\/div><\/div><\/div><div class=\"elementor-element elementor-element-ed0aa28 elementor-widget elementor-widget-text-editor\" data-id=\"ed0aa28\" data-element_type=\"widget\" data-widget_type=\"text-editor.default\"><div class=\"elementor-widget-container\"><div class=\"elementor-text-editor elementor-clearfix\"><h2>\u00a0<\/h2><h3 style=\"text-align: left;\">La Signora dice il suo nome: \u201cQue soy era Immaculada Counceptiou\u201d<\/h3><\/div><\/div><\/div><div class=\"elementor-element elementor-element-576be545 elementor-widget elementor-widget-text-editor\" data-id=\"576be545\" data-element_type=\"widget\" data-widget_type=\"text-editor.default\"><div class=\"elementor-widget-container\"><div class=\"elementor-text-editor elementor-clearfix\"><p>Il 25 marzo 1858, giorno della sedicesima apparizione, Bernadette chiede alla \u201cSignora\u201d di dire il suo nome. \u201cLa Signora\u201d le risponde in dialetto: \u201cQue soy era Immaculada Councepciou\u201d, che significa \u201cSono l\u2019Immacolata Concezione\u201d. L\u2019Immacolata Concezione, \u00e8 \u201cMaria concepita senza peccato, grazie ai meriti della Croce del Cristo\u201d (definizione del dogma promulgato nel 1854). Bernadette va subito dal parroco per trasmettergli il nome della \u201cSignora\u201d ed egli comprende cos\u00ec che \u00e8 la Madre di Dio che appare alla Grotta. Pi\u00f9 tardi, il vescovo di Tarbes, Mons. Laurence, autenticher\u00e0 questa rivelazione.<\/p><p>\u00a0<\/p><\/div><div class=\"elementor-element elementor-element-ed0aa28 elementor-widget elementor-widget-text-editor\" data-id=\"ed0aa28\" data-element_type=\"widget\" data-widget_type=\"text-editor.default\"><div class=\"elementor-widget-container\"><div class=\"elementor-text-editor elementor-clearfix\"><h3>Tutti invitati a diventare immacolati<\/h3><\/div><\/div><\/div><div class=\"elementor-element elementor-element-576be545 elementor-widget elementor-widget-text-editor\" data-id=\"576be545\" data-element_type=\"widget\" data-widget_type=\"text-editor.default\"><div class=\"elementor-widget-container\"><div class=\"elementor-text-editor elementor-clearfix\"><p>La firma del messaggio, quando la Signora dice il suo nome, arriva dopo tre settimane di apparizioni e tre settimane di silenzio (dal 4 al 25 marzo). Il 25 marzo \u00e8 il giorno dell\u2019Annunciazione, della \u201cconcezione\u201d di Ges\u00f9 nel seno di Maria. La Signora della Grotta ci parla della sua vocazione: \u00e8 la madre di Ges\u00f9, tutto il suo essere consiste nel concepire il Figlio di Dio, \u00e8 tutta per Lui. Per questo \u00e8 Immacolata, abitata da Dio. Cos\u00ec la Chiesa ed ogni cristiano devono lasciarsi abitare da Dio per divenire a loro volta immacolati, radicalmente perdonati e graziati in modo da essere, anch\u2019essi, testimoni di Dio.<\/p><\/div><\/div><\/div><\/div><\/div>\t\t\t\t\t\t\t\t<\/div>\n\t\t\t\t<\/div>\n\t\t\t\t\t<\/div>\n\t\t<\/div>\n\t\t\t\t\t<\/div>\n\t\t<\/section>\n\t\t\t\t<\/div>\n\t\t","protected":false},"excerpt":{"rendered":"<p>Il messaggio di Lourdes Le apparizioni Reconnaissance des apparitions \u201cPassi di Bernadette\u201d Il 18 febbraio 1858: delle parole straordinarie Durante la terza apparizione, il 18 febbraio, la Vergine parla per la prima volta: \u201cCi\u00f2 che le devo dire, non \u00e8 &hellip; <a href=\"https:\/\/www.lourdes-france.com\/it\/il-messaggio-di-lourdes\/\">Continua<\/a><\/p>\n","protected":false},"author":1,"featured_media":0,"parent":0,"menu_order":0,"comment_status":"closed","ping_status":"closed","template":"","meta":{"_acf_changed":false,"footnotes":""},"class_list":["post-781650","page","type-page","status-publish","hentry"],"acf":[],"yoast_head":"<!-- This site is optimized with the Yoast SEO Premium plugin v24.0 (Yoast SEO v26.3) - https:\/\/yoast.com\/wordpress\/plugins\/seo\/ -->\n<title>Il messaggio di Lourdes - Vivre le p\u00e8lerinage de Lourdes<\/title>\n<meta name=\"robots\" content=\"index, follow, max-snippet:-1, max-image-preview:large, max-video-preview:-1\" \/>\n<link rel=\"canonical\" href=\"https:\/\/www.lourdes-france.com\/it\/il-messaggio-di-lourdes\/\" \/>\n<meta property=\"og:locale\" content=\"it_IT\" \/>\n<meta property=\"og:type\" content=\"article\" \/>\n<meta property=\"og:title\" content=\"Il messaggio di Lourdes\" \/>\n<meta property=\"og:description\" content=\"Il messaggio di Lourdes Le apparizioni Reconnaissance des apparitions \u201cPassi di Bernadette\u201d Il 18 febbraio 1858: delle parole straordinarie Durante la terza apparizione, il 18 febbraio, la Vergine parla per la prima volta: \u201cCi\u00f2 che le devo dire, non \u00e8 &hellip; Continua\" \/>\n<meta property=\"og:url\" content=\"https:\/\/www.lourdes-france.com\/it\/il-messaggio-di-lourdes\/\" \/>\n<meta property=\"og:site_name\" content=\"Vivre le p\u00e8lerinage de Lourdes\" \/>\n<meta property=\"article:modified_time\" content=\"2024-10-01T10:07:32+00:00\" \/>\n<meta name=\"twitter:card\" content=\"summary_large_image\" \/>\n<meta name=\"twitter:label1\" content=\"Tempo di lettura stimato\" \/>\n\t<meta name=\"twitter:data1\" content=\"9 minuti\" \/>\n<script type=\"application\/ld+json\" class=\"yoast-schema-graph\">{\"@context\":\"https:\/\/schema.org\",\"@graph\":[{\"@type\":\"WebPage\",\"@id\":\"https:\/\/www.lourdes-france.com\/it\/il-messaggio-di-lourdes\/\",\"url\":\"https:\/\/www.lourdes-france.com\/it\/il-messaggio-di-lourdes\/\",\"name\":\"Il messaggio di Lourdes - Vivre le p\u00e8lerinage de Lourdes\",\"isPartOf\":{\"@id\":\"https:\/\/www.lourdes-france.com\/it\/#website\"},\"datePublished\":\"2021-09-01T13:14:00+00:00\",\"dateModified\":\"2024-10-01T10:07:32+00:00\",\"breadcrumb\":{\"@id\":\"https:\/\/www.lourdes-france.com\/it\/il-messaggio-di-lourdes\/#breadcrumb\"},\"inLanguage\":\"it-IT\",\"potentialAction\":[{\"@type\":\"ReadAction\",\"target\":[\"https:\/\/www.lourdes-france.com\/it\/il-messaggio-di-lourdes\/\"]}]},{\"@type\":\"BreadcrumbList\",\"@id\":\"https:\/\/www.lourdes-france.com\/it\/il-messaggio-di-lourdes\/#breadcrumb\",\"itemListElement\":[{\"@type\":\"ListItem\",\"position\":1,\"name\":\"Accueil\",\"item\":\"https:\/\/www.lourdes-france.com\/it\/\"},{\"@type\":\"ListItem\",\"position\":2,\"name\":\"Il messaggio di Lourdes\"}]},{\"@type\":\"WebSite\",\"@id\":\"https:\/\/www.lourdes-france.com\/it\/#website\",\"url\":\"https:\/\/www.lourdes-france.com\/it\/\",\"name\":\"Sanctuaire Notre-Dame de Lourdes\",\"description\":\"\",\"publisher\":{\"@id\":\"https:\/\/www.lourdes-france.com\/it\/#organization\"},\"potentialAction\":[{\"@type\":\"SearchAction\",\"target\":{\"@type\":\"EntryPoint\",\"urlTemplate\":\"https:\/\/www.lourdes-france.com\/it\/?s={search_term_string}\"},\"query-input\":{\"@type\":\"PropertyValueSpecification\",\"valueRequired\":true,\"valueName\":\"search_term_string\"}}],\"inLanguage\":\"it-IT\"},{\"@type\":\"Organization\",\"@id\":\"https:\/\/www.lourdes-france.com\/it\/#organization\",\"name\":\"Sanctuaire Notre-Dame de Lourdes\",\"url\":\"https:\/\/www.lourdes-france.com\/it\/\",\"logo\":{\"@type\":\"ImageObject\",\"inLanguage\":\"it-IT\",\"@id\":\"https:\/\/www.lourdes-france.com\/it\/#\/schema\/logo\/image\/\",\"url\":\"https:\/\/www.lourdes-france.com\/wp-content\/uploads\/2021\/11\/logo-small.png\",\"contentUrl\":\"https:\/\/www.lourdes-france.com\/wp-content\/uploads\/2021\/11\/logo-small.png\",\"width\":834,\"height\":521,\"caption\":\"Sanctuaire Notre-Dame de Lourdes\"},\"image\":{\"@id\":\"https:\/\/www.lourdes-france.com\/it\/#\/schema\/logo\/image\/\"}}]}<\/script>\n<!-- \/ Yoast SEO Premium plugin. -->","yoast_head_json":{"title":"Il messaggio di Lourdes - Vivre le p\u00e8lerinage de Lourdes","robots":{"index":"index","follow":"follow","max-snippet":"max-snippet:-1","max-image-preview":"max-image-preview:large","max-video-preview":"max-video-preview:-1"},"canonical":"https:\/\/www.lourdes-france.com\/it\/il-messaggio-di-lourdes\/","og_locale":"it_IT","og_type":"article","og_title":"Il messaggio di Lourdes","og_description":"Il messaggio di Lourdes Le apparizioni Reconnaissance des apparitions \u201cPassi di Bernadette\u201d Il 18 febbraio 1858: delle parole straordinarie Durante la terza apparizione, il 18 febbraio, la Vergine parla per la prima volta: \u201cCi\u00f2 che le devo dire, non \u00e8 &hellip; Continua","og_url":"https:\/\/www.lourdes-france.com\/it\/il-messaggio-di-lourdes\/","og_site_name":"Vivre le p\u00e8lerinage de Lourdes","article_modified_time":"2024-10-01T10:07:32+00:00","twitter_card":"summary_large_image","twitter_misc":{"Tempo di lettura stimato":"9 minuti"},"schema":{"@context":"https:\/\/schema.org","@graph":[{"@type":"WebPage","@id":"https:\/\/www.lourdes-france.com\/it\/il-messaggio-di-lourdes\/","url":"https:\/\/www.lourdes-france.com\/it\/il-messaggio-di-lourdes\/","name":"Il messaggio di Lourdes - Vivre le p\u00e8lerinage de Lourdes","isPartOf":{"@id":"https:\/\/www.lourdes-france.com\/it\/#website"},"datePublished":"2021-09-01T13:14:00+00:00","dateModified":"2024-10-01T10:07:32+00:00","breadcrumb":{"@id":"https:\/\/www.lourdes-france.com\/it\/il-messaggio-di-lourdes\/#breadcrumb"},"inLanguage":"it-IT","potentialAction":[{"@type":"ReadAction","target":["https:\/\/www.lourdes-france.com\/it\/il-messaggio-di-lourdes\/"]}]},{"@type":"BreadcrumbList","@id":"https:\/\/www.lourdes-france.com\/it\/il-messaggio-di-lourdes\/#breadcrumb","itemListElement":[{"@type":"ListItem","position":1,"name":"Accueil","item":"https:\/\/www.lourdes-france.com\/it\/"},{"@type":"ListItem","position":2,"name":"Il messaggio di Lourdes"}]},{"@type":"WebSite","@id":"https:\/\/www.lourdes-france.com\/it\/#website","url":"https:\/\/www.lourdes-france.com\/it\/","name":"Sanctuaire Notre-Dame de Lourdes","description":"","publisher":{"@id":"https:\/\/www.lourdes-france.com\/it\/#organization"},"potentialAction":[{"@type":"SearchAction","target":{"@type":"EntryPoint","urlTemplate":"https:\/\/www.lourdes-france.com\/it\/?s={search_term_string}"},"query-input":{"@type":"PropertyValueSpecification","valueRequired":true,"valueName":"search_term_string"}}],"inLanguage":"it-IT"},{"@type":"Organization","@id":"https:\/\/www.lourdes-france.com\/it\/#organization","name":"Sanctuaire Notre-Dame de Lourdes","url":"https:\/\/www.lourdes-france.com\/it\/","logo":{"@type":"ImageObject","inLanguage":"it-IT","@id":"https:\/\/www.lourdes-france.com\/it\/#\/schema\/logo\/image\/","url":"https:\/\/www.lourdes-france.com\/wp-content\/uploads\/2021\/11\/logo-small.png","contentUrl":"https:\/\/www.lourdes-france.com\/wp-content\/uploads\/2021\/11\/logo-small.png","width":834,"height":521,"caption":"Sanctuaire Notre-Dame de Lourdes"},"image":{"@id":"https:\/\/www.lourdes-france.com\/it\/#\/schema\/logo\/image\/"}}]}},"_links":{"self":[{"href":"https:\/\/www.lourdes-france.com\/it\/wp-json\/wp\/v2\/pages\/781650","targetHints":{"allow":["GET"]}}],"collection":[{"href":"https:\/\/www.lourdes-france.com\/it\/wp-json\/wp\/v2\/pages"}],"about":[{"href":"https:\/\/www.lourdes-france.com\/it\/wp-json\/wp\/v2\/types\/page"}],"author":[{"embeddable":true,"href":"https:\/\/www.lourdes-france.com\/it\/wp-json\/wp\/v2\/users\/1"}],"replies":[{"embeddable":true,"href":"https:\/\/www.lourdes-france.com\/it\/wp-json\/wp\/v2\/comments?post=781650"}],"version-history":[{"count":0,"href":"https:\/\/www.lourdes-france.com\/it\/wp-json\/wp\/v2\/pages\/781650\/revisions"}],"wp:attachment":[{"href":"https:\/\/www.lourdes-france.com\/it\/wp-json\/wp\/v2\/media?parent=781650"}],"curies":[{"name":"wp","href":"https:\/\/api.w.org\/{rel}","templated":true}]}}