{"id":872065,"date":"2026-02-16T08:49:43","date_gmt":"2026-02-16T07:49:43","guid":{"rendered":"https:\/\/www.lourdes-france.com\/peregrino-por-un-dia\/fete-de-sainte-bernadette\/"},"modified":"2026-02-16T09:05:13","modified_gmt":"2026-02-16T08:05:13","slug":"fete-de-sainte-bernadette","status":"publish","type":"page","link":"https:\/\/www.lourdes-france.com\/es\/peregrino-por-un-dia\/fete-de-sainte-bernadette\/","title":{"rendered":"F\u00eate de Sainte Bernadette"},"content":{"rendered":"\t\t<div data-elementor-type=\"wp-page\" data-elementor-id=\"872065\" class=\"elementor elementor-872065 elementor-872050\" data-elementor-post-type=\"page\">\n\t\t\t\t\t\t<section class=\"elementor-section elementor-top-section elementor-element elementor-element-0f3c612 elementor-section-full_width elementor-section-stretched elementor-section-height-default elementor-section-height-default\" data-id=\"0f3c612\" data-element_type=\"section\" data-settings=\"{&quot;stretch_section&quot;:&quot;section-stretched&quot;,&quot;background_background&quot;:&quot;classic&quot;}\">\n\t\t\t\t\t\t\t<div class=\"elementor-background-overlay\"><\/div>\n\t\t\t\t\t\t\t<div class=\"elementor-container elementor-column-gap-default\">\n\t\t\t\t\t<div class=\"elementor-column elementor-col-50 elementor-top-column elementor-element elementor-element-79d183e\" data-id=\"79d183e\" data-element_type=\"column\">\n\t\t\t<div class=\"elementor-widget-wrap elementor-element-populated\">\n\t\t\t\t\t\t<div class=\"elementor-element elementor-element-ec10e76 elementor-widget elementor-widget-ucaddon_blox_line_text_divider\" data-id=\"ec10e76\" data-element_type=\"widget\" data-widget_type=\"ucaddon_blox_line_text_divider.default\">\n\t\t\t\t<div class=\"elementor-widget-container\">\n\t\t\t\t\t\n<!-- start Line Text Divider -->\n<style>\/* widget: Line Text Divider *\/\n\n#uc_blox_line_text_divider_elementor_ec10e76 {\n  translate: 0 50%;\n}\n#uc_blox_line_text_divider_elementor_ec10e76 div.blox_hr\n{\n  display:inline-block;\n  width:100%;\n  height: 1px;\n}\n#uc_blox_line_text_divider_elementor_ec10e76 div.blox_hr_txt\n{\n  display: inline-block;\n  position: relative;\n  margin: 0;\n  text-align: center;\n  transform: translateY(calc(-50% + 0.5px));\n}\n\n<\/style>\n\n<div id=\"uc_blox_line_text_divider_elementor_ec10e76\" style=\"text-align:left;\">\n  <div class=\"blox_hr\"><div class=\"blox_hr_txt\">Eventos<\/div><\/div>\n<\/div>\n<!-- end Line Text Divider -->\t\t\t\t<\/div>\n\t\t\t\t<\/div>\n\t\t\t\t<div class=\"elementor-element elementor-element-8a4f870 elementor-widget elementor-widget-heading\" data-id=\"8a4f870\" data-element_type=\"widget\" data-widget_type=\"heading.default\">\n\t\t\t\t<div class=\"elementor-widget-container\">\n\t\t\t\t\t<h2 class=\"elementor-heading-title elementor-size-default\">Celebrar a santa Bernardita en Lourdes<\/h2>\t\t\t\t<\/div>\n\t\t\t\t<\/div>\n\t\t\t\t\t<\/div>\n\t\t<\/div>\n\t\t\t\t<div class=\"elementor-column elementor-col-50 elementor-top-column elementor-element elementor-element-ce26be6\" data-id=\"ce26be6\" data-element_type=\"column\">\n\t\t\t<div class=\"elementor-widget-wrap elementor-element-populated\">\n\t\t\t\t\t\t<div class=\"elementor-element elementor-element-cbf542f elementor-widget elementor-widget-spacer\" data-id=\"cbf542f\" data-element_type=\"widget\" data-widget_type=\"spacer.default\">\n\t\t\t\t<div class=\"elementor-widget-container\">\n\t\t\t\t\t\t\t<div class=\"elementor-spacer\">\n\t\t\t<div class=\"elementor-spacer-inner\"><\/div>\n\t\t<\/div>\n\t\t\t\t\t\t<\/div>\n\t\t\t\t<\/div>\n\t\t\t\t\t<\/div>\n\t\t<\/div>\n\t\t\t\t\t<\/div>\n\t\t<\/section>\n\t\t\t\t<section class=\"elementor-section elementor-top-section elementor-element elementor-element-dc1b26c elementor-section-full_width elementor-section-stretched elementor-section-height-default elementor-section-height-default\" data-id=\"dc1b26c\" data-element_type=\"section\" data-settings=\"{&quot;stretch_section&quot;:&quot;section-stretched&quot;,&quot;background_background&quot;:&quot;classic&quot;}\">\n\t\t\t\t\t\t<div class=\"elementor-container elementor-column-gap-default\">\n\t\t\t\t\t<div class=\"elementor-column elementor-col-100 elementor-top-column elementor-element elementor-element-3e9c3ad\" data-id=\"3e9c3ad\" data-element_type=\"column\">\n\t\t\t<div class=\"elementor-widget-wrap elementor-element-populated\">\n\t\t\t\t\t\t<div class=\"elementor-element elementor-element-c67beec elementor-widget elementor-widget-heading\" data-id=\"c67beec\" data-element_type=\"widget\" data-widget_type=\"heading.default\">\n\t\t\t\t<div class=\"elementor-widget-container\">\n\t\t\t\t\t<h1 class=\"elementor-heading-title elementor-size-default\">Celebrar a santa Bernardita en Lourdes<\/h1>\t\t\t\t<\/div>\n\t\t\t\t<\/div>\n\t\t\t\t<section class=\"elementor-section elementor-inner-section elementor-element elementor-element-8796560 elementor-section-full_width elementor-section-height-default elementor-section-height-default\" data-id=\"8796560\" data-element_type=\"section\">\n\t\t\t\t\t\t<div class=\"elementor-container elementor-column-gap-default\">\n\t\t\t\t\t<div class=\"elementor-column elementor-col-100 elementor-inner-column elementor-element elementor-element-af377bc\" data-id=\"af377bc\" data-element_type=\"column\">\n\t\t\t<div class=\"elementor-widget-wrap elementor-element-populated\">\n\t\t\t\t\t\t<div class=\"elementor-element elementor-element-3e33db9 elementor-widget elementor-widget-text-editor\" data-id=\"3e33db9\" data-element_type=\"widget\" data-widget_type=\"text-editor.default\">\n\t\t\t\t<div class=\"elementor-widget-container\">\n\t\t\t\t\t\t\t\t\t<p><span style=\"color: #ffffff;\">Cada a\u00f1o, el 18 de febrero y el 16 de abril, la Iglesia cat\u00f3lica honra a santa Bernardita Soubirous, la joven vidente de Lourdes a quien la Virgen Mar\u00eda se apareci\u00f3 en 1858. La conmemoraci\u00f3n del 18 de febrero recuerda el d\u00eda en que, seg\u00fan la tradici\u00f3n cat\u00f3lica, la Virgen le habr\u00eda prometido: \u00abNo le prometo hacerle feliz en este mundo, sino en el otro\u00bb. <\/span><br \/><span style=\"color: #ffffff;\">M\u00e1s tarde, Bernardita ingres\u00f3 en la congregaci\u00f3n de las Hermanas de la Caridad de Nevers, donde falleci\u00f3 el 16 de abril de 1879, a la edad de 35 a\u00f1os, fecha establecida como su fiesta lit\u00fargica oficial. La Iglesia la proclam\u00f3 santa el 8 de diciembre de 1933, no por las apariciones recibidas, sino por la manera en que supo responder a ellas.<\/span><\/p>\t\t\t\t\t\t\t\t<\/div>\n\t\t\t\t<\/div>\n\t\t\t\t\t<\/div>\n\t\t<\/div>\n\t\t\t\t\t<\/div>\n\t\t<\/section>\n\t\t\t\t<div class=\"elementor-element elementor-element-394c275 elementor-widget elementor-widget-heading\" data-id=\"394c275\" data-element_type=\"widget\" data-widget_type=\"heading.default\">\n\t\t\t\t<div class=\"elementor-widget-container\">\n\t\t\t\t\t<h2 class=\"elementor-heading-title elementor-size-default\">Programa del martes 17 de febrero para conmemorar a santa Bernardita <\/h2>\t\t\t\t<\/div>\n\t\t\t\t<\/div>\n\t\t\t\t<section class=\"elementor-section elementor-inner-section elementor-element elementor-element-f5375be elementor-section-full_width elementor-section-height-default elementor-section-height-default\" data-id=\"f5375be\" data-element_type=\"section\">\n\t\t\t\t\t\t<div class=\"elementor-container elementor-column-gap-default\">\n\t\t\t\t\t<div class=\"elementor-column elementor-col-100 elementor-inner-column elementor-element elementor-element-77d3a9e\" data-id=\"77d3a9e\" data-element_type=\"column\">\n\t\t\t<div class=\"elementor-widget-wrap elementor-element-populated\">\n\t\t\t\t\t\t<div class=\"elementor-element elementor-element-da630dd elementor-widget elementor-widget-text-editor\" data-id=\"da630dd\" data-element_type=\"widget\" data-widget_type=\"text-editor.default\">\n\t\t\t\t<div class=\"elementor-widget-container\">\n\t\t\t\t\t\t\t\t\t<p><span style=\"color: #ffffff;\">En Lourdes, de forma excepcional, el Santuario conmemora a santa Bernardita el 17 de febrero, ya que el 18 es el primer d\u00eda de Cuaresma.<\/span><\/p>\t\t\t\t\t\t\t\t<\/div>\n\t\t\t\t<\/div>\n\t\t\t\t\t<\/div>\n\t\t<\/div>\n\t\t\t\t\t<\/div>\n\t\t<\/section>\n\t\t\t\t<section class=\"elementor-section elementor-inner-section elementor-element elementor-element-fbe0c27 elementor-section-full_width elementor-section-height-default elementor-section-height-default\" data-id=\"fbe0c27\" data-element_type=\"section\">\n\t\t\t\t\t\t<div class=\"elementor-container elementor-column-gap-default\">\n\t\t\t\t\t<div class=\"elementor-column elementor-col-100 elementor-inner-column elementor-element elementor-element-3ceb04f\" data-id=\"3ceb04f\" data-element_type=\"column\">\n\t\t\t<div class=\"elementor-widget-wrap elementor-element-populated\">\n\t\t\t\t\t\t<div class=\"elementor-element elementor-element-d29da9a elementor-widget elementor-widget-text-editor\" data-id=\"d29da9a\" data-element_type=\"widget\" data-widget_type=\"text-editor.default\">\n\t\t\t\t<div class=\"elementor-widget-container\">\n\t\t\t\t\t\t\t\t\t<p><span style=\"color: #ffffff;\">Veneraci\u00f3n de las reliquias durante toda la jornada en la parroquia del Sagrado Coraz\u00f3n de Lourdes<\/span><br \/><span style=\"color: #ffffff;\">&#8211; 10:00\u00a0h: Misa en la Gruta de las Apariciones. <\/span><br \/><span style=\"color: #ffffff;\">&#8211; 14:00\u00a0h: Pasos de Bernardita.<\/span><br \/><span style=\"color: #ffffff;\">&#8211; 15:30\u00a0h: Rosario en la Gruta.<\/span><br \/><span style=\"color: #ffffff;\">&#8211; 18:00\u00a0h: Misa presidida por monse\u00f1or Micas en la parroquia, con la presencia de las reliquias de santa Bernardita.<\/span><br \/><span style=\"color: #ffffff;\">&#8211; 20:30\u00a0h: Encuentro de los peregrinos en la entrada de san Miguel, seguido de la procesi\u00f3n de las reliquias hasta la Gruta, con recitaci\u00f3n del rosario.<\/span><\/p>\t\t\t\t\t\t\t\t<\/div>\n\t\t\t\t<\/div>\n\t\t\t\t\t<\/div>\n\t\t<\/div>\n\t\t\t\t\t<\/div>\n\t\t<\/section>\n\t\t\t\t\t<\/div>\n\t\t<\/div>\n\t\t\t\t\t<\/div>\n\t\t<\/section>\n\t\t\t\t<section class=\"elementor-section elementor-top-section elementor-element elementor-element-6dccfad elementor-section-boxed elementor-section-height-default elementor-section-height-default\" data-id=\"6dccfad\" data-element_type=\"section\">\n\t\t\t\t\t\t<div class=\"elementor-container elementor-column-gap-default\">\n\t\t\t\t\t<div class=\"elementor-column elementor-col-100 elementor-top-column elementor-element elementor-element-442a832\" data-id=\"442a832\" data-element_type=\"column\">\n\t\t\t<div class=\"elementor-widget-wrap elementor-element-populated\">\n\t\t\t\t\t\t<section class=\"elementor-section elementor-inner-section elementor-element elementor-element-3aefeb1 elementor-section-full_width elementor-section-height-default elementor-section-height-default\" data-id=\"3aefeb1\" data-element_type=\"section\">\n\t\t\t\t\t\t<div class=\"elementor-container elementor-column-gap-default\">\n\t\t\t\t\t<div class=\"elementor-column elementor-col-100 elementor-inner-column elementor-element elementor-element-dbd32c3\" data-id=\"dbd32c3\" data-element_type=\"column\">\n\t\t\t<div class=\"elementor-widget-wrap elementor-element-populated\">\n\t\t\t\t\t\t<div class=\"elementor-element elementor-element-a2c0f26 elementor-widget elementor-widget-text-editor\" data-id=\"a2c0f26\" data-element_type=\"widget\" data-widget_type=\"text-editor.default\">\n\t\t\t\t<div class=\"elementor-widget-container\">\n\t\t\t\t\t\t\t\t\t<p style=\"text-align: center;\"><em><strong><span style=\"color: #ffffff;\">Oraci\u00f3n a santa Bernardita<br \/><\/span><\/strong><\/em><br \/><em><strong><span style=\"color: #ffffff;\">Oh, Santa Bernardita de Lourdes<\/span><\/strong><\/em><br \/><em><strong><span style=\"color: #ffffff;\">que, siendo una ni\u00f1a mansa y pura,<\/span><\/strong><\/em><br \/><em><strong><span style=\"color: #ffffff;\">contemplaste dieciocho veces en<\/span><\/strong><\/em><br \/><em><strong><span style=\"color: #ffffff;\">Lourdes la belleza de la Inmaculada<\/span><\/strong><\/em><br \/><em><strong><span style=\"color: #ffffff;\">Concepci\u00f3n de la Sant\u00edsima Madre de Dios<\/span><\/strong><\/em><br \/><em><strong><span style=\"color: #ffffff;\">y recibiste sus mensajes.<\/span><\/strong><\/em><br \/><em><strong><span style=\"color: #ffffff;\">Quisiste desvanecerte del mundo<\/span><\/strong><\/em><br \/><em><strong><span style=\"color: #ffffff;\">en el convento de Nevers,<\/span><\/strong><\/em><br \/><em><strong><span style=\"color: #ffffff;\">y ofrecerte all\u00ed como v\u00edctima<\/span><\/strong><\/em><br \/><em><strong><span style=\"color: #ffffff;\">por la conversi\u00f3n de los pecadores.<\/span><\/strong><\/em><br \/><em><strong><span style=\"color: #ffffff;\">Te rogamos que, por intercesi\u00f3n de Nuestra<\/span><\/strong><\/em><br \/><em><strong><span style=\"color: #ffffff;\">Se\u00f1ora de Lourdes, nos alcances la gracia<\/span><\/strong><\/em><br \/><em><strong><span style=\"color: #ffffff;\">de la pureza, la sencillez y la mortificaci\u00f3n <\/span><\/strong><\/em><br \/><em><strong><span style=\"color: #ffffff;\">para que tambi\u00e9n nosotros alcancemos la visi\u00f3n <\/span><\/strong><\/em><br \/><em><strong><span style=\"color: #ffffff;\">de Dios y de Mar\u00eda en el Cielo.<\/span><\/strong><\/em><br \/><em><strong><span style=\"color: #ffffff;\">Am\u00e9n.<\/span><\/strong><\/em><br \/><em><strong><span style=\"color: #ffffff;\">Nuestra Se\u00f1ora de Lourdes: Ruega por nosotros.<\/span><\/strong><\/em><\/p>\t\t\t\t\t\t\t\t<\/div>\n\t\t\t\t<\/div>\n\t\t\t\t\t<\/div>\n\t\t<\/div>\n\t\t\t\t\t<\/div>\n\t\t<\/section>\n\t\t\t\t\t<\/div>\n\t\t<\/div>\n\t\t\t\t\t<\/div>\n\t\t<\/section>\n\t\t\t\t<\/div>\n\t\t","protected":false},"excerpt":{"rendered":"<p>Eventos Celebrar a santa Bernardita en Lourdes Celebrar a santa Bernardita en Lourdes Cada a\u00f1o, el 18 de febrero y el 16 de abril, la Iglesia cat\u00f3lica honra a santa Bernardita Soubirous, la joven vidente de Lourdes a quien la &hellip; <a href=\"https:\/\/www.lourdes-france.com\/es\/peregrino-por-un-dia\/fete-de-sainte-bernadette\/\">Continuar<\/a><\/p>\n","protected":false},"author":9,"featured_media":871443,"parent":781850,"menu_order":0,"comment_status":"closed","ping_status":"closed","template":"page-fullwidth.php","meta":{"_acf_changed":false,"footnotes":""},"class_list":["post-872065","page","type-page","status-publish","has-post-thumbnail","hentry"],"acf":[],"yoast_head":"<!-- This site is optimized with the Yoast SEO Premium plugin v24.0 (Yoast SEO v26.3) - https:\/\/yoast.com\/wordpress\/plugins\/seo\/ -->\n<title>F\u00eate de Sainte Bernadette - Vivre le p\u00e8lerinage de Lourdes<\/title>\n<meta name=\"robots\" content=\"index, follow, max-snippet:-1, max-image-preview:large, max-video-preview:-1\" \/>\n<link rel=\"canonical\" href=\"https:\/\/www.lourdes-france.com\/es\/peregrino-por-un-dia\/fete-de-sainte-bernadette\/\" \/>\n<meta property=\"og:locale\" content=\"es_ES\" \/>\n<meta property=\"og:type\" content=\"article\" \/>\n<meta property=\"og:title\" content=\"F\u00eate de Sainte Bernadette\" \/>\n<meta property=\"og:description\" content=\"Eventos Celebrar a santa Bernardita en Lourdes Celebrar a santa Bernardita en Lourdes Cada a\u00f1o, el 18 de febrero y el 16 de abril, la Iglesia cat\u00f3lica honra a santa Bernardita Soubirous, la joven vidente de Lourdes a quien la &hellip; Continuar\" \/>\n<meta property=\"og:url\" content=\"https:\/\/www.lourdes-france.com\/es\/peregrino-por-un-dia\/fete-de-sainte-bernadette\/\" \/>\n<meta property=\"og:site_name\" content=\"Vivre le p\u00e8lerinage de Lourdes\" \/>\n<meta property=\"article:modified_time\" content=\"2026-02-16T08:05:13+00:00\" \/>\n<meta property=\"og:image\" content=\"https:\/\/www.lourdes-france.com\/wp-content\/uploads\/2026\/02\/RetourdesreliquesdesainteBernadette1.jpg\" \/>\n\t<meta property=\"og:image:width\" content=\"1920\" \/>\n\t<meta property=\"og:image:height\" content=\"1280\" \/>\n\t<meta property=\"og:image:type\" content=\"image\/jpeg\" \/>\n<meta name=\"twitter:card\" content=\"summary_large_image\" \/>\n<meta name=\"twitter:label1\" content=\"Tiempo de lectura\" \/>\n\t<meta name=\"twitter:data1\" content=\"2 minutos\" \/>\n<script type=\"application\/ld+json\" class=\"yoast-schema-graph\">{\"@context\":\"https:\/\/schema.org\",\"@graph\":[{\"@type\":\"WebPage\",\"@id\":\"https:\/\/www.lourdes-france.com\/es\/peregrino-por-un-dia\/fete-de-sainte-bernadette\/\",\"url\":\"https:\/\/www.lourdes-france.com\/es\/peregrino-por-un-dia\/fete-de-sainte-bernadette\/\",\"name\":\"F\u00eate de Sainte Bernadette - Vivre le p\u00e8lerinage de Lourdes\",\"isPartOf\":{\"@id\":\"https:\/\/www.lourdes-france.com\/es\/#website\"},\"primaryImageOfPage\":{\"@id\":\"https:\/\/www.lourdes-france.com\/es\/peregrino-por-un-dia\/fete-de-sainte-bernadette\/#primaryimage\"},\"image\":{\"@id\":\"https:\/\/www.lourdes-france.com\/es\/peregrino-por-un-dia\/fete-de-sainte-bernadette\/#primaryimage\"},\"thumbnailUrl\":\"https:\/\/www.lourdes-france.com\/wp-content\/uploads\/2026\/02\/RetourdesreliquesdesainteBernadette1.jpg\",\"datePublished\":\"2026-02-16T07:49:43+00:00\",\"dateModified\":\"2026-02-16T08:05:13+00:00\",\"breadcrumb\":{\"@id\":\"https:\/\/www.lourdes-france.com\/es\/peregrino-por-un-dia\/fete-de-sainte-bernadette\/#breadcrumb\"},\"inLanguage\":\"es\",\"potentialAction\":[{\"@type\":\"ReadAction\",\"target\":[\"https:\/\/www.lourdes-france.com\/es\/peregrino-por-un-dia\/fete-de-sainte-bernadette\/\"]}]},{\"@type\":\"ImageObject\",\"inLanguage\":\"es\",\"@id\":\"https:\/\/www.lourdes-france.com\/es\/peregrino-por-un-dia\/fete-de-sainte-bernadette\/#primaryimage\",\"url\":\"https:\/\/www.lourdes-france.com\/wp-content\/uploads\/2026\/02\/RetourdesreliquesdesainteBernadette1.jpg\",\"contentUrl\":\"https:\/\/www.lourdes-france.com\/wp-content\/uploads\/2026\/02\/RetourdesreliquesdesainteBernadette1.jpg\",\"width\":1920,\"height\":1280,\"caption\":\"Sainte Bernadette \u00e0 Lourdes\"},{\"@type\":\"BreadcrumbList\",\"@id\":\"https:\/\/www.lourdes-france.com\/es\/peregrino-por-un-dia\/fete-de-sainte-bernadette\/#breadcrumb\",\"itemListElement\":[{\"@type\":\"ListItem\",\"position\":1,\"name\":\"Accueil\",\"item\":\"https:\/\/www.lourdes-france.com\/es\/\"},{\"@type\":\"ListItem\",\"position\":2,\"name\":\"Peregrino por un d\u00eda\",\"item\":\"https:\/\/www.lourdes-france.com\/es\/peregrino-por-un-dia\/\"},{\"@type\":\"ListItem\",\"position\":3,\"name\":\"F\u00eate de Sainte Bernadette\"}]},{\"@type\":\"WebSite\",\"@id\":\"https:\/\/www.lourdes-france.com\/es\/#website\",\"url\":\"https:\/\/www.lourdes-france.com\/es\/\",\"name\":\"Sanctuaire Notre-Dame de Lourdes\",\"description\":\"\",\"publisher\":{\"@id\":\"https:\/\/www.lourdes-france.com\/es\/#organization\"},\"potentialAction\":[{\"@type\":\"SearchAction\",\"target\":{\"@type\":\"EntryPoint\",\"urlTemplate\":\"https:\/\/www.lourdes-france.com\/es\/?s={search_term_string}\"},\"query-input\":{\"@type\":\"PropertyValueSpecification\",\"valueRequired\":true,\"valueName\":\"search_term_string\"}}],\"inLanguage\":\"es\"},{\"@type\":\"Organization\",\"@id\":\"https:\/\/www.lourdes-france.com\/es\/#organization\",\"name\":\"Sanctuaire Notre-Dame de Lourdes\",\"url\":\"https:\/\/www.lourdes-france.com\/es\/\",\"logo\":{\"@type\":\"ImageObject\",\"inLanguage\":\"es\",\"@id\":\"https:\/\/www.lourdes-france.com\/es\/#\/schema\/logo\/image\/\",\"url\":\"https:\/\/www.lourdes-france.com\/wp-content\/uploads\/2021\/11\/logo-small.png\",\"contentUrl\":\"https:\/\/www.lourdes-france.com\/wp-content\/uploads\/2021\/11\/logo-small.png\",\"width\":834,\"height\":521,\"caption\":\"Sanctuaire Notre-Dame de Lourdes\"},\"image\":{\"@id\":\"https:\/\/www.lourdes-france.com\/es\/#\/schema\/logo\/image\/\"}}]}<\/script>\n<!-- \/ Yoast SEO Premium plugin. -->","yoast_head_json":{"title":"F\u00eate de Sainte Bernadette - Vivre le p\u00e8lerinage de Lourdes","robots":{"index":"index","follow":"follow","max-snippet":"max-snippet:-1","max-image-preview":"max-image-preview:large","max-video-preview":"max-video-preview:-1"},"canonical":"https:\/\/www.lourdes-france.com\/es\/peregrino-por-un-dia\/fete-de-sainte-bernadette\/","og_locale":"es_ES","og_type":"article","og_title":"F\u00eate de Sainte Bernadette","og_description":"Eventos Celebrar a santa Bernardita en Lourdes Celebrar a santa Bernardita en Lourdes Cada a\u00f1o, el 18 de febrero y el 16 de abril, la Iglesia cat\u00f3lica honra a santa Bernardita Soubirous, la joven vidente de Lourdes a quien la &hellip; Continuar","og_url":"https:\/\/www.lourdes-france.com\/es\/peregrino-por-un-dia\/fete-de-sainte-bernadette\/","og_site_name":"Vivre le p\u00e8lerinage de Lourdes","article_modified_time":"2026-02-16T08:05:13+00:00","og_image":[{"width":1920,"height":1280,"url":"https:\/\/www.lourdes-france.com\/wp-content\/uploads\/2026\/02\/RetourdesreliquesdesainteBernadette1.jpg","type":"image\/jpeg"}],"twitter_card":"summary_large_image","twitter_misc":{"Tiempo de lectura":"2 minutos"},"schema":{"@context":"https:\/\/schema.org","@graph":[{"@type":"WebPage","@id":"https:\/\/www.lourdes-france.com\/es\/peregrino-por-un-dia\/fete-de-sainte-bernadette\/","url":"https:\/\/www.lourdes-france.com\/es\/peregrino-por-un-dia\/fete-de-sainte-bernadette\/","name":"F\u00eate de Sainte Bernadette - Vivre le p\u00e8lerinage de Lourdes","isPartOf":{"@id":"https:\/\/www.lourdes-france.com\/es\/#website"},"primaryImageOfPage":{"@id":"https:\/\/www.lourdes-france.com\/es\/peregrino-por-un-dia\/fete-de-sainte-bernadette\/#primaryimage"},"image":{"@id":"https:\/\/www.lourdes-france.com\/es\/peregrino-por-un-dia\/fete-de-sainte-bernadette\/#primaryimage"},"thumbnailUrl":"https:\/\/www.lourdes-france.com\/wp-content\/uploads\/2026\/02\/RetourdesreliquesdesainteBernadette1.jpg","datePublished":"2026-02-16T07:49:43+00:00","dateModified":"2026-02-16T08:05:13+00:00","breadcrumb":{"@id":"https:\/\/www.lourdes-france.com\/es\/peregrino-por-un-dia\/fete-de-sainte-bernadette\/#breadcrumb"},"inLanguage":"es","potentialAction":[{"@type":"ReadAction","target":["https:\/\/www.lourdes-france.com\/es\/peregrino-por-un-dia\/fete-de-sainte-bernadette\/"]}]},{"@type":"ImageObject","inLanguage":"es","@id":"https:\/\/www.lourdes-france.com\/es\/peregrino-por-un-dia\/fete-de-sainte-bernadette\/#primaryimage","url":"https:\/\/www.lourdes-france.com\/wp-content\/uploads\/2026\/02\/RetourdesreliquesdesainteBernadette1.jpg","contentUrl":"https:\/\/www.lourdes-france.com\/wp-content\/uploads\/2026\/02\/RetourdesreliquesdesainteBernadette1.jpg","width":1920,"height":1280,"caption":"Sainte Bernadette \u00e0 Lourdes"},{"@type":"BreadcrumbList","@id":"https:\/\/www.lourdes-france.com\/es\/peregrino-por-un-dia\/fete-de-sainte-bernadette\/#breadcrumb","itemListElement":[{"@type":"ListItem","position":1,"name":"Accueil","item":"https:\/\/www.lourdes-france.com\/es\/"},{"@type":"ListItem","position":2,"name":"Peregrino por un d\u00eda","item":"https:\/\/www.lourdes-france.com\/es\/peregrino-por-un-dia\/"},{"@type":"ListItem","position":3,"name":"F\u00eate de Sainte Bernadette"}]},{"@type":"WebSite","@id":"https:\/\/www.lourdes-france.com\/es\/#website","url":"https:\/\/www.lourdes-france.com\/es\/","name":"Sanctuaire Notre-Dame de Lourdes","description":"","publisher":{"@id":"https:\/\/www.lourdes-france.com\/es\/#organization"},"potentialAction":[{"@type":"SearchAction","target":{"@type":"EntryPoint","urlTemplate":"https:\/\/www.lourdes-france.com\/es\/?s={search_term_string}"},"query-input":{"@type":"PropertyValueSpecification","valueRequired":true,"valueName":"search_term_string"}}],"inLanguage":"es"},{"@type":"Organization","@id":"https:\/\/www.lourdes-france.com\/es\/#organization","name":"Sanctuaire Notre-Dame de Lourdes","url":"https:\/\/www.lourdes-france.com\/es\/","logo":{"@type":"ImageObject","inLanguage":"es","@id":"https:\/\/www.lourdes-france.com\/es\/#\/schema\/logo\/image\/","url":"https:\/\/www.lourdes-france.com\/wp-content\/uploads\/2021\/11\/logo-small.png","contentUrl":"https:\/\/www.lourdes-france.com\/wp-content\/uploads\/2021\/11\/logo-small.png","width":834,"height":521,"caption":"Sanctuaire Notre-Dame de Lourdes"},"image":{"@id":"https:\/\/www.lourdes-france.com\/es\/#\/schema\/logo\/image\/"}}]}},"_links":{"self":[{"href":"https:\/\/www.lourdes-france.com\/es\/wp-json\/wp\/v2\/pages\/872065","targetHints":{"allow":["GET"]}}],"collection":[{"href":"https:\/\/www.lourdes-france.com\/es\/wp-json\/wp\/v2\/pages"}],"about":[{"href":"https:\/\/www.lourdes-france.com\/es\/wp-json\/wp\/v2\/types\/page"}],"author":[{"embeddable":true,"href":"https:\/\/www.lourdes-france.com\/es\/wp-json\/wp\/v2\/users\/9"}],"replies":[{"embeddable":true,"href":"https:\/\/www.lourdes-france.com\/es\/wp-json\/wp\/v2\/comments?post=872065"}],"version-history":[{"count":6,"href":"https:\/\/www.lourdes-france.com\/es\/wp-json\/wp\/v2\/pages\/872065\/revisions"}],"predecessor-version":[{"id":872071,"href":"https:\/\/www.lourdes-france.com\/es\/wp-json\/wp\/v2\/pages\/872065\/revisions\/872071"}],"up":[{"embeddable":true,"href":"https:\/\/www.lourdes-france.com\/es\/wp-json\/wp\/v2\/pages\/781850"}],"wp:featuredmedia":[{"embeddable":true,"href":"https:\/\/www.lourdes-france.com\/es\/wp-json\/wp\/v2\/media\/871443"}],"wp:attachment":[{"href":"https:\/\/www.lourdes-france.com\/es\/wp-json\/wp\/v2\/media?parent=872065"}],"curies":[{"name":"wp","href":"https:\/\/api.w.org\/{rel}","templated":true}]}}