{"id":869775,"date":"2024-01-29T15:41:18","date_gmt":"2024-01-29T14:41:18","guid":{"rendered":"https:\/\/www.lourdes-france.com\/peregrino-por-un-dia\/11-fevrier-fete-de-notre-dame-de-lourdes\/"},"modified":"2024-01-29T15:41:18","modified_gmt":"2024-01-29T14:41:18","slug":"11-fevrier-fete-de-notre-dame-de-lourdes","status":"publish","type":"page","link":"https:\/\/www.lourdes-france.com\/es\/peregrino-por-un-dia\/11-fevrier-fete-de-notre-dame-de-lourdes\/","title":{"rendered":"11 f\u00e9vrier,<br>f\u00eate de Notre-Dame de Lourdes"},"content":{"rendered":"\t\t<div data-elementor-type=\"wp-page\" data-elementor-id=\"869775\" class=\"elementor elementor-869775 elementor-817197\" data-elementor-post-type=\"page\">\n\t\t\t\t\t\t<section class=\"elementor-section elementor-top-section elementor-element elementor-element-32cdca5 elementor-section-full_width elementor-section-stretched elementor-section-height-default elementor-section-height-default\" data-id=\"32cdca5\" data-element_type=\"section\" data-settings=\"{&quot;stretch_section&quot;:&quot;section-stretched&quot;,&quot;background_background&quot;:&quot;classic&quot;}\">\n\t\t\t\t\t\t\t<div class=\"elementor-background-overlay\"><\/div>\n\t\t\t\t\t\t\t<div class=\"elementor-container elementor-column-gap-default\">\n\t\t\t\t\t<div class=\"elementor-column elementor-col-50 elementor-top-column elementor-element elementor-element-96a6960\" data-id=\"96a6960\" data-element_type=\"column\">\n\t\t\t<div class=\"elementor-widget-wrap elementor-element-populated\">\n\t\t\t\t\t\t<div class=\"elementor-element elementor-element-2addfa8 elementor-view-stacked elementor-shape-circle elementor-widget elementor-widget-icon\" data-id=\"2addfa8\" data-element_type=\"widget\" data-widget_type=\"icon.default\">\n\t\t\t\t<div class=\"elementor-widget-container\">\n\t\t\t\t\t\t\t<div class=\"elementor-icon-wrapper\">\n\t\t\t<div class=\"elementor-icon\">\n\t\t\t<i aria-hidden=\"true\" class=\"fas fa-praying-hands\"><\/i>\t\t\t<\/div>\n\t\t<\/div>\n\t\t\t\t\t\t<\/div>\n\t\t\t\t<\/div>\n\t\t\t\t<div class=\"elementor-element elementor-element-80d15b3 elementor-widget elementor-widget-ucaddon_blox_line_text_divider\" data-id=\"80d15b3\" data-element_type=\"widget\" data-widget_type=\"ucaddon_blox_line_text_divider.default\">\n\t\t\t\t<div class=\"elementor-widget-container\">\n\t\t\t\t\t\n<!-- start Line Text Divider -->\n<style>\/* widget: Line Text Divider *\/\n\n#uc_blox_line_text_divider_elementor_80d15b3 {\n  translate: 0 50%;\n}\n#uc_blox_line_text_divider_elementor_80d15b3 div.blox_hr\n{\n  display:inline-block;\n  width:100%;\n  height: 1px;\n}\n#uc_blox_line_text_divider_elementor_80d15b3 div.blox_hr_txt\n{\n  display: inline-block;\n  position: relative;\n  margin: 0;\n  text-align: center;\n  transform: translateY(calc(-50% + 0.5px));\n}\n\n<\/style>\n\n<div id=\"uc_blox_line_text_divider_elementor_80d15b3\" style=\"text-align:left;\">\n  <div class=\"blox_hr\"><div class=\"blox_hr_txt\">\u00c9venement<\/div><\/div>\n<\/div>\n<!-- end Line Text Divider -->\t\t\t\t<\/div>\n\t\t\t\t<\/div>\n\t\t\t\t<div class=\"elementor-element elementor-element-b6626b6 elementor-widget elementor-widget-heading\" data-id=\"b6626b6\" data-element_type=\"widget\" data-widget_type=\"heading.default\">\n\t\t\t\t<div class=\"elementor-widget-container\">\n\t\t\t\t\t<h2 class=\"elementor-heading-title elementor-size-default\">11 f\u00e9vrier, \nF\u00eate de Notre-Dame de Lourdes<\/h2>\t\t\t\t<\/div>\n\t\t\t\t<\/div>\n\t\t\t\t\t<\/div>\n\t\t<\/div>\n\t\t\t\t<div class=\"elementor-column elementor-col-50 elementor-top-column elementor-element elementor-element-8ae6c68\" data-id=\"8ae6c68\" data-element_type=\"column\">\n\t\t\t<div class=\"elementor-widget-wrap elementor-element-populated\">\n\t\t\t\t\t\t<div class=\"elementor-element elementor-element-721e486 elementor-widget elementor-widget-spacer\" data-id=\"721e486\" data-element_type=\"widget\" data-widget_type=\"spacer.default\">\n\t\t\t\t<div class=\"elementor-widget-container\">\n\t\t\t\t\t\t\t<div class=\"elementor-spacer\">\n\t\t\t<div class=\"elementor-spacer-inner\"><\/div>\n\t\t<\/div>\n\t\t\t\t\t\t<\/div>\n\t\t\t\t<\/div>\n\t\t\t\t\t<\/div>\n\t\t<\/div>\n\t\t\t\t\t<\/div>\n\t\t<\/section>\n\t\t\t\t<section class=\"elementor-section elementor-top-section elementor-element elementor-element-6f47dd1 elementor-section-full_width elementor-section-stretched elementor-section-height-default elementor-section-height-default\" data-id=\"6f47dd1\" data-element_type=\"section\" data-settings=\"{&quot;stretch_section&quot;:&quot;section-stretched&quot;,&quot;background_background&quot;:&quot;classic&quot;}\">\n\t\t\t\t\t\t<div class=\"elementor-container elementor-column-gap-default\">\n\t\t\t\t\t<div class=\"elementor-column elementor-col-100 elementor-top-column elementor-element elementor-element-ac11489\" data-id=\"ac11489\" data-element_type=\"column\">\n\t\t\t<div class=\"elementor-widget-wrap elementor-element-populated\">\n\t\t\t\t\t\t<div class=\"elementor-element elementor-element-8bc6baf elementor-widget elementor-widget-heading\" data-id=\"8bc6baf\" data-element_type=\"widget\" data-widget_type=\"heading.default\">\n\t\t\t\t<div class=\"elementor-widget-container\">\n\t\t\t\t\t<h2 class=\"elementor-heading-title elementor-size-default\">11 f\u00e9vrier, \nF\u00eate de Notre-Dame de Lourdes<\/h2>\t\t\t\t<\/div>\n\t\t\t\t<\/div>\n\t\t\t\t<section class=\"elementor-section elementor-inner-section elementor-element elementor-element-3976b9c elementor-section-full_width elementor-section-height-default elementor-section-height-default\" data-id=\"3976b9c\" data-element_type=\"section\">\n\t\t\t\t\t\t<div class=\"elementor-container elementor-column-gap-default\">\n\t\t\t\t\t<div class=\"elementor-column elementor-col-100 elementor-inner-column elementor-element elementor-element-38239c0\" data-id=\"38239c0\" data-element_type=\"column\">\n\t\t\t<div class=\"elementor-widget-wrap elementor-element-populated\">\n\t\t\t\t\t\t<div class=\"elementor-element elementor-element-e4dbd99 elementor-widget elementor-widget-text-editor\" data-id=\"e4dbd99\" data-element_type=\"widget\" data-widget_type=\"text-editor.default\">\n\t\t\t\t<div class=\"elementor-widget-container\">\n\t\t\t\t\t\t\t\t\t<p><span style=\"color: #ffffff;\"><b>Le Sanctuaire de Lourdes vous invite \u00e0 c\u00e9l\u00e9brer la f\u00eate de Notre-Dame Lourdes \u00e0 la Grotte de Massabielle. Des milliers de p\u00e8lerins sont attendus pour c\u00e9l\u00e9brer et prier ensemble Notre-Dame. Venez vivre cette belle f\u00eate dans ce lieu o\u00f9 les malades ont toujours la premi\u00e8re place.<span class=\"Apple-converted-space\">\u00a0<\/span><\/b><\/span><\/p>\t\t\t\t\t\t\t\t<\/div>\n\t\t\t\t<\/div>\n\t\t\t\t\t<\/div>\n\t\t<\/div>\n\t\t\t\t\t<\/div>\n\t\t<\/section>\n\t\t\t\t<div class=\"elementor-element elementor-element-ab39955 elementor-widget elementor-widget-heading\" data-id=\"ab39955\" data-element_type=\"widget\" data-widget_type=\"heading.default\">\n\t\t\t\t<div class=\"elementor-widget-container\">\n\t\t\t\t\t<h2 class=\"elementor-heading-title elementor-size-default\">Programme\u00a0: \n<\/h2>\t\t\t\t<\/div>\n\t\t\t\t<\/div>\n\t\t\t\t<section class=\"elementor-section elementor-inner-section elementor-element elementor-element-a3c2381 elementor-section-full_width elementor-section-height-default elementor-section-height-default\" data-id=\"a3c2381\" data-element_type=\"section\">\n\t\t\t\t\t\t<div class=\"elementor-container elementor-column-gap-default\">\n\t\t\t\t\t<div class=\"elementor-column elementor-col-33 elementor-inner-column elementor-element elementor-element-0003ab1\" data-id=\"0003ab1\" data-element_type=\"column\">\n\t\t\t<div class=\"elementor-widget-wrap elementor-element-populated\">\n\t\t\t\t\t\t<div class=\"elementor-element elementor-element-644dafa elementor-widget elementor-widget-image\" data-id=\"644dafa\" data-element_type=\"widget\" data-widget_type=\"image.default\">\n\t\t\t\t<div class=\"elementor-widget-container\">\n\t\t\t\t\t\t\t\t\t\t\t\t\t\t\t\t<a href=\"https:\/\/www.lourdes-france.com\/wp-content\/uploads\/2024\/10\/LaViergedelaGrotte2-min-scaled.jpg\" data-elementor-open-lightbox=\"yes\" data-elementor-lightbox-title=\"LaViergedelaGrotte(2)-min\" data-e-action-hash=\"#elementor-action%3Aaction%3Dlightbox%26settings%3DeyJpZCI6ODM3MzI0LCJ1cmwiOiJodHRwczpcL1wvd3d3LmxvdXJkZXMtZnJhbmNlLmNvbVwvd3AtY29udGVudFwvdXBsb2Fkc1wvMjAyNFwvMTBcL0xhVmllcmdlZGVsYUdyb3R0ZTItbWluLXNjYWxlZC5qcGcifQ%3D%3D\">\n\t\t\t\t\t\t\t<img fetchpriority=\"high\" decoding=\"async\" width=\"683\" height=\"1024\" src=\"https:\/\/www.lourdes-france.com\/wp-content\/uploads\/2024\/10\/LaViergedelaGrotte2-min-683x1024.jpg\" class=\"attachment-large size-large wp-image-837324\" alt=\"\" srcset=\"https:\/\/www.lourdes-france.com\/wp-content\/uploads\/2024\/10\/LaViergedelaGrotte2-min-683x1024.jpg 683w, https:\/\/www.lourdes-france.com\/wp-content\/uploads\/2024\/10\/LaViergedelaGrotte2-min-200x300.jpg 200w, https:\/\/www.lourdes-france.com\/wp-content\/uploads\/2024\/10\/LaViergedelaGrotte2-min-768x1152.jpg 768w, https:\/\/www.lourdes-france.com\/wp-content\/uploads\/2024\/10\/LaViergedelaGrotte2-min-1024x1536.jpg 1024w, https:\/\/www.lourdes-france.com\/wp-content\/uploads\/2024\/10\/LaViergedelaGrotte2-min-1365x2048.jpg 1365w, https:\/\/www.lourdes-france.com\/wp-content\/uploads\/2024\/10\/LaViergedelaGrotte2-min-scaled.jpg 1707w\" sizes=\"(max-width: 683px) 100vw, 683px\" \/>\t\t\t\t\t\t\t\t<\/a>\n\t\t\t\t\t\t\t\t\t\t\t\t\t\t\t<\/div>\n\t\t\t\t<\/div>\n\t\t\t\t\t<\/div>\n\t\t<\/div>\n\t\t\t\t<div class=\"elementor-column elementor-col-66 elementor-inner-column elementor-element elementor-element-e647ad4\" data-id=\"e647ad4\" data-element_type=\"column\">\n\t\t\t<div class=\"elementor-widget-wrap elementor-element-populated\">\n\t\t\t\t\t\t<div class=\"elementor-element elementor-element-abee308 elementor-widget elementor-widget-text-editor\" data-id=\"abee308\" data-element_type=\"widget\" data-widget_type=\"text-editor.default\">\n\t\t\t\t<div class=\"elementor-widget-container\">\n\t\t\t\t\t\t\t\t\t<p><strong>8h00\u00a0:<\/strong> Laudes \u00e0 la basilique du Rosaire avec les chapelains du Sanctuaire<br \/><strong>10h00 :<\/strong> Messe internationale \u00e0 la basilique de Saint-Pie X, pr\u00e9sid\u00e9e par Mgr Jean-Marc Micas, \u00e9v\u00eaque de Tarbes et Lourdes<br \/><strong>12h00 :<\/strong> Ang\u00e9lus \u00e0 la Grotte et \u00e9<i>vocation de l\u2019Apparition<br \/><\/i><strong>12h30 :<\/strong> Chapelet en ukrainien<br \/><strong>13h00 :<span class=\"Apple-converted-space\">\u00a0 <\/span><\/strong>Chapelet en portugais<br \/><strong>13h30 :<\/strong><span class=\"Apple-converted-space\">\u00a0 <\/span>Chapelet en arabe<br \/><strong>14h00 :<\/strong><span class=\"Apple-converted-space\">\u00a0\u00a0<\/span>Chapelet en allemand<br \/><strong>14h30<\/strong><span class=\"Apple-converted-space\"><strong> :<\/strong>\u00a0<\/span>Chapelet en polonais<br \/><strong>15h00<\/strong><span class=\"Apple-converted-space\"><strong> :<\/strong>\u00a0<\/span>Chapelet en anglais<br \/><strong>15h30 :<\/strong> Chapelet en fran\u00e7ais<br \/><strong>16h15<span class=\"Apple-converted-space\"> :\u00a0<\/span><\/strong>Chapelet en espagnol<br \/><strong>16h15 :<\/strong> Conf\u00e9rence par le P. Charles Form\u00e9ry : \u00ab Je te salue, combl\u00e9e de gr\u00e2ce, le Seigneur est avec toi \u00bb<br \/><strong>17h00 :<\/strong> Adoration et b\u00e9n\u00e9diction du Saint Sacrement \u00e0 la basilique de Saint-Pie X<span class=\"Apple-converted-space\">\u00a0<br \/><\/span><strong>18h00<span class=\"Apple-converted-space\"> :\u00a0<\/span><\/strong>Chapelet en italien<br \/><strong>18h45 :<\/strong> Chapelet et n\u00e9erlandais<span class=\"Apple-converted-space\">\u00a0<br \/><\/span><strong>19h30 :<\/strong> Messe des Am\u00e9riques \u00e0 la Grotte des Apparitions<br \/><strong>21h00 :<\/strong> Procession aux flambeaux<\/p>\t\t\t\t\t\t\t\t<\/div>\n\t\t\t\t<\/div>\n\t\t\t\t\t<\/div>\n\t\t<\/div>\n\t\t\t\t\t<\/div>\n\t\t<\/section>\n\t\t\t\t<div class=\"elementor-element elementor-element-0bb97b1 elementor-widget elementor-widget-text-editor\" data-id=\"0bb97b1\" data-element_type=\"widget\" data-widget_type=\"text-editor.default\">\n\t\t\t\t<div class=\"elementor-widget-container\">\n\t\t\t\t\t\t\t\t\t<p>C\u2019est un 11 f\u00e9vrier 1858 qu\u2019une jeune fille de 14 ans sort d\u2019un cachot humide, noir et sale, pour aller chercher du bois mort, et ainsi mettre un peu de lumi\u00e8re et chaleur \u00e0 la triste vie du cachot. Elle d\u00e9cide d\u2019aller vers la grotte de Massabielle, car c\u2019est un lieu communal et personne pourra la traiter de voleuse. Un lieu o\u00f9 m\u00eame le soleil n\u2019est pas capable d\u2019entrer tellement son orientation l\u2019en emp\u00eache.<span class=\"Apple-converted-space\">\u00a0<\/span><\/p><p>C\u2019est l\u00e0 que la lumi\u00e8re du ciel vient \u00e9clairer la vie de la pauvre Bernadette. C\u2019est l\u00e0 qu\u2019aujourd\u2019hui une foule immense vient se recueillir pour retrouver la lumi\u00e8re du ciel. Une foule qui vient chercher l\u2019eau vive, l\u2019eau du bapt\u00eame\u2026 <i>Venez et voyez\u00a0<\/i>!<span class=\"Apple-converted-space\">\u00a0<\/span><\/p><p>Prions Notre-Dame ensemble, qu\u2019on soit \u00e0 Lourdes physiquement ou avec le c\u0153ur.<span class=\"Apple-converted-space\">\u00a0<\/span><\/p>\t\t\t\t\t\t\t\t<\/div>\n\t\t\t\t<\/div>\n\t\t\t\t<div class=\"elementor-element elementor-element-892b9ed elementor-widget elementor-widget-heading\" data-id=\"892b9ed\" data-element_type=\"widget\" data-widget_type=\"heading.default\">\n\t\t\t\t<div class=\"elementor-widget-container\">\n\t\t\t\t\t<h2 class=\"elementor-heading-title elementor-size-default\">\u00c9vocation de la premi\u00e8re apparition\u00a0:<\/h2>\t\t\t\t<\/div>\n\t\t\t\t<\/div>\n\t\t\t\t<div class=\"elementor-element elementor-element-35a8b51 elementor-widget elementor-widget-text-editor\" data-id=\"35a8b51\" data-element_type=\"widget\" data-widget_type=\"text-editor.default\">\n\t\t\t\t<div class=\"elementor-widget-container\">\n\t\t\t\t\t\t\t\t\t<p>\u00ab\u00a0<i>Accompagn\u00e9e de sa s\u0153ur et d\u2019une amie, Bernadette se rend \u00e0 Massabielle, le long du Gave, pour ramasser des os et du bois mort. Enlevant ses bas pour traverser le ruisseau et aller dans la Grotte, elle entend un bruit qui ressemblait \u00e0 un coup de vent, elle l\u00e8ve la t\u00eate vers la Grotte : \u00ab\u00a0J\u2019aper\u00e7us une dame v\u00eatue de blanc : elle portait une robe blanche, un voile blanc \u00e9galement, une ceinture bleue et une rose jaune sur chaque pied. \u00bb Bernadette fait le signe de la croix et r\u00e9cite le chapelet avec la Dame. La pri\u00e8re termin\u00e9e, la Dame dispara\u00eet brusquement.\u00a0\u00bb<\/i><\/p>\t\t\t\t\t\t\t\t<\/div>\n\t\t\t\t<\/div>\n\t\t\t\t\t<\/div>\n\t\t<\/div>\n\t\t\t\t\t<\/div>\n\t\t<\/section>\n\t\t\t\t<\/div>\n\t\t","protected":false},"excerpt":{"rendered":"<p>\u00c9venement 11 f\u00e9vrier, F\u00eate de Notre-Dame de Lourdes 11 f\u00e9vrier, F\u00eate de Notre-Dame de Lourdes Le Sanctuaire de Lourdes vous invite \u00e0 c\u00e9l\u00e9brer la f\u00eate de Notre-Dame Lourdes \u00e0 la Grotte de Massabielle. Des milliers de p\u00e8lerins sont attendus pour &hellip; <a href=\"https:\/\/www.lourdes-france.com\/es\/peregrino-por-un-dia\/11-fevrier-fete-de-notre-dame-de-lourdes\/\">Continuar<\/a><\/p>\n","protected":false},"author":7,"featured_media":817052,"parent":781850,"menu_order":0,"comment_status":"closed","ping_status":"closed","template":"","meta":{"_acf_changed":false,"footnotes":""},"class_list":["post-869775","page","type-page","status-publish","has-post-thumbnail","hentry"],"acf":[],"yoast_head":"<!-- This site is optimized with the Yoast SEO Premium plugin v24.0 (Yoast SEO v26.3) - https:\/\/yoast.com\/wordpress\/plugins\/seo\/ -->\n<title>11 f\u00e9vrier,f\u00eate de Notre-Dame de Lourdes - Vivre le p\u00e8lerinage de Lourdes<\/title>\n<meta name=\"robots\" content=\"index, follow, max-snippet:-1, max-image-preview:large, max-video-preview:-1\" \/>\n<link rel=\"canonical\" href=\"https:\/\/www.lourdes-france.com\/es\/peregrino-por-un-dia\/11-fevrier-fete-de-notre-dame-de-lourdes\/\" \/>\n<meta property=\"og:locale\" content=\"es_ES\" \/>\n<meta property=\"og:type\" content=\"article\" \/>\n<meta property=\"og:title\" content=\"11 f\u00e9vrier,f\u00eate de Notre-Dame de Lourdes\" \/>\n<meta property=\"og:description\" content=\"\u00c9venement 11 f\u00e9vrier, F\u00eate de Notre-Dame de Lourdes 11 f\u00e9vrier, F\u00eate de Notre-Dame de Lourdes Le Sanctuaire de Lourdes vous invite \u00e0 c\u00e9l\u00e9brer la f\u00eate de Notre-Dame Lourdes \u00e0 la Grotte de Massabielle. Des milliers de p\u00e8lerins sont attendus pour &hellip; Continuar\" \/>\n<meta property=\"og:url\" content=\"https:\/\/www.lourdes-france.com\/es\/peregrino-por-un-dia\/11-fevrier-fete-de-notre-dame-de-lourdes\/\" \/>\n<meta property=\"og:site_name\" content=\"Vivre le p\u00e8lerinage de Lourdes\" \/>\n<meta property=\"og:image\" content=\"https:\/\/www.lourdes-france.com\/wp-content\/uploads\/2024\/10\/LaViergedelaGrotte2-min-683x1024.jpg\" \/>\n<meta name=\"twitter:card\" content=\"summary_large_image\" \/>\n<meta name=\"twitter:label1\" content=\"Tiempo de lectura\" \/>\n\t<meta name=\"twitter:data1\" content=\"2 minutos\" \/>\n<script type=\"application\/ld+json\" class=\"yoast-schema-graph\">{\"@context\":\"https:\/\/schema.org\",\"@graph\":[{\"@type\":\"WebPage\",\"@id\":\"https:\/\/www.lourdes-france.com\/es\/peregrino-por-un-dia\/11-fevrier-fete-de-notre-dame-de-lourdes\/\",\"url\":\"https:\/\/www.lourdes-france.com\/es\/peregrino-por-un-dia\/11-fevrier-fete-de-notre-dame-de-lourdes\/\",\"name\":\"11 f\u00e9vrier, f\u00eate de Notre-Dame de Lourdes - Vivre le p\u00e8lerinage de Lourdes\",\"isPartOf\":{\"@id\":\"https:\/\/www.lourdes-france.com\/es\/#website\"},\"primaryImageOfPage\":{\"@id\":\"https:\/\/www.lourdes-france.com\/es\/peregrino-por-un-dia\/11-fevrier-fete-de-notre-dame-de-lourdes\/#primaryimage\"},\"image\":{\"@id\":\"https:\/\/www.lourdes-france.com\/es\/peregrino-por-un-dia\/11-fevrier-fete-de-notre-dame-de-lourdes\/#primaryimage\"},\"thumbnailUrl\":\"https:\/\/www.lourdes-france.com\/wp-content\/uploads\/2024\/01\/bandeau-actualite_FR.png\",\"datePublished\":\"2024-01-29T14:41:18+00:00\",\"breadcrumb\":{\"@id\":\"https:\/\/www.lourdes-france.com\/es\/peregrino-por-un-dia\/11-fevrier-fete-de-notre-dame-de-lourdes\/#breadcrumb\"},\"inLanguage\":\"es\",\"potentialAction\":[{\"@type\":\"ReadAction\",\"target\":[\"https:\/\/www.lourdes-france.com\/es\/peregrino-por-un-dia\/11-fevrier-fete-de-notre-dame-de-lourdes\/\"]}]},{\"@type\":\"ImageObject\",\"inLanguage\":\"es\",\"@id\":\"https:\/\/www.lourdes-france.com\/es\/peregrino-por-un-dia\/11-fevrier-fete-de-notre-dame-de-lourdes\/#primaryimage\",\"url\":\"https:\/\/www.lourdes-france.com\/wp-content\/uploads\/2024\/01\/bandeau-actualite_FR.png\",\"contentUrl\":\"https:\/\/www.lourdes-france.com\/wp-content\/uploads\/2024\/01\/bandeau-actualite_FR.png\",\"width\":4000,\"height\":2667,\"caption\":\"11 f\u00e9vrier\"},{\"@type\":\"BreadcrumbList\",\"@id\":\"https:\/\/www.lourdes-france.com\/es\/peregrino-por-un-dia\/11-fevrier-fete-de-notre-dame-de-lourdes\/#breadcrumb\",\"itemListElement\":[{\"@type\":\"ListItem\",\"position\":1,\"name\":\"Accueil\",\"item\":\"https:\/\/www.lourdes-france.com\/es\/\"},{\"@type\":\"ListItem\",\"position\":2,\"name\":\"Peregrino por un d\u00eda\",\"item\":\"https:\/\/www.lourdes-france.com\/es\/peregrino-por-un-dia\/\"},{\"@type\":\"ListItem\",\"position\":3,\"name\":\"11 f\u00e9vrier,f\u00eate de Notre-Dame de Lourdes\"}]},{\"@type\":\"WebSite\",\"@id\":\"https:\/\/www.lourdes-france.com\/es\/#website\",\"url\":\"https:\/\/www.lourdes-france.com\/es\/\",\"name\":\"Sanctuaire Notre-Dame de Lourdes\",\"description\":\"\",\"publisher\":{\"@id\":\"https:\/\/www.lourdes-france.com\/es\/#organization\"},\"potentialAction\":[{\"@type\":\"SearchAction\",\"target\":{\"@type\":\"EntryPoint\",\"urlTemplate\":\"https:\/\/www.lourdes-france.com\/es\/?s={search_term_string}\"},\"query-input\":{\"@type\":\"PropertyValueSpecification\",\"valueRequired\":true,\"valueName\":\"search_term_string\"}}],\"inLanguage\":\"es\"},{\"@type\":\"Organization\",\"@id\":\"https:\/\/www.lourdes-france.com\/es\/#organization\",\"name\":\"Sanctuaire Notre-Dame de Lourdes\",\"url\":\"https:\/\/www.lourdes-france.com\/es\/\",\"logo\":{\"@type\":\"ImageObject\",\"inLanguage\":\"es\",\"@id\":\"https:\/\/www.lourdes-france.com\/es\/#\/schema\/logo\/image\/\",\"url\":\"https:\/\/www.lourdes-france.com\/wp-content\/uploads\/2021\/11\/logo-small.png\",\"contentUrl\":\"https:\/\/www.lourdes-france.com\/wp-content\/uploads\/2021\/11\/logo-small.png\",\"width\":834,\"height\":521,\"caption\":\"Sanctuaire Notre-Dame de Lourdes\"},\"image\":{\"@id\":\"https:\/\/www.lourdes-france.com\/es\/#\/schema\/logo\/image\/\"}}]}<\/script>\n<!-- \/ Yoast SEO Premium plugin. -->","yoast_head_json":{"title":"11 f\u00e9vrier,f\u00eate de Notre-Dame de Lourdes - Vivre le p\u00e8lerinage de Lourdes","robots":{"index":"index","follow":"follow","max-snippet":"max-snippet:-1","max-image-preview":"max-image-preview:large","max-video-preview":"max-video-preview:-1"},"canonical":"https:\/\/www.lourdes-france.com\/es\/peregrino-por-un-dia\/11-fevrier-fete-de-notre-dame-de-lourdes\/","og_locale":"es_ES","og_type":"article","og_title":"11 f\u00e9vrier,f\u00eate de Notre-Dame de Lourdes","og_description":"\u00c9venement 11 f\u00e9vrier, F\u00eate de Notre-Dame de Lourdes 11 f\u00e9vrier, F\u00eate de Notre-Dame de Lourdes Le Sanctuaire de Lourdes vous invite \u00e0 c\u00e9l\u00e9brer la f\u00eate de Notre-Dame Lourdes \u00e0 la Grotte de Massabielle. Des milliers de p\u00e8lerins sont attendus pour &hellip; Continuar","og_url":"https:\/\/www.lourdes-france.com\/es\/peregrino-por-un-dia\/11-fevrier-fete-de-notre-dame-de-lourdes\/","og_site_name":"Vivre le p\u00e8lerinage de Lourdes","og_image":[{"url":"https:\/\/www.lourdes-france.com\/wp-content\/uploads\/2024\/10\/LaViergedelaGrotte2-min-683x1024.jpg","type":"","width":"","height":""}],"twitter_card":"summary_large_image","twitter_misc":{"Tiempo de lectura":"2 minutos"},"schema":{"@context":"https:\/\/schema.org","@graph":[{"@type":"WebPage","@id":"https:\/\/www.lourdes-france.com\/es\/peregrino-por-un-dia\/11-fevrier-fete-de-notre-dame-de-lourdes\/","url":"https:\/\/www.lourdes-france.com\/es\/peregrino-por-un-dia\/11-fevrier-fete-de-notre-dame-de-lourdes\/","name":"11 f\u00e9vrier, f\u00eate de Notre-Dame de Lourdes - Vivre le p\u00e8lerinage de Lourdes","isPartOf":{"@id":"https:\/\/www.lourdes-france.com\/es\/#website"},"primaryImageOfPage":{"@id":"https:\/\/www.lourdes-france.com\/es\/peregrino-por-un-dia\/11-fevrier-fete-de-notre-dame-de-lourdes\/#primaryimage"},"image":{"@id":"https:\/\/www.lourdes-france.com\/es\/peregrino-por-un-dia\/11-fevrier-fete-de-notre-dame-de-lourdes\/#primaryimage"},"thumbnailUrl":"https:\/\/www.lourdes-france.com\/wp-content\/uploads\/2024\/01\/bandeau-actualite_FR.png","datePublished":"2024-01-29T14:41:18+00:00","breadcrumb":{"@id":"https:\/\/www.lourdes-france.com\/es\/peregrino-por-un-dia\/11-fevrier-fete-de-notre-dame-de-lourdes\/#breadcrumb"},"inLanguage":"es","potentialAction":[{"@type":"ReadAction","target":["https:\/\/www.lourdes-france.com\/es\/peregrino-por-un-dia\/11-fevrier-fete-de-notre-dame-de-lourdes\/"]}]},{"@type":"ImageObject","inLanguage":"es","@id":"https:\/\/www.lourdes-france.com\/es\/peregrino-por-un-dia\/11-fevrier-fete-de-notre-dame-de-lourdes\/#primaryimage","url":"https:\/\/www.lourdes-france.com\/wp-content\/uploads\/2024\/01\/bandeau-actualite_FR.png","contentUrl":"https:\/\/www.lourdes-france.com\/wp-content\/uploads\/2024\/01\/bandeau-actualite_FR.png","width":4000,"height":2667,"caption":"11 f\u00e9vrier"},{"@type":"BreadcrumbList","@id":"https:\/\/www.lourdes-france.com\/es\/peregrino-por-un-dia\/11-fevrier-fete-de-notre-dame-de-lourdes\/#breadcrumb","itemListElement":[{"@type":"ListItem","position":1,"name":"Accueil","item":"https:\/\/www.lourdes-france.com\/es\/"},{"@type":"ListItem","position":2,"name":"Peregrino por un d\u00eda","item":"https:\/\/www.lourdes-france.com\/es\/peregrino-por-un-dia\/"},{"@type":"ListItem","position":3,"name":"11 f\u00e9vrier,f\u00eate de Notre-Dame de Lourdes"}]},{"@type":"WebSite","@id":"https:\/\/www.lourdes-france.com\/es\/#website","url":"https:\/\/www.lourdes-france.com\/es\/","name":"Sanctuaire Notre-Dame de Lourdes","description":"","publisher":{"@id":"https:\/\/www.lourdes-france.com\/es\/#organization"},"potentialAction":[{"@type":"SearchAction","target":{"@type":"EntryPoint","urlTemplate":"https:\/\/www.lourdes-france.com\/es\/?s={search_term_string}"},"query-input":{"@type":"PropertyValueSpecification","valueRequired":true,"valueName":"search_term_string"}}],"inLanguage":"es"},{"@type":"Organization","@id":"https:\/\/www.lourdes-france.com\/es\/#organization","name":"Sanctuaire Notre-Dame de Lourdes","url":"https:\/\/www.lourdes-france.com\/es\/","logo":{"@type":"ImageObject","inLanguage":"es","@id":"https:\/\/www.lourdes-france.com\/es\/#\/schema\/logo\/image\/","url":"https:\/\/www.lourdes-france.com\/wp-content\/uploads\/2021\/11\/logo-small.png","contentUrl":"https:\/\/www.lourdes-france.com\/wp-content\/uploads\/2021\/11\/logo-small.png","width":834,"height":521,"caption":"Sanctuaire Notre-Dame de Lourdes"},"image":{"@id":"https:\/\/www.lourdes-france.com\/es\/#\/schema\/logo\/image\/"}}]}},"_links":{"self":[{"href":"https:\/\/www.lourdes-france.com\/es\/wp-json\/wp\/v2\/pages\/869775","targetHints":{"allow":["GET"]}}],"collection":[{"href":"https:\/\/www.lourdes-france.com\/es\/wp-json\/wp\/v2\/pages"}],"about":[{"href":"https:\/\/www.lourdes-france.com\/es\/wp-json\/wp\/v2\/types\/page"}],"author":[{"embeddable":true,"href":"https:\/\/www.lourdes-france.com\/es\/wp-json\/wp\/v2\/users\/7"}],"replies":[{"embeddable":true,"href":"https:\/\/www.lourdes-france.com\/es\/wp-json\/wp\/v2\/comments?post=869775"}],"version-history":[{"count":0,"href":"https:\/\/www.lourdes-france.com\/es\/wp-json\/wp\/v2\/pages\/869775\/revisions"}],"up":[{"embeddable":true,"href":"https:\/\/www.lourdes-france.com\/es\/wp-json\/wp\/v2\/pages\/781850"}],"wp:featuredmedia":[{"embeddable":true,"href":"https:\/\/www.lourdes-france.com\/es\/wp-json\/wp\/v2\/media\/817052"}],"wp:attachment":[{"href":"https:\/\/www.lourdes-france.com\/es\/wp-json\/wp\/v2\/media?parent=869775"}],"curies":[{"name":"wp","href":"https:\/\/api.w.org\/{rel}","templated":true}]}}