{"id":857488,"date":"2025-06-23T09:52:16","date_gmt":"2025-06-23T07:52:16","guid":{"rendered":"https:\/\/www.lourdes-france.com\/theme-pastoral\/"},"modified":"2025-12-31T09:31:01","modified_gmt":"2025-12-31T08:31:01","slug":"theme-pastoral","status":"publish","type":"page","link":"https:\/\/www.lourdes-france.com\/es\/theme-pastoral\/","title":{"rendered":"Th\u00e8me pastoral"},"content":{"rendered":"\t\t<div data-elementor-type=\"wp-page\" data-elementor-id=\"857488\" class=\"elementor elementor-857488 elementor-857466\" data-elementor-post-type=\"page\">\n\t\t\t\t\t\t<section class=\"elementor-section elementor-top-section elementor-element elementor-element-c7be449 elementor-section-full_width elementor-section-stretched elementor-section-height-default elementor-section-height-default\" data-id=\"c7be449\" data-element_type=\"section\" data-settings=\"{&quot;stretch_section&quot;:&quot;section-stretched&quot;,&quot;background_background&quot;:&quot;classic&quot;}\">\n\t\t\t\t\t\t\t<div class=\"elementor-background-overlay\"><\/div>\n\t\t\t\t\t\t\t<div class=\"elementor-container elementor-column-gap-default\">\n\t\t\t\t\t<div class=\"elementor-column elementor-col-100 elementor-top-column elementor-element elementor-element-230c0d2\" data-id=\"230c0d2\" data-element_type=\"column\">\n\t\t\t<div class=\"elementor-widget-wrap elementor-element-populated\">\n\t\t\t\t\t\t<div class=\"elementor-element elementor-element-65c237f elementor-widget elementor-widget-heading\" data-id=\"65c237f\" data-element_type=\"widget\" data-widget_type=\"heading.default\">\n\t\t\t\t<div class=\"elementor-widget-container\">\n\t\t\t\t\t<h2 class=\"elementor-heading-title elementor-size-default\">Tema pastoral del Santuario de Lourdes<\/h2>\t\t\t\t<\/div>\n\t\t\t\t<\/div>\n\t\t\t\t\t<\/div>\n\t\t<\/div>\n\t\t\t\t\t<\/div>\n\t\t<\/section>\n\t\t\t\t<section class=\"elementor-section elementor-top-section elementor-element elementor-element-a2adab6 elementor-section-boxed elementor-section-height-default elementor-section-height-default\" data-id=\"a2adab6\" data-element_type=\"section\">\n\t\t\t\t\t\t<div class=\"elementor-container elementor-column-gap-default\">\n\t\t\t\t\t<div class=\"elementor-column elementor-col-100 elementor-top-column elementor-element elementor-element-016d4f5\" data-id=\"016d4f5\" data-element_type=\"column\">\n\t\t\t<div class=\"elementor-widget-wrap elementor-element-populated\">\n\t\t\t\t\t\t<div class=\"elementor-element elementor-element-3a8485b elementor-widget elementor-widget-spacer\" data-id=\"3a8485b\" data-element_type=\"widget\" data-widget_type=\"spacer.default\">\n\t\t\t\t<div class=\"elementor-widget-container\">\n\t\t\t\t\t\t\t<div class=\"elementor-spacer\">\n\t\t\t<div class=\"elementor-spacer-inner\"><\/div>\n\t\t<\/div>\n\t\t\t\t\t\t<\/div>\n\t\t\t\t<\/div>\n\t\t\t\t<div class=\"elementor-element elementor-element-207c83f elementor-widget elementor-widget-text-editor\" data-id=\"207c83f\" data-element_type=\"widget\" data-widget_type=\"text-editor.default\">\n\t\t\t\t<div class=\"elementor-widget-container\">\n\t\t\t\t\t\t\t\t\t<h2 style=\"text-align: center;\"><span class=\"s3\">Lourdes, m<\/span><span class=\"s3\">e<\/span><span class=\"s3\">dita<\/span><span class=\"s3\">ci\u00f3<\/span><span class=\"s3\">n 2026<\/span><\/h2><h3 class=\"s2\" style=\"text-align: center;\"><span class=\"s4\">\u00ab<\/span><span class=\"s4\">Al\u00e9grate, llena de gracia, el Se\u00f1or est\u00e1 contigo<\/span><span class=\"s4\">\u00bb<\/span><\/h3><h5 style=\"text-align: center;\">P. Nicola Ventriglia, omi<br \/>P. Giuseppe Serighelli, cp<\/h5><p>Cada a\u00f1o, el Santuario de Nuestra Se\u00f1ora de Lourdes presenta un tema que sirve de marco pastoral y program\u00e1tico b\u00e1sico para los organizadores y monitores de peregrinaciones.<br \/>Su objetivo se centra en aportar ideas a la hora de organizar las peregrinaciones y la vida en el santuario durante todo el a\u00f1o.<\/p><p>Durante los pr\u00f3ximos tres a\u00f1os, el Santuario de Lourdes nos invita a emprender una peregrinaci\u00f3n espiritual, un camino hacia el coraz\u00f3n mismo de la experiencia de la Virgen Mar\u00eda:<br \/><strong>2026 : la Anunciaci\u00f3n<\/strong><br \/>2027 : la Visitaci\u00f3n<br \/>2028 : el Magnificat y los 170 a\u00f1os de las apariciones<\/p><p>Este a\u00f1o, con el relato de la Anunciaci\u00f3n como br\u00fajula, nos dejamos guiar. Nuestro anhelo: contemplar a Mar\u00eda en el umbral de su incre\u00edble aventura de fe, en los inicios de su confianza absoluta en la voluntad de Dios.<span class=\"Apple-converted-space\">\u00a0<br \/><\/span>Abramos nuestro coraz\u00f3n a la Palabra.<\/p>\t\t\t\t\t\t\t\t<\/div>\n\t\t\t\t<\/div>\n\t\t\t\t<div class=\"elementor-element elementor-element-cda9fcc elementor-widget elementor-widget-image\" data-id=\"cda9fcc\" data-element_type=\"widget\" data-widget_type=\"image.default\">\n\t\t\t\t<div class=\"elementor-widget-container\">\n\t\t\t\t\t\t\t\t\t\t\t\t\t\t\t<img fetchpriority=\"high\" decoding=\"async\" width=\"2560\" height=\"2560\" src=\"https:\/\/www.lourdes-france.com\/wp-content\/uploads\/2025\/11\/logo-ES_jetesalue-logo-scaled.png\" class=\"attachment-full size-full wp-image-865852\" alt=\"\" srcset=\"https:\/\/www.lourdes-france.com\/wp-content\/uploads\/2025\/11\/logo-ES_jetesalue-logo-scaled.png 2560w, https:\/\/www.lourdes-france.com\/wp-content\/uploads\/2025\/11\/logo-ES_jetesalue-logo-300x300.png 300w, https:\/\/www.lourdes-france.com\/wp-content\/uploads\/2025\/11\/logo-ES_jetesalue-logo-1024x1024.png 1024w, https:\/\/www.lourdes-france.com\/wp-content\/uploads\/2025\/11\/logo-ES_jetesalue-logo-150x150.png 150w, https:\/\/www.lourdes-france.com\/wp-content\/uploads\/2025\/11\/logo-ES_jetesalue-logo-768x768.png 768w, https:\/\/www.lourdes-france.com\/wp-content\/uploads\/2025\/11\/logo-ES_jetesalue-logo-1536x1536.png 1536w, https:\/\/www.lourdes-france.com\/wp-content\/uploads\/2025\/11\/logo-ES_jetesalue-logo-2048x2048.png 2048w\" sizes=\"(max-width: 2560px) 100vw, 2560px\" \/>\t\t\t\t\t\t\t\t\t\t\t\t\t\t\t<\/div>\n\t\t\t\t<\/div>\n\t\t\t\t<div class=\"elementor-element elementor-element-4e7e532 elementor-widget elementor-widget-ucaddon_blox_btn_group\" data-id=\"4e7e532\" data-element_type=\"widget\" data-widget_type=\"ucaddon_blox_btn_group.default\">\n\t\t\t\t<div class=\"elementor-widget-container\">\n\t\t\t\t\t\n<!-- start Button Group -->\n\t\t<link id='font-awesome-css' href='https:\/\/www.lourdes-france.com\/wp-content\/plugins\/unlimited-elements-for-elementor_disabled\/assets_libraries\/font-awesome6\/fontawesome-all.min.css' type='text\/css' rel='stylesheet' >\n\t\t<link id='font-awesome-4-shim-css' href='https:\/\/www.lourdes-france.com\/wp-content\/plugins\/unlimited-elements-for-elementor_disabled\/assets_libraries\/font-awesome6\/fontawesome-v4-shims.min.css' type='text\/css' rel='stylesheet' >\n\n<style>\/* widget: Button Group *\/\n\n#uc_blox_btn_group_elementor_4e7e532\n{\n  display:flex;\n  flex-wrap: wrap;\n}\n\n#uc_blox_btn_group_elementor_4e7e532 a\n{\n  display:block;\n  text-decoration:none;\n  transition:0.3s;\n\n}\n\n#uc_blox_btn_group_elementor_4e7e532 .blox_btn_group_inner\n{\n  display:inline-flex;\n  align-items:center;\n}\n\n#uc_blox_btn_group_elementor_4e7e532 .blox_btn_group_inner .ue-btn-icon\n{\n  line-height:1em;\n}\n\n#uc_blox_btn_group_elementor_4e7e532 .blox_btn_group_inner .ue-btn-icon svg\n{\n  height:1em;\n  width:1em;\n}\n\n<\/style>\n\n<div id=\"uc_blox_btn_group_elementor_4e7e532\" class=\"blox_btn_group uc-items-wrapper \" >\n  <a class=\"elementor-repeater-item-af1182c elementor-animation-grow\" href=\"https:\/\/lourdes-france.com\/uploads\/logo2026\/ES.zip\" id=\"uc_blox_btn_group_elementor_4e7e532_item1\" >\n  <div class=\"blox_btn_group_inner\">\n        <div class=\"ue-btn-icon\"><i class='fas fa-file-download'><\/i><\/div>\n        <div class=\"ue-btn-txt\"> Descargar el logotipo<\/div>\n  <\/div>\n<\/a>\n<a class=\"elementor-repeater-item-dfb12e0 elementor-animation-grow\" href=\"https:\/\/lourdes-france.com\/uploads\/kit2026\/kitES.zip\" id=\"uc_blox_btn_group_elementor_4e7e532_item2\" >\n  <div class=\"blox_btn_group_inner\">\n        <div class=\"ue-btn-icon\"><i class='fas fa-file-download'><\/i><\/div>\n        <div class=\"ue-btn-txt\"> Descargar el kit de comunicaci\u00f3n<\/div>\n  <\/div>\n<\/a>\n<a class=\"elementor-repeater-item-1bf2182 elementor-animation-grow\" href=\"https:\/\/www.lourdes-france.com\/wp-content\/uploads\/2025\/11\/THEME-ANNEE_ES.pdf\" id=\"uc_blox_btn_group_elementor_4e7e532_item3\" >\n  <div class=\"blox_btn_group_inner\">\n        <div class=\"ue-btn-icon\"><i class='fas fa-file-download'><\/i><\/div>\n        <div class=\"ue-btn-txt\"> Tema del a\u00f1o 2026<\/div>\n  <\/div>\n<\/a>\n\n  \n\n\n<\/div>\n<!-- end Button Group -->\t\t\t\t<\/div>\n\t\t\t\t<\/div>\n\t\t\t\t\t<\/div>\n\t\t<\/div>\n\t\t\t\t\t<\/div>\n\t\t<\/section>\n\t\t\t\t<\/div>\n\t\t","protected":false},"excerpt":{"rendered":"<p>Tema pastoral del Santuario de Lourdes Lourdes, meditaci\u00f3n 2026 \u00abAl\u00e9grate, llena de gracia, el Se\u00f1or est\u00e1 contigo\u00bb P. Nicola Ventriglia, omiP. Giuseppe Serighelli, cp Cada a\u00f1o, el Santuario de Nuestra Se\u00f1ora de Lourdes presenta un tema que sirve de marco &hellip; <a href=\"https:\/\/www.lourdes-france.com\/es\/theme-pastoral\/\">Continuar<\/a><\/p>\n","protected":false},"author":9,"featured_media":0,"parent":0,"menu_order":0,"comment_status":"closed","ping_status":"closed","template":"","meta":{"_acf_changed":false,"footnotes":""},"class_list":["post-857488","page","type-page","status-publish","hentry"],"acf":[],"yoast_head":"<!-- This site is optimized with the Yoast SEO Premium plugin v24.0 (Yoast SEO v26.3) - https:\/\/yoast.com\/wordpress\/plugins\/seo\/ -->\n<title>Th\u00e8me pastoral - Vivre le p\u00e8lerinage de Lourdes<\/title>\n<meta name=\"robots\" content=\"index, follow, max-snippet:-1, max-image-preview:large, max-video-preview:-1\" \/>\n<link rel=\"canonical\" href=\"https:\/\/www.lourdes-france.com\/es\/theme-pastoral\/\" \/>\n<meta property=\"og:locale\" content=\"es_ES\" \/>\n<meta property=\"og:type\" content=\"article\" \/>\n<meta property=\"og:title\" content=\"Th\u00e8me pastoral\" \/>\n<meta property=\"og:description\" content=\"Tema pastoral del Santuario de Lourdes Lourdes, meditaci\u00f3n 2026 \u00abAl\u00e9grate, llena de gracia, el Se\u00f1or est\u00e1 contigo\u00bb P. Nicola Ventriglia, omiP. Giuseppe Serighelli, cp Cada a\u00f1o, el Santuario de Nuestra Se\u00f1ora de Lourdes presenta un tema que sirve de marco &hellip; Continuar\" \/>\n<meta property=\"og:url\" content=\"https:\/\/www.lourdes-france.com\/es\/theme-pastoral\/\" \/>\n<meta property=\"og:site_name\" content=\"Vivre le p\u00e8lerinage de Lourdes\" \/>\n<meta property=\"article:modified_time\" content=\"2025-12-31T08:31:01+00:00\" \/>\n<meta property=\"og:image\" content=\"https:\/\/www.lourdes-france.com\/wp-content\/uploads\/2025\/11\/logo-ES_jetesalue-logo-scaled.png\" \/>\n\t<meta property=\"og:image:width\" content=\"2560\" \/>\n\t<meta property=\"og:image:height\" content=\"2560\" \/>\n\t<meta property=\"og:image:type\" content=\"image\/png\" \/>\n<meta name=\"twitter:card\" content=\"summary_large_image\" \/>\n<meta name=\"twitter:label1\" content=\"Tiempo de lectura\" \/>\n\t<meta name=\"twitter:data1\" content=\"2 minutos\" \/>\n<script type=\"application\/ld+json\" class=\"yoast-schema-graph\">{\"@context\":\"https:\/\/schema.org\",\"@graph\":[{\"@type\":\"WebPage\",\"@id\":\"https:\/\/www.lourdes-france.com\/es\/theme-pastoral\/\",\"url\":\"https:\/\/www.lourdes-france.com\/es\/theme-pastoral\/\",\"name\":\"Th\u00e8me pastoral - Vivre le p\u00e8lerinage de Lourdes\",\"isPartOf\":{\"@id\":\"https:\/\/www.lourdes-france.com\/es\/#website\"},\"primaryImageOfPage\":{\"@id\":\"https:\/\/www.lourdes-france.com\/es\/theme-pastoral\/#primaryimage\"},\"image\":{\"@id\":\"https:\/\/www.lourdes-france.com\/es\/theme-pastoral\/#primaryimage\"},\"thumbnailUrl\":\"https:\/\/www.lourdes-france.com\/wp-content\/uploads\/2025\/11\/logo-ES_jetesalue-logo-scaled.png\",\"datePublished\":\"2025-06-23T07:52:16+00:00\",\"dateModified\":\"2025-12-31T08:31:01+00:00\",\"breadcrumb\":{\"@id\":\"https:\/\/www.lourdes-france.com\/es\/theme-pastoral\/#breadcrumb\"},\"inLanguage\":\"es\",\"potentialAction\":[{\"@type\":\"ReadAction\",\"target\":[\"https:\/\/www.lourdes-france.com\/es\/theme-pastoral\/\"]}]},{\"@type\":\"ImageObject\",\"inLanguage\":\"es\",\"@id\":\"https:\/\/www.lourdes-france.com\/es\/theme-pastoral\/#primaryimage\",\"url\":\"https:\/\/www.lourdes-france.com\/wp-content\/uploads\/2025\/11\/logo-ES_jetesalue-logo-scaled.png\",\"contentUrl\":\"https:\/\/www.lourdes-france.com\/wp-content\/uploads\/2025\/11\/logo-ES_jetesalue-logo-scaled.png\"},{\"@type\":\"BreadcrumbList\",\"@id\":\"https:\/\/www.lourdes-france.com\/es\/theme-pastoral\/#breadcrumb\",\"itemListElement\":[{\"@type\":\"ListItem\",\"position\":1,\"name\":\"Accueil\",\"item\":\"https:\/\/www.lourdes-france.com\/es\/\"},{\"@type\":\"ListItem\",\"position\":2,\"name\":\"Th\u00e8me pastoral\"}]},{\"@type\":\"WebSite\",\"@id\":\"https:\/\/www.lourdes-france.com\/es\/#website\",\"url\":\"https:\/\/www.lourdes-france.com\/es\/\",\"name\":\"Sanctuaire Notre-Dame de Lourdes\",\"description\":\"\",\"publisher\":{\"@id\":\"https:\/\/www.lourdes-france.com\/es\/#organization\"},\"potentialAction\":[{\"@type\":\"SearchAction\",\"target\":{\"@type\":\"EntryPoint\",\"urlTemplate\":\"https:\/\/www.lourdes-france.com\/es\/?s={search_term_string}\"},\"query-input\":{\"@type\":\"PropertyValueSpecification\",\"valueRequired\":true,\"valueName\":\"search_term_string\"}}],\"inLanguage\":\"es\"},{\"@type\":\"Organization\",\"@id\":\"https:\/\/www.lourdes-france.com\/es\/#organization\",\"name\":\"Sanctuaire Notre-Dame de Lourdes\",\"url\":\"https:\/\/www.lourdes-france.com\/es\/\",\"logo\":{\"@type\":\"ImageObject\",\"inLanguage\":\"es\",\"@id\":\"https:\/\/www.lourdes-france.com\/es\/#\/schema\/logo\/image\/\",\"url\":\"https:\/\/www.lourdes-france.com\/wp-content\/uploads\/2021\/11\/logo-small.png\",\"contentUrl\":\"https:\/\/www.lourdes-france.com\/wp-content\/uploads\/2021\/11\/logo-small.png\",\"width\":834,\"height\":521,\"caption\":\"Sanctuaire Notre-Dame de Lourdes\"},\"image\":{\"@id\":\"https:\/\/www.lourdes-france.com\/es\/#\/schema\/logo\/image\/\"}}]}<\/script>\n<!-- \/ Yoast SEO Premium plugin. -->","yoast_head_json":{"title":"Th\u00e8me pastoral - Vivre le p\u00e8lerinage de Lourdes","robots":{"index":"index","follow":"follow","max-snippet":"max-snippet:-1","max-image-preview":"max-image-preview:large","max-video-preview":"max-video-preview:-1"},"canonical":"https:\/\/www.lourdes-france.com\/es\/theme-pastoral\/","og_locale":"es_ES","og_type":"article","og_title":"Th\u00e8me pastoral","og_description":"Tema pastoral del Santuario de Lourdes Lourdes, meditaci\u00f3n 2026 \u00abAl\u00e9grate, llena de gracia, el Se\u00f1or est\u00e1 contigo\u00bb P. Nicola Ventriglia, omiP. Giuseppe Serighelli, cp Cada a\u00f1o, el Santuario de Nuestra Se\u00f1ora de Lourdes presenta un tema que sirve de marco &hellip; Continuar","og_url":"https:\/\/www.lourdes-france.com\/es\/theme-pastoral\/","og_site_name":"Vivre le p\u00e8lerinage de Lourdes","article_modified_time":"2025-12-31T08:31:01+00:00","og_image":[{"width":2560,"height":2560,"url":"https:\/\/www.lourdes-france.com\/wp-content\/uploads\/2025\/11\/logo-ES_jetesalue-logo-scaled.png","type":"image\/png"}],"twitter_card":"summary_large_image","twitter_misc":{"Tiempo de lectura":"2 minutos"},"schema":{"@context":"https:\/\/schema.org","@graph":[{"@type":"WebPage","@id":"https:\/\/www.lourdes-france.com\/es\/theme-pastoral\/","url":"https:\/\/www.lourdes-france.com\/es\/theme-pastoral\/","name":"Th\u00e8me pastoral - Vivre le p\u00e8lerinage de Lourdes","isPartOf":{"@id":"https:\/\/www.lourdes-france.com\/es\/#website"},"primaryImageOfPage":{"@id":"https:\/\/www.lourdes-france.com\/es\/theme-pastoral\/#primaryimage"},"image":{"@id":"https:\/\/www.lourdes-france.com\/es\/theme-pastoral\/#primaryimage"},"thumbnailUrl":"https:\/\/www.lourdes-france.com\/wp-content\/uploads\/2025\/11\/logo-ES_jetesalue-logo-scaled.png","datePublished":"2025-06-23T07:52:16+00:00","dateModified":"2025-12-31T08:31:01+00:00","breadcrumb":{"@id":"https:\/\/www.lourdes-france.com\/es\/theme-pastoral\/#breadcrumb"},"inLanguage":"es","potentialAction":[{"@type":"ReadAction","target":["https:\/\/www.lourdes-france.com\/es\/theme-pastoral\/"]}]},{"@type":"ImageObject","inLanguage":"es","@id":"https:\/\/www.lourdes-france.com\/es\/theme-pastoral\/#primaryimage","url":"https:\/\/www.lourdes-france.com\/wp-content\/uploads\/2025\/11\/logo-ES_jetesalue-logo-scaled.png","contentUrl":"https:\/\/www.lourdes-france.com\/wp-content\/uploads\/2025\/11\/logo-ES_jetesalue-logo-scaled.png"},{"@type":"BreadcrumbList","@id":"https:\/\/www.lourdes-france.com\/es\/theme-pastoral\/#breadcrumb","itemListElement":[{"@type":"ListItem","position":1,"name":"Accueil","item":"https:\/\/www.lourdes-france.com\/es\/"},{"@type":"ListItem","position":2,"name":"Th\u00e8me pastoral"}]},{"@type":"WebSite","@id":"https:\/\/www.lourdes-france.com\/es\/#website","url":"https:\/\/www.lourdes-france.com\/es\/","name":"Sanctuaire Notre-Dame de Lourdes","description":"","publisher":{"@id":"https:\/\/www.lourdes-france.com\/es\/#organization"},"potentialAction":[{"@type":"SearchAction","target":{"@type":"EntryPoint","urlTemplate":"https:\/\/www.lourdes-france.com\/es\/?s={search_term_string}"},"query-input":{"@type":"PropertyValueSpecification","valueRequired":true,"valueName":"search_term_string"}}],"inLanguage":"es"},{"@type":"Organization","@id":"https:\/\/www.lourdes-france.com\/es\/#organization","name":"Sanctuaire Notre-Dame de Lourdes","url":"https:\/\/www.lourdes-france.com\/es\/","logo":{"@type":"ImageObject","inLanguage":"es","@id":"https:\/\/www.lourdes-france.com\/es\/#\/schema\/logo\/image\/","url":"https:\/\/www.lourdes-france.com\/wp-content\/uploads\/2021\/11\/logo-small.png","contentUrl":"https:\/\/www.lourdes-france.com\/wp-content\/uploads\/2021\/11\/logo-small.png","width":834,"height":521,"caption":"Sanctuaire Notre-Dame de Lourdes"},"image":{"@id":"https:\/\/www.lourdes-france.com\/es\/#\/schema\/logo\/image\/"}}]}},"_links":{"self":[{"href":"https:\/\/www.lourdes-france.com\/es\/wp-json\/wp\/v2\/pages\/857488","targetHints":{"allow":["GET"]}}],"collection":[{"href":"https:\/\/www.lourdes-france.com\/es\/wp-json\/wp\/v2\/pages"}],"about":[{"href":"https:\/\/www.lourdes-france.com\/es\/wp-json\/wp\/v2\/types\/page"}],"author":[{"embeddable":true,"href":"https:\/\/www.lourdes-france.com\/es\/wp-json\/wp\/v2\/users\/9"}],"replies":[{"embeddable":true,"href":"https:\/\/www.lourdes-france.com\/es\/wp-json\/wp\/v2\/comments?post=857488"}],"version-history":[{"count":10,"href":"https:\/\/www.lourdes-france.com\/es\/wp-json\/wp\/v2\/pages\/857488\/revisions"}],"predecessor-version":[{"id":869486,"href":"https:\/\/www.lourdes-france.com\/es\/wp-json\/wp\/v2\/pages\/857488\/revisions\/869486"}],"wp:attachment":[{"href":"https:\/\/www.lourdes-france.com\/es\/wp-json\/wp\/v2\/media?parent=857488"}],"curies":[{"name":"wp","href":"https:\/\/api.w.org\/{rel}","templated":true}]}}