{"id":820613,"date":"2023-02-16T10:53:00","date_gmt":"2023-02-16T09:53:00","guid":{"rendered":"https:\/\/www.lourdes-france.com\/seminaristes-en-service-pastoral-lourdes\/"},"modified":"2026-03-23T16:39:12","modified_gmt":"2026-03-23T15:39:12","slug":"seminaristas-al-servicio-de-la-pastoral","status":"publish","type":"page","link":"https:\/\/www.lourdes-france.com\/es\/seminaristas-al-servicio-de-la-pastoral\/","title":{"rendered":"\u00a0Seminaristas al servicio de la pastoral"},"content":{"rendered":"\t\t<div data-elementor-type=\"wp-page\" data-elementor-id=\"820613\" class=\"elementor elementor-820613 elementor-798539\" data-elementor-post-type=\"page\">\n\t\t\t\t\t\t<section class=\"elementor-section elementor-top-section elementor-element elementor-element-203e0b1 elementor-section-full_width elementor-section-stretched elementor-section-height-default elementor-section-height-default\" data-id=\"203e0b1\" data-element_type=\"section\" data-settings=\"{&quot;stretch_section&quot;:&quot;section-stretched&quot;,&quot;background_background&quot;:&quot;classic&quot;}\">\n\t\t\t\t\t\t\t<div class=\"elementor-background-overlay\"><\/div>\n\t\t\t\t\t\t\t<div class=\"elementor-container elementor-column-gap-default\">\n\t\t\t\t\t<div class=\"elementor-column elementor-col-100 elementor-top-column elementor-element elementor-element-6085832\" data-id=\"6085832\" data-element_type=\"column\">\n\t\t\t<div class=\"elementor-widget-wrap elementor-element-populated\">\n\t\t\t\t\t\t<div class=\"elementor-element elementor-element-b411780 elementor-widget elementor-widget-heading\" data-id=\"b411780\" data-element_type=\"widget\" data-widget_type=\"heading.default\">\n\t\t\t\t<div class=\"elementor-widget-container\">\n\t\t\t\t\t<h2 class=\"elementor-heading-title elementor-size-default\">\u00a0Seminaristas al servicio de la pastoral<\/h2>\t\t\t\t<\/div>\n\t\t\t\t<\/div>\n\t\t\t\t\t<\/div>\n\t\t<\/div>\n\t\t\t\t\t<\/div>\n\t\t<\/section>\n\t\t\t\t<section class=\"elementor-section elementor-top-section elementor-element elementor-element-5d8e5a3 elementor-section-stretched elementor-section-boxed elementor-section-height-default elementor-section-height-default\" data-id=\"5d8e5a3\" data-element_type=\"section\" data-settings=\"{&quot;background_background&quot;:&quot;classic&quot;,&quot;stretch_section&quot;:&quot;section-stretched&quot;}\">\n\t\t\t\t\t\t<div class=\"elementor-container elementor-column-gap-no\">\n\t\t\t\t\t<div class=\"elementor-column elementor-col-100 elementor-top-column elementor-element elementor-element-532c959\" data-id=\"532c959\" data-element_type=\"column\">\n\t\t\t<div class=\"elementor-widget-wrap elementor-element-populated\">\n\t\t\t\t\t\t<div class=\"elementor-element elementor-element-2ea1064 elementor-widget elementor-widget-text-editor\" data-id=\"2ea1064\" data-element_type=\"widget\" data-widget_type=\"text-editor.default\">\n\t\t\t\t<div class=\"elementor-widget-container\">\n\t\t\t\t\t\t\t\t\t<h4><span style=\"color: #1d333c;\">Acogida y acompa\u00f1amiento<\/span><\/h4><p class=\"p2\">La misi\u00f3n confiada a los seminaristas es principalmente acoger a los peregrinos y acompa\u00f1arlos durante la peregrinaci\u00f3n. Es una oportunidad para evangelizar, catequizar y anunciar el <a href=\"https:\/\/www.lourdes-france.com\/es\/el-mensaje-de-lourdes\/\" target=\"_blank\" rel=\"noopener\"><strong>mensaje de Lourdes<\/strong><\/a>. Estos est\u00e1n obligados a profesar la fe cat\u00f3lica en sus intervenciones. A su llegada, recibir\u00e1n una formaci\u00f3n r\u00e1pida sobre el mensaje de Lourdes y la carta de protecci\u00f3n de menores y personas vulnerables. Esta carta puede consultarse en la p\u00e1gina web del santuario.<\/p><h4><span style=\"color: #1d333c;\">Liturgia<\/span><\/h4><p class=\"p2\">Servicios de <a href=\"https:\/\/www.lourdes-france.com\/es\/peregrino-por-un-dia\/la-misa\/\" target=\"_blank\" rel=\"noopener\"><strong>misas<\/strong><\/a>, sobre todo, la misa del peregrino de las 11:15 h y la misa internacional de los mi\u00e9rcoles y los domingos. Organizaci\u00f3n del Viacrucis. Servicio durante las procesiones eucar\u00edsticas y marianas.<\/p><h4><span style=\"color: #1d333c;\">Servicio<\/span><\/h4><p class=\"p2\">Servicio en las piscinas con los peregrinos enfermos, en la fundaci\u00f3n OCH y participaci\u00f3n en la pastoral de los j\u00f3venes.<\/p>\t\t\t\t\t\t\t\t<\/div>\n\t\t\t\t<\/div>\n\t\t\t\t\t<\/div>\n\t\t<\/div>\n\t\t\t\t\t<\/div>\n\t\t<\/section>\n\t\t\t\t<section class=\"elementor-section elementor-top-section elementor-element elementor-element-8ed4714 elementor-section-boxed elementor-section-height-default elementor-section-height-default\" data-id=\"8ed4714\" data-element_type=\"section\">\n\t\t\t\t\t\t<div class=\"elementor-container elementor-column-gap-default\">\n\t\t\t\t\t<div class=\"elementor-column elementor-col-100 elementor-top-column elementor-element elementor-element-bd3547e\" data-id=\"bd3547e\" data-element_type=\"column\">\n\t\t\t<div class=\"elementor-widget-wrap elementor-element-populated\">\n\t\t\t\t\t\t<div class=\"elementor-element elementor-element-46a49ca elementor-widget elementor-widget-image\" data-id=\"46a49ca\" data-element_type=\"widget\" data-widget_type=\"image.default\">\n\t\t\t\t<div class=\"elementor-widget-container\">\n\t\t\t\t\t\t\t\t\t\t\t\t\t\t\t<img fetchpriority=\"high\" decoding=\"async\" width=\"1920\" height=\"1280\" src=\"https:\/\/www.lourdes-france.com\/wp-content\/uploads\/2023\/02\/seminaristes_img_1920X1280px.jpg\" class=\"attachment-full size-full wp-image-798545\" alt=\"S\u00e9minaristes au Sanctuaire de Lourdes\" srcset=\"https:\/\/www.lourdes-france.com\/wp-content\/uploads\/2023\/02\/seminaristes_img_1920X1280px.jpg 1920w, https:\/\/www.lourdes-france.com\/wp-content\/uploads\/2023\/02\/seminaristes_img_1920X1280px-300x200.jpg 300w, https:\/\/www.lourdes-france.com\/wp-content\/uploads\/2023\/02\/seminaristes_img_1920X1280px-1024x683.jpg 1024w, https:\/\/www.lourdes-france.com\/wp-content\/uploads\/2023\/02\/seminaristes_img_1920X1280px-768x512.jpg 768w, https:\/\/www.lourdes-france.com\/wp-content\/uploads\/2023\/02\/seminaristes_img_1920X1280px-1536x1024.jpg 1536w\" sizes=\"(max-width: 1920px) 100vw, 1920px\" \/>\t\t\t\t\t\t\t\t\t\t\t\t\t\t\t<\/div>\n\t\t\t\t<\/div>\n\t\t\t\t\t<\/div>\n\t\t<\/div>\n\t\t\t\t\t<\/div>\n\t\t<\/section>\n\t\t\t\t<section class=\"elementor-section elementor-top-section elementor-element elementor-element-5056165 elementor-section-boxed elementor-section-height-default elementor-section-height-default\" data-id=\"5056165\" data-element_type=\"section\">\n\t\t\t\t\t\t<div class=\"elementor-container elementor-column-gap-default\">\n\t\t\t\t\t<div class=\"elementor-column elementor-col-100 elementor-top-column elementor-element elementor-element-bfc5903\" data-id=\"bfc5903\" data-element_type=\"column\">\n\t\t\t<div class=\"elementor-widget-wrap elementor-element-populated\">\n\t\t\t\t\t\t<div class=\"elementor-element elementor-element-dfd0d57 elementor-align-center elementor-widget elementor-widget-button\" data-id=\"dfd0d57\" data-element_type=\"widget\" data-widget_type=\"button.default\">\n\t\t\t\t<div class=\"elementor-widget-container\">\n\t\t\t\t\t\t\t\t\t<div class=\"elementor-button-wrapper\">\n\t\t\t\t\t<a class=\"elementor-button elementor-button-link elementor-size-sm\" href=\"https:\/\/www.lourdes-france.com\/wp-content\/uploads\/2024\/03\/Seminaristas-al-servicio-de-la-pastoral.pdf\" target=\"_blank\">\n\t\t\t\t\t\t<span class=\"elementor-button-content-wrapper\">\n\t\t\t\t\t\t<span class=\"elementor-button-icon\">\n\t\t\t\t<i aria-hidden=\"true\" class=\"far fa-file-pdf\"><\/i>\t\t\t<\/span>\n\t\t\t\t\t\t\t\t\t<span class=\"elementor-button-text\">DESCARGAR LA FICHA DE INSCRIPCI\u00d3N<\/span>\n\t\t\t\t\t<\/span>\n\t\t\t\t\t<\/a>\n\t\t\t\t<\/div>\n\t\t\t\t\t\t\t\t<\/div>\n\t\t\t\t<\/div>\n\t\t\t\t\t<\/div>\n\t\t<\/div>\n\t\t\t\t\t<\/div>\n\t\t<\/section>\n\t\t\t\t<section class=\"elementor-section elementor-top-section elementor-element elementor-element-c111659 elementor-section-boxed elementor-section-height-default elementor-section-height-default\" data-id=\"c111659\" data-element_type=\"section\">\n\t\t\t\t\t\t<div class=\"elementor-container elementor-column-gap-default\">\n\t\t\t\t\t<div class=\"elementor-column elementor-col-100 elementor-top-column elementor-element elementor-element-657437d\" data-id=\"657437d\" data-element_type=\"column\">\n\t\t\t<div class=\"elementor-widget-wrap elementor-element-populated\">\n\t\t\t\t\t\t<div class=\"elementor-element elementor-element-d2fbdee elementor-widget elementor-widget-text-editor\" data-id=\"d2fbdee\" data-element_type=\"widget\" data-widget_type=\"text-editor.default\">\n\t\t\t\t<div class=\"elementor-widget-container\">\n\t\t\t\t\t\t\t\t\t<h2>Informaci\u00f3n<\/h2><h4>\u00a0<\/h4><h5><span style=\"color: #1d333c;\">Candidatura<\/span><\/h5><p>Los seminaristas que deseen servir en el santuario de Lourdes deber\u00e1n enviar una breve carta de presentaci\u00f3n junto con su ficha de inscripci\u00f3n al P. Mauricio Elias, a trav\u00e9s del correo postal o al correo electr\u00f3nico <a href=\"mauricio.elias@lourdesfrance.com\">mauricio.elias@lourdesfrance.com<\/a>\u00a0 a m\u00e1s tardar a finales del mayo. El santuario se reserva el derecho de rechazar candidaturas. Si es necesario, en septiembre se enviar\u00e1 un breve informe sobre las pr\u00e1cticas al supervisor o responsable de la formaci\u00f3n.<\/p><h5><span style=\"color: #1d333c;\">Alojamiento<\/span><\/h5><p class=\"p1\">Los seminaristas no tienen que hacerse cargo de los costes. Se alojan en la <strong>MaisonLouise et Fran\u00e7ois Soubirous, <\/strong>no muy lejos de la casa de los capellanes. El desayuno, el almuerzo y la cena tienen lugar en la \u00abMaitrise\u00bb de la casa de los capellanes. La colada se recoge al principio de la semana y se devuelve al final de \u00e9sta. Los seminaristas deben prestar diversos servicios (limpiar, cocinar, fregar&#8230;).<\/p><h5><span style=\"color: #1d333c;\">Vestimenta<\/span><\/h5><p class=\"p1\">Los seminaristas deber\u00e1n llevar el polo del santuario durante su servicio pastoral. Devolver\u00e1n los polos al final de su servicio. No se permiten pantalones cortos en el santuario.<\/p><h5><span style=\"color: #1d333c;\">Oraciones comunitarias<\/span><\/h5><p class=\"p1\">Las Laudes (7:00\u00a0h) y las V\u00edsperas (19:00\u00a0h) se cantan comunitariamente en la capilla. Los seminaristas participan en las misas del santuario.<\/p><h5><span style=\"color: #1d333c;\">Responsabilidad civil<\/span><\/h5><p class=\"p1\">Al igual que todos los voluntarios del santuario, los seminaristas est\u00e1n cubiertos por nuestro seguro de responsabilidad civil.<\/p><h5><span style=\"color: #1d333c;\">Transporte<\/span><\/h5><p class=\"p1\">Los seminaristas deben llegar y marcharse en las fechas precisas del curso. Los gastos de transporte corren por su cuenta. Por favor, comunique los horarios exactos de llegada y salida al capell\u00e1n coordinador de idiomas, a trav\u00e9s del correo electr\u00f3nico: <a href=\"mailto:mauricio.elias@lourdesfrance.com\">mauricio.elias@lourdesfrance.com<\/a><\/p><h5><span style=\"color: #1d333c;\">Dinero<\/span><\/h5><p class=\"p1\">El servicio prestado es totalmente voluntario. El dinero recibido de parte de los peregrinos deber\u00e1 devolverse al Santuario. Los seminaristas invitar\u00e1n siempre a los peregrinos a llevar sus donativos a la oficina de misas y donativos.<\/p>\t\t\t\t\t\t\t\t<\/div>\n\t\t\t\t<\/div>\n\t\t\t\t\t<\/div>\n\t\t<\/div>\n\t\t\t\t\t<\/div>\n\t\t<\/section>\n\t\t\t\t<\/div>\n\t\t","protected":false},"excerpt":{"rendered":"<p>\u00a0Seminaristas al servicio de la pastoral Acogida y acompa\u00f1amiento La misi\u00f3n confiada a los seminaristas es principalmente acoger a los peregrinos y acompa\u00f1arlos durante la peregrinaci\u00f3n. Es una oportunidad para evangelizar, catequizar y anunciar el mensaje de Lourdes. Estos est\u00e1n &hellip; <a href=\"https:\/\/www.lourdes-france.com\/es\/seminaristas-al-servicio-de-la-pastoral\/\">Continuar<\/a><\/p>\n","protected":false},"author":1,"featured_media":0,"parent":0,"menu_order":0,"comment_status":"closed","ping_status":"closed","template":"","meta":{"_acf_changed":false,"footnotes":""},"class_list":["post-820613","page","type-page","status-publish","hentry"],"acf":[],"yoast_head":"<!-- This site is optimized with the Yoast SEO Premium plugin v24.0 (Yoast SEO v26.3) - https:\/\/yoast.com\/wordpress\/plugins\/seo\/ -->\n<title>\u00a0Seminaristas al servicio de la pastoral - Vivre le p\u00e8lerinage de Lourdes<\/title>\n<meta name=\"description\" content=\"La misi\u00f3n confiada a los seminaristas es principalmente acoger a los peregrinos y acompa\u00f1arlos durante la peregrinaci\u00f3n.\" \/>\n<meta name=\"robots\" content=\"index, follow, max-snippet:-1, max-image-preview:large, max-video-preview:-1\" \/>\n<link rel=\"canonical\" href=\"https:\/\/www.lourdes-france.com\/es\/seminaristas-al-servicio-de-la-pastoral\/\" \/>\n<meta property=\"og:locale\" content=\"es_ES\" \/>\n<meta property=\"og:type\" content=\"article\" \/>\n<meta property=\"og:title\" content=\"\u00a0Seminaristas al servicio de la pastoral\" \/>\n<meta property=\"og:description\" content=\"La misi\u00f3n confiada a los seminaristas es principalmente acoger a los peregrinos y acompa\u00f1arlos durante la peregrinaci\u00f3n.\" \/>\n<meta property=\"og:url\" content=\"https:\/\/www.lourdes-france.com\/es\/seminaristas-al-servicio-de-la-pastoral\/\" \/>\n<meta property=\"og:site_name\" content=\"Vivre le p\u00e8lerinage de Lourdes\" \/>\n<meta property=\"article:modified_time\" content=\"2026-03-23T15:39:12+00:00\" \/>\n<meta property=\"og:image\" content=\"https:\/\/www.lourdes-france.com\/wp-content\/uploads\/2023\/02\/seminaristes_img_1920X1280px.jpg\" \/>\n\t<meta property=\"og:image:width\" content=\"1920\" \/>\n\t<meta property=\"og:image:height\" content=\"1280\" \/>\n\t<meta property=\"og:image:type\" content=\"image\/jpeg\" \/>\n<meta name=\"twitter:card\" content=\"summary_large_image\" \/>\n<meta name=\"twitter:label1\" content=\"Tiempo de lectura\" \/>\n\t<meta name=\"twitter:data1\" content=\"3 minutos\" \/>\n<script type=\"application\/ld+json\" class=\"yoast-schema-graph\">{\"@context\":\"https:\/\/schema.org\",\"@graph\":[{\"@type\":\"WebPage\",\"@id\":\"https:\/\/www.lourdes-france.com\/es\/seminaristas-al-servicio-de-la-pastoral\/\",\"url\":\"https:\/\/www.lourdes-france.com\/es\/seminaristas-al-servicio-de-la-pastoral\/\",\"name\":\"\u00a0Seminaristas al servicio de la pastoral - Vivre le p\u00e8lerinage de Lourdes\",\"isPartOf\":{\"@id\":\"https:\/\/www.lourdes-france.com\/es\/#website\"},\"primaryImageOfPage\":{\"@id\":\"https:\/\/www.lourdes-france.com\/es\/seminaristas-al-servicio-de-la-pastoral\/#primaryimage\"},\"image\":{\"@id\":\"https:\/\/www.lourdes-france.com\/es\/seminaristas-al-servicio-de-la-pastoral\/#primaryimage\"},\"thumbnailUrl\":\"https:\/\/www.lourdes-france.com\/wp-content\/uploads\/2023\/02\/seminaristes_img_1920X1280px.jpg\",\"datePublished\":\"2023-02-16T09:53:00+00:00\",\"dateModified\":\"2026-03-23T15:39:12+00:00\",\"description\":\"La misi\u00f3n confiada a los seminaristas es principalmente acoger a los peregrinos y acompa\u00f1arlos durante la peregrinaci\u00f3n.\",\"breadcrumb\":{\"@id\":\"https:\/\/www.lourdes-france.com\/es\/seminaristas-al-servicio-de-la-pastoral\/#breadcrumb\"},\"inLanguage\":\"es\",\"potentialAction\":[{\"@type\":\"ReadAction\",\"target\":[\"https:\/\/www.lourdes-france.com\/es\/seminaristas-al-servicio-de-la-pastoral\/\"]}]},{\"@type\":\"ImageObject\",\"inLanguage\":\"es\",\"@id\":\"https:\/\/www.lourdes-france.com\/es\/seminaristas-al-servicio-de-la-pastoral\/#primaryimage\",\"url\":\"https:\/\/www.lourdes-france.com\/wp-content\/uploads\/2023\/02\/seminaristes_img_1920X1280px.jpg\",\"contentUrl\":\"https:\/\/www.lourdes-france.com\/wp-content\/uploads\/2023\/02\/seminaristes_img_1920X1280px.jpg\"},{\"@type\":\"BreadcrumbList\",\"@id\":\"https:\/\/www.lourdes-france.com\/es\/seminaristas-al-servicio-de-la-pastoral\/#breadcrumb\",\"itemListElement\":[{\"@type\":\"ListItem\",\"position\":1,\"name\":\"Accueil\",\"item\":\"https:\/\/www.lourdes-france.com\/es\/\"},{\"@type\":\"ListItem\",\"position\":2,\"name\":\"\u00a0Seminaristas al servicio de la pastoral\"}]},{\"@type\":\"WebSite\",\"@id\":\"https:\/\/www.lourdes-france.com\/es\/#website\",\"url\":\"https:\/\/www.lourdes-france.com\/es\/\",\"name\":\"Sanctuaire Notre-Dame de Lourdes\",\"description\":\"\",\"publisher\":{\"@id\":\"https:\/\/www.lourdes-france.com\/es\/#organization\"},\"potentialAction\":[{\"@type\":\"SearchAction\",\"target\":{\"@type\":\"EntryPoint\",\"urlTemplate\":\"https:\/\/www.lourdes-france.com\/es\/?s={search_term_string}\"},\"query-input\":{\"@type\":\"PropertyValueSpecification\",\"valueRequired\":true,\"valueName\":\"search_term_string\"}}],\"inLanguage\":\"es\"},{\"@type\":\"Organization\",\"@id\":\"https:\/\/www.lourdes-france.com\/es\/#organization\",\"name\":\"Sanctuaire Notre-Dame de Lourdes\",\"url\":\"https:\/\/www.lourdes-france.com\/es\/\",\"logo\":{\"@type\":\"ImageObject\",\"inLanguage\":\"es\",\"@id\":\"https:\/\/www.lourdes-france.com\/es\/#\/schema\/logo\/image\/\",\"url\":\"https:\/\/www.lourdes-france.com\/wp-content\/uploads\/2021\/11\/logo-small.png\",\"contentUrl\":\"https:\/\/www.lourdes-france.com\/wp-content\/uploads\/2021\/11\/logo-small.png\",\"width\":834,\"height\":521,\"caption\":\"Sanctuaire Notre-Dame de Lourdes\"},\"image\":{\"@id\":\"https:\/\/www.lourdes-france.com\/es\/#\/schema\/logo\/image\/\"}}]}<\/script>\n<!-- \/ Yoast SEO Premium plugin. -->","yoast_head_json":{"title":"\u00a0Seminaristas al servicio de la pastoral - Vivre le p\u00e8lerinage de Lourdes","description":"La misi\u00f3n confiada a los seminaristas es principalmente acoger a los peregrinos y acompa\u00f1arlos durante la peregrinaci\u00f3n.","robots":{"index":"index","follow":"follow","max-snippet":"max-snippet:-1","max-image-preview":"max-image-preview:large","max-video-preview":"max-video-preview:-1"},"canonical":"https:\/\/www.lourdes-france.com\/es\/seminaristas-al-servicio-de-la-pastoral\/","og_locale":"es_ES","og_type":"article","og_title":"\u00a0Seminaristas al servicio de la pastoral","og_description":"La misi\u00f3n confiada a los seminaristas es principalmente acoger a los peregrinos y acompa\u00f1arlos durante la peregrinaci\u00f3n.","og_url":"https:\/\/www.lourdes-france.com\/es\/seminaristas-al-servicio-de-la-pastoral\/","og_site_name":"Vivre le p\u00e8lerinage de Lourdes","article_modified_time":"2026-03-23T15:39:12+00:00","og_image":[{"width":1920,"height":1280,"url":"https:\/\/www.lourdes-france.com\/wp-content\/uploads\/2023\/02\/seminaristes_img_1920X1280px.jpg","type":"image\/jpeg"}],"twitter_card":"summary_large_image","twitter_misc":{"Tiempo de lectura":"3 minutos"},"schema":{"@context":"https:\/\/schema.org","@graph":[{"@type":"WebPage","@id":"https:\/\/www.lourdes-france.com\/es\/seminaristas-al-servicio-de-la-pastoral\/","url":"https:\/\/www.lourdes-france.com\/es\/seminaristas-al-servicio-de-la-pastoral\/","name":"\u00a0Seminaristas al servicio de la pastoral - Vivre le p\u00e8lerinage de Lourdes","isPartOf":{"@id":"https:\/\/www.lourdes-france.com\/es\/#website"},"primaryImageOfPage":{"@id":"https:\/\/www.lourdes-france.com\/es\/seminaristas-al-servicio-de-la-pastoral\/#primaryimage"},"image":{"@id":"https:\/\/www.lourdes-france.com\/es\/seminaristas-al-servicio-de-la-pastoral\/#primaryimage"},"thumbnailUrl":"https:\/\/www.lourdes-france.com\/wp-content\/uploads\/2023\/02\/seminaristes_img_1920X1280px.jpg","datePublished":"2023-02-16T09:53:00+00:00","dateModified":"2026-03-23T15:39:12+00:00","description":"La misi\u00f3n confiada a los seminaristas es principalmente acoger a los peregrinos y acompa\u00f1arlos durante la peregrinaci\u00f3n.","breadcrumb":{"@id":"https:\/\/www.lourdes-france.com\/es\/seminaristas-al-servicio-de-la-pastoral\/#breadcrumb"},"inLanguage":"es","potentialAction":[{"@type":"ReadAction","target":["https:\/\/www.lourdes-france.com\/es\/seminaristas-al-servicio-de-la-pastoral\/"]}]},{"@type":"ImageObject","inLanguage":"es","@id":"https:\/\/www.lourdes-france.com\/es\/seminaristas-al-servicio-de-la-pastoral\/#primaryimage","url":"https:\/\/www.lourdes-france.com\/wp-content\/uploads\/2023\/02\/seminaristes_img_1920X1280px.jpg","contentUrl":"https:\/\/www.lourdes-france.com\/wp-content\/uploads\/2023\/02\/seminaristes_img_1920X1280px.jpg"},{"@type":"BreadcrumbList","@id":"https:\/\/www.lourdes-france.com\/es\/seminaristas-al-servicio-de-la-pastoral\/#breadcrumb","itemListElement":[{"@type":"ListItem","position":1,"name":"Accueil","item":"https:\/\/www.lourdes-france.com\/es\/"},{"@type":"ListItem","position":2,"name":"\u00a0Seminaristas al servicio de la pastoral"}]},{"@type":"WebSite","@id":"https:\/\/www.lourdes-france.com\/es\/#website","url":"https:\/\/www.lourdes-france.com\/es\/","name":"Sanctuaire Notre-Dame de Lourdes","description":"","publisher":{"@id":"https:\/\/www.lourdes-france.com\/es\/#organization"},"potentialAction":[{"@type":"SearchAction","target":{"@type":"EntryPoint","urlTemplate":"https:\/\/www.lourdes-france.com\/es\/?s={search_term_string}"},"query-input":{"@type":"PropertyValueSpecification","valueRequired":true,"valueName":"search_term_string"}}],"inLanguage":"es"},{"@type":"Organization","@id":"https:\/\/www.lourdes-france.com\/es\/#organization","name":"Sanctuaire Notre-Dame de Lourdes","url":"https:\/\/www.lourdes-france.com\/es\/","logo":{"@type":"ImageObject","inLanguage":"es","@id":"https:\/\/www.lourdes-france.com\/es\/#\/schema\/logo\/image\/","url":"https:\/\/www.lourdes-france.com\/wp-content\/uploads\/2021\/11\/logo-small.png","contentUrl":"https:\/\/www.lourdes-france.com\/wp-content\/uploads\/2021\/11\/logo-small.png","width":834,"height":521,"caption":"Sanctuaire Notre-Dame de Lourdes"},"image":{"@id":"https:\/\/www.lourdes-france.com\/es\/#\/schema\/logo\/image\/"}}]}},"_links":{"self":[{"href":"https:\/\/www.lourdes-france.com\/es\/wp-json\/wp\/v2\/pages\/820613","targetHints":{"allow":["GET"]}}],"collection":[{"href":"https:\/\/www.lourdes-france.com\/es\/wp-json\/wp\/v2\/pages"}],"about":[{"href":"https:\/\/www.lourdes-france.com\/es\/wp-json\/wp\/v2\/types\/page"}],"author":[{"embeddable":true,"href":"https:\/\/www.lourdes-france.com\/es\/wp-json\/wp\/v2\/users\/1"}],"replies":[{"embeddable":true,"href":"https:\/\/www.lourdes-france.com\/es\/wp-json\/wp\/v2\/comments?post=820613"}],"version-history":[{"count":3,"href":"https:\/\/www.lourdes-france.com\/es\/wp-json\/wp\/v2\/pages\/820613\/revisions"}],"predecessor-version":[{"id":873579,"href":"https:\/\/www.lourdes-france.com\/es\/wp-json\/wp\/v2\/pages\/820613\/revisions\/873579"}],"wp:attachment":[{"href":"https:\/\/www.lourdes-france.com\/es\/wp-json\/wp\/v2\/media?parent=820613"}],"curies":[{"name":"wp","href":"https:\/\/api.w.org\/{rel}","templated":true}]}}