{"id":817764,"date":"2024-02-02T11:48:41","date_gmt":"2024-02-02T10:48:41","guid":{"rendered":"https:\/\/www.lourdes-france.com\/the-account-of-the-first-apparition\/"},"modified":"2024-05-16T15:44:42","modified_gmt":"2024-05-16T13:44:42","slug":"volver-a-escuchar-le-relato-de-la-primera-aparicion","status":"publish","type":"page","link":"https:\/\/www.lourdes-france.com\/es\/volver-a-escuchar-le-relato-de-la-primera-aparicion\/","title":{"rendered":"<strong>Volver a escuchar le relato de la primera aparici\u00f3n<\/strong>"},"content":{"rendered":"\t\t<div data-elementor-type=\"wp-page\" data-elementor-id=\"817764\" class=\"elementor elementor-817764 elementor-817710\" data-elementor-post-type=\"page\">\n\t\t\t\t\t\t<section class=\"elementor-section elementor-top-section elementor-element elementor-element-8262b3a elementor-section-full_width elementor-section-stretched elementor-section-height-default elementor-section-height-default\" data-id=\"8262b3a\" data-element_type=\"section\" data-settings=\"{&quot;stretch_section&quot;:&quot;section-stretched&quot;}\">\n\t\t\t\t\t\t<div class=\"elementor-container elementor-column-gap-no\">\n\t\t\t\t\t<div class=\"elementor-column elementor-col-100 elementor-top-column elementor-element elementor-element-aa4f8f3\" data-id=\"aa4f8f3\" data-element_type=\"column\">\n\t\t\t<div class=\"elementor-widget-wrap elementor-element-populated\">\n\t\t\t\t\t\t<div class=\"elementor-element elementor-element-b5d7ebd elementor-widget elementor-widget-image\" data-id=\"b5d7ebd\" data-element_type=\"widget\" data-widget_type=\"image.default\">\n\t\t\t\t<div class=\"elementor-widget-container\">\n\t\t\t\t\t\t\t\t\t\t\t\t\t\t\t<img fetchpriority=\"high\" decoding=\"async\" width=\"1920\" height=\"589\" src=\"https:\/\/www.lourdes-france.com\/wp-content\/uploads\/2024\/02\/recit_apparitions.jpg\" class=\"attachment-full size-full wp-image-817734\" alt=\"\" srcset=\"https:\/\/www.lourdes-france.com\/wp-content\/uploads\/2024\/02\/recit_apparitions.jpg 1920w, https:\/\/www.lourdes-france.com\/wp-content\/uploads\/2024\/02\/recit_apparitions-300x92.jpg 300w, https:\/\/www.lourdes-france.com\/wp-content\/uploads\/2024\/02\/recit_apparitions-1024x314.jpg 1024w, https:\/\/www.lourdes-france.com\/wp-content\/uploads\/2024\/02\/recit_apparitions-768x236.jpg 768w, https:\/\/www.lourdes-france.com\/wp-content\/uploads\/2024\/02\/recit_apparitions-1536x471.jpg 1536w\" sizes=\"(max-width: 1920px) 100vw, 1920px\" \/>\t\t\t\t\t\t\t\t\t\t\t\t\t\t\t<\/div>\n\t\t\t\t<\/div>\n\t\t\t\t\t<\/div>\n\t\t<\/div>\n\t\t\t\t\t<\/div>\n\t\t<\/section>\n\t\t\t\t<section class=\"elementor-section elementor-top-section elementor-element elementor-element-eeef105 elementor-section-stretched elementor-hidden-mobile elementor-hidden-tablet elementor-section-boxed elementor-section-height-default elementor-section-height-default\" data-id=\"eeef105\" data-element_type=\"section\" data-settings=\"{&quot;stretch_section&quot;:&quot;section-stretched&quot;,&quot;background_background&quot;:&quot;classic&quot;}\">\n\t\t\t\t\t\t<div class=\"elementor-container elementor-column-gap-default\">\n\t\t\t\t\t<div class=\"elementor-column elementor-col-100 elementor-top-column elementor-element elementor-element-dd242d1\" data-id=\"dd242d1\" data-element_type=\"column\">\n\t\t\t<div class=\"elementor-widget-wrap\">\n\t\t\t\t\t\t\t<\/div>\n\t\t<\/div>\n\t\t\t\t\t<\/div>\n\t\t<\/section>\n\t\t\t\t<section class=\"elementor-section elementor-top-section elementor-element elementor-element-72ab0aa elementor-section-stretched elementor-section-boxed elementor-section-height-default elementor-section-height-default\" data-id=\"72ab0aa\" data-element_type=\"section\" data-settings=\"{&quot;background_background&quot;:&quot;classic&quot;,&quot;stretch_section&quot;:&quot;section-stretched&quot;}\">\n\t\t\t\t\t\t<div class=\"elementor-container elementor-column-gap-no\">\n\t\t\t\t\t<div class=\"elementor-column elementor-col-100 elementor-top-column elementor-element elementor-element-5ac70bb\" data-id=\"5ac70bb\" data-element_type=\"column\">\n\t\t\t<div class=\"elementor-widget-wrap elementor-element-populated\">\n\t\t\t\t\t\t<div class=\"elementor-element elementor-element-f4d23e6 elementor-invisible elementor-widget elementor-widget-heading\" data-id=\"f4d23e6\" data-element_type=\"widget\" data-settings=\"{&quot;_animation&quot;:&quot;slideInLeft&quot;}\" data-widget_type=\"heading.default\">\n\t\t\t\t<div class=\"elementor-widget-container\">\n\t\t\t\t\t<h2 class=\"elementor-heading-title elementor-size-default\">Volver a escuchar le relato de la primera aparici\u00f3n\n<br><i>11 de febrero 1858<\/i><\/h2>\t\t\t\t<\/div>\n\t\t\t\t<\/div>\n\t\t\t\t<div class=\"elementor-element elementor-element-f9753cd elementor-widget elementor-widget-spacer\" data-id=\"f9753cd\" data-element_type=\"widget\" data-widget_type=\"spacer.default\">\n\t\t\t\t<div class=\"elementor-widget-container\">\n\t\t\t\t\t\t\t<div class=\"elementor-spacer\">\n\t\t\t<div class=\"elementor-spacer-inner\"><\/div>\n\t\t<\/div>\n\t\t\t\t\t\t<\/div>\n\t\t\t\t<\/div>\n\t\t\t\t\t<\/div>\n\t\t<\/div>\n\t\t\t\t\t<\/div>\n\t\t<\/section>\n\t\t\t\t<section class=\"elementor-section elementor-top-section elementor-element elementor-element-9fc9950 elementor-section-boxed elementor-section-height-default elementor-section-height-default\" data-id=\"9fc9950\" data-element_type=\"section\">\n\t\t\t\t\t\t<div class=\"elementor-container elementor-column-gap-default\">\n\t\t\t\t\t<div class=\"elementor-column elementor-col-100 elementor-top-column elementor-element elementor-element-c67e034\" data-id=\"c67e034\" data-element_type=\"column\">\n\t\t\t<div class=\"elementor-widget-wrap elementor-element-populated\">\n\t\t\t\t\t\t<div class=\"elementor-element elementor-element-9b848df elementor-view-default elementor-widget elementor-widget-icon\" data-id=\"9b848df\" data-element_type=\"widget\" data-widget_type=\"icon.default\">\n\t\t\t\t<div class=\"elementor-widget-container\">\n\t\t\t\t\t\t\t<div class=\"elementor-icon-wrapper\">\n\t\t\t<div class=\"elementor-icon\">\n\t\t\t<i aria-hidden=\"true\" class=\"fas fa-quote-left\"><\/i>\t\t\t<\/div>\n\t\t<\/div>\n\t\t\t\t\t\t<\/div>\n\t\t\t\t<\/div>\n\t\t\t\t<div class=\"elementor-element elementor-element-3574f29 elementor-widget elementor-widget-text-editor\" data-id=\"3574f29\" data-element_type=\"widget\" data-widget_type=\"text-editor.default\">\n\t\t\t\t<div class=\"elementor-widget-container\">\n\t\t\t\t\t\t\t\t\t<p><span style=\"color: #ffffff;\">Fui al borde del gave para recoger le\u00f1a con otras dos ni\u00f1as. Pasaron el arroyo y se echaron a llorar. Yo las pregunt\u00e9 por qu\u00e9 lloraban. Me respondieron que el agua estaba muy fr\u00eda. Les ped\u00ed que me ayudaran a echar piedras en el agua para pasar sin tener que descalzarme; me contestaron que hiciera como ellas. Entonces me fui un poco m\u00e1s lejos para ver si pod\u00eda pasar sin descalzarme. No pude. Entonces volv\u00ed delante de la Gruta para descalzarme. Estaba empezando a hacerlo cuando o\u00ed un rumor. Me volv\u00ed del lado de la pradera; vi que os \u00e1rboles no se mov\u00edan en absoluto. Segu\u00ed descalz\u00e1ndome; volv\u00ed a o\u00edr el mismo rumor. Levant\u00e9 la cabeza mirando hacia la gruta. Vi a una Se\u00f1ora vestida de blanco: ten\u00eda un vestido blanco y un cintur\u00f3n azul y una rosa amarilla en cada pie, del mismo color que la cadena de su rosario. Cuando vi todo eso, frot\u00e9 mis ojos; cre\u00eda equivocarme. Met\u00ed la mano el mi bolsillo, all\u00ed encontr\u00e9 mi rosario. Quer\u00eda hacer la se\u00f1al de la cruz; no pude llevar la mano a la frente: se me cay\u00f3. La visi\u00f3n hizo la se\u00f1al de la cruz. Entonces mi mano temblaba; intent\u00e9 hacerla y pude. Rec\u00e9 el rosario; la visi\u00f3n pasaba las cuentas del suyo, pero no mov\u00eda los labios. Cuando termin\u00e9 el rosario, la visi\u00f3n desapareci\u00f3 de repente. Pregunt\u00e9 a las otras si hab\u00edan visto algo y me dijeron que no. Me preguntaron lo que era, que ten\u00eda que cont\u00e1rselo. Entonces les dije que hab\u00eda visto a una Se\u00f1ora vestida de blanco, pero que no sab\u00eda lo que era, y que no ten\u00edan que dec\u00edrselo a nadie. Me dijeron que no volviera a pensar en ello; les dije que no.<\/span><\/p><p><span style=\"color: #ffffff;\"><span style=\"color: #997d4c;\"><em><span style=\"color: #ffffff;\">Vuestra humilde y fiel<\/span><\/em><strong><br \/>Bernadette Soubirous<br \/><\/strong><\/span><\/span><\/p><hr \/><p style=\"text-align: left;\"><span style=\"color: #ffffff;\"><br \/>Fragmento de la primera narraci\u00f3n aut\u00f3grafa de las apariciones, dirigida <em>\u00abAl muy honorable P. Gondrand de los Oblatos de Mar\u00eda Inmaculada en Betharram\u00bb<\/em>. Este relato manuscrito fue precedido por innumerables relatos orales concedidos por Bernardita a los peregrinos y por varias \u00ab<em>deposiciones<\/em>\u00bb ante personalidades oficiales.<\/span><\/p>\t\t\t\t\t\t\t\t<\/div>\n\t\t\t\t<\/div>\n\t\t\t\t\t<\/div>\n\t\t<\/div>\n\t\t\t\t\t<\/div>\n\t\t<\/section>\n\t\t\t\t<section class=\"elementor-section elementor-top-section elementor-element elementor-element-02daa96 elementor-section-boxed elementor-section-height-default elementor-section-height-default\" data-id=\"02daa96\" data-element_type=\"section\">\n\t\t\t\t\t\t<div class=\"elementor-container elementor-column-gap-default\">\n\t\t\t\t\t<div class=\"elementor-column elementor-col-100 elementor-top-column elementor-element elementor-element-375bcaa\" data-id=\"375bcaa\" data-element_type=\"column\">\n\t\t\t<div class=\"elementor-widget-wrap elementor-element-populated\">\n\t\t\t\t\t\t<div class=\"elementor-element elementor-element-c1a08b8 elementor-widget elementor-widget-image\" data-id=\"c1a08b8\" data-element_type=\"widget\" data-widget_type=\"image.default\">\n\t\t\t\t<div class=\"elementor-widget-container\">\n\t\t\t\t\t\t\t\t\t\t\t\t\t\t\t<img decoding=\"async\" width=\"600\" height=\"1024\" src=\"https:\/\/www.lourdes-france.com\/wp-content\/uploads\/2024\/02\/apparition_1-600x1024.jpg\" class=\"attachment-large size-large wp-image-817749\" alt=\"\" srcset=\"https:\/\/www.lourdes-france.com\/wp-content\/uploads\/2024\/02\/apparition_1-600x1024.jpg 600w, https:\/\/www.lourdes-france.com\/wp-content\/uploads\/2024\/02\/apparition_1-176x300.jpg 176w, https:\/\/www.lourdes-france.com\/wp-content\/uploads\/2024\/02\/apparition_1-768x1310.jpg 768w, https:\/\/www.lourdes-france.com\/wp-content\/uploads\/2024\/02\/apparition_1-900x1536.jpg 900w, https:\/\/www.lourdes-france.com\/wp-content\/uploads\/2024\/02\/apparition_1.jpg 1181w\" sizes=\"(max-width: 600px) 100vw, 600px\" \/>\t\t\t\t\t\t\t\t\t\t\t\t\t\t\t<\/div>\n\t\t\t\t<\/div>\n\t\t\t\t\t<\/div>\n\t\t<\/div>\n\t\t\t\t\t<\/div>\n\t\t<\/section>\n\t\t\t\t<\/div>\n\t\t","protected":false},"excerpt":{"rendered":"<p>Volver a escuchar le relato de la primera aparici\u00f3n 11 de febrero 1858 Fui al borde del gave para recoger le\u00f1a con otras dos ni\u00f1as. Pasaron el arroyo y se echaron a llorar. Yo las pregunt\u00e9 por qu\u00e9 lloraban. Me &hellip; <a href=\"https:\/\/www.lourdes-france.com\/es\/volver-a-escuchar-le-relato-de-la-primera-aparicion\/\">Continuar<\/a><\/p>\n","protected":false},"author":7,"featured_media":817741,"parent":0,"menu_order":0,"comment_status":"closed","ping_status":"closed","template":"","meta":{"_acf_changed":false,"footnotes":""},"class_list":["post-817764","page","type-page","status-publish","has-post-thumbnail","hentry"],"acf":[],"yoast_head":"<!-- This site is optimized with the Yoast SEO Premium plugin v24.0 (Yoast SEO v26.3) - https:\/\/yoast.com\/wordpress\/plugins\/seo\/ -->\n<title>Volver a escuchar le relato de la primera aparici\u00f3n - Vivre le p\u00e8lerinage de Lourdes<\/title>\n<meta name=\"description\" content=\"Siga el relato de la primera aparici\u00f3n a Bernadette Soubirous mientras describe c\u00f3mo apareci\u00f3 Mar\u00eda en la Gruta.\" \/>\n<meta name=\"robots\" content=\"index, follow, max-snippet:-1, max-image-preview:large, max-video-preview:-1\" \/>\n<link rel=\"canonical\" href=\"https:\/\/www.lourdes-france.com\/es\/volver-a-escuchar-le-relato-de-la-primera-aparicion\/\" \/>\n<meta property=\"og:locale\" content=\"es_ES\" \/>\n<meta property=\"og:type\" content=\"article\" \/>\n<meta property=\"og:title\" content=\"Volver a escuchar le relato de la primera aparici\u00f3n\" \/>\n<meta property=\"og:description\" content=\"Siga el relato de la primera aparici\u00f3n a Bernadette Soubirous mientras describe c\u00f3mo apareci\u00f3 Mar\u00eda en la Gruta.\" \/>\n<meta property=\"og:url\" content=\"https:\/\/www.lourdes-france.com\/es\/volver-a-escuchar-le-relato-de-la-primera-aparicion\/\" \/>\n<meta property=\"og:site_name\" content=\"Vivre le p\u00e8lerinage de Lourdes\" \/>\n<meta property=\"article:modified_time\" content=\"2024-05-16T13:44:42+00:00\" \/>\n<meta property=\"og:image\" content=\"https:\/\/www.lourdes-france.com\/wp-content\/uploads\/2024\/02\/grotte-recit-1024x683.png\" \/>\n\t<meta property=\"og:image:width\" content=\"1024\" \/>\n\t<meta property=\"og:image:height\" content=\"683\" \/>\n\t<meta property=\"og:image:type\" content=\"image\/png\" \/>\n<meta name=\"twitter:card\" content=\"summary_large_image\" \/>\n<meta name=\"twitter:label1\" content=\"Tiempo de lectura\" \/>\n\t<meta name=\"twitter:data1\" content=\"3 minutos\" \/>\n<script type=\"application\/ld+json\" class=\"yoast-schema-graph\">{\"@context\":\"https:\/\/schema.org\",\"@graph\":[{\"@type\":\"WebPage\",\"@id\":\"https:\/\/www.lourdes-france.com\/es\/volver-a-escuchar-le-relato-de-la-primera-aparicion\/\",\"url\":\"https:\/\/www.lourdes-france.com\/es\/volver-a-escuchar-le-relato-de-la-primera-aparicion\/\",\"name\":\"Volver a escuchar le relato de la primera aparici\u00f3n - Vivre le p\u00e8lerinage de Lourdes\",\"isPartOf\":{\"@id\":\"https:\/\/www.lourdes-france.com\/es\/#website\"},\"primaryImageOfPage\":{\"@id\":\"https:\/\/www.lourdes-france.com\/es\/volver-a-escuchar-le-relato-de-la-primera-aparicion\/#primaryimage\"},\"image\":{\"@id\":\"https:\/\/www.lourdes-france.com\/es\/volver-a-escuchar-le-relato-de-la-primera-aparicion\/#primaryimage\"},\"thumbnailUrl\":\"https:\/\/www.lourdes-france.com\/wp-content\/uploads\/2024\/02\/grotte-recit.png\",\"datePublished\":\"2024-02-02T10:48:41+00:00\",\"dateModified\":\"2024-05-16T13:44:42+00:00\",\"description\":\"Siga el relato de la primera aparici\u00f3n a Bernadette Soubirous mientras describe c\u00f3mo apareci\u00f3 Mar\u00eda en la Gruta.\",\"breadcrumb\":{\"@id\":\"https:\/\/www.lourdes-france.com\/es\/volver-a-escuchar-le-relato-de-la-primera-aparicion\/#breadcrumb\"},\"inLanguage\":\"es\",\"potentialAction\":[{\"@type\":\"ReadAction\",\"target\":[\"https:\/\/www.lourdes-france.com\/es\/volver-a-escuchar-le-relato-de-la-primera-aparicion\/\"]}]},{\"@type\":\"ImageObject\",\"inLanguage\":\"es\",\"@id\":\"https:\/\/www.lourdes-france.com\/es\/volver-a-escuchar-le-relato-de-la-primera-aparicion\/#primaryimage\",\"url\":\"https:\/\/www.lourdes-france.com\/wp-content\/uploads\/2024\/02\/grotte-recit.png\",\"contentUrl\":\"https:\/\/www.lourdes-france.com\/wp-content\/uploads\/2024\/02\/grotte-recit.png\",\"width\":1920,\"height\":1280,\"caption\":\"Lourdes Grotto\"},{\"@type\":\"BreadcrumbList\",\"@id\":\"https:\/\/www.lourdes-france.com\/es\/volver-a-escuchar-le-relato-de-la-primera-aparicion\/#breadcrumb\",\"itemListElement\":[{\"@type\":\"ListItem\",\"position\":1,\"name\":\"Accueil\",\"item\":\"https:\/\/www.lourdes-france.com\/es\/\"},{\"@type\":\"ListItem\",\"position\":2,\"name\":\"Volver a escuchar le relato de la primera aparici\u00f3n\"}]},{\"@type\":\"WebSite\",\"@id\":\"https:\/\/www.lourdes-france.com\/es\/#website\",\"url\":\"https:\/\/www.lourdes-france.com\/es\/\",\"name\":\"Sanctuaire Notre-Dame de Lourdes\",\"description\":\"\",\"publisher\":{\"@id\":\"https:\/\/www.lourdes-france.com\/es\/#organization\"},\"potentialAction\":[{\"@type\":\"SearchAction\",\"target\":{\"@type\":\"EntryPoint\",\"urlTemplate\":\"https:\/\/www.lourdes-france.com\/es\/?s={search_term_string}\"},\"query-input\":{\"@type\":\"PropertyValueSpecification\",\"valueRequired\":true,\"valueName\":\"search_term_string\"}}],\"inLanguage\":\"es\"},{\"@type\":\"Organization\",\"@id\":\"https:\/\/www.lourdes-france.com\/es\/#organization\",\"name\":\"Sanctuaire Notre-Dame de Lourdes\",\"url\":\"https:\/\/www.lourdes-france.com\/es\/\",\"logo\":{\"@type\":\"ImageObject\",\"inLanguage\":\"es\",\"@id\":\"https:\/\/www.lourdes-france.com\/es\/#\/schema\/logo\/image\/\",\"url\":\"https:\/\/www.lourdes-france.com\/wp-content\/uploads\/2021\/11\/logo-small.png\",\"contentUrl\":\"https:\/\/www.lourdes-france.com\/wp-content\/uploads\/2021\/11\/logo-small.png\",\"width\":834,\"height\":521,\"caption\":\"Sanctuaire Notre-Dame de Lourdes\"},\"image\":{\"@id\":\"https:\/\/www.lourdes-france.com\/es\/#\/schema\/logo\/image\/\"}}]}<\/script>\n<!-- \/ Yoast SEO Premium plugin. -->","yoast_head_json":{"title":"Volver a escuchar le relato de la primera aparici\u00f3n - Vivre le p\u00e8lerinage de Lourdes","description":"Siga el relato de la primera aparici\u00f3n a Bernadette Soubirous mientras describe c\u00f3mo apareci\u00f3 Mar\u00eda en la Gruta.","robots":{"index":"index","follow":"follow","max-snippet":"max-snippet:-1","max-image-preview":"max-image-preview:large","max-video-preview":"max-video-preview:-1"},"canonical":"https:\/\/www.lourdes-france.com\/es\/volver-a-escuchar-le-relato-de-la-primera-aparicion\/","og_locale":"es_ES","og_type":"article","og_title":"Volver a escuchar le relato de la primera aparici\u00f3n","og_description":"Siga el relato de la primera aparici\u00f3n a Bernadette Soubirous mientras describe c\u00f3mo apareci\u00f3 Mar\u00eda en la Gruta.","og_url":"https:\/\/www.lourdes-france.com\/es\/volver-a-escuchar-le-relato-de-la-primera-aparicion\/","og_site_name":"Vivre le p\u00e8lerinage de Lourdes","article_modified_time":"2024-05-16T13:44:42+00:00","og_image":[{"width":1024,"height":683,"url":"https:\/\/www.lourdes-france.com\/wp-content\/uploads\/2024\/02\/grotte-recit-1024x683.png","type":"image\/png"}],"twitter_card":"summary_large_image","twitter_misc":{"Tiempo de lectura":"3 minutos"},"schema":{"@context":"https:\/\/schema.org","@graph":[{"@type":"WebPage","@id":"https:\/\/www.lourdes-france.com\/es\/volver-a-escuchar-le-relato-de-la-primera-aparicion\/","url":"https:\/\/www.lourdes-france.com\/es\/volver-a-escuchar-le-relato-de-la-primera-aparicion\/","name":"Volver a escuchar le relato de la primera aparici\u00f3n - Vivre le p\u00e8lerinage de Lourdes","isPartOf":{"@id":"https:\/\/www.lourdes-france.com\/es\/#website"},"primaryImageOfPage":{"@id":"https:\/\/www.lourdes-france.com\/es\/volver-a-escuchar-le-relato-de-la-primera-aparicion\/#primaryimage"},"image":{"@id":"https:\/\/www.lourdes-france.com\/es\/volver-a-escuchar-le-relato-de-la-primera-aparicion\/#primaryimage"},"thumbnailUrl":"https:\/\/www.lourdes-france.com\/wp-content\/uploads\/2024\/02\/grotte-recit.png","datePublished":"2024-02-02T10:48:41+00:00","dateModified":"2024-05-16T13:44:42+00:00","description":"Siga el relato de la primera aparici\u00f3n a Bernadette Soubirous mientras describe c\u00f3mo apareci\u00f3 Mar\u00eda en la Gruta.","breadcrumb":{"@id":"https:\/\/www.lourdes-france.com\/es\/volver-a-escuchar-le-relato-de-la-primera-aparicion\/#breadcrumb"},"inLanguage":"es","potentialAction":[{"@type":"ReadAction","target":["https:\/\/www.lourdes-france.com\/es\/volver-a-escuchar-le-relato-de-la-primera-aparicion\/"]}]},{"@type":"ImageObject","inLanguage":"es","@id":"https:\/\/www.lourdes-france.com\/es\/volver-a-escuchar-le-relato-de-la-primera-aparicion\/#primaryimage","url":"https:\/\/www.lourdes-france.com\/wp-content\/uploads\/2024\/02\/grotte-recit.png","contentUrl":"https:\/\/www.lourdes-france.com\/wp-content\/uploads\/2024\/02\/grotte-recit.png","width":1920,"height":1280,"caption":"Lourdes Grotto"},{"@type":"BreadcrumbList","@id":"https:\/\/www.lourdes-france.com\/es\/volver-a-escuchar-le-relato-de-la-primera-aparicion\/#breadcrumb","itemListElement":[{"@type":"ListItem","position":1,"name":"Accueil","item":"https:\/\/www.lourdes-france.com\/es\/"},{"@type":"ListItem","position":2,"name":"Volver a escuchar le relato de la primera aparici\u00f3n"}]},{"@type":"WebSite","@id":"https:\/\/www.lourdes-france.com\/es\/#website","url":"https:\/\/www.lourdes-france.com\/es\/","name":"Sanctuaire Notre-Dame de Lourdes","description":"","publisher":{"@id":"https:\/\/www.lourdes-france.com\/es\/#organization"},"potentialAction":[{"@type":"SearchAction","target":{"@type":"EntryPoint","urlTemplate":"https:\/\/www.lourdes-france.com\/es\/?s={search_term_string}"},"query-input":{"@type":"PropertyValueSpecification","valueRequired":true,"valueName":"search_term_string"}}],"inLanguage":"es"},{"@type":"Organization","@id":"https:\/\/www.lourdes-france.com\/es\/#organization","name":"Sanctuaire Notre-Dame de Lourdes","url":"https:\/\/www.lourdes-france.com\/es\/","logo":{"@type":"ImageObject","inLanguage":"es","@id":"https:\/\/www.lourdes-france.com\/es\/#\/schema\/logo\/image\/","url":"https:\/\/www.lourdes-france.com\/wp-content\/uploads\/2021\/11\/logo-small.png","contentUrl":"https:\/\/www.lourdes-france.com\/wp-content\/uploads\/2021\/11\/logo-small.png","width":834,"height":521,"caption":"Sanctuaire Notre-Dame de Lourdes"},"image":{"@id":"https:\/\/www.lourdes-france.com\/es\/#\/schema\/logo\/image\/"}}]}},"_links":{"self":[{"href":"https:\/\/www.lourdes-france.com\/es\/wp-json\/wp\/v2\/pages\/817764","targetHints":{"allow":["GET"]}}],"collection":[{"href":"https:\/\/www.lourdes-france.com\/es\/wp-json\/wp\/v2\/pages"}],"about":[{"href":"https:\/\/www.lourdes-france.com\/es\/wp-json\/wp\/v2\/types\/page"}],"author":[{"embeddable":true,"href":"https:\/\/www.lourdes-france.com\/es\/wp-json\/wp\/v2\/users\/7"}],"replies":[{"embeddable":true,"href":"https:\/\/www.lourdes-france.com\/es\/wp-json\/wp\/v2\/comments?post=817764"}],"version-history":[{"count":0,"href":"https:\/\/www.lourdes-france.com\/es\/wp-json\/wp\/v2\/pages\/817764\/revisions"}],"wp:featuredmedia":[{"embeddable":true,"href":"https:\/\/www.lourdes-france.com\/es\/wp-json\/wp\/v2\/media\/817741"}],"wp:attachment":[{"href":"https:\/\/www.lourdes-france.com\/es\/wp-json\/wp\/v2\/media?parent=817764"}],"curies":[{"name":"wp","href":"https:\/\/api.w.org\/{rel}","templated":true}]}}