{"id":809049,"date":"2023-03-16T15:14:03","date_gmt":"2023-03-16T14:14:03","guid":{"rendered":"https:\/\/www.lourdes-france.com\/link\/"},"modified":"2024-05-16T16:48:35","modified_gmt":"2024-05-16T14:48:35","slug":"link","status":"publish","type":"page","link":"https:\/\/www.lourdes-france.com\/es\/link\/","title":{"rendered":"La aplicaci\u00f3n m\u00f3vil oficial"},"content":{"rendered":"\t\t<div data-elementor-type=\"wp-page\" data-elementor-id=\"809049\" class=\"elementor elementor-809049 elementor-800061\" data-elementor-post-type=\"page\">\n\t\t\t\t\t\t<section class=\"elementor-section elementor-top-section elementor-element elementor-element-547a193 elementor-section-boxed elementor-section-height-default elementor-section-height-default\" data-id=\"547a193\" data-element_type=\"section\">\n\t\t\t\t\t\t<div class=\"elementor-container elementor-column-gap-default\">\n\t\t\t\t\t<div class=\"elementor-column elementor-col-100 elementor-top-column elementor-element elementor-element-f173ed6\" data-id=\"f173ed6\" data-element_type=\"column\">\n\t\t\t<div class=\"elementor-widget-wrap elementor-element-populated\">\n\t\t\t\t\t\t<div class=\"elementor-element elementor-element-fd054d0 elementor-widget elementor-widget-heading\" data-id=\"fd054d0\" data-element_type=\"widget\" data-widget_type=\"heading.default\">\n\t\t\t\t<div class=\"elementor-widget-container\">\n\t\t\t\t\t<h2 class=\"elementor-heading-title elementor-size-default\"><h3 style=\"text-align: center\">T\u00e9l\u00e9chargez - Download <br>Scaricare - Descargar<\/h3><\/h2>\t\t\t\t<\/div>\n\t\t\t\t<\/div>\n\t\t\t\t\t<\/div>\n\t\t<\/div>\n\t\t\t\t\t<\/div>\n\t\t<\/section>\n\t\t\t\t<section class=\"elementor-section elementor-top-section elementor-element elementor-element-4fc05ba elementor-section-boxed elementor-section-height-default elementor-section-height-default\" data-id=\"4fc05ba\" data-element_type=\"section\">\n\t\t\t\t\t\t<div class=\"elementor-container elementor-column-gap-default\">\n\t\t\t\t\t<div class=\"elementor-column elementor-col-50 elementor-top-column elementor-element elementor-element-c3beebd\" data-id=\"c3beebd\" data-element_type=\"column\">\n\t\t\t<div class=\"elementor-widget-wrap elementor-element-populated\">\n\t\t\t\t\t\t<div class=\"elementor-element elementor-element-84af3f9 elementor-align-right elementor-widget__width-initial elementor-tablet-align-center elementor-widget elementor-widget-button\" data-id=\"84af3f9\" data-element_type=\"widget\" data-widget_type=\"button.default\">\n\t\t\t\t<div class=\"elementor-widget-container\">\n\t\t\t\t\t\t\t\t\t<div class=\"elementor-button-wrapper\">\n\t\t\t\t\t<a class=\"elementor-button elementor-button-link elementor-size-sm elementor-animation-push\" href=\"https:\/\/apps.apple.com\/fr\/app\/sanctuaire-notre-dame-lourdes\/id6456609432?l=en-GB\">\n\t\t\t\t\t\t<span class=\"elementor-button-content-wrapper\">\n\t\t\t\t\t\t<span class=\"elementor-button-icon\">\n\t\t\t\t<i aria-hidden=\"true\" class=\"fab fa-apple\"><\/i>\t\t\t<\/span>\n\t\t\t\t\t\t\t\t\t<span class=\"elementor-button-text\">APP STORE<\/span>\n\t\t\t\t\t<\/span>\n\t\t\t\t\t<\/a>\n\t\t\t\t<\/div>\n\t\t\t\t\t\t\t\t<\/div>\n\t\t\t\t<\/div>\n\t\t\t\t\t<\/div>\n\t\t<\/div>\n\t\t\t\t<div class=\"elementor-column elementor-col-50 elementor-top-column elementor-element elementor-element-bb0a96e\" data-id=\"bb0a96e\" data-element_type=\"column\">\n\t\t\t<div class=\"elementor-widget-wrap elementor-element-populated\">\n\t\t\t\t\t\t<div class=\"elementor-element elementor-element-57a7ba3 elementor-tablet-align-center elementor-widget elementor-widget-button\" data-id=\"57a7ba3\" data-element_type=\"widget\" data-widget_type=\"button.default\">\n\t\t\t\t<div class=\"elementor-widget-container\">\n\t\t\t\t\t\t\t\t\t<div class=\"elementor-button-wrapper\">\n\t\t\t\t\t<a class=\"elementor-button elementor-button-link elementor-size-sm elementor-animation-push\" href=\"https:\/\/play.google.com\/store\/apps\/details?id=com.intence.sanctuaire.lourdes&#038;gl=FR\">\n\t\t\t\t\t\t<span class=\"elementor-button-content-wrapper\">\n\t\t\t\t\t\t<span class=\"elementor-button-icon\">\n\t\t\t\t<i aria-hidden=\"true\" class=\"fab fa-google-play\"><\/i>\t\t\t<\/span>\n\t\t\t\t\t\t\t\t\t<span class=\"elementor-button-text\">GOOGLE PLAY<\/span>\n\t\t\t\t\t<\/span>\n\t\t\t\t\t<\/a>\n\t\t\t\t<\/div>\n\t\t\t\t\t\t\t\t<\/div>\n\t\t\t\t<\/div>\n\t\t\t\t\t<\/div>\n\t\t<\/div>\n\t\t\t\t\t<\/div>\n\t\t<\/section>\n\t\t\t\t<section class=\"elementor-section elementor-top-section elementor-element elementor-element-2b581ed elementor-section-boxed elementor-section-height-default elementor-section-height-default\" data-id=\"2b581ed\" data-element_type=\"section\">\n\t\t\t\t\t\t<div class=\"elementor-container elementor-column-gap-default\">\n\t\t\t\t\t<div class=\"elementor-column elementor-col-100 elementor-top-column elementor-element elementor-element-bc1b5de\" data-id=\"bc1b5de\" data-element_type=\"column\">\n\t\t\t<div class=\"elementor-widget-wrap elementor-element-populated\">\n\t\t\t\t\t\t<div class=\"elementor-element elementor-element-1b81324 elementor-widget elementor-widget-image\" data-id=\"1b81324\" data-element_type=\"widget\" data-widget_type=\"image.default\">\n\t\t\t\t<div class=\"elementor-widget-container\">\n\t\t\t\t\t\t\t\t\t\t\t\t\t\t\t<img fetchpriority=\"high\" decoding=\"async\" width=\"1024\" height=\"554\" src=\"https:\/\/www.lourdes-france.com\/wp-content\/uploads\/2023\/08\/mockup-phone-png-1-1024x554.png\" class=\"attachment-large size-large wp-image-809984\" alt=\"\" srcset=\"https:\/\/www.lourdes-france.com\/wp-content\/uploads\/2023\/08\/mockup-phone-png-1-1024x554.png 1024w, https:\/\/www.lourdes-france.com\/wp-content\/uploads\/2023\/08\/mockup-phone-png-1-300x162.png 300w, https:\/\/www.lourdes-france.com\/wp-content\/uploads\/2023\/08\/mockup-phone-png-1-768x416.png 768w, https:\/\/www.lourdes-france.com\/wp-content\/uploads\/2023\/08\/mockup-phone-png-1-1536x832.png 1536w, https:\/\/www.lourdes-france.com\/wp-content\/uploads\/2023\/08\/mockup-phone-png-1.png 1583w\" sizes=\"(max-width: 1024px) 100vw, 1024px\" \/>\t\t\t\t\t\t\t\t\t\t\t\t\t\t\t<\/div>\n\t\t\t\t<\/div>\n\t\t\t\t\t<\/div>\n\t\t<\/div>\n\t\t\t\t\t<\/div>\n\t\t<\/section>\n\t\t\t\t<section class=\"elementor-section elementor-top-section elementor-element elementor-element-22ab1ee elementor-section-content-space-around elementor-section-boxed elementor-section-height-default elementor-section-height-default\" data-id=\"22ab1ee\" data-element_type=\"section\">\n\t\t\t\t\t\t<div class=\"elementor-container elementor-column-gap-default\">\n\t\t\t\t\t<div class=\"elementor-column elementor-col-100 elementor-top-column elementor-element elementor-element-d7790a9\" data-id=\"d7790a9\" data-element_type=\"column\">\n\t\t\t<div class=\"elementor-widget-wrap elementor-element-populated\">\n\t\t\t\t\t\t<div class=\"elementor-element elementor-element-38f5b9e elementor-widget__width-initial elementor-widget-mobile__width-initial elementor-widget elementor-widget-image\" data-id=\"38f5b9e\" data-element_type=\"widget\" data-widget_type=\"image.default\">\n\t\t\t\t<div class=\"elementor-widget-container\">\n\t\t\t\t\t\t\t\t\t\t\t\t\t\t\t\t<a href=\"https:\/\/apps.apple.com\/fr\/app\/sanctuaire-notre-dame-lourdes\/id6456609432?l=en-GB\">\n\t\t\t\t\t\t\t<img decoding=\"async\" width=\"300\" height=\"86\" src=\"https:\/\/www.lourdes-france.com\/wp-content\/uploads\/2023\/08\/dowload_apple-fr-300x86.png\" class=\"elementor-animation-push attachment-medium size-medium wp-image-809777\" alt=\"\" srcset=\"https:\/\/www.lourdes-france.com\/wp-content\/uploads\/2023\/08\/dowload_apple-fr-300x86.png 300w, https:\/\/www.lourdes-france.com\/wp-content\/uploads\/2023\/08\/dowload_apple-fr-1024x294.png 1024w, https:\/\/www.lourdes-france.com\/wp-content\/uploads\/2023\/08\/dowload_apple-fr-768x220.png 768w, https:\/\/www.lourdes-france.com\/wp-content\/uploads\/2023\/08\/dowload_apple-fr.png 1413w\" sizes=\"(max-width: 300px) 100vw, 300px\" \/>\t\t\t\t\t\t\t\t<\/a>\n\t\t\t\t\t\t\t\t\t\t\t\t\t\t\t<\/div>\n\t\t\t\t<\/div>\n\t\t\t\t<div class=\"elementor-element elementor-element-9086dcb elementor-widget__width-initial elementor-widget-mobile__width-initial elementor-widget elementor-widget-spacer\" data-id=\"9086dcb\" data-element_type=\"widget\" data-widget_type=\"spacer.default\">\n\t\t\t\t<div class=\"elementor-widget-container\">\n\t\t\t\t\t\t\t<div class=\"elementor-spacer\">\n\t\t\t<div class=\"elementor-spacer-inner\"><\/div>\n\t\t<\/div>\n\t\t\t\t\t\t<\/div>\n\t\t\t\t<\/div>\n\t\t\t\t<div class=\"elementor-element elementor-element-6b0977a elementor-widget__width-initial elementor-widget-mobile__width-initial elementor-widget elementor-widget-image\" data-id=\"6b0977a\" data-element_type=\"widget\" data-widget_type=\"image.default\">\n\t\t\t\t<div class=\"elementor-widget-container\">\n\t\t\t\t\t\t\t\t\t\t\t\t\t\t\t\t<a href=\"https:\/\/play.google.com\/store\/apps\/details?id=com.intence.sanctuaire.lourdes&#038;gl=FR\">\n\t\t\t\t\t\t\t<img decoding=\"async\" width=\"300\" height=\"86\" src=\"https:\/\/www.lourdes-france.com\/wp-content\/uploads\/2023\/08\/dowload_google-fr-300x86.png\" class=\"elementor-animation-push attachment-medium size-medium wp-image-809784\" alt=\"\" srcset=\"https:\/\/www.lourdes-france.com\/wp-content\/uploads\/2023\/08\/dowload_google-fr-300x86.png 300w, https:\/\/www.lourdes-france.com\/wp-content\/uploads\/2023\/08\/dowload_google-fr-1024x294.png 1024w, https:\/\/www.lourdes-france.com\/wp-content\/uploads\/2023\/08\/dowload_google-fr-768x220.png 768w, https:\/\/www.lourdes-france.com\/wp-content\/uploads\/2023\/08\/dowload_google-fr.png 1413w\" sizes=\"(max-width: 300px) 100vw, 300px\" \/>\t\t\t\t\t\t\t\t<\/a>\n\t\t\t\t\t\t\t\t\t\t\t\t\t\t\t<\/div>\n\t\t\t\t<\/div>\n\t\t\t\t\t<\/div>\n\t\t<\/div>\n\t\t\t\t\t<\/div>\n\t\t<\/section>\n\t\t\t\t<section class=\"elementor-section elementor-top-section elementor-element elementor-element-d949bb0 elementor-section-content-space-around elementor-section-boxed elementor-section-height-default elementor-section-height-default\" data-id=\"d949bb0\" data-element_type=\"section\">\n\t\t\t\t\t\t<div class=\"elementor-container elementor-column-gap-default\">\n\t\t\t\t\t<div class=\"elementor-column elementor-col-100 elementor-top-column elementor-element elementor-element-004a52f\" data-id=\"004a52f\" data-element_type=\"column\">\n\t\t\t<div class=\"elementor-widget-wrap elementor-element-populated\">\n\t\t\t\t\t\t<div class=\"elementor-element elementor-element-76dbdbc elementor-widget__width-initial elementor-widget elementor-widget-image\" data-id=\"76dbdbc\" data-element_type=\"widget\" data-widget_type=\"image.default\">\n\t\t\t\t<div class=\"elementor-widget-container\">\n\t\t\t\t\t\t\t\t\t\t\t\t\t\t\t<img decoding=\"async\" src=\"https:\/\/www.lourdes-france.com\/wp-content\/uploads\/elementor\/thumbs\/france-2-1-1-1-qbo1bs1crvbksww3jye5if7klow3i7da1ggrilro70.png\" title=\"france-2-1-1.png\" alt=\"france-2-1-1.png\" loading=\"lazy\" \/>\t\t\t\t\t\t\t\t\t\t\t\t\t\t\t<\/div>\n\t\t\t\t<\/div>\n\t\t\t\t<div class=\"elementor-element elementor-element-e04ecae elementor-widget__width-initial elementor-widget-mobile__width-initial elementor-widget elementor-widget-spacer\" data-id=\"e04ecae\" data-element_type=\"widget\" data-widget_type=\"spacer.default\">\n\t\t\t\t<div class=\"elementor-widget-container\">\n\t\t\t\t\t\t\t<div class=\"elementor-spacer\">\n\t\t\t<div class=\"elementor-spacer-inner\"><\/div>\n\t\t<\/div>\n\t\t\t\t\t\t<\/div>\n\t\t\t\t<\/div>\n\t\t\t\t<div class=\"elementor-element elementor-element-a8c2dad elementor-widget__width-initial elementor-widget elementor-widget-image\" data-id=\"a8c2dad\" data-element_type=\"widget\" data-widget_type=\"image.default\">\n\t\t\t\t<div class=\"elementor-widget-container\">\n\t\t\t\t\t\t\t\t\t\t\t\t\t\t\t<img decoding=\"async\" src=\"https:\/\/www.lourdes-france.com\/wp-content\/uploads\/elementor\/thumbs\/uk-1-1-1-qbo1bs1crvbksww3jye5if7klow3i7da1ggrilro70.png\" title=\"uk-1-1.png\" alt=\"uk-1-1.png\" loading=\"lazy\" \/>\t\t\t\t\t\t\t\t\t\t\t\t\t\t\t<\/div>\n\t\t\t\t<\/div>\n\t\t\t\t<div class=\"elementor-element elementor-element-120641e elementor-widget__width-initial elementor-widget elementor-widget-spacer\" data-id=\"120641e\" data-element_type=\"widget\" data-widget_type=\"spacer.default\">\n\t\t\t\t<div class=\"elementor-widget-container\">\n\t\t\t\t\t\t\t<div class=\"elementor-spacer\">\n\t\t\t<div class=\"elementor-spacer-inner\"><\/div>\n\t\t<\/div>\n\t\t\t\t\t\t<\/div>\n\t\t\t\t<\/div>\n\t\t\t\t<div class=\"elementor-element elementor-element-cb5e798 elementor-widget__width-initial elementor-widget elementor-widget-image\" data-id=\"cb5e798\" data-element_type=\"widget\" data-widget_type=\"image.default\">\n\t\t\t\t<div class=\"elementor-widget-container\">\n\t\t\t\t\t\t\t\t\t\t\t\t\t\t\t<img decoding=\"async\" src=\"https:\/\/www.lourdes-france.com\/wp-content\/uploads\/elementor\/thumbs\/italy-1-1-1-qbo1bsz6ypcv4iuqegss2wz172rgpwh0dl48zvqa0s.png\" title=\"italy-1-1.png\" alt=\"italy-1-1.png\" loading=\"lazy\" \/>\t\t\t\t\t\t\t\t\t\t\t\t\t\t\t<\/div>\n\t\t\t\t<\/div>\n\t\t\t\t<div class=\"elementor-element elementor-element-c9ba7d9 elementor-widget__width-initial elementor-widget elementor-widget-spacer\" data-id=\"c9ba7d9\" data-element_type=\"widget\" data-widget_type=\"spacer.default\">\n\t\t\t\t<div class=\"elementor-widget-container\">\n\t\t\t\t\t\t\t<div class=\"elementor-spacer\">\n\t\t\t<div class=\"elementor-spacer-inner\"><\/div>\n\t\t<\/div>\n\t\t\t\t\t\t<\/div>\n\t\t\t\t<\/div>\n\t\t\t\t<div class=\"elementor-element elementor-element-8274117 elementor-widget__width-initial elementor-widget elementor-widget-image\" data-id=\"8274117\" data-element_type=\"widget\" data-widget_type=\"image.default\">\n\t\t\t\t<div class=\"elementor-widget-container\">\n\t\t\t\t\t\t\t\t\t\t\t\t\t\t\t<img decoding=\"async\" src=\"https:\/\/www.lourdes-france.com\/wp-content\/uploads\/elementor\/thumbs\/flag-1-1-1-qbo1bsz6ypcv4iuqegss2wz172rgpwh0dl48zvqa0s.png\" title=\"flag-1-1.png\" alt=\"flag-1-1.png\" loading=\"lazy\" \/>\t\t\t\t\t\t\t\t\t\t\t\t\t\t\t<\/div>\n\t\t\t\t<\/div>\n\t\t\t\t\t<\/div>\n\t\t<\/div>\n\t\t\t\t\t<\/div>\n\t\t<\/section>\n\t\t\t\t<\/div>\n\t\t","protected":false},"excerpt":{"rendered":"<p>T\u00e9l\u00e9chargez &#8211; Download Scaricare &#8211; Descargar APP STORE GOOGLE PLAY<\/p>\n","protected":false},"author":7,"featured_media":800069,"parent":0,"menu_order":0,"comment_status":"closed","ping_status":"closed","template":"","meta":{"_acf_changed":false,"footnotes":""},"class_list":["post-809049","page","type-page","status-publish","has-post-thumbnail","hentry"],"acf":[],"yoast_head":"<!-- This site is optimized with the Yoast SEO Premium plugin v24.0 (Yoast SEO v26.3) - https:\/\/yoast.com\/wordpress\/plugins\/seo\/ -->\n<title>La aplicaci\u00f3n m\u00f3vil oficial - Vivre le p\u00e8lerinage de Lourdes<\/title>\n<meta name=\"description\" content=\"Descargue la aplicaci\u00f3n m\u00f3vil oficial del Santuario para consultar los horarios, el mapa interactivo y otra informaci\u00f3n sobre el santuario.\" \/>\n<meta name=\"robots\" content=\"index, follow, max-snippet:-1, max-image-preview:large, max-video-preview:-1\" \/>\n<link rel=\"canonical\" href=\"https:\/\/www.lourdes-france.com\/es\/link\/\" \/>\n<meta property=\"og:locale\" content=\"es_ES\" \/>\n<meta property=\"og:type\" content=\"article\" \/>\n<meta property=\"og:title\" content=\"La aplicaci\u00f3n m\u00f3vil oficial\" \/>\n<meta property=\"og:description\" content=\"Descargue la aplicaci\u00f3n m\u00f3vil oficial del Santuario para consultar los horarios, el mapa interactivo y otra informaci\u00f3n sobre el santuario.\" \/>\n<meta property=\"og:url\" content=\"https:\/\/www.lourdes-france.com\/es\/link\/\" \/>\n<meta property=\"og:site_name\" content=\"Vivre le p\u00e8lerinage de Lourdes\" \/>\n<meta property=\"article:modified_time\" content=\"2024-05-16T14:48:35+00:00\" \/>\n<meta property=\"og:image\" content=\"https:\/\/www.lourdes-france.com\/wp-content\/uploads\/2023\/03\/image-bandeau.jpg\" \/>\n\t<meta property=\"og:image:width\" content=\"1920\" \/>\n\t<meta property=\"og:image:height\" content=\"1280\" \/>\n\t<meta property=\"og:image:type\" content=\"image\/jpeg\" \/>\n<meta name=\"twitter:card\" content=\"summary_large_image\" \/>\n<meta name=\"twitter:label1\" content=\"Tiempo de lectura\" \/>\n\t<meta name=\"twitter:data1\" content=\"2 minutos\" \/>\n<script type=\"application\/ld+json\" class=\"yoast-schema-graph\">{\"@context\":\"https:\/\/schema.org\",\"@graph\":[{\"@type\":\"WebPage\",\"@id\":\"https:\/\/www.lourdes-france.com\/es\/link\/\",\"url\":\"https:\/\/www.lourdes-france.com\/es\/link\/\",\"name\":\"La aplicaci\u00f3n m\u00f3vil oficial - Vivre le p\u00e8lerinage de Lourdes\",\"isPartOf\":{\"@id\":\"https:\/\/www.lourdes-france.com\/es\/#website\"},\"primaryImageOfPage\":{\"@id\":\"https:\/\/www.lourdes-france.com\/es\/link\/#primaryimage\"},\"image\":{\"@id\":\"https:\/\/www.lourdes-france.com\/es\/link\/#primaryimage\"},\"thumbnailUrl\":\"https:\/\/www.lourdes-france.com\/wp-content\/uploads\/2023\/03\/image-bandeau.jpg\",\"datePublished\":\"2023-03-16T14:14:03+00:00\",\"dateModified\":\"2024-05-16T14:48:35+00:00\",\"description\":\"Descargue la aplicaci\u00f3n m\u00f3vil oficial del Santuario para consultar los horarios, el mapa interactivo y otra informaci\u00f3n sobre el santuario.\",\"breadcrumb\":{\"@id\":\"https:\/\/www.lourdes-france.com\/es\/link\/#breadcrumb\"},\"inLanguage\":\"es\",\"potentialAction\":[{\"@type\":\"ReadAction\",\"target\":[\"https:\/\/www.lourdes-france.com\/es\/link\/\"]}]},{\"@type\":\"ImageObject\",\"inLanguage\":\"es\",\"@id\":\"https:\/\/www.lourdes-france.com\/es\/link\/#primaryimage\",\"url\":\"https:\/\/www.lourdes-france.com\/wp-content\/uploads\/2023\/03\/image-bandeau.jpg\",\"contentUrl\":\"https:\/\/www.lourdes-france.com\/wp-content\/uploads\/2023\/03\/image-bandeau.jpg\",\"width\":1920,\"height\":1280},{\"@type\":\"BreadcrumbList\",\"@id\":\"https:\/\/www.lourdes-france.com\/es\/link\/#breadcrumb\",\"itemListElement\":[{\"@type\":\"ListItem\",\"position\":1,\"name\":\"Accueil\",\"item\":\"https:\/\/www.lourdes-france.com\/es\/\"},{\"@type\":\"ListItem\",\"position\":2,\"name\":\"La aplicaci\u00f3n m\u00f3vil oficial\"}]},{\"@type\":\"WebSite\",\"@id\":\"https:\/\/www.lourdes-france.com\/es\/#website\",\"url\":\"https:\/\/www.lourdes-france.com\/es\/\",\"name\":\"Sanctuaire Notre-Dame de Lourdes\",\"description\":\"\",\"publisher\":{\"@id\":\"https:\/\/www.lourdes-france.com\/es\/#organization\"},\"potentialAction\":[{\"@type\":\"SearchAction\",\"target\":{\"@type\":\"EntryPoint\",\"urlTemplate\":\"https:\/\/www.lourdes-france.com\/es\/?s={search_term_string}\"},\"query-input\":{\"@type\":\"PropertyValueSpecification\",\"valueRequired\":true,\"valueName\":\"search_term_string\"}}],\"inLanguage\":\"es\"},{\"@type\":\"Organization\",\"@id\":\"https:\/\/www.lourdes-france.com\/es\/#organization\",\"name\":\"Sanctuaire Notre-Dame de Lourdes\",\"url\":\"https:\/\/www.lourdes-france.com\/es\/\",\"logo\":{\"@type\":\"ImageObject\",\"inLanguage\":\"es\",\"@id\":\"https:\/\/www.lourdes-france.com\/es\/#\/schema\/logo\/image\/\",\"url\":\"https:\/\/www.lourdes-france.com\/wp-content\/uploads\/2021\/11\/logo-small.png\",\"contentUrl\":\"https:\/\/www.lourdes-france.com\/wp-content\/uploads\/2021\/11\/logo-small.png\",\"width\":834,\"height\":521,\"caption\":\"Sanctuaire Notre-Dame de Lourdes\"},\"image\":{\"@id\":\"https:\/\/www.lourdes-france.com\/es\/#\/schema\/logo\/image\/\"}}]}<\/script>\n<!-- \/ Yoast SEO Premium plugin. -->","yoast_head_json":{"title":"La aplicaci\u00f3n m\u00f3vil oficial - Vivre le p\u00e8lerinage de Lourdes","description":"Descargue la aplicaci\u00f3n m\u00f3vil oficial del Santuario para consultar los horarios, el mapa interactivo y otra informaci\u00f3n sobre el santuario.","robots":{"index":"index","follow":"follow","max-snippet":"max-snippet:-1","max-image-preview":"max-image-preview:large","max-video-preview":"max-video-preview:-1"},"canonical":"https:\/\/www.lourdes-france.com\/es\/link\/","og_locale":"es_ES","og_type":"article","og_title":"La aplicaci\u00f3n m\u00f3vil oficial","og_description":"Descargue la aplicaci\u00f3n m\u00f3vil oficial del Santuario para consultar los horarios, el mapa interactivo y otra informaci\u00f3n sobre el santuario.","og_url":"https:\/\/www.lourdes-france.com\/es\/link\/","og_site_name":"Vivre le p\u00e8lerinage de Lourdes","article_modified_time":"2024-05-16T14:48:35+00:00","og_image":[{"width":1920,"height":1280,"url":"https:\/\/www.lourdes-france.com\/wp-content\/uploads\/2023\/03\/image-bandeau.jpg","type":"image\/jpeg"}],"twitter_card":"summary_large_image","twitter_misc":{"Tiempo de lectura":"2 minutos"},"schema":{"@context":"https:\/\/schema.org","@graph":[{"@type":"WebPage","@id":"https:\/\/www.lourdes-france.com\/es\/link\/","url":"https:\/\/www.lourdes-france.com\/es\/link\/","name":"La aplicaci\u00f3n m\u00f3vil oficial - Vivre le p\u00e8lerinage de Lourdes","isPartOf":{"@id":"https:\/\/www.lourdes-france.com\/es\/#website"},"primaryImageOfPage":{"@id":"https:\/\/www.lourdes-france.com\/es\/link\/#primaryimage"},"image":{"@id":"https:\/\/www.lourdes-france.com\/es\/link\/#primaryimage"},"thumbnailUrl":"https:\/\/www.lourdes-france.com\/wp-content\/uploads\/2023\/03\/image-bandeau.jpg","datePublished":"2023-03-16T14:14:03+00:00","dateModified":"2024-05-16T14:48:35+00:00","description":"Descargue la aplicaci\u00f3n m\u00f3vil oficial del Santuario para consultar los horarios, el mapa interactivo y otra informaci\u00f3n sobre el santuario.","breadcrumb":{"@id":"https:\/\/www.lourdes-france.com\/es\/link\/#breadcrumb"},"inLanguage":"es","potentialAction":[{"@type":"ReadAction","target":["https:\/\/www.lourdes-france.com\/es\/link\/"]}]},{"@type":"ImageObject","inLanguage":"es","@id":"https:\/\/www.lourdes-france.com\/es\/link\/#primaryimage","url":"https:\/\/www.lourdes-france.com\/wp-content\/uploads\/2023\/03\/image-bandeau.jpg","contentUrl":"https:\/\/www.lourdes-france.com\/wp-content\/uploads\/2023\/03\/image-bandeau.jpg","width":1920,"height":1280},{"@type":"BreadcrumbList","@id":"https:\/\/www.lourdes-france.com\/es\/link\/#breadcrumb","itemListElement":[{"@type":"ListItem","position":1,"name":"Accueil","item":"https:\/\/www.lourdes-france.com\/es\/"},{"@type":"ListItem","position":2,"name":"La aplicaci\u00f3n m\u00f3vil oficial"}]},{"@type":"WebSite","@id":"https:\/\/www.lourdes-france.com\/es\/#website","url":"https:\/\/www.lourdes-france.com\/es\/","name":"Sanctuaire Notre-Dame de Lourdes","description":"","publisher":{"@id":"https:\/\/www.lourdes-france.com\/es\/#organization"},"potentialAction":[{"@type":"SearchAction","target":{"@type":"EntryPoint","urlTemplate":"https:\/\/www.lourdes-france.com\/es\/?s={search_term_string}"},"query-input":{"@type":"PropertyValueSpecification","valueRequired":true,"valueName":"search_term_string"}}],"inLanguage":"es"},{"@type":"Organization","@id":"https:\/\/www.lourdes-france.com\/es\/#organization","name":"Sanctuaire Notre-Dame de Lourdes","url":"https:\/\/www.lourdes-france.com\/es\/","logo":{"@type":"ImageObject","inLanguage":"es","@id":"https:\/\/www.lourdes-france.com\/es\/#\/schema\/logo\/image\/","url":"https:\/\/www.lourdes-france.com\/wp-content\/uploads\/2021\/11\/logo-small.png","contentUrl":"https:\/\/www.lourdes-france.com\/wp-content\/uploads\/2021\/11\/logo-small.png","width":834,"height":521,"caption":"Sanctuaire Notre-Dame de Lourdes"},"image":{"@id":"https:\/\/www.lourdes-france.com\/es\/#\/schema\/logo\/image\/"}}]}},"_links":{"self":[{"href":"https:\/\/www.lourdes-france.com\/es\/wp-json\/wp\/v2\/pages\/809049","targetHints":{"allow":["GET"]}}],"collection":[{"href":"https:\/\/www.lourdes-france.com\/es\/wp-json\/wp\/v2\/pages"}],"about":[{"href":"https:\/\/www.lourdes-france.com\/es\/wp-json\/wp\/v2\/types\/page"}],"author":[{"embeddable":true,"href":"https:\/\/www.lourdes-france.com\/es\/wp-json\/wp\/v2\/users\/7"}],"replies":[{"embeddable":true,"href":"https:\/\/www.lourdes-france.com\/es\/wp-json\/wp\/v2\/comments?post=809049"}],"version-history":[{"count":0,"href":"https:\/\/www.lourdes-france.com\/es\/wp-json\/wp\/v2\/pages\/809049\/revisions"}],"wp:featuredmedia":[{"embeddable":true,"href":"https:\/\/www.lourdes-france.com\/es\/wp-json\/wp\/v2\/media\/800069"}],"wp:attachment":[{"href":"https:\/\/www.lourdes-france.com\/es\/wp-json\/wp\/v2\/media?parent=809049"}],"curies":[{"name":"wp","href":"https:\/\/api.w.org\/{rel}","templated":true}]}}