{"id":787025,"date":"2021-11-12T15:00:27","date_gmt":"2021-11-12T14:00:27","guid":{"rendered":"https:\/\/www.lourdes-france.com\/reconnaissance-des-apparitions\/"},"modified":"2022-08-05T08:58:44","modified_gmt":"2022-08-05T06:58:44","slug":"reconocimiento-oficial-de-las-apariciones-de-lourdes","status":"publish","type":"page","link":"https:\/\/www.lourdes-france.com\/es\/reconocimiento-oficial-de-las-apariciones-de-lourdes\/","title":{"rendered":"Reconocimiento de las apariciones"},"content":{"rendered":"\t\t<div data-elementor-type=\"wp-page\" data-elementor-id=\"787025\" class=\"elementor elementor-787025 elementor-3309\" data-elementor-post-type=\"page\">\n\t\t\t\t\t\t<section class=\"elementor-section elementor-top-section elementor-element elementor-element-168bd0d elementor-section-stretched elementor-section-boxed elementor-section-height-default elementor-section-height-default\" data-id=\"168bd0d\" data-element_type=\"section\" data-settings=\"{&quot;background_background&quot;:&quot;classic&quot;,&quot;stretch_section&quot;:&quot;section-stretched&quot;}\">\n\t\t\t\t\t\t<div class=\"elementor-container elementor-column-gap-no\">\n\t\t\t\t\t<div class=\"elementor-column elementor-col-100 elementor-top-column elementor-element elementor-element-3d535fc\" data-id=\"3d535fc\" data-element_type=\"column\">\n\t\t\t<div class=\"elementor-widget-wrap elementor-element-populated\">\n\t\t\t\t\t\t<div class=\"elementor-element elementor-element-3391a94 elementor-blockquote--skin-quotation elementor-widget elementor-widget-blockquote\" data-id=\"3391a94\" data-element_type=\"widget\" data-widget_type=\"blockquote.default\">\n\t\t\t\t<div class=\"elementor-widget-container\">\n\t\t\t\t\t\t\t<blockquote class=\"elementor-blockquote\">\n\t\t\t<p class=\"elementor-blockquote__content\">\n\t\t\t\tEl 28 de julio de 1858, el obispo de Lourdes puso en marcha una comisi\u00f3n de investigaci\u00f3n sobre las apariciones de la Virgen Mar\u00eda en la Gruta de Massabielle: sus trabajos durar\u00edan cuatro a\u00f1os y culminar\u00edan con el Mandamiento del Reconocimiento de las apariciones el 18 de enero de 1862. \t\t\t<\/p>\n\t\t\t\t\t<\/blockquote>\n\t\t\t\t\t\t<\/div>\n\t\t\t\t<\/div>\n\t\t\t\t\t<\/div>\n\t\t<\/div>\n\t\t\t\t\t<\/div>\n\t\t<\/section>\n\t\t\t\t<section class=\"elementor-section elementor-top-section elementor-element elementor-element-82b3686 elementor-section-boxed elementor-section-height-default elementor-section-height-default\" data-id=\"82b3686\" data-element_type=\"section\">\n\t\t\t\t\t\t<div class=\"elementor-container elementor-column-gap-default\">\n\t\t\t\t\t<div class=\"elementor-column elementor-col-100 elementor-top-column elementor-element elementor-element-91a59e5\" data-id=\"91a59e5\" data-element_type=\"column\">\n\t\t\t<div class=\"elementor-widget-wrap elementor-element-populated\">\n\t\t\t\t\t\t<div class=\"elementor-element elementor-element-763fa99 elementor-widget elementor-widget-spacer\" data-id=\"763fa99\" data-element_type=\"widget\" data-widget_type=\"spacer.default\">\n\t\t\t\t<div class=\"elementor-widget-container\">\n\t\t\t\t\t\t\t<div class=\"elementor-spacer\">\n\t\t\t<div class=\"elementor-spacer-inner\"><\/div>\n\t\t<\/div>\n\t\t\t\t\t\t<\/div>\n\t\t\t\t<\/div>\n\t\t\t\t<div class=\"elementor-element elementor-element-d8b5168 elementor-widget elementor-widget-text-editor\" data-id=\"d8b5168\" data-element_type=\"widget\" data-widget_type=\"text-editor.default\">\n\t\t\t\t<div class=\"elementor-widget-container\">\n\t\t\t\t\t\t\t\t\t<p>El reconocimiento oficial de las apariciones de Lourdes por parte de la Iglesia se basa en el testimonio decisivo de Bernardita Soubirous y en un minucioso trabajo de investigaci\u00f3n y discernimiento, en la oraci\u00f3n.<\/p><p><br \/>En el Santuario de Lourdes, al entrar en la bas\u00edlica de la Inmaculada Concepci\u00f3n, a la derecha, se puede leer grabada en m\u00e1rmol la declaraci\u00f3n solemne del obispo de las apariciones, Mons. Laurence: \u00abJuzgamos que la Inmaculada Mar\u00eda, Madre de Dios, se ha aparecido realmente a Bernardita Soubirous, el d\u00eda 11 de febrero de 1858 y siguientes, hasta el n\u00famero de diez y ocho veces, en la gruta de Massabielle, cerca de la ciudad de Lourdes; y que presentando esta aparici\u00f3n todos los caracteres de verdadera, los fieles tienen fundamento para tenerla por cierta. Este nuestro juicio le sometemos humildemente al juicio del Soberano Pont\u00edfice, que tienen encargo de gobernar la Iglesia\u00bb. Esta declaraci\u00f3n del obispo de Tarbes tiene una importancia capital: cuatro a\u00f1os despu\u00e9s de las apariciones, el 18 de enero de 1862, las reconoci\u00f3 como aut\u00e9nticas en nombre de la Iglesia.<\/p><p><br \/>Mons. Laurence no dej\u00f3 que las cosas se eternizaran: las 18 apariciones se produjeron entre el 11 de febrero y el 16 de julio de 1858, y el 28 de julio cre\u00f3 una Comisi\u00f3n de Investigaci\u00f3n \u00abpara recoger y registrar los hechos ocurridos o que puedan ocurrir en la gruta de Lourdes o en relaci\u00f3n con ella; para se\u00f1al\u00e1rnoslos, para hacernos conscientes de su naturaleza, y para proporcionarnos as\u00ed los elementos necesarios para llegar a una soluci\u00f3n\u00bb.<\/p><p><br \/>La Comisi\u00f3n debe investigar las curaciones debidas al uso del agua de la gruta. \u00bfEsta agua es natural o sobrenatural? \u00bfSon reales las visiones de Bernardita? Si es as\u00ed, \u00bfson divinas? \u00bfEl objeto que se apareci\u00f3 hizo alguna petici\u00f3n a la ni\u00f1a? \u00bfCu\u00e1les? \u00bfExist\u00eda la fuente de la gruta antes de la visi\u00f3n que Bernardita afirma haber tenido? En la ordenanza por la que se creaba la comisi\u00f3n, el obispo insist\u00eda en la seriedad del trabajo a realizar: investigaci\u00f3n para esclarecer los hechos, interrogatorio de los testigos, consulta a hombres de ciencia, en particular a los m\u00e9dicos que hab\u00edan tratado a los enfermos antes de su curaci\u00f3n, pero tambi\u00e9n a hombres versados en las ciencias de la f\u00edsica, la qu\u00edmica y la geolog\u00eda: \u00abLa Comisi\u00f3n no debe descuidar nada para rodearse de luz y llegar a la verdad, sea cual sea\u00bb.<\/p><p><br \/>Durante casi cuatro a\u00f1os, la Comisi\u00f3n investig\u00f3, interrog\u00f3 a Bernardita, y el obispo dio su conclusi\u00f3n en su famoso mandamiento del 18 de enero de 1862 \u00abemitiendo un juicio sobre la Aparici\u00f3n que tuvo lugar en la Gruta de Lourdes\u00bb.<\/p><p><br \/>Tras un resumen descriptivo de las apariciones, el obispo explica la sabia lentitud con la que la Iglesia valora los hechos sobrenaturales: pide pruebas certeras antes de aceptarlas y proclamarlas como divinas, porque el demonio puede enga\u00f1ar al hombre disfraz\u00e1ndose de \u00e1ngel de luz: \u00abNos inspiramos en la Comisi\u00f3n, compuesta sacerdotes piadosos, instruidos y experimentados, que han interrogado a la ni\u00f1a, han estudiado los hechos y que todo lo han examinado y todo lo han pesado. Tambi\u00e9n hemos invocado la autoridad de la ciencia y hemos llegado a convencernos de que la aparici\u00f3n es sobrenatural y divina, siendo por consiguiente la Virgen Sant\u00edsima a quien Bernardita ha visto. Nuestra convicci\u00f3n se ha formado, parte por el testimonio de la misma ni\u00f1a; pero principalmente al ver algunos hechos que han ocurrido y cuya existencia no puede explicarse sino por una intervenci\u00f3n divina\u00bb.<\/p>\t\t\t\t\t\t\t\t<\/div>\n\t\t\t\t<\/div>\n\t\t\t\t\t<\/div>\n\t\t<\/div>\n\t\t\t\t\t<\/div>\n\t\t<\/section>\n\t\t\t\t<\/div>\n\t\t","protected":false},"excerpt":{"rendered":"<p>El 28 de julio de 1858, el obispo de Lourdes puso en marcha una comisi\u00f3n de investigaci\u00f3n sobre las apariciones de la Virgen Mar\u00eda en la Gruta de Massabielle: sus trabajos durar\u00edan cuatro a\u00f1os y culminar\u00edan con el Mandamiento del &hellip; <a href=\"https:\/\/www.lourdes-france.com\/es\/reconocimiento-oficial-de-las-apariciones-de-lourdes\/\">Continuar<\/a><\/p>\n","protected":false},"author":2,"featured_media":3367,"parent":0,"menu_order":0,"comment_status":"closed","ping_status":"closed","template":"","meta":{"_acf_changed":false,"footnotes":""},"class_list":["post-787025","page","type-page","status-publish","has-post-thumbnail","hentry"],"acf":[],"yoast_head":"<!-- This site is optimized with the Yoast SEO Premium plugin v24.0 (Yoast SEO v26.3) - https:\/\/yoast.com\/wordpress\/plugins\/seo\/ -->\n<title>Reconocimiento oficial de las apariciones de Lourdes<\/title>\n<meta name=\"description\" content=\"En 1858, el obispo de Lourdes puso en marcha una comisi\u00f3n. Publica un mandamiento de reconocimiento oficial el 18 de enero de 1862.\" \/>\n<meta name=\"robots\" content=\"index, follow, max-snippet:-1, max-image-preview:large, max-video-preview:-1\" \/>\n<link rel=\"canonical\" href=\"https:\/\/www.lourdes-france.com\/es\/reconocimiento-oficial-de-las-apariciones-de-lourdes\/\" \/>\n<meta property=\"og:locale\" content=\"es_ES\" \/>\n<meta property=\"og:type\" content=\"article\" \/>\n<meta property=\"og:title\" content=\"Reconocimiento de las apariciones\" \/>\n<meta property=\"og:description\" content=\"En 1858, el obispo de Lourdes puso en marcha una comisi\u00f3n. Publica un mandamiento de reconocimiento oficial el 18 de enero de 1862.\" \/>\n<meta property=\"og:url\" content=\"https:\/\/www.lourdes-france.com\/es\/reconocimiento-oficial-de-las-apariciones-de-lourdes\/\" \/>\n<meta property=\"og:site_name\" content=\"Vivre le p\u00e8lerinage de Lourdes\" \/>\n<meta property=\"article:modified_time\" content=\"2022-08-05T06:58:44+00:00\" \/>\n<meta property=\"og:image\" content=\"https:\/\/www.lourdes-france.com\/wp-content\/uploads\/2021\/11\/mandement_mise-en-avant.jpg\" \/>\n\t<meta property=\"og:image:width\" content=\"2362\" \/>\n\t<meta property=\"og:image:height\" content=\"1507\" \/>\n\t<meta property=\"og:image:type\" content=\"image\/jpeg\" \/>\n<meta name=\"twitter:card\" content=\"summary_large_image\" \/>\n<meta name=\"twitter:label1\" content=\"Tiempo de lectura\" \/>\n\t<meta name=\"twitter:data1\" content=\"4 minutos\" \/>\n<script type=\"application\/ld+json\" class=\"yoast-schema-graph\">{\"@context\":\"https:\/\/schema.org\",\"@graph\":[{\"@type\":\"WebPage\",\"@id\":\"https:\/\/www.lourdes-france.com\/es\/reconocimiento-oficial-de-las-apariciones-de-lourdes\/\",\"url\":\"https:\/\/www.lourdes-france.com\/es\/reconocimiento-oficial-de-las-apariciones-de-lourdes\/\",\"name\":\"Reconocimiento oficial de las apariciones de Lourdes\",\"isPartOf\":{\"@id\":\"https:\/\/www.lourdes-france.com\/es\/#website\"},\"primaryImageOfPage\":{\"@id\":\"https:\/\/www.lourdes-france.com\/es\/reconocimiento-oficial-de-las-apariciones-de-lourdes\/#primaryimage\"},\"image\":{\"@id\":\"https:\/\/www.lourdes-france.com\/es\/reconocimiento-oficial-de-las-apariciones-de-lourdes\/#primaryimage\"},\"thumbnailUrl\":\"https:\/\/www.lourdes-france.com\/wp-content\/uploads\/2021\/11\/mandement_mise-en-avant.jpg\",\"datePublished\":\"2021-11-12T14:00:27+00:00\",\"dateModified\":\"2022-08-05T06:58:44+00:00\",\"description\":\"En 1858, el obispo de Lourdes puso en marcha una comisi\u00f3n. Publica un mandamiento de reconocimiento oficial el 18 de enero de 1862.\",\"breadcrumb\":{\"@id\":\"https:\/\/www.lourdes-france.com\/es\/reconocimiento-oficial-de-las-apariciones-de-lourdes\/#breadcrumb\"},\"inLanguage\":\"es\",\"potentialAction\":[{\"@type\":\"ReadAction\",\"target\":[\"https:\/\/www.lourdes-france.com\/es\/reconocimiento-oficial-de-las-apariciones-de-lourdes\/\"]}]},{\"@type\":\"ImageObject\",\"inLanguage\":\"es\",\"@id\":\"https:\/\/www.lourdes-france.com\/es\/reconocimiento-oficial-de-las-apariciones-de-lourdes\/#primaryimage\",\"url\":\"https:\/\/www.lourdes-france.com\/wp-content\/uploads\/2021\/11\/mandement_mise-en-avant.jpg\",\"contentUrl\":\"https:\/\/www.lourdes-france.com\/wp-content\/uploads\/2021\/11\/mandement_mise-en-avant.jpg\",\"width\":2362,\"height\":1507,\"caption\":\"Reconocimiento de las apariciones\"},{\"@type\":\"BreadcrumbList\",\"@id\":\"https:\/\/www.lourdes-france.com\/es\/reconocimiento-oficial-de-las-apariciones-de-lourdes\/#breadcrumb\",\"itemListElement\":[{\"@type\":\"ListItem\",\"position\":1,\"name\":\"Accueil\",\"item\":\"https:\/\/www.lourdes-france.com\/es\/\"},{\"@type\":\"ListItem\",\"position\":2,\"name\":\"Reconocimiento de las apariciones\"}]},{\"@type\":\"WebSite\",\"@id\":\"https:\/\/www.lourdes-france.com\/es\/#website\",\"url\":\"https:\/\/www.lourdes-france.com\/es\/\",\"name\":\"Sanctuaire Notre-Dame de Lourdes\",\"description\":\"\",\"publisher\":{\"@id\":\"https:\/\/www.lourdes-france.com\/es\/#organization\"},\"potentialAction\":[{\"@type\":\"SearchAction\",\"target\":{\"@type\":\"EntryPoint\",\"urlTemplate\":\"https:\/\/www.lourdes-france.com\/es\/?s={search_term_string}\"},\"query-input\":{\"@type\":\"PropertyValueSpecification\",\"valueRequired\":true,\"valueName\":\"search_term_string\"}}],\"inLanguage\":\"es\"},{\"@type\":\"Organization\",\"@id\":\"https:\/\/www.lourdes-france.com\/es\/#organization\",\"name\":\"Sanctuaire Notre-Dame de Lourdes\",\"url\":\"https:\/\/www.lourdes-france.com\/es\/\",\"logo\":{\"@type\":\"ImageObject\",\"inLanguage\":\"es\",\"@id\":\"https:\/\/www.lourdes-france.com\/es\/#\/schema\/logo\/image\/\",\"url\":\"https:\/\/www.lourdes-france.com\/wp-content\/uploads\/2021\/11\/logo-small.png\",\"contentUrl\":\"https:\/\/www.lourdes-france.com\/wp-content\/uploads\/2021\/11\/logo-small.png\",\"width\":834,\"height\":521,\"caption\":\"Sanctuaire Notre-Dame de Lourdes\"},\"image\":{\"@id\":\"https:\/\/www.lourdes-france.com\/es\/#\/schema\/logo\/image\/\"}}]}<\/script>\n<!-- \/ Yoast SEO Premium plugin. -->","yoast_head_json":{"title":"Reconocimiento oficial de las apariciones de Lourdes","description":"En 1858, el obispo de Lourdes puso en marcha una comisi\u00f3n. Publica un mandamiento de reconocimiento oficial el 18 de enero de 1862.","robots":{"index":"index","follow":"follow","max-snippet":"max-snippet:-1","max-image-preview":"max-image-preview:large","max-video-preview":"max-video-preview:-1"},"canonical":"https:\/\/www.lourdes-france.com\/es\/reconocimiento-oficial-de-las-apariciones-de-lourdes\/","og_locale":"es_ES","og_type":"article","og_title":"Reconocimiento de las apariciones","og_description":"En 1858, el obispo de Lourdes puso en marcha una comisi\u00f3n. Publica un mandamiento de reconocimiento oficial el 18 de enero de 1862.","og_url":"https:\/\/www.lourdes-france.com\/es\/reconocimiento-oficial-de-las-apariciones-de-lourdes\/","og_site_name":"Vivre le p\u00e8lerinage de Lourdes","article_modified_time":"2022-08-05T06:58:44+00:00","og_image":[{"width":2362,"height":1507,"url":"https:\/\/www.lourdes-france.com\/wp-content\/uploads\/2021\/11\/mandement_mise-en-avant.jpg","type":"image\/jpeg"}],"twitter_card":"summary_large_image","twitter_misc":{"Tiempo de lectura":"4 minutos"},"schema":{"@context":"https:\/\/schema.org","@graph":[{"@type":"WebPage","@id":"https:\/\/www.lourdes-france.com\/es\/reconocimiento-oficial-de-las-apariciones-de-lourdes\/","url":"https:\/\/www.lourdes-france.com\/es\/reconocimiento-oficial-de-las-apariciones-de-lourdes\/","name":"Reconocimiento oficial de las apariciones de Lourdes","isPartOf":{"@id":"https:\/\/www.lourdes-france.com\/es\/#website"},"primaryImageOfPage":{"@id":"https:\/\/www.lourdes-france.com\/es\/reconocimiento-oficial-de-las-apariciones-de-lourdes\/#primaryimage"},"image":{"@id":"https:\/\/www.lourdes-france.com\/es\/reconocimiento-oficial-de-las-apariciones-de-lourdes\/#primaryimage"},"thumbnailUrl":"https:\/\/www.lourdes-france.com\/wp-content\/uploads\/2021\/11\/mandement_mise-en-avant.jpg","datePublished":"2021-11-12T14:00:27+00:00","dateModified":"2022-08-05T06:58:44+00:00","description":"En 1858, el obispo de Lourdes puso en marcha una comisi\u00f3n. Publica un mandamiento de reconocimiento oficial el 18 de enero de 1862.","breadcrumb":{"@id":"https:\/\/www.lourdes-france.com\/es\/reconocimiento-oficial-de-las-apariciones-de-lourdes\/#breadcrumb"},"inLanguage":"es","potentialAction":[{"@type":"ReadAction","target":["https:\/\/www.lourdes-france.com\/es\/reconocimiento-oficial-de-las-apariciones-de-lourdes\/"]}]},{"@type":"ImageObject","inLanguage":"es","@id":"https:\/\/www.lourdes-france.com\/es\/reconocimiento-oficial-de-las-apariciones-de-lourdes\/#primaryimage","url":"https:\/\/www.lourdes-france.com\/wp-content\/uploads\/2021\/11\/mandement_mise-en-avant.jpg","contentUrl":"https:\/\/www.lourdes-france.com\/wp-content\/uploads\/2021\/11\/mandement_mise-en-avant.jpg","width":2362,"height":1507,"caption":"Reconocimiento de las apariciones"},{"@type":"BreadcrumbList","@id":"https:\/\/www.lourdes-france.com\/es\/reconocimiento-oficial-de-las-apariciones-de-lourdes\/#breadcrumb","itemListElement":[{"@type":"ListItem","position":1,"name":"Accueil","item":"https:\/\/www.lourdes-france.com\/es\/"},{"@type":"ListItem","position":2,"name":"Reconocimiento de las apariciones"}]},{"@type":"WebSite","@id":"https:\/\/www.lourdes-france.com\/es\/#website","url":"https:\/\/www.lourdes-france.com\/es\/","name":"Sanctuaire Notre-Dame de Lourdes","description":"","publisher":{"@id":"https:\/\/www.lourdes-france.com\/es\/#organization"},"potentialAction":[{"@type":"SearchAction","target":{"@type":"EntryPoint","urlTemplate":"https:\/\/www.lourdes-france.com\/es\/?s={search_term_string}"},"query-input":{"@type":"PropertyValueSpecification","valueRequired":true,"valueName":"search_term_string"}}],"inLanguage":"es"},{"@type":"Organization","@id":"https:\/\/www.lourdes-france.com\/es\/#organization","name":"Sanctuaire Notre-Dame de Lourdes","url":"https:\/\/www.lourdes-france.com\/es\/","logo":{"@type":"ImageObject","inLanguage":"es","@id":"https:\/\/www.lourdes-france.com\/es\/#\/schema\/logo\/image\/","url":"https:\/\/www.lourdes-france.com\/wp-content\/uploads\/2021\/11\/logo-small.png","contentUrl":"https:\/\/www.lourdes-france.com\/wp-content\/uploads\/2021\/11\/logo-small.png","width":834,"height":521,"caption":"Sanctuaire Notre-Dame de Lourdes"},"image":{"@id":"https:\/\/www.lourdes-france.com\/es\/#\/schema\/logo\/image\/"}}]}},"_links":{"self":[{"href":"https:\/\/www.lourdes-france.com\/es\/wp-json\/wp\/v2\/pages\/787025","targetHints":{"allow":["GET"]}}],"collection":[{"href":"https:\/\/www.lourdes-france.com\/es\/wp-json\/wp\/v2\/pages"}],"about":[{"href":"https:\/\/www.lourdes-france.com\/es\/wp-json\/wp\/v2\/types\/page"}],"author":[{"embeddable":true,"href":"https:\/\/www.lourdes-france.com\/es\/wp-json\/wp\/v2\/users\/2"}],"replies":[{"embeddable":true,"href":"https:\/\/www.lourdes-france.com\/es\/wp-json\/wp\/v2\/comments?post=787025"}],"version-history":[{"count":0,"href":"https:\/\/www.lourdes-france.com\/es\/wp-json\/wp\/v2\/pages\/787025\/revisions"}],"wp:featuredmedia":[{"embeddable":true,"href":"https:\/\/www.lourdes-france.com\/es\/wp-json\/wp\/v2\/media\/3367"}],"wp:attachment":[{"href":"https:\/\/www.lourdes-france.com\/es\/wp-json\/wp\/v2\/media?parent=787025"}],"curies":[{"name":"wp","href":"https:\/\/api.w.org\/{rel}","templated":true}]}}