{"id":782654,"date":"2021-11-12T15:26:48","date_gmt":"2021-11-12T14:26:48","guid":{"rendered":"https:\/\/www.lourdes-france.com\/quest-ce-quun-pelerinage\/"},"modified":"2023-08-03T16:58:44","modified_gmt":"2023-08-03T14:58:44","slug":"que-es-una-peregrinacion","status":"publish","type":"page","link":"https:\/\/www.lourdes-france.com\/es\/que-es-una-peregrinacion\/","title":{"rendered":"\u00bfQu\u00e9 es una peregrinaci\u00f3n?"},"content":{"rendered":"\t\t<div data-elementor-type=\"wp-page\" data-elementor-id=\"782654\" class=\"elementor elementor-782654 elementor-3359\" data-elementor-post-type=\"page\">\n\t\t\t\t\t\t<section class=\"elementor-section elementor-top-section elementor-element elementor-element-ca201ea elementor-section-stretched elementor-section-boxed elementor-section-height-default elementor-section-height-default\" data-id=\"ca201ea\" data-element_type=\"section\" data-settings=\"{&quot;background_background&quot;:&quot;classic&quot;,&quot;stretch_section&quot;:&quot;section-stretched&quot;}\">\n\t\t\t\t\t\t<div class=\"elementor-container elementor-column-gap-no\">\n\t\t\t\t\t<div class=\"elementor-column elementor-col-100 elementor-top-column elementor-element elementor-element-2fb97598\" data-id=\"2fb97598\" data-element_type=\"column\">\n\t\t\t<div class=\"elementor-widget-wrap elementor-element-populated\">\n\t\t\t\t\t\t<div class=\"elementor-element elementor-element-68b2fab9 elementor-blockquote--skin-quotation elementor-widget elementor-widget-blockquote\" data-id=\"68b2fab9\" data-element_type=\"widget\" data-widget_type=\"blockquote.default\">\n\t\t\t\t<div class=\"elementor-widget-container\">\n\t\t\t\t\t\t\t<blockquote class=\"elementor-blockquote\">\n\t\t\t<p class=\"elementor-blockquote__content\">\n\t\t\t\tSignifica en primer lugar dejar tu vida diaria, tus h\u00e1bitos. M\u00e1s que un viaje, es un verdadero momento para tomarse un tiempo de reflexionar a solas o con otros, para crear v\u00ednculos en un esp\u00edritu de benevolencia y alegr\u00eda gracias a los cantos, la marcha, los intercambios y la oraci\u00f3n para aquellos que lo deseen. Las peregrinaciones forman parte de la historia de Lourdes y contribuyen a tejer el v\u00ednculo entre todos.\t\t\t<\/p>\n\t\t\t\t\t<\/blockquote>\n\t\t\t\t\t\t<\/div>\n\t\t\t\t<\/div>\n\t\t\t\t\t<\/div>\n\t\t<\/div>\n\t\t\t\t\t<\/div>\n\t\t<\/section>\n\t\t\t\t<section class=\"elementor-section elementor-top-section elementor-element elementor-element-2b8816e6 elementor-section-boxed elementor-section-height-default elementor-section-height-default\" data-id=\"2b8816e6\" data-element_type=\"section\">\n\t\t\t\t\t\t<div class=\"elementor-container elementor-column-gap-default\">\n\t\t\t\t\t<div class=\"elementor-column elementor-col-100 elementor-top-column elementor-element elementor-element-81e22e1\" data-id=\"81e22e1\" data-element_type=\"column\">\n\t\t\t<div class=\"elementor-widget-wrap elementor-element-populated\">\n\t\t\t\t\t\t<div class=\"elementor-element elementor-element-27e59c88 elementor-widget elementor-widget-spacer\" data-id=\"27e59c88\" data-element_type=\"widget\" data-widget_type=\"spacer.default\">\n\t\t\t\t<div class=\"elementor-widget-container\">\n\t\t\t\t\t\t\t<div class=\"elementor-spacer\">\n\t\t\t<div class=\"elementor-spacer-inner\"><\/div>\n\t\t<\/div>\n\t\t\t\t\t\t<\/div>\n\t\t\t\t<\/div>\n\t\t\t\t<div class=\"elementor-element elementor-element-16aada97 elementor-widget elementor-widget-heading\" data-id=\"16aada97\" data-element_type=\"widget\" data-widget_type=\"heading.default\">\n\t\t\t\t<div class=\"elementor-widget-container\">\n\t\t\t\t\t<h3 class=\"elementor-heading-title elementor-size-default\">\u00bfPor qu\u00e9 una peregrinaci\u00f3n a Lourdes? <\/h3>\t\t\t\t<\/div>\n\t\t\t\t<\/div>\n\t\t\t\t<div class=\"elementor-element elementor-element-a223569 elementor-widget elementor-widget-text-editor\" data-id=\"a223569\" data-element_type=\"widget\" data-widget_type=\"text-editor.default\">\n\t\t\t\t<div class=\"elementor-widget-container\">\n\t\t\t\t\t\t\t\t\t<p>Durante la decimotercera aparici\u00f3n, la Se\u00f1ora de la Gruta le pide a Bernardita que \u00ab<i>Vaya a decir a los sacerdotes que se construya aqu\u00ed una capilla y se venga en procesi\u00f3n\u00bb<\/i>. En el lenguaje de la \u00e9poca, las palabras \u00abprocesi\u00f3n\u00bb y \u00abperegrinaci\u00f3n\u00bb no se diferencian&#8230;<br \/><br \/>El hecho de que la Virgen Mar\u00eda pida el mismo d\u00eda que se venga en procesi\u00f3n y se construya una capilla quiere decirnos que debemos ponernos en marcha y convertirnos en \u00abpiedras vivas\u00bb. Lourdes, la Iglesia, no es nada sin las personas que se ponen en marcha en el camino hacia aquel que se hizo uno de nosotros para salvarnos.<\/p>\t\t\t\t\t\t\t\t<\/div>\n\t\t\t\t<\/div>\n\t\t\t\t<div class=\"elementor-element elementor-element-5b192e0 elementor-widget elementor-widget-heading\" data-id=\"5b192e0\" data-element_type=\"widget\" data-widget_type=\"heading.default\">\n\t\t\t\t<div class=\"elementor-widget-container\">\n\t\t\t\t\t<h3 class=\"elementor-heading-title elementor-size-default\">La palabra peregrinaci\u00f3n est\u00e1 en singular, pero su realidad es plural<\/h3>\t\t\t\t<\/div>\n\t\t\t\t<\/div>\n\t\t\t\t<div class=\"elementor-element elementor-element-912051e elementor-widget elementor-widget-text-editor\" data-id=\"912051e\" data-element_type=\"widget\" data-widget_type=\"text-editor.default\">\n\t\t\t\t<div class=\"elementor-widget-container\">\n\t\t\t\t\t\t\t\t\t<p>Si vienes a Lourdes, pronto te dar\u00e1s cuenta de que Lourdes es un lugar donde la diferencia est\u00e1 en todas partes, lo que hace que todos seamos un solo pueblo, un solo coraz\u00f3n vuelto hacia Mar\u00eda, que nos lleva de la mano para conducirnos a su Hijo.<br \/><br \/>En Lourdes hay peregrinaciones organizadas y peregrinaciones individuales. Tambi\u00e9n hay visitantes que se convierten en peregrinos. La gracia de Lourdes conmueve y transforma.<br \/><br \/>Encontrar\u00e1s peregrinaciones diocesanas en tu regi\u00f3n, peregrinaciones nacionales (como la Peregrinaci\u00f3n Nacional, el Rosario&#8230;) y peregrinaciones internacionales (como la Peregrinaci\u00f3n Militar Internacional, la Orden de Malta&#8230;). Tambi\u00e9n se pueden encontrar peregrinaciones tem\u00e1ticas (por ejemplo, Lourdes Cancer Esp\u00e9rance, el FRAT&#8230;), y tambi\u00e9n las organizadas por familias religiosas (franciscanos, jesuitas&#8230;).<\/p>\t\t\t\t\t\t\t\t<\/div>\n\t\t\t\t<\/div>\n\t\t\t\t<div class=\"elementor-element elementor-element-95e1c82 elementor-align-center elementor-widget elementor-widget-button\" data-id=\"95e1c82\" data-element_type=\"widget\" data-widget_type=\"button.default\">\n\t\t\t\t<div class=\"elementor-widget-container\">\n\t\t\t\t\t\t\t\t\t<div class=\"elementor-button-wrapper\">\n\t\t\t\t\t<a class=\"elementor-button elementor-button-link elementor-size-sm\" href=\"https:\/\/www.lourdes-france.com\/es\/contactar-con-una-peregrinacion\/\">\n\t\t\t\t\t\t<span class=\"elementor-button-content-wrapper\">\n\t\t\t\t\t\t\t\t\t<span class=\"elementor-button-text\">\u00a1Participa en una peregrinaci\u00f3n cerca de casa!<\/span>\n\t\t\t\t\t<\/span>\n\t\t\t\t\t<\/a>\n\t\t\t\t<\/div>\n\t\t\t\t\t\t\t\t<\/div>\n\t\t\t\t<\/div>\n\t\t\t\t\t<\/div>\n\t\t<\/div>\n\t\t\t\t\t<\/div>\n\t\t<\/section>\n\t\t\t\t<section class=\"elementor-section elementor-top-section elementor-element elementor-element-243e953f elementor-section-boxed elementor-section-height-default elementor-section-height-default\" data-id=\"243e953f\" data-element_type=\"section\">\n\t\t\t\t\t\t<div class=\"elementor-container elementor-column-gap-default\">\n\t\t\t\t\t<div class=\"elementor-column elementor-col-100 elementor-top-column elementor-element elementor-element-3ca17d4e\" data-id=\"3ca17d4e\" data-element_type=\"column\">\n\t\t\t<div class=\"elementor-widget-wrap elementor-element-populated\">\n\t\t\t\t\t\t<div class=\"elementor-element elementor-element-140169f4 elementor-widget elementor-widget-spacer\" data-id=\"140169f4\" data-element_type=\"widget\" data-widget_type=\"spacer.default\">\n\t\t\t\t<div class=\"elementor-widget-container\">\n\t\t\t\t\t\t\t<div class=\"elementor-spacer\">\n\t\t\t<div class=\"elementor-spacer-inner\"><\/div>\n\t\t<\/div>\n\t\t\t\t\t\t<\/div>\n\t\t\t\t<\/div>\n\t\t\t\t\t<\/div>\n\t\t<\/div>\n\t\t\t\t\t<\/div>\n\t\t<\/section>\n\t\t\t\t<\/div>\n\t\t","protected":false},"excerpt":{"rendered":"<p>Significa en primer lugar dejar tu vida diaria, tus h\u00e1bitos. M\u00e1s que un viaje, es un verdadero momento para tomarse un tiempo de reflexionar a solas o con otros, para crear v\u00ednculos en un esp\u00edritu de benevolencia y alegr\u00eda gracias &hellip; <a href=\"https:\/\/www.lourdes-france.com\/es\/que-es-una-peregrinacion\/\">Continuar<\/a><\/p>\n","protected":false},"author":1,"featured_media":3363,"parent":0,"menu_order":0,"comment_status":"closed","ping_status":"closed","template":"","meta":{"_acf_changed":false,"footnotes":""},"class_list":["post-782654","page","type-page","status-publish","has-post-thumbnail","hentry"],"acf":[],"yoast_head":"<!-- This site is optimized with the Yoast SEO Premium plugin v24.0 (Yoast SEO v26.3) - https:\/\/yoast.com\/wordpress\/plugins\/seo\/ -->\n<title>\u00bfQu\u00e9 es una peregrinaci\u00f3n? - Vivre le p\u00e8lerinage de Lourdes<\/title>\n<meta name=\"robots\" content=\"index, follow, max-snippet:-1, max-image-preview:large, max-video-preview:-1\" \/>\n<link rel=\"canonical\" href=\"https:\/\/www.lourdes-france.com\/es\/que-es-una-peregrinacion\/\" \/>\n<meta property=\"og:locale\" content=\"es_ES\" \/>\n<meta property=\"og:type\" content=\"article\" \/>\n<meta property=\"og:title\" content=\"\u00bfQu\u00e9 es una peregrinaci\u00f3n?\" \/>\n<meta property=\"og:description\" content=\"Significa en primer lugar dejar tu vida diaria, tus h\u00e1bitos. M\u00e1s que un viaje, es un verdadero momento para tomarse un tiempo de reflexionar a solas o con otros, para crear v\u00ednculos en un esp\u00edritu de benevolencia y alegr\u00eda gracias &hellip; Continuar\" \/>\n<meta property=\"og:url\" content=\"https:\/\/www.lourdes-france.com\/es\/que-es-una-peregrinacion\/\" \/>\n<meta property=\"og:site_name\" content=\"Vivre le p\u00e8lerinage de Lourdes\" \/>\n<meta property=\"article:modified_time\" content=\"2023-08-03T14:58:44+00:00\" \/>\n<meta property=\"og:image\" content=\"https:\/\/www.lourdes-france.com\/wp-content\/uploads\/2021\/11\/image_mise-en-avant_Pelerinage.jpg\" \/>\n\t<meta property=\"og:image:width\" content=\"2362\" \/>\n\t<meta property=\"og:image:height\" content=\"1507\" \/>\n\t<meta property=\"og:image:type\" content=\"image\/jpeg\" \/>\n<meta name=\"twitter:card\" content=\"summary_large_image\" \/>\n<meta name=\"twitter:label1\" content=\"Tiempo de lectura\" \/>\n\t<meta name=\"twitter:data1\" content=\"2 minutos\" \/>\n<script type=\"application\/ld+json\" class=\"yoast-schema-graph\">{\"@context\":\"https:\/\/schema.org\",\"@graph\":[{\"@type\":\"WebPage\",\"@id\":\"https:\/\/www.lourdes-france.com\/es\/que-es-una-peregrinacion\/\",\"url\":\"https:\/\/www.lourdes-france.com\/es\/que-es-una-peregrinacion\/\",\"name\":\"\u00bfQu\u00e9 es una peregrinaci\u00f3n? - Vivre le p\u00e8lerinage de Lourdes\",\"isPartOf\":{\"@id\":\"https:\/\/www.lourdes-france.com\/es\/#website\"},\"primaryImageOfPage\":{\"@id\":\"https:\/\/www.lourdes-france.com\/es\/que-es-una-peregrinacion\/#primaryimage\"},\"image\":{\"@id\":\"https:\/\/www.lourdes-france.com\/es\/que-es-una-peregrinacion\/#primaryimage\"},\"thumbnailUrl\":\"https:\/\/www.lourdes-france.com\/wp-content\/uploads\/2021\/11\/image_mise-en-avant_Pelerinage.jpg\",\"datePublished\":\"2021-11-12T14:26:48+00:00\",\"dateModified\":\"2023-08-03T14:58:44+00:00\",\"breadcrumb\":{\"@id\":\"https:\/\/www.lourdes-france.com\/es\/que-es-una-peregrinacion\/#breadcrumb\"},\"inLanguage\":\"es\",\"potentialAction\":[{\"@type\":\"ReadAction\",\"target\":[\"https:\/\/www.lourdes-france.com\/es\/que-es-una-peregrinacion\/\"]}]},{\"@type\":\"ImageObject\",\"inLanguage\":\"es\",\"@id\":\"https:\/\/www.lourdes-france.com\/es\/que-es-una-peregrinacion\/#primaryimage\",\"url\":\"https:\/\/www.lourdes-france.com\/wp-content\/uploads\/2021\/11\/image_mise-en-avant_Pelerinage.jpg\",\"contentUrl\":\"https:\/\/www.lourdes-france.com\/wp-content\/uploads\/2021\/11\/image_mise-en-avant_Pelerinage.jpg\",\"width\":2362,\"height\":1507},{\"@type\":\"BreadcrumbList\",\"@id\":\"https:\/\/www.lourdes-france.com\/es\/que-es-una-peregrinacion\/#breadcrumb\",\"itemListElement\":[{\"@type\":\"ListItem\",\"position\":1,\"name\":\"Accueil\",\"item\":\"https:\/\/www.lourdes-france.com\/es\/\"},{\"@type\":\"ListItem\",\"position\":2,\"name\":\"\u00bfQu\u00e9 es una peregrinaci\u00f3n?\"}]},{\"@type\":\"WebSite\",\"@id\":\"https:\/\/www.lourdes-france.com\/es\/#website\",\"url\":\"https:\/\/www.lourdes-france.com\/es\/\",\"name\":\"Sanctuaire Notre-Dame de Lourdes\",\"description\":\"\",\"publisher\":{\"@id\":\"https:\/\/www.lourdes-france.com\/es\/#organization\"},\"potentialAction\":[{\"@type\":\"SearchAction\",\"target\":{\"@type\":\"EntryPoint\",\"urlTemplate\":\"https:\/\/www.lourdes-france.com\/es\/?s={search_term_string}\"},\"query-input\":{\"@type\":\"PropertyValueSpecification\",\"valueRequired\":true,\"valueName\":\"search_term_string\"}}],\"inLanguage\":\"es\"},{\"@type\":\"Organization\",\"@id\":\"https:\/\/www.lourdes-france.com\/es\/#organization\",\"name\":\"Sanctuaire Notre-Dame de Lourdes\",\"url\":\"https:\/\/www.lourdes-france.com\/es\/\",\"logo\":{\"@type\":\"ImageObject\",\"inLanguage\":\"es\",\"@id\":\"https:\/\/www.lourdes-france.com\/es\/#\/schema\/logo\/image\/\",\"url\":\"https:\/\/www.lourdes-france.com\/wp-content\/uploads\/2021\/11\/logo-small.png\",\"contentUrl\":\"https:\/\/www.lourdes-france.com\/wp-content\/uploads\/2021\/11\/logo-small.png\",\"width\":834,\"height\":521,\"caption\":\"Sanctuaire Notre-Dame de Lourdes\"},\"image\":{\"@id\":\"https:\/\/www.lourdes-france.com\/es\/#\/schema\/logo\/image\/\"}}]}<\/script>\n<!-- \/ Yoast SEO Premium plugin. -->","yoast_head_json":{"title":"\u00bfQu\u00e9 es una peregrinaci\u00f3n? - Vivre le p\u00e8lerinage de Lourdes","robots":{"index":"index","follow":"follow","max-snippet":"max-snippet:-1","max-image-preview":"max-image-preview:large","max-video-preview":"max-video-preview:-1"},"canonical":"https:\/\/www.lourdes-france.com\/es\/que-es-una-peregrinacion\/","og_locale":"es_ES","og_type":"article","og_title":"\u00bfQu\u00e9 es una peregrinaci\u00f3n?","og_description":"Significa en primer lugar dejar tu vida diaria, tus h\u00e1bitos. M\u00e1s que un viaje, es un verdadero momento para tomarse un tiempo de reflexionar a solas o con otros, para crear v\u00ednculos en un esp\u00edritu de benevolencia y alegr\u00eda gracias &hellip; Continuar","og_url":"https:\/\/www.lourdes-france.com\/es\/que-es-una-peregrinacion\/","og_site_name":"Vivre le p\u00e8lerinage de Lourdes","article_modified_time":"2023-08-03T14:58:44+00:00","og_image":[{"width":2362,"height":1507,"url":"https:\/\/www.lourdes-france.com\/wp-content\/uploads\/2021\/11\/image_mise-en-avant_Pelerinage.jpg","type":"image\/jpeg"}],"twitter_card":"summary_large_image","twitter_misc":{"Tiempo de lectura":"2 minutos"},"schema":{"@context":"https:\/\/schema.org","@graph":[{"@type":"WebPage","@id":"https:\/\/www.lourdes-france.com\/es\/que-es-una-peregrinacion\/","url":"https:\/\/www.lourdes-france.com\/es\/que-es-una-peregrinacion\/","name":"\u00bfQu\u00e9 es una peregrinaci\u00f3n? - Vivre le p\u00e8lerinage de Lourdes","isPartOf":{"@id":"https:\/\/www.lourdes-france.com\/es\/#website"},"primaryImageOfPage":{"@id":"https:\/\/www.lourdes-france.com\/es\/que-es-una-peregrinacion\/#primaryimage"},"image":{"@id":"https:\/\/www.lourdes-france.com\/es\/que-es-una-peregrinacion\/#primaryimage"},"thumbnailUrl":"https:\/\/www.lourdes-france.com\/wp-content\/uploads\/2021\/11\/image_mise-en-avant_Pelerinage.jpg","datePublished":"2021-11-12T14:26:48+00:00","dateModified":"2023-08-03T14:58:44+00:00","breadcrumb":{"@id":"https:\/\/www.lourdes-france.com\/es\/que-es-una-peregrinacion\/#breadcrumb"},"inLanguage":"es","potentialAction":[{"@type":"ReadAction","target":["https:\/\/www.lourdes-france.com\/es\/que-es-una-peregrinacion\/"]}]},{"@type":"ImageObject","inLanguage":"es","@id":"https:\/\/www.lourdes-france.com\/es\/que-es-una-peregrinacion\/#primaryimage","url":"https:\/\/www.lourdes-france.com\/wp-content\/uploads\/2021\/11\/image_mise-en-avant_Pelerinage.jpg","contentUrl":"https:\/\/www.lourdes-france.com\/wp-content\/uploads\/2021\/11\/image_mise-en-avant_Pelerinage.jpg","width":2362,"height":1507},{"@type":"BreadcrumbList","@id":"https:\/\/www.lourdes-france.com\/es\/que-es-una-peregrinacion\/#breadcrumb","itemListElement":[{"@type":"ListItem","position":1,"name":"Accueil","item":"https:\/\/www.lourdes-france.com\/es\/"},{"@type":"ListItem","position":2,"name":"\u00bfQu\u00e9 es una peregrinaci\u00f3n?"}]},{"@type":"WebSite","@id":"https:\/\/www.lourdes-france.com\/es\/#website","url":"https:\/\/www.lourdes-france.com\/es\/","name":"Sanctuaire Notre-Dame de Lourdes","description":"","publisher":{"@id":"https:\/\/www.lourdes-france.com\/es\/#organization"},"potentialAction":[{"@type":"SearchAction","target":{"@type":"EntryPoint","urlTemplate":"https:\/\/www.lourdes-france.com\/es\/?s={search_term_string}"},"query-input":{"@type":"PropertyValueSpecification","valueRequired":true,"valueName":"search_term_string"}}],"inLanguage":"es"},{"@type":"Organization","@id":"https:\/\/www.lourdes-france.com\/es\/#organization","name":"Sanctuaire Notre-Dame de Lourdes","url":"https:\/\/www.lourdes-france.com\/es\/","logo":{"@type":"ImageObject","inLanguage":"es","@id":"https:\/\/www.lourdes-france.com\/es\/#\/schema\/logo\/image\/","url":"https:\/\/www.lourdes-france.com\/wp-content\/uploads\/2021\/11\/logo-small.png","contentUrl":"https:\/\/www.lourdes-france.com\/wp-content\/uploads\/2021\/11\/logo-small.png","width":834,"height":521,"caption":"Sanctuaire Notre-Dame de Lourdes"},"image":{"@id":"https:\/\/www.lourdes-france.com\/es\/#\/schema\/logo\/image\/"}}]}},"_links":{"self":[{"href":"https:\/\/www.lourdes-france.com\/es\/wp-json\/wp\/v2\/pages\/782654","targetHints":{"allow":["GET"]}}],"collection":[{"href":"https:\/\/www.lourdes-france.com\/es\/wp-json\/wp\/v2\/pages"}],"about":[{"href":"https:\/\/www.lourdes-france.com\/es\/wp-json\/wp\/v2\/types\/page"}],"author":[{"embeddable":true,"href":"https:\/\/www.lourdes-france.com\/es\/wp-json\/wp\/v2\/users\/1"}],"replies":[{"embeddable":true,"href":"https:\/\/www.lourdes-france.com\/es\/wp-json\/wp\/v2\/comments?post=782654"}],"version-history":[{"count":0,"href":"https:\/\/www.lourdes-france.com\/es\/wp-json\/wp\/v2\/pages\/782654\/revisions"}],"wp:featuredmedia":[{"embeddable":true,"href":"https:\/\/www.lourdes-france.com\/es\/wp-json\/wp\/v2\/media\/3363"}],"wp:attachment":[{"href":"https:\/\/www.lourdes-france.com\/es\/wp-json\/wp\/v2\/media?parent=782654"}],"curies":[{"name":"wp","href":"https:\/\/api.w.org\/{rel}","templated":true}]}}