{"id":782647,"date":"2021-11-23T13:38:00","date_gmt":"2021-11-23T12:38:00","guid":{"rendered":"https:\/\/www.lourdes-france.com\/organiser-un-pelerinage\/"},"modified":"2025-10-03T17:53:06","modified_gmt":"2025-10-03T15:53:06","slug":"organizar-una-peregrinacion","status":"publish","type":"page","link":"https:\/\/www.lourdes-france.com\/es\/organizar-una-peregrinacion\/","title":{"rendered":"Organizar una peregrinaci\u00f3n"},"content":{"rendered":"\t\t<div data-elementor-type=\"wp-page\" data-elementor-id=\"782647\" class=\"elementor elementor-782647 elementor-3690\" data-elementor-post-type=\"page\">\n\t\t\t\t\t\t<section class=\"elementor-section elementor-top-section elementor-element elementor-element-b3d67ba elementor-section-stretched elementor-section-boxed elementor-section-height-default elementor-section-height-default\" data-id=\"b3d67ba\" data-element_type=\"section\" data-settings=\"{&quot;background_background&quot;:&quot;classic&quot;,&quot;stretch_section&quot;:&quot;section-stretched&quot;}\">\n\t\t\t\t\t\t<div class=\"elementor-container elementor-column-gap-no\">\n\t\t\t\t\t<div class=\"elementor-column elementor-col-100 elementor-top-column elementor-element elementor-element-bbce014\" data-id=\"bbce014\" data-element_type=\"column\">\n\t\t\t<div class=\"elementor-widget-wrap elementor-element-populated\">\n\t\t\t\t\t\t<div class=\"elementor-element elementor-element-3ca63e6 elementor-blockquote--skin-quotation elementor-blockquote--align-left elementor-widget elementor-widget-blockquote\" data-id=\"3ca63e6\" data-element_type=\"widget\" data-widget_type=\"blockquote.default\">\n\t\t\t\t<div class=\"elementor-widget-container\">\n\t\t\t\t\t\t\t<blockquote class=\"elementor-blockquote\">\n\t\t\t<p class=\"elementor-blockquote__content\">\n\t\t\t\t\u00bfPiensan venir a Lourdes en grupo? \u00bfEn una peregrinaci\u00f3n? \u00bfEn preparaci\u00f3n para un sacramento? Por un tiempo espiritual, \u00bftres o cuatro d\u00edas? \u00bfCon personas enfermas, mayores o j\u00f3venes? Directores de peregrinaci\u00f3n o presidentes de hospitalidad, responsables de grupos, catequistas, sacerdotes, capellanes, agencias de viajes... \u00a1bienvenidos!\t\t\t<\/p>\n\t\t\t\t\t<\/blockquote>\n\t\t\t\t\t\t<\/div>\n\t\t\t\t<\/div>\n\t\t\t\t\t<\/div>\n\t\t<\/div>\n\t\t\t\t\t<\/div>\n\t\t<\/section>\n\t\t\t\t<section class=\"elementor-section elementor-top-section elementor-element elementor-element-200e5e3 elementor-section-boxed elementor-section-height-default elementor-section-height-default\" data-id=\"200e5e3\" data-element_type=\"section\">\n\t\t\t\t\t\t<div class=\"elementor-container elementor-column-gap-default\">\n\t\t\t\t\t<div class=\"elementor-column elementor-col-100 elementor-top-column elementor-element elementor-element-a916dec\" data-id=\"a916dec\" data-element_type=\"column\">\n\t\t\t<div class=\"elementor-widget-wrap elementor-element-populated\">\n\t\t\t\t\t\t<div class=\"elementor-element elementor-element-ce6c0c8 elementor-widget elementor-widget-text-editor\" data-id=\"ce6c0c8\" data-element_type=\"widget\" data-widget_type=\"text-editor.default\">\n\t\t\t\t<div class=\"elementor-widget-container\">\n\t\t\t\t\t\t\t\t\t<div class=\"elementor-element elementor-element-4450a3ba elementor-widget elementor-widget-text-editor\" data-id=\"4450a3ba\" data-element_type=\"widget\" data-widget_type=\"text-editor.default\"><div class=\"elementor-widget-container\"><div class=\"elementor-text-editor elementor-clearfix\"><h3>\u00bfC\u00f3mo organizar una peregrinaci\u00f3n para un grupo en el Santuario?<\/h3><\/div><\/div><\/div><div class=\"elementor-element elementor-element-40bbe8f6 elementor-widget elementor-widget-text-editor\" data-id=\"40bbe8f6\" data-element_type=\"widget\" data-widget_type=\"text-editor.default\"><div class=\"elementor-widget-container\"><div class=\"elementor-text-editor elementor-clearfix\"><p>Inscr\u00edbanse para reservar horarios de misa, participar en procesiones, visitas y actividades para descubrir el mensaje de Lourdes.<\/p><p><strong>Le informamos que a partir de octubre de 2025, el Santuario pone a su disposici\u00f3n una nueva plataforma para tomar en cuenta sus solicitudes y reservas en internet en la direcci\u00f3n <a href=\"https:\/\/www.lourdes-opal.fr\">https:\/\/www.lourdes-opal.fr<\/a> para la temporada 2026.<\/strong><\/p><\/div><\/div><\/div>\t\t\t\t\t\t\t\t<\/div>\n\t\t\t\t<\/div>\n\t\t\t\t\t<\/div>\n\t\t<\/div>\n\t\t\t\t\t<\/div>\n\t\t<\/section>\n\t\t\t\t<section class=\"elementor-section elementor-top-section elementor-element elementor-element-3d599b1 elementor-section-boxed elementor-section-height-default elementor-section-height-default\" data-id=\"3d599b1\" data-element_type=\"section\">\n\t\t\t\t\t\t<div class=\"elementor-container elementor-column-gap-default\">\n\t\t\t\t\t<div class=\"elementor-column elementor-col-100 elementor-top-column elementor-element elementor-element-848288c\" data-id=\"848288c\" data-element_type=\"column\">\n\t\t\t<div class=\"elementor-widget-wrap elementor-element-populated\">\n\t\t\t\t\t\t<div class=\"elementor-element elementor-element-b18fbcb elementor-align-center elementor-widget elementor-widget-button\" data-id=\"b18fbcb\" data-element_type=\"widget\" data-widget_type=\"button.default\">\n\t\t\t\t<div class=\"elementor-widget-container\">\n\t\t\t\t\t\t\t\t\t<div class=\"elementor-button-wrapper\">\n\t\t\t\t\t<a class=\"elementor-button elementor-button-link elementor-size-sm\" href=\"https:\/\/www.lourdes-opal.fr\" target=\"_blank\">\n\t\t\t\t\t\t<span class=\"elementor-button-content-wrapper\">\n\t\t\t\t\t\t\t\t\t<span class=\"elementor-button-text\">ACCEDE A LA NUEVA PLATAFORMA DE RESERVAS (OPAL)<\/span>\n\t\t\t\t\t<\/span>\n\t\t\t\t\t<\/a>\n\t\t\t\t<\/div>\n\t\t\t\t\t\t\t\t<\/div>\n\t\t\t\t<\/div>\n\t\t\t\t<div class=\"elementor-element elementor-element-ec5ee66 elementor-widget elementor-widget-text-editor\" data-id=\"ec5ee66\" data-element_type=\"widget\" data-widget_type=\"text-editor.default\">\n\t\t\t\t<div class=\"elementor-widget-container\">\n\t\t\t\t\t\t\t\t\t<p>\u00a0<\/p><p>Mantenemos el acceso a la plataforma de reservas para solicitudes anteriores a la temporada 2026:<\/p>\t\t\t\t\t\t\t\t<\/div>\n\t\t\t\t<\/div>\n\t\t\t\t\t<\/div>\n\t\t<\/div>\n\t\t\t\t\t<\/div>\n\t\t<\/section>\n\t\t\t\t<section class=\"elementor-section elementor-top-section elementor-element elementor-element-e693f66 elementor-section-boxed elementor-section-height-default elementor-section-height-default\" data-id=\"e693f66\" data-element_type=\"section\">\n\t\t\t\t\t\t<div class=\"elementor-container elementor-column-gap-default\">\n\t\t\t\t\t<div class=\"elementor-column elementor-col-100 elementor-top-column elementor-element elementor-element-0d4bede\" data-id=\"0d4bede\" data-element_type=\"column\">\n\t\t\t<div class=\"elementor-widget-wrap elementor-element-populated\">\n\t\t\t\t\t\t<div class=\"elementor-element elementor-element-3102014 elementor-align-center elementor-widget elementor-widget-button\" data-id=\"3102014\" data-element_type=\"widget\" data-widget_type=\"button.default\">\n\t\t\t\t<div class=\"elementor-widget-container\">\n\t\t\t\t\t\t\t\t\t<div class=\"elementor-button-wrapper\">\n\t\t\t\t\t<a class=\"elementor-button elementor-button-link elementor-size-sm\" href=\"https:\/\/resa.lourdes-france.org\/\" target=\"_blank\">\n\t\t\t\t\t\t<span class=\"elementor-button-content-wrapper\">\n\t\t\t\t\t\t\t\t\t<span class=\"elementor-button-text\">PLATAFORMA DE RESERVAS ANTERIOR (&lt; 2026)<\/span>\n\t\t\t\t\t<\/span>\n\t\t\t\t\t<\/a>\n\t\t\t\t<\/div>\n\t\t\t\t\t\t\t\t<\/div>\n\t\t\t\t<\/div>\n\t\t\t\t\t<\/div>\n\t\t<\/div>\n\t\t\t\t\t<\/div>\n\t\t<\/section>\n\t\t\t\t<section class=\"elementor-section elementor-top-section elementor-element elementor-element-ec6d349 elementor-section-boxed elementor-section-height-default elementor-section-height-default\" data-id=\"ec6d349\" data-element_type=\"section\">\n\t\t\t\t\t\t<div class=\"elementor-container elementor-column-gap-default\">\n\t\t\t\t\t<div class=\"elementor-column elementor-col-100 elementor-top-column elementor-element elementor-element-0dd7b2f\" data-id=\"0dd7b2f\" data-element_type=\"column\">\n\t\t\t<div class=\"elementor-widget-wrap elementor-element-populated\">\n\t\t\t\t\t\t<div class=\"elementor-element elementor-element-d912347 elementor-widget elementor-widget-text-editor\" data-id=\"d912347\" data-element_type=\"widget\" data-widget_type=\"text-editor.default\">\n\t\t\t\t<div class=\"elementor-widget-container\">\n\t\t\t\t\t\t\t\t\t<div class=\"elementor-element elementor-element-4450a3ba elementor-widget elementor-widget-text-editor\" data-id=\"4450a3ba\" data-element_type=\"widget\" data-widget_type=\"text-editor.default\"><div class=\"elementor-widget-container\"><div class=\"elementor-text-editor elementor-clearfix\"><h3>Tenga en cuenta antes de ir:<\/h3><\/div><\/div><\/div><div class=\"elementor-element elementor-element-40bbe8f6 elementor-widget elementor-widget-text-editor\" data-id=\"40bbe8f6\" data-element_type=\"widget\" data-widget_type=\"text-editor.default\"><div class=\"elementor-widget-container\"><div class=\"elementor-text-editor elementor-clearfix\"><p class=\"p1\"><strong><span class=\"s1\"><i>\u00bfPor qu\u00e9 es importante inscribirse?<br \/><\/i><\/span><\/strong>Registrarse es importante para garantizar que su acogida sea de la m\u00e1xima calidad. Si sabemos que va a venir, adaptaremos nuestra acogida y el idioma de las celebraciones.<br \/>Al inscribirse, puede hacer peticiones y solicitudes de todo tipo: celebraci\u00f3n de la misa en la gruta o en una capilla del Santuario, visitas guiadas por un animador pastoral del Santuario, salas para vigilias, tiempo de adoraci\u00f3n, material audiovisual&#8230;<\/p><p class=\"p1\"><em><strong><span class=\"s2\">\u00bfEs gratuito registrarse?<br \/><\/span><\/strong><\/em>S\u00ed, la inscripci\u00f3n es gratuita. Sin embargo, los medios a su disposici\u00f3n tienen un coste. El Santuario de Lourdes unicamente de donativos. Los sacristanes y las personas que les reciben son empleados del Santuario. El mantenimiento de los locales y los equipos puestos a su disposici\u00f3n tienen un coste. Por eso le agradecemos la ofrenda que puedan hacer.<\/p><p>A t\u00edtulo indicativo, en el momento de la inscripci\u00f3n se solicitar\u00e1 una ofrenda.<\/p><\/div><\/div><\/div>\t\t\t\t\t\t\t\t<\/div>\n\t\t\t\t<\/div>\n\t\t\t\t\t<\/div>\n\t\t<\/div>\n\t\t\t\t\t<\/div>\n\t\t<\/section>\n\t\t\t\t<section class=\"elementor-section elementor-top-section elementor-element elementor-element-2dd7d32 elementor-section-boxed elementor-section-height-default elementor-section-height-default\" data-id=\"2dd7d32\" data-element_type=\"section\">\n\t\t\t\t\t\t<div class=\"elementor-container elementor-column-gap-default\">\n\t\t\t\t\t<div class=\"elementor-column elementor-col-100 elementor-top-column elementor-element elementor-element-68440eb\" data-id=\"68440eb\" data-element_type=\"column\">\n\t\t\t<div class=\"elementor-widget-wrap elementor-element-populated\">\n\t\t\t\t\t\t<div class=\"elementor-element elementor-element-93129a6 elementor-widget elementor-widget-text-editor\" data-id=\"93129a6\" data-element_type=\"widget\" data-widget_type=\"text-editor.default\">\n\t\t\t\t<div class=\"elementor-widget-container\">\n\t\t\t\t\t\t\t\t\t<div class=\"elementor-element elementor-element-4450a3ba elementor-widget elementor-widget-text-editor\" data-id=\"4450a3ba\" data-element_type=\"widget\" data-widget_type=\"text-editor.default\"><div class=\"elementor-widget-container\"><div class=\"elementor-text-editor elementor-clearfix\"><h3>Los alojamientos del Santuario<\/h3><\/div><\/div><\/div><div class=\"elementor-element elementor-element-40bbe8f6 elementor-widget elementor-widget-text-editor\" data-id=\"40bbe8f6\" data-element_type=\"widget\" data-widget_type=\"text-editor.default\"><div class=\"elementor-widget-container\"><div class=\"elementor-text-editor elementor-clearfix\"><p>Para m\u00e1s informaci\u00f3n: <a href=\"https:\/\/www.lourdes-france.org\/es\/alojamientos-propuestos-por-el-santuario\/\" target=\"_blank\" rel=\"noopener\">https:\/\/www.lourdes-france.org\/es\/alojamientos-propuestos-por-el-santuario\/<\/a><br \/>tel\u00e9fono: <a href=\"http:\/\/+33 (0)5 62 42 80 40\" data-wplink-url-error=\"true\">+33 (0)5 62 42 80 40<\/a><br \/>Por correo electr\u00f3nico: <a href=\"mailto:hebergement@lourdes-france.com\">hebergement@lourdes-france.com<\/a><\/p><\/div><\/div><\/div>\t\t\t\t\t\t\t\t<\/div>\n\t\t\t\t<\/div>\n\t\t\t\t\t<\/div>\n\t\t<\/div>\n\t\t\t\t\t<\/div>\n\t\t<\/section>\n\t\t\t\t<section class=\"elementor-section elementor-top-section elementor-element elementor-element-c6e82c8 elementor-section-boxed elementor-section-height-default elementor-section-height-default\" data-id=\"c6e82c8\" data-element_type=\"section\">\n\t\t\t\t\t\t<div class=\"elementor-container elementor-column-gap-default\">\n\t\t\t\t\t<div class=\"elementor-column elementor-col-100 elementor-top-column elementor-element elementor-element-79430fa\" data-id=\"79430fa\" data-element_type=\"column\">\n\t\t\t<div class=\"elementor-widget-wrap elementor-element-populated\">\n\t\t\t\t\t\t<div class=\"elementor-element elementor-element-5bab7fc elementor-widget elementor-widget-text-editor\" data-id=\"5bab7fc\" data-element_type=\"widget\" data-widget_type=\"text-editor.default\">\n\t\t\t\t<div class=\"elementor-widget-container\">\n\t\t\t\t\t\t\t\t\t<div class=\"elementor-element elementor-element-4450a3ba elementor-widget elementor-widget-text-editor\" data-id=\"4450a3ba\" data-element_type=\"widget\" data-widget_type=\"text-editor.default\"><div class=\"elementor-widget-container\"><div class=\"elementor-text-editor elementor-clearfix\"><h3>\u00danase a la red de \u00abPeregrinos Vigilantes\u00bb<\/h3><\/div><\/div><\/div><div class=\"elementor-element elementor-element-40bbe8f6 elementor-widget elementor-widget-text-editor\" data-id=\"40bbe8f6\" data-element_type=\"widget\" data-widget_type=\"text-editor.default\"><div class=\"elementor-widget-container\"><div class=\"elementor-text-editor elementor-clearfix\"><p>Cada semana, los \u00ab<strong>Peregrinos Vigilantes<\/strong>\u00bb contribuyen activamente a la <strong>seguridad del Santuario de Lourdes<\/strong>. De forma voluntaria, se encargan de observar su entorno e informar al Puesto Central de Seguridad sobre cualquier comportamiento sospechoso, todo ello sin dejar de vivir su peregrinaci\u00f3n con normalidad.<br \/><br \/>Para <strong>formar parte de esta red<\/strong>, los directores de cada peregrinaci\u00f3n deber\u00e1n inscribir en OPAL a los <strong>voluntarios seleccionados<\/strong>. Estos recibir\u00e1n una breve formaci\u00f3n de sensibilizaci\u00f3n que les permitir\u00e1 participar de manera puntual en esta labor de <strong>vigilancia solidaria<\/strong>. Se trata de un compromiso cristiano al servicio de este lugar de culto emblem\u00e1tico y, al mismo tiempo, de una experiencia enriquecedora basada en el <strong>esp\u00edritu de solidaridad y responsabilidad<\/strong>.<\/p><p><strong>M\u00e1s informaci\u00f3n:<\/strong><br \/>Bastien Challier<br \/>Servicio de Prevenci\u00f3n y Seguridad \/ Santuario de Nuestra Se\u00f1ora de Lourdes<br \/><a href=\"bastien.challier@lourdes-france.com\" target=\"_blank\" rel=\"noopener\">bastien.challier@lourdes-france.com<\/a><br \/><a href=\"http:\/\/06 40 77 44 08\" data-wplink-url-error=\"true\">06 40 77 44 08<\/a> \u2013 <a href=\"http:\/\/+33 (0)5 62 42 79 85\" data-wplink-url-error=\"true\">+33 (0)5 62 42 79 85<\/a><\/p><\/div><\/div><\/div>\t\t\t\t\t\t\t\t<\/div>\n\t\t\t\t<\/div>\n\t\t\t\t\t<\/div>\n\t\t<\/div>\n\t\t\t\t\t<\/div>\n\t\t<\/section>\n\t\t\t\t<\/div>\n\t\t","protected":false},"excerpt":{"rendered":"<p>\u00bfPiensan venir a Lourdes en grupo? \u00bfEn una peregrinaci\u00f3n? \u00bfEn preparaci\u00f3n para un sacramento? Por un tiempo espiritual, \u00bftres o cuatro d\u00edas? \u00bfCon personas enfermas, mayores o j\u00f3venes? Directores de peregrinaci\u00f3n o presidentes de hospitalidad, responsables de grupos, catequistas, sacerdotes, &hellip; <a href=\"https:\/\/www.lourdes-france.com\/es\/organizar-una-peregrinacion\/\">Continuar<\/a><\/p>\n","protected":false},"author":1,"featured_media":3704,"parent":0,"menu_order":0,"comment_status":"closed","ping_status":"closed","template":"","meta":{"_acf_changed":false,"footnotes":""},"class_list":["post-782647","page","type-page","status-publish","has-post-thumbnail","hentry"],"acf":[],"yoast_head":"<!-- This site is optimized with the Yoast SEO Premium plugin v24.0 (Yoast SEO v26.3) - https:\/\/yoast.com\/wordpress\/plugins\/seo\/ -->\n<title>Organizar una peregrinaci\u00f3n - Vivre le p\u00e8lerinage de Lourdes<\/title>\n<meta name=\"description\" content=\"\u00bfTiene previsto venir a Lourdes con un grupo en peregrinaci\u00f3n? Si desea reservar misas y actividades, debe inscribirse.\" \/>\n<meta name=\"robots\" content=\"index, follow, max-snippet:-1, max-image-preview:large, max-video-preview:-1\" \/>\n<link rel=\"canonical\" href=\"https:\/\/www.lourdes-france.com\/es\/organizar-una-peregrinacion\/\" \/>\n<meta property=\"og:locale\" content=\"es_ES\" \/>\n<meta property=\"og:type\" content=\"article\" \/>\n<meta property=\"og:title\" content=\"Organizar una peregrinaci\u00f3n\" \/>\n<meta property=\"og:description\" content=\"\u00bfTiene previsto venir a Lourdes con un grupo en peregrinaci\u00f3n? Si desea reservar misas y actividades, debe inscribirse.\" \/>\n<meta property=\"og:url\" content=\"https:\/\/www.lourdes-france.com\/es\/organizar-una-peregrinacion\/\" \/>\n<meta property=\"og:site_name\" content=\"Vivre le p\u00e8lerinage de Lourdes\" \/>\n<meta property=\"article:modified_time\" content=\"2025-10-03T15:53:06+00:00\" \/>\n<meta property=\"og:image\" content=\"https:\/\/www.lourdes-france.com\/wp-content\/uploads\/2021\/11\/image_mise-en-avant_Organiser_un_pelerinage-1.jpg\" \/>\n\t<meta property=\"og:image:width\" content=\"1920\" \/>\n\t<meta property=\"og:image:height\" content=\"1280\" \/>\n\t<meta property=\"og:image:type\" content=\"image\/jpeg\" \/>\n<meta name=\"twitter:card\" content=\"summary_large_image\" \/>\n<meta name=\"twitter:label1\" content=\"Tiempo de lectura\" \/>\n\t<meta name=\"twitter:data1\" content=\"4 minutos\" \/>\n<script type=\"application\/ld+json\" class=\"yoast-schema-graph\">{\"@context\":\"https:\/\/schema.org\",\"@graph\":[{\"@type\":\"WebPage\",\"@id\":\"https:\/\/www.lourdes-france.com\/es\/organizar-una-peregrinacion\/\",\"url\":\"https:\/\/www.lourdes-france.com\/es\/organizar-una-peregrinacion\/\",\"name\":\"Organizar una peregrinaci\u00f3n - Vivre le p\u00e8lerinage de Lourdes\",\"isPartOf\":{\"@id\":\"https:\/\/www.lourdes-france.com\/es\/#website\"},\"primaryImageOfPage\":{\"@id\":\"https:\/\/www.lourdes-france.com\/es\/organizar-una-peregrinacion\/#primaryimage\"},\"image\":{\"@id\":\"https:\/\/www.lourdes-france.com\/es\/organizar-una-peregrinacion\/#primaryimage\"},\"thumbnailUrl\":\"https:\/\/www.lourdes-france.com\/wp-content\/uploads\/2021\/11\/image_mise-en-avant_Organiser_un_pelerinage-1.jpg\",\"datePublished\":\"2021-11-23T12:38:00+00:00\",\"dateModified\":\"2025-10-03T15:53:06+00:00\",\"description\":\"\u00bfTiene previsto venir a Lourdes con un grupo en peregrinaci\u00f3n? Si desea reservar misas y actividades, debe inscribirse.\",\"breadcrumb\":{\"@id\":\"https:\/\/www.lourdes-france.com\/es\/organizar-una-peregrinacion\/#breadcrumb\"},\"inLanguage\":\"es\",\"potentialAction\":[{\"@type\":\"ReadAction\",\"target\":[\"https:\/\/www.lourdes-france.com\/es\/organizar-una-peregrinacion\/\"]}]},{\"@type\":\"ImageObject\",\"inLanguage\":\"es\",\"@id\":\"https:\/\/www.lourdes-france.com\/es\/organizar-una-peregrinacion\/#primaryimage\",\"url\":\"https:\/\/www.lourdes-france.com\/wp-content\/uploads\/2021\/11\/image_mise-en-avant_Organiser_un_pelerinage-1.jpg\",\"contentUrl\":\"https:\/\/www.lourdes-france.com\/wp-content\/uploads\/2021\/11\/image_mise-en-avant_Organiser_un_pelerinage-1.jpg\",\"width\":1920,\"height\":1280},{\"@type\":\"BreadcrumbList\",\"@id\":\"https:\/\/www.lourdes-france.com\/es\/organizar-una-peregrinacion\/#breadcrumb\",\"itemListElement\":[{\"@type\":\"ListItem\",\"position\":1,\"name\":\"Accueil\",\"item\":\"https:\/\/www.lourdes-france.com\/es\/\"},{\"@type\":\"ListItem\",\"position\":2,\"name\":\"Organizar una peregrinaci\u00f3n\"}]},{\"@type\":\"WebSite\",\"@id\":\"https:\/\/www.lourdes-france.com\/es\/#website\",\"url\":\"https:\/\/www.lourdes-france.com\/es\/\",\"name\":\"Sanctuaire Notre-Dame de Lourdes\",\"description\":\"\",\"publisher\":{\"@id\":\"https:\/\/www.lourdes-france.com\/es\/#organization\"},\"potentialAction\":[{\"@type\":\"SearchAction\",\"target\":{\"@type\":\"EntryPoint\",\"urlTemplate\":\"https:\/\/www.lourdes-france.com\/es\/?s={search_term_string}\"},\"query-input\":{\"@type\":\"PropertyValueSpecification\",\"valueRequired\":true,\"valueName\":\"search_term_string\"}}],\"inLanguage\":\"es\"},{\"@type\":\"Organization\",\"@id\":\"https:\/\/www.lourdes-france.com\/es\/#organization\",\"name\":\"Sanctuaire Notre-Dame de Lourdes\",\"url\":\"https:\/\/www.lourdes-france.com\/es\/\",\"logo\":{\"@type\":\"ImageObject\",\"inLanguage\":\"es\",\"@id\":\"https:\/\/www.lourdes-france.com\/es\/#\/schema\/logo\/image\/\",\"url\":\"https:\/\/www.lourdes-france.com\/wp-content\/uploads\/2021\/11\/logo-small.png\",\"contentUrl\":\"https:\/\/www.lourdes-france.com\/wp-content\/uploads\/2021\/11\/logo-small.png\",\"width\":834,\"height\":521,\"caption\":\"Sanctuaire Notre-Dame de Lourdes\"},\"image\":{\"@id\":\"https:\/\/www.lourdes-france.com\/es\/#\/schema\/logo\/image\/\"}}]}<\/script>\n<!-- \/ Yoast SEO Premium plugin. -->","yoast_head_json":{"title":"Organizar una peregrinaci\u00f3n - Vivre le p\u00e8lerinage de Lourdes","description":"\u00bfTiene previsto venir a Lourdes con un grupo en peregrinaci\u00f3n? Si desea reservar misas y actividades, debe inscribirse.","robots":{"index":"index","follow":"follow","max-snippet":"max-snippet:-1","max-image-preview":"max-image-preview:large","max-video-preview":"max-video-preview:-1"},"canonical":"https:\/\/www.lourdes-france.com\/es\/organizar-una-peregrinacion\/","og_locale":"es_ES","og_type":"article","og_title":"Organizar una peregrinaci\u00f3n","og_description":"\u00bfTiene previsto venir a Lourdes con un grupo en peregrinaci\u00f3n? Si desea reservar misas y actividades, debe inscribirse.","og_url":"https:\/\/www.lourdes-france.com\/es\/organizar-una-peregrinacion\/","og_site_name":"Vivre le p\u00e8lerinage de Lourdes","article_modified_time":"2025-10-03T15:53:06+00:00","og_image":[{"width":1920,"height":1280,"url":"https:\/\/www.lourdes-france.com\/wp-content\/uploads\/2021\/11\/image_mise-en-avant_Organiser_un_pelerinage-1.jpg","type":"image\/jpeg"}],"twitter_card":"summary_large_image","twitter_misc":{"Tiempo de lectura":"4 minutos"},"schema":{"@context":"https:\/\/schema.org","@graph":[{"@type":"WebPage","@id":"https:\/\/www.lourdes-france.com\/es\/organizar-una-peregrinacion\/","url":"https:\/\/www.lourdes-france.com\/es\/organizar-una-peregrinacion\/","name":"Organizar una peregrinaci\u00f3n - Vivre le p\u00e8lerinage de Lourdes","isPartOf":{"@id":"https:\/\/www.lourdes-france.com\/es\/#website"},"primaryImageOfPage":{"@id":"https:\/\/www.lourdes-france.com\/es\/organizar-una-peregrinacion\/#primaryimage"},"image":{"@id":"https:\/\/www.lourdes-france.com\/es\/organizar-una-peregrinacion\/#primaryimage"},"thumbnailUrl":"https:\/\/www.lourdes-france.com\/wp-content\/uploads\/2021\/11\/image_mise-en-avant_Organiser_un_pelerinage-1.jpg","datePublished":"2021-11-23T12:38:00+00:00","dateModified":"2025-10-03T15:53:06+00:00","description":"\u00bfTiene previsto venir a Lourdes con un grupo en peregrinaci\u00f3n? Si desea reservar misas y actividades, debe inscribirse.","breadcrumb":{"@id":"https:\/\/www.lourdes-france.com\/es\/organizar-una-peregrinacion\/#breadcrumb"},"inLanguage":"es","potentialAction":[{"@type":"ReadAction","target":["https:\/\/www.lourdes-france.com\/es\/organizar-una-peregrinacion\/"]}]},{"@type":"ImageObject","inLanguage":"es","@id":"https:\/\/www.lourdes-france.com\/es\/organizar-una-peregrinacion\/#primaryimage","url":"https:\/\/www.lourdes-france.com\/wp-content\/uploads\/2021\/11\/image_mise-en-avant_Organiser_un_pelerinage-1.jpg","contentUrl":"https:\/\/www.lourdes-france.com\/wp-content\/uploads\/2021\/11\/image_mise-en-avant_Organiser_un_pelerinage-1.jpg","width":1920,"height":1280},{"@type":"BreadcrumbList","@id":"https:\/\/www.lourdes-france.com\/es\/organizar-una-peregrinacion\/#breadcrumb","itemListElement":[{"@type":"ListItem","position":1,"name":"Accueil","item":"https:\/\/www.lourdes-france.com\/es\/"},{"@type":"ListItem","position":2,"name":"Organizar una peregrinaci\u00f3n"}]},{"@type":"WebSite","@id":"https:\/\/www.lourdes-france.com\/es\/#website","url":"https:\/\/www.lourdes-france.com\/es\/","name":"Sanctuaire Notre-Dame de Lourdes","description":"","publisher":{"@id":"https:\/\/www.lourdes-france.com\/es\/#organization"},"potentialAction":[{"@type":"SearchAction","target":{"@type":"EntryPoint","urlTemplate":"https:\/\/www.lourdes-france.com\/es\/?s={search_term_string}"},"query-input":{"@type":"PropertyValueSpecification","valueRequired":true,"valueName":"search_term_string"}}],"inLanguage":"es"},{"@type":"Organization","@id":"https:\/\/www.lourdes-france.com\/es\/#organization","name":"Sanctuaire Notre-Dame de Lourdes","url":"https:\/\/www.lourdes-france.com\/es\/","logo":{"@type":"ImageObject","inLanguage":"es","@id":"https:\/\/www.lourdes-france.com\/es\/#\/schema\/logo\/image\/","url":"https:\/\/www.lourdes-france.com\/wp-content\/uploads\/2021\/11\/logo-small.png","contentUrl":"https:\/\/www.lourdes-france.com\/wp-content\/uploads\/2021\/11\/logo-small.png","width":834,"height":521,"caption":"Sanctuaire Notre-Dame de Lourdes"},"image":{"@id":"https:\/\/www.lourdes-france.com\/es\/#\/schema\/logo\/image\/"}}]}},"_links":{"self":[{"href":"https:\/\/www.lourdes-france.com\/es\/wp-json\/wp\/v2\/pages\/782647","targetHints":{"allow":["GET"]}}],"collection":[{"href":"https:\/\/www.lourdes-france.com\/es\/wp-json\/wp\/v2\/pages"}],"about":[{"href":"https:\/\/www.lourdes-france.com\/es\/wp-json\/wp\/v2\/types\/page"}],"author":[{"embeddable":true,"href":"https:\/\/www.lourdes-france.com\/es\/wp-json\/wp\/v2\/users\/1"}],"replies":[{"embeddable":true,"href":"https:\/\/www.lourdes-france.com\/es\/wp-json\/wp\/v2\/comments?post=782647"}],"version-history":[{"count":6,"href":"https:\/\/www.lourdes-france.com\/es\/wp-json\/wp\/v2\/pages\/782647\/revisions"}],"predecessor-version":[{"id":863031,"href":"https:\/\/www.lourdes-france.com\/es\/wp-json\/wp\/v2\/pages\/782647\/revisions\/863031"}],"wp:featuredmedia":[{"embeddable":true,"href":"https:\/\/www.lourdes-france.com\/es\/wp-json\/wp\/v2\/media\/3704"}],"wp:attachment":[{"href":"https:\/\/www.lourdes-france.com\/es\/wp-json\/wp\/v2\/media?parent=782647"}],"curies":[{"name":"wp","href":"https:\/\/api.w.org\/{rel}","templated":true}]}}