{"id":782014,"date":"2021-12-15T10:10:29","date_gmt":"2021-12-15T09:10:29","guid":{"rendered":"https:\/\/www.lourdes-france.com\/mentions-legales-droits-dexploitation\/"},"modified":"2024-05-16T16:44:50","modified_gmt":"2024-05-16T14:44:50","slug":"aviso-legal-derecgos-de-explotacion","status":"publish","type":"page","link":"https:\/\/www.lourdes-france.com\/es\/aviso-legal-derecgos-de-explotacion\/","title":{"rendered":"Aviso legal \/ Derecgos de explotaci\u00f3n"},"content":{"rendered":"\t\t<div data-elementor-type=\"wp-page\" data-elementor-id=\"782014\" class=\"elementor elementor-782014 elementor-4967\" data-elementor-post-type=\"page\">\n\t\t\t\t\t\t<section class=\"elementor-section elementor-top-section elementor-element elementor-element-7fa97b6b elementor-section-boxed elementor-section-height-default elementor-section-height-default\" data-id=\"7fa97b6b\" data-element_type=\"section\">\n\t\t\t\t\t\t<div class=\"elementor-container elementor-column-gap-no\">\n\t\t\t\t\t<div class=\"elementor-column elementor-col-100 elementor-top-column elementor-element elementor-element-b2d190f\" data-id=\"b2d190f\" data-element_type=\"column\">\n\t\t\t<div class=\"elementor-widget-wrap elementor-element-populated\">\n\t\t\t\t\t\t<div class=\"elementor-element elementor-element-717f0d04 elementor-widget elementor-widget-spacer\" data-id=\"717f0d04\" data-element_type=\"widget\" data-widget_type=\"spacer.default\">\n\t\t\t\t<div class=\"elementor-widget-container\">\n\t\t\t\t\t\t\t<div class=\"elementor-spacer\">\n\t\t\t<div class=\"elementor-spacer-inner\"><\/div>\n\t\t<\/div>\n\t\t\t\t\t\t<\/div>\n\t\t\t\t<\/div>\n\t\t\t\t<div class=\"elementor-element elementor-element-308a2a27 elementor-widget elementor-widget-heading\" data-id=\"308a2a27\" data-element_type=\"widget\" data-widget_type=\"heading.default\">\n\t\t\t\t<div class=\"elementor-widget-container\">\n\t\t\t\t\t<h3 class=\"elementor-heading-title elementor-size-default\">Editor del sitio<\/h3>\t\t\t\t<\/div>\n\t\t\t\t<\/div>\n\t\t\t\t<div class=\"elementor-element elementor-element-4e0c959a elementor-widget elementor-widget-text-editor\" data-id=\"4e0c959a\" data-element_type=\"widget\" data-widget_type=\"text-editor.default\">\n\t\t\t\t<div class=\"elementor-widget-container\">\n\t\t\t\t\t\t\t\t\t<p>El sitio\u00a0<a href=\"https:\/\/www.lourdes-france.com\/\" target=\"_blank\" rel=\"noopener\">www.lourdes-france.com<\/a>\u00a0est\u00e1 editado por EURL Bas\u00edlica del Rosario<br \/>con un capital de 1 134 990 euros<br \/>situado en 1 avenida Monseigneur Th\u00e9as<br \/>65108 Lourdes Cedex France<br \/>Registrado en el R.C. S de TARBES<br \/>bajo el n\u00famero 430 034 801<br \/>Representante legal: Guillaume DE VULPIAN<br \/>Director de la publicaci\u00f3n: Mat\u00edas TERRIER<br \/>Redacci\u00f3n: Laurent JARNEAU<br \/>Webmaster: Jonathan LAUER<br \/>Tel\u00e9fono: +335 62 42 78 78<\/p>\t\t\t\t\t\t\t\t<\/div>\n\t\t\t\t<\/div>\n\t\t\t\t<div class=\"elementor-element elementor-element-b94075e elementor-widget elementor-widget-accordion\" data-id=\"b94075e\" data-element_type=\"widget\" data-widget_type=\"accordion.default\">\n\t\t\t\t<div class=\"elementor-widget-container\">\n\t\t\t\t\t\t\t<div class=\"elementor-accordion\">\n\t\t\t\t\t\t\t<div class=\"elementor-accordion-item\">\n\t\t\t\t\t<h3 id=\"elementor-tab-title-1941\" class=\"elementor-tab-title\" data-tab=\"1\" role=\"button\" aria-controls=\"elementor-tab-content-1941\" aria-expanded=\"false\">\n\t\t\t\t\t\t\t\t\t\t\t\t\t<span class=\"elementor-accordion-icon elementor-accordion-icon-left\" aria-hidden=\"true\">\n\t\t\t\t\t\t\t\t\t\t\t\t\t\t\t<span class=\"elementor-accordion-icon-closed\"><i class=\"fas fa-plus-circle\"><\/i><\/span>\n\t\t\t\t\t\t\t\t<span class=\"elementor-accordion-icon-opened\"><i class=\"fas fa-minus-circle\"><\/i><\/span>\n\t\t\t\t\t\t\t\t\t\t\t\t\t\t<\/span>\n\t\t\t\t\t\t\t\t\t\t\t\t<a class=\"elementor-accordion-title\" tabindex=\"0\">Derechos de autor<\/a>\n\t\t\t\t\t<\/h3>\n\t\t\t\t\t<div id=\"elementor-tab-content-1941\" class=\"elementor-tab-content elementor-clearfix\" data-tab=\"1\" role=\"region\" aria-labelledby=\"elementor-tab-title-1941\"><div class=\"elementor-element elementor-element-1b4de0c2 elementor-widget elementor-widget-text-editor\" data-id=\"1b4de0c2\" data-element_type=\"widget\" data-widget_type=\"text-editor.default\"><div class=\"elementor-widget-container\"><div class=\"elementor-text-editor elementor-clearfix\"><ul><li><p>Queda prohibida y constituye una copia ilegal, sin autorizaci\u00f3n del editor, la reproducci\u00f3n, o representaci\u00f3n, \u00edntegra o parcial, de p\u00e1ginas, datos u otro elemento constitutivo del sitio, por cualquier procedimiento o soporte que sea.<\/p><\/li><li><p>\u00a0Por esta raz\u00f3n, los derechos de explotaci\u00f3n, incluso parciales, de esta obra son posesi\u00f3n del Santuario de Nuestra Se\u00f1ora de Lourdes.<\/p><\/li><li><p>Estos derechos de explotaci\u00f3n est\u00e1n constituidos en particular por los derechos de reproducci\u00f3n, representaci\u00f3n y adaptaci\u00f3n de todo lo que constituye esta p\u00e1gina internet: textos, clich\u00e9s fotogr\u00e1ficos, dibujos, logotipos, sonidos, secuencias de v\u00eddeo etc\u2026<\/p><\/li><li><p>Toda reproducci\u00f3n incluso parcial, en cualquier soporte actual (grabados, fotograf\u00edas, copia en papel o electr\u00f3nica, micro reproducci\u00f3n, \u00e1lbumes, postales, maquetas, p\u00f3steres, y otros procedimientos particularmente audiovisuales, etc) o futuro est\u00e1 terminantemente prohibido sin acuerdo previo y expreso del Santuario de Nuestra Se\u00f1ora de Lourdes.<\/p><\/li><li><p>Queda prohibida sin acuerdo previo y expreso del Santuario de Nuestra Se\u00f1ora de Lourdes, cualquier comunicaci\u00f3n, de toda o parte de la obra al p\u00fablico, por cualquier procedimiento y medio conocido y desconocido hoy en d\u00eda, sobre todo por v\u00eda de presentaci\u00f3n y proyecciones p\u00fablicas, difusi\u00f3n por todo tipo de procedimiento, particularmente num\u00e9rico y transmisi\u00f3n en un lugar p\u00fablico o privado.<\/p><\/li><li><p>Queda prohibida sin acuerdo previo y expreso del Santuario de Nuestra Se\u00f1ora de Lourdes, toda adaptaci\u00f3n cualquiera que sea su naturaleza de toda o parte de la obra para dar particularmente forma u ornamento a todo objeto o servicio.<\/p><\/li><li><p>Las fotos han sido realizadas por: Vincent, Lacaze, Durand, Viron, Laera, Dufour.<\/p><\/li><\/ul><\/div><\/div><\/div><\/div>\n\t\t\t\t<\/div>\n\t\t\t\t\t\t\t\t<\/div>\n\t\t\t\t\t\t<\/div>\n\t\t\t\t<\/div>\n\t\t\t\t<div class=\"elementor-element elementor-element-129ded5 elementor-widget elementor-widget-accordion\" data-id=\"129ded5\" data-element_type=\"widget\" data-widget_type=\"accordion.default\">\n\t\t\t\t<div class=\"elementor-widget-container\">\n\t\t\t\t\t\t\t<div class=\"elementor-accordion\">\n\t\t\t\t\t\t\t<div class=\"elementor-accordion-item\">\n\t\t\t\t\t<h3 id=\"elementor-tab-title-1951\" class=\"elementor-tab-title\" data-tab=\"1\" role=\"button\" aria-controls=\"elementor-tab-content-1951\" aria-expanded=\"false\">\n\t\t\t\t\t\t\t\t\t\t\t\t\t<span class=\"elementor-accordion-icon elementor-accordion-icon-left\" aria-hidden=\"true\">\n\t\t\t\t\t\t\t\t\t\t\t\t\t\t\t<span class=\"elementor-accordion-icon-closed\"><i class=\"fas fa-plus-circle\"><\/i><\/span>\n\t\t\t\t\t\t\t\t<span class=\"elementor-accordion-icon-opened\"><i class=\"fas fa-minus-circle\"><\/i><\/span>\n\t\t\t\t\t\t\t\t\t\t\t\t\t\t<\/span>\n\t\t\t\t\t\t\t\t\t\t\t\t<a class=\"elementor-accordion-title\" tabindex=\"0\">Advertencias<\/a>\n\t\t\t\t\t<\/h3>\n\t\t\t\t\t<div id=\"elementor-tab-content-1951\" class=\"elementor-tab-content elementor-clearfix\" data-tab=\"1\" role=\"region\" aria-labelledby=\"elementor-tab-title-1951\"><div class=\"elementor-element elementor-element-616764cd elementor-widget elementor-widget-text-editor\" data-id=\"616764cd\" data-element_type=\"widget\" data-widget_type=\"text-editor.default\"><div class=\"elementor-widget-container\"><div class=\"elementor-text-editor elementor-clearfix\"><ul><li><p>Toda la informaci\u00f3n que figura en este sitio es puramente indicativa y no responsabilidad del editor.<\/p><\/li><li><p>Estas informaciones no son exhaustivas.<\/p><\/li><li><p>Estas informaciones son susceptibles de modificaciones en cualquier momento y sin aviso previo.<\/p><\/li><\/ul><\/div><\/div><\/div><\/div>\n\t\t\t\t<\/div>\n\t\t\t\t\t\t\t\t<\/div>\n\t\t\t\t\t\t<\/div>\n\t\t\t\t<\/div>\n\t\t\t\t<div class=\"elementor-element elementor-element-3583860 elementor-widget elementor-widget-accordion\" data-id=\"3583860\" data-element_type=\"widget\" data-widget_type=\"accordion.default\">\n\t\t\t\t<div class=\"elementor-widget-container\">\n\t\t\t\t\t\t\t<div class=\"elementor-accordion\">\n\t\t\t\t\t\t\t<div class=\"elementor-accordion-item\">\n\t\t\t\t\t<h3 id=\"elementor-tab-title-5611\" class=\"elementor-tab-title\" data-tab=\"1\" role=\"button\" aria-controls=\"elementor-tab-content-5611\" aria-expanded=\"false\">\n\t\t\t\t\t\t\t\t\t\t\t\t\t<span class=\"elementor-accordion-icon elementor-accordion-icon-left\" aria-hidden=\"true\">\n\t\t\t\t\t\t\t\t\t\t\t\t\t\t\t<span class=\"elementor-accordion-icon-closed\"><i class=\"fas fa-plus-circle\"><\/i><\/span>\n\t\t\t\t\t\t\t\t<span class=\"elementor-accordion-icon-opened\"><i class=\"fas fa-minus-circle\"><\/i><\/span>\n\t\t\t\t\t\t\t\t\t\t\t\t\t\t<\/span>\n\t\t\t\t\t\t\t\t\t\t\t\t<a class=\"elementor-accordion-title\" tabindex=\"0\">Hiperenlance<\/a>\n\t\t\t\t\t<\/h3>\n\t\t\t\t\t<div id=\"elementor-tab-content-5611\" class=\"elementor-tab-content elementor-clearfix\" data-tab=\"1\" role=\"region\" aria-labelledby=\"elementor-tab-title-5611\"><div class=\"elementor-element elementor-element-103089eb elementor-widget elementor-widget-text-editor\" data-id=\"103089eb\" data-element_type=\"widget\" data-widget_type=\"text-editor.default\"><div class=\"elementor-widget-container\"><div class=\"elementor-text-editor elementor-clearfix\"><ul><li><p>La creaci\u00f3n de Hiperenlaces hacia el sitio\u00a0<a href=\"https:\/\/www.lourdes-france.com\/\">www.lourdes-france.com<\/a>\u00a0est\u00e1 sometida al acuerdo previo del director de la publicaci\u00f3n.<\/p><\/li><li><p>Los hiperenlaces establecidos con destino a otros sitios a partir del sitio\u00a0<a href=\"https:\/\/www.lourdes-france.com\/\">www.lourdes-france.com<\/a>\u00a0no puede comprometer la responsabilidad del Santuario.<\/p><\/li><\/ul><\/div><\/div><\/div><\/div>\n\t\t\t\t<\/div>\n\t\t\t\t\t\t\t\t<\/div>\n\t\t\t\t\t\t<\/div>\n\t\t\t\t<\/div>\n\t\t\t\t<div class=\"elementor-element elementor-element-545cd5d elementor-widget elementor-widget-accordion\" data-id=\"545cd5d\" data-element_type=\"widget\" data-widget_type=\"accordion.default\">\n\t\t\t\t<div class=\"elementor-widget-container\">\n\t\t\t\t\t\t\t<div class=\"elementor-accordion\">\n\t\t\t\t\t\t\t<div class=\"elementor-accordion-item\">\n\t\t\t\t\t<h3 id=\"elementor-tab-title-8841\" class=\"elementor-tab-title\" data-tab=\"1\" role=\"button\" aria-controls=\"elementor-tab-content-8841\" aria-expanded=\"false\">\n\t\t\t\t\t\t\t\t\t\t\t\t\t<span class=\"elementor-accordion-icon elementor-accordion-icon-left\" aria-hidden=\"true\">\n\t\t\t\t\t\t\t\t\t\t\t\t\t\t\t<span class=\"elementor-accordion-icon-closed\"><i class=\"fas fa-plus-circle\"><\/i><\/span>\n\t\t\t\t\t\t\t\t<span class=\"elementor-accordion-icon-opened\"><i class=\"fas fa-minus-circle\"><\/i><\/span>\n\t\t\t\t\t\t\t\t\t\t\t\t\t\t<\/span>\n\t\t\t\t\t\t\t\t\t\t\t\t<a class=\"elementor-accordion-title\" tabindex=\"0\"> Ley aplicable<\/a>\n\t\t\t\t\t<\/h3>\n\t\t\t\t\t<div id=\"elementor-tab-content-8841\" class=\"elementor-tab-content elementor-clearfix\" data-tab=\"1\" role=\"region\" aria-labelledby=\"elementor-tab-title-8841\"><div class=\"elementor-element elementor-element-47675ba elementor-widget elementor-widget-text-editor\" data-id=\"47675ba\" data-element_type=\"widget\" data-widget_type=\"text-editor.default\"><div class=\"elementor-widget-container\"><div class=\"elementor-text-editor elementor-clearfix\"><p>En caso de incumplimiento de estas disposiciones, las jurisdicciones francesas ser\u00e1n las \u00fanicas competentes y la ley francesa ser\u00e1 expresamente la \u00fanica aplicable.<\/p><\/div><\/div><\/div><\/div>\n\t\t\t\t<\/div>\n\t\t\t\t\t\t\t\t<\/div>\n\t\t\t\t\t\t<\/div>\n\t\t\t\t<\/div>\n\t\t\t\t<div class=\"elementor-element elementor-element-04f9e4a elementor-widget elementor-widget-spacer\" data-id=\"04f9e4a\" data-element_type=\"widget\" data-widget_type=\"spacer.default\">\n\t\t\t\t<div class=\"elementor-widget-container\">\n\t\t\t\t\t\t\t<div class=\"elementor-spacer\">\n\t\t\t<div class=\"elementor-spacer-inner\"><\/div>\n\t\t<\/div>\n\t\t\t\t\t\t<\/div>\n\t\t\t\t<\/div>\n\t\t\t\t<div class=\"elementor-element elementor-element-431123e elementor-widget elementor-widget-spacer\" data-id=\"431123e\" data-element_type=\"widget\" data-widget_type=\"spacer.default\">\n\t\t\t\t<div class=\"elementor-widget-container\">\n\t\t\t\t\t\t\t<div class=\"elementor-spacer\">\n\t\t\t<div class=\"elementor-spacer-inner\"><\/div>\n\t\t<\/div>\n\t\t\t\t\t\t<\/div>\n\t\t\t\t<\/div>\n\t\t\t\t\t<\/div>\n\t\t<\/div>\n\t\t\t\t\t<\/div>\n\t\t<\/section>\n\t\t\t\t<\/div>\n\t\t","protected":false},"excerpt":{"rendered":"<p>Editor del sitio El sitio\u00a0www.lourdes-france.com\u00a0est\u00e1 editado por EURL Bas\u00edlica del Rosariocon un capital de 1 134 990 eurossituado en 1 avenida Monseigneur Th\u00e9as65108 Lourdes Cedex FranceRegistrado en el R.C. S de TARBESbajo el n\u00famero 430 034 801Representante legal: Guillaume DE &hellip; <a href=\"https:\/\/www.lourdes-france.com\/es\/aviso-legal-derecgos-de-explotacion\/\">Continuar<\/a><\/p>\n","protected":false},"author":3,"featured_media":1807,"parent":0,"menu_order":0,"comment_status":"closed","ping_status":"closed","template":"","meta":{"_acf_changed":false,"footnotes":""},"class_list":["post-782014","page","type-page","status-publish","has-post-thumbnail","hentry"],"acf":[],"yoast_head":"<!-- This site is optimized with the Yoast SEO Premium plugin v24.0 (Yoast SEO v26.3) - https:\/\/yoast.com\/wordpress\/plugins\/seo\/ -->\n<title>Aviso legal \/ Derecgos de explotaci\u00f3n - Vivre le p\u00e8lerinage de Lourdes<\/title>\n<meta name=\"description\" content=\"Encuentre aviso legal sobre el sitio web del Santuario de Lourdes, www.lourdes-france.com, y la regulaci\u00f3n de los derechos de autor.\" \/>\n<meta name=\"robots\" content=\"index, follow, max-snippet:-1, max-image-preview:large, max-video-preview:-1\" \/>\n<link rel=\"canonical\" href=\"https:\/\/www.lourdes-france.com\/es\/aviso-legal-derecgos-de-explotacion\/\" \/>\n<meta property=\"og:locale\" content=\"es_ES\" \/>\n<meta property=\"og:type\" content=\"article\" \/>\n<meta property=\"og:title\" content=\"Aviso legal \/ Derecgos de explotaci\u00f3n\" \/>\n<meta property=\"og:description\" content=\"Encuentre aviso legal sobre el sitio web del Santuario de Lourdes, www.lourdes-france.com, y la regulaci\u00f3n de los derechos de autor.\" \/>\n<meta property=\"og:url\" content=\"https:\/\/www.lourdes-france.com\/es\/aviso-legal-derecgos-de-explotacion\/\" \/>\n<meta property=\"og:site_name\" content=\"Vivre le p\u00e8lerinage de Lourdes\" \/>\n<meta property=\"article:modified_time\" content=\"2024-05-16T14:44:50+00:00\" \/>\n<meta property=\"og:image\" content=\"https:\/\/www.lourdes-france.com\/wp-content\/uploads\/2021\/09\/2-LaGrottevide-1024x683.jpeg\" \/>\n\t<meta property=\"og:image:width\" content=\"1024\" \/>\n\t<meta property=\"og:image:height\" content=\"683\" \/>\n\t<meta property=\"og:image:type\" content=\"image\/jpeg\" \/>\n<meta name=\"twitter:card\" content=\"summary_large_image\" \/>\n<meta name=\"twitter:label1\" content=\"Tiempo de lectura\" \/>\n\t<meta name=\"twitter:data1\" content=\"3 minutos\" \/>\n<script type=\"application\/ld+json\" class=\"yoast-schema-graph\">{\"@context\":\"https:\/\/schema.org\",\"@graph\":[{\"@type\":\"WebPage\",\"@id\":\"https:\/\/www.lourdes-france.com\/es\/aviso-legal-derecgos-de-explotacion\/\",\"url\":\"https:\/\/www.lourdes-france.com\/es\/aviso-legal-derecgos-de-explotacion\/\",\"name\":\"Aviso legal \/ Derecgos de explotaci\u00f3n - Vivre le p\u00e8lerinage de Lourdes\",\"isPartOf\":{\"@id\":\"https:\/\/www.lourdes-france.com\/es\/#website\"},\"primaryImageOfPage\":{\"@id\":\"https:\/\/www.lourdes-france.com\/es\/aviso-legal-derecgos-de-explotacion\/#primaryimage\"},\"image\":{\"@id\":\"https:\/\/www.lourdes-france.com\/es\/aviso-legal-derecgos-de-explotacion\/#primaryimage\"},\"thumbnailUrl\":\"https:\/\/www.lourdes-france.com\/wp-content\/uploads\/2021\/09\/2-LaGrottevide-scaled.jpeg\",\"datePublished\":\"2021-12-15T09:10:29+00:00\",\"dateModified\":\"2024-05-16T14:44:50+00:00\",\"description\":\"Encuentre aviso legal sobre el sitio web del Santuario de Lourdes, www.lourdes-france.com, y la regulaci\u00f3n de los derechos de autor.\",\"breadcrumb\":{\"@id\":\"https:\/\/www.lourdes-france.com\/es\/aviso-legal-derecgos-de-explotacion\/#breadcrumb\"},\"inLanguage\":\"es\",\"potentialAction\":[{\"@type\":\"ReadAction\",\"target\":[\"https:\/\/www.lourdes-france.com\/es\/aviso-legal-derecgos-de-explotacion\/\"]}]},{\"@type\":\"ImageObject\",\"inLanguage\":\"es\",\"@id\":\"https:\/\/www.lourdes-france.com\/es\/aviso-legal-derecgos-de-explotacion\/#primaryimage\",\"url\":\"https:\/\/www.lourdes-france.com\/wp-content\/uploads\/2021\/09\/2-LaGrottevide-scaled.jpeg\",\"contentUrl\":\"https:\/\/www.lourdes-france.com\/wp-content\/uploads\/2021\/09\/2-LaGrottevide-scaled.jpeg\",\"width\":2560,\"height\":1707,\"caption\":\"The grotto\"},{\"@type\":\"BreadcrumbList\",\"@id\":\"https:\/\/www.lourdes-france.com\/es\/aviso-legal-derecgos-de-explotacion\/#breadcrumb\",\"itemListElement\":[{\"@type\":\"ListItem\",\"position\":1,\"name\":\"Accueil\",\"item\":\"https:\/\/www.lourdes-france.com\/es\/\"},{\"@type\":\"ListItem\",\"position\":2,\"name\":\"Aviso legal \/ Derecgos de explotaci\u00f3n\"}]},{\"@type\":\"WebSite\",\"@id\":\"https:\/\/www.lourdes-france.com\/es\/#website\",\"url\":\"https:\/\/www.lourdes-france.com\/es\/\",\"name\":\"Sanctuaire Notre-Dame de Lourdes\",\"description\":\"\",\"publisher\":{\"@id\":\"https:\/\/www.lourdes-france.com\/es\/#organization\"},\"potentialAction\":[{\"@type\":\"SearchAction\",\"target\":{\"@type\":\"EntryPoint\",\"urlTemplate\":\"https:\/\/www.lourdes-france.com\/es\/?s={search_term_string}\"},\"query-input\":{\"@type\":\"PropertyValueSpecification\",\"valueRequired\":true,\"valueName\":\"search_term_string\"}}],\"inLanguage\":\"es\"},{\"@type\":\"Organization\",\"@id\":\"https:\/\/www.lourdes-france.com\/es\/#organization\",\"name\":\"Sanctuaire Notre-Dame de Lourdes\",\"url\":\"https:\/\/www.lourdes-france.com\/es\/\",\"logo\":{\"@type\":\"ImageObject\",\"inLanguage\":\"es\",\"@id\":\"https:\/\/www.lourdes-france.com\/es\/#\/schema\/logo\/image\/\",\"url\":\"https:\/\/www.lourdes-france.com\/wp-content\/uploads\/2021\/11\/logo-small.png\",\"contentUrl\":\"https:\/\/www.lourdes-france.com\/wp-content\/uploads\/2021\/11\/logo-small.png\",\"width\":834,\"height\":521,\"caption\":\"Sanctuaire Notre-Dame de Lourdes\"},\"image\":{\"@id\":\"https:\/\/www.lourdes-france.com\/es\/#\/schema\/logo\/image\/\"}}]}<\/script>\n<!-- \/ Yoast SEO Premium plugin. -->","yoast_head_json":{"title":"Aviso legal \/ Derecgos de explotaci\u00f3n - Vivre le p\u00e8lerinage de Lourdes","description":"Encuentre aviso legal sobre el sitio web del Santuario de Lourdes, www.lourdes-france.com, y la regulaci\u00f3n de los derechos de autor.","robots":{"index":"index","follow":"follow","max-snippet":"max-snippet:-1","max-image-preview":"max-image-preview:large","max-video-preview":"max-video-preview:-1"},"canonical":"https:\/\/www.lourdes-france.com\/es\/aviso-legal-derecgos-de-explotacion\/","og_locale":"es_ES","og_type":"article","og_title":"Aviso legal \/ Derecgos de explotaci\u00f3n","og_description":"Encuentre aviso legal sobre el sitio web del Santuario de Lourdes, www.lourdes-france.com, y la regulaci\u00f3n de los derechos de autor.","og_url":"https:\/\/www.lourdes-france.com\/es\/aviso-legal-derecgos-de-explotacion\/","og_site_name":"Vivre le p\u00e8lerinage de Lourdes","article_modified_time":"2024-05-16T14:44:50+00:00","og_image":[{"width":1024,"height":683,"url":"https:\/\/www.lourdes-france.com\/wp-content\/uploads\/2021\/09\/2-LaGrottevide-1024x683.jpeg","type":"image\/jpeg"}],"twitter_card":"summary_large_image","twitter_misc":{"Tiempo de lectura":"3 minutos"},"schema":{"@context":"https:\/\/schema.org","@graph":[{"@type":"WebPage","@id":"https:\/\/www.lourdes-france.com\/es\/aviso-legal-derecgos-de-explotacion\/","url":"https:\/\/www.lourdes-france.com\/es\/aviso-legal-derecgos-de-explotacion\/","name":"Aviso legal \/ Derecgos de explotaci\u00f3n - Vivre le p\u00e8lerinage de Lourdes","isPartOf":{"@id":"https:\/\/www.lourdes-france.com\/es\/#website"},"primaryImageOfPage":{"@id":"https:\/\/www.lourdes-france.com\/es\/aviso-legal-derecgos-de-explotacion\/#primaryimage"},"image":{"@id":"https:\/\/www.lourdes-france.com\/es\/aviso-legal-derecgos-de-explotacion\/#primaryimage"},"thumbnailUrl":"https:\/\/www.lourdes-france.com\/wp-content\/uploads\/2021\/09\/2-LaGrottevide-scaled.jpeg","datePublished":"2021-12-15T09:10:29+00:00","dateModified":"2024-05-16T14:44:50+00:00","description":"Encuentre aviso legal sobre el sitio web del Santuario de Lourdes, www.lourdes-france.com, y la regulaci\u00f3n de los derechos de autor.","breadcrumb":{"@id":"https:\/\/www.lourdes-france.com\/es\/aviso-legal-derecgos-de-explotacion\/#breadcrumb"},"inLanguage":"es","potentialAction":[{"@type":"ReadAction","target":["https:\/\/www.lourdes-france.com\/es\/aviso-legal-derecgos-de-explotacion\/"]}]},{"@type":"ImageObject","inLanguage":"es","@id":"https:\/\/www.lourdes-france.com\/es\/aviso-legal-derecgos-de-explotacion\/#primaryimage","url":"https:\/\/www.lourdes-france.com\/wp-content\/uploads\/2021\/09\/2-LaGrottevide-scaled.jpeg","contentUrl":"https:\/\/www.lourdes-france.com\/wp-content\/uploads\/2021\/09\/2-LaGrottevide-scaled.jpeg","width":2560,"height":1707,"caption":"The grotto"},{"@type":"BreadcrumbList","@id":"https:\/\/www.lourdes-france.com\/es\/aviso-legal-derecgos-de-explotacion\/#breadcrumb","itemListElement":[{"@type":"ListItem","position":1,"name":"Accueil","item":"https:\/\/www.lourdes-france.com\/es\/"},{"@type":"ListItem","position":2,"name":"Aviso legal \/ Derecgos de explotaci\u00f3n"}]},{"@type":"WebSite","@id":"https:\/\/www.lourdes-france.com\/es\/#website","url":"https:\/\/www.lourdes-france.com\/es\/","name":"Sanctuaire Notre-Dame de Lourdes","description":"","publisher":{"@id":"https:\/\/www.lourdes-france.com\/es\/#organization"},"potentialAction":[{"@type":"SearchAction","target":{"@type":"EntryPoint","urlTemplate":"https:\/\/www.lourdes-france.com\/es\/?s={search_term_string}"},"query-input":{"@type":"PropertyValueSpecification","valueRequired":true,"valueName":"search_term_string"}}],"inLanguage":"es"},{"@type":"Organization","@id":"https:\/\/www.lourdes-france.com\/es\/#organization","name":"Sanctuaire Notre-Dame de Lourdes","url":"https:\/\/www.lourdes-france.com\/es\/","logo":{"@type":"ImageObject","inLanguage":"es","@id":"https:\/\/www.lourdes-france.com\/es\/#\/schema\/logo\/image\/","url":"https:\/\/www.lourdes-france.com\/wp-content\/uploads\/2021\/11\/logo-small.png","contentUrl":"https:\/\/www.lourdes-france.com\/wp-content\/uploads\/2021\/11\/logo-small.png","width":834,"height":521,"caption":"Sanctuaire Notre-Dame de Lourdes"},"image":{"@id":"https:\/\/www.lourdes-france.com\/es\/#\/schema\/logo\/image\/"}}]}},"_links":{"self":[{"href":"https:\/\/www.lourdes-france.com\/es\/wp-json\/wp\/v2\/pages\/782014","targetHints":{"allow":["GET"]}}],"collection":[{"href":"https:\/\/www.lourdes-france.com\/es\/wp-json\/wp\/v2\/pages"}],"about":[{"href":"https:\/\/www.lourdes-france.com\/es\/wp-json\/wp\/v2\/types\/page"}],"author":[{"embeddable":true,"href":"https:\/\/www.lourdes-france.com\/es\/wp-json\/wp\/v2\/users\/3"}],"replies":[{"embeddable":true,"href":"https:\/\/www.lourdes-france.com\/es\/wp-json\/wp\/v2\/comments?post=782014"}],"version-history":[{"count":0,"href":"https:\/\/www.lourdes-france.com\/es\/wp-json\/wp\/v2\/pages\/782014\/revisions"}],"wp:featuredmedia":[{"embeddable":true,"href":"https:\/\/www.lourdes-france.com\/es\/wp-json\/wp\/v2\/media\/1807"}],"wp:attachment":[{"href":"https:\/\/www.lourdes-france.com\/es\/wp-json\/wp\/v2\/media?parent=782014"}],"curies":[{"name":"wp","href":"https:\/\/api.w.org\/{rel}","templated":true}]}}