{"id":781911,"date":"2021-10-19T16:25:48","date_gmt":"2021-10-19T14:25:48","guid":{"rendered":"https:\/\/www.lourdes-france.com\/bernadette-soubirous\/"},"modified":"2024-10-01T12:21:55","modified_gmt":"2024-10-01T10:21:55","slug":"bernardita-soubirous","status":"publish","type":"page","link":"https:\/\/www.lourdes-france.com\/es\/bernardita-soubirous\/","title":{"rendered":"Bernardita"},"content":{"rendered":"\t\t<div data-elementor-type=\"wp-page\" data-elementor-id=\"781911\" class=\"elementor elementor-781911 elementor-3052\" data-elementor-post-type=\"page\">\n\t\t\t\t\t\t<section class=\"elementor-section elementor-top-section elementor-element elementor-element-afb1897 elementor-section-full_width elementor-section-stretched elementor-section-height-default elementor-section-height-default\" data-id=\"afb1897\" data-element_type=\"section\" data-settings=\"{&quot;stretch_section&quot;:&quot;section-stretched&quot;,&quot;background_background&quot;:&quot;classic&quot;}\">\n\t\t\t\t\t\t\t<div class=\"elementor-background-overlay\"><\/div>\n\t\t\t\t\t\t\t<div class=\"elementor-container elementor-column-gap-default\">\n\t\t\t\t\t<div class=\"elementor-column elementor-col-100 elementor-top-column elementor-element elementor-element-08e189d\" data-id=\"08e189d\" data-element_type=\"column\">\n\t\t\t<div class=\"elementor-widget-wrap elementor-element-populated\">\n\t\t\t\t\t\t<div class=\"elementor-element elementor-element-05e9564 elementor-widget elementor-widget-heading\" data-id=\"05e9564\" data-element_type=\"widget\" data-widget_type=\"heading.default\">\n\t\t\t\t<div class=\"elementor-widget-container\">\n\t\t\t\t\t<h2 class=\"elementor-heading-title elementor-size-default\">Bernardita<\/h2>\t\t\t\t<\/div>\n\t\t\t\t<\/div>\n\t\t\t\t\t<\/div>\n\t\t<\/div>\n\t\t\t\t\t<\/div>\n\t\t<\/section>\n\t\t\t\t<section class=\"elementor-section elementor-top-section elementor-element elementor-element-8c4e6ca elementor-section-stretched elementor-section-boxed elementor-section-height-default elementor-section-height-default\" data-id=\"8c4e6ca\" data-element_type=\"section\" data-settings=\"{&quot;background_background&quot;:&quot;classic&quot;,&quot;stretch_section&quot;:&quot;section-stretched&quot;}\">\n\t\t\t\t\t\t<div class=\"elementor-container elementor-column-gap-no\">\n\t\t\t\t\t<div class=\"elementor-column elementor-col-100 elementor-top-column elementor-element elementor-element-7bdbc38\" data-id=\"7bdbc38\" data-element_type=\"column\">\n\t\t\t<div class=\"elementor-widget-wrap elementor-element-populated\">\n\t\t\t\t\t\t<div class=\"elementor-element elementor-element-c84c287 elementor-blockquote--skin-quotation elementor-widget elementor-widget-blockquote\" data-id=\"c84c287\" data-element_type=\"widget\" data-widget_type=\"blockquote.default\">\n\t\t\t\t<div class=\"elementor-widget-container\">\n\t\t\t\t\t\t\t<blockquote class=\"elementor-blockquote\">\n\t\t\t<p class=\"elementor-blockquote__content\">\n\t\t\t\t\n\nTodo lo que sabemos de las apariciones y del mensaje de Lourdes nos ha llegado por Bernardita, la \u00fanica que vio. Todo depende de su testimonio. \u00bfQui\u00e9n es Bernardita? Podemos distinguir tres etapas en su vida: los a\u00f1os oscuros de su infancia, una vida \u201cp\u00fablica\u201d en el tiempo de las apariciones y del tes\u00adtimonio y, por \u00faltimo, una vida \u201coculta\u201d como religiosa en Nevers.\n\t\t\t<\/p>\n\t\t\t\t\t<\/blockquote>\n\t\t\t\t\t\t<\/div>\n\t\t\t\t<\/div>\n\t\t\t\t\t<\/div>\n\t\t<\/div>\n\t\t\t\t\t<\/div>\n\t\t<\/section>\n\t\t\t\t<section class=\"elementor-section elementor-top-section elementor-element elementor-element-1899323 elementor-section-boxed elementor-section-height-default elementor-section-height-default\" data-id=\"1899323\" data-element_type=\"section\">\n\t\t\t\t\t\t<div class=\"elementor-container elementor-column-gap-default\">\n\t\t\t\t\t<div class=\"elementor-column elementor-col-100 elementor-top-column elementor-element elementor-element-3b1e184\" data-id=\"3b1e184\" data-element_type=\"column\">\n\t\t\t<div class=\"elementor-widget-wrap elementor-element-populated\">\n\t\t\t\t\t\t<div class=\"elementor-element elementor-element-52b866e elementor-widget elementor-widget-text-editor\" data-id=\"52b866e\" data-element_type=\"widget\" data-widget_type=\"text-editor.default\">\n\t\t\t\t<div class=\"elementor-widget-container\">\n\t\t\t\t\t\t\t\t\t<div class=\"elementor-element elementor-element-4450a3ba elementor-widget elementor-widget-text-editor\" data-id=\"4450a3ba\" data-element_type=\"widget\" data-widget_type=\"text-editor.default\"><div class=\"elementor-widget-container\"><div class=\"elementor-text-editor elementor-clearfix\"><h3>Los a\u00f1os oscuros<\/h3><\/div><\/div><\/div><div class=\"elementor-element elementor-element-40bbe8f6 elementor-widget elementor-widget-text-editor\" data-id=\"40bbe8f6\" data-element_type=\"widget\" data-widget_type=\"text-editor.default\"><div class=\"elementor-widget-container\"><div class=\"elementor-text-editor elementor-clearfix\"><p>Cuando se habla de las aparicio\u00adnes, se suele presentar a Bernardita como una chica pobre, enferma e ignorante que vive miserable\u00admente en el \u00abCalabozo\u00bb. Es ver\u00addad, pero no siempre fue as\u00ed. Cuando naci\u00f3 en el molino de Boly el 7 de enero de 1844, era la primog\u00e9nita, la heredera de Francisco Soubirous y Louisa Cast\u00e9rot, casados por amor, cosa no muy frecuente en esa \u00e9poca. Bernardita crece en una familia unida que se ama y donde se reza. Vive diez a\u00f1os de felicidad en esa etapa tan decisiva de la primera infancia, que le dar\u00e1n una solidez y un equi\u00adlibrio sorprendentes. La miseria que sobreviene no puede acabar con esa riqueza humana. Es ver\u00addad que a los 14 a\u00f1os Bernardita mide 1,40 m, padece crisis de asma y problemas de est\u00f3mago, pero ella no es cualquier cosa: es una aut\u00e9n\u00adtica bigurdana cap bourrut, \u00abcabe\u00adza dura\u00bb, parecida a las piedras de las canteras de Lourdes. Tiene una naturaleza viva, espont\u00e1nea, tenaz, de r\u00e9plica f\u00e1cil -como comproba\u00adr\u00e1 el propio Jacomet-, incapaz de dobleces. Tiene amor propio, co\u00adsa que no se le escapa a la madre Vauzou en Nevers: \u00abCar\u00e1cter r\u00edgi\u00addo. Muy susceptible\u00bb. Bernardita se aflige por sus defectos y los combate en\u00e9rgicamente. As\u00ed pues, una personalidad fuerte, pero sin cultura. Nada de colegio: hab\u00eda que trabajar en la taberna de la t\u00eda Bernarda. Nada de catecis\u00admo: su memoria rebelde no rete\u00adn\u00eda las f\u00f3rmulas abstractas. A los 14 a\u00f1os no sab\u00eda leer ni escribir, y se siente excluida, como se dir\u00eda hoy. Entonces reacciona: en sep\u00adtiembre de 1857 la env\u00edan a Bar\u00adtr\u00e8s, y vuelve a Lourdes el 21 de enero de 1858: quiere hacer la pri\u00admera comuni\u00f3n, cosa que ocurre el 13 de junio.<\/p><p>\u00a0<\/p><\/div><\/div><\/div><div class=\"elementor-element elementor-element-532178d elementor-widget elementor-widget-text-editor\" data-id=\"532178d\" data-element_type=\"widget\" data-widget_type=\"text-editor.default\"><div class=\"elementor-widget-container\"><div class=\"elementor-text-editor elementor-clearfix\"><h3><br \/>La vida \u00abp\u00fablica\u00bb<\/h3><\/div><\/div><\/div><div class=\"elementor-element elementor-element-f29be70 elementor-widget elementor-widget-text-editor\" data-id=\"f29be70\" data-element_type=\"widget\" data-widget_type=\"text-editor.default\"><div class=\"elementor-widget-container\"><div class=\"elementor-text-editor elementor-clearfix\"><p>Corresponde a la \u00e9poca de las apariciones. En sus ocupaciones cotidianas, como ir a buscar le\u00f1a, Bernardita se encuentra cara a cara con el misterio. Un ruido \u00abcomo una r\u00e1faga de viento\u00bb, una luz, una presencia. \u00bfC\u00f3mo reacciona? Demostrando sentido com\u00fan y un dis\u00adcernimiento notables. Creyendo que pod\u00eda ser una ilusi\u00f3n, pone en mar\u00adcha todos sus recursos humanos: observa, se frota los ojos, intenta comprender. Luego se vuelve hacia sus compa\u00f1eras para comprobar sus impresiones: \u00ab\u00bfNo hab\u00e9is visto nada?\u00bb. Entonces se dirige a Dios y reza el rosario. Se dirige a la Igle\u00adsia y pide consejo en confesi\u00f3n al padre Pomian: \u00abHe visto algo blanco que tenia la forma de una Se\u00f1o\u00adra\u00bb. Interrogada por el comisario Jacomet, responde con una seguridad, prudencia y firme\u00adza sorprendentes en una chica sin estudios: \u00abAquero, no he dicho la Sant\u00edsima Virgen\u2026 Se\u00f1or, usted me lo ha cambiado todo\u00bb. Cuenta lo que ha visto con un desparpajo y una li\u00adbertad asombrosos: \u00abEstoy encargada de dec\u00edrselo, no de hac\u00e9rselo creer\u00bb.<\/p><p>Cuenta las apariciones con exactitud, sin a\u00f1adir ni quitar. Una sola vez, atemorizada por la rudeza de Peyramale (lit. mala piedra), a\u00f1ade: \u00abSe\u00f1or p\u00e1rroco, la Se\u00f1ora sigue pidiendo la capilla\u2026, \u00a1aunque sea muy peque\u00f1a!\u00bb. En su carta pasto\u00adral sobre las apariciones, Mons. Laurence subraya \u00abla sencillez, el candor, la modestia de esta ni\u00f1a\u2026 que cuenta todo sin afectaci\u00f3n, con una ingenuidad conmovedora\u2026 y, a las numerosas preguntas que le hacen, responde sin dudar, de mo\u00addo claro y preciso, con una fuerte convicci\u00f3n\u00bb. Insensible tanto a las amenazas como a las ofertas de sa\u00adcar partido, \u00abla sinceridad de Ber\u00adnardita es incontestable: no ha querido enga\u00f1ar\u00bb. Pero \u00bfno se esta\u00adr\u00e1 enga\u00f1ando ella misma, victima de una alucinaci\u00f3n?, se pregunta el obispo.<\/p><p>Entonces apela a la calma de Bernardita, a su sentido com\u00fan, a la ausencia de exaltaci\u00f3n y a que las apariciones no dependen de Bernardita, pues han ocurrido sin que ella las esperase: durante la quincena, dos d\u00edas acudi\u00f3 a la Gru\u00adta sin que la Se\u00f1ora apareciese.<\/p><p>Para llegar a estas conclusiones, Ber\u00adnardita ha tenido que responder a curiosos, admiradores, periodistas y otros, y comparecer ante comisiones de investigaci\u00f3n civiles y religiosas. Arrancada del anonimato, se ve pro\u00adyectada al primer plano de la actua\u00adlidad, victima de una \u00abtempestad medi\u00e1tica\u00bb. Podemos imaginar la paciencia, el equilibrio y el humor necesarios para resistir y preservar la pureza de su testimonio. No acep\u00adta regalos: \u00abQuiero seguir pobre\u00bb. No bendice los rosarios que le pre\u00adsentan: \u00abNo llevo estola\u00bb. Ni vende medallas: \u00abNo soy comerciante\u00bb. Y ante las im\u00e1genes a diez perras que la representan, exclama: \u00ab\u00a1Diez pe\u00adrras, eso es lo que valgo!\u00bb. En estas condiciones la vida en el Calabozo se vuelve imposible: hay que protegerla. El p\u00e1rroco Peyra\u00admale y el alcalde Lacad\u00e9 acuerdan que Bernardita sea admitida como \u00abenferma indigente\u00bb en el Hospi\u00adcio de las Hermanas de Nevers, al que llega el 15 de julio de 1860. Con 16 a\u00f1os aprende a leer y a es\u00adcribir. A\u00fan hoy se pueden ver en la iglesia de Bartr\u00e8s los \u00abpalotes\u00bb trazados por su mano. Posterior\u00admente escribe a menudo a su fami\u00adlia por un bautizo, una primera co\u00admuni\u00f3n o un funeral; \u00a1escribe incluso, al Papa! Visita a sus pa\u00addres, que han vuelto a la \u00abcasa pa\u00adterna\u00bb; cuida enfermos, pero ante todo busca su camino: si no sirve para nada ni tiene dote, \u00bfc\u00f3mo ser religiosa? Al final entra en las Her\u00admanas de Nevers \u00abporque no me han obligado a ello\u00bb. Desde enton\u00adces en su interior se impone una verdad: \u00abMi misi\u00f3n en Lourdes ya ha terminado\u00bb. Como Juan Bautis\u00adta ante Jes\u00fas, debe desaparecer pa\u00adra hacer sitio a Mar\u00eda.<\/p><\/div><\/div><\/div><div class=\"elementor-element elementor-element-27de76bf elementor-widget elementor-widget-text-editor\" data-id=\"27de76bf\" data-element_type=\"widget\" data-widget_type=\"text-editor.default\"><div class=\"elementor-widget-container\"><div class=\"elementor-text-editor elementor-clearfix\"><h2>\u00a0<\/h2><h3><br \/>La vida \u201coculta\u201d en Nevers<\/h3><\/div><\/div><\/div><div class=\"elementor-element elementor-element-2bdaf5cd elementor-widget elementor-widget-text-editor\" data-id=\"2bdaf5cd\" data-element_type=\"widget\" data-widget_type=\"text-editor.default\"><div class=\"elementor-widget-container\"><div class=\"elementor-text-editor elementor-clearfix\"><p>Ella misma usa esta expresi\u00f3n: \u00abHe venido aqu\u00ed para ocultarme\u00bb. En Lourdes era Bernardita, la vi\u00addente; en Nevers se convierte en la hermana Marie-Bernard, la san\u00adta. A menudo se ha hablado de la severidad de sus superioras con ella, pero hay que comprender que Bernardita era un caso espe\u00adcial: hab\u00eda que apartarla de la cu\u00adriosidad, protegerla y proteger la Congregaci\u00f3n. Bernardita relata las apariciones a la comunidad, reunida al d\u00eda siguiente de su lle\u00adgada; luego ya no podr\u00e1 hablar. La dejan en la casa madre, aunque le hubiera gustado cuidar enfermos en otro lugar. El d\u00eda de su profe\u00adsi\u00f3n, no hay ninguna ocupaci\u00f3n prevista para ella. Entonces el obispo, inspirado, le encomienda \u00abel trabajo de orar\u00bb. \u00abRece por los pecadores\u00bb, le hab\u00eda dicho la Se\u00ad\u00f1ora. Y lo cumple. \u00abMis armas son la oraci\u00f3n y el sacrificio\u00bb, le escribe al Papa. La enfermedad la convierte en una columna de la enfermer\u00eda. Y luego est\u00e1n las in\u00adterminables sesiones de locutorio: \u00abEstos pobres obispos har\u00edan me\u00adjor qued\u00e1ndose en su casa\u00bb. Lour\u00addes est\u00e1 muy lejos\u2026 \u00bfVolver a la Gruta? \u00a1Nunca!, \u00abDejar\u00edan a la Sant\u00edsima Virgen para seguirme\u00bb. Pe\u00adro todos los d\u00edas va all\u00ed en peregrinaci\u00f3n espiritual.<\/p><p>No habla de Lourdes; lo vive. \u00abUs\u00adted debe ser la primera en vivir el mensaje\u00bb, le dice el padre Douce, su confesor. De hecho, despu\u00e9s de ser ayudante de enfermer\u00eda, entra poco a poco en la condici\u00f3n de en\u00adferma, lo que convierte en \u00absu ta\u00adrea\u00bb al aceptar, con un perfecto ac\u00adto de amor, todas las cruces por los pecadores: \u00abDespu\u00e9s de todo, son nuestros hermanos\u00bb. En las largas noches de insomnio, uni\u00e9n\u00addose a las misas que se celebran en todo el mundo, se ofrece como una \u00abcrucificada viviente\u00bb en el enorme combate entre las tinieblas y la luz, asociada con Mar\u00eda al misterio de la Redenci\u00f3n y con los ojos fijos en el Crucifijo: \u00abDe ah\u00ed saco mi fuerza\u00bb.<\/p><p>Muere en Nevers el 16 de abril de 1879 a la edad de 35 a\u00f1os. La Iglesia la proclam\u00f3 santa el 8 de diciembre de 1933, no por haber sido favorecida por las apariciones, sino por el modo en que respondi\u00f3.<\/p><\/div><\/div><\/div>\t\t\t\t\t\t\t\t<\/div>\n\t\t\t\t<\/div>\n\t\t\t\t\t<\/div>\n\t\t<\/div>\n\t\t\t\t\t<\/div>\n\t\t<\/section>\n\t\t\t\t<\/div>\n\t\t","protected":false},"excerpt":{"rendered":"<p>Bernardita Todo lo que sabemos de las apariciones y del mensaje de Lourdes nos ha llegado por Bernardita, la \u00fanica que vio. Todo depende de su testimonio. \u00bfQui\u00e9n es Bernardita? Podemos distinguir tres etapas en su vida: los a\u00f1os oscuros &hellip; <a href=\"https:\/\/www.lourdes-france.com\/es\/bernardita-soubirous\/\">Continuar<\/a><\/p>\n","protected":false},"author":1,"featured_media":0,"parent":0,"menu_order":0,"comment_status":"closed","ping_status":"closed","template":"","meta":{"_acf_changed":false,"footnotes":""},"class_list":["post-781911","page","type-page","status-publish","hentry"],"acf":[],"yoast_head":"<!-- This site is optimized with the Yoast SEO Premium plugin v24.0 (Yoast SEO v26.3) - https:\/\/yoast.com\/wordpress\/plugins\/seo\/ -->\n<title>Bernardita - Vivre le p\u00e8lerinage de Lourdes<\/title>\n<meta name=\"description\" content=\"Descubra la vida de Bernadette Soubirous, desde su infancia hasta las primeras apariciones, pasando por su abnegada vida de monja en Nevers.\" \/>\n<meta name=\"robots\" content=\"index, follow, max-snippet:-1, max-image-preview:large, max-video-preview:-1\" \/>\n<link rel=\"canonical\" href=\"https:\/\/www.lourdes-france.com\/es\/bernardita-soubirous\/\" \/>\n<meta property=\"og:locale\" content=\"es_ES\" \/>\n<meta property=\"og:type\" content=\"article\" \/>\n<meta property=\"og:title\" content=\"Bernardita\" \/>\n<meta property=\"og:description\" content=\"Descubra la vida de Bernadette Soubirous, desde su infancia hasta las primeras apariciones, pasando por su abnegada vida de monja en Nevers.\" \/>\n<meta property=\"og:url\" content=\"https:\/\/www.lourdes-france.com\/es\/bernardita-soubirous\/\" \/>\n<meta property=\"og:site_name\" content=\"Vivre le p\u00e8lerinage de Lourdes\" \/>\n<meta property=\"article:modified_time\" content=\"2024-10-01T10:21:55+00:00\" \/>\n<meta name=\"twitter:card\" content=\"summary_large_image\" \/>\n<meta name=\"twitter:label1\" content=\"Tiempo de lectura\" \/>\n\t<meta name=\"twitter:data1\" content=\"12 minutos\" \/>\n<script type=\"application\/ld+json\" class=\"yoast-schema-graph\">{\"@context\":\"https:\/\/schema.org\",\"@graph\":[{\"@type\":\"WebPage\",\"@id\":\"https:\/\/www.lourdes-france.com\/es\/bernardita-soubirous\/\",\"url\":\"https:\/\/www.lourdes-france.com\/es\/bernardita-soubirous\/\",\"name\":\"Bernardita - Vivre le p\u00e8lerinage de Lourdes\",\"isPartOf\":{\"@id\":\"https:\/\/www.lourdes-france.com\/es\/#website\"},\"datePublished\":\"2021-10-19T14:25:48+00:00\",\"dateModified\":\"2024-10-01T10:21:55+00:00\",\"description\":\"Descubra la vida de Bernadette Soubirous, desde su infancia hasta las primeras apariciones, pasando por su abnegada vida de monja en Nevers.\",\"breadcrumb\":{\"@id\":\"https:\/\/www.lourdes-france.com\/es\/bernardita-soubirous\/#breadcrumb\"},\"inLanguage\":\"es\",\"potentialAction\":[{\"@type\":\"ReadAction\",\"target\":[\"https:\/\/www.lourdes-france.com\/es\/bernardita-soubirous\/\"]}]},{\"@type\":\"BreadcrumbList\",\"@id\":\"https:\/\/www.lourdes-france.com\/es\/bernardita-soubirous\/#breadcrumb\",\"itemListElement\":[{\"@type\":\"ListItem\",\"position\":1,\"name\":\"Accueil\",\"item\":\"https:\/\/www.lourdes-france.com\/es\/\"},{\"@type\":\"ListItem\",\"position\":2,\"name\":\"Bernardita\"}]},{\"@type\":\"WebSite\",\"@id\":\"https:\/\/www.lourdes-france.com\/es\/#website\",\"url\":\"https:\/\/www.lourdes-france.com\/es\/\",\"name\":\"Sanctuaire Notre-Dame de Lourdes\",\"description\":\"\",\"publisher\":{\"@id\":\"https:\/\/www.lourdes-france.com\/es\/#organization\"},\"potentialAction\":[{\"@type\":\"SearchAction\",\"target\":{\"@type\":\"EntryPoint\",\"urlTemplate\":\"https:\/\/www.lourdes-france.com\/es\/?s={search_term_string}\"},\"query-input\":{\"@type\":\"PropertyValueSpecification\",\"valueRequired\":true,\"valueName\":\"search_term_string\"}}],\"inLanguage\":\"es\"},{\"@type\":\"Organization\",\"@id\":\"https:\/\/www.lourdes-france.com\/es\/#organization\",\"name\":\"Sanctuaire Notre-Dame de Lourdes\",\"url\":\"https:\/\/www.lourdes-france.com\/es\/\",\"logo\":{\"@type\":\"ImageObject\",\"inLanguage\":\"es\",\"@id\":\"https:\/\/www.lourdes-france.com\/es\/#\/schema\/logo\/image\/\",\"url\":\"https:\/\/www.lourdes-france.com\/wp-content\/uploads\/2021\/11\/logo-small.png\",\"contentUrl\":\"https:\/\/www.lourdes-france.com\/wp-content\/uploads\/2021\/11\/logo-small.png\",\"width\":834,\"height\":521,\"caption\":\"Sanctuaire Notre-Dame de Lourdes\"},\"image\":{\"@id\":\"https:\/\/www.lourdes-france.com\/es\/#\/schema\/logo\/image\/\"}}]}<\/script>\n<!-- \/ Yoast SEO Premium plugin. -->","yoast_head_json":{"title":"Bernardita - Vivre le p\u00e8lerinage de Lourdes","description":"Descubra la vida de Bernadette Soubirous, desde su infancia hasta las primeras apariciones, pasando por su abnegada vida de monja en Nevers.","robots":{"index":"index","follow":"follow","max-snippet":"max-snippet:-1","max-image-preview":"max-image-preview:large","max-video-preview":"max-video-preview:-1"},"canonical":"https:\/\/www.lourdes-france.com\/es\/bernardita-soubirous\/","og_locale":"es_ES","og_type":"article","og_title":"Bernardita","og_description":"Descubra la vida de Bernadette Soubirous, desde su infancia hasta las primeras apariciones, pasando por su abnegada vida de monja en Nevers.","og_url":"https:\/\/www.lourdes-france.com\/es\/bernardita-soubirous\/","og_site_name":"Vivre le p\u00e8lerinage de Lourdes","article_modified_time":"2024-10-01T10:21:55+00:00","twitter_card":"summary_large_image","twitter_misc":{"Tiempo de lectura":"12 minutos"},"schema":{"@context":"https:\/\/schema.org","@graph":[{"@type":"WebPage","@id":"https:\/\/www.lourdes-france.com\/es\/bernardita-soubirous\/","url":"https:\/\/www.lourdes-france.com\/es\/bernardita-soubirous\/","name":"Bernardita - Vivre le p\u00e8lerinage de Lourdes","isPartOf":{"@id":"https:\/\/www.lourdes-france.com\/es\/#website"},"datePublished":"2021-10-19T14:25:48+00:00","dateModified":"2024-10-01T10:21:55+00:00","description":"Descubra la vida de Bernadette Soubirous, desde su infancia hasta las primeras apariciones, pasando por su abnegada vida de monja en Nevers.","breadcrumb":{"@id":"https:\/\/www.lourdes-france.com\/es\/bernardita-soubirous\/#breadcrumb"},"inLanguage":"es","potentialAction":[{"@type":"ReadAction","target":["https:\/\/www.lourdes-france.com\/es\/bernardita-soubirous\/"]}]},{"@type":"BreadcrumbList","@id":"https:\/\/www.lourdes-france.com\/es\/bernardita-soubirous\/#breadcrumb","itemListElement":[{"@type":"ListItem","position":1,"name":"Accueil","item":"https:\/\/www.lourdes-france.com\/es\/"},{"@type":"ListItem","position":2,"name":"Bernardita"}]},{"@type":"WebSite","@id":"https:\/\/www.lourdes-france.com\/es\/#website","url":"https:\/\/www.lourdes-france.com\/es\/","name":"Sanctuaire Notre-Dame de Lourdes","description":"","publisher":{"@id":"https:\/\/www.lourdes-france.com\/es\/#organization"},"potentialAction":[{"@type":"SearchAction","target":{"@type":"EntryPoint","urlTemplate":"https:\/\/www.lourdes-france.com\/es\/?s={search_term_string}"},"query-input":{"@type":"PropertyValueSpecification","valueRequired":true,"valueName":"search_term_string"}}],"inLanguage":"es"},{"@type":"Organization","@id":"https:\/\/www.lourdes-france.com\/es\/#organization","name":"Sanctuaire Notre-Dame de Lourdes","url":"https:\/\/www.lourdes-france.com\/es\/","logo":{"@type":"ImageObject","inLanguage":"es","@id":"https:\/\/www.lourdes-france.com\/es\/#\/schema\/logo\/image\/","url":"https:\/\/www.lourdes-france.com\/wp-content\/uploads\/2021\/11\/logo-small.png","contentUrl":"https:\/\/www.lourdes-france.com\/wp-content\/uploads\/2021\/11\/logo-small.png","width":834,"height":521,"caption":"Sanctuaire Notre-Dame de Lourdes"},"image":{"@id":"https:\/\/www.lourdes-france.com\/es\/#\/schema\/logo\/image\/"}}]}},"_links":{"self":[{"href":"https:\/\/www.lourdes-france.com\/es\/wp-json\/wp\/v2\/pages\/781911","targetHints":{"allow":["GET"]}}],"collection":[{"href":"https:\/\/www.lourdes-france.com\/es\/wp-json\/wp\/v2\/pages"}],"about":[{"href":"https:\/\/www.lourdes-france.com\/es\/wp-json\/wp\/v2\/types\/page"}],"author":[{"embeddable":true,"href":"https:\/\/www.lourdes-france.com\/es\/wp-json\/wp\/v2\/users\/1"}],"replies":[{"embeddable":true,"href":"https:\/\/www.lourdes-france.com\/es\/wp-json\/wp\/v2\/comments?post=781911"}],"version-history":[{"count":0,"href":"https:\/\/www.lourdes-france.com\/es\/wp-json\/wp\/v2\/pages\/781911\/revisions"}],"wp:attachment":[{"href":"https:\/\/www.lourdes-france.com\/es\/wp-json\/wp\/v2\/media?parent=781911"}],"curies":[{"name":"wp","href":"https:\/\/api.w.org\/{rel}","templated":true}]}}