{"id":781903,"date":"2021-11-12T14:41:13","date_gmt":"2021-11-12T13:41:13","guid":{"rendered":"https:\/\/www.lourdes-france.com\/les-apparitions-de-lourdes\/"},"modified":"2024-04-23T16:03:43","modified_gmt":"2024-04-23T14:03:43","slug":"las-apariciones","status":"publish","type":"page","link":"https:\/\/www.lourdes-france.com\/es\/las-apariciones\/","title":{"rendered":"Las apariciones"},"content":{"rendered":"\t\t<div data-elementor-type=\"wp-page\" data-elementor-id=\"781903\" class=\"elementor elementor-781903 elementor-3294\" data-elementor-post-type=\"page\">\n\t\t\t\t\t\t<section class=\"elementor-section elementor-top-section elementor-element elementor-element-f6bfdb0 elementor-section-boxed elementor-section-height-default elementor-section-height-default\" data-id=\"f6bfdb0\" data-element_type=\"section\">\n\t\t\t\t\t\t<div class=\"elementor-container elementor-column-gap-default\">\n\t\t\t\t\t<div class=\"elementor-column elementor-col-100 elementor-top-column elementor-element elementor-element-1cfb794\" data-id=\"1cfb794\" data-element_type=\"column\">\n\t\t\t<div class=\"elementor-widget-wrap elementor-element-populated\">\n\t\t\t\t\t\t<div class=\"elementor-element elementor-element-a65fa25 elementor-widget elementor-widget-text-editor\" data-id=\"a65fa25\" data-element_type=\"widget\" data-widget_type=\"text-editor.default\">\n\t\t\t\t<div class=\"elementor-widget-container\">\n\t\t\t\t\t\t\t\t\t<section class=\"elementor-section elementor-top-section elementor-element elementor-element-2119237e elementor-section-boxed elementor-section-height-default elementor-section-height-default\" data-id=\"2119237e\" data-element_type=\"section\"><div class=\"elementor-container elementor-column-gap-no\"><div class=\"elementor-row\"><div class=\"elementor-column elementor-col-100 elementor-top-column elementor-element elementor-element-371e3a8f\" data-id=\"371e3a8f\" data-element_type=\"column\"><div class=\"elementor-column-wrap elementor-element-populated\"><div class=\"elementor-widget-wrap\"><h3>Jueves 11 de febrero de 1858: el encuentro<\/h3><p>Acompa\u00f1ada de su hermana y de una amiga, Bernardita se dirige a la Gruta de Massabielle, al borde del Gave, para recoger le\u00f1a, ramas secas y peque\u00f1os troncos. Mientras se est\u00e1 descalzando para cruzar el arroyo, oye un ruido como de una r\u00e1faga de viento, levanta la cabeza hacia la Gruta:<br \/>\u00abVi a une se\u00f1ora vestida de blanco: llevaba un vestido blanco, un velo tambi\u00e9n de color blanco, un cintur\u00f3n azul y una rosa amarilla en cada pie.\u00bb Hace la se\u00f1al de la cruz y reza el rosario con la Se\u00f1ora. Terminada la oraci\u00f3n, la Se\u00f1ora desaparece de repente.<\/p><h3>Domingo 14 febrero de 1858: el agua bendita<\/h3><p>Bernardita siente una fuerza interior que la empuja a volver a la Gruta a pesar de la prohibici\u00f3n de sus padres. Debido a su insistencia, su madre le da permiso para volver. Despu\u00e9s de la primera decena del rosario, Bernardita ve aparecer a la misma Se\u00f1ora. Le echa agua bendita. La Se\u00f1ora sonr\u00ede e inclina la cabeza. Terminado el rosario, la Se\u00f1ora desaparece.<\/p><h3>Jueves 18 de febrero de 1858: la Se\u00f1ora habla<\/h3><p>La Se\u00f1ora habla por primera vez. Bernardita le ofrece papel y una pluma y le pide que escriba su nombre. La Se\u00f1ora le dice: \u00abNo es necesario\u00bb y a\u00f1ade: \u00abNo le prometo hacerle feliz en este mundo, sino en el otro. \u00bfQuiere usted hacerme el favor de venir aqu\u00ed durante quince d\u00edas?\u00bb.<\/p><h3>Viernes 19 de febrereo de 1858: aparici\u00f3n breve<\/h3><p>Bernardita llega a la Gruta con una vela bendecida y encendida. De aquel gesto nacer\u00e1 la costumbre de llevar velas para encenderlas ante la Gruta.<\/p><h3>Sabado 20 de febrero de 1858: oraci\u00f3n personal<\/h3><p>La Se\u00f1ora le ha ense\u00f1ado una oraci\u00f3n personal. Al terminar la visi\u00f3n, una gran tristeza invade a Bernardita.<\/p><p>\u00a0<\/p><h3>Domingo 21 de febrero de 1858: \u00abAquero\u00bb<\/h3><p>Por la ma\u00f1ana temprano la Se\u00f1ora se presenta a Bernardita, a la que acompa\u00f1an un centenar de personas. Despu\u00e9s es interrogada por el comisario de polic\u00eda Jacomet, que quiere que diga lo que ha visto. Bernardita no habla m\u00e1s que de \u00abAquero\u00bb (aquello).<\/p><h3>Martes 23 de febrero de 1858: el secreto<\/h3><p>Rodeada por unas ciento cincuenta personas, Bernardita se dirige hacia la Gruta. La Aparici\u00f3n le comunica un secreto, una confidencia \u00abs\u00f3lo para ella\u00bb, pues s\u00f3lo a ella concierne.<\/p><h3>Miercoles 24 de febrero de 1858 : \u00ab\u00a1Penitencia!\u00bb<\/h3><p>Mensaje de la Se\u00f1ora: \u00ab\u00a1Penitencia! \u00a1Penitencia! \u00a1Penitencia! \u2013 \u00a1Rece a Dios por los pecadores! \u2013 \u00a1Bese la tierra en penitencia por los pecadores!<\/p><h3>Jueves 25 de febrero de 1858: la fuente<\/h3><p>Trescientas personas est\u00e1n all\u00ed presentes. Bernardita cuenta: \u00abMe dijo que fuera a beber a la fuente (\u2026). No encontr\u00e9 m\u00e1s que un poco de agua fangosa. Al cuarto intento, consegu\u00ed beber; me mand\u00f3 tambi\u00e9n que comiera hierba que hab\u00eda cerca de la fuente, luego la visi\u00f3n desapareci\u00f3 y me march\u00e9.\u00bb Ante la muchedumbre que le comenta: \u00ab\u00bfSabes que la gente cree que est\u00e1s loca por hacer tales cosas?\u00bb, Bernardita s\u00f3lo contesta. \u00abEs por los pecadores.\u00bb<\/p><h3>Sabado 27 de febrero de 1858: silencio<\/h3><p>Hay all\u00ed ese d\u00eda ochocientas personas. La Aparici\u00f3n permanece silenciosa. Bernardita bebe agua del manantial y hace los gestos habituales de penitencia.<\/p><h3>Domingo 28 de febrero de 1858: \u00e9xtasis<\/h3><p>M\u00e1s de mil personas asisten al \u00e9xtasis. Bernardita reza, besa la tierra y se arrastra de rodillas en se\u00f1al de penitencia. A continuaci\u00f3n se la llevan a casa del juez Ribes que la amenaza con meterla en la c\u00e1rcel<\/p><h3>Lunes 1 de marzo de 1858: primer milagro<\/h3><p>Se han congregado m\u00e1s de mil quinientas personas y entre ellas, por primera vez, un sacerdote. Durante la noche, Catalina Latapie, una amiga de Lourdes, acude a la Gruta, moja su brazo dislocado en el agua del manantial y el brazo y la mano recuperan su agilidad.<\/p><h3>Martes 2 de marzo de 1858: mensaje para los sacerdotes<\/h3><p>La muchedumbre aumenta cada vez m\u00e1s. La Se\u00f1ora le encarga: \u00abVaya a decir a los sacerdotes que se construya aqu\u00ed una capilla y que se venga en procesi\u00f3n.\u00bb Bernardita se lo hace saber al cura Peyra-male, p\u00e1rroco de Lourdes. \u00c9ste tan s\u00f3lo quiere saber una cosa: el nombre de la Se\u00f1ora. Exige, adem\u00e1s, como prueba, ver florecer en invierno el rosal silvestre de la Gruta.<\/p><h3>Miercoles 3 de marzo de 1858: una sonrisa<\/h3><p>A las siete de la ma\u00f1ana, cuando ya hay all\u00ed tres mil personas, Bernardita se encamina hacia la Gruta; pero \u00a1la Visi\u00f3n no aparece! Al salir del colegio, siente la llamada interior de la Se\u00f1ora; acude a la Gruta y vuelve a preguntarle su nombre. La respuesta es una sonrisa. El p\u00e1rroco Peyramale vuelve a decirle: \u00abSi de verdad la Se\u00f1ora quiere una capilla, que diga su nombre y haga florecer el rosal de la Gruta.\u00bb<\/p><h3>Jueves 4 de marzo de 1858: 8 000 personas<\/h3><p>El gent\u00edo cada vez m\u00e1s numeroso (alrededor de ocho mil personas) est\u00e1 esperando un milagro al finalizar estos quince d\u00edas. La visi\u00f3n permanece silenciosa. El cura Peyramale se mantiene en su postura. Durante los veinte d\u00edas siguientes, Bernardita no acudir\u00e1 a la Gruta; no siente dentro de s\u00ed la irresistible invitaci\u00f3n.<\/p><h3>Jueves 25 de marzo de 1858: el nombre que se esperaba<\/h3><p>Por fin la visi\u00f3n revela su nombre; pero el rosal silvestre sobre el cual posa los pies durante las apariciones no florece. Bernardita cuenta: \u00abLevant\u00f3 los ojos hacia el cielo, juntando en signo de oraci\u00f3n las manos que ten\u00eda abiertas y tendidas hacia el suelo, y me dijo : Que soy era Immaculada Councepciou.\u00bb La joven vidente sali\u00f3 corriendo, repitiendo sin cesar, por el camino, aquellas palabras que no entiende. Palabras que conmueven al buen p\u00e1rroco, ya que Bernardita ignoraba esa expresi\u00f3n teol\u00f3gica que sirve para nombrar a la Sant\u00edsima Virgen. Solo cuatro a\u00f1os antes, en 1854, el papa P\u00edo IX hab\u00eda declarado aquella expresi\u00f3n como verdad de fe, un dogma.<\/p><h3>Miercoles 7 de abril de 1858: el milagro del cirio<\/h3><p>Durante esta Aparici\u00f3n, Bernardita sostiene en la mano su vela encendida, y en un cierto momento la llama lame su mano sin quemarla. Este hecho es inmediatamente constatado por el m\u00e9dico, el doctor Douzous.<\/p><h3>Viernes 16 de julio de 1858: \u00faltima aparici\u00f3n<\/h3><p>Bernardita siente interiormente el misterioso llamamiento de la Virgen y se dirige a la Gruta; pero el acceso a ella estaba prohibido y la gruta, vallada. Se dirige, pues, al otro lado del Gave, enfrente de la Gruta. \u00abMe parec\u00eda que estaba delante de la Gruta, a la misma distancia que las otras veces, no ve\u00eda m\u00e1s que a la Virgen. Jam\u00e1s la hab\u00eda visto tan bella.\u00bb<\/p><\/div><\/div><\/div><\/div><\/div><\/section>\t\t\t\t\t\t\t\t<\/div>\n\t\t\t\t<\/div>\n\t\t\t\t<div class=\"elementor-element elementor-element-c470a4d elementor-widget elementor-widget-image\" data-id=\"c470a4d\" data-element_type=\"widget\" data-widget_type=\"image.default\">\n\t\t\t\t<div class=\"elementor-widget-container\">\n\t\t\t\t\t\t\t\t\t\t\t\t\t\t\t<img fetchpriority=\"high\" decoding=\"async\" width=\"1200\" height=\"800\" src=\"https:\/\/www.lourdes-france.com\/wp-content\/uploads\/2021\/11\/gemail-ok.jpg\" class=\"attachment-full size-full wp-image-3302\" alt=\"\" srcset=\"https:\/\/www.lourdes-france.com\/wp-content\/uploads\/2021\/11\/gemail-ok.jpg 1200w, https:\/\/www.lourdes-france.com\/wp-content\/uploads\/2021\/11\/gemail-ok-300x200.jpg 300w, https:\/\/www.lourdes-france.com\/wp-content\/uploads\/2021\/11\/gemail-ok-1024x683.jpg 1024w, https:\/\/www.lourdes-france.com\/wp-content\/uploads\/2021\/11\/gemail-ok-768x512.jpg 768w\" sizes=\"(max-width: 1200px) 100vw, 1200px\" \/>\t\t\t\t\t\t\t\t\t\t\t\t\t\t\t<\/div>\n\t\t\t\t<\/div>\n\t\t\t\t\t<\/div>\n\t\t<\/div>\n\t\t\t\t\t<\/div>\n\t\t<\/section>\n\t\t\t\t<\/div>\n\t\t","protected":false},"excerpt":{"rendered":"<p>Jueves 11 de febrero de 1858: el encuentro Acompa\u00f1ada de su hermana y de una amiga, Bernardita se dirige a la Gruta de Massabielle, al borde del Gave, para recoger le\u00f1a, ramas secas y peque\u00f1os troncos. Mientras se est\u00e1 descalzando &hellip; <a href=\"https:\/\/www.lourdes-france.com\/es\/las-apariciones\/\">Continuar<\/a><\/p>\n","protected":false},"author":2,"featured_media":3355,"parent":0,"menu_order":0,"comment_status":"closed","ping_status":"closed","template":"","meta":{"_acf_changed":false,"footnotes":""},"class_list":["post-781903","page","type-page","status-publish","has-post-thumbnail","hentry"],"acf":[],"yoast_head":"<!-- This site is optimized with the Yoast SEO Premium plugin v24.0 (Yoast SEO v26.3) - https:\/\/yoast.com\/wordpress\/plugins\/seo\/ -->\n<title>Les Apparitions de Lourdes - Vivre le p\u00e8lerinage de Lourdes<\/title>\n<meta name=\"description\" content=\"Le r\u00e9cit des apparitions de Marie \u00e0 Bernadette Soubirous, du 11 f\u00e9vrier au 16 juillet 1858. Le 25 mars l&#039;apparition se r\u00e9v\u00e8le \u00eatre &quot;l&#039;Immacul\u00e9e Conception&quot;.\" \/>\n<meta name=\"robots\" content=\"index, follow, max-snippet:-1, max-image-preview:large, max-video-preview:-1\" \/>\n<link rel=\"canonical\" href=\"https:\/\/www.lourdes-france.com\/es\/las-apariciones\/\" \/>\n<meta property=\"og:locale\" content=\"es_ES\" \/>\n<meta property=\"og:type\" content=\"article\" \/>\n<meta property=\"og:title\" content=\"Las apariciones\" \/>\n<meta property=\"og:description\" content=\"Le r\u00e9cit des apparitions de Marie \u00e0 Bernadette Soubirous, du 11 f\u00e9vrier au 16 juillet 1858. Le 25 mars l&#039;apparition se r\u00e9v\u00e8le \u00eatre &quot;l&#039;Immacul\u00e9e Conception&quot;.\" \/>\n<meta property=\"og:url\" content=\"https:\/\/www.lourdes-france.com\/es\/las-apariciones\/\" \/>\n<meta property=\"og:site_name\" content=\"Vivre le p\u00e8lerinage de Lourdes\" \/>\n<meta property=\"article:modified_time\" content=\"2024-04-23T14:03:43+00:00\" \/>\n<meta property=\"og:image\" content=\"https:\/\/www.lourdes-france.com\/wp-content\/uploads\/2021\/11\/grotte-apparition_mise-en-avant-1.jpg\" \/>\n\t<meta property=\"og:image:width\" content=\"2362\" \/>\n\t<meta property=\"og:image:height\" content=\"1507\" \/>\n\t<meta property=\"og:image:type\" content=\"image\/jpeg\" \/>\n<meta name=\"twitter:card\" content=\"summary_large_image\" \/>\n<meta name=\"twitter:label1\" content=\"Tiempo de lectura\" \/>\n\t<meta name=\"twitter:data1\" content=\"1 minuto\" \/>\n<script type=\"application\/ld+json\" class=\"yoast-schema-graph\">{\"@context\":\"https:\/\/schema.org\",\"@graph\":[{\"@type\":\"WebPage\",\"@id\":\"https:\/\/www.lourdes-france.com\/es\/las-apariciones\/\",\"url\":\"https:\/\/www.lourdes-france.com\/es\/las-apariciones\/\",\"name\":\"Les Apparitions de Lourdes - Vivre le p\u00e8lerinage de Lourdes\",\"isPartOf\":{\"@id\":\"https:\/\/www.lourdes-france.com\/es\/#website\"},\"primaryImageOfPage\":{\"@id\":\"https:\/\/www.lourdes-france.com\/es\/las-apariciones\/#primaryimage\"},\"image\":{\"@id\":\"https:\/\/www.lourdes-france.com\/es\/las-apariciones\/#primaryimage\"},\"thumbnailUrl\":\"https:\/\/www.lourdes-france.com\/wp-content\/uploads\/2021\/11\/grotte-apparition_mise-en-avant-1.jpg\",\"datePublished\":\"2021-11-12T13:41:13+00:00\",\"dateModified\":\"2024-04-23T14:03:43+00:00\",\"description\":\"Le r\u00e9cit des apparitions de Marie \u00e0 Bernadette Soubirous, du 11 f\u00e9vrier au 16 juillet 1858. Le 25 mars l'apparition se r\u00e9v\u00e8le \u00eatre \\\"l'Immacul\u00e9e Conception\\\".\",\"breadcrumb\":{\"@id\":\"https:\/\/www.lourdes-france.com\/es\/las-apariciones\/#breadcrumb\"},\"inLanguage\":\"es\",\"potentialAction\":[{\"@type\":\"ReadAction\",\"target\":[\"https:\/\/www.lourdes-france.com\/es\/las-apariciones\/\"]}]},{\"@type\":\"ImageObject\",\"inLanguage\":\"es\",\"@id\":\"https:\/\/www.lourdes-france.com\/es\/las-apariciones\/#primaryimage\",\"url\":\"https:\/\/www.lourdes-france.com\/wp-content\/uploads\/2021\/11\/grotte-apparition_mise-en-avant-1.jpg\",\"contentUrl\":\"https:\/\/www.lourdes-france.com\/wp-content\/uploads\/2021\/11\/grotte-apparition_mise-en-avant-1.jpg\",\"width\":2362,\"height\":1507},{\"@type\":\"BreadcrumbList\",\"@id\":\"https:\/\/www.lourdes-france.com\/es\/las-apariciones\/#breadcrumb\",\"itemListElement\":[{\"@type\":\"ListItem\",\"position\":1,\"name\":\"Accueil\",\"item\":\"https:\/\/www.lourdes-france.com\/es\/\"},{\"@type\":\"ListItem\",\"position\":2,\"name\":\"Las apariciones\"}]},{\"@type\":\"WebSite\",\"@id\":\"https:\/\/www.lourdes-france.com\/es\/#website\",\"url\":\"https:\/\/www.lourdes-france.com\/es\/\",\"name\":\"Sanctuaire Notre-Dame de Lourdes\",\"description\":\"\",\"publisher\":{\"@id\":\"https:\/\/www.lourdes-france.com\/es\/#organization\"},\"potentialAction\":[{\"@type\":\"SearchAction\",\"target\":{\"@type\":\"EntryPoint\",\"urlTemplate\":\"https:\/\/www.lourdes-france.com\/es\/?s={search_term_string}\"},\"query-input\":{\"@type\":\"PropertyValueSpecification\",\"valueRequired\":true,\"valueName\":\"search_term_string\"}}],\"inLanguage\":\"es\"},{\"@type\":\"Organization\",\"@id\":\"https:\/\/www.lourdes-france.com\/es\/#organization\",\"name\":\"Sanctuaire Notre-Dame de Lourdes\",\"url\":\"https:\/\/www.lourdes-france.com\/es\/\",\"logo\":{\"@type\":\"ImageObject\",\"inLanguage\":\"es\",\"@id\":\"https:\/\/www.lourdes-france.com\/es\/#\/schema\/logo\/image\/\",\"url\":\"https:\/\/www.lourdes-france.com\/wp-content\/uploads\/2021\/11\/logo-small.png\",\"contentUrl\":\"https:\/\/www.lourdes-france.com\/wp-content\/uploads\/2021\/11\/logo-small.png\",\"width\":834,\"height\":521,\"caption\":\"Sanctuaire Notre-Dame de Lourdes\"},\"image\":{\"@id\":\"https:\/\/www.lourdes-france.com\/es\/#\/schema\/logo\/image\/\"}}]}<\/script>\n<!-- \/ Yoast SEO Premium plugin. -->","yoast_head_json":{"title":"Les Apparitions de Lourdes - Vivre le p\u00e8lerinage de Lourdes","description":"Le r\u00e9cit des apparitions de Marie \u00e0 Bernadette Soubirous, du 11 f\u00e9vrier au 16 juillet 1858. Le 25 mars l'apparition se r\u00e9v\u00e8le \u00eatre \"l'Immacul\u00e9e Conception\".","robots":{"index":"index","follow":"follow","max-snippet":"max-snippet:-1","max-image-preview":"max-image-preview:large","max-video-preview":"max-video-preview:-1"},"canonical":"https:\/\/www.lourdes-france.com\/es\/las-apariciones\/","og_locale":"es_ES","og_type":"article","og_title":"Las apariciones","og_description":"Le r\u00e9cit des apparitions de Marie \u00e0 Bernadette Soubirous, du 11 f\u00e9vrier au 16 juillet 1858. Le 25 mars l'apparition se r\u00e9v\u00e8le \u00eatre \"l'Immacul\u00e9e Conception\".","og_url":"https:\/\/www.lourdes-france.com\/es\/las-apariciones\/","og_site_name":"Vivre le p\u00e8lerinage de Lourdes","article_modified_time":"2024-04-23T14:03:43+00:00","og_image":[{"width":2362,"height":1507,"url":"https:\/\/www.lourdes-france.com\/wp-content\/uploads\/2021\/11\/grotte-apparition_mise-en-avant-1.jpg","type":"image\/jpeg"}],"twitter_card":"summary_large_image","twitter_misc":{"Tiempo de lectura":"1 minuto"},"schema":{"@context":"https:\/\/schema.org","@graph":[{"@type":"WebPage","@id":"https:\/\/www.lourdes-france.com\/es\/las-apariciones\/","url":"https:\/\/www.lourdes-france.com\/es\/las-apariciones\/","name":"Les Apparitions de Lourdes - Vivre le p\u00e8lerinage de Lourdes","isPartOf":{"@id":"https:\/\/www.lourdes-france.com\/es\/#website"},"primaryImageOfPage":{"@id":"https:\/\/www.lourdes-france.com\/es\/las-apariciones\/#primaryimage"},"image":{"@id":"https:\/\/www.lourdes-france.com\/es\/las-apariciones\/#primaryimage"},"thumbnailUrl":"https:\/\/www.lourdes-france.com\/wp-content\/uploads\/2021\/11\/grotte-apparition_mise-en-avant-1.jpg","datePublished":"2021-11-12T13:41:13+00:00","dateModified":"2024-04-23T14:03:43+00:00","description":"Le r\u00e9cit des apparitions de Marie \u00e0 Bernadette Soubirous, du 11 f\u00e9vrier au 16 juillet 1858. Le 25 mars l'apparition se r\u00e9v\u00e8le \u00eatre \"l'Immacul\u00e9e Conception\".","breadcrumb":{"@id":"https:\/\/www.lourdes-france.com\/es\/las-apariciones\/#breadcrumb"},"inLanguage":"es","potentialAction":[{"@type":"ReadAction","target":["https:\/\/www.lourdes-france.com\/es\/las-apariciones\/"]}]},{"@type":"ImageObject","inLanguage":"es","@id":"https:\/\/www.lourdes-france.com\/es\/las-apariciones\/#primaryimage","url":"https:\/\/www.lourdes-france.com\/wp-content\/uploads\/2021\/11\/grotte-apparition_mise-en-avant-1.jpg","contentUrl":"https:\/\/www.lourdes-france.com\/wp-content\/uploads\/2021\/11\/grotte-apparition_mise-en-avant-1.jpg","width":2362,"height":1507},{"@type":"BreadcrumbList","@id":"https:\/\/www.lourdes-france.com\/es\/las-apariciones\/#breadcrumb","itemListElement":[{"@type":"ListItem","position":1,"name":"Accueil","item":"https:\/\/www.lourdes-france.com\/es\/"},{"@type":"ListItem","position":2,"name":"Las apariciones"}]},{"@type":"WebSite","@id":"https:\/\/www.lourdes-france.com\/es\/#website","url":"https:\/\/www.lourdes-france.com\/es\/","name":"Sanctuaire Notre-Dame de Lourdes","description":"","publisher":{"@id":"https:\/\/www.lourdes-france.com\/es\/#organization"},"potentialAction":[{"@type":"SearchAction","target":{"@type":"EntryPoint","urlTemplate":"https:\/\/www.lourdes-france.com\/es\/?s={search_term_string}"},"query-input":{"@type":"PropertyValueSpecification","valueRequired":true,"valueName":"search_term_string"}}],"inLanguage":"es"},{"@type":"Organization","@id":"https:\/\/www.lourdes-france.com\/es\/#organization","name":"Sanctuaire Notre-Dame de Lourdes","url":"https:\/\/www.lourdes-france.com\/es\/","logo":{"@type":"ImageObject","inLanguage":"es","@id":"https:\/\/www.lourdes-france.com\/es\/#\/schema\/logo\/image\/","url":"https:\/\/www.lourdes-france.com\/wp-content\/uploads\/2021\/11\/logo-small.png","contentUrl":"https:\/\/www.lourdes-france.com\/wp-content\/uploads\/2021\/11\/logo-small.png","width":834,"height":521,"caption":"Sanctuaire Notre-Dame de Lourdes"},"image":{"@id":"https:\/\/www.lourdes-france.com\/es\/#\/schema\/logo\/image\/"}}]}},"_links":{"self":[{"href":"https:\/\/www.lourdes-france.com\/es\/wp-json\/wp\/v2\/pages\/781903","targetHints":{"allow":["GET"]}}],"collection":[{"href":"https:\/\/www.lourdes-france.com\/es\/wp-json\/wp\/v2\/pages"}],"about":[{"href":"https:\/\/www.lourdes-france.com\/es\/wp-json\/wp\/v2\/types\/page"}],"author":[{"embeddable":true,"href":"https:\/\/www.lourdes-france.com\/es\/wp-json\/wp\/v2\/users\/2"}],"replies":[{"embeddable":true,"href":"https:\/\/www.lourdes-france.com\/es\/wp-json\/wp\/v2\/comments?post=781903"}],"version-history":[{"count":0,"href":"https:\/\/www.lourdes-france.com\/es\/wp-json\/wp\/v2\/pages\/781903\/revisions"}],"wp:featuredmedia":[{"embeddable":true,"href":"https:\/\/www.lourdes-france.com\/es\/wp-json\/wp\/v2\/media\/3355"}],"wp:attachment":[{"href":"https:\/\/www.lourdes-france.com\/es\/wp-json\/wp\/v2\/media?parent=781903"}],"curies":[{"name":"wp","href":"https:\/\/api.w.org\/{rel}","templated":true}]}}