{"id":781896,"date":"2021-09-01T15:14:00","date_gmt":"2021-09-01T13:14:00","guid":{"rendered":"https:\/\/www.lourdes-france.com\/je-suis-limmaculee-conception\/"},"modified":"2026-03-03T11:54:35","modified_gmt":"2026-03-03T10:54:35","slug":"el-mensaje-de-lourdes","status":"publish","type":"page","link":"https:\/\/www.lourdes-france.com\/es\/el-mensaje-de-lourdes\/","title":{"rendered":"El mensaje de Lourdes"},"content":{"rendered":"\t\t<div data-elementor-type=\"wp-page\" data-elementor-id=\"781896\" class=\"elementor elementor-781896 elementor-2933\" data-elementor-post-type=\"page\">\n\t\t\t\t\t\t<section class=\"elementor-section elementor-top-section elementor-element elementor-element-1c1911d elementor-section-full_width elementor-section-stretched elementor-section-height-default elementor-section-height-default\" data-id=\"1c1911d\" data-element_type=\"section\" data-settings=\"{&quot;stretch_section&quot;:&quot;section-stretched&quot;,&quot;background_background&quot;:&quot;classic&quot;}\">\n\t\t\t\t\t\t\t<div class=\"elementor-background-overlay\"><\/div>\n\t\t\t\t\t\t\t<div class=\"elementor-container elementor-column-gap-default\">\n\t\t\t\t\t<div class=\"elementor-column elementor-col-100 elementor-top-column elementor-element elementor-element-0ec9622\" data-id=\"0ec9622\" data-element_type=\"column\">\n\t\t\t<div class=\"elementor-widget-wrap elementor-element-populated\">\n\t\t\t\t\t\t<div class=\"elementor-element elementor-element-6747fc3 elementor-widget elementor-widget-heading\" data-id=\"6747fc3\" data-element_type=\"widget\" data-widget_type=\"heading.default\">\n\t\t\t\t<div class=\"elementor-widget-container\">\n\t\t\t\t\t<h2 class=\"elementor-heading-title elementor-size-default\">El mensaje de Lourdes<\/h2>\t\t\t\t<\/div>\n\t\t\t\t<\/div>\n\t\t\t\t\t<\/div>\n\t\t<\/div>\n\t\t\t\t\t<\/div>\n\t\t<\/section>\n\t\t\t\t<section class=\"elementor-section elementor-top-section elementor-element elementor-element-0947ef2 elementor-section-boxed elementor-section-height-default elementor-section-height-default\" data-id=\"0947ef2\" data-element_type=\"section\">\n\t\t\t\t\t\t<div class=\"elementor-container elementor-column-gap-default\">\n\t\t\t\t\t<div class=\"elementor-column elementor-col-100 elementor-top-column elementor-element elementor-element-78cb3a1\" data-id=\"78cb3a1\" data-element_type=\"column\">\n\t\t\t<div class=\"elementor-widget-wrap elementor-element-populated\">\n\t\t\t\t\t\t<div class=\"elementor-element elementor-element-15c2919 elementor-widget elementor-widget-spacer\" data-id=\"15c2919\" data-element_type=\"widget\" data-widget_type=\"spacer.default\">\n\t\t\t\t<div class=\"elementor-widget-container\">\n\t\t\t\t\t\t\t<div class=\"elementor-spacer\">\n\t\t\t<div class=\"elementor-spacer-inner\"><\/div>\n\t\t<\/div>\n\t\t\t\t\t\t<\/div>\n\t\t\t\t<\/div>\n\t\t\t\t<div class=\"elementor-element elementor-element-8062456 elementor-skin-carousel elementor-widget elementor-widget-media-carousel\" data-id=\"8062456\" data-element_type=\"widget\" data-settings=\"{&quot;space_between&quot;:{&quot;unit&quot;:&quot;px&quot;,&quot;size&quot;:20,&quot;sizes&quot;:[]},&quot;skin&quot;:&quot;carousel&quot;,&quot;effect&quot;:&quot;slide&quot;,&quot;speed&quot;:500,&quot;space_between_tablet&quot;:{&quot;unit&quot;:&quot;px&quot;,&quot;size&quot;:10,&quot;sizes&quot;:[]},&quot;space_between_mobile&quot;:{&quot;unit&quot;:&quot;px&quot;,&quot;size&quot;:10,&quot;sizes&quot;:[]}}\" data-widget_type=\"media-carousel.default\">\n\t\t\t\t<div class=\"elementor-widget-container\">\n\t\t\t\t\t\t\t\t\t<div class=\"elementor-swiper\">\n\t\t\t\t\t<div class=\"elementor-main-swiper swiper\" role=\"region\" aria-roledescription=\"carousel\" aria-label=\"Diapositives\">\n\t\t\t\t<div class=\"swiper-wrapper\">\n\t\t\t\t\t\t\t\t\t\t\t<div class=\"swiper-slide\" role=\"group\" aria-roledescription=\"slide\">\n\t\t\t\t\t\t\t<a href=\"https:\/\/www.lourdes-france.com\/es\/las-apariciones\/\">\t\t<div class=\"elementor-carousel-image\" role=\"img\" aria-label=\"Las apariciones\" style=\"background-image: url(&#039;https:\/\/www.lourdes-france.com\/wp-content\/uploads\/2021\/11\/grotte-apparitions-ok.jpg&#039;)\">\n\n\t\t\t\n\t\t\t\t\t<\/div>\n\t\t\t\t\t<div class=\"elementor-carousel-image-overlay e-overlay-animation-fade\">\n\t\t\t\tLas apariciones\t\t\t<\/div>\n\t\t\t<\/a>\t\t\t\t\t\t<\/div>\n\t\t\t\t\t\t\t\t\t\t\t<div class=\"swiper-slide\" role=\"group\" aria-roledescription=\"slide\">\n\t\t\t\t\t\t\t<a href=\"https:\/\/www.lourdes-france.com\/es\/reconocimiento-oficial-de-las-apariciones-de-lourdes\/\">\t\t<div class=\"elementor-carousel-image\" role=\"img\" aria-label=\"Reconocimiento de las apariciones\" style=\"background-image: url(&#039;https:\/\/www.lourdes-france.com\/wp-content\/uploads\/2021\/11\/Mandement.jpg&#039;)\">\n\n\t\t\t\n\t\t\t\t\t<\/div>\n\t\t\t\t\t<div class=\"elementor-carousel-image-overlay e-overlay-animation-fade\">\n\t\t\t\tReconocimiento de las apariciones\t\t\t<\/div>\n\t\t\t<\/a>\t\t\t\t\t\t<\/div>\n\t\t\t\t\t\t\t\t\t\t\t<div class=\"swiper-slide\" role=\"group\" aria-roledescription=\"slide\">\n\t\t\t\t\t\t\t<a href=\"https:\/\/www.lourdes-france.com\/es\/bernardita-soubirous\/\">\t\t<div class=\"elementor-carousel-image\" role=\"img\" aria-label=\"Siguiendo los \u00abPasos de Bernardita\u00bb\" style=\"background-image: url(&#039;https:\/\/www.lourdes-france.com\/wp-content\/uploads\/2021\/09\/vignette_Bernadette_500x333_img.jpg&#039;)\">\n\n\t\t\t\n\t\t\t\t\t<\/div>\n\t\t\t\t\t<div class=\"elementor-carousel-image-overlay e-overlay-animation-fade\">\n\t\t\t\tSiguiendo los \u00abPasos de Bernardita\u00bb\t\t\t<\/div>\n\t\t\t<\/a>\t\t\t\t\t\t<\/div>\n\t\t\t\t\t\t\t\t\t<\/div>\n\t\t\t\t\t\t\t\t\t\t\t\t\t\t\t\t\t\t\t\t\t<\/div>\n\t\t\t\t<\/div>\n\t\t\t\t\t\t\t\t<\/div>\n\t\t\t\t<\/div>\n\t\t\t\t<div class=\"elementor-element elementor-element-b7415f0 elementor-widget elementor-widget-spacer\" data-id=\"b7415f0\" data-element_type=\"widget\" data-widget_type=\"spacer.default\">\n\t\t\t\t<div class=\"elementor-widget-container\">\n\t\t\t\t\t\t\t<div class=\"elementor-spacer\">\n\t\t\t<div class=\"elementor-spacer-inner\"><\/div>\n\t\t<\/div>\n\t\t\t\t\t\t<\/div>\n\t\t\t\t<\/div>\n\t\t\t\t<div class=\"elementor-element elementor-element-7b3380a elementor-widget elementor-widget-text-editor\" data-id=\"7b3380a\" data-element_type=\"widget\" data-widget_type=\"text-editor.default\">\n\t\t\t\t<div class=\"elementor-widget-container\">\n\t\t\t\t\t\t\t\t\t<h3 style=\"text-align: left;\">El 18 de febrero de 1858: palabras extraordinarias<\/h3><p>Durante la tercera aparici\u00f3n, el 18 de febrero, la Virgen habla por primera vez: \u201cLo que tengo que decirle no es necesario ponerlo por escrito\u00bb. Esto quiere decir que Mar\u00eda quiere entrar en relaci\u00f3n con Bernardita, una relaci\u00f3n de amor, que se sit\u00faa a nivel del coraz\u00f3n. Bernardita es invitada de entrada a abrir la inmensidad de su coraz\u00f3n a ese mensaje de amor. A la segunda palabra de la Virgen: \u201c\u00bfQuiere hacerme el favor de venir aqu\u00ed durante quince d\u00edas?\u201d, Bernardita se queda sin habla. Es la primera vez que alguien la trata de \u201custed\u201d. Bernardita, al sentirse respetada y amada, hace la experiencia de ser ella misma una persona. Todos somos dignos ante Dios. Porque cada uno es amado por Dios. La tercera palabra de la Virgen: \u201cNo le prometo hacerle feliz en este mundo, sino en el otro\u201d. Cuando Jes\u00fas en el Evangelio nos invita a descubrir el Reino de los Cielos, nos invita a descubrir, en el mundo tal y como es, \u201cotro mundo\u201d. All\u00ed donde hay Amor, Dios est\u00e1 presente.<\/p><div class=\"elementor-element elementor-element-26e8855b elementor-widget elementor-widget-text-editor\" data-id=\"26e8855b\" data-element_type=\"widget\" data-widget_type=\"text-editor.default\"><div class=\"elementor-widget-container\"><div class=\"elementor-text-editor elementor-clearfix\"><h3 style=\"text-align: left;\">Dios es Amor<\/h3><\/div><\/div><\/div><div class=\"elementor-element elementor-element-5c392925 elementor-widget elementor-widget-text-editor\" data-id=\"5c392925\" data-element_type=\"widget\" data-widget_type=\"text-editor.default\"><div class=\"elementor-widget-container\"><div class=\"elementor-text-editor elementor-clearfix\"><p>A pesar de su miseria, enfermedad e incultura, Bernardita siempre ha sido profundamente feliz. Es eso el Reino de Dios, el mundo del verdadero Amor. Durante las siete primeras apariciones de Mar\u00eda, Bernardita mostr\u00f3 un rostro radiante de alegr\u00eda, felicidad y luz. Pero entre la octava y la duod\u00e9cima aparici\u00f3n todo cambia: el rostro de Bernardita se vuelve duro, triste, doloroso y sobre todo hace gestos incomprensibles\u2026 Andar de rodillas hasta el fondo de la Gruta; besar el suelo sucio y asqueroso de esta Gruta; comer hierbas amargas; rascar el suelo e intentar beber agua fangosa; ensuciarse la cara con barro. Despu\u00e9s Bernardita mira a la gente, todos dicen \u201c\u00a1Est\u00e1 loca!\u201d Durante cuatro apariciones Bernardita repiti\u00f3 los mismos gestos. \u00bfQu\u00e9 significa todo eso? \u00a1Nadie entendi\u00f3 lo que era! Sin embargo nos encontramos en el coraz\u00f3n del \u201cMensaje de Lourdes\u201d.<\/p><\/div><\/div><\/div><div class=\"elementor-element elementor-element-325a0cd3 elementor-widget elementor-widget-text-editor\" data-id=\"325a0cd3\" data-element_type=\"widget\" data-widget_type=\"text-editor.default\"><div class=\"elementor-widget-container\"><div class=\"elementor-text-editor elementor-clearfix\"><h2>\u00a0<\/h2><h3 style=\"text-align: left;\">El sentido biblico de las aparici\u00f3nes<\/h3><\/div><\/div><\/div><div class=\"elementor-element elementor-element-494809d8 elementor-widget elementor-widget-text-editor\" data-id=\"494809d8\" data-element_type=\"widget\" data-widget_type=\"text-editor.default\"><div class=\"elementor-widget-container\"><div class=\"elementor-text-editor elementor-clearfix\"><p>Los gestos de Bernardita son gestos b\u00edblicos. Bernardita va a expresar la Encarnaci\u00f3n, Pasi\u00f3n y Muerte de Jesucristo. Andar de rodillas hasta el fondo de la Gruta: es el gesto de la Encarnaci\u00f3n, la sumisi\u00f3n de Dios hecho hombre. Comer hierbas amargas recuerda a la tradici\u00f3n jud\u00eda que se encuentra en los textos antiguos. Ensuciarse la cara: el profeta Isa\u00edas, cuando habla del Cristo, le muestra bajo los rasgos de un Siervo que sufre.<\/p><\/div><\/div><\/div><div class=\"elementor-element elementor-element-79837854 elementor-widget elementor-widget-text-editor\" data-id=\"79837854\" data-element_type=\"widget\" data-widget_type=\"text-editor.default\"><div class=\"elementor-widget-container\"><div class=\"elementor-text-editor elementor-clearfix\"><h2>\u00a0<\/h2><h3 style=\"text-align: left;\">La Gruta oculta un tesoro incomensurable<\/h3><\/div><\/div><\/div><div class=\"elementor-element elementor-element-e6c037a elementor-widget elementor-widget-text-editor\" data-id=\"e6c037a\" data-element_type=\"widget\" data-widget_type=\"text-editor.default\"><div class=\"elementor-widget-container\"><div class=\"elementor-text-editor elementor-clearfix\"><p>En la novena aparici\u00f3n, \u201cla Dama\u201d pidi\u00f3 a Bernardita que fuera a rascar el suelo, dici\u00e9ndola: \u201cVaya a beber y a lavarse en la fuente\u201d. Con esos gestos se nos desvela el misterio mismo del coraz\u00f3n de Cristo: \u201cUn soldado, con la lanza, le traspas\u00f3 el costado y, al punto, brot\u00f3 sangre y agua\u201d. El coraz\u00f3n del hombre, herido por el pecado, est\u00e1 significado en las hierbas y el barro: Pero en el fondo del coraz\u00f3n est\u00e1 la vida misma de Dios, representada en la fuente. Le preguntaron a Bernardita si la Se\u00f1ora le hab\u00eda hablado, si le hab\u00eda dicho algo y ella respondi\u00f3: \u00abS\u00ed, la Se\u00f1ora repet\u00eda: Penitencia, penitencia, penitencia. Rece por los pecadores\u00bb. Recordemos que \u00abPenitencia\u00bb significa \u00abConversi\u00f3n\u00bb. Para la Iglesia la conversi\u00f3n consiste, como Jesucristo lo ense\u00f1a, en volver nuestro coraz\u00f3n a Dios y a los hermanos.<\/p><p>En la decimotercera Aparici\u00f3n, Mar\u00eda dice Bernardita: \u00abVaya a decir a los sacerdotes que se construya aqu\u00ed una capilla y que se venga en procesi\u00f3n\u00bb. \u201cVenir en procesi\u00f3n\u201d, significa caminar en esta vida, junto a nuestros hermanos. \u201cConstruir una capilla\u201d. En Lourdes, se han construido capillas, para acoger a la muchedumbre de peregrinos. La \u00abcapilla\u00bb, es la \u00abIglesia\u00bb que debemos construir, all\u00ed donde estamos.<\/p><\/div><\/div><\/div><div class=\"elementor-element elementor-element-ed0aa28 elementor-widget elementor-widget-text-editor\" data-id=\"ed0aa28\" data-element_type=\"widget\" data-widget_type=\"text-editor.default\"><div class=\"elementor-widget-container\"><div class=\"elementor-text-editor elementor-clearfix\"><h2>\u00a0<\/h2><h3 style=\"text-align: left;\">La Se\u00f1ora dijo su nombre: \u00abQue soy era Immaculada Counceptiou\u00bb<\/h3><\/div><\/div><\/div><div class=\"elementor-element elementor-element-576be545 elementor-widget elementor-widget-text-editor\" data-id=\"576be545\" data-element_type=\"widget\" data-widget_type=\"text-editor.default\"><div class=\"elementor-widget-container\"><div class=\"elementor-text-editor elementor-clearfix\"><p>El 25 de marzo de 1858, d\u00eda de la decimosexta Aparici\u00f3n, Bernardita pide a la \u00abSe\u00f1ora\u00bb que le diga su nombre. La \u00abSe\u00f1ora\u00bb le responde en bigurd\u00e1n: \u00abQue soy era Immaculada Councepciou\u00bb, lo que quiere decir: \u00abYo soy la Inmaculada Concepci\u00f3n\u00bb. La Inmaculada Concepci\u00f3n es \u201cMar\u00eda concebida sin pecado, por los m\u00e9ritos de Cristo en la Cruz\u201d (definici\u00f3n del dogma promulgado en 1854). Bernardita corri\u00f3 enseguida junto al P. Peyramale, para comunicarle el nombre de la \u00abSe\u00f1ora\u00bb. El entendi\u00f3 que es la Madre de Dios la que se aparece en la Gruta de Massabielle. M\u00e1s tarde, el obispo de Tarbes, Monse\u00f1or Laurence, lo declarar\u00e1 solemnemente.<\/p><\/div><div class=\"elementor-element elementor-element-ed0aa28 elementor-widget elementor-widget-text-editor\" data-id=\"ed0aa28\" data-element_type=\"widget\" data-widget_type=\"text-editor.default\"><div class=\"elementor-widget-container\"><div class=\"elementor-text-editor elementor-clearfix\"><h3>Todos estamos llamados a ser inmaculados<\/h3><\/div><\/div><\/div><div class=\"elementor-element elementor-element-576be545 elementor-widget elementor-widget-text-editor\" data-id=\"576be545\" data-element_type=\"widget\" data-widget_type=\"text-editor.default\"><div class=\"elementor-widget-container\"><div class=\"elementor-text-editor elementor-clearfix\"><p>La firma del mensaje \u2013 cuando la Se\u00f1ora dice su nombre \u2013 viene dada despu\u00e9s de tres semanas de apariciones y tres semanas de silencio (del 4 al 25 de marzo). El 25 de marzo es el d\u00eda de la Anunciaci\u00f3n, de la \u201cconcepci\u00f3n\u201d de Jes\u00fas en el seno de Mar\u00eda. La Se\u00f1ora de la Gruta dice su vocaci\u00f3n: ella es la Madre de Jes\u00fas, todo su ser es concebir al Hijo de Dios, ella es toda para \u00c9l. Para ello es Inmaculada, habitada por Dios. As\u00ed, la Iglesia y todos los cristianos tienen que dejarse habitar por Dios para ser inmaculados, perdonados e indultados de manera a ser, ellos tambi\u00e9n, testigos de Dios.<\/p><\/div><\/div><\/div><\/div><\/div>\t\t\t\t\t\t\t\t<\/div>\n\t\t\t\t<\/div>\n\t\t\t\t\t<\/div>\n\t\t<\/div>\n\t\t\t\t\t<\/div>\n\t\t<\/section>\n\t\t\t\t<\/div>\n\t\t","protected":false},"excerpt":{"rendered":"<p>El mensaje de Lourdes Las apariciones Reconocimiento de las apariciones Siguiendo los \u00abPasos de Bernardita\u00bb El 18 de febrero de 1858: palabras extraordinarias Durante la tercera aparici\u00f3n, el 18 de febrero, la Virgen habla por primera vez: \u201cLo que tengo &hellip; <a href=\"https:\/\/www.lourdes-france.com\/es\/el-mensaje-de-lourdes\/\">Continuar<\/a><\/p>\n","protected":false},"author":1,"featured_media":0,"parent":0,"menu_order":0,"comment_status":"closed","ping_status":"closed","template":"","meta":{"_acf_changed":false,"footnotes":""},"class_list":["post-781896","page","type-page","status-publish","hentry"],"acf":[],"yoast_head":"<!-- This site is optimized with the Yoast SEO Premium plugin v24.0 (Yoast SEO v26.3) - https:\/\/yoast.com\/wordpress\/plugins\/seo\/ -->\n<title>El mensaje de Lourdes - Vivre le p\u00e8lerinage de Lourdes<\/title>\n<meta name=\"description\" content=\"El mensaje de Lourdes es lo que Mar\u00eda quiso comunicar a Bernadette. Bernadette fue invitada a abrir su coraz\u00f3n a este mensaje de Amor.\" \/>\n<meta name=\"robots\" content=\"index, follow, max-snippet:-1, max-image-preview:large, max-video-preview:-1\" \/>\n<link rel=\"canonical\" href=\"https:\/\/www.lourdes-france.com\/es\/el-mensaje-de-lourdes\/\" \/>\n<meta property=\"og:locale\" content=\"es_ES\" \/>\n<meta property=\"og:type\" content=\"article\" \/>\n<meta property=\"og:title\" content=\"El mensaje de Lourdes\" \/>\n<meta property=\"og:description\" content=\"El mensaje de Lourdes es lo que Mar\u00eda quiso comunicar a Bernadette. Bernadette fue invitada a abrir su coraz\u00f3n a este mensaje de Amor.\" \/>\n<meta property=\"og:url\" content=\"https:\/\/www.lourdes-france.com\/es\/el-mensaje-de-lourdes\/\" \/>\n<meta property=\"og:site_name\" content=\"Vivre le p\u00e8lerinage de Lourdes\" \/>\n<meta property=\"article:modified_time\" content=\"2026-03-03T10:54:35+00:00\" \/>\n<meta name=\"twitter:card\" content=\"summary_large_image\" \/>\n<meta name=\"twitter:label1\" content=\"Tiempo de lectura\" \/>\n\t<meta name=\"twitter:data1\" content=\"8 minutos\" \/>\n<script type=\"application\/ld+json\" class=\"yoast-schema-graph\">{\"@context\":\"https:\/\/schema.org\",\"@graph\":[{\"@type\":\"WebPage\",\"@id\":\"https:\/\/www.lourdes-france.com\/es\/el-mensaje-de-lourdes\/\",\"url\":\"https:\/\/www.lourdes-france.com\/es\/el-mensaje-de-lourdes\/\",\"name\":\"El mensaje de Lourdes - Vivre le p\u00e8lerinage de Lourdes\",\"isPartOf\":{\"@id\":\"https:\/\/www.lourdes-france.com\/es\/#website\"},\"datePublished\":\"2021-09-01T13:14:00+00:00\",\"dateModified\":\"2026-03-03T10:54:35+00:00\",\"description\":\"El mensaje de Lourdes es lo que Mar\u00eda quiso comunicar a Bernadette. Bernadette fue invitada a abrir su coraz\u00f3n a este mensaje de Amor.\",\"breadcrumb\":{\"@id\":\"https:\/\/www.lourdes-france.com\/es\/el-mensaje-de-lourdes\/#breadcrumb\"},\"inLanguage\":\"es\",\"potentialAction\":[{\"@type\":\"ReadAction\",\"target\":[\"https:\/\/www.lourdes-france.com\/es\/el-mensaje-de-lourdes\/\"]}]},{\"@type\":\"BreadcrumbList\",\"@id\":\"https:\/\/www.lourdes-france.com\/es\/el-mensaje-de-lourdes\/#breadcrumb\",\"itemListElement\":[{\"@type\":\"ListItem\",\"position\":1,\"name\":\"Accueil\",\"item\":\"https:\/\/www.lourdes-france.com\/es\/\"},{\"@type\":\"ListItem\",\"position\":2,\"name\":\"El mensaje de Lourdes\"}]},{\"@type\":\"WebSite\",\"@id\":\"https:\/\/www.lourdes-france.com\/es\/#website\",\"url\":\"https:\/\/www.lourdes-france.com\/es\/\",\"name\":\"Sanctuaire Notre-Dame de Lourdes\",\"description\":\"\",\"publisher\":{\"@id\":\"https:\/\/www.lourdes-france.com\/es\/#organization\"},\"potentialAction\":[{\"@type\":\"SearchAction\",\"target\":{\"@type\":\"EntryPoint\",\"urlTemplate\":\"https:\/\/www.lourdes-france.com\/es\/?s={search_term_string}\"},\"query-input\":{\"@type\":\"PropertyValueSpecification\",\"valueRequired\":true,\"valueName\":\"search_term_string\"}}],\"inLanguage\":\"es\"},{\"@type\":\"Organization\",\"@id\":\"https:\/\/www.lourdes-france.com\/es\/#organization\",\"name\":\"Sanctuaire Notre-Dame de Lourdes\",\"url\":\"https:\/\/www.lourdes-france.com\/es\/\",\"logo\":{\"@type\":\"ImageObject\",\"inLanguage\":\"es\",\"@id\":\"https:\/\/www.lourdes-france.com\/es\/#\/schema\/logo\/image\/\",\"url\":\"https:\/\/www.lourdes-france.com\/wp-content\/uploads\/2021\/11\/logo-small.png\",\"contentUrl\":\"https:\/\/www.lourdes-france.com\/wp-content\/uploads\/2021\/11\/logo-small.png\",\"width\":834,\"height\":521,\"caption\":\"Sanctuaire Notre-Dame de Lourdes\"},\"image\":{\"@id\":\"https:\/\/www.lourdes-france.com\/es\/#\/schema\/logo\/image\/\"}}]}<\/script>\n<!-- \/ Yoast SEO Premium plugin. -->","yoast_head_json":{"title":"El mensaje de Lourdes - Vivre le p\u00e8lerinage de Lourdes","description":"El mensaje de Lourdes es lo que Mar\u00eda quiso comunicar a Bernadette. Bernadette fue invitada a abrir su coraz\u00f3n a este mensaje de Amor.","robots":{"index":"index","follow":"follow","max-snippet":"max-snippet:-1","max-image-preview":"max-image-preview:large","max-video-preview":"max-video-preview:-1"},"canonical":"https:\/\/www.lourdes-france.com\/es\/el-mensaje-de-lourdes\/","og_locale":"es_ES","og_type":"article","og_title":"El mensaje de Lourdes","og_description":"El mensaje de Lourdes es lo que Mar\u00eda quiso comunicar a Bernadette. Bernadette fue invitada a abrir su coraz\u00f3n a este mensaje de Amor.","og_url":"https:\/\/www.lourdes-france.com\/es\/el-mensaje-de-lourdes\/","og_site_name":"Vivre le p\u00e8lerinage de Lourdes","article_modified_time":"2026-03-03T10:54:35+00:00","twitter_card":"summary_large_image","twitter_misc":{"Tiempo de lectura":"8 minutos"},"schema":{"@context":"https:\/\/schema.org","@graph":[{"@type":"WebPage","@id":"https:\/\/www.lourdes-france.com\/es\/el-mensaje-de-lourdes\/","url":"https:\/\/www.lourdes-france.com\/es\/el-mensaje-de-lourdes\/","name":"El mensaje de Lourdes - Vivre le p\u00e8lerinage de Lourdes","isPartOf":{"@id":"https:\/\/www.lourdes-france.com\/es\/#website"},"datePublished":"2021-09-01T13:14:00+00:00","dateModified":"2026-03-03T10:54:35+00:00","description":"El mensaje de Lourdes es lo que Mar\u00eda quiso comunicar a Bernadette. Bernadette fue invitada a abrir su coraz\u00f3n a este mensaje de Amor.","breadcrumb":{"@id":"https:\/\/www.lourdes-france.com\/es\/el-mensaje-de-lourdes\/#breadcrumb"},"inLanguage":"es","potentialAction":[{"@type":"ReadAction","target":["https:\/\/www.lourdes-france.com\/es\/el-mensaje-de-lourdes\/"]}]},{"@type":"BreadcrumbList","@id":"https:\/\/www.lourdes-france.com\/es\/el-mensaje-de-lourdes\/#breadcrumb","itemListElement":[{"@type":"ListItem","position":1,"name":"Accueil","item":"https:\/\/www.lourdes-france.com\/es\/"},{"@type":"ListItem","position":2,"name":"El mensaje de Lourdes"}]},{"@type":"WebSite","@id":"https:\/\/www.lourdes-france.com\/es\/#website","url":"https:\/\/www.lourdes-france.com\/es\/","name":"Sanctuaire Notre-Dame de Lourdes","description":"","publisher":{"@id":"https:\/\/www.lourdes-france.com\/es\/#organization"},"potentialAction":[{"@type":"SearchAction","target":{"@type":"EntryPoint","urlTemplate":"https:\/\/www.lourdes-france.com\/es\/?s={search_term_string}"},"query-input":{"@type":"PropertyValueSpecification","valueRequired":true,"valueName":"search_term_string"}}],"inLanguage":"es"},{"@type":"Organization","@id":"https:\/\/www.lourdes-france.com\/es\/#organization","name":"Sanctuaire Notre-Dame de Lourdes","url":"https:\/\/www.lourdes-france.com\/es\/","logo":{"@type":"ImageObject","inLanguage":"es","@id":"https:\/\/www.lourdes-france.com\/es\/#\/schema\/logo\/image\/","url":"https:\/\/www.lourdes-france.com\/wp-content\/uploads\/2021\/11\/logo-small.png","contentUrl":"https:\/\/www.lourdes-france.com\/wp-content\/uploads\/2021\/11\/logo-small.png","width":834,"height":521,"caption":"Sanctuaire Notre-Dame de Lourdes"},"image":{"@id":"https:\/\/www.lourdes-france.com\/es\/#\/schema\/logo\/image\/"}}]}},"_links":{"self":[{"href":"https:\/\/www.lourdes-france.com\/es\/wp-json\/wp\/v2\/pages\/781896","targetHints":{"allow":["GET"]}}],"collection":[{"href":"https:\/\/www.lourdes-france.com\/es\/wp-json\/wp\/v2\/pages"}],"about":[{"href":"https:\/\/www.lourdes-france.com\/es\/wp-json\/wp\/v2\/types\/page"}],"author":[{"embeddable":true,"href":"https:\/\/www.lourdes-france.com\/es\/wp-json\/wp\/v2\/users\/1"}],"replies":[{"embeddable":true,"href":"https:\/\/www.lourdes-france.com\/es\/wp-json\/wp\/v2\/comments?post=781896"}],"version-history":[{"count":3,"href":"https:\/\/www.lourdes-france.com\/es\/wp-json\/wp\/v2\/pages\/781896\/revisions"}],"predecessor-version":[{"id":872912,"href":"https:\/\/www.lourdes-france.com\/es\/wp-json\/wp\/v2\/pages\/781896\/revisions\/872912"}],"wp:attachment":[{"href":"https:\/\/www.lourdes-france.com\/es\/wp-json\/wp\/v2\/media?parent=781896"}],"curies":[{"name":"wp","href":"https:\/\/api.w.org\/{rel}","templated":true}]}}