{"id":780994,"date":"2021-11-12T16:04:57","date_gmt":"2021-11-12T15:04:57","guid":{"rendered":"https:\/\/www.lourdes-france.com\/le-bureau-des-constations\/"},"modified":"2024-05-03T09:15:06","modified_gmt":"2024-05-03T07:15:06","slug":"the-medical-bureau-of-the-sanctuary","status":"publish","type":"page","link":"https:\/\/www.lourdes-france.com\/en\/the-medical-bureau-of-the-sanctuary\/","title":{"rendered":"The Medical Bureau of the Sanctuary"},"content":{"rendered":"\t\t<div data-elementor-type=\"wp-page\" data-elementor-id=\"780994\" class=\"elementor elementor-780994 elementor-3421\" data-elementor-post-type=\"page\">\n\t\t\t\t\t\t<section class=\"elementor-section elementor-top-section elementor-element elementor-element-a34166c elementor-section-boxed elementor-section-height-default elementor-section-height-default\" data-id=\"a34166c\" data-element_type=\"section\">\n\t\t\t\t\t\t<div class=\"elementor-container elementor-column-gap-default\">\n\t\t\t\t\t<div class=\"elementor-column elementor-col-100 elementor-top-column elementor-element elementor-element-23f4436\" data-id=\"23f4436\" data-element_type=\"column\">\n\t\t\t<div class=\"elementor-widget-wrap elementor-element-populated\">\n\t\t\t\t\t\t<div class=\"elementor-element elementor-element-d644322 elementor-widget elementor-widget-spacer\" data-id=\"d644322\" data-element_type=\"widget\" data-widget_type=\"spacer.default\">\n\t\t\t\t<div class=\"elementor-widget-container\">\n\t\t\t\t\t\t\t<div class=\"elementor-spacer\">\n\t\t\t<div class=\"elementor-spacer-inner\"><\/div>\n\t\t<\/div>\n\t\t\t\t\t\t<\/div>\n\t\t\t\t<\/div>\n\t\t\t\t<div class=\"elementor-element elementor-element-09f66a2 elementor-widget elementor-widget-text-editor\" data-id=\"09f66a2\" data-element_type=\"widget\" data-widget_type=\"text-editor.default\">\n\t\t\t\t<div class=\"elementor-widget-container\">\n\t\t\t\t\t\t\t\t\t<p><strong>CONTACT<\/strong><br \/><strong>Office of Medical Observations Sanctuary of Lourdes<\/strong><br \/>Sanctuary Our Lady of Lourdes<br \/>65108 Lourdes Cedex France<br \/>T\u00e9l. : + 00 33 (0)5 62 42 79 08<br \/><br \/><\/p>\t\t\t\t\t\t\t\t<\/div>\n\t\t\t\t<\/div>\n\t\t\t\t<div class=\"elementor-element elementor-element-cd54d9e elementor-widget elementor-widget-heading\" data-id=\"cd54d9e\" data-element_type=\"widget\" data-widget_type=\"heading.default\">\n\t\t\t\t<div class=\"elementor-widget-container\">\n\t\t\t\t\t<h3 class=\"elementor-heading-title elementor-size-default\">History<\/h3>\t\t\t\t<\/div>\n\t\t\t\t<\/div>\n\t\t\t\t<div class=\"elementor-element elementor-element-e4d2ad4 elementor-widget elementor-widget-text-editor\" data-id=\"e4d2ad4\" data-element_type=\"widget\" data-widget_type=\"text-editor.default\">\n\t\t\t\t<div class=\"elementor-widget-container\">\n\t\t\t\t\t\t\t\t\t<div class=\"entry-content\"><div class=\"elementor elementor-6067\" data-elementor-type=\"wp-post\" data-elementor-id=\"6067\" data-elementor-settings=\"[]\"><div class=\"elementor-inner\"><div class=\"elementor-section-wrap\"><section class=\"elementor-section elementor-top-section elementor-element elementor-element-55ba2ce4 elementor-section-boxed elementor-section-height-default elementor-section-height-default\" data-id=\"55ba2ce4\" data-element_type=\"section\"><div class=\"elementor-container elementor-column-gap-no\"><div class=\"elementor-row\"><div class=\"elementor-column elementor-col-100 elementor-top-column elementor-element elementor-element-d9345ca\" data-id=\"d9345ca\" data-element_type=\"column\"><div class=\"elementor-column-wrap elementor-element-populated\"><div class=\"elementor-widget-wrap\"><div class=\"elementor-element elementor-element-76cc49f1 elementor-widget elementor-widget-text-editor\" data-id=\"76cc49f1\" data-element_type=\"widget\" data-widget_type=\"text-editor.default\"><div class=\"elementor-widget-container\"><div class=\"elementor-text-editor elementor-clearfix\"><span class=\"parcours-listparcours\">At the time he signed his\u00a0<strong>Decree of 18 January 186<\/strong>2 with the decision concerning the Lourdes Apparitions,\u00a0<strong>Mgr Bertrand-S\u00e9v\u00e8re Laurence, Bishop of Tarbes<\/strong>, used three criteria to establish that the Immaculate Conception had actually appeared to Bernadette Soubirous:<\/span><ul><li>reliability of the seer<\/li><li>spiritual fruits<\/li><li>cures of the body.<\/li><\/ul><span class=\"parcours-listparcours\">On that same day (18 January 1862), he declared by Decree that seven cures, among the hundreds examined by Prof Henri Vergez, were \u201cmiraculous\u201d.<\/span><\/div><\/div><\/div><div class=\"elementor-element elementor-element-4ce31cb elementor-widget elementor-widget-text-editor\" data-id=\"4ce31cb\" data-element_type=\"widget\" data-widget_type=\"text-editor.default\"><div class=\"elementor-widget-container\"><div class=\"elementor-text-editor elementor-clearfix\"><p>At the request of Father R\u00e9mi Semp\u00e9, Father of Garaison, first Rector of the Sanctuary,<strong>\u00a0Dr Georges-Fernand Dunot de Saint-Maclou established the Bureau des Constatations M\u00e9dicales in 1883<\/strong>, so that no one, who thought he had been \u201ccured\u201d, would leave Lourdes without having submitted the story of his cure to a rigorous and collegiate medical assessment. In this way, he turned his consultation activity, which he had been performing occasionally every summer since 1879, into a permanent activity.<\/p><\/div><\/div><\/div><div class=\"elementor-element elementor-element-43514c2 elementor-widget elementor-widget-text-editor\" data-id=\"43514c2\" data-element_type=\"widget\" data-widget_type=\"text-editor.default\"><div class=\"elementor-widget-container\"><div class=\"elementor-text-editor elementor-clearfix\"><p>The letter by the Archbishop of Cagliari, Mgr Vincenzo Gregorio Berchialla, dated 3 September 1886 and forwarded from Rome to Dr Dunot de Saint-Maclou, relates the assent of Pope Leo XIII to the Bureau\u2019s rigorous procedures<span class=\"orange\"><sup>\u00a0(1)<\/sup><\/span>.<\/p><\/div><\/div><\/div><div class=\"elementor-element elementor-element-7daf3e0 elementor-widget elementor-widget-text-editor\" data-id=\"7daf3e0\" data-element_type=\"widget\" data-widget_type=\"text-editor.default\"><div class=\"elementor-widget-container\"><div class=\"elementor-text-editor elementor-clearfix\"><p>After Dr Dunot de Saint-Maclou\u2019s death in 1891, it was\u00a0<strong>the Bishop of Tarbes who appointed the new permanent doctor<\/strong>\u00a0and thus President of the Bureau des Constatations: Dr Gustave Boissarie (1892).<\/p><\/div><\/div><\/div><div class=\"elementor-element elementor-element-ca828db elementor-widget elementor-widget-text-editor\" data-id=\"ca828db\" data-element_type=\"widget\" data-widget_type=\"text-editor.default\"><div class=\"elementor-widget-container\"><div class=\"elementor-text-editor elementor-clearfix\"><p>In 1904, on the occasion of the celebrations for the 50th anniversary of the Dogma of the Immaculate Conception, Mgr Fran\u00e7ois-Xavier Schoepfer, Bishop of Tarbes, travelled to Rome with an official delegation including Dr Boissarie.<br \/>During their stay, different issues were discussed with the Holy See in view of the celebration of the 50th anniversary of the Apparitions.<\/p><\/div><\/div><\/div><div class=\"elementor-element elementor-element-9fe6c26 elementor-widget elementor-widget-text-editor\" data-id=\"9fe6c26\" data-element_type=\"widget\" data-widget_type=\"text-editor.default\"><div class=\"elementor-widget-container\"><div class=\"elementor-text-editor elementor-clearfix\"><p>One year later (<strong>1905<\/strong>), the Holy See confirmed to the Bishop of Tarbes \u2013 in his capacity as Guardian of the Grotto \u2013<strong>\u00a0the right to use the procedures of the Bureau des Constatations M\u00e9dicales to investigate any declared cures<\/strong>. This right is still valid today.<\/p><\/div><\/div><\/div><div class=\"elementor-element elementor-element-fb6de27 elementor-widget elementor-widget-text-editor\" data-id=\"fb6de27\" data-element_type=\"widget\" data-widget_type=\"text-editor.default\"><div class=\"elementor-widget-container\"><div class=\"elementor-text-editor elementor-clearfix\"><p class=\"intertitre\">The term \u201cBureau des Constatations M\u00e9dicales\u201d has two meanings.<\/p><ol><li class=\"intertitre\">In the first place, it means an office in the Sanctuary with permanent members, including a practising doctor who receives the declaration and starts a critical examination thereof. Italian-born Alessandro de Franciscis is the Bureau\u2019s 15th President. He assumed this office in 2009.<\/li><li>If the case appears to be serious, the physician convenes a \u201cBureau\u201d, i.e. a meeting for \u201cdiscussion of a clinical case\u201d; all doctors and healthcare workers present in Lourdes at that time can attend the meeting, regardless of their religious belief.<\/li><\/ol><\/div><\/div><\/div><div class=\"elementor-element elementor-element-2ec2431 elementor-widget elementor-widget-text-editor\" data-id=\"2ec2431\" data-element_type=\"widget\" data-widget_type=\"text-editor.default\"><div class=\"elementor-widget-container\"><div class=\"elementor-text-editor elementor-clearfix\"><p>Today, most of the doctors and healthcare professionals coming to Lourdes are members of the Association M\u00e9dicale Internationale de Notre-Dame de Lourdes. On 6 September 1925, the Journal de la Grotte, the official organ of the Pilgrimage and of the Bureau des Constatations M\u00e9dicales, announced the establishment of an \u201cAssociation M\u00e9dicale de Notre-Dame de Lourdes\u201d at the suggestion of the Bishop of Tarbes, Mgr Fran\u00e7ois-Xavier Sch\u0153pfer, and of Dr M. Petitpierre, interim President of the Bureau des Constatations M\u00e9dicales. With the acronym AML, \u201can Association has been established among all Catholic doctors participating in Pilgrimages to Lourdes or directly interested in the Lourdes cures. The goal of this Association is to strengthen the relations among all these colleagues and thus facilitate the investigation of the ethos of Lourdes. (\u2026) The existence of the Association will not produce any change in the way the Bureau des Constatations M\u00e9dicales operates, which will remain open to all doctors wishing to participate, whether Catholic or not\u201d<span class=\"orange\"><sup>\u00a0(2)<\/sup><\/span>.<\/p><\/div><\/div><\/div><div class=\"elementor-element elementor-element-dd9f09a elementor-widget elementor-widget-text-editor\" data-id=\"dd9f09a\" data-element_type=\"widget\" data-widget_type=\"text-editor.default\"><div class=\"elementor-widget-container\"><div class=\"elementor-text-editor elementor-clearfix\"><p>Dr Auguste Vallet, President of the Bureau from 1927 to 1947, \u201cshortly after his arrival took the initiative of \u2026 transforming the Association M\u00e9dicale de Notre-Dame de Lourdes into an international body: it thus became\u00a0<strong>the Association M\u00e9dicale Internationale de Lourdes \u2013 better known under the acronym A.M.I.L<\/strong>. \u2013 in order to keep in touch all doctors from all continents wishing to maintain a lasting relationship with Lourdes after their visit to the Sanctuary. This development was compulsory for a very simple reason: It was (and, no doubt, it is) necessary that the qualifications the candidates may show or have in view of their admission and their explicit will be clearly known.<br \/>The creation of the new institution immediately required putting in place a Bulletin, a quarterly organ, the first issue of which was published in February 1928 and the publication of which was basically never discontinued since\u201d<sup><span class=\"orange\">(3)<\/span><\/sup>.<\/p><\/div><\/div><\/div><div class=\"elementor-element elementor-element-84ad602 elementor-widget elementor-widget-text-editor\" data-id=\"84ad602\" data-element_type=\"widget\" data-widget_type=\"text-editor.default\"><div class=\"elementor-widget-container\"><div class=\"elementor-text-editor elementor-clearfix\"><p><strong>The AMIL comprises: APIL\u00a0<\/strong>(International Pharmacists\u2019 Association of Notre Dame de Lourdes, established in 1935), ADIL (International Dentists\u2019 Association of Notre Dame de Lourdes, established in 1991),\u00a0<strong>AILACS\u00a0<\/strong>(International Healthcare Workers Association of Notre Dame de Lourdes, established in 1993), and\u00a0<strong>AIIL\u00a0<\/strong>(International Nurses\u2019 Association of Notre Dame de Lourdes, established in 2014). The sitting President of the Bureau des Constatations M\u00e9dicales is also the President of the AMIL, the headquarters of which are located at the Bureau des Constatations M\u00e9dicales.<\/p><\/div><\/div><\/div><div class=\"elementor-element elementor-element-cb10198 elementor-widget elementor-widget-text-editor\" data-id=\"cb10198\" data-element_type=\"widget\" data-widget_type=\"text-editor.default\"><div class=\"elementor-widget-container\"><div class=\"elementor-text-editor elementor-clearfix\"><p>A Lourdes Medical Committee was set up in 1947 by Mgr Pierre-Marie Th\u00e9as, Bishop of Tarbes and Lourdes, and by Dr Fran\u00e7ois Leuret, President of the Bureau des Constatations, coopting doctors and professors with excellent reputation in their respective work areas. In 1954, the Bishop wanted this Committee to acquire an international dimension. The members of the International Medical Committee of Lourdes have the task of assessing and, as<strong>\u00a0may be the case, \u201ccertifying\u201d that the course of the cure, which has been declared \u201cunexplained\u201d\u00a0<\/strong>by the Bureau des Constatations M\u00e9dicales of Lourdes, is indeed \u201cunexplained\u201d on the basis of current medical knowledge\u201d<span class=\"orange\"><sup>\u00a0(4)<\/sup><\/span>.<\/p><\/div><\/div><\/div><div class=\"elementor-element elementor-element-771150c elementor-widget elementor-widget-text-editor\" data-id=\"771150c\" data-element_type=\"widget\" data-widget_type=\"text-editor.default\"><div class=\"elementor-widget-container\"><div class=\"elementor-text-editor elementor-clearfix\"><p><strong>The International Medical Committee of Lourdes (CMIL)<\/strong>\u00a0has about thirty members. At the moment, it is jointly presided by the Apostolic Delegate, Msgr Antoine H\u00e9rouard, and by one of its members, Prof Olivier Jonquet, appointed by the Bishop for a renewable mandate. The President of the Bureau des Constatations M\u00e9dicales is the Secretary of the Committee.<\/p><\/div><\/div><\/div><div class=\"elementor-element elementor-element-39b99f1 elementor-widget elementor-widget-text-editor\" data-id=\"39b99f1\" data-element_type=\"widget\" data-widget_type=\"text-editor.default\"><div class=\"elementor-widget-container\"><div class=\"elementor-text-editor elementor-clearfix\"><p><span class=\"orange\"><sup>(1)\u00a0<\/sup><\/span>Brustolon A.,\u00a0<em>Georges-Fernand Dunot de Saint-Maclou \u2013 Il Dottore della Grotta<\/em>\u00a0\u00a9 2014 Editrice Velar, Gorle (BG), pages 443-452<br \/><span class=\"orange\"><sup>(2)<\/sup><\/span>\u00a0\u00a0<em>Journal de la Grotte, Lourdes<\/em>, Sunday 6 September 1925, pages 1 and 3<br \/><span class=\"orange\"><sup>(3)<\/sup><\/span>\u00a0 Docteur Th\u00e9odore Mangiapan,\u00a0<em>Gu\u00e9risons de Lourdes \u2013 \u00c9tude historique et critique depuis l\u2019origine jusqu\u2019en 1990\u00a0<\/em>\u00a9 2010 NDL Editions, Lourdes, (Nouvelle Edition), page 194<br \/><span class=\"orange\"><sup>(4)<\/sup><\/span>\u00a0 Mgr Jacques Perrier,\u00a0<em>Expliquez-moi les Miracles<\/em>\u00a0\u00a9 2011 NDL Editions, Lourdes, page 70<\/p><\/div><\/div><\/div><\/div><\/div><\/div><\/div><\/div><\/section><\/div><\/div><\/div><\/div>\t\t\t\t\t\t\t\t<\/div>\n\t\t\t\t<\/div>\n\t\t\t\t\t<\/div>\n\t\t<\/div>\n\t\t\t\t\t<\/div>\n\t\t<\/section>\n\t\t\t\t<\/div>\n\t\t","protected":false},"excerpt":{"rendered":"<p>CONTACTOffice of Medical Observations Sanctuary of LourdesSanctuary Our Lady of Lourdes65108 Lourdes Cedex FranceT\u00e9l. : + 00 33 (0)5 62 42 79 08 History At the time he signed his\u00a0Decree of 18 January 1862 with the decision concerning the Lourdes &hellip; <a href=\"https:\/\/www.lourdes-france.com\/en\/the-medical-bureau-of-the-sanctuary\/\">Continued<\/a><\/p>\n","protected":false},"author":2,"featured_media":3427,"parent":0,"menu_order":0,"comment_status":"closed","ping_status":"closed","template":"","meta":{"_acf_changed":false,"footnotes":""},"class_list":["post-780994","page","type-page","status-publish","has-post-thumbnail","hentry"],"acf":[],"yoast_head":"<!-- This site is optimized with the Yoast SEO Premium plugin v24.0 (Yoast SEO v26.3) - https:\/\/yoast.com\/wordpress\/plugins\/seo\/ -->\n<title>The Medical Bureau of the Sanctuary - Vivre le p\u00e8lerinage de Lourdes<\/title>\n<meta name=\"description\" content=\"At Lourdes, pilgrims may feel they have benefited from an exceptional healing. They then turn to the Medical Bureau of the Sanctuary.\" \/>\n<meta name=\"robots\" content=\"index, follow, max-snippet:-1, max-image-preview:large, max-video-preview:-1\" \/>\n<link rel=\"canonical\" href=\"https:\/\/www.lourdes-france.com\/en\/the-medical-bureau-of-the-sanctuary\/\" \/>\n<meta property=\"og:locale\" content=\"en_US\" \/>\n<meta property=\"og:type\" content=\"article\" \/>\n<meta property=\"og:title\" content=\"The Medical Bureau of the Sanctuary\" \/>\n<meta property=\"og:description\" content=\"At Lourdes, pilgrims may feel they have benefited from an exceptional healing. They then turn to the Medical Bureau of the Sanctuary.\" \/>\n<meta property=\"og:url\" content=\"https:\/\/www.lourdes-france.com\/en\/the-medical-bureau-of-the-sanctuary\/\" \/>\n<meta property=\"og:site_name\" content=\"Vivre le p\u00e8lerinage de Lourdes\" \/>\n<meta property=\"article:modified_time\" content=\"2024-05-03T07:15:06+00:00\" \/>\n<meta property=\"og:image\" content=\"https:\/\/www.lourdes-france.com\/wp-content\/uploads\/2021\/11\/bureau-medical_mise-en-avant.jpg\" \/>\n\t<meta property=\"og:image:width\" content=\"2362\" \/>\n\t<meta property=\"og:image:height\" content=\"1507\" \/>\n\t<meta property=\"og:image:type\" content=\"image\/jpeg\" \/>\n<meta name=\"twitter:card\" content=\"summary_large_image\" \/>\n<meta name=\"twitter:label1\" content=\"Est. reading time\" \/>\n\t<meta name=\"twitter:data1\" content=\"6 minutes\" \/>\n<script type=\"application\/ld+json\" class=\"yoast-schema-graph\">{\"@context\":\"https:\/\/schema.org\",\"@graph\":[{\"@type\":\"WebPage\",\"@id\":\"https:\/\/www.lourdes-france.com\/en\/the-medical-bureau-of-the-sanctuary\/\",\"url\":\"https:\/\/www.lourdes-france.com\/en\/the-medical-bureau-of-the-sanctuary\/\",\"name\":\"The Medical Bureau of the Sanctuary - Vivre le p\u00e8lerinage de Lourdes\",\"isPartOf\":{\"@id\":\"https:\/\/www.lourdes-france.com\/en\/#website\"},\"primaryImageOfPage\":{\"@id\":\"https:\/\/www.lourdes-france.com\/en\/the-medical-bureau-of-the-sanctuary\/#primaryimage\"},\"image\":{\"@id\":\"https:\/\/www.lourdes-france.com\/en\/the-medical-bureau-of-the-sanctuary\/#primaryimage\"},\"thumbnailUrl\":\"https:\/\/www.lourdes-france.com\/wp-content\/uploads\/2021\/11\/bureau-medical_mise-en-avant.jpg\",\"datePublished\":\"2021-11-12T15:04:57+00:00\",\"dateModified\":\"2024-05-03T07:15:06+00:00\",\"description\":\"At Lourdes, pilgrims may feel they have benefited from an exceptional healing. They then turn to the Medical Bureau of the Sanctuary.\",\"breadcrumb\":{\"@id\":\"https:\/\/www.lourdes-france.com\/en\/the-medical-bureau-of-the-sanctuary\/#breadcrumb\"},\"inLanguage\":\"en-US\",\"potentialAction\":[{\"@type\":\"ReadAction\",\"target\":[\"https:\/\/www.lourdes-france.com\/en\/the-medical-bureau-of-the-sanctuary\/\"]}]},{\"@type\":\"ImageObject\",\"inLanguage\":\"en-US\",\"@id\":\"https:\/\/www.lourdes-france.com\/en\/the-medical-bureau-of-the-sanctuary\/#primaryimage\",\"url\":\"https:\/\/www.lourdes-france.com\/wp-content\/uploads\/2021\/11\/bureau-medical_mise-en-avant.jpg\",\"contentUrl\":\"https:\/\/www.lourdes-france.com\/wp-content\/uploads\/2021\/11\/bureau-medical_mise-en-avant.jpg\",\"width\":2362,\"height\":1507,\"caption\":\"Bureau des Constatations M\u00e9dicales de Lourdes\"},{\"@type\":\"BreadcrumbList\",\"@id\":\"https:\/\/www.lourdes-france.com\/en\/the-medical-bureau-of-the-sanctuary\/#breadcrumb\",\"itemListElement\":[{\"@type\":\"ListItem\",\"position\":1,\"name\":\"Accueil\",\"item\":\"https:\/\/www.lourdes-france.com\/en\/\"},{\"@type\":\"ListItem\",\"position\":2,\"name\":\"The Medical Bureau of the Sanctuary\"}]},{\"@type\":\"WebSite\",\"@id\":\"https:\/\/www.lourdes-france.com\/en\/#website\",\"url\":\"https:\/\/www.lourdes-france.com\/en\/\",\"name\":\"Sanctuaire Notre-Dame de Lourdes\",\"description\":\"\",\"publisher\":{\"@id\":\"https:\/\/www.lourdes-france.com\/en\/#organization\"},\"potentialAction\":[{\"@type\":\"SearchAction\",\"target\":{\"@type\":\"EntryPoint\",\"urlTemplate\":\"https:\/\/www.lourdes-france.com\/en\/?s={search_term_string}\"},\"query-input\":{\"@type\":\"PropertyValueSpecification\",\"valueRequired\":true,\"valueName\":\"search_term_string\"}}],\"inLanguage\":\"en-US\"},{\"@type\":\"Organization\",\"@id\":\"https:\/\/www.lourdes-france.com\/en\/#organization\",\"name\":\"Sanctuaire Notre-Dame de Lourdes\",\"url\":\"https:\/\/www.lourdes-france.com\/en\/\",\"logo\":{\"@type\":\"ImageObject\",\"inLanguage\":\"en-US\",\"@id\":\"https:\/\/www.lourdes-france.com\/en\/#\/schema\/logo\/image\/\",\"url\":\"https:\/\/www.lourdes-france.com\/wp-content\/uploads\/2021\/11\/logo-small.png\",\"contentUrl\":\"https:\/\/www.lourdes-france.com\/wp-content\/uploads\/2021\/11\/logo-small.png\",\"width\":834,\"height\":521,\"caption\":\"Sanctuaire Notre-Dame de Lourdes\"},\"image\":{\"@id\":\"https:\/\/www.lourdes-france.com\/en\/#\/schema\/logo\/image\/\"}}]}<\/script>\n<!-- \/ Yoast SEO Premium plugin. -->","yoast_head_json":{"title":"The Medical Bureau of the Sanctuary - Vivre le p\u00e8lerinage de Lourdes","description":"At Lourdes, pilgrims may feel they have benefited from an exceptional healing. They then turn to the Medical Bureau of the Sanctuary.","robots":{"index":"index","follow":"follow","max-snippet":"max-snippet:-1","max-image-preview":"max-image-preview:large","max-video-preview":"max-video-preview:-1"},"canonical":"https:\/\/www.lourdes-france.com\/en\/the-medical-bureau-of-the-sanctuary\/","og_locale":"en_US","og_type":"article","og_title":"The Medical Bureau of the Sanctuary","og_description":"At Lourdes, pilgrims may feel they have benefited from an exceptional healing. They then turn to the Medical Bureau of the Sanctuary.","og_url":"https:\/\/www.lourdes-france.com\/en\/the-medical-bureau-of-the-sanctuary\/","og_site_name":"Vivre le p\u00e8lerinage de Lourdes","article_modified_time":"2024-05-03T07:15:06+00:00","og_image":[{"width":2362,"height":1507,"url":"https:\/\/www.lourdes-france.com\/wp-content\/uploads\/2021\/11\/bureau-medical_mise-en-avant.jpg","type":"image\/jpeg"}],"twitter_card":"summary_large_image","twitter_misc":{"Est. reading time":"6 minutes"},"schema":{"@context":"https:\/\/schema.org","@graph":[{"@type":"WebPage","@id":"https:\/\/www.lourdes-france.com\/en\/the-medical-bureau-of-the-sanctuary\/","url":"https:\/\/www.lourdes-france.com\/en\/the-medical-bureau-of-the-sanctuary\/","name":"The Medical Bureau of the Sanctuary - Vivre le p\u00e8lerinage de Lourdes","isPartOf":{"@id":"https:\/\/www.lourdes-france.com\/en\/#website"},"primaryImageOfPage":{"@id":"https:\/\/www.lourdes-france.com\/en\/the-medical-bureau-of-the-sanctuary\/#primaryimage"},"image":{"@id":"https:\/\/www.lourdes-france.com\/en\/the-medical-bureau-of-the-sanctuary\/#primaryimage"},"thumbnailUrl":"https:\/\/www.lourdes-france.com\/wp-content\/uploads\/2021\/11\/bureau-medical_mise-en-avant.jpg","datePublished":"2021-11-12T15:04:57+00:00","dateModified":"2024-05-03T07:15:06+00:00","description":"At Lourdes, pilgrims may feel they have benefited from an exceptional healing. They then turn to the Medical Bureau of the Sanctuary.","breadcrumb":{"@id":"https:\/\/www.lourdes-france.com\/en\/the-medical-bureau-of-the-sanctuary\/#breadcrumb"},"inLanguage":"en-US","potentialAction":[{"@type":"ReadAction","target":["https:\/\/www.lourdes-france.com\/en\/the-medical-bureau-of-the-sanctuary\/"]}]},{"@type":"ImageObject","inLanguage":"en-US","@id":"https:\/\/www.lourdes-france.com\/en\/the-medical-bureau-of-the-sanctuary\/#primaryimage","url":"https:\/\/www.lourdes-france.com\/wp-content\/uploads\/2021\/11\/bureau-medical_mise-en-avant.jpg","contentUrl":"https:\/\/www.lourdes-france.com\/wp-content\/uploads\/2021\/11\/bureau-medical_mise-en-avant.jpg","width":2362,"height":1507,"caption":"Bureau des Constatations M\u00e9dicales de Lourdes"},{"@type":"BreadcrumbList","@id":"https:\/\/www.lourdes-france.com\/en\/the-medical-bureau-of-the-sanctuary\/#breadcrumb","itemListElement":[{"@type":"ListItem","position":1,"name":"Accueil","item":"https:\/\/www.lourdes-france.com\/en\/"},{"@type":"ListItem","position":2,"name":"The Medical Bureau of the Sanctuary"}]},{"@type":"WebSite","@id":"https:\/\/www.lourdes-france.com\/en\/#website","url":"https:\/\/www.lourdes-france.com\/en\/","name":"Sanctuaire Notre-Dame de Lourdes","description":"","publisher":{"@id":"https:\/\/www.lourdes-france.com\/en\/#organization"},"potentialAction":[{"@type":"SearchAction","target":{"@type":"EntryPoint","urlTemplate":"https:\/\/www.lourdes-france.com\/en\/?s={search_term_string}"},"query-input":{"@type":"PropertyValueSpecification","valueRequired":true,"valueName":"search_term_string"}}],"inLanguage":"en-US"},{"@type":"Organization","@id":"https:\/\/www.lourdes-france.com\/en\/#organization","name":"Sanctuaire Notre-Dame de Lourdes","url":"https:\/\/www.lourdes-france.com\/en\/","logo":{"@type":"ImageObject","inLanguage":"en-US","@id":"https:\/\/www.lourdes-france.com\/en\/#\/schema\/logo\/image\/","url":"https:\/\/www.lourdes-france.com\/wp-content\/uploads\/2021\/11\/logo-small.png","contentUrl":"https:\/\/www.lourdes-france.com\/wp-content\/uploads\/2021\/11\/logo-small.png","width":834,"height":521,"caption":"Sanctuaire Notre-Dame de Lourdes"},"image":{"@id":"https:\/\/www.lourdes-france.com\/en\/#\/schema\/logo\/image\/"}}]}},"_links":{"self":[{"href":"https:\/\/www.lourdes-france.com\/en\/wp-json\/wp\/v2\/pages\/780994","targetHints":{"allow":["GET"]}}],"collection":[{"href":"https:\/\/www.lourdes-france.com\/en\/wp-json\/wp\/v2\/pages"}],"about":[{"href":"https:\/\/www.lourdes-france.com\/en\/wp-json\/wp\/v2\/types\/page"}],"author":[{"embeddable":true,"href":"https:\/\/www.lourdes-france.com\/en\/wp-json\/wp\/v2\/users\/2"}],"replies":[{"embeddable":true,"href":"https:\/\/www.lourdes-france.com\/en\/wp-json\/wp\/v2\/comments?post=780994"}],"version-history":[{"count":0,"href":"https:\/\/www.lourdes-france.com\/en\/wp-json\/wp\/v2\/pages\/780994\/revisions"}],"wp:featuredmedia":[{"embeddable":true,"href":"https:\/\/www.lourdes-france.com\/en\/wp-json\/wp\/v2\/media\/3427"}],"wp:attachment":[{"href":"https:\/\/www.lourdes-france.com\/en\/wp-json\/wp\/v2\/media?parent=780994"}],"curies":[{"name":"wp","href":"https:\/\/api.w.org\/{rel}","templated":true}]}}