{"id":780980,"date":"2021-10-07T10:50:04","date_gmt":"2021-10-07T08:50:04","guid":{"rendered":"https:\/\/www.lourdes-france.com\/guerison-et-miracles\/"},"modified":"2025-08-05T10:52:11","modified_gmt":"2025-08-05T08:52:11","slug":"miraculous-healings","status":"publish","type":"page","link":"https:\/\/www.lourdes-france.com\/en\/miraculous-healings\/","title":{"rendered":"Miraculous healings"},"content":{"rendered":"\t\t<div data-elementor-type=\"wp-page\" data-elementor-id=\"780980\" class=\"elementor elementor-780980 elementor-2525\" data-elementor-post-type=\"page\">\n\t\t\t\t\t\t<section class=\"elementor-section elementor-top-section elementor-element elementor-element-7737ff1 elementor-section-stretched elementor-section-boxed elementor-section-height-default elementor-section-height-default\" data-id=\"7737ff1\" data-element_type=\"section\" data-settings=\"{&quot;background_background&quot;:&quot;classic&quot;,&quot;stretch_section&quot;:&quot;section-stretched&quot;}\">\n\t\t\t\t\t\t<div class=\"elementor-container elementor-column-gap-no\">\n\t\t\t\t\t<div class=\"elementor-column elementor-col-100 elementor-top-column elementor-element elementor-element-1853308\" data-id=\"1853308\" data-element_type=\"column\">\n\t\t\t<div class=\"elementor-widget-wrap elementor-element-populated\">\n\t\t\t\t\t\t<div class=\"elementor-element elementor-element-238d4e7 elementor-blockquote--skin-quotation elementor-widget elementor-widget-blockquote\" data-id=\"238d4e7\" data-element_type=\"widget\" data-widget_type=\"blockquote.default\">\n\t\t\t\t<div class=\"elementor-widget-container\">\n\t\t\t\t\t\t\t<blockquote class=\"elementor-blockquote\">\n\t\t\t<p class=\"elementor-blockquote__content\">\n\t\t\t\tOf the more than 7,000 cases of healing reported at Lourdes since the apparitions, 72 have so far been recognised as miraculous by the Church. More than 80% of the cures recognised as miraculous have been women. The youngest person whose cure was recognised as miraculous was 2 years old. The countries of origin of the people whose healing has been recognised as miraculous are France (56), Italy (9), Belgium (3), Germany (1), Austria (1) Switzerland (1) and England (1). Six people claim to have been healed through the intercession of Our Lady of Lourdes, even though they had not come to Lourdes. The majority of people were healed by contact with the water at Lourdes (50), most of them in the Sanctuary's swimming pools.\t\t\t<\/p>\n\t\t\t\t\t<\/blockquote>\n\t\t\t\t\t\t<\/div>\n\t\t\t\t<\/div>\n\t\t\t\t\t<\/div>\n\t\t<\/div>\n\t\t\t\t\t<\/div>\n\t\t<\/section>\n\t\t\t\t<section class=\"elementor-section elementor-top-section elementor-element elementor-element-f9fc9b6 elementor-section-boxed elementor-section-height-default elementor-section-height-default\" data-id=\"f9fc9b6\" data-element_type=\"section\">\n\t\t\t\t\t\t<div class=\"elementor-container elementor-column-gap-default\">\n\t\t\t\t\t<div class=\"elementor-column elementor-col-100 elementor-top-column elementor-element elementor-element-a133642\" data-id=\"a133642\" data-element_type=\"column\">\n\t\t\t<div class=\"elementor-widget-wrap elementor-element-populated\">\n\t\t\t\t\t\t<div class=\"elementor-element elementor-element-176d97c elementor-widget elementor-widget-spacer\" data-id=\"176d97c\" data-element_type=\"widget\" data-widget_type=\"spacer.default\">\n\t\t\t\t<div class=\"elementor-widget-container\">\n\t\t\t\t\t\t\t<div class=\"elementor-spacer\">\n\t\t\t<div class=\"elementor-spacer-inner\"><\/div>\n\t\t<\/div>\n\t\t\t\t\t\t<\/div>\n\t\t\t\t<\/div>\n\t\t\t\t<div class=\"elementor-element elementor-element-647d293 elementor-skin-carousel elementor-widget elementor-widget-media-carousel\" data-id=\"647d293\" data-element_type=\"widget\" data-settings=\"{&quot;space_between&quot;:{&quot;unit&quot;:&quot;px&quot;,&quot;size&quot;:20,&quot;sizes&quot;:[]},&quot;skin&quot;:&quot;carousel&quot;,&quot;effect&quot;:&quot;slide&quot;,&quot;speed&quot;:500,&quot;space_between_tablet&quot;:{&quot;unit&quot;:&quot;px&quot;,&quot;size&quot;:10,&quot;sizes&quot;:[]},&quot;space_between_mobile&quot;:{&quot;unit&quot;:&quot;px&quot;,&quot;size&quot;:10,&quot;sizes&quot;:[]}}\" data-widget_type=\"media-carousel.default\">\n\t\t\t\t<div class=\"elementor-widget-container\">\n\t\t\t\t\t\t\t\t\t<div class=\"elementor-swiper\">\n\t\t\t\t\t<div class=\"elementor-main-swiper swiper\" role=\"region\" aria-roledescription=\"carousel\" aria-label=\"Diapositives\">\n\t\t\t\t<div class=\"swiper-wrapper\">\n\t\t\t\t\t\t\t\t\t\t\t<div class=\"swiper-slide\" role=\"group\" aria-roledescription=\"slide\">\n\t\t\t\t\t\t\t<a href=\"https:\/\/www.lourdes-france.com\/en\/recognition-of-a-miracle\/\">\t\t<div class=\"elementor-carousel-image\" role=\"img\" aria-label=\"Recognition of a miracle\" style=\"background-image: url(&#039;https:\/\/www.lourdes-france.com\/wp-content\/uploads\/2021\/11\/reconnaissance.jpg&#039;)\">\n\n\t\t\t\n\t\t\t\t\t<\/div>\n\t\t\t\t\t<div class=\"elementor-carousel-image-overlay e-overlay-animation-fade\">\n\t\t\t\tRecognition of a miracle\t\t\t<\/div>\n\t\t\t<\/a>\t\t\t\t\t\t<\/div>\n\t\t\t\t\t\t\t\t\t\t\t<div class=\"swiper-slide\" role=\"group\" aria-roledescription=\"slide\">\n\t\t\t\t\t\t\t<a href=\"https:\/\/www.lourdes-france.com\/en\/the-medical-bureau-of-the-sanctuary\/\">\t\t<div class=\"elementor-carousel-image\" role=\"img\" aria-label=\"The Medical Bureau of the Sanctuary\" style=\"background-image: url(&#039;https:\/\/www.lourdes-france.com\/wp-content\/uploads\/2021\/11\/bureau-medical.jpg&#039;)\">\n\n\t\t\t\n\t\t\t\t\t<\/div>\n\t\t\t\t\t<div class=\"elementor-carousel-image-overlay e-overlay-animation-fade\">\n\t\t\t\tThe Medical Bureau of the Sanctuary\t\t\t<\/div>\n\t\t\t<\/a>\t\t\t\t\t\t<\/div>\n\t\t\t\t\t\t\t\t\t<\/div>\n\t\t\t\t\t\t\t\t\t\t\t\t\t\t\t\t\t\t\t\t\t<\/div>\n\t\t\t\t<\/div>\n\t\t\t\t\t\t\t\t<\/div>\n\t\t\t\t<\/div>\n\t\t\t\t\t<\/div>\n\t\t<\/div>\n\t\t\t\t\t<\/div>\n\t\t<\/section>\n\t\t\t\t<section class=\"elementor-section elementor-top-section elementor-element elementor-element-91db84b elementor-section-boxed elementor-section-height-default elementor-section-height-default\" data-id=\"91db84b\" data-element_type=\"section\">\n\t\t\t\t\t\t<div class=\"elementor-container elementor-column-gap-default\">\n\t\t\t\t\t<div class=\"elementor-column elementor-col-100 elementor-top-column elementor-element elementor-element-e621ea3\" data-id=\"e621ea3\" data-element_type=\"column\">\n\t\t\t<div class=\"elementor-widget-wrap elementor-element-populated\">\n\t\t\t\t\t\t<div class=\"elementor-element elementor-element-eec07b1 elementor-widget elementor-widget-spacer\" data-id=\"eec07b1\" data-element_type=\"widget\" data-widget_type=\"spacer.default\">\n\t\t\t\t<div class=\"elementor-widget-container\">\n\t\t\t\t\t\t\t<div class=\"elementor-spacer\">\n\t\t\t<div class=\"elementor-spacer-inner\"><\/div>\n\t\t<\/div>\n\t\t\t\t\t\t<\/div>\n\t\t\t\t<\/div>\n\t\t\t\t<div class=\"elementor-element elementor-element-6866389 elementor-widget elementor-widget-heading\" data-id=\"6866389\" data-element_type=\"widget\" data-widget_type=\"heading.default\">\n\t\t\t\t<div class=\"elementor-widget-container\">\n\t\t\t\t\t<h3 class=\"elementor-heading-title elementor-size-default\">72 cases of unexplained cures have been recognised as miraculous by the Church at this time<\/h3>\t\t\t\t<\/div>\n\t\t\t\t<\/div>\n\t\t\t\t<div class=\"elementor-element elementor-element-6afc9b0 elementor-widget elementor-widget-text-editor\" data-id=\"6afc9b0\" data-element_type=\"widget\" data-widget_type=\"text-editor.default\">\n\t\t\t\t<div class=\"elementor-widget-container\">\n\t\t\t\t\t\t\t\t\t<div class=\"elementor-element elementor-element-f05b195 elementor-widget elementor-widget-text-editor\" data-id=\"f05b195\" data-element_type=\"widget\" data-widget_type=\"text-editor.default\"><div class=\"elementor-widget-container\"><div class=\"elementor-text-editor elementor-clearfix\"><ol><li>Catherine LATAPIE from Loubajac (France) Date of the miracle: Date of recognition : 18<sup>th<\/sup>\u00a0January 1862.<\/li><li>Louis BOURIETTE from Lourdes (France).\u00a0 Date of recognition: 18<sup>th<\/sup>\u00a0January 1862.<\/li><li>Blaisette CAZENAVE from Lourdes (France). Date of recognition :\u00a018<sup>th<\/sup>\u00a0January 1862.<\/li><li>Henri BUSQUET from Nay (France).\u00a0Date of recognition : 18<sup>th<\/sup>\u00a0January 1862.<\/li><li>Justin BOUHORT from Lourdes (France). Date of recognition : 18<sup>th<\/sup>\u00a0January 1862.<\/li><li>Madeleine RIZAN from Nay (France).\u00a0 Date of recognition : 18<sup>th<\/sup>\u00a0January 1862<\/li><li>Marie MOREAU from Tartas (France). Date of recognition : 18<sup>th<\/sup>\u00a0January 1862<\/li><li>Pierre DE RUDDER from Jabbeke (Belgium).\u00a0Date of recognition : 25<sup>th<\/sup>\u00a0July 1908.<\/li><li>Joachime DEHANT from Gesves (Belgium). Date of recognition : 25<sup>th<\/sup>\u00a0April 1908.<\/li><li>Elisa SEISSON from Rognonas (France). Date of recognition : 2<sup>nd\u00a0<\/sup>July 1912.<\/li><li>Sister Eugenia (Marie MABILLE) from Bernay (France). Date of recognition : 30<sup>th<\/sup>\u00a0August 1908.<\/li><li>Sister Julienne (Aline BRUY\u00c8RE) from La Roque (France). Date of recognition : 7<sup>th<\/sup>\u00a0March 1912.<\/li><li>Sister Jos\u00e9phine-Marie (Anne JOURDAIN) from Goincourt (France). Date of recognition :\u00a0 10<sup>th<\/sup>\u00a0October 1908.<\/li><li>Am\u00e9lie CHAGNON from Poitiers (France).\u00a0 Date of recognition : 8<sup>th<\/sup>\u00a0September 1910.<\/li><li>Cl\u00e9mentine TROUV\u00c9 (Sister Agn\u00e8s-Marie) from Rouille (France).\u00a0 Date of recognition :\u00a0 6<sup>th<\/sup>\u00a0June 1908.<\/li><li>Marie LEBRANCHU (Mrs Wuiplier) from Paris (France). Date of recognition :\u00a0 6<sup>th<\/sup>\u00a0June1908.<\/li><li>Marie LEMARCHAND (Mrs Authier) from Caen (France). Date of recognition : 6<sup>th<\/sup>\u00a0June1908.<\/li><li>Elise LESAGE from Bucquoy (France).\u00a0 Date of recognition : 4<sup>th<\/sup>\u00a0February 1908.<\/li><li>Sister Marie de la Pr\u00e9sentation (Sylvie DELPORTE) from Lille (France).\u00a0Date of recognition :\u00a0 15<sup>th<\/sup>\u00a0August 1908.<\/li><li>Father CIRETTE from Beaumontel (France).\u00a0 Date of recognition : 11<sup>th<\/sup>\u00a0February 1907.<\/li><li>Aur\u00e9lie HUPRELLE from Saint-Martin-le-N\u0153ud (France).\u00a0 Date of recognition :\u00a0 1<sup>st<\/sup>\u00a0May 1908.<\/li><li>Esther BRACHMANN from Paris (France). Date of recognition : 6<sup>th<\/sup>\u00a0June 1908.<\/li><li>Jeanne TULASNE from Tours (France). Date of recognition : 27<sup>th<\/sup>\u00a0October 1907.<\/li><li>Cl\u00e9mentine MALOT from Gaudechart (France). Date of recognition : 1<sup>st\u00a0<\/sup>November 1908.<\/li><li>Rose FRAN\u00c7OIS from Paris (France). Date of recognition : 6<sup>th\u00a0<\/sup>June 1908.<\/li><li>Reverend father SALVATOR from Rouelle (France).\u00a0 Date of recognition : 1<sup>st<\/sup>\u00a0July 1908.<\/li><li>Sister Maximilien from Marseille (France).\u00a0 Date of recognition :\u00a0 5<sup>th<\/sup>\u00a0February 1908.<\/li><li>Marie SAVOYE from Cateau-Cambresis (France). Date of recognition :\u00a0 15<sup>th\u00a0<\/sup>August 1908.<\/li><li>Johanna B\u00c9ZENAC from Saint-Laurent-des-B\u00e2tons (France).\u00a0 Date of recognition : 2<sup>nd<\/sup>\u00a0July 1908.<\/li><li>Sister Saint-Hilaire (Lucie JUPIN) from Peyreleau (France).\u00a0Date of recognition :10<sup>th<\/sup>\u00a0May 1908.<\/li><li>Sister Sainte-B\u00e9atrix (Rosalie VILDIER) from Evreux (France).\u00a0 Date of recognition :\u00a0 25<sup>th<\/sup>\u00a0March 1908.<\/li><li>Marie-Th\u00e9r\u00e8se NOBLET from Avenay (France). Date of recognition : 11<sup>th<\/sup>\u00a0February 1908.<\/li><li>C\u00e9cile DOUVILLE DE FRANSSU from Tournai (Belgium).\u00a0Date of recognition :\u00a0 8<sup>th<\/sup>\u00a0December 1909.<\/li><li>Antonia MOULIN from Vienne (France).\u00a0 Date of recognition : 6<sup>th\u00a0<\/sup>November 1910.<\/li><li>Marie BOREL from\u00a0 Mende (France).\u00a0 Date of recognition :\u00a0 4<sup>th<\/sup>\u00a0June 1911.<\/li><li>Virginie HAUDEBOURG from Lons-le-Saulnier (France).\u00a0 Date of recognition : 25<sup>th<\/sup>\u00a0November 1912.<\/li><li>Marie BIR\u00c9 from Sainte-Gemme-la-Plaine (France).\u00a0 Date of recognition : 30<sup>th<\/sup>\u00a0July 1910.<\/li><li>Aim\u00e9e ALLOPE from Vern (France).\u00a0 Date of recognition :\u00a0 5<sup>th<\/sup>\u00a0August 1910.<\/li><li>Juliette ORION from Saint-Hilaire-de-Voust (France). Date of recognition :\u00a0 18<sup>th<\/sup>\u00a0October 1913.<\/li><li>Marie FABRE from Montredon (France).\u00a0 Date of recognition : 8<sup>th<\/sup>\u00a0September 1912.<\/li><li>Henriette BRESSOLLES from Nice (France).\u00a0 Date of recognition : 4<sup>th<\/sup>\u00a0June 1957.<\/li><li>Lydia BROSSE from Saint-Rapha\u00ebl (France).\u00a0 Date of recognition :\u00a0 5<sup>th<\/sup>\u00a0August 1958.<\/li><li>Sister Marie-Marguerite (Fran\u00e7oise CAPITAINE) from\u00a0 Rennes (France). Date of recognition :\u00a0 20<sup>th<\/sup>\u00a0May 1946.<\/li><li>Louise JAMAIN from Paris (France).\u00a0 Date of recognition :\u00a0 14<sup>th\u00a0<\/sup>December 1951.<\/li><li>Francis PASCAL from Beaucaire (France).\u00a0Date of recognition : 31<sup>st<\/sup>\u00a0May 1949.<\/li><li>Gabrielle CLAUZEL from Oran (Algeria).\u00a0 Date of recognition : 18<sup>th<\/sup>\u00a0March 1948.<\/li><li>Yvonne FOURNIER from Limoges (France).\u00a0 Date of recognition : 14<sup>th\u00a0<\/sup>November 1959.<\/li><li>Rose MARTIN from Nice (France).\u00a0Date of recognition : 17<sup>th\u00a0<\/sup>March 1958.<\/li><li>Jeanne GESTAS from B\u00e8gles (France).\u00a0Date of recognition :\u00a0 13<sup>th<\/sup>\u00a0July1952.<\/li><li>Marie-Th\u00e9r\u00e8se CANIN from Marseille (France). Date of recognition :\u00a0 6<sup>th<\/sup>\u00a0June 1952.<\/li><li>Maddalena CARINI from San Remo (Italy).\u00a0 Date of recognition : 2<sup>nd<\/sup>\u00a0June 1960.<\/li><li>Jeanne FR\u00c9TEL from Rennes (France).\u00a0 Date of recognition : 20<sup>th<\/sup>\u00a0November 1950.<\/li><li>Th\u00e9a ANGELE (Sister Marie-Merc\u00e9d\u00e8s) from Tettnang (Germany).\u00a0Date of recognition : 28<sup>th<\/sup>\u00a0June 1961.<\/li><li>Evasio GANORA from Casale (Italy).\u00a0 Date of recognition :\u00a0 31<sup>st\u00a0<\/sup>May 1955.<\/li><li>Edeltraud FULDA from Vienne (Austria).\u00a0Date of recognition : 18<sup>th<\/sup>\u00a0May 1955.<\/li><li>Paul PELLEGRIN from Toulon (France).\u00a0 Date of recognition :\u00a0 8<sup>th<\/sup>\u00a0December 1953.<\/li><li>Father L\u00e9o SCHWAGER from Fribourg (Switzerland).\u00a0Date of recognition :\u00a0 18<sup>th<\/sup>\u00a0December1960.<\/li><li>Alice COUTEAULT from Bouill\u00e9-Loretz (France).\u00a0 Date of recognition :\u00a0 16<sup>th<\/sup>\u00a0July 1956.<\/li><li>Marie BIGOT from La Richardais (France).\u00a0 Date of recognition :\u00a0 15<sup>th<\/sup>\u00a0August 1956.<\/li><li>Ginette NOUVEL from Carmaux (France). Date of recognition :\u00a0 31<sup>st\u00a0<\/sup>May 1963.<\/li><li>Elisa ALOI from Patti (Italy). Date of recognition : 26<sup>th<\/sup>\u00a0May 1965.<\/li><li>Juliette TAMBURINI from Marseille (France). Date of recognition : 11<sup>th<\/sup>\u00a0May 1965.<\/li><li>Vittorio MICHELI from Scurelle (Italy). Date of recognition : 26<sup>th<\/sup>\u00a0May 1976.<\/li><li>Serge PERRIN from Lion d\u2019Angers (France). Date of recognition : 17th June 1978.<\/li><li>Delizia CIROLLI from Patern\u00f2 (Italy).\u00a0 Date of recognition : 28<sup>th<\/sup>\u00a0June 1989.<\/li><li>Jean-Pierre B\u00c9LY from La Couronne (France).\u00a0 Date of recognition : 9th February 1999<\/li><li>Anna SANTANIELLO from Salerne (Italy). Date of recognition : 21<sup>st<\/sup>\u00a0September 2005<\/li><li>Sister Luigina TRAVERSO from Casale Monferrato (Italy). Date of recognition : 11<sup>th<\/sup>\u00a0October 2012<\/li><li>Danila CASTELLI\u00a0 from Bereguardo (Italy).\u00a0Date of recognition : 20<sup>th<\/sup>\u00a0June 2013<\/li><li>Sister Bernadette MORIAU from Beauvais (France). Date of recognition : 11<sup>th<\/sup> February 2018<\/li><li>John Jack Traynor, (England). Seriously wounded during the First World War, in Lourdes in 1923 on the occasion of the first pilgrimage of the diocese of Liverpool (England) 8-12-2024<\/li><li>Antonia Raco (Mrs Lofiego), aged 67, had Primary Lateral Sclerosis (PLS), and was cured in 2009 when she came to Lourdes with the Italian pilgrimage organisation UNITALSI (30 July &#8211; 5 August 2009).<\/li><\/ol><\/div><\/div><\/div>\t\t\t\t\t\t\t\t<\/div>\n\t\t\t\t<\/div>\n\t\t\t\t\t<\/div>\n\t\t<\/div>\n\t\t\t\t\t<\/div>\n\t\t<\/section>\n\t\t\t\t<section class=\"elementor-section elementor-top-section elementor-element elementor-element-34da3f2 elementor-section-boxed elementor-section-height-default elementor-section-height-default\" data-id=\"34da3f2\" data-element_type=\"section\">\n\t\t\t\t\t\t<div class=\"elementor-container elementor-column-gap-default\">\n\t\t\t\t\t<div class=\"elementor-column elementor-col-100 elementor-top-column elementor-element elementor-element-32dca67\" data-id=\"32dca67\" data-element_type=\"column\">\n\t\t\t<div class=\"elementor-widget-wrap elementor-element-populated\">\n\t\t\t\t\t\t<div class=\"elementor-element elementor-element-084b3ff elementor-widget elementor-widget-spacer\" data-id=\"084b3ff\" data-element_type=\"widget\" data-widget_type=\"spacer.default\">\n\t\t\t\t<div class=\"elementor-widget-container\">\n\t\t\t\t\t\t\t<div class=\"elementor-spacer\">\n\t\t\t<div class=\"elementor-spacer-inner\"><\/div>\n\t\t<\/div>\n\t\t\t\t\t\t<\/div>\n\t\t\t\t<\/div>\n\t\t\t\t\t<\/div>\n\t\t<\/div>\n\t\t\t\t\t<\/div>\n\t\t<\/section>\n\t\t\t\t<\/div>\n\t\t","protected":false},"excerpt":{"rendered":"<p>Of the more than 7,000 cases of healing reported at Lourdes since the apparitions, 72 have so far been recognised as miraculous by the Church. More than 80% of the cures recognised as miraculous have been women. The youngest person &hellip; <a href=\"https:\/\/www.lourdes-france.com\/en\/miraculous-healings\/\">Continued<\/a><\/p>\n","protected":false},"author":3,"featured_media":0,"parent":0,"menu_order":0,"comment_status":"closed","ping_status":"closed","template":"","meta":{"_acf_changed":false,"footnotes":""},"class_list":["post-780980","page","type-page","status-publish","hentry"],"acf":[],"yoast_head":"<!-- This site is optimized with the Yoast SEO Premium plugin v24.0 (Yoast SEO v26.3) - https:\/\/yoast.com\/wordpress\/plugins\/seo\/ -->\n<title>Miraculous healings - Vivre le p\u00e8lerinage de Lourdes<\/title>\n<meta name=\"description\" content=\"Since the apparitions, Lourdes has dealt with more than 7000 cases of unexplained cures. 70 have been recognized as miraculous by the Church.\" \/>\n<meta name=\"robots\" content=\"index, follow, max-snippet:-1, max-image-preview:large, max-video-preview:-1\" \/>\n<link rel=\"canonical\" href=\"https:\/\/www.lourdes-france.com\/en\/miraculous-healings\/\" \/>\n<meta property=\"og:locale\" content=\"en_US\" \/>\n<meta property=\"og:type\" content=\"article\" \/>\n<meta property=\"og:title\" content=\"Miraculous healings\" \/>\n<meta property=\"og:description\" content=\"Since the apparitions, Lourdes has dealt with more than 7000 cases of unexplained cures. 70 have been recognized as miraculous by the Church.\" \/>\n<meta property=\"og:url\" content=\"https:\/\/www.lourdes-france.com\/en\/miraculous-healings\/\" \/>\n<meta property=\"og:site_name\" content=\"Vivre le p\u00e8lerinage de Lourdes\" \/>\n<meta property=\"article:modified_time\" content=\"2025-08-05T08:52:11+00:00\" \/>\n<meta name=\"twitter:card\" content=\"summary_large_image\" \/>\n<meta name=\"twitter:label1\" content=\"Est. reading time\" \/>\n\t<meta name=\"twitter:data1\" content=\"5 minutes\" \/>\n<script type=\"application\/ld+json\" class=\"yoast-schema-graph\">{\"@context\":\"https:\/\/schema.org\",\"@graph\":[{\"@type\":\"WebPage\",\"@id\":\"https:\/\/www.lourdes-france.com\/en\/miraculous-healings\/\",\"url\":\"https:\/\/www.lourdes-france.com\/en\/miraculous-healings\/\",\"name\":\"Miraculous healings - Vivre le p\u00e8lerinage de Lourdes\",\"isPartOf\":{\"@id\":\"https:\/\/www.lourdes-france.com\/en\/#website\"},\"datePublished\":\"2021-10-07T08:50:04+00:00\",\"dateModified\":\"2025-08-05T08:52:11+00:00\",\"description\":\"Since the apparitions, Lourdes has dealt with more than 7000 cases of unexplained cures. 70 have been recognized as miraculous by the Church.\",\"breadcrumb\":{\"@id\":\"https:\/\/www.lourdes-france.com\/en\/miraculous-healings\/#breadcrumb\"},\"inLanguage\":\"en-US\",\"potentialAction\":[{\"@type\":\"ReadAction\",\"target\":[\"https:\/\/www.lourdes-france.com\/en\/miraculous-healings\/\"]}]},{\"@type\":\"BreadcrumbList\",\"@id\":\"https:\/\/www.lourdes-france.com\/en\/miraculous-healings\/#breadcrumb\",\"itemListElement\":[{\"@type\":\"ListItem\",\"position\":1,\"name\":\"Accueil\",\"item\":\"https:\/\/www.lourdes-france.com\/en\/\"},{\"@type\":\"ListItem\",\"position\":2,\"name\":\"Miraculous healings\"}]},{\"@type\":\"WebSite\",\"@id\":\"https:\/\/www.lourdes-france.com\/en\/#website\",\"url\":\"https:\/\/www.lourdes-france.com\/en\/\",\"name\":\"Sanctuaire Notre-Dame de Lourdes\",\"description\":\"\",\"publisher\":{\"@id\":\"https:\/\/www.lourdes-france.com\/en\/#organization\"},\"potentialAction\":[{\"@type\":\"SearchAction\",\"target\":{\"@type\":\"EntryPoint\",\"urlTemplate\":\"https:\/\/www.lourdes-france.com\/en\/?s={search_term_string}\"},\"query-input\":{\"@type\":\"PropertyValueSpecification\",\"valueRequired\":true,\"valueName\":\"search_term_string\"}}],\"inLanguage\":\"en-US\"},{\"@type\":\"Organization\",\"@id\":\"https:\/\/www.lourdes-france.com\/en\/#organization\",\"name\":\"Sanctuaire Notre-Dame de Lourdes\",\"url\":\"https:\/\/www.lourdes-france.com\/en\/\",\"logo\":{\"@type\":\"ImageObject\",\"inLanguage\":\"en-US\",\"@id\":\"https:\/\/www.lourdes-france.com\/en\/#\/schema\/logo\/image\/\",\"url\":\"https:\/\/www.lourdes-france.com\/wp-content\/uploads\/2021\/11\/logo-small.png\",\"contentUrl\":\"https:\/\/www.lourdes-france.com\/wp-content\/uploads\/2021\/11\/logo-small.png\",\"width\":834,\"height\":521,\"caption\":\"Sanctuaire Notre-Dame de Lourdes\"},\"image\":{\"@id\":\"https:\/\/www.lourdes-france.com\/en\/#\/schema\/logo\/image\/\"}}]}<\/script>\n<!-- \/ Yoast SEO Premium plugin. -->","yoast_head_json":{"title":"Miraculous healings - Vivre le p\u00e8lerinage de Lourdes","description":"Since the apparitions, Lourdes has dealt with more than 7000 cases of unexplained cures. 70 have been recognized as miraculous by the Church.","robots":{"index":"index","follow":"follow","max-snippet":"max-snippet:-1","max-image-preview":"max-image-preview:large","max-video-preview":"max-video-preview:-1"},"canonical":"https:\/\/www.lourdes-france.com\/en\/miraculous-healings\/","og_locale":"en_US","og_type":"article","og_title":"Miraculous healings","og_description":"Since the apparitions, Lourdes has dealt with more than 7000 cases of unexplained cures. 70 have been recognized as miraculous by the Church.","og_url":"https:\/\/www.lourdes-france.com\/en\/miraculous-healings\/","og_site_name":"Vivre le p\u00e8lerinage de Lourdes","article_modified_time":"2025-08-05T08:52:11+00:00","twitter_card":"summary_large_image","twitter_misc":{"Est. reading time":"5 minutes"},"schema":{"@context":"https:\/\/schema.org","@graph":[{"@type":"WebPage","@id":"https:\/\/www.lourdes-france.com\/en\/miraculous-healings\/","url":"https:\/\/www.lourdes-france.com\/en\/miraculous-healings\/","name":"Miraculous healings - Vivre le p\u00e8lerinage de Lourdes","isPartOf":{"@id":"https:\/\/www.lourdes-france.com\/en\/#website"},"datePublished":"2021-10-07T08:50:04+00:00","dateModified":"2025-08-05T08:52:11+00:00","description":"Since the apparitions, Lourdes has dealt with more than 7000 cases of unexplained cures. 70 have been recognized as miraculous by the Church.","breadcrumb":{"@id":"https:\/\/www.lourdes-france.com\/en\/miraculous-healings\/#breadcrumb"},"inLanguage":"en-US","potentialAction":[{"@type":"ReadAction","target":["https:\/\/www.lourdes-france.com\/en\/miraculous-healings\/"]}]},{"@type":"BreadcrumbList","@id":"https:\/\/www.lourdes-france.com\/en\/miraculous-healings\/#breadcrumb","itemListElement":[{"@type":"ListItem","position":1,"name":"Accueil","item":"https:\/\/www.lourdes-france.com\/en\/"},{"@type":"ListItem","position":2,"name":"Miraculous healings"}]},{"@type":"WebSite","@id":"https:\/\/www.lourdes-france.com\/en\/#website","url":"https:\/\/www.lourdes-france.com\/en\/","name":"Sanctuaire Notre-Dame de Lourdes","description":"","publisher":{"@id":"https:\/\/www.lourdes-france.com\/en\/#organization"},"potentialAction":[{"@type":"SearchAction","target":{"@type":"EntryPoint","urlTemplate":"https:\/\/www.lourdes-france.com\/en\/?s={search_term_string}"},"query-input":{"@type":"PropertyValueSpecification","valueRequired":true,"valueName":"search_term_string"}}],"inLanguage":"en-US"},{"@type":"Organization","@id":"https:\/\/www.lourdes-france.com\/en\/#organization","name":"Sanctuaire Notre-Dame de Lourdes","url":"https:\/\/www.lourdes-france.com\/en\/","logo":{"@type":"ImageObject","inLanguage":"en-US","@id":"https:\/\/www.lourdes-france.com\/en\/#\/schema\/logo\/image\/","url":"https:\/\/www.lourdes-france.com\/wp-content\/uploads\/2021\/11\/logo-small.png","contentUrl":"https:\/\/www.lourdes-france.com\/wp-content\/uploads\/2021\/11\/logo-small.png","width":834,"height":521,"caption":"Sanctuaire Notre-Dame de Lourdes"},"image":{"@id":"https:\/\/www.lourdes-france.com\/en\/#\/schema\/logo\/image\/"}}]}},"_links":{"self":[{"href":"https:\/\/www.lourdes-france.com\/en\/wp-json\/wp\/v2\/pages\/780980","targetHints":{"allow":["GET"]}}],"collection":[{"href":"https:\/\/www.lourdes-france.com\/en\/wp-json\/wp\/v2\/pages"}],"about":[{"href":"https:\/\/www.lourdes-france.com\/en\/wp-json\/wp\/v2\/types\/page"}],"author":[{"embeddable":true,"href":"https:\/\/www.lourdes-france.com\/en\/wp-json\/wp\/v2\/users\/3"}],"replies":[{"embeddable":true,"href":"https:\/\/www.lourdes-france.com\/en\/wp-json\/wp\/v2\/comments?post=780980"}],"version-history":[{"count":6,"href":"https:\/\/www.lourdes-france.com\/en\/wp-json\/wp\/v2\/pages\/780980\/revisions"}],"predecessor-version":[{"id":861295,"href":"https:\/\/www.lourdes-france.com\/en\/wp-json\/wp\/v2\/pages\/780980\/revisions\/861295"}],"wp:attachment":[{"href":"https:\/\/www.lourdes-france.com\/en\/wp-json\/wp\/v2\/media?parent=780980"}],"curies":[{"name":"wp","href":"https:\/\/api.w.org\/{rel}","templated":true}]}}