{"id":780958,"date":"2021-11-12T14:41:13","date_gmt":"2021-11-12T13:41:13","guid":{"rendered":"https:\/\/www.lourdes-france.com\/les-apparitions-de-lourdes\/"},"modified":"2025-06-25T17:00:23","modified_gmt":"2025-06-25T15:00:23","slug":"the-apparitions","status":"publish","type":"page","link":"https:\/\/www.lourdes-france.com\/en\/the-apparitions\/","title":{"rendered":"The apparitions"},"content":{"rendered":"\t\t<div data-elementor-type=\"wp-page\" data-elementor-id=\"780958\" class=\"elementor elementor-780958 elementor-3294\" data-elementor-post-type=\"page\">\n\t\t\t\t\t\t<section class=\"elementor-section elementor-top-section elementor-element elementor-element-f6bfdb0 elementor-section-boxed elementor-section-height-default elementor-section-height-default\" data-id=\"f6bfdb0\" data-element_type=\"section\">\n\t\t\t\t\t\t<div class=\"elementor-container elementor-column-gap-default\">\n\t\t\t\t\t<div class=\"elementor-column elementor-col-100 elementor-top-column elementor-element elementor-element-1cfb794\" data-id=\"1cfb794\" data-element_type=\"column\">\n\t\t\t<div class=\"elementor-widget-wrap elementor-element-populated\">\n\t\t\t\t\t\t<div class=\"elementor-element elementor-element-a65fa25 elementor-widget elementor-widget-text-editor\" data-id=\"a65fa25\" data-element_type=\"widget\" data-widget_type=\"text-editor.default\">\n\t\t\t\t<div class=\"elementor-widget-container\">\n\t\t\t\t\t\t\t\t\t<section class=\"elementor-section elementor-top-section elementor-element elementor-element-2119237e elementor-section-boxed elementor-section-height-default elementor-section-height-default\" data-id=\"2119237e\" data-element_type=\"section\"><div class=\"elementor-container elementor-column-gap-no\"><div class=\"elementor-row\"><div class=\"elementor-column elementor-col-100 elementor-top-column elementor-element elementor-element-371e3a8f\" data-id=\"371e3a8f\" data-element_type=\"column\"><div class=\"elementor-column-wrap elementor-element-populated\"><div class=\"elementor-widget-wrap\"><h3>Thursday 11 February 1858: the first meeting<\/h3><p>Accompanied by her sister and a friend, Bernadette went to Massabielle on the banks of the Gave to collect bones and dead wood. Removing her socks in order to cross the stream, she heard a noise like a gust of wind, she looked up towards the Grotto : \u201cI saw a lady dressed in white, she wore a white dress, and equally white veils, a blue belt and a yellow rose on each foot.\u201d Bernadette made the Sign of the Cross and said the Rosary with the lady. When the prayer ended the Lady suddenly vanished.<\/p><h3>Sunday 14th february 1858: holy water<\/h3><p>Bernadette felt an inner force drawing her to the Grotto in spite of the fact that she was forbidden to go there by her parents. At her insistence, her mother allowed her; after the first decade of the Rosary, she saw the same lady appearing. She sprinkled holy water at her. The lady smiled and bent her head. When the Rosary ended she disappeared.<\/p><h3>Thursday 18th february 1858: the Lady speaks<\/h3><p>For the first time, the Lady spoke. Bernadette held out a pen and paper asking her to write her name. She replied; \u201cIt is not necessary\u201d and she added: \u201cI do not promise to make you happy in this world but in the other. Would you be kind enough to come here for a fortnight?\u201d<\/p><h3>Friday 19th february 1858: the first candle<\/h3><p>Bernadette came to the Grotto with a lighted blessed candle. This is the origin of carrying candles and lighting them in front of the Grotto.<\/p><h3>Saturday 20th february 1858: in silence<\/h3><p>The Lady taught her a personal prayer. At the end of the vision Bernadette is overcome with a great sadness.<\/p><h3>Sunday 21th february 1858: \u201cAquero\u201d<\/h3><p>The Lady appeared to Bernadette very early in the morning. About one hundred people were present. Afterwards the Police Commissioner, Jacomet, questioned her. He wanted Bernadette to tell what she saw. Bernadette would only speak of \u201cAQU\u00c9RO\u201d (\u201cthat thing\u201d in local dialect)<\/p><h3>Tuesday 23th february 1858: the secret<\/h3><p>Surrounded by 150 persons, Bernadette arrived at the Grotto. The Apparition reveals to her a secret \u201conly for her alone\u201d.<\/p><h3>Wednesday 24th february 1858: \u00abPenance !\u00bb<\/h3><p>The message of the Lady: \u201cPenance! Penance! Penance! Pray to God for sinners. Kiss the ground as an act of penance for sinners!\u201d<\/p><h3>Thursday 25th february 1858: the spring<\/h3><p>Three hundred people were present. Bernadette relates; \u201cShe told me to go, drink of the spring (\u2026.) I only found a little muddy water. At the fourth attempt I was able to drink. She also made me eat the bitter herbs that were found near the spring, and then the vision left and went away.\u201d In front of the crowd that was asking \u201cDo you think that she is mad doing things like that?\u201d she replied; \u201cIt is for sinners.\u201d<\/p><h3>Saturday 27th february 1858: silence<\/h3><p>Eight hundred people were present. The Apparition was silent. Bernadette drank the water from the spring and carried out her usual acts of penance.<\/p><h3>Sunday 28th february 1858: the ecstasy<\/h3><p>Over one thousand people were present at the ecstasy. Bernadette prayed, kissed the ground and moved on her knees as a sign of penance. She was then taken to the house of Judge Ribes who threatened to put her in prison.<\/p><h3>Monday 1st march 1858: the first miracle<\/h3><p>Over one thousand five hundred people assembled and among them, for the first time, a priest. In the night, Catherine Latapie, a woman from Loubajac, 7 kilometres away , went to the Grotto, she plunged her dislocated arm into the water of the spring: her arm and her hand regained their movement.<\/p><h3>Tuesday 2nd march 1858: message to the priests<\/h3><p>The crowd becomes larger and larger. The Lady asked her: \u201cGo and tell the priests that people are to come here in procession and to build a chapel here.\u201d Bernadette spoke of this to Fr. Peyramale, the Parish Priest of Lourdes. He wanted to know only one thing: the Lady\u2019s name. He demanded another test; to see the wild rose bush flower at the Grotto in the middle of winter.<\/p><h3>Wednesday 3rd march 1858: a smile<\/h3><p>From 7 o\u2019clock in the morning, in the presence of three thousand people, Bernadette arrived at the Grotto, but the vision did not appear! After school, she heard the inner invitation of the Lady. She went to the Grotto and asked her again for her name. The response was a smile. The Parish Priest told her again: \u201cIf the Lady really wishes that a chapel be built, then she must tell us her name and make the rose bush bloom at the Grotto.\u201d<\/p><h3>Thursday 4 March 1858: 8,000 people at the Grotto<\/h3><p>The ever-greater crowd (about eight thousand people) waited for a miracle at the end of the fortnight. The vision was silent. Fr. Peyramale stuck to his position. For twenty days Bernadette did not go to the Grotto, she no longer felt the irresistible invitation.<\/p><h3>Thursday 25th march 1858: the name they waited for !<\/h3><p>The vision finally revealed her name, but the wild rose bush, on which she stood during the Apparitions, did not bloom. Bernadette recounted : \u201cShe extended her arms towards the ground, then joined them as though in prayer and said Que soy era Immaculada Concepciou (I am the Immaculate Conception)\u201d. The young visionary left and, running all the way, repeated continuously the words that she did not understand. These words troubled the brave Parish Priest. Bernadette was ignorant of the fact that this theological expression was assigned to the Blessed Virgin. Four years earlier, in 1854, Pope Pius IX declared this a truth of the Catholic Faith (a dogma).<\/p><h3>Wednesday 7th april 1858: the miracle of the candle<\/h3><p>During this apparition, Bernadette had to keep her candle alight. The flame licked along her hand without burning it. A medical doctor, Dr. Douzous, immediately witnessed this fact.<\/p><h3>Friday 16th july 1858 : the final apparition<\/h3><p>Bernadette received the mysterious call to the Grotto, but her way was blocked and closed off by a barrier. She thus arrived across from the Grotto to the other side of the Gave. \u201cI felt that I was in front of the Grotto, at the same distance as before, I saw only the Blessed Virgin, and she was more beautiful than ever!\u201d<\/p><\/div><\/div><\/div><\/div><\/div><\/section>\t\t\t\t\t\t\t\t<\/div>\n\t\t\t\t<\/div>\n\t\t\t\t<div class=\"elementor-element elementor-element-c470a4d elementor-widget elementor-widget-image\" data-id=\"c470a4d\" data-element_type=\"widget\" data-widget_type=\"image.default\">\n\t\t\t\t<div class=\"elementor-widget-container\">\n\t\t\t\t\t\t\t\t\t\t\t\t\t\t\t<img fetchpriority=\"high\" decoding=\"async\" width=\"1200\" height=\"800\" src=\"https:\/\/www.lourdes-france.com\/wp-content\/uploads\/2021\/11\/gemail-ok.jpg\" class=\"attachment-full size-full wp-image-3300\" alt=\"\" srcset=\"https:\/\/www.lourdes-france.com\/wp-content\/uploads\/2021\/11\/gemail-ok.jpg 1200w, https:\/\/www.lourdes-france.com\/wp-content\/uploads\/2021\/11\/gemail-ok-300x200.jpg 300w, https:\/\/www.lourdes-france.com\/wp-content\/uploads\/2021\/11\/gemail-ok-1024x683.jpg 1024w, https:\/\/www.lourdes-france.com\/wp-content\/uploads\/2021\/11\/gemail-ok-768x512.jpg 768w\" sizes=\"(max-width: 1200px) 100vw, 1200px\" \/>\t\t\t\t\t\t\t\t\t\t\t\t\t\t\t<\/div>\n\t\t\t\t<\/div>\n\t\t\t\t\t<\/div>\n\t\t<\/div>\n\t\t\t\t\t<\/div>\n\t\t<\/section>\n\t\t\t\t<\/div>\n\t\t","protected":false},"excerpt":{"rendered":"<p>Thursday 11 February 1858: the first meeting Accompanied by her sister and a friend, Bernadette went to Massabielle on the banks of the Gave to collect bones and dead wood. Removing her socks in order to cross the stream, she &hellip; <a href=\"https:\/\/www.lourdes-france.com\/en\/the-apparitions\/\">Continued<\/a><\/p>\n","protected":false},"author":2,"featured_media":3353,"parent":0,"menu_order":0,"comment_status":"closed","ping_status":"closed","template":"","meta":{"_acf_changed":false,"footnotes":""},"class_list":["post-780958","page","type-page","status-publish","has-post-thumbnail","hentry"],"acf":[],"yoast_head":"<!-- This site is optimized with the Yoast SEO Premium plugin v24.0 (Yoast SEO v26.3) - https:\/\/yoast.com\/wordpress\/plugins\/seo\/ -->\n<title>Les Apparitions de Lourdes - Vivre le p\u00e8lerinage de Lourdes<\/title>\n<meta name=\"description\" content=\"Le r\u00e9cit des apparitions de Marie \u00e0 Bernadette Soubirous, du 11 f\u00e9vrier au 16 juillet 1858. Le 25 mars l&#039;apparition se r\u00e9v\u00e8le \u00eatre &quot;l&#039;Immacul\u00e9e Conception&quot;.\" \/>\n<meta name=\"robots\" content=\"index, follow, max-snippet:-1, max-image-preview:large, max-video-preview:-1\" \/>\n<link rel=\"canonical\" href=\"https:\/\/www.lourdes-france.com\/en\/the-apparitions\/\" \/>\n<meta property=\"og:locale\" content=\"en_US\" \/>\n<meta property=\"og:type\" content=\"article\" \/>\n<meta property=\"og:title\" content=\"The apparitions\" \/>\n<meta property=\"og:description\" content=\"Le r\u00e9cit des apparitions de Marie \u00e0 Bernadette Soubirous, du 11 f\u00e9vrier au 16 juillet 1858. Le 25 mars l&#039;apparition se r\u00e9v\u00e8le \u00eatre &quot;l&#039;Immacul\u00e9e Conception&quot;.\" \/>\n<meta property=\"og:url\" content=\"https:\/\/www.lourdes-france.com\/en\/the-apparitions\/\" \/>\n<meta property=\"og:site_name\" content=\"Vivre le p\u00e8lerinage de Lourdes\" \/>\n<meta property=\"article:modified_time\" content=\"2025-06-25T15:00:23+00:00\" \/>\n<meta property=\"og:image\" content=\"https:\/\/www.lourdes-france.com\/wp-content\/uploads\/2021\/11\/grotte-apparition_mise-en-avant-1.jpg\" \/>\n\t<meta property=\"og:image:width\" content=\"2362\" \/>\n\t<meta property=\"og:image:height\" content=\"1507\" \/>\n\t<meta property=\"og:image:type\" content=\"image\/jpeg\" \/>\n<meta name=\"twitter:card\" content=\"summary_large_image\" \/>\n<meta name=\"twitter:label1\" content=\"Est. reading time\" \/>\n\t<meta name=\"twitter:data1\" content=\"5 minutes\" \/>\n<script type=\"application\/ld+json\" class=\"yoast-schema-graph\">{\"@context\":\"https:\/\/schema.org\",\"@graph\":[{\"@type\":\"WebPage\",\"@id\":\"https:\/\/www.lourdes-france.com\/en\/the-apparitions\/\",\"url\":\"https:\/\/www.lourdes-france.com\/en\/the-apparitions\/\",\"name\":\"Les Apparitions de Lourdes - Vivre le p\u00e8lerinage de Lourdes\",\"isPartOf\":{\"@id\":\"https:\/\/www.lourdes-france.com\/en\/#website\"},\"primaryImageOfPage\":{\"@id\":\"https:\/\/www.lourdes-france.com\/en\/the-apparitions\/#primaryimage\"},\"image\":{\"@id\":\"https:\/\/www.lourdes-france.com\/en\/the-apparitions\/#primaryimage\"},\"thumbnailUrl\":\"https:\/\/www.lourdes-france.com\/wp-content\/uploads\/2021\/11\/grotte-apparition_mise-en-avant-1.jpg\",\"datePublished\":\"2021-11-12T13:41:13+00:00\",\"dateModified\":\"2025-06-25T15:00:23+00:00\",\"description\":\"Le r\u00e9cit des apparitions de Marie \u00e0 Bernadette Soubirous, du 11 f\u00e9vrier au 16 juillet 1858. Le 25 mars l'apparition se r\u00e9v\u00e8le \u00eatre \\\"l'Immacul\u00e9e Conception\\\".\",\"breadcrumb\":{\"@id\":\"https:\/\/www.lourdes-france.com\/en\/the-apparitions\/#breadcrumb\"},\"inLanguage\":\"en-US\",\"potentialAction\":[{\"@type\":\"ReadAction\",\"target\":[\"https:\/\/www.lourdes-france.com\/en\/the-apparitions\/\"]}]},{\"@type\":\"ImageObject\",\"inLanguage\":\"en-US\",\"@id\":\"https:\/\/www.lourdes-france.com\/en\/the-apparitions\/#primaryimage\",\"url\":\"https:\/\/www.lourdes-france.com\/wp-content\/uploads\/2021\/11\/grotte-apparition_mise-en-avant-1.jpg\",\"contentUrl\":\"https:\/\/www.lourdes-france.com\/wp-content\/uploads\/2021\/11\/grotte-apparition_mise-en-avant-1.jpg\",\"width\":2362,\"height\":1507},{\"@type\":\"BreadcrumbList\",\"@id\":\"https:\/\/www.lourdes-france.com\/en\/the-apparitions\/#breadcrumb\",\"itemListElement\":[{\"@type\":\"ListItem\",\"position\":1,\"name\":\"Accueil\",\"item\":\"https:\/\/www.lourdes-france.com\/en\/\"},{\"@type\":\"ListItem\",\"position\":2,\"name\":\"The apparitions\"}]},{\"@type\":\"WebSite\",\"@id\":\"https:\/\/www.lourdes-france.com\/en\/#website\",\"url\":\"https:\/\/www.lourdes-france.com\/en\/\",\"name\":\"Sanctuaire Notre-Dame de Lourdes\",\"description\":\"\",\"publisher\":{\"@id\":\"https:\/\/www.lourdes-france.com\/en\/#organization\"},\"potentialAction\":[{\"@type\":\"SearchAction\",\"target\":{\"@type\":\"EntryPoint\",\"urlTemplate\":\"https:\/\/www.lourdes-france.com\/en\/?s={search_term_string}\"},\"query-input\":{\"@type\":\"PropertyValueSpecification\",\"valueRequired\":true,\"valueName\":\"search_term_string\"}}],\"inLanguage\":\"en-US\"},{\"@type\":\"Organization\",\"@id\":\"https:\/\/www.lourdes-france.com\/en\/#organization\",\"name\":\"Sanctuaire Notre-Dame de Lourdes\",\"url\":\"https:\/\/www.lourdes-france.com\/en\/\",\"logo\":{\"@type\":\"ImageObject\",\"inLanguage\":\"en-US\",\"@id\":\"https:\/\/www.lourdes-france.com\/en\/#\/schema\/logo\/image\/\",\"url\":\"https:\/\/www.lourdes-france.com\/wp-content\/uploads\/2021\/11\/logo-small.png\",\"contentUrl\":\"https:\/\/www.lourdes-france.com\/wp-content\/uploads\/2021\/11\/logo-small.png\",\"width\":834,\"height\":521,\"caption\":\"Sanctuaire Notre-Dame de Lourdes\"},\"image\":{\"@id\":\"https:\/\/www.lourdes-france.com\/en\/#\/schema\/logo\/image\/\"}}]}<\/script>\n<!-- \/ Yoast SEO Premium plugin. -->","yoast_head_json":{"title":"Les Apparitions de Lourdes - Vivre le p\u00e8lerinage de Lourdes","description":"Le r\u00e9cit des apparitions de Marie \u00e0 Bernadette Soubirous, du 11 f\u00e9vrier au 16 juillet 1858. Le 25 mars l'apparition se r\u00e9v\u00e8le \u00eatre \"l'Immacul\u00e9e Conception\".","robots":{"index":"index","follow":"follow","max-snippet":"max-snippet:-1","max-image-preview":"max-image-preview:large","max-video-preview":"max-video-preview:-1"},"canonical":"https:\/\/www.lourdes-france.com\/en\/the-apparitions\/","og_locale":"en_US","og_type":"article","og_title":"The apparitions","og_description":"Le r\u00e9cit des apparitions de Marie \u00e0 Bernadette Soubirous, du 11 f\u00e9vrier au 16 juillet 1858. Le 25 mars l'apparition se r\u00e9v\u00e8le \u00eatre \"l'Immacul\u00e9e Conception\".","og_url":"https:\/\/www.lourdes-france.com\/en\/the-apparitions\/","og_site_name":"Vivre le p\u00e8lerinage de Lourdes","article_modified_time":"2025-06-25T15:00:23+00:00","og_image":[{"width":2362,"height":1507,"url":"https:\/\/www.lourdes-france.com\/wp-content\/uploads\/2021\/11\/grotte-apparition_mise-en-avant-1.jpg","type":"image\/jpeg"}],"twitter_card":"summary_large_image","twitter_misc":{"Est. reading time":"5 minutes"},"schema":{"@context":"https:\/\/schema.org","@graph":[{"@type":"WebPage","@id":"https:\/\/www.lourdes-france.com\/en\/the-apparitions\/","url":"https:\/\/www.lourdes-france.com\/en\/the-apparitions\/","name":"Les Apparitions de Lourdes - Vivre le p\u00e8lerinage de Lourdes","isPartOf":{"@id":"https:\/\/www.lourdes-france.com\/en\/#website"},"primaryImageOfPage":{"@id":"https:\/\/www.lourdes-france.com\/en\/the-apparitions\/#primaryimage"},"image":{"@id":"https:\/\/www.lourdes-france.com\/en\/the-apparitions\/#primaryimage"},"thumbnailUrl":"https:\/\/www.lourdes-france.com\/wp-content\/uploads\/2021\/11\/grotte-apparition_mise-en-avant-1.jpg","datePublished":"2021-11-12T13:41:13+00:00","dateModified":"2025-06-25T15:00:23+00:00","description":"Le r\u00e9cit des apparitions de Marie \u00e0 Bernadette Soubirous, du 11 f\u00e9vrier au 16 juillet 1858. Le 25 mars l'apparition se r\u00e9v\u00e8le \u00eatre \"l'Immacul\u00e9e Conception\".","breadcrumb":{"@id":"https:\/\/www.lourdes-france.com\/en\/the-apparitions\/#breadcrumb"},"inLanguage":"en-US","potentialAction":[{"@type":"ReadAction","target":["https:\/\/www.lourdes-france.com\/en\/the-apparitions\/"]}]},{"@type":"ImageObject","inLanguage":"en-US","@id":"https:\/\/www.lourdes-france.com\/en\/the-apparitions\/#primaryimage","url":"https:\/\/www.lourdes-france.com\/wp-content\/uploads\/2021\/11\/grotte-apparition_mise-en-avant-1.jpg","contentUrl":"https:\/\/www.lourdes-france.com\/wp-content\/uploads\/2021\/11\/grotte-apparition_mise-en-avant-1.jpg","width":2362,"height":1507},{"@type":"BreadcrumbList","@id":"https:\/\/www.lourdes-france.com\/en\/the-apparitions\/#breadcrumb","itemListElement":[{"@type":"ListItem","position":1,"name":"Accueil","item":"https:\/\/www.lourdes-france.com\/en\/"},{"@type":"ListItem","position":2,"name":"The apparitions"}]},{"@type":"WebSite","@id":"https:\/\/www.lourdes-france.com\/en\/#website","url":"https:\/\/www.lourdes-france.com\/en\/","name":"Sanctuaire Notre-Dame de Lourdes","description":"","publisher":{"@id":"https:\/\/www.lourdes-france.com\/en\/#organization"},"potentialAction":[{"@type":"SearchAction","target":{"@type":"EntryPoint","urlTemplate":"https:\/\/www.lourdes-france.com\/en\/?s={search_term_string}"},"query-input":{"@type":"PropertyValueSpecification","valueRequired":true,"valueName":"search_term_string"}}],"inLanguage":"en-US"},{"@type":"Organization","@id":"https:\/\/www.lourdes-france.com\/en\/#organization","name":"Sanctuaire Notre-Dame de Lourdes","url":"https:\/\/www.lourdes-france.com\/en\/","logo":{"@type":"ImageObject","inLanguage":"en-US","@id":"https:\/\/www.lourdes-france.com\/en\/#\/schema\/logo\/image\/","url":"https:\/\/www.lourdes-france.com\/wp-content\/uploads\/2021\/11\/logo-small.png","contentUrl":"https:\/\/www.lourdes-france.com\/wp-content\/uploads\/2021\/11\/logo-small.png","width":834,"height":521,"caption":"Sanctuaire Notre-Dame de Lourdes"},"image":{"@id":"https:\/\/www.lourdes-france.com\/en\/#\/schema\/logo\/image\/"}}]}},"_links":{"self":[{"href":"https:\/\/www.lourdes-france.com\/en\/wp-json\/wp\/v2\/pages\/780958","targetHints":{"allow":["GET"]}}],"collection":[{"href":"https:\/\/www.lourdes-france.com\/en\/wp-json\/wp\/v2\/pages"}],"about":[{"href":"https:\/\/www.lourdes-france.com\/en\/wp-json\/wp\/v2\/types\/page"}],"author":[{"embeddable":true,"href":"https:\/\/www.lourdes-france.com\/en\/wp-json\/wp\/v2\/users\/2"}],"replies":[{"embeddable":true,"href":"https:\/\/www.lourdes-france.com\/en\/wp-json\/wp\/v2\/comments?post=780958"}],"version-history":[{"count":10,"href":"https:\/\/www.lourdes-france.com\/en\/wp-json\/wp\/v2\/pages\/780958\/revisions"}],"predecessor-version":[{"id":858046,"href":"https:\/\/www.lourdes-france.com\/en\/wp-json\/wp\/v2\/pages\/780958\/revisions\/858046"}],"wp:featuredmedia":[{"embeddable":true,"href":"https:\/\/www.lourdes-france.com\/en\/wp-json\/wp\/v2\/media\/3353"}],"wp:attachment":[{"href":"https:\/\/www.lourdes-france.com\/en\/wp-json\/wp\/v2\/media?parent=780958"}],"curies":[{"name":"wp","href":"https:\/\/api.w.org\/{rel}","templated":true}]}}