{"id":857484,"date":"2025-06-23T09:52:16","date_gmt":"2025-06-23T07:52:16","guid":{"rendered":"https:\/\/www.lourdes-france.com\/theme-pastoral\/"},"modified":"2025-12-31T09:32:22","modified_gmt":"2025-12-31T08:32:22","slug":"theme-pastoral","status":"publish","type":"page","link":"https:\/\/www.lourdes-france.com\/de\/theme-pastoral\/","title":{"rendered":"Th\u00e8me pastoral"},"content":{"rendered":"\t\t<div data-elementor-type=\"wp-page\" data-elementor-id=\"857484\" class=\"elementor elementor-857484 elementor-857466\" data-elementor-post-type=\"page\">\n\t\t\t\t\t\t<section class=\"elementor-section elementor-top-section elementor-element elementor-element-c7be449 elementor-section-full_width elementor-section-stretched elementor-section-height-default elementor-section-height-default\" data-id=\"c7be449\" data-element_type=\"section\" data-settings=\"{&quot;stretch_section&quot;:&quot;section-stretched&quot;,&quot;background_background&quot;:&quot;classic&quot;}\">\n\t\t\t\t\t\t\t<div class=\"elementor-background-overlay\"><\/div>\n\t\t\t\t\t\t\t<div class=\"elementor-container elementor-column-gap-default\">\n\t\t\t\t\t<div class=\"elementor-column elementor-col-100 elementor-top-column elementor-element elementor-element-230c0d2\" data-id=\"230c0d2\" data-element_type=\"column\">\n\t\t\t<div class=\"elementor-widget-wrap elementor-element-populated\">\n\t\t\t\t\t\t<div class=\"elementor-element elementor-element-65c237f elementor-widget elementor-widget-heading\" data-id=\"65c237f\" data-element_type=\"widget\" data-widget_type=\"heading.default\">\n\t\t\t\t<div class=\"elementor-widget-container\">\n\t\t\t\t\t<h2 class=\"elementor-heading-title elementor-size-default\">Pastoralthema der Wallfahrtsst\u00e4tte Lourdes<\/h2>\t\t\t\t<\/div>\n\t\t\t\t<\/div>\n\t\t\t\t\t<\/div>\n\t\t<\/div>\n\t\t\t\t\t<\/div>\n\t\t<\/section>\n\t\t\t\t<section class=\"elementor-section elementor-top-section elementor-element elementor-element-40a53ad elementor-section-boxed elementor-section-height-default elementor-section-height-default\" data-id=\"40a53ad\" data-element_type=\"section\">\n\t\t\t\t\t\t<div class=\"elementor-container elementor-column-gap-default\">\n\t\t\t\t\t<div class=\"elementor-column elementor-col-100 elementor-top-column elementor-element elementor-element-f76dba4\" data-id=\"f76dba4\" data-element_type=\"column\">\n\t\t\t<div class=\"elementor-widget-wrap elementor-element-populated\">\n\t\t\t\t\t\t<div class=\"elementor-element elementor-element-2c49c77 elementor-widget elementor-widget-spacer\" data-id=\"2c49c77\" data-element_type=\"widget\" data-widget_type=\"spacer.default\">\n\t\t\t\t<div class=\"elementor-widget-container\">\n\t\t\t\t\t\t\t<div class=\"elementor-spacer\">\n\t\t\t<div class=\"elementor-spacer-inner\"><\/div>\n\t\t<\/div>\n\t\t\t\t\t\t<\/div>\n\t\t\t\t<\/div>\n\t\t\t\t<div class=\"elementor-element elementor-element-7a3b92e elementor-widget elementor-widget-text-editor\" data-id=\"7a3b92e\" data-element_type=\"widget\" data-widget_type=\"text-editor.default\">\n\t\t\t\t<div class=\"elementor-widget-container\">\n\t\t\t\t\t\t\t\t\t<h2 class=\"s5\" style=\"text-align: center;\"><span class=\"s4\">Lourdes, Meditation 2026<\/span><\/h2><h3 class=\"s5\" style=\"text-align: center;\"><span class=\"s4\">\u201eSei gegr\u00fc\u00dft, du Begnadete, <\/span><span class=\"s4\">der Herr ist mit dir\u201c<\/span><\/h3><h5 style=\"text-align: center;\">P. Nicola Ventriglia, omi<br \/>P. Giuseppe Serighelli, cp<\/h5><p>Jedes Jahr stellt die Wallfahrtsst\u00e4tte Unserer Lieben Frau von Lourdes ein Thema vor, das einen grundlegenden pastoralen und programmatischen Rahmen f\u00fcr die Organisatoren und Ve- ranstalter von Wallfahrten darstellt.<br \/>Es soll Ideen f\u00fcr die Gestaltung von Wallfahrten und das Leben im Heiligtum w\u00e4hrend des Jahres liefern.<\/p><p>In den kommenden drei Jahren l\u00e4dt uns die Wallfahrtsst\u00e4tte Lourdes zu einer geistlichen Wallfahrt ein, zu einem Weg in das Herz der Erfahrung der Jungfrau Maria:<br \/><strong>2026 : die Verk\u00fcndigung<br \/><\/strong>2027 : die Heimsuchung<br \/>2028 : das Magnificat und 170 Jahre Erscheinungen<\/p><p>In diesem Jahr beginnen, mit der Erz\u00e4hlung der Verk\u00fcndigung als Leitfaden lassen wir uns f\u00fchren.<br \/>Unser Wunsch: Maria an der Schwelle ihres unglaublichen Glaubensabenteuers zu betrachten, ganz am Anfang ihres absoluten Vertrauens in den Willen Gottes.<br \/>\u00d6ffnen wir unser Herz f\u00fcr das Wort.<\/p>\t\t\t\t\t\t\t\t<\/div>\n\t\t\t\t<\/div>\n\t\t\t\t<div class=\"elementor-element elementor-element-94cd5fe elementor-widget elementor-widget-image\" data-id=\"94cd5fe\" data-element_type=\"widget\" data-widget_type=\"image.default\">\n\t\t\t\t<div class=\"elementor-widget-container\">\n\t\t\t\t\t\t\t\t\t\t\t\t\t\t\t<img fetchpriority=\"high\" decoding=\"async\" width=\"2560\" height=\"2560\" src=\"https:\/\/www.lourdes-france.com\/wp-content\/uploads\/2025\/11\/logo-DE_jetesalue-logo-scaled.png\" class=\"attachment-full size-full wp-image-865864\" alt=\"\" srcset=\"https:\/\/www.lourdes-france.com\/wp-content\/uploads\/2025\/11\/logo-DE_jetesalue-logo-scaled.png 2560w, https:\/\/www.lourdes-france.com\/wp-content\/uploads\/2025\/11\/logo-DE_jetesalue-logo-300x300.png 300w, https:\/\/www.lourdes-france.com\/wp-content\/uploads\/2025\/11\/logo-DE_jetesalue-logo-1024x1024.png 1024w, https:\/\/www.lourdes-france.com\/wp-content\/uploads\/2025\/11\/logo-DE_jetesalue-logo-150x150.png 150w, https:\/\/www.lourdes-france.com\/wp-content\/uploads\/2025\/11\/logo-DE_jetesalue-logo-768x768.png 768w, https:\/\/www.lourdes-france.com\/wp-content\/uploads\/2025\/11\/logo-DE_jetesalue-logo-1536x1536.png 1536w, https:\/\/www.lourdes-france.com\/wp-content\/uploads\/2025\/11\/logo-DE_jetesalue-logo-2048x2048.png 2048w\" sizes=\"(max-width: 2560px) 100vw, 2560px\" \/>\t\t\t\t\t\t\t\t\t\t\t\t\t\t\t<\/div>\n\t\t\t\t<\/div>\n\t\t\t\t<div class=\"elementor-element elementor-element-6673f80 elementor-widget elementor-widget-ucaddon_blox_btn_group\" data-id=\"6673f80\" data-element_type=\"widget\" data-widget_type=\"ucaddon_blox_btn_group.default\">\n\t\t\t\t<div class=\"elementor-widget-container\">\n\t\t\t\t\t\n<!-- start Button Group -->\n\t\t<link id='font-awesome-css' href='https:\/\/www.lourdes-france.com\/wp-content\/plugins\/unlimited-elements-for-elementor_disabled\/assets_libraries\/font-awesome6\/fontawesome-all.min.css' type='text\/css' rel='stylesheet' >\n\t\t<link id='font-awesome-4-shim-css' href='https:\/\/www.lourdes-france.com\/wp-content\/plugins\/unlimited-elements-for-elementor_disabled\/assets_libraries\/font-awesome6\/fontawesome-v4-shims.min.css' type='text\/css' rel='stylesheet' >\n\n<style>\/* widget: Button Group *\/\n\n#uc_blox_btn_group_elementor_6673f80\n{\n  display:flex;\n  flex-wrap: wrap;\n}\n\n#uc_blox_btn_group_elementor_6673f80 a\n{\n  display:block;\n  text-decoration:none;\n  transition:0.3s;\n\n}\n\n#uc_blox_btn_group_elementor_6673f80 .blox_btn_group_inner\n{\n  display:inline-flex;\n  align-items:center;\n}\n\n#uc_blox_btn_group_elementor_6673f80 .blox_btn_group_inner .ue-btn-icon\n{\n  line-height:1em;\n}\n\n#uc_blox_btn_group_elementor_6673f80 .blox_btn_group_inner .ue-btn-icon svg\n{\n  height:1em;\n  width:1em;\n}\n\n<\/style>\n\n<div id=\"uc_blox_btn_group_elementor_6673f80\" class=\"blox_btn_group uc-items-wrapper \" >\n  <a class=\"elementor-repeater-item-af1182c elementor-animation-grow\" href=\"https:\/\/lourdes-france.com\/uploads\/logo2026\/DE.zip\" id=\"uc_blox_btn_group_elementor_6673f80_item1\" >\n  <div class=\"blox_btn_group_inner\">\n        <div class=\"ue-btn-icon\"><i class='fas fa-file-download'><\/i><\/div>\n        <div class=\"ue-btn-txt\"> Logo zum herunterladen<\/div>\n  <\/div>\n<\/a>\n<a class=\"elementor-repeater-item-dfb12e0 elementor-animation-grow\" href=\"https:\/\/lourdes-france.com\/uploads\/kit2026\/kitDE.zip\" id=\"uc_blox_btn_group_elementor_6673f80_item2\" >\n  <div class=\"blox_btn_group_inner\">\n        <div class=\"ue-btn-icon\"><i class='fas fa-file-download'><\/i><\/div>\n        <div class=\"ue-btn-txt\"> Kommunikationspaket herunterladen<\/div>\n  <\/div>\n<\/a>\n<a class=\"elementor-repeater-item-1bf2182 elementor-animation-grow\" href=\"https:\/\/www.lourdes-france.com\/wp-content\/uploads\/2025\/11\/THEME-ANNEE_DE.pdf\" id=\"uc_blox_btn_group_elementor_6673f80_item3\" >\n  <div class=\"blox_btn_group_inner\">\n        <div class=\"ue-btn-icon\"><i class='fas fa-file-download'><\/i><\/div>\n        <div class=\"ue-btn-txt\"> Zum jahresthema 2026<\/div>\n  <\/div>\n<\/a>\n\n  \n\n\n<\/div>\n<!-- end Button Group -->\t\t\t\t<\/div>\n\t\t\t\t<\/div>\n\t\t\t\t\t<\/div>\n\t\t<\/div>\n\t\t\t\t\t<\/div>\n\t\t<\/section>\n\t\t\t\t<\/div>\n\t\t","protected":false},"excerpt":{"rendered":"<p>Pastoralthema der Wallfahrtsst\u00e4tte Lourdes Lourdes, Meditation 2026 \u201eSei gegr\u00fc\u00dft, du Begnadete, der Herr ist mit dir\u201c P. Nicola Ventriglia, omiP. Giuseppe Serighelli, cp Jedes Jahr stellt die Wallfahrtsst\u00e4tte Unserer Lieben Frau von Lourdes ein Thema vor, das einen grundlegenden pastoralen &hellip; <a href=\"https:\/\/www.lourdes-france.com\/de\/theme-pastoral\/\">Weiter<\/a><\/p>\n","protected":false},"author":9,"featured_media":0,"parent":0,"menu_order":0,"comment_status":"closed","ping_status":"closed","template":"","meta":{"_acf_changed":false,"footnotes":""},"class_list":["post-857484","page","type-page","status-publish","hentry"],"acf":[],"yoast_head":"<!-- This site is optimized with the Yoast SEO Premium plugin v24.0 (Yoast SEO v26.3) - https:\/\/yoast.com\/wordpress\/plugins\/seo\/ -->\n<title>Th\u00e8me pastoral - Vivre le p\u00e8lerinage de Lourdes<\/title>\n<meta name=\"robots\" content=\"index, follow, max-snippet:-1, max-image-preview:large, max-video-preview:-1\" \/>\n<link rel=\"canonical\" href=\"https:\/\/www.lourdes-france.com\/de\/theme-pastoral\/\" \/>\n<meta property=\"og:locale\" content=\"de_DE\" \/>\n<meta property=\"og:type\" content=\"article\" \/>\n<meta property=\"og:title\" content=\"Th\u00e8me pastoral\" \/>\n<meta property=\"og:description\" content=\"Pastoralthema der Wallfahrtsst\u00e4tte Lourdes Lourdes, Meditation 2026 \u201eSei gegr\u00fc\u00dft, du Begnadete, der Herr ist mit dir\u201c P. Nicola Ventriglia, omiP. Giuseppe Serighelli, cp Jedes Jahr stellt die Wallfahrtsst\u00e4tte Unserer Lieben Frau von Lourdes ein Thema vor, das einen grundlegenden pastoralen &hellip; Weiter\" \/>\n<meta property=\"og:url\" content=\"https:\/\/www.lourdes-france.com\/de\/theme-pastoral\/\" \/>\n<meta property=\"og:site_name\" content=\"Vivre le p\u00e8lerinage de Lourdes\" \/>\n<meta property=\"article:modified_time\" content=\"2025-12-31T08:32:22+00:00\" \/>\n<meta property=\"og:image\" content=\"https:\/\/www.lourdes-france.com\/wp-content\/uploads\/2025\/11\/logo-DE_jetesalue-logo-scaled.png\" \/>\n\t<meta property=\"og:image:width\" content=\"2560\" \/>\n\t<meta property=\"og:image:height\" content=\"2560\" \/>\n\t<meta property=\"og:image:type\" content=\"image\/png\" \/>\n<meta name=\"twitter:card\" content=\"summary_large_image\" \/>\n<meta name=\"twitter:label1\" content=\"Gesch\u00e4tzte Lesezeit\" \/>\n\t<meta name=\"twitter:data1\" content=\"2\u00a0Minuten\" \/>\n<script type=\"application\/ld+json\" class=\"yoast-schema-graph\">{\"@context\":\"https:\/\/schema.org\",\"@graph\":[{\"@type\":\"WebPage\",\"@id\":\"https:\/\/www.lourdes-france.com\/de\/theme-pastoral\/\",\"url\":\"https:\/\/www.lourdes-france.com\/de\/theme-pastoral\/\",\"name\":\"Th\u00e8me pastoral - Vivre le p\u00e8lerinage de Lourdes\",\"isPartOf\":{\"@id\":\"https:\/\/www.lourdes-france.com\/de\/#website\"},\"primaryImageOfPage\":{\"@id\":\"https:\/\/www.lourdes-france.com\/de\/theme-pastoral\/#primaryimage\"},\"image\":{\"@id\":\"https:\/\/www.lourdes-france.com\/de\/theme-pastoral\/#primaryimage\"},\"thumbnailUrl\":\"https:\/\/www.lourdes-france.com\/wp-content\/uploads\/2025\/11\/logo-DE_jetesalue-logo-scaled.png\",\"datePublished\":\"2025-06-23T07:52:16+00:00\",\"dateModified\":\"2025-12-31T08:32:22+00:00\",\"breadcrumb\":{\"@id\":\"https:\/\/www.lourdes-france.com\/de\/theme-pastoral\/#breadcrumb\"},\"inLanguage\":\"de\",\"potentialAction\":[{\"@type\":\"ReadAction\",\"target\":[\"https:\/\/www.lourdes-france.com\/de\/theme-pastoral\/\"]}]},{\"@type\":\"ImageObject\",\"inLanguage\":\"de\",\"@id\":\"https:\/\/www.lourdes-france.com\/de\/theme-pastoral\/#primaryimage\",\"url\":\"https:\/\/www.lourdes-france.com\/wp-content\/uploads\/2025\/11\/logo-DE_jetesalue-logo-scaled.png\",\"contentUrl\":\"https:\/\/www.lourdes-france.com\/wp-content\/uploads\/2025\/11\/logo-DE_jetesalue-logo-scaled.png\"},{\"@type\":\"BreadcrumbList\",\"@id\":\"https:\/\/www.lourdes-france.com\/de\/theme-pastoral\/#breadcrumb\",\"itemListElement\":[{\"@type\":\"ListItem\",\"position\":1,\"name\":\"Accueil\",\"item\":\"https:\/\/www.lourdes-france.com\/de\/\"},{\"@type\":\"ListItem\",\"position\":2,\"name\":\"Th\u00e8me pastoral\"}]},{\"@type\":\"WebSite\",\"@id\":\"https:\/\/www.lourdes-france.com\/de\/#website\",\"url\":\"https:\/\/www.lourdes-france.com\/de\/\",\"name\":\"Sanctuaire Notre-Dame de Lourdes\",\"description\":\"\",\"publisher\":{\"@id\":\"https:\/\/www.lourdes-france.com\/de\/#organization\"},\"potentialAction\":[{\"@type\":\"SearchAction\",\"target\":{\"@type\":\"EntryPoint\",\"urlTemplate\":\"https:\/\/www.lourdes-france.com\/de\/?s={search_term_string}\"},\"query-input\":{\"@type\":\"PropertyValueSpecification\",\"valueRequired\":true,\"valueName\":\"search_term_string\"}}],\"inLanguage\":\"de\"},{\"@type\":\"Organization\",\"@id\":\"https:\/\/www.lourdes-france.com\/de\/#organization\",\"name\":\"Sanctuaire Notre-Dame de Lourdes\",\"url\":\"https:\/\/www.lourdes-france.com\/de\/\",\"logo\":{\"@type\":\"ImageObject\",\"inLanguage\":\"de\",\"@id\":\"https:\/\/www.lourdes-france.com\/de\/#\/schema\/logo\/image\/\",\"url\":\"https:\/\/www.lourdes-france.com\/wp-content\/uploads\/2021\/11\/logo-small.png\",\"contentUrl\":\"https:\/\/www.lourdes-france.com\/wp-content\/uploads\/2021\/11\/logo-small.png\",\"width\":834,\"height\":521,\"caption\":\"Sanctuaire Notre-Dame de Lourdes\"},\"image\":{\"@id\":\"https:\/\/www.lourdes-france.com\/de\/#\/schema\/logo\/image\/\"}}]}<\/script>\n<!-- \/ Yoast SEO Premium plugin. -->","yoast_head_json":{"title":"Th\u00e8me pastoral - Vivre le p\u00e8lerinage de Lourdes","robots":{"index":"index","follow":"follow","max-snippet":"max-snippet:-1","max-image-preview":"max-image-preview:large","max-video-preview":"max-video-preview:-1"},"canonical":"https:\/\/www.lourdes-france.com\/de\/theme-pastoral\/","og_locale":"de_DE","og_type":"article","og_title":"Th\u00e8me pastoral","og_description":"Pastoralthema der Wallfahrtsst\u00e4tte Lourdes Lourdes, Meditation 2026 \u201eSei gegr\u00fc\u00dft, du Begnadete, der Herr ist mit dir\u201c P. Nicola Ventriglia, omiP. Giuseppe Serighelli, cp Jedes Jahr stellt die Wallfahrtsst\u00e4tte Unserer Lieben Frau von Lourdes ein Thema vor, das einen grundlegenden pastoralen &hellip; Weiter","og_url":"https:\/\/www.lourdes-france.com\/de\/theme-pastoral\/","og_site_name":"Vivre le p\u00e8lerinage de Lourdes","article_modified_time":"2025-12-31T08:32:22+00:00","og_image":[{"width":2560,"height":2560,"url":"https:\/\/www.lourdes-france.com\/wp-content\/uploads\/2025\/11\/logo-DE_jetesalue-logo-scaled.png","type":"image\/png"}],"twitter_card":"summary_large_image","twitter_misc":{"Gesch\u00e4tzte Lesezeit":"2\u00a0Minuten"},"schema":{"@context":"https:\/\/schema.org","@graph":[{"@type":"WebPage","@id":"https:\/\/www.lourdes-france.com\/de\/theme-pastoral\/","url":"https:\/\/www.lourdes-france.com\/de\/theme-pastoral\/","name":"Th\u00e8me pastoral - Vivre le p\u00e8lerinage de Lourdes","isPartOf":{"@id":"https:\/\/www.lourdes-france.com\/de\/#website"},"primaryImageOfPage":{"@id":"https:\/\/www.lourdes-france.com\/de\/theme-pastoral\/#primaryimage"},"image":{"@id":"https:\/\/www.lourdes-france.com\/de\/theme-pastoral\/#primaryimage"},"thumbnailUrl":"https:\/\/www.lourdes-france.com\/wp-content\/uploads\/2025\/11\/logo-DE_jetesalue-logo-scaled.png","datePublished":"2025-06-23T07:52:16+00:00","dateModified":"2025-12-31T08:32:22+00:00","breadcrumb":{"@id":"https:\/\/www.lourdes-france.com\/de\/theme-pastoral\/#breadcrumb"},"inLanguage":"de","potentialAction":[{"@type":"ReadAction","target":["https:\/\/www.lourdes-france.com\/de\/theme-pastoral\/"]}]},{"@type":"ImageObject","inLanguage":"de","@id":"https:\/\/www.lourdes-france.com\/de\/theme-pastoral\/#primaryimage","url":"https:\/\/www.lourdes-france.com\/wp-content\/uploads\/2025\/11\/logo-DE_jetesalue-logo-scaled.png","contentUrl":"https:\/\/www.lourdes-france.com\/wp-content\/uploads\/2025\/11\/logo-DE_jetesalue-logo-scaled.png"},{"@type":"BreadcrumbList","@id":"https:\/\/www.lourdes-france.com\/de\/theme-pastoral\/#breadcrumb","itemListElement":[{"@type":"ListItem","position":1,"name":"Accueil","item":"https:\/\/www.lourdes-france.com\/de\/"},{"@type":"ListItem","position":2,"name":"Th\u00e8me pastoral"}]},{"@type":"WebSite","@id":"https:\/\/www.lourdes-france.com\/de\/#website","url":"https:\/\/www.lourdes-france.com\/de\/","name":"Sanctuaire Notre-Dame de Lourdes","description":"","publisher":{"@id":"https:\/\/www.lourdes-france.com\/de\/#organization"},"potentialAction":[{"@type":"SearchAction","target":{"@type":"EntryPoint","urlTemplate":"https:\/\/www.lourdes-france.com\/de\/?s={search_term_string}"},"query-input":{"@type":"PropertyValueSpecification","valueRequired":true,"valueName":"search_term_string"}}],"inLanguage":"de"},{"@type":"Organization","@id":"https:\/\/www.lourdes-france.com\/de\/#organization","name":"Sanctuaire Notre-Dame de Lourdes","url":"https:\/\/www.lourdes-france.com\/de\/","logo":{"@type":"ImageObject","inLanguage":"de","@id":"https:\/\/www.lourdes-france.com\/de\/#\/schema\/logo\/image\/","url":"https:\/\/www.lourdes-france.com\/wp-content\/uploads\/2021\/11\/logo-small.png","contentUrl":"https:\/\/www.lourdes-france.com\/wp-content\/uploads\/2021\/11\/logo-small.png","width":834,"height":521,"caption":"Sanctuaire Notre-Dame de Lourdes"},"image":{"@id":"https:\/\/www.lourdes-france.com\/de\/#\/schema\/logo\/image\/"}}]}},"_links":{"self":[{"href":"https:\/\/www.lourdes-france.com\/de\/wp-json\/wp\/v2\/pages\/857484","targetHints":{"allow":["GET"]}}],"collection":[{"href":"https:\/\/www.lourdes-france.com\/de\/wp-json\/wp\/v2\/pages"}],"about":[{"href":"https:\/\/www.lourdes-france.com\/de\/wp-json\/wp\/v2\/types\/page"}],"author":[{"embeddable":true,"href":"https:\/\/www.lourdes-france.com\/de\/wp-json\/wp\/v2\/users\/9"}],"replies":[{"embeddable":true,"href":"https:\/\/www.lourdes-france.com\/de\/wp-json\/wp\/v2\/comments?post=857484"}],"version-history":[{"count":10,"href":"https:\/\/www.lourdes-france.com\/de\/wp-json\/wp\/v2\/pages\/857484\/revisions"}],"predecessor-version":[{"id":869492,"href":"https:\/\/www.lourdes-france.com\/de\/wp-json\/wp\/v2\/pages\/857484\/revisions\/869492"}],"wp:attachment":[{"href":"https:\/\/www.lourdes-france.com\/de\/wp-json\/wp\/v2\/media?parent=857484"}],"curies":[{"name":"wp","href":"https:\/\/api.w.org\/{rel}","templated":true}]}}