{"id":824046,"date":"2021-11-12T16:13:34","date_gmt":"2021-11-12T15:13:34","guid":{"rendered":"https:\/\/www.lourdes-france.com\/reconnaissance-miracle\/"},"modified":"2024-04-26T14:29:44","modified_gmt":"2024-04-26T12:29:44","slug":"die-anerkennung-eines-wunders","status":"publish","type":"page","link":"https:\/\/www.lourdes-france.com\/de\/die-anerkennung-eines-wunders\/","title":{"rendered":"Die Anerkennung eines Wunders"},"content":{"rendered":"\t\t<div data-elementor-type=\"wp-page\" data-elementor-id=\"824046\" class=\"elementor elementor-824046 elementor-3434\" data-elementor-post-type=\"page\">\n\t\t\t\t\t\t<section class=\"elementor-section elementor-top-section elementor-element elementor-element-81060cb elementor-section-stretched elementor-section-boxed elementor-section-height-default elementor-section-height-default\" data-id=\"81060cb\" data-element_type=\"section\" data-settings=\"{&quot;background_background&quot;:&quot;classic&quot;,&quot;stretch_section&quot;:&quot;section-stretched&quot;}\">\n\t\t\t\t\t\t<div class=\"elementor-container elementor-column-gap-no\">\n\t\t\t\t\t<div class=\"elementor-column elementor-col-100 elementor-top-column elementor-element elementor-element-d038c80\" data-id=\"d038c80\" data-element_type=\"column\">\n\t\t\t<div class=\"elementor-widget-wrap elementor-element-populated\">\n\t\t\t\t\t\t<div class=\"elementor-element elementor-element-92da3ef elementor-blockquote--skin-quotation elementor-widget elementor-widget-blockquote\" data-id=\"92da3ef\" data-element_type=\"widget\" data-widget_type=\"blockquote.default\">\n\t\t\t\t<div class=\"elementor-widget-container\">\n\t\t\t\t\t\t\t<blockquote class=\"elementor-blockquote\">\n\t\t\t<p class=\"elementor-blockquote__content\">\n\t\t\t\tWie sieht das Verfahren zwischen der Heilung einer Person und der m\u00f6glichen Anerkennung dieser Heilung als Wunder aus? Das Wort \u201eVerfahren (Prozedere)\u201c mit seinem gerichtlichen Aspekt wird nicht zuf\u00e4llig verwendet, denn es handelt sich um einen Prozess, der auf ein abschlie\u00dfendes Urteil abzielt. In dieses Verfahren sind einerseits die Medizin und andererseits die katholische Hierarchie einbezogen. Au\u00dferdem muss unterschieden werden, was sich in Lourdes und was in der Di\u00f6zese, in der die geheilte Person normalerweise lebt, ereignet.\t\t\t<\/p>\n\t\t\t\t\t<\/blockquote>\n\t\t\t\t\t\t<\/div>\n\t\t\t\t<\/div>\n\t\t\t\t\t<\/div>\n\t\t<\/div>\n\t\t\t\t\t<\/div>\n\t\t<\/section>\n\t\t\t\t<section class=\"elementor-section elementor-top-section elementor-element elementor-element-2e7b2bf elementor-section-boxed elementor-section-height-default elementor-section-height-default\" data-id=\"2e7b2bf\" data-element_type=\"section\">\n\t\t\t\t\t\t<div class=\"elementor-container elementor-column-gap-default\">\n\t\t\t\t\t<div class=\"elementor-column elementor-col-100 elementor-top-column elementor-element elementor-element-eb094d7\" data-id=\"eb094d7\" data-element_type=\"column\">\n\t\t\t<div class=\"elementor-widget-wrap elementor-element-populated\">\n\t\t\t\t\t\t<div class=\"elementor-element elementor-element-a8aced6 elementor-widget elementor-widget-spacer\" data-id=\"a8aced6\" data-element_type=\"widget\" data-widget_type=\"spacer.default\">\n\t\t\t\t<div class=\"elementor-widget-container\">\n\t\t\t\t\t\t\t<div class=\"elementor-spacer\">\n\t\t\t<div class=\"elementor-spacer-inner\"><\/div>\n\t\t<\/div>\n\t\t\t\t\t\t<\/div>\n\t\t\t\t<\/div>\n\t\t\t\t<div class=\"elementor-element elementor-element-2ee75374 elementor-widget elementor-widget-heading\" data-id=\"2ee75374\" data-element_type=\"widget\" data-widget_type=\"heading.default\">\n\t\t\t\t<div class=\"elementor-widget-container\">\n\t\t\t\t\t<h3 class=\"elementor-heading-title elementor-size-default\">Anerkennungsverfahren: Der theoretische Ablauf<\/h3>\t\t\t\t<\/div>\n\t\t\t\t<\/div>\n\t\t\t\t<div class=\"elementor-element elementor-element-b68e556 elementor-widget elementor-widget-text-editor\" data-id=\"b68e556\" data-element_type=\"widget\" data-widget_type=\"text-editor.default\">\n\t\t\t\t<div class=\"elementor-widget-container\">\n\t\t\t\t\t\t\t\t\t<div class=\"elementor-element elementor-element-a35e070 elementor-widget elementor-widget-text-editor\" data-id=\"a35e070\" data-element_type=\"widget\" data-widget_type=\"text-editor.default\"><div class=\"elementor-widget-container\"><div class=\"elementor-text-editor elementor-clearfix\"><p>Eine Person wird geheilt. Sie freut sich und ihre Umgebung mit ihr. Wenn sie niemand dazu auffordert, ist es unwahrscheinlich, dass sie sich beim B\u00fcro f\u00fcr medizinische Feststellungen in Lourdes meldet. Wenn die Heilung echt ist, ist der Empf\u00e4nger oft in Sorge, sich in den Vordergrund zu dr\u00e4ngen: Er denkt eher daran, anderen von sich aus Gutes zu tun, als \u00fcber sich vor aller Welt Zeugnisse abzulegen. Indiskretion in den Medien macht Angst. Das Verfahren wird sich \u00fcber Jahre hinziehen, mit zahlreichen R\u00fcckfragen und Kontrollen: Lohnt es sich wirklich, sich in ein solches Abenteuer zu st\u00fcrzen, das an der Tatsache nichts \u00e4ndert? Die geheilte Person ist geheilt und Lourdes ist nicht auf Wunder angewiesen, um zu beweisen, dass die Erscheinungen authentisch sind.<\/p><\/div><\/div><\/div><div class=\"elementor-element elementor-element-8450bbd elementor-widget elementor-widget-text-editor\" data-id=\"8450bbd\" data-element_type=\"widget\" data-widget_type=\"text-editor.default\"><div class=\"elementor-widget-container\"><div class=\"elementor-text-editor elementor-clearfix\"><p>Die geheilte Person geht bisweilen z\u00f6gerlich zum \u201eB\u00fcro f\u00fcr medizinische Feststellungen\u201c (<em>Bureau des Constatations m\u00e9dicales<\/em>). Der Arzt nimmt die Aussage auf und versucht, sich einen ersten Eindruck zu verschaffen: Handelt es sich um eine ernsthafte Krankheit oder Behinderung? Scheint eine Heilung tats\u00e4chlich erfolgt zu sein? Wenn diese beiden Fragen mit Ja beantwortet werden, ist die Frage, ob der Vorfall au\u00dfergew\u00f6hnlich ist? Wie steht es um den psychischen Zustand der Person? Wenn der Arzt der Meinung ist, dass sich weitere Untersuchungen lohnen, wird er die Person bitten, so viele Unterlagen wie m\u00f6glich zusammenzutragen, um die Diagnose zu untermauern, denn die \u00c4rzte in Lourdes haben sich immer der Frage zu stellen: War die Person tats\u00e4chlich an der Krankheit erkrankt, von der sie dachte, betroffen zu sein? Da sie geheilt ist, ist es nicht m\u00f6glich, ihre Aussagen zu \u00fcberpr\u00fcfen, au\u00dfer durch die Untersuchungen, denen sie sich vor der Heilung unterzogen hat.<\/p><\/div><\/div><\/div><div class=\"elementor-element elementor-element-709f583f elementor-widget elementor-widget-text-editor\" data-id=\"709f583f\" data-element_type=\"widget\" data-widget_type=\"text-editor.default\"><div class=\"elementor-widget-container\"><div class=\"elementor-text-editor elementor-clearfix\"><p>Der Arzt wird die Person auch bitten, im n\u00e4chsten Jahr wiederzukommen, da eines der Kriterien f\u00fcr die Authentizit\u00e4t der Heilung ihre Dauerhaftigkeit ist. Diese Phase kann sich \u00fcber Jahre hinziehen, sowohl um die Unterlagen zusammenzustellen als auch um die Dauerhaftigkeit der Heilung zu festzustellen.<\/p><\/div><\/div><\/div><div class=\"elementor-element elementor-element-50872260 elementor-widget elementor-widget-text-editor\" data-id=\"50872260\" data-element_type=\"widget\" data-widget_type=\"text-editor.default\"><div class=\"elementor-widget-container\"><div class=\"elementor-text-editor elementor-clearfix\"><p>Wenn es m\u00f6glich war, eine halbwegs vollst\u00e4ndige Akte zusammenzustellen, und die Person nach Lourdes zur\u00fcckkehrt, kann der Arzt eine Zusammenkunft des \u201eBureau des Constatations m\u00e9dicales\u201c (B\u00fcro f\u00fcr medizinische Feststellungen) einberufen. Alle an diesem Tag in Lourdes anwesenden \u00c4rzte, ungeachtet ihrer pers\u00f6nlichen \u00dcberzeugungen, werden eingeladen, sich in Anwesenheit der betroffenen Person zu versammeln. Sie k\u00f6nnen alle Fragen stellen, die sie m\u00f6chten, und untereinander \u00fcber die Stichhaltigkeit der Diagnose und die bekannten Verl\u00e4ufe dieser Krankheit diskutieren. In dieser gesamten Phase geht es darum, die Heilung \u201efestzustellen\u201c. Sie unterliegt der Verantwortung des B\u00fcros, das richtigerweise \u201eB\u00fcro f\u00fcr medizinische Feststellungen\u201c genannt wird.<\/p><\/div><\/div><\/div><div class=\"elementor-element elementor-element-5b072a5d elementor-widget elementor-widget-text-editor\" data-id=\"5b072a5d\" data-element_type=\"widget\" data-widget_type=\"text-editor.default\"><div class=\"elementor-widget-container\"><div class=\"elementor-text-editor elementor-clearfix\"><p>Wenn die Heilung tats\u00e4chlich vom \u201eB\u00fcro f\u00fcr medizinische Feststellungen\u201c festgestellt wird, wird die Akte vom st\u00e4ndigen Arzt an das Internationale Medizinische Komitee von Lourdes (CMIL) auf dessen Jahrestagung vorgelegt. In der Regel ernennt das CMIL eines seiner Mitglieder, um die Akte eingehender zu pr\u00fcfen. Dieser \u201eberichtende\u201c Arzt kann jeden nach seinem Willen konsultieren. Er zieht alles heran, was in der \u201emedizinischen Literatur\u201c zu dem Thema ver\u00f6ffentlicht wurde. Er kann Teile der Akte verdeckt anderen Kollegen vorlegen, um deren Einsch\u00e4tzung einzuholen.<\/p><\/div><\/div><\/div><div class=\"elementor-element elementor-element-0d289de elementor-widget elementor-widget-text-editor\" data-id=\"0d289de\" data-element_type=\"widget\" data-widget_type=\"text-editor.default\"><div class=\"elementor-widget-container\"><div class=\"elementor-text-editor elementor-clearfix\"><p>Bevor das CMIL sein Urteil f\u00e4llt, ber\u00fccksichtigt es die sieben \u201eLambertini-Kriterien\u201c. In seinen Schlussfolgerungen kann es weit oder weniger weit gehen.<br \/>&#8211; Wenn es bei der Diagnose noch eine Unsicherheitsspanne gibt, kann sich das CMIL damit begn\u00fcgen, sie zu \u201ebest\u00e4tigen\u201c: Ja, dieser Person ging es schlecht; ja, seit Jahren und heute geht es ihr gut; ja, diese abrupte Ver\u00e4nderung hat etwas mit Lourdes zu tun.<br \/>&#8211; Das CMIL kann noch weiter gehen und \u201ebescheinigen\u201c, dass die Art und Weise dieser Heilung nach dem derzeitigen Stand der Wissenschaft unerkl\u00e4rt bleibt. Die Best\u00e4tigung muss zwei Drittel der Stimmen auf sich vereinen.<br \/>Auf der Grundlage der Schlussfolgerungen des CMIL mit der Meinung der Personen, die er in seiner Di\u00f6zese konsultiert hat, aber ohne sich an Rom wenden zu m\u00fcssen, entscheidet der Bischof der Di\u00f6zese der geheilten Person \u00fcber die \u00f6ffentliche Anerkennung durch die Kirche. Die verbindlichste Erkl\u00e4rung ist die Anerkennung des \u201eWunders\u201c, aber wenn der Bischof nicht so weit gehen will, um der Medizin nicht mehr vorzuschreiben, als sie zu sagen hat, kann er das Zeugnis der geheilten Person genehmigen, vorausgesetzt, sie bleibt in Demut, sowohl vor Gott&#8230; als auch vor der Medizin.<\/p><\/div><\/div><\/div><div class=\"elementor-element elementor-element-5dcc388 elementor-widget elementor-widget-text-editor\" data-id=\"5dcc388\" data-element_type=\"widget\" data-widget_type=\"text-editor.default\"><div class=\"elementor-widget-container\"><div class=\"elementor-text-editor elementor-clearfix\"><p>Das Verfahren von heute ist also noch komplexer als das Verfahren in den 1950er Jahren. Wie k\u00f6nnte es auch anders sein, da sich die Medizin so sehr ver\u00e4ndert hat? Sie hat den Vorteil, dass sie Abstufungen in der Aussage festlegt. Sie f\u00fchrt aus dem Dilemma heraus: Wunder oder Illusion? Es gibt Abstufungen in der Behauptung, weil es Abstufungen in der Gewissheit gibt. Man muss daran erinnern, dass Wunder ebenso wenig wie Erscheinungen Glaubensbekenntnisse sind, auch wenn wir, wie Bischof Laurence in Bezug auf die Erscheinungen sagte, \u201eberechtigt sind, daran zu glauben\u201c.<\/p><\/div><\/div><\/div>\t\t\t\t\t\t\t\t<\/div>\n\t\t\t\t<\/div>\n\t\t\t\t\t<\/div>\n\t\t<\/div>\n\t\t\t\t\t<\/div>\n\t\t<\/section>\n\t\t\t\t<section class=\"elementor-section elementor-top-section elementor-element elementor-element-5e4c250d elementor-section-boxed elementor-section-height-default elementor-section-height-default\" data-id=\"5e4c250d\" data-element_type=\"section\">\n\t\t\t\t\t\t<div class=\"elementor-container elementor-column-gap-default\">\n\t\t\t\t\t<div class=\"elementor-column elementor-col-100 elementor-top-column elementor-element elementor-element-3648e990\" data-id=\"3648e990\" data-element_type=\"column\">\n\t\t\t<div class=\"elementor-widget-wrap elementor-element-populated\">\n\t\t\t\t\t\t<div class=\"elementor-element elementor-element-71ac6343 elementor-widget elementor-widget-spacer\" data-id=\"71ac6343\" data-element_type=\"widget\" data-widget_type=\"spacer.default\">\n\t\t\t\t<div class=\"elementor-widget-container\">\n\t\t\t\t\t\t\t<div class=\"elementor-spacer\">\n\t\t\t<div class=\"elementor-spacer-inner\"><\/div>\n\t\t<\/div>\n\t\t\t\t\t\t<\/div>\n\t\t\t\t<\/div>\n\t\t\t\t\t<\/div>\n\t\t<\/div>\n\t\t\t\t\t<\/div>\n\t\t<\/section>\n\t\t\t\t<\/div>\n\t\t","protected":false},"excerpt":{"rendered":"<p>Wie sieht das Verfahren zwischen der Heilung einer Person und der m\u00f6glichen Anerkennung dieser Heilung als Wunder aus? Das Wort \u201eVerfahren (Prozedere)\u201c mit seinem gerichtlichen Aspekt wird nicht zuf\u00e4llig verwendet, denn es handelt sich um einen Prozess, der auf ein &hellip; <a href=\"https:\/\/www.lourdes-france.com\/de\/die-anerkennung-eines-wunders\/\">Weiter<\/a><\/p>\n","protected":false},"author":2,"featured_media":785958,"parent":0,"menu_order":0,"comment_status":"closed","ping_status":"closed","template":"","meta":{"_acf_changed":false,"footnotes":""},"class_list":["post-824046","page","type-page","status-publish","has-post-thumbnail","hentry"],"acf":[],"yoast_head":"<!-- This site is optimized with the Yoast SEO Premium plugin v24.0 (Yoast SEO v26.3) - https:\/\/yoast.com\/wordpress\/plugins\/seo\/ -->\n<title>Die Anerkennung eines Wunders - Vivre le p\u00e8lerinage de Lourdes<\/title>\n<meta name=\"description\" content=\"Welches Verfahren wird zwischen dem Zeitpunkt, an dem eine Person geheilt wird, und der m\u00f6glichen Anerkennung dieser Heilung als Wunder angewandt?\" \/>\n<meta name=\"robots\" content=\"index, follow, max-snippet:-1, max-image-preview:large, max-video-preview:-1\" \/>\n<link rel=\"canonical\" href=\"https:\/\/www.lourdes-france.com\/de\/die-anerkennung-eines-wunders\/\" \/>\n<meta property=\"og:locale\" content=\"de_DE\" \/>\n<meta property=\"og:type\" content=\"article\" \/>\n<meta property=\"og:title\" content=\"Die Anerkennung eines Wunders\" \/>\n<meta property=\"og:description\" content=\"Welches Verfahren wird zwischen dem Zeitpunkt, an dem eine Person geheilt wird, und der m\u00f6glichen Anerkennung dieser Heilung als Wunder angewandt?\" \/>\n<meta property=\"og:url\" content=\"https:\/\/www.lourdes-france.com\/de\/die-anerkennung-eines-wunders\/\" \/>\n<meta property=\"og:site_name\" content=\"Vivre le p\u00e8lerinage de Lourdes\" \/>\n<meta property=\"article:modified_time\" content=\"2024-04-26T12:29:44+00:00\" \/>\n<meta property=\"og:image\" content=\"https:\/\/www.lourdes-france.com\/wp-content\/uploads\/2021\/11\/procedure-miracle_mise-en-avant.jpg\" \/>\n\t<meta property=\"og:image:width\" content=\"2362\" \/>\n\t<meta property=\"og:image:height\" content=\"1507\" \/>\n\t<meta property=\"og:image:type\" content=\"image\/jpeg\" \/>\n<meta name=\"twitter:card\" content=\"summary_large_image\" \/>\n<meta name=\"twitter:label1\" content=\"Gesch\u00e4tzte Lesezeit\" \/>\n\t<meta name=\"twitter:data1\" content=\"9\u00a0Minuten\" \/>\n<script type=\"application\/ld+json\" class=\"yoast-schema-graph\">{\"@context\":\"https:\/\/schema.org\",\"@graph\":[{\"@type\":\"WebPage\",\"@id\":\"https:\/\/www.lourdes-france.com\/de\/die-anerkennung-eines-wunders\/\",\"url\":\"https:\/\/www.lourdes-france.com\/de\/die-anerkennung-eines-wunders\/\",\"name\":\"Die Anerkennung eines Wunders - Vivre le p\u00e8lerinage de Lourdes\",\"isPartOf\":{\"@id\":\"https:\/\/www.lourdes-france.com\/de\/#website\"},\"primaryImageOfPage\":{\"@id\":\"https:\/\/www.lourdes-france.com\/de\/die-anerkennung-eines-wunders\/#primaryimage\"},\"image\":{\"@id\":\"https:\/\/www.lourdes-france.com\/de\/die-anerkennung-eines-wunders\/#primaryimage\"},\"thumbnailUrl\":\"https:\/\/www.lourdes-france.com\/wp-content\/uploads\/2021\/11\/procedure-miracle_mise-en-avant.jpg\",\"datePublished\":\"2021-11-12T15:13:34+00:00\",\"dateModified\":\"2024-04-26T12:29:44+00:00\",\"description\":\"Welches Verfahren wird zwischen dem Zeitpunkt, an dem eine Person geheilt wird, und der m\u00f6glichen Anerkennung dieser Heilung als Wunder angewandt?\",\"breadcrumb\":{\"@id\":\"https:\/\/www.lourdes-france.com\/de\/die-anerkennung-eines-wunders\/#breadcrumb\"},\"inLanguage\":\"de\",\"potentialAction\":[{\"@type\":\"ReadAction\",\"target\":[\"https:\/\/www.lourdes-france.com\/de\/die-anerkennung-eines-wunders\/\"]}]},{\"@type\":\"ImageObject\",\"inLanguage\":\"de\",\"@id\":\"https:\/\/www.lourdes-france.com\/de\/die-anerkennung-eines-wunders\/#primaryimage\",\"url\":\"https:\/\/www.lourdes-france.com\/wp-content\/uploads\/2021\/11\/procedure-miracle_mise-en-avant.jpg\",\"contentUrl\":\"https:\/\/www.lourdes-france.com\/wp-content\/uploads\/2021\/11\/procedure-miracle_mise-en-avant.jpg\",\"width\":2362,\"height\":1507,\"caption\":\"Die Anerkennung eines Wunders\"},{\"@type\":\"BreadcrumbList\",\"@id\":\"https:\/\/www.lourdes-france.com\/de\/die-anerkennung-eines-wunders\/#breadcrumb\",\"itemListElement\":[{\"@type\":\"ListItem\",\"position\":1,\"name\":\"Accueil\",\"item\":\"https:\/\/www.lourdes-france.com\/de\/\"},{\"@type\":\"ListItem\",\"position\":2,\"name\":\"Die Anerkennung eines Wunders\"}]},{\"@type\":\"WebSite\",\"@id\":\"https:\/\/www.lourdes-france.com\/de\/#website\",\"url\":\"https:\/\/www.lourdes-france.com\/de\/\",\"name\":\"Sanctuaire Notre-Dame de Lourdes\",\"description\":\"\",\"publisher\":{\"@id\":\"https:\/\/www.lourdes-france.com\/de\/#organization\"},\"potentialAction\":[{\"@type\":\"SearchAction\",\"target\":{\"@type\":\"EntryPoint\",\"urlTemplate\":\"https:\/\/www.lourdes-france.com\/de\/?s={search_term_string}\"},\"query-input\":{\"@type\":\"PropertyValueSpecification\",\"valueRequired\":true,\"valueName\":\"search_term_string\"}}],\"inLanguage\":\"de\"},{\"@type\":\"Organization\",\"@id\":\"https:\/\/www.lourdes-france.com\/de\/#organization\",\"name\":\"Sanctuaire Notre-Dame de Lourdes\",\"url\":\"https:\/\/www.lourdes-france.com\/de\/\",\"logo\":{\"@type\":\"ImageObject\",\"inLanguage\":\"de\",\"@id\":\"https:\/\/www.lourdes-france.com\/de\/#\/schema\/logo\/image\/\",\"url\":\"https:\/\/www.lourdes-france.com\/wp-content\/uploads\/2021\/11\/logo-small.png\",\"contentUrl\":\"https:\/\/www.lourdes-france.com\/wp-content\/uploads\/2021\/11\/logo-small.png\",\"width\":834,\"height\":521,\"caption\":\"Sanctuaire Notre-Dame de Lourdes\"},\"image\":{\"@id\":\"https:\/\/www.lourdes-france.com\/de\/#\/schema\/logo\/image\/\"}}]}<\/script>\n<!-- \/ Yoast SEO Premium plugin. -->","yoast_head_json":{"title":"Die Anerkennung eines Wunders - Vivre le p\u00e8lerinage de Lourdes","description":"Welches Verfahren wird zwischen dem Zeitpunkt, an dem eine Person geheilt wird, und der m\u00f6glichen Anerkennung dieser Heilung als Wunder angewandt?","robots":{"index":"index","follow":"follow","max-snippet":"max-snippet:-1","max-image-preview":"max-image-preview:large","max-video-preview":"max-video-preview:-1"},"canonical":"https:\/\/www.lourdes-france.com\/de\/die-anerkennung-eines-wunders\/","og_locale":"de_DE","og_type":"article","og_title":"Die Anerkennung eines Wunders","og_description":"Welches Verfahren wird zwischen dem Zeitpunkt, an dem eine Person geheilt wird, und der m\u00f6glichen Anerkennung dieser Heilung als Wunder angewandt?","og_url":"https:\/\/www.lourdes-france.com\/de\/die-anerkennung-eines-wunders\/","og_site_name":"Vivre le p\u00e8lerinage de Lourdes","article_modified_time":"2024-04-26T12:29:44+00:00","og_image":[{"width":2362,"height":1507,"url":"https:\/\/www.lourdes-france.com\/wp-content\/uploads\/2021\/11\/procedure-miracle_mise-en-avant.jpg","type":"image\/jpeg"}],"twitter_card":"summary_large_image","twitter_misc":{"Gesch\u00e4tzte Lesezeit":"9\u00a0Minuten"},"schema":{"@context":"https:\/\/schema.org","@graph":[{"@type":"WebPage","@id":"https:\/\/www.lourdes-france.com\/de\/die-anerkennung-eines-wunders\/","url":"https:\/\/www.lourdes-france.com\/de\/die-anerkennung-eines-wunders\/","name":"Die Anerkennung eines Wunders - Vivre le p\u00e8lerinage de Lourdes","isPartOf":{"@id":"https:\/\/www.lourdes-france.com\/de\/#website"},"primaryImageOfPage":{"@id":"https:\/\/www.lourdes-france.com\/de\/die-anerkennung-eines-wunders\/#primaryimage"},"image":{"@id":"https:\/\/www.lourdes-france.com\/de\/die-anerkennung-eines-wunders\/#primaryimage"},"thumbnailUrl":"https:\/\/www.lourdes-france.com\/wp-content\/uploads\/2021\/11\/procedure-miracle_mise-en-avant.jpg","datePublished":"2021-11-12T15:13:34+00:00","dateModified":"2024-04-26T12:29:44+00:00","description":"Welches Verfahren wird zwischen dem Zeitpunkt, an dem eine Person geheilt wird, und der m\u00f6glichen Anerkennung dieser Heilung als Wunder angewandt?","breadcrumb":{"@id":"https:\/\/www.lourdes-france.com\/de\/die-anerkennung-eines-wunders\/#breadcrumb"},"inLanguage":"de","potentialAction":[{"@type":"ReadAction","target":["https:\/\/www.lourdes-france.com\/de\/die-anerkennung-eines-wunders\/"]}]},{"@type":"ImageObject","inLanguage":"de","@id":"https:\/\/www.lourdes-france.com\/de\/die-anerkennung-eines-wunders\/#primaryimage","url":"https:\/\/www.lourdes-france.com\/wp-content\/uploads\/2021\/11\/procedure-miracle_mise-en-avant.jpg","contentUrl":"https:\/\/www.lourdes-france.com\/wp-content\/uploads\/2021\/11\/procedure-miracle_mise-en-avant.jpg","width":2362,"height":1507,"caption":"Die Anerkennung eines Wunders"},{"@type":"BreadcrumbList","@id":"https:\/\/www.lourdes-france.com\/de\/die-anerkennung-eines-wunders\/#breadcrumb","itemListElement":[{"@type":"ListItem","position":1,"name":"Accueil","item":"https:\/\/www.lourdes-france.com\/de\/"},{"@type":"ListItem","position":2,"name":"Die Anerkennung eines Wunders"}]},{"@type":"WebSite","@id":"https:\/\/www.lourdes-france.com\/de\/#website","url":"https:\/\/www.lourdes-france.com\/de\/","name":"Sanctuaire Notre-Dame de Lourdes","description":"","publisher":{"@id":"https:\/\/www.lourdes-france.com\/de\/#organization"},"potentialAction":[{"@type":"SearchAction","target":{"@type":"EntryPoint","urlTemplate":"https:\/\/www.lourdes-france.com\/de\/?s={search_term_string}"},"query-input":{"@type":"PropertyValueSpecification","valueRequired":true,"valueName":"search_term_string"}}],"inLanguage":"de"},{"@type":"Organization","@id":"https:\/\/www.lourdes-france.com\/de\/#organization","name":"Sanctuaire Notre-Dame de Lourdes","url":"https:\/\/www.lourdes-france.com\/de\/","logo":{"@type":"ImageObject","inLanguage":"de","@id":"https:\/\/www.lourdes-france.com\/de\/#\/schema\/logo\/image\/","url":"https:\/\/www.lourdes-france.com\/wp-content\/uploads\/2021\/11\/logo-small.png","contentUrl":"https:\/\/www.lourdes-france.com\/wp-content\/uploads\/2021\/11\/logo-small.png","width":834,"height":521,"caption":"Sanctuaire Notre-Dame de Lourdes"},"image":{"@id":"https:\/\/www.lourdes-france.com\/de\/#\/schema\/logo\/image\/"}}]}},"_links":{"self":[{"href":"https:\/\/www.lourdes-france.com\/de\/wp-json\/wp\/v2\/pages\/824046","targetHints":{"allow":["GET"]}}],"collection":[{"href":"https:\/\/www.lourdes-france.com\/de\/wp-json\/wp\/v2\/pages"}],"about":[{"href":"https:\/\/www.lourdes-france.com\/de\/wp-json\/wp\/v2\/types\/page"}],"author":[{"embeddable":true,"href":"https:\/\/www.lourdes-france.com\/de\/wp-json\/wp\/v2\/users\/2"}],"replies":[{"embeddable":true,"href":"https:\/\/www.lourdes-france.com\/de\/wp-json\/wp\/v2\/comments?post=824046"}],"version-history":[{"count":0,"href":"https:\/\/www.lourdes-france.com\/de\/wp-json\/wp\/v2\/pages\/824046\/revisions"}],"wp:featuredmedia":[{"embeddable":true,"href":"https:\/\/www.lourdes-france.com\/de\/wp-json\/wp\/v2\/media\/785958"}],"wp:attachment":[{"href":"https:\/\/www.lourdes-france.com\/de\/wp-json\/wp\/v2\/media?parent=824046"}],"curies":[{"name":"wp","href":"https:\/\/api.w.org\/{rel}","templated":true}]}}