{"id":823553,"date":"2021-11-12T15:00:27","date_gmt":"2021-11-12T14:00:27","guid":{"rendered":"https:\/\/www.lourdes-france.com\/reconnaissance-des-apparitions\/"},"modified":"2024-04-23T16:10:08","modified_gmt":"2024-04-23T14:10:08","slug":"reconnaissance-des-apparitions","status":"publish","type":"page","link":"https:\/\/www.lourdes-france.com\/de\/reconnaissance-des-apparitions\/","title":{"rendered":"Anerkennung der Erscheinungen"},"content":{"rendered":"\t\t<div data-elementor-type=\"wp-page\" data-elementor-id=\"823553\" class=\"elementor elementor-823553 elementor-3309\" data-elementor-post-type=\"page\">\n\t\t\t\t\t\t<section class=\"elementor-section elementor-top-section elementor-element elementor-element-168bd0d elementor-section-stretched elementor-section-boxed elementor-section-height-default elementor-section-height-default\" data-id=\"168bd0d\" data-element_type=\"section\" data-settings=\"{&quot;background_background&quot;:&quot;classic&quot;,&quot;stretch_section&quot;:&quot;section-stretched&quot;}\">\n\t\t\t\t\t\t<div class=\"elementor-container elementor-column-gap-no\">\n\t\t\t\t\t<div class=\"elementor-column elementor-col-100 elementor-top-column elementor-element elementor-element-3d535fc\" data-id=\"3d535fc\" data-element_type=\"column\">\n\t\t\t<div class=\"elementor-widget-wrap elementor-element-populated\">\n\t\t\t\t\t\t<div class=\"elementor-element elementor-element-3391a94 elementor-blockquote--skin-quotation elementor-widget elementor-widget-blockquote\" data-id=\"3391a94\" data-element_type=\"widget\" data-widget_type=\"blockquote.default\">\n\t\t\t\t<div class=\"elementor-widget-container\">\n\t\t\t\t\t\t\t<blockquote class=\"elementor-blockquote\">\n\t\t\t<p class=\"elementor-blockquote__content\">\n\t\t\t\tAm 28. Juli 1858 richtete der Bischof von Lourdes eine Untersuchungskommission \u00fcber die vermeidlichen Erscheinungen der Jungfrau Maria in der Grotte von Massabielle ein: Ihr Auftrag sollte vier Jahre andauern und am 18. Januar 1862 im Mandement mit der Anerkennung der Erscheinungen ihren Abschluss finden.\t\t\t<\/p>\n\t\t\t\t\t<\/blockquote>\n\t\t\t\t\t\t<\/div>\n\t\t\t\t<\/div>\n\t\t\t\t\t<\/div>\n\t\t<\/div>\n\t\t\t\t\t<\/div>\n\t\t<\/section>\n\t\t\t\t<section class=\"elementor-section elementor-top-section elementor-element elementor-element-82b3686 elementor-section-boxed elementor-section-height-default elementor-section-height-default\" data-id=\"82b3686\" data-element_type=\"section\">\n\t\t\t\t\t\t<div class=\"elementor-container elementor-column-gap-default\">\n\t\t\t\t\t<div class=\"elementor-column elementor-col-100 elementor-top-column elementor-element elementor-element-91a59e5\" data-id=\"91a59e5\" data-element_type=\"column\">\n\t\t\t<div class=\"elementor-widget-wrap elementor-element-populated\">\n\t\t\t\t\t\t<div class=\"elementor-element elementor-element-763fa99 elementor-widget elementor-widget-spacer\" data-id=\"763fa99\" data-element_type=\"widget\" data-widget_type=\"spacer.default\">\n\t\t\t\t<div class=\"elementor-widget-container\">\n\t\t\t\t\t\t\t<div class=\"elementor-spacer\">\n\t\t\t<div class=\"elementor-spacer-inner\"><\/div>\n\t\t<\/div>\n\t\t\t\t\t\t<\/div>\n\t\t\t\t<\/div>\n\t\t\t\t<div class=\"elementor-element elementor-element-d8b5168 elementor-widget elementor-widget-text-editor\" data-id=\"d8b5168\" data-element_type=\"widget\" data-widget_type=\"text-editor.default\">\n\t\t\t\t<div class=\"elementor-widget-container\">\n\t\t\t\t\t\t\t\t\t<p>Die offizielle Anerkennung der Erscheinungen von Lourdes durch die Kirche basiert auf dem entscheidenden Zeugnis von Bernadette Soubirous und einer sorgf\u00e4ltigen Arbeit der Kommission, die im Gebet ihre Urteilskraft st\u00e4rkte.<\/p><p>In der Wallfahrtss\u00e4tte von Lourdes kann man beim Betreten der Basilika zur Unbefleckten Empf\u00e4ngnis im rechten Seitenschiff auf der in Marmor eingravierten feierlichen Erkl\u00e4rung von Bischof Laurence zu den Erscheinungen lesen: \u201eWir befinden, dass DIE UNBEFLECKTE GOTTESMUTTER MARIA, tats\u00e4chlich Bernadette Soubirous am 11. Februar 1858 und an den folgenden Tagen insgesamt achtzehn Mal in der Grotte von Massavielle in der N\u00e4he der Stadt Lourdes erschienen ist; dass diese Erscheinung alle Merkmale der Wahrheit tr\u00e4gt und dass die Gl\u00e4ubigen berechtigt sind, daran mit Gewissheit zu glauben. Dem\u00fctig unterwerfen wir unser Urteil dem Urteil des Papstes, der mit der Leitung der Universalkirche beauftragt ist.\u201c Diese Erkl\u00e4rung des Bischofs von Tarbes ist ausschlaggebend: Vier Jahre nach den Erscheinungen, am 18. Januar 1862, erkennt er sie im Namen der Kirche als authentisch an.<\/p><p>Bischof Laurence lies die Dinge nicht lange auf sich beruhen: Die 18 Erscheinungen fanden vom 11. Februar bis zum 16. Juli 1858 statt, und ab dem 28. Juli setzte er eine Untersuchungskommission ein, \u201eum die Fakten, die sich in der Grotte von Lourdes oder bei mit ihr in Verbindung stehenden Gegebenheiten zugetragen haben oder noch auftreten k\u00f6nnten, zusammenzutragen und zu beurteilen; sie uns zu melden, uns bekannt zu machen und uns so die wesentlichen Elemente zur Verf\u00fcgung zu stellen, um zu einem Ergebnis zu kommen\u201c&#8230;<\/p><p>Die Kommission muss Heilungen aufgrund der Verwendung des Wassers in der Grotte untersuchen. Ist dieses Wasser nat\u00fcrlich oder \u00fcbernat\u00fcrlich? Sind Bernadettes Wahrnehmungen real? Wenn ja, haben sie einen g\u00f6ttlichen Charakter? Hat das erschienene Objekt dem Kind irgendwelche Auftr\u00e4ge erteilt? Welche? Existierte der Brunnen in der Grotte vor der Vision, die Bernadette vorgibt gehabt zu haben? Und der Bischof besteht in seiner Verordnung zur Einsetzung der Kommission auf die Seriosit\u00e4t der durchzuf\u00fchrenden Arbeit: Untersuchung zur Feststellung der Tatsachen, Befragung von Zeugen, Konsultation von M\u00e4nnern der Wissenschaft, einschlie\u00dflich \u00c4rzten, die die Kranken vor ihrer Genesung behandelt h\u00e4tten, aber auch von M\u00e4nnern, die in den Wissenschaften der Physik, Chemie, Geologie kundig sind. \u201eDie Kommission darf nichts vernachl\u00e4ssigen, um zu Erkenntnissen zu kommen und zur Wahrheit zu gelangen, was auch immer sie sein mag.\u201c<\/p><p>Fast vier Jahre lang untersuchte die Kommission und befragte Bernadette. Der Bischof gab seine Schlussfolgerung in seinem ber\u00fchmten Erlass (Mandement) vom 18. Januar 1862 ab, \u201ezur Beurteilung der Erscheinung, die in der Grotte von Lourdes stattfand\u201c.<\/p><p>Nach einer beschreibenden Erinnerung an die Erscheinungen erkl\u00e4rt der Bischof die weise Sorgfalt, die sich die Kirche zur Beurteilung \u00fcbernat\u00fcrlicher Tatsachen auferlegt. Sie erfordert bestimmte Beweise, bevor man sie zul\u00e4sst und sie f\u00fcr g\u00f6ttlich erkl\u00e4rt, denn der Teufel kann den Menschen in die Irre f\u00fchren, indem er sich als Engel des Lichts verkleidet: \u201eWir wurden von der Kommission beraten, die sich aus weisen, frommen, gebildeten, erfahrenen Priestern zusammensetzte, die das Kind befragten, die Fakten studierten, alles untersuchten und alles abwogen. Wir beriefen uns auch auf die Autorit\u00e4t der Wissenschaft und wir blieben \u00fcberzeugt, dass die Erscheinung \u00fcbernat\u00fcrlich und g\u00f6ttlich ist und dass daher das, was Bernadette sah, die Allerseeligste Jungfrau war. Unsere \u00dcberzeugung beruht auf Bernadettes Zeugnis, insbesondere jedoch auch auf Tatsachen, die sich ereigneten und die nur durch ein g\u00f6ttliches Eingreifen erkl\u00e4rt werden k\u00f6nnen.<\/p>\t\t\t\t\t\t\t\t<\/div>\n\t\t\t\t<\/div>\n\t\t\t\t\t<\/div>\n\t\t<\/div>\n\t\t\t\t\t<\/div>\n\t\t<\/section>\n\t\t\t\t<\/div>\n\t\t","protected":false},"excerpt":{"rendered":"<p>Am 28. Juli 1858 richtete der Bischof von Lourdes eine Untersuchungskommission \u00fcber die vermeidlichen Erscheinungen der Jungfrau Maria in der Grotte von Massabielle ein: Ihr Auftrag sollte vier Jahre andauern und am 18. Januar 1862 im Mandement mit der Anerkennung &hellip; <a href=\"https:\/\/www.lourdes-france.com\/de\/reconnaissance-des-apparitions\/\">Weiter<\/a><\/p>\n","protected":false},"author":2,"featured_media":785952,"parent":0,"menu_order":0,"comment_status":"closed","ping_status":"closed","template":"","meta":{"_acf_changed":false,"footnotes":""},"class_list":["post-823553","page","type-page","status-publish","has-post-thumbnail","hentry"],"acf":[],"yoast_head":"<!-- This site is optimized with the Yoast SEO Premium plugin v24.0 (Yoast SEO v26.3) - https:\/\/yoast.com\/wordpress\/plugins\/seo\/ -->\n<title>Anerkennung der Erscheinungen von Lourdes<\/title>\n<meta name=\"description\" content=\"Im Jahr 1858 initiiert der Bischof von Lourdes eine Kommission. Er ver\u00f6ffentlicht am 18. Januar 1862 das Mandat zur offiziellen Anerkennung.\" \/>\n<meta name=\"robots\" content=\"index, follow, max-snippet:-1, max-image-preview:large, max-video-preview:-1\" \/>\n<link rel=\"canonical\" href=\"https:\/\/www.lourdes-france.com\/de\/reconnaissance-des-apparitions\/\" \/>\n<meta property=\"og:locale\" content=\"de_DE\" \/>\n<meta property=\"og:type\" content=\"article\" \/>\n<meta property=\"og:title\" content=\"Anerkennung der Erscheinungen\" \/>\n<meta property=\"og:description\" content=\"Im Jahr 1858 initiiert der Bischof von Lourdes eine Kommission. Er ver\u00f6ffentlicht am 18. Januar 1862 das Mandat zur offiziellen Anerkennung.\" \/>\n<meta property=\"og:url\" content=\"https:\/\/www.lourdes-france.com\/de\/reconnaissance-des-apparitions\/\" \/>\n<meta property=\"og:site_name\" content=\"Vivre le p\u00e8lerinage de Lourdes\" \/>\n<meta property=\"article:modified_time\" content=\"2024-04-23T14:10:08+00:00\" \/>\n<meta property=\"og:image\" content=\"https:\/\/www.lourdes-france.com\/wp-content\/uploads\/2021\/11\/mandement_mise-en-avant.jpg\" \/>\n\t<meta property=\"og:image:width\" content=\"2362\" \/>\n\t<meta property=\"og:image:height\" content=\"1507\" \/>\n\t<meta property=\"og:image:type\" content=\"image\/jpeg\" \/>\n<meta name=\"twitter:card\" content=\"summary_large_image\" \/>\n<meta name=\"twitter:label1\" content=\"Gesch\u00e4tzte Lesezeit\" \/>\n\t<meta name=\"twitter:data1\" content=\"1\u00a0Minute\" \/>\n<script type=\"application\/ld+json\" class=\"yoast-schema-graph\">{\"@context\":\"https:\/\/schema.org\",\"@graph\":[{\"@type\":\"WebPage\",\"@id\":\"https:\/\/www.lourdes-france.com\/de\/reconnaissance-des-apparitions\/\",\"url\":\"https:\/\/www.lourdes-france.com\/de\/reconnaissance-des-apparitions\/\",\"name\":\"Anerkennung der Erscheinungen von Lourdes\",\"isPartOf\":{\"@id\":\"https:\/\/www.lourdes-france.com\/de\/#website\"},\"primaryImageOfPage\":{\"@id\":\"https:\/\/www.lourdes-france.com\/de\/reconnaissance-des-apparitions\/#primaryimage\"},\"image\":{\"@id\":\"https:\/\/www.lourdes-france.com\/de\/reconnaissance-des-apparitions\/#primaryimage\"},\"thumbnailUrl\":\"https:\/\/www.lourdes-france.com\/wp-content\/uploads\/2021\/11\/mandement_mise-en-avant.jpg\",\"datePublished\":\"2021-11-12T14:00:27+00:00\",\"dateModified\":\"2024-04-23T14:10:08+00:00\",\"description\":\"Im Jahr 1858 initiiert der Bischof von Lourdes eine Kommission. Er ver\u00f6ffentlicht am 18. Januar 1862 das Mandat zur offiziellen Anerkennung.\",\"breadcrumb\":{\"@id\":\"https:\/\/www.lourdes-france.com\/de\/reconnaissance-des-apparitions\/#breadcrumb\"},\"inLanguage\":\"de\",\"potentialAction\":[{\"@type\":\"ReadAction\",\"target\":[\"https:\/\/www.lourdes-france.com\/de\/reconnaissance-des-apparitions\/\"]}]},{\"@type\":\"ImageObject\",\"inLanguage\":\"de\",\"@id\":\"https:\/\/www.lourdes-france.com\/de\/reconnaissance-des-apparitions\/#primaryimage\",\"url\":\"https:\/\/www.lourdes-france.com\/wp-content\/uploads\/2021\/11\/mandement_mise-en-avant.jpg\",\"contentUrl\":\"https:\/\/www.lourdes-france.com\/wp-content\/uploads\/2021\/11\/mandement_mise-en-avant.jpg\",\"width\":2362,\"height\":1507,\"caption\":\"Reconnaissance officielle des apparitions\"},{\"@type\":\"BreadcrumbList\",\"@id\":\"https:\/\/www.lourdes-france.com\/de\/reconnaissance-des-apparitions\/#breadcrumb\",\"itemListElement\":[{\"@type\":\"ListItem\",\"position\":1,\"name\":\"Accueil\",\"item\":\"https:\/\/www.lourdes-france.com\/de\/\"},{\"@type\":\"ListItem\",\"position\":2,\"name\":\"Anerkennung der Erscheinungen\"}]},{\"@type\":\"WebSite\",\"@id\":\"https:\/\/www.lourdes-france.com\/de\/#website\",\"url\":\"https:\/\/www.lourdes-france.com\/de\/\",\"name\":\"Sanctuaire Notre-Dame de Lourdes\",\"description\":\"\",\"publisher\":{\"@id\":\"https:\/\/www.lourdes-france.com\/de\/#organization\"},\"potentialAction\":[{\"@type\":\"SearchAction\",\"target\":{\"@type\":\"EntryPoint\",\"urlTemplate\":\"https:\/\/www.lourdes-france.com\/de\/?s={search_term_string}\"},\"query-input\":{\"@type\":\"PropertyValueSpecification\",\"valueRequired\":true,\"valueName\":\"search_term_string\"}}],\"inLanguage\":\"de\"},{\"@type\":\"Organization\",\"@id\":\"https:\/\/www.lourdes-france.com\/de\/#organization\",\"name\":\"Sanctuaire Notre-Dame de Lourdes\",\"url\":\"https:\/\/www.lourdes-france.com\/de\/\",\"logo\":{\"@type\":\"ImageObject\",\"inLanguage\":\"de\",\"@id\":\"https:\/\/www.lourdes-france.com\/de\/#\/schema\/logo\/image\/\",\"url\":\"https:\/\/www.lourdes-france.com\/wp-content\/uploads\/2021\/11\/logo-small.png\",\"contentUrl\":\"https:\/\/www.lourdes-france.com\/wp-content\/uploads\/2021\/11\/logo-small.png\",\"width\":834,\"height\":521,\"caption\":\"Sanctuaire Notre-Dame de Lourdes\"},\"image\":{\"@id\":\"https:\/\/www.lourdes-france.com\/de\/#\/schema\/logo\/image\/\"}}]}<\/script>\n<!-- \/ Yoast SEO Premium plugin. -->","yoast_head_json":{"title":"Anerkennung der Erscheinungen von Lourdes","description":"Im Jahr 1858 initiiert der Bischof von Lourdes eine Kommission. Er ver\u00f6ffentlicht am 18. Januar 1862 das Mandat zur offiziellen Anerkennung.","robots":{"index":"index","follow":"follow","max-snippet":"max-snippet:-1","max-image-preview":"max-image-preview:large","max-video-preview":"max-video-preview:-1"},"canonical":"https:\/\/www.lourdes-france.com\/de\/reconnaissance-des-apparitions\/","og_locale":"de_DE","og_type":"article","og_title":"Anerkennung der Erscheinungen","og_description":"Im Jahr 1858 initiiert der Bischof von Lourdes eine Kommission. Er ver\u00f6ffentlicht am 18. Januar 1862 das Mandat zur offiziellen Anerkennung.","og_url":"https:\/\/www.lourdes-france.com\/de\/reconnaissance-des-apparitions\/","og_site_name":"Vivre le p\u00e8lerinage de Lourdes","article_modified_time":"2024-04-23T14:10:08+00:00","og_image":[{"width":2362,"height":1507,"url":"https:\/\/www.lourdes-france.com\/wp-content\/uploads\/2021\/11\/mandement_mise-en-avant.jpg","type":"image\/jpeg"}],"twitter_card":"summary_large_image","twitter_misc":{"Gesch\u00e4tzte Lesezeit":"1\u00a0Minute"},"schema":{"@context":"https:\/\/schema.org","@graph":[{"@type":"WebPage","@id":"https:\/\/www.lourdes-france.com\/de\/reconnaissance-des-apparitions\/","url":"https:\/\/www.lourdes-france.com\/de\/reconnaissance-des-apparitions\/","name":"Anerkennung der Erscheinungen von Lourdes","isPartOf":{"@id":"https:\/\/www.lourdes-france.com\/de\/#website"},"primaryImageOfPage":{"@id":"https:\/\/www.lourdes-france.com\/de\/reconnaissance-des-apparitions\/#primaryimage"},"image":{"@id":"https:\/\/www.lourdes-france.com\/de\/reconnaissance-des-apparitions\/#primaryimage"},"thumbnailUrl":"https:\/\/www.lourdes-france.com\/wp-content\/uploads\/2021\/11\/mandement_mise-en-avant.jpg","datePublished":"2021-11-12T14:00:27+00:00","dateModified":"2024-04-23T14:10:08+00:00","description":"Im Jahr 1858 initiiert der Bischof von Lourdes eine Kommission. Er ver\u00f6ffentlicht am 18. Januar 1862 das Mandat zur offiziellen Anerkennung.","breadcrumb":{"@id":"https:\/\/www.lourdes-france.com\/de\/reconnaissance-des-apparitions\/#breadcrumb"},"inLanguage":"de","potentialAction":[{"@type":"ReadAction","target":["https:\/\/www.lourdes-france.com\/de\/reconnaissance-des-apparitions\/"]}]},{"@type":"ImageObject","inLanguage":"de","@id":"https:\/\/www.lourdes-france.com\/de\/reconnaissance-des-apparitions\/#primaryimage","url":"https:\/\/www.lourdes-france.com\/wp-content\/uploads\/2021\/11\/mandement_mise-en-avant.jpg","contentUrl":"https:\/\/www.lourdes-france.com\/wp-content\/uploads\/2021\/11\/mandement_mise-en-avant.jpg","width":2362,"height":1507,"caption":"Reconnaissance officielle des apparitions"},{"@type":"BreadcrumbList","@id":"https:\/\/www.lourdes-france.com\/de\/reconnaissance-des-apparitions\/#breadcrumb","itemListElement":[{"@type":"ListItem","position":1,"name":"Accueil","item":"https:\/\/www.lourdes-france.com\/de\/"},{"@type":"ListItem","position":2,"name":"Anerkennung der Erscheinungen"}]},{"@type":"WebSite","@id":"https:\/\/www.lourdes-france.com\/de\/#website","url":"https:\/\/www.lourdes-france.com\/de\/","name":"Sanctuaire Notre-Dame de Lourdes","description":"","publisher":{"@id":"https:\/\/www.lourdes-france.com\/de\/#organization"},"potentialAction":[{"@type":"SearchAction","target":{"@type":"EntryPoint","urlTemplate":"https:\/\/www.lourdes-france.com\/de\/?s={search_term_string}"},"query-input":{"@type":"PropertyValueSpecification","valueRequired":true,"valueName":"search_term_string"}}],"inLanguage":"de"},{"@type":"Organization","@id":"https:\/\/www.lourdes-france.com\/de\/#organization","name":"Sanctuaire Notre-Dame de Lourdes","url":"https:\/\/www.lourdes-france.com\/de\/","logo":{"@type":"ImageObject","inLanguage":"de","@id":"https:\/\/www.lourdes-france.com\/de\/#\/schema\/logo\/image\/","url":"https:\/\/www.lourdes-france.com\/wp-content\/uploads\/2021\/11\/logo-small.png","contentUrl":"https:\/\/www.lourdes-france.com\/wp-content\/uploads\/2021\/11\/logo-small.png","width":834,"height":521,"caption":"Sanctuaire Notre-Dame de Lourdes"},"image":{"@id":"https:\/\/www.lourdes-france.com\/de\/#\/schema\/logo\/image\/"}}]}},"_links":{"self":[{"href":"https:\/\/www.lourdes-france.com\/de\/wp-json\/wp\/v2\/pages\/823553","targetHints":{"allow":["GET"]}}],"collection":[{"href":"https:\/\/www.lourdes-france.com\/de\/wp-json\/wp\/v2\/pages"}],"about":[{"href":"https:\/\/www.lourdes-france.com\/de\/wp-json\/wp\/v2\/types\/page"}],"author":[{"embeddable":true,"href":"https:\/\/www.lourdes-france.com\/de\/wp-json\/wp\/v2\/users\/2"}],"replies":[{"embeddable":true,"href":"https:\/\/www.lourdes-france.com\/de\/wp-json\/wp\/v2\/comments?post=823553"}],"version-history":[{"count":0,"href":"https:\/\/www.lourdes-france.com\/de\/wp-json\/wp\/v2\/pages\/823553\/revisions"}],"wp:featuredmedia":[{"embeddable":true,"href":"https:\/\/www.lourdes-france.com\/de\/wp-json\/wp\/v2\/media\/785952"}],"wp:attachment":[{"href":"https:\/\/www.lourdes-france.com\/de\/wp-json\/wp\/v2\/media?parent=823553"}],"curies":[{"name":"wp","href":"https:\/\/api.w.org\/{rel}","templated":true}]}}