{"id":823528,"date":"2021-11-12T14:41:13","date_gmt":"2021-11-12T13:41:13","guid":{"rendered":"https:\/\/www.lourdes-france.com\/les-apparitions-de-lourdes\/"},"modified":"2024-04-23T16:02:25","modified_gmt":"2024-04-23T14:02:25","slug":"die-erscheinungen","status":"publish","type":"page","link":"https:\/\/www.lourdes-france.com\/de\/die-erscheinungen\/","title":{"rendered":"Die Erscheinungen"},"content":{"rendered":"\t\t<div data-elementor-type=\"wp-page\" data-elementor-id=\"823528\" class=\"elementor elementor-823528 elementor-3294\" data-elementor-post-type=\"page\">\n\t\t\t\t\t\t<section class=\"elementor-section elementor-top-section elementor-element elementor-element-f6bfdb0 elementor-section-boxed elementor-section-height-default elementor-section-height-default\" data-id=\"f6bfdb0\" data-element_type=\"section\">\n\t\t\t\t\t\t<div class=\"elementor-container elementor-column-gap-default\">\n\t\t\t\t\t<div class=\"elementor-column elementor-col-100 elementor-top-column elementor-element elementor-element-1cfb794\" data-id=\"1cfb794\" data-element_type=\"column\">\n\t\t\t<div class=\"elementor-widget-wrap elementor-element-populated\">\n\t\t\t\t\t\t<div class=\"elementor-element elementor-element-a65fa25 elementor-widget elementor-widget-text-editor\" data-id=\"a65fa25\" data-element_type=\"widget\" data-widget_type=\"text-editor.default\">\n\t\t\t\t<div class=\"elementor-widget-container\">\n\t\t\t\t\t\t\t\t\t<section class=\"elementor-section elementor-top-section elementor-element elementor-element-2119237e elementor-section-boxed elementor-section-height-default elementor-section-height-default\" data-id=\"2119237e\" data-element_type=\"section\"><div class=\"elementor-container elementor-column-gap-no\"><div class=\"elementor-row\"><div class=\"elementor-column elementor-col-100 elementor-top-column elementor-element elementor-element-371e3a8f\" data-id=\"371e3a8f\" data-element_type=\"column\"><div class=\"elementor-column-wrap elementor-element-populated\"><div class=\"elementor-widget-wrap\"><h3>Donnerstag, 11. Februar 1858: die erste Begegnung<\/h3><p>Erste Erscheinung. Begleitet von ihrer Schwester und einer Freundin, geht Bernadette am Ufer des Gave nach Massabielle, um Knochen und Treibholz zu sammeln. Als sie gerade dabei ist, ihre Str\u00fcmpfe auszuziehen, um den Bach zu \u00fcberqueren und zur Grotte zu gehen, vernimmt sie ein Ger\u00e4usch wie das eines Windhauchs, sie hebt ihren Kopf in Richtung der Grotte: \u201eIch erblickte eine in wei\u00df gekleidete Dame: sie trug ein wei\u00dfes Kleid einen ebenfalls wei\u00dfen Schleier, einen blauen G\u00fcrtel und auf jedem Fu\u00df eine gelbe Rose\u201c. Bernadette bekreuzigt sich und betet mit der Dame den Rosenkranz. Sobald das Gebet beendet ist, verschwindet die Dame pl\u00f6tzlich.<br \/>* Massabielle ist der Name der Grotte, der Name bedeutet in der regionalen Sprache \u201ealter Felsen\u201c<\/p><h3>Sonntag, 14. Februar 1858: das Weihwasser<\/h3><p>Zweite Erscheinung. Bernadette versp\u00fcrt einen inneren Antrieb, der sie dazu bringt, trotz des Verbots ihrer Eltern, zur Grotte zur\u00fcckzukehren. Auf ihr eindringliches Bitten hin, hatte es ihr ihre Mutter erlaubt. Nach dem ersten Gesetz des Rosenkranzes erscheint die Dame. Bernadette bespritzt sie mit Weihwasser. Die Dame l\u00e4chelt und neigt den Kopf. Als das Rosenkranzgebet beendet ist, verschwindet sie.<\/p><h3>Donnerstag, 18. Februar 1858: die Dame spricht<\/h3><p>Dritte Erscheinung. Zum ersten Mal spricht die Dame. Bernadette reicht ihr Schreibzeug und bittet sie ihren Namen aufzuschreiben. Die Dame antwortet: \u201eDas ist nicht notwendig\u201c und f\u00fcgt hinzu: \u201eIch verspreche Ihnen nicht, Sie in dieser Welt gl\u00fccklich zu machen, sondern in der anderen. H\u00e4tten Sie die G\u00fcte, f\u00fcr f\u00fcnfzehn Tage hierher zu kommen?\u201c<\/p><h3>Freitag, 19. Februar 1858: die erste Kerze<\/h3><p>Vierte Erscheinung. Bernadette kommt mit einer gesegneten und brennenden Kerze zur Grotte. Aus dieser Geste entstand der Brauch Kerzen zu tragen und sie vor der Grotte anzuz\u00fcnden.<\/p><h3>Samstag, 20. Februar 1858: die gro\u00dfe Traurigkeit<\/h3><p>F\u00fcnfte Erscheinung. Die Dame lehrt Bernadette ein pers\u00f6nliches Gebet. Am Ende der Erscheinung, \u00fcberkommt Bernadette eine tiefe Traurigkeit.<\/p><h3>Sonntag, 21. Februar 1858: \u201eAqu\u00e9ro\u201c<\/h3><p>Sechste Erscheinung. Die Dame erscheint Bernadette bereits am fr\u00fchen Morgen. Etwa hundert Menschen begleiten sie. Anschlie\u00dfend wird sie von Polizeikommissar Jacomet befragt, der sie dazu zwingen will, zu erz\u00e4hlen, was sie gesehen hat. Bernadette spricht nur von \u201eAqu\u00e9ro\u201c , \u201edas da\u201c (auf Bigourdan, einem Dialekt der Okzitanischen Sprache).<\/p><h3>Dienstag, 23. Februar 1858: das Geheimnis<\/h3><p>Siebte Erscheinung. Umgeben von f\u00fcnfhundert Menschen, begibt sich Bernadette zur Grotte. Die Erscheinung er\u00f6ffnet ihr ein Geheimnis, \u201enur f\u00fcr sie\u201c.<\/p><h3>Mittwoch, 24. Februar 1858: \u201eBu\u00dfe!\u201c<\/h3><p>Achte Erscheinung. Die Botschaft der Dame lautet: \u201eBu\u00dfe! Bu\u00dfe! Bu\u00dfe! Beten Sie zu Gott f\u00fcr die S\u00fcnder! K\u00fcssen Sie die Erde als Bu\u00dfe f\u00fcr die S\u00fcnder! \u00bb<\/p><h3>Donnerstag, 25. Februar 1858: die Quelle<\/h3><p>Neunte Erscheinung. Dreihundert Menschen sind anwesend. Bernadette berichtet: \u201eSie sagte zu mir, ich solle aus der Quelle trinken (\u2026). Ich fand nur ein wenig schlammiges Wasser. Beim vierten Versuch schaffte ich es, zu trinken. Sie brachte mich auch dazu, von den Kr\u00e4utern zu essen, die nahe der Quelle wuchsen. Dann verschwand die Erscheinung und ich ging weg.\u201c Der Menge, die sie fragt: \u201eWei\u00dft du, dass man dich f\u00fcr verr\u00fcckt h\u00e4lt, solche Dinge zu tun?\u201c, antwortet sie: \u201eEs ist f\u00fcr die S\u00fcnder.\u201c<\/p><h3>Samstag, 27. Februar 1858: Stille<\/h3><p>Zehnte Erscheinung. Achthundert Menschen sind anwesend. Die Erscheinung findet schweigend statt. Bernadette trinkt Wasser aus der Quelle und vollzieht die gewohnten Bu\u00dfgesten.<\/p><h3>Sonntag, 28. Februar 1858: die Verz\u00fcckung<\/h3><p>Elfte Erscheinung. Mehr als tausend Menschen sind bei der Verz\u00fcckung anwesend. Bernadette betet, k\u00fcsst die Erde und rutscht auf den Knien als Zeichen der Bu\u00dfe. Anschlie\u00dfend wird sie zu Richter Ribes gebracht, der ihr mit Gef\u00e4ngnis droht.<\/p><h3>Montag, 01. M\u00e4rz 1858: die erste Wunderheilung<\/h3><p>Zw\u00f6lfte Erscheinung. Mehr als eintausendf\u00fcnfhundert Menschen sind versammelt und daunter zum ersten Mal auch ein Priester. In der Nacht geht Catherine Latapie, eine Mutter aus dem Nachbarort, zur Grotte und taucht ihren verrenkten Arm in das Wasser der Quelle: ihr Arm und ihre Hand werden wieder beweglich.<\/p><h3>Dienstag, 02. M\u00e4rz 1858: die Botschaft an die Priester<\/h3><p>Dreizehnte Erscheinung. Die Menschenmenge wird immer gr\u00f6\u00dfer. Die Dame fordert sie auf: <br \/>\u201eGehen Sie zu den Priestern und sagen Sie ihnen, man m\u00f6ge hierher in Prozession kommen und hier eine Kapelle errichten\u201c. Bernadette spricht mit Pfarrer Peyramale, dem Pfarrer von Lourdes. Dieser will nur eine Sache wissen: den Namen der Dame. Zudem verlangt er weiteres Zeichen: er will mitten im Winter den Rosenstock (den Heckenrosenstrauch) an der Grotte bl\u00fchen sehen.<\/p><h3>Mittwoch, 03. M\u00e4rz 1858: das L\u00e4cheln der Dame<\/h3><p>Vierzehnte Erscheinung. Bernadette geht schon um sieben Uhr morgens in Anwesenheit von dreitausend Menschen zur Grotte, aber die Dame erscheint nicht! Nach der Schule versp\u00fcrt sie eine innere Einladung der Dame. Sie geht zur Grotte und fragt sie erneut nach ihrem Namen. Die Antwort ist ein L\u00e4cheln. Pfarrer Peyramale sagt ihr erneut: \u201eWenn die Dame wirklich eine Kapelle m\u00f6chte, soll sie ihren Namen sagen und den Rosenstock an der Grotte erbl\u00fchen lassen.\u201c<\/p><h3>Donnerstag, 04. M\u00e4rz 1858: 8000 Menschen an der Grotte<\/h3><p>F\u00fcnfzehnte Erscheinung. Die die immer gr\u00f6\u00dfer werdende Menge (ungef\u00e4hr 8000 Menschen), erwartet am Ende der zwei Wochen ein Wunder. Die Erscheinung verl\u00e4uft in Stille. Pfarrer Peyramale bleibt bei seinem Standpunkt. Zwanzig Tage lang, kommt Bernadette nicht mehr zur Grotte: sie empfindet nicht mehr jenen unwiderstehlichen inneren Drang.<\/p><h3>Donnerstag, 25. M\u00e4rz 1858: die Dame nennt ihren Namen<\/h3><p>Die sechzehnte Erscheinung. Die Vision enth\u00fcllte schlie\u00dflich ihren Namen, aber der Rosenstock (oder Heckenrosenstrauch), \u00fcber dem w\u00e4hrend ihrer Erscheinungen ihre F\u00fc\u00dfe standen, bl\u00fchte nicht. Bernadette berichtet: \u201eSie blickte zum Himmel auf, faltete ihre H\u00e4nde, die zuvor zum Boden hin ausgebreitet waren, zum Gebet und sagte zu mir: Que soy era immaculada councepciou\u201c \u2013 (\u201eIch bin die Unbefleckte Empf\u00e4ngnis\u201c). Bernadette rennt los und wiederholt auf dem Weg immer wieder diese Worte, die sie nicht versteht. Diese Worte verwirrten den guten Pfarrer. Bernadette kannte diesen theologischen Ausdruck nicht, der die Jungfrau Maria bezeichnet. Vier Jahre zuvor, im Jahr 1854, hatte Papst Pius IX. dies zu einer Glaubenswahrheit des katholischen Glaubens erkl\u00e4rt (das Dogma von der Unbefleckten Empf\u00e4ngnis).<\/p><h3>Mittwoch, 07. April 1858: das Kerzenwunder<\/h3><p>Siebzehnte Erscheinung. W\u00e4hrend dieser Erscheinung h\u00e4lt Bernadette ihre brennende Kerze in der Hand. Die Flamme umz\u00fcngelt lange ihre Hand, ohne sie zu verbrennen. Diese Tatsache wird unmittelbar vom Arzt, Dr. Dozous, festgehalten.<\/p><h3>Freitag, 16. Juli 1858: die letzte Erscheinung<\/h3><p>Achtzehnte Erscheinung. Bernadette versp\u00fcrt den geheimnisvollen Ruf der Grotte, aber der Zugang zu Massabielle ist verboten und mit einer Palisade verschlossen. Sie begibt sich daher auf die gegen\u00fcberliegende Seite des Gave &#8230; und sieht die Jungfrau Maria ein letztes Mal: Es schien mir, als st\u00fcnde ich vor der Grotte, in derselben Entfernung wie die anderen Male, ich sah nur die Jungfrau Maria, nie habe ich sie so sch\u00f6n gesehen!\u201c.<\/p><\/div><\/div><\/div><\/div><\/div><\/section>\t\t\t\t\t\t\t\t<\/div>\n\t\t\t\t<\/div>\n\t\t\t\t<div class=\"elementor-element elementor-element-c470a4d elementor-widget elementor-widget-image\" data-id=\"c470a4d\" data-element_type=\"widget\" data-widget_type=\"image.default\">\n\t\t\t\t<div class=\"elementor-widget-container\">\n\t\t\t\t\t\t\t\t\t\t\t\t\t\t\t<img fetchpriority=\"high\" decoding=\"async\" width=\"1200\" height=\"800\" src=\"https:\/\/www.lourdes-france.com\/wp-content\/uploads\/2021\/11\/gemail-ok.jpg\" class=\"attachment-full size-full wp-image-785945\" alt=\"\" srcset=\"https:\/\/www.lourdes-france.com\/wp-content\/uploads\/2021\/11\/gemail-ok.jpg 1200w, https:\/\/www.lourdes-france.com\/wp-content\/uploads\/2021\/11\/gemail-ok-300x200.jpg 300w, https:\/\/www.lourdes-france.com\/wp-content\/uploads\/2021\/11\/gemail-ok-1024x683.jpg 1024w, https:\/\/www.lourdes-france.com\/wp-content\/uploads\/2021\/11\/gemail-ok-768x512.jpg 768w\" sizes=\"(max-width: 1200px) 100vw, 1200px\" \/>\t\t\t\t\t\t\t\t\t\t\t\t\t\t\t<\/div>\n\t\t\t\t<\/div>\n\t\t\t\t\t<\/div>\n\t\t<\/div>\n\t\t\t\t\t<\/div>\n\t\t<\/section>\n\t\t\t\t<\/div>\n\t\t","protected":false},"excerpt":{"rendered":"<p>Donnerstag, 11. Februar 1858: die erste Begegnung Erste Erscheinung. Begleitet von ihrer Schwester und einer Freundin, geht Bernadette am Ufer des Gave nach Massabielle, um Knochen und Treibholz zu sammeln. Als sie gerade dabei ist, ihre Str\u00fcmpfe auszuziehen, um den &hellip; <a href=\"https:\/\/www.lourdes-france.com\/de\/die-erscheinungen\/\">Weiter<\/a><\/p>\n","protected":false},"author":2,"featured_media":785950,"parent":0,"menu_order":0,"comment_status":"closed","ping_status":"closed","template":"","meta":{"_acf_changed":false,"footnotes":""},"class_list":["post-823528","page","type-page","status-publish","has-post-thumbnail","hentry"],"acf":[],"yoast_head":"<!-- This site is optimized with the Yoast SEO Premium plugin v24.0 (Yoast SEO v26.3) - https:\/\/yoast.com\/wordpress\/plugins\/seo\/ -->\n<title>Les Apparitions de Lourdes - Vivre le p\u00e8lerinage de Lourdes<\/title>\n<meta name=\"description\" content=\"Die Erz\u00e4hlung der Erscheinungen Marias an Bernadette Soubirous vom 11. Februar bis zum 16. Juli 1858. Am 25. M\u00e4rz erweist sich die Erscheinung als &quot;Unbefleckte Empf\u00e4ngnis&quot;.\" \/>\n<meta name=\"robots\" content=\"index, follow, max-snippet:-1, max-image-preview:large, max-video-preview:-1\" \/>\n<link rel=\"canonical\" href=\"https:\/\/www.lourdes-france.com\/de\/die-erscheinungen\/\" \/>\n<meta property=\"og:locale\" content=\"de_DE\" \/>\n<meta property=\"og:type\" content=\"article\" \/>\n<meta property=\"og:title\" content=\"Die Erscheinungen\" \/>\n<meta property=\"og:description\" content=\"Die Erz\u00e4hlung der Erscheinungen Marias an Bernadette Soubirous vom 11. Februar bis zum 16. Juli 1858. Am 25. M\u00e4rz erweist sich die Erscheinung als &quot;Unbefleckte Empf\u00e4ngnis&quot;.\" \/>\n<meta property=\"og:url\" content=\"https:\/\/www.lourdes-france.com\/de\/die-erscheinungen\/\" \/>\n<meta property=\"og:site_name\" content=\"Vivre le p\u00e8lerinage de Lourdes\" \/>\n<meta property=\"article:modified_time\" content=\"2024-04-23T14:02:25+00:00\" \/>\n<meta property=\"og:image\" content=\"https:\/\/www.lourdes-france.com\/wp-content\/uploads\/2021\/11\/grotte-apparition_mise-en-avant-1.jpg\" \/>\n\t<meta property=\"og:image:width\" content=\"2362\" \/>\n\t<meta property=\"og:image:height\" content=\"1507\" \/>\n\t<meta property=\"og:image:type\" content=\"image\/jpeg\" \/>\n<meta name=\"twitter:card\" content=\"summary_large_image\" \/>\n<meta name=\"twitter:label1\" content=\"Gesch\u00e4tzte Lesezeit\" \/>\n\t<meta name=\"twitter:data1\" content=\"1\u00a0Minute\" \/>\n<script type=\"application\/ld+json\" class=\"yoast-schema-graph\">{\"@context\":\"https:\/\/schema.org\",\"@graph\":[{\"@type\":\"WebPage\",\"@id\":\"https:\/\/www.lourdes-france.com\/de\/die-erscheinungen\/\",\"url\":\"https:\/\/www.lourdes-france.com\/de\/die-erscheinungen\/\",\"name\":\"Les Apparitions de Lourdes - Vivre le p\u00e8lerinage de Lourdes\",\"isPartOf\":{\"@id\":\"https:\/\/www.lourdes-france.com\/de\/#website\"},\"primaryImageOfPage\":{\"@id\":\"https:\/\/www.lourdes-france.com\/de\/die-erscheinungen\/#primaryimage\"},\"image\":{\"@id\":\"https:\/\/www.lourdes-france.com\/de\/die-erscheinungen\/#primaryimage\"},\"thumbnailUrl\":\"https:\/\/www.lourdes-france.com\/wp-content\/uploads\/2021\/11\/grotte-apparition_mise-en-avant-1.jpg\",\"datePublished\":\"2021-11-12T13:41:13+00:00\",\"dateModified\":\"2024-04-23T14:02:25+00:00\",\"description\":\"Die Erz\u00e4hlung der Erscheinungen Marias an Bernadette Soubirous vom 11. Februar bis zum 16. Juli 1858. Am 25. M\u00e4rz erweist sich die Erscheinung als \\\"Unbefleckte Empf\u00e4ngnis\\\".\",\"breadcrumb\":{\"@id\":\"https:\/\/www.lourdes-france.com\/de\/die-erscheinungen\/#breadcrumb\"},\"inLanguage\":\"de\",\"potentialAction\":[{\"@type\":\"ReadAction\",\"target\":[\"https:\/\/www.lourdes-france.com\/de\/die-erscheinungen\/\"]}]},{\"@type\":\"ImageObject\",\"inLanguage\":\"de\",\"@id\":\"https:\/\/www.lourdes-france.com\/de\/die-erscheinungen\/#primaryimage\",\"url\":\"https:\/\/www.lourdes-france.com\/wp-content\/uploads\/2021\/11\/grotte-apparition_mise-en-avant-1.jpg\",\"contentUrl\":\"https:\/\/www.lourdes-france.com\/wp-content\/uploads\/2021\/11\/grotte-apparition_mise-en-avant-1.jpg\",\"width\":2362,\"height\":1507},{\"@type\":\"BreadcrumbList\",\"@id\":\"https:\/\/www.lourdes-france.com\/de\/die-erscheinungen\/#breadcrumb\",\"itemListElement\":[{\"@type\":\"ListItem\",\"position\":1,\"name\":\"Accueil\",\"item\":\"https:\/\/www.lourdes-france.com\/de\/\"},{\"@type\":\"ListItem\",\"position\":2,\"name\":\"Die Erscheinungen\"}]},{\"@type\":\"WebSite\",\"@id\":\"https:\/\/www.lourdes-france.com\/de\/#website\",\"url\":\"https:\/\/www.lourdes-france.com\/de\/\",\"name\":\"Sanctuaire Notre-Dame de Lourdes\",\"description\":\"\",\"publisher\":{\"@id\":\"https:\/\/www.lourdes-france.com\/de\/#organization\"},\"potentialAction\":[{\"@type\":\"SearchAction\",\"target\":{\"@type\":\"EntryPoint\",\"urlTemplate\":\"https:\/\/www.lourdes-france.com\/de\/?s={search_term_string}\"},\"query-input\":{\"@type\":\"PropertyValueSpecification\",\"valueRequired\":true,\"valueName\":\"search_term_string\"}}],\"inLanguage\":\"de\"},{\"@type\":\"Organization\",\"@id\":\"https:\/\/www.lourdes-france.com\/de\/#organization\",\"name\":\"Sanctuaire Notre-Dame de Lourdes\",\"url\":\"https:\/\/www.lourdes-france.com\/de\/\",\"logo\":{\"@type\":\"ImageObject\",\"inLanguage\":\"de\",\"@id\":\"https:\/\/www.lourdes-france.com\/de\/#\/schema\/logo\/image\/\",\"url\":\"https:\/\/www.lourdes-france.com\/wp-content\/uploads\/2021\/11\/logo-small.png\",\"contentUrl\":\"https:\/\/www.lourdes-france.com\/wp-content\/uploads\/2021\/11\/logo-small.png\",\"width\":834,\"height\":521,\"caption\":\"Sanctuaire Notre-Dame de Lourdes\"},\"image\":{\"@id\":\"https:\/\/www.lourdes-france.com\/de\/#\/schema\/logo\/image\/\"}}]}<\/script>\n<!-- \/ Yoast SEO Premium plugin. -->","yoast_head_json":{"title":"Les Apparitions de Lourdes - Vivre le p\u00e8lerinage de Lourdes","description":"Die Erz\u00e4hlung der Erscheinungen Marias an Bernadette Soubirous vom 11. Februar bis zum 16. Juli 1858. Am 25. M\u00e4rz erweist sich die Erscheinung als \"Unbefleckte Empf\u00e4ngnis\".","robots":{"index":"index","follow":"follow","max-snippet":"max-snippet:-1","max-image-preview":"max-image-preview:large","max-video-preview":"max-video-preview:-1"},"canonical":"https:\/\/www.lourdes-france.com\/de\/die-erscheinungen\/","og_locale":"de_DE","og_type":"article","og_title":"Die Erscheinungen","og_description":"Die Erz\u00e4hlung der Erscheinungen Marias an Bernadette Soubirous vom 11. Februar bis zum 16. Juli 1858. Am 25. M\u00e4rz erweist sich die Erscheinung als \"Unbefleckte Empf\u00e4ngnis\".","og_url":"https:\/\/www.lourdes-france.com\/de\/die-erscheinungen\/","og_site_name":"Vivre le p\u00e8lerinage de Lourdes","article_modified_time":"2024-04-23T14:02:25+00:00","og_image":[{"width":2362,"height":1507,"url":"https:\/\/www.lourdes-france.com\/wp-content\/uploads\/2021\/11\/grotte-apparition_mise-en-avant-1.jpg","type":"image\/jpeg"}],"twitter_card":"summary_large_image","twitter_misc":{"Gesch\u00e4tzte Lesezeit":"1\u00a0Minute"},"schema":{"@context":"https:\/\/schema.org","@graph":[{"@type":"WebPage","@id":"https:\/\/www.lourdes-france.com\/de\/die-erscheinungen\/","url":"https:\/\/www.lourdes-france.com\/de\/die-erscheinungen\/","name":"Les Apparitions de Lourdes - Vivre le p\u00e8lerinage de Lourdes","isPartOf":{"@id":"https:\/\/www.lourdes-france.com\/de\/#website"},"primaryImageOfPage":{"@id":"https:\/\/www.lourdes-france.com\/de\/die-erscheinungen\/#primaryimage"},"image":{"@id":"https:\/\/www.lourdes-france.com\/de\/die-erscheinungen\/#primaryimage"},"thumbnailUrl":"https:\/\/www.lourdes-france.com\/wp-content\/uploads\/2021\/11\/grotte-apparition_mise-en-avant-1.jpg","datePublished":"2021-11-12T13:41:13+00:00","dateModified":"2024-04-23T14:02:25+00:00","description":"Die Erz\u00e4hlung der Erscheinungen Marias an Bernadette Soubirous vom 11. Februar bis zum 16. Juli 1858. Am 25. M\u00e4rz erweist sich die Erscheinung als \"Unbefleckte Empf\u00e4ngnis\".","breadcrumb":{"@id":"https:\/\/www.lourdes-france.com\/de\/die-erscheinungen\/#breadcrumb"},"inLanguage":"de","potentialAction":[{"@type":"ReadAction","target":["https:\/\/www.lourdes-france.com\/de\/die-erscheinungen\/"]}]},{"@type":"ImageObject","inLanguage":"de","@id":"https:\/\/www.lourdes-france.com\/de\/die-erscheinungen\/#primaryimage","url":"https:\/\/www.lourdes-france.com\/wp-content\/uploads\/2021\/11\/grotte-apparition_mise-en-avant-1.jpg","contentUrl":"https:\/\/www.lourdes-france.com\/wp-content\/uploads\/2021\/11\/grotte-apparition_mise-en-avant-1.jpg","width":2362,"height":1507},{"@type":"BreadcrumbList","@id":"https:\/\/www.lourdes-france.com\/de\/die-erscheinungen\/#breadcrumb","itemListElement":[{"@type":"ListItem","position":1,"name":"Accueil","item":"https:\/\/www.lourdes-france.com\/de\/"},{"@type":"ListItem","position":2,"name":"Die Erscheinungen"}]},{"@type":"WebSite","@id":"https:\/\/www.lourdes-france.com\/de\/#website","url":"https:\/\/www.lourdes-france.com\/de\/","name":"Sanctuaire Notre-Dame de Lourdes","description":"","publisher":{"@id":"https:\/\/www.lourdes-france.com\/de\/#organization"},"potentialAction":[{"@type":"SearchAction","target":{"@type":"EntryPoint","urlTemplate":"https:\/\/www.lourdes-france.com\/de\/?s={search_term_string}"},"query-input":{"@type":"PropertyValueSpecification","valueRequired":true,"valueName":"search_term_string"}}],"inLanguage":"de"},{"@type":"Organization","@id":"https:\/\/www.lourdes-france.com\/de\/#organization","name":"Sanctuaire Notre-Dame de Lourdes","url":"https:\/\/www.lourdes-france.com\/de\/","logo":{"@type":"ImageObject","inLanguage":"de","@id":"https:\/\/www.lourdes-france.com\/de\/#\/schema\/logo\/image\/","url":"https:\/\/www.lourdes-france.com\/wp-content\/uploads\/2021\/11\/logo-small.png","contentUrl":"https:\/\/www.lourdes-france.com\/wp-content\/uploads\/2021\/11\/logo-small.png","width":834,"height":521,"caption":"Sanctuaire Notre-Dame de Lourdes"},"image":{"@id":"https:\/\/www.lourdes-france.com\/de\/#\/schema\/logo\/image\/"}}]}},"_links":{"self":[{"href":"https:\/\/www.lourdes-france.com\/de\/wp-json\/wp\/v2\/pages\/823528","targetHints":{"allow":["GET"]}}],"collection":[{"href":"https:\/\/www.lourdes-france.com\/de\/wp-json\/wp\/v2\/pages"}],"about":[{"href":"https:\/\/www.lourdes-france.com\/de\/wp-json\/wp\/v2\/types\/page"}],"author":[{"embeddable":true,"href":"https:\/\/www.lourdes-france.com\/de\/wp-json\/wp\/v2\/users\/2"}],"replies":[{"embeddable":true,"href":"https:\/\/www.lourdes-france.com\/de\/wp-json\/wp\/v2\/comments?post=823528"}],"version-history":[{"count":0,"href":"https:\/\/www.lourdes-france.com\/de\/wp-json\/wp\/v2\/pages\/823528\/revisions"}],"wp:featuredmedia":[{"embeddable":true,"href":"https:\/\/www.lourdes-france.com\/de\/wp-json\/wp\/v2\/media\/785950"}],"wp:attachment":[{"href":"https:\/\/www.lourdes-france.com\/de\/wp-json\/wp\/v2\/media?parent=823528"}],"curies":[{"name":"wp","href":"https:\/\/api.w.org\/{rel}","templated":true}]}}