{"id":823511,"date":"2021-09-01T15:14:00","date_gmt":"2021-09-01T13:14:00","guid":{"rendered":"https:\/\/www.lourdes-france.com\/message-lourdes\/"},"modified":"2024-10-01T12:08:50","modified_gmt":"2024-10-01T10:08:50","slug":"die-botschaft-von-lourdes","status":"publish","type":"page","link":"https:\/\/www.lourdes-france.com\/de\/die-botschaft-von-lourdes\/","title":{"rendered":"Die Botschaft von Lourdes"},"content":{"rendered":"\t\t<div data-elementor-type=\"wp-page\" data-elementor-id=\"823511\" class=\"elementor elementor-823511 elementor-2933\" data-elementor-post-type=\"page\">\n\t\t\t\t\t\t<section class=\"elementor-section elementor-top-section elementor-element elementor-element-8e54810 elementor-section-full_width elementor-section-stretched elementor-section-height-default elementor-section-height-default\" data-id=\"8e54810\" data-element_type=\"section\" data-settings=\"{&quot;stretch_section&quot;:&quot;section-stretched&quot;,&quot;background_background&quot;:&quot;classic&quot;}\">\n\t\t\t\t\t\t\t<div class=\"elementor-background-overlay\"><\/div>\n\t\t\t\t\t\t\t<div class=\"elementor-container elementor-column-gap-default\">\n\t\t\t\t\t<div class=\"elementor-column elementor-col-100 elementor-top-column elementor-element elementor-element-d826eb8\" data-id=\"d826eb8\" data-element_type=\"column\">\n\t\t\t<div class=\"elementor-widget-wrap elementor-element-populated\">\n\t\t\t\t\t\t<div class=\"elementor-element elementor-element-e81d201 elementor-widget elementor-widget-heading\" data-id=\"e81d201\" data-element_type=\"widget\" data-widget_type=\"heading.default\">\n\t\t\t\t<div class=\"elementor-widget-container\">\n\t\t\t\t\t<h2 class=\"elementor-heading-title elementor-size-default\">Die Botschaft von Lourdes<\/h2>\t\t\t\t<\/div>\n\t\t\t\t<\/div>\n\t\t\t\t\t<\/div>\n\t\t<\/div>\n\t\t\t\t\t<\/div>\n\t\t<\/section>\n\t\t\t\t<section class=\"elementor-section elementor-top-section elementor-element elementor-element-0947ef2 elementor-section-boxed elementor-section-height-default elementor-section-height-default\" data-id=\"0947ef2\" data-element_type=\"section\">\n\t\t\t\t\t\t<div class=\"elementor-container elementor-column-gap-default\">\n\t\t\t\t\t<div class=\"elementor-column elementor-col-100 elementor-top-column elementor-element elementor-element-78cb3a1\" data-id=\"78cb3a1\" data-element_type=\"column\">\n\t\t\t<div class=\"elementor-widget-wrap elementor-element-populated\">\n\t\t\t\t\t\t<div class=\"elementor-element elementor-element-15c2919 elementor-widget elementor-widget-spacer\" data-id=\"15c2919\" data-element_type=\"widget\" data-widget_type=\"spacer.default\">\n\t\t\t\t<div class=\"elementor-widget-container\">\n\t\t\t\t\t\t\t<div class=\"elementor-spacer\">\n\t\t\t<div class=\"elementor-spacer-inner\"><\/div>\n\t\t<\/div>\n\t\t\t\t\t\t<\/div>\n\t\t\t\t<\/div>\n\t\t\t\t<div class=\"elementor-element elementor-element-8062456 elementor-skin-carousel elementor-widget elementor-widget-media-carousel\" data-id=\"8062456\" data-element_type=\"widget\" data-settings=\"{&quot;space_between&quot;:{&quot;unit&quot;:&quot;px&quot;,&quot;size&quot;:20,&quot;sizes&quot;:[]},&quot;skin&quot;:&quot;carousel&quot;,&quot;effect&quot;:&quot;slide&quot;,&quot;speed&quot;:500,&quot;space_between_tablet&quot;:{&quot;unit&quot;:&quot;px&quot;,&quot;size&quot;:10,&quot;sizes&quot;:[]},&quot;space_between_mobile&quot;:{&quot;unit&quot;:&quot;px&quot;,&quot;size&quot;:10,&quot;sizes&quot;:[]}}\" data-widget_type=\"media-carousel.default\">\n\t\t\t\t<div class=\"elementor-widget-container\">\n\t\t\t\t\t\t\t\t\t<div class=\"elementor-swiper\">\n\t\t\t\t\t<div class=\"elementor-main-swiper swiper\" role=\"region\" aria-roledescription=\"carousel\" aria-label=\"Slider\">\n\t\t\t\t<div class=\"swiper-wrapper\">\n\t\t\t\t\t\t\t\t\t\t\t<div class=\"swiper-slide\" role=\"group\" aria-roledescription=\"slide\">\n\t\t\t\t\t\t\t<a href=\"https:\/\/www.lourdes-france.com\/de\/die-erscheinungen\/\">\t\t<div class=\"elementor-carousel-image\" role=\"img\" aria-label=\"Die Erscheinungen\" style=\"background-image: url(&#039;https:\/\/www.lourdes-france.com\/wp-content\/uploads\/2021\/11\/grotte-apparitions-ok.jpg&#039;)\">\n\n\t\t\t\n\t\t\t\t\t<\/div>\n\t\t\t\t\t<div class=\"elementor-carousel-image-overlay e-overlay-animation-fade\">\n\t\t\t\tDie Erscheinungen \t\t\t<\/div>\n\t\t\t<\/a>\t\t\t\t\t\t<\/div>\n\t\t\t\t\t\t\t\t\t\t\t<div class=\"swiper-slide\" role=\"group\" aria-roledescription=\"slide\">\n\t\t\t\t\t\t\t<a href=\"https:\/\/www.lourdes-france.com\/de\/reconnaissance-des-apparitions\/\">\t\t<div class=\"elementor-carousel-image\" role=\"img\" aria-label=\"Anerkennung der Erscheinungen\" style=\"background-image: url(&#039;https:\/\/www.lourdes-france.com\/wp-content\/uploads\/2021\/11\/Mandement.jpg&#039;)\">\n\n\t\t\t\n\t\t\t\t\t<\/div>\n\t\t\t\t\t<div class=\"elementor-carousel-image-overlay e-overlay-animation-fade\">\n\t\t\t\tAnerkennung der Erscheinungen\t\t\t<\/div>\n\t\t\t<\/a>\t\t\t\t\t\t<\/div>\n\t\t\t\t\t\t\t\t\t\t\t<div class=\"swiper-slide\" role=\"group\" aria-roledescription=\"slide\">\n\t\t\t\t\t\t\t<a href=\"https:\/\/www.lourdes-france.com\/de\/bernadette-soubirous\/\">\t\t<div class=\"elementor-carousel-image\" role=\"img\" aria-label=\"Bernadette Soubirous\" style=\"background-image: url(&#039;https:\/\/www.lourdes-france.com\/wp-content\/uploads\/2021\/09\/vignette_bernadette_soubirous_500x333_img.jpg&#039;)\">\n\n\t\t\t\n\t\t\t\t\t<\/div>\n\t\t\t\t\t<div class=\"elementor-carousel-image-overlay e-overlay-animation-fade\">\n\t\t\t\tBernadette Soubirous\t\t\t<\/div>\n\t\t\t<\/a>\t\t\t\t\t\t<\/div>\n\t\t\t\t\t\t\t\t\t<\/div>\n\t\t\t\t\t\t\t\t\t\t\t\t\t\t\t\t\t\t\t\t\t<\/div>\n\t\t\t\t<\/div>\n\t\t\t\t\t\t\t\t<\/div>\n\t\t\t\t<\/div>\n\t\t\t\t<div class=\"elementor-element elementor-element-7b3380a elementor-widget elementor-widget-text-editor\" data-id=\"7b3380a\" data-element_type=\"widget\" data-widget_type=\"text-editor.default\">\n\t\t\t\t<div class=\"elementor-widget-container\">\n\t\t\t\t\t\t\t\t\t<h3 style=\"text-align: left;\">Der 18. Februar 1858: die vorgeordneten Worte<\/h3><p>Bei der dritten Erscheinung am 18. Februar spricht die Jungfrau Maria zum ersten Mal: \u201eWas ich euch zu sagen habe, ist nicht n\u00f6tig aufzuschreiben\u201c. Das bedeutet, dass Maria mit Bernadette in eine Beziehung eintreten will, die von der Liebe gepr\u00e4gt ist und auf der Herzensebene basiert. Bernadette wird von Anfang an aufgefordert, ihr Herz f\u00fcr diese Botschaft der Liebe zu \u00f6ffnen.<\/p><p>Beim zweiten Wort der Jungfrau Maria: \u201eW\u00fcrden Sie mir die Gunst erweisen, f\u00fcr f\u00fcnfzehn Tage hierher zu kommen?\u201c, ist Bernadette \u00fcberw\u00e4ltigt. Es ist das erste Mal, dass sie mit \u201eSie\u201c angesprochen wird. Bernadette, die sich auf diese Weise respektiert und geliebt f\u00fchlt, erf\u00e4hrt, dass sie selbst eine Person ist. Wir alle sind in Gottes Augen w\u00fcrdig. Weil jeder von Gott geliebt wird.<\/p><p>Das dritte Wort der Jungfrau Maria: \u201eIch verspreche Ihnen nicht, Sie in dieser Welt gl\u00fccklich zu machen, sondern in der anderen\u201c. Wenn Jesus uns im Evangelium auffordert, das Himmelreich zu entdecken, l\u00e4dt er uns ein, in der Welt, so wie sie ist, eine \u201eandere Welt\u201c zu entdecken. Dort, wo die Liebe ist, ist Gott gegenw\u00e4rtig. Die Jungfrau Maria vermittelt Bernadette die Gewissheit eines verhei\u00dfenen Landes, das nur \u00fcber den Tod hinaus vollst\u00e4ndig erreicht werden kann.<\/p><div class=\"elementor-element elementor-element-26e8855b elementor-widget elementor-widget-text-editor\" data-id=\"26e8855b\" data-element_type=\"widget\" data-widget_type=\"text-editor.default\"><div class=\"elementor-widget-container\"><div class=\"elementor-text-editor elementor-clearfix\"><h3>\u00a0<\/h3><h3 style=\"text-align: left;\">Gott ist die Liebe<\/h3><\/div><\/div><\/div><div class=\"elementor-element elementor-element-5c392925 elementor-widget elementor-widget-text-editor\" data-id=\"5c392925\" data-element_type=\"widget\" data-widget_type=\"text-editor.default\"><div class=\"elementor-widget-container\"><div class=\"elementor-text-editor elementor-clearfix\"><p>Trotz ihres Elends, ihrer Krankheit und ihrer unzul\u00e4nglichen Bildung war Bernadette immer zutiefst gl\u00fccklich. So ist das Reich Gottes, die Welt der wahren Liebe. W\u00e4hrend der ersten sieben Erscheinungen Marias zeigte Bernadette ein freudiges Gesicht, das Gl\u00fcck und Licht ausstrahlte. Doch zwischen der achten und zw\u00f6lften Erscheinung \u00e4ndert sich das v\u00f6llig: Bernadettes Gesicht wird bitter, traurig, schmerzverzerrt und vor allem vollzieht sie unverst\u00e4ndliche Gesten &#8230; sie rutscht auf den Knien auf dem Boden der Grotte; k\u00fcsst den schmutzigen und absto\u00dfenden Grund dieser Grotte; isst einige bittere Kr\u00e4uter; gr\u00e4bt den Boden um und versucht schlammiges Wasser zu trinken und beschmiert sich dabei das Gesicht mit Schlamm. Danach sieht Bernadette in die Menge und alle sagen: \u201eSie ist verr\u00fcckt\u201c. W\u00e4hrend vier Erscheinungen wiederholt Bernadette dieselben Gesten. Was bedeutet das alles? Niemand hat es verstanden! Wir befinden uns jedoch im Zentrum der \u201eBotschaft von Lourdes\u201c.<\/p><\/div><\/div><\/div><div class=\"elementor-element elementor-element-325a0cd3 elementor-widget elementor-widget-text-editor\" data-id=\"325a0cd3\" data-element_type=\"widget\" data-widget_type=\"text-editor.default\"><div class=\"elementor-widget-container\"><div class=\"elementor-text-editor elementor-clearfix\"><h2>\u00a0<\/h2><h3 style=\"text-align: left;\">Die biblische Bedeutung der Erscheinungen<\/h3><\/div><\/div><\/div><div class=\"elementor-element elementor-element-494809d8 elementor-widget elementor-widget-text-editor\" data-id=\"494809d8\" data-element_type=\"widget\" data-widget_type=\"text-editor.default\"><div class=\"elementor-widget-container\"><div class=\"elementor-text-editor elementor-clearfix\"><p>Die Gesten von Bernadette sind biblische Gesten. Bernadette soll die Menschwerdung, die Passion und den Tod Christi zum Ausdruck bringen. Das Rutschen auf den Knien auf der Erde der Grotte ist eine Geste der Menschwerdung, der Erniedrigung des menschgewordenen Gottessohnes. Das Essen der Kr\u00e4uter erinnert an die j\u00fcdische Tradition der Bitterkr\u00e4uter bei der Paschafeier im Gedenken an den Aufbruch aus der Sklaverei zum verhei\u00dfenen Land. Das beschmierte Gesicht greift ein Bild des Prophet Jesaja auf, der vom Menschensohn, also von Christus spricht, und auf ihn als den leidenden Gottesknecht zum Heil aller V\u00f6lker hinweist.<\/p><\/div><\/div><\/div><div class=\"elementor-element elementor-element-79837854 elementor-widget elementor-widget-text-editor\" data-id=\"79837854\" data-element_type=\"widget\" data-widget_type=\"text-editor.default\"><div class=\"elementor-widget-container\"><div class=\"elementor-text-editor elementor-clearfix\"><h2>\u00a0<\/h2><h3 style=\"text-align: left;\">Die Grotte birgt einen unermesslichen Schatz<\/h3><\/div><\/div><\/div><div class=\"elementor-element elementor-element-e6c037a elementor-widget elementor-widget-text-editor\" data-id=\"e6c037a\" data-element_type=\"widget\" data-widget_type=\"text-editor.default\"><div class=\"elementor-widget-container\"><div class=\"elementor-text-editor elementor-clearfix\"><p>Bei der neunten Erscheinung bat die \u201eSch\u00f6ne Dame\u201c Bernadette, auf dem Boden im Grund zu w\u00fchlen, und sagte: \u201eGehen Sie zur Quelle, trinken Sie daraus und waschen Sie sich darin\u201c. Durch diese Gesten wird uns das Geheimnis des Herzens Christi selbst enth\u00fcllt: \u201eeiner der Soldaten stie\u00df mit der Lanze in seine Seite und sogleich floss Blut und Wasser heraus.\u201c<br \/>Das von der S\u00fcnde verwundete Herz des Menschen wird durch das Gras und den Schlamm dargestellt. Aber in der Tiefe dieses Herzens befindet sich das Leben Gottes selbst, das durch die Quelle symbolisiert wird. Bernadette wird gefragt: \u201eHat die Dame etwas zu dir gesagt?\u201c. Sie antwortete: \u201eJa, von Zeit zu Zeit sagte sie: \u201eBu\u00dfe, Bu\u00dfe, Bu\u00dfe. Beten Sie f\u00fcr die S\u00fcnder\u201c. Unter \u201eBu\u00dfe\u201c ist Bekehrung zu verstehen. F\u00fcr die Kirche besteht die Bekehrung darin, dass man sein Herz Gott und seinen Br\u00fcdern zuwendet, wie Christus es gelehrt hat.<\/p><p>Bei der dreizehnten Erscheinung sagte Maria zu Bernadette: \u201eGehen Sie und sagen Sie zu den Priestern man solle hier eine Kapelle errichten und hierher in Prozession kommen\u201c. Dass \u201ein Prozession kommen\u201c bedeutet, in diesem Leben mit den Mitmenschen auf ein Ziel hin unterwegs zu sein. \u201eMan m\u00f6ge eine Kapelle errichten\u201c: In Lourdes wurden Kapellen gebaut, um die Menge der Pilger an diesem Ort aufzunehmen. Die Kapelle steht zudem f\u00fcr die \u201eKirche&#8220;, die wir, \u201eauferbaut aus lebendigen Steinen\u201c, dort, wo wir sind, errichten sollen.<\/p><\/div><\/div><\/div><div class=\"elementor-element elementor-element-ed0aa28 elementor-widget elementor-widget-text-editor\" data-id=\"ed0aa28\" data-element_type=\"widget\" data-widget_type=\"text-editor.default\"><div class=\"elementor-widget-container\"><div class=\"elementor-text-editor elementor-clearfix\"><h2>\u00a0<\/h2><h3 style=\"text-align: left;\">Die Frau sagt ihren Namen: \u201eQue soy era Immaculada Councepciou\u201c<\/h3><\/div><\/div><\/div><div class=\"elementor-element elementor-element-576be545 elementor-widget elementor-widget-text-editor\" data-id=\"576be545\" data-element_type=\"widget\" data-widget_type=\"text-editor.default\"><div class=\"elementor-widget-container\"><div class=\"elementor-text-editor elementor-clearfix\"><p>Am 25. M\u00e4rz 1858, dem Tag der sechzehnten Erscheinung, bittet Bernadette die \u201eDame\u201c erneut um ihren Namen. \u201eDie Dame antwortete in der lokalen Sprache: \u201eQue soy era Immaculada Councepciou\u201c, auf Deutsch: \u201eIch bin die Unbefleckte Empf\u00e4ngnis\u201c. Die Unbefleckte Empf\u00e4ngnis meint \u201eMaria, ist ohne S\u00fcnde empfangen\u201c (Das Dogma wurde im Jahr 1854 verk\u00fcndet und besagt: \u201edass die seligste Jungfrau Maria im ersten Augenblick ihrer Empf\u00e4ngnis durch ein einzigartiges Gnadengeschenk und Vorrecht des allm\u00e4chtigen Gottes, im Hinblick auf die Verdienste Christi Jesu, des Erl\u00f6sers des Menschengeschlechts, von jedem Fehl der Erbs\u00fcnde rein bewahrt blieb\u201c). Bernadette geht sofort zum Pfarrer, um ihm den Namen der \u201eDame\u201c mitzuteilen. Er versteht, dass es sich um die Mutter Gottes handelt, die in der Grotte erscheint. Sp\u00e4ter beglaubigte der Bischof von Tarbes, Bischof Laurence, diese Selbstkundgabe.<\/p><\/div><\/div><\/div>\t\t\t\t\t\t\t\t<\/div>\n\t\t\t\t<\/div>\n\t\t\t\t\t<\/div>\n\t\t<\/div>\n\t\t\t\t\t<\/div>\n\t\t<\/section>\n\t\t\t\t<\/div>\n\t\t","protected":false},"excerpt":{"rendered":"<p>Die Botschaft von Lourdes Die Erscheinungen Anerkennung der Erscheinungen Bernadette Soubirous Der 18. Februar 1858: die vorgeordneten Worte Bei der dritten Erscheinung am 18. Februar spricht die Jungfrau Maria zum ersten Mal: \u201eWas ich euch zu sagen habe, ist nicht &hellip; <a href=\"https:\/\/www.lourdes-france.com\/de\/die-botschaft-von-lourdes\/\">Weiter<\/a><\/p>\n","protected":false},"author":1,"featured_media":0,"parent":0,"menu_order":0,"comment_status":"closed","ping_status":"closed","template":"","meta":{"_acf_changed":false,"footnotes":""},"class_list":["post-823511","page","type-page","status-publish","hentry"],"acf":[],"yoast_head":"<!-- This site is optimized with the Yoast SEO Premium plugin v24.0 (Yoast SEO v26.3) - https:\/\/yoast.com\/wordpress\/plugins\/seo\/ -->\n<title>Die Botschaft von Lourdes - Vivre le p\u00e8lerinage de Lourdes<\/title>\n<meta name=\"description\" content=\"Entdecken Sie die Botschaft, die die Jungfrau Maria Bernadette Soubirous w\u00e4hrend der 18 Erscheinungen in der Grotte von Lourdes \u00fcbermittelt hat.\" \/>\n<meta name=\"robots\" content=\"index, follow, max-snippet:-1, max-image-preview:large, max-video-preview:-1\" \/>\n<link rel=\"canonical\" href=\"https:\/\/www.lourdes-france.com\/de\/die-botschaft-von-lourdes\/\" \/>\n<meta property=\"og:locale\" content=\"de_DE\" \/>\n<meta property=\"og:type\" content=\"article\" \/>\n<meta property=\"og:title\" content=\"Die Botschaft von Lourdes\" \/>\n<meta property=\"og:description\" content=\"Entdecken Sie die Botschaft, die die Jungfrau Maria Bernadette Soubirous w\u00e4hrend der 18 Erscheinungen in der Grotte von Lourdes \u00fcbermittelt hat.\" \/>\n<meta property=\"og:url\" content=\"https:\/\/www.lourdes-france.com\/de\/die-botschaft-von-lourdes\/\" \/>\n<meta property=\"og:site_name\" content=\"Vivre le p\u00e8lerinage de Lourdes\" \/>\n<meta property=\"article:modified_time\" content=\"2024-10-01T10:08:50+00:00\" \/>\n<meta name=\"twitter:card\" content=\"summary_large_image\" \/>\n<meta name=\"twitter:label1\" content=\"Gesch\u00e4tzte Lesezeit\" \/>\n\t<meta name=\"twitter:data1\" content=\"9\u00a0Minuten\" \/>\n<script type=\"application\/ld+json\" class=\"yoast-schema-graph\">{\"@context\":\"https:\/\/schema.org\",\"@graph\":[{\"@type\":\"WebPage\",\"@id\":\"https:\/\/www.lourdes-france.com\/de\/die-botschaft-von-lourdes\/\",\"url\":\"https:\/\/www.lourdes-france.com\/de\/die-botschaft-von-lourdes\/\",\"name\":\"Die Botschaft von Lourdes - Vivre le p\u00e8lerinage de Lourdes\",\"isPartOf\":{\"@id\":\"https:\/\/www.lourdes-france.com\/de\/#website\"},\"datePublished\":\"2021-09-01T13:14:00+00:00\",\"dateModified\":\"2024-10-01T10:08:50+00:00\",\"description\":\"Entdecken Sie die Botschaft, die die Jungfrau Maria Bernadette Soubirous w\u00e4hrend der 18 Erscheinungen in der Grotte von Lourdes \u00fcbermittelt hat.\",\"breadcrumb\":{\"@id\":\"https:\/\/www.lourdes-france.com\/de\/die-botschaft-von-lourdes\/#breadcrumb\"},\"inLanguage\":\"de\",\"potentialAction\":[{\"@type\":\"ReadAction\",\"target\":[\"https:\/\/www.lourdes-france.com\/de\/die-botschaft-von-lourdes\/\"]}]},{\"@type\":\"BreadcrumbList\",\"@id\":\"https:\/\/www.lourdes-france.com\/de\/die-botschaft-von-lourdes\/#breadcrumb\",\"itemListElement\":[{\"@type\":\"ListItem\",\"position\":1,\"name\":\"Accueil\",\"item\":\"https:\/\/www.lourdes-france.com\/de\/\"},{\"@type\":\"ListItem\",\"position\":2,\"name\":\"Die Botschaft von Lourdes\"}]},{\"@type\":\"WebSite\",\"@id\":\"https:\/\/www.lourdes-france.com\/de\/#website\",\"url\":\"https:\/\/www.lourdes-france.com\/de\/\",\"name\":\"Sanctuaire Notre-Dame de Lourdes\",\"description\":\"\",\"publisher\":{\"@id\":\"https:\/\/www.lourdes-france.com\/de\/#organization\"},\"potentialAction\":[{\"@type\":\"SearchAction\",\"target\":{\"@type\":\"EntryPoint\",\"urlTemplate\":\"https:\/\/www.lourdes-france.com\/de\/?s={search_term_string}\"},\"query-input\":{\"@type\":\"PropertyValueSpecification\",\"valueRequired\":true,\"valueName\":\"search_term_string\"}}],\"inLanguage\":\"de\"},{\"@type\":\"Organization\",\"@id\":\"https:\/\/www.lourdes-france.com\/de\/#organization\",\"name\":\"Sanctuaire Notre-Dame de Lourdes\",\"url\":\"https:\/\/www.lourdes-france.com\/de\/\",\"logo\":{\"@type\":\"ImageObject\",\"inLanguage\":\"de\",\"@id\":\"https:\/\/www.lourdes-france.com\/de\/#\/schema\/logo\/image\/\",\"url\":\"https:\/\/www.lourdes-france.com\/wp-content\/uploads\/2021\/11\/logo-small.png\",\"contentUrl\":\"https:\/\/www.lourdes-france.com\/wp-content\/uploads\/2021\/11\/logo-small.png\",\"width\":834,\"height\":521,\"caption\":\"Sanctuaire Notre-Dame de Lourdes\"},\"image\":{\"@id\":\"https:\/\/www.lourdes-france.com\/de\/#\/schema\/logo\/image\/\"}}]}<\/script>\n<!-- \/ Yoast SEO Premium plugin. -->","yoast_head_json":{"title":"Die Botschaft von Lourdes - Vivre le p\u00e8lerinage de Lourdes","description":"Entdecken Sie die Botschaft, die die Jungfrau Maria Bernadette Soubirous w\u00e4hrend der 18 Erscheinungen in der Grotte von Lourdes \u00fcbermittelt hat.","robots":{"index":"index","follow":"follow","max-snippet":"max-snippet:-1","max-image-preview":"max-image-preview:large","max-video-preview":"max-video-preview:-1"},"canonical":"https:\/\/www.lourdes-france.com\/de\/die-botschaft-von-lourdes\/","og_locale":"de_DE","og_type":"article","og_title":"Die Botschaft von Lourdes","og_description":"Entdecken Sie die Botschaft, die die Jungfrau Maria Bernadette Soubirous w\u00e4hrend der 18 Erscheinungen in der Grotte von Lourdes \u00fcbermittelt hat.","og_url":"https:\/\/www.lourdes-france.com\/de\/die-botschaft-von-lourdes\/","og_site_name":"Vivre le p\u00e8lerinage de Lourdes","article_modified_time":"2024-10-01T10:08:50+00:00","twitter_card":"summary_large_image","twitter_misc":{"Gesch\u00e4tzte Lesezeit":"9\u00a0Minuten"},"schema":{"@context":"https:\/\/schema.org","@graph":[{"@type":"WebPage","@id":"https:\/\/www.lourdes-france.com\/de\/die-botschaft-von-lourdes\/","url":"https:\/\/www.lourdes-france.com\/de\/die-botschaft-von-lourdes\/","name":"Die Botschaft von Lourdes - Vivre le p\u00e8lerinage de Lourdes","isPartOf":{"@id":"https:\/\/www.lourdes-france.com\/de\/#website"},"datePublished":"2021-09-01T13:14:00+00:00","dateModified":"2024-10-01T10:08:50+00:00","description":"Entdecken Sie die Botschaft, die die Jungfrau Maria Bernadette Soubirous w\u00e4hrend der 18 Erscheinungen in der Grotte von Lourdes \u00fcbermittelt hat.","breadcrumb":{"@id":"https:\/\/www.lourdes-france.com\/de\/die-botschaft-von-lourdes\/#breadcrumb"},"inLanguage":"de","potentialAction":[{"@type":"ReadAction","target":["https:\/\/www.lourdes-france.com\/de\/die-botschaft-von-lourdes\/"]}]},{"@type":"BreadcrumbList","@id":"https:\/\/www.lourdes-france.com\/de\/die-botschaft-von-lourdes\/#breadcrumb","itemListElement":[{"@type":"ListItem","position":1,"name":"Accueil","item":"https:\/\/www.lourdes-france.com\/de\/"},{"@type":"ListItem","position":2,"name":"Die Botschaft von Lourdes"}]},{"@type":"WebSite","@id":"https:\/\/www.lourdes-france.com\/de\/#website","url":"https:\/\/www.lourdes-france.com\/de\/","name":"Sanctuaire Notre-Dame de Lourdes","description":"","publisher":{"@id":"https:\/\/www.lourdes-france.com\/de\/#organization"},"potentialAction":[{"@type":"SearchAction","target":{"@type":"EntryPoint","urlTemplate":"https:\/\/www.lourdes-france.com\/de\/?s={search_term_string}"},"query-input":{"@type":"PropertyValueSpecification","valueRequired":true,"valueName":"search_term_string"}}],"inLanguage":"de"},{"@type":"Organization","@id":"https:\/\/www.lourdes-france.com\/de\/#organization","name":"Sanctuaire Notre-Dame de Lourdes","url":"https:\/\/www.lourdes-france.com\/de\/","logo":{"@type":"ImageObject","inLanguage":"de","@id":"https:\/\/www.lourdes-france.com\/de\/#\/schema\/logo\/image\/","url":"https:\/\/www.lourdes-france.com\/wp-content\/uploads\/2021\/11\/logo-small.png","contentUrl":"https:\/\/www.lourdes-france.com\/wp-content\/uploads\/2021\/11\/logo-small.png","width":834,"height":521,"caption":"Sanctuaire Notre-Dame de Lourdes"},"image":{"@id":"https:\/\/www.lourdes-france.com\/de\/#\/schema\/logo\/image\/"}}]}},"_links":{"self":[{"href":"https:\/\/www.lourdes-france.com\/de\/wp-json\/wp\/v2\/pages\/823511","targetHints":{"allow":["GET"]}}],"collection":[{"href":"https:\/\/www.lourdes-france.com\/de\/wp-json\/wp\/v2\/pages"}],"about":[{"href":"https:\/\/www.lourdes-france.com\/de\/wp-json\/wp\/v2\/types\/page"}],"author":[{"embeddable":true,"href":"https:\/\/www.lourdes-france.com\/de\/wp-json\/wp\/v2\/users\/1"}],"replies":[{"embeddable":true,"href":"https:\/\/www.lourdes-france.com\/de\/wp-json\/wp\/v2\/comments?post=823511"}],"version-history":[{"count":0,"href":"https:\/\/www.lourdes-france.com\/de\/wp-json\/wp\/v2\/pages\/823511\/revisions"}],"wp:attachment":[{"href":"https:\/\/www.lourdes-france.com\/de\/wp-json\/wp\/v2\/media?parent=823511"}],"curies":[{"name":"wp","href":"https:\/\/api.w.org\/{rel}","templated":true}]}}