{"id":819258,"date":"2023-03-28T14:45:59","date_gmt":"2023-03-28T12:45:59","guid":{"rendered":"https:\/\/www.lourdes-france.com\/jugendliche-in-lourdes\/propositions-de-parcours-sur-les-pas-de-bernadette\/"},"modified":"2024-12-16T18:02:33","modified_gmt":"2024-12-16T17:02:33","slug":"propositions-de-parcours-sur-les-pas-de-bernadette","status":"publish","type":"page","link":"https:\/\/www.lourdes-france.com\/de\/jugendliche-in-lourdes\/propositions-de-parcours-sur-les-pas-de-bernadette\/","title":{"rendered":"Runde"},"content":{"rendered":"\t\t<div data-elementor-type=\"wp-page\" data-elementor-id=\"819258\" class=\"elementor elementor-819258 elementor-800554\" data-elementor-post-type=\"page\">\n\t\t\t\t\t\t<section class=\"elementor-section elementor-top-section elementor-element elementor-element-b825baf elementor-section-full_width elementor-section-stretched elementor-section-height-default elementor-section-height-default\" data-id=\"b825baf\" data-element_type=\"section\" data-settings=\"{&quot;stretch_section&quot;:&quot;section-stretched&quot;,&quot;background_background&quot;:&quot;classic&quot;}\">\n\t\t\t\t\t\t\t<div class=\"elementor-background-overlay\"><\/div>\n\t\t\t\t\t\t\t<div class=\"elementor-container elementor-column-gap-default\">\n\t\t\t\t\t<div class=\"elementor-column elementor-col-100 elementor-top-column elementor-element elementor-element-2c0b8c0\" data-id=\"2c0b8c0\" data-element_type=\"column\">\n\t\t\t<div class=\"elementor-widget-wrap elementor-element-populated\">\n\t\t\t\t\t\t<div class=\"elementor-element elementor-element-fad1a79 elementor-widget elementor-widget-heading\" data-id=\"fad1a79\" data-element_type=\"widget\" data-widget_type=\"heading.default\">\n\t\t\t\t<div class=\"elementor-widget-container\">\n\t\t\t\t\t<h2 class=\"elementor-heading-title elementor-size-default\">Vorschl\u00e4ge f\u00fcr selbstst\u00e4ndige Lernwege<\/h2>\t\t\t\t<\/div>\n\t\t\t\t<\/div>\n\t\t\t\t\t<\/div>\n\t\t<\/div>\n\t\t\t\t\t<\/div>\n\t\t<\/section>\n\t\t\t\t<section class=\"elementor-section elementor-top-section elementor-element elementor-element-89bc0e8 elementor-section-boxed elementor-section-height-default elementor-section-height-default\" data-id=\"89bc0e8\" data-element_type=\"section\">\n\t\t\t\t\t\t<div class=\"elementor-container elementor-column-gap-default\">\n\t\t\t\t\t<div class=\"elementor-column elementor-col-25 elementor-top-column elementor-element elementor-element-fafbf30\" data-id=\"fafbf30\" data-element_type=\"column\">\n\t\t\t<div class=\"elementor-widget-wrap elementor-element-populated\">\n\t\t\t\t\t\t<div class=\"elementor-element elementor-element-bf4d89e elementor-widget elementor-widget-ucaddon_image_card_content_box\" data-id=\"bf4d89e\" data-element_type=\"widget\" data-widget_type=\"ucaddon_image_card_content_box.default\">\n\t\t\t\t<div class=\"elementor-widget-container\">\n\t\t\t\t\t\n<!-- start Image Card -->\n<style>\/* widget: Image Card *\/\n\n.uc_classic_content *{\n\tbox-sizing: border-box;\n}\n\n#uc_image_card_content_box_elementor_bf4d89e \n{\n\tfont-size:14px;\n\toverflow:hidden;\n\tcolor:#8a8a8a;\n\ttext-align:center;\n\tposition:relative;\n\twidth:100%;\n    box-shadow:rgba(0,0,0,0.10) 0px 5px 20px;\n}\n\n.uc_classic_content .uc_classic_content_content h2\n{\n\tfont-size:21px;\n    color:black;\n}\n\n.uc_classic_content .uc_classic_content_content p\n{\n\tline-height:1.5em;\n}\n\n.uc_classic_content .uc_classic_content_border\n{\n\tdisplay:block;\n    margin: 0 auto;\n}\n\n.uc_classic_content  .uc_classic_content_placeholder img\n{\n\twidth:100%;\n    object-fit:cover;\n}\n\n#uc_image_card_content_box_elementor_bf4d89e .uc_classic_content_content \n{\n display: flex;\n flex-flow: column nowrap;\n}\n#uc_image_card_content_box_elementor_bf4d89e .btn_wrap\n{\n  margin-top:auto;\n}\n#uc_image_card_content_box_elementor_bf4d89e .uc_classic_content_content .uc_more_btn {\n\tdisplay:inline-block;\n\ttext-decoration:none;\n\ttransition: all 0.3s ease;\n    border-style:solid;\n    text-align:center;\n    \n\n}\n\n\n\n\n\n<\/style>\n\n<div class=\"uc_classic_content\" id=\"uc_image_card_content_box_elementor_bf4d89e\">\n  <span class=\"uc_classic_content_border\"><\/span>\n    \t<div class=\"uc_classic_content_container_holder\">\n                      <div class=\"uc_classic_content_content\">\n              <h2 class=\"ue-title\">1.Runde<\/h2>              <div class=\"ue-text\"><p>auf den Spuren der hl. Bernadette Von der famili\u00e4ren M\u00fchle zur Grotte<\/p><\/div>              \n                            \t\t<div class=\"btn_wrap\"><a class=\"uc_more_btn \" href=\"https:\/\/www.lourdes-france.com\/wp-content\/uploads\/2024\/02\/1.-Runde-auf-den-Spuren-der-hl.-Bernadette-\u2013-Von-der-familiaren-Muhle-zur-Grotte.pdf-.pdf\" >Download<\/a><\/div>\n              \n            <\/div>\n        <\/div>\n   <\/div>\n<!-- end Image Card -->\t\t\t\t<\/div>\n\t\t\t\t<\/div>\n\t\t\t\t\t<\/div>\n\t\t<\/div>\n\t\t\t\t<div class=\"elementor-column elementor-col-25 elementor-top-column elementor-element elementor-element-d123edd\" data-id=\"d123edd\" data-element_type=\"column\">\n\t\t\t<div class=\"elementor-widget-wrap elementor-element-populated\">\n\t\t\t\t\t\t<div class=\"elementor-element elementor-element-65cbe39 elementor-widget elementor-widget-ucaddon_image_card_content_box\" data-id=\"65cbe39\" data-element_type=\"widget\" data-widget_type=\"ucaddon_image_card_content_box.default\">\n\t\t\t\t<div class=\"elementor-widget-container\">\n\t\t\t\t\t\n<!-- start Image Card -->\n<style>\/* widget: Image Card *\/\n\n.uc_classic_content *{\n\tbox-sizing: border-box;\n}\n\n#uc_image_card_content_box_elementor_65cbe39 \n{\n\tfont-size:14px;\n\toverflow:hidden;\n\tcolor:#8a8a8a;\n\ttext-align:center;\n\tposition:relative;\n\twidth:100%;\n    box-shadow:rgba(0,0,0,0.10) 0px 5px 20px;\n}\n\n.uc_classic_content .uc_classic_content_content h2\n{\n\tfont-size:21px;\n    color:black;\n}\n\n.uc_classic_content .uc_classic_content_content p\n{\n\tline-height:1.5em;\n}\n\n.uc_classic_content .uc_classic_content_border\n{\n\tdisplay:block;\n    margin: 0 auto;\n}\n\n.uc_classic_content  .uc_classic_content_placeholder img\n{\n\twidth:100%;\n    object-fit:cover;\n}\n\n#uc_image_card_content_box_elementor_65cbe39 .uc_classic_content_content \n{\n display: flex;\n flex-flow: column nowrap;\n}\n#uc_image_card_content_box_elementor_65cbe39 .btn_wrap\n{\n  margin-top:auto;\n}\n#uc_image_card_content_box_elementor_65cbe39 .uc_classic_content_content .uc_more_btn {\n\tdisplay:inline-block;\n\ttext-decoration:none;\n\ttransition: all 0.3s ease;\n    border-style:solid;\n    text-align:center;\n    \n\n}\n\n\n\n\n\n<\/style>\n\n<div class=\"uc_classic_content\" id=\"uc_image_card_content_box_elementor_65cbe39\">\n  <span class=\"uc_classic_content_border\"><\/span>\n    \t<div class=\"uc_classic_content_container_holder\">\n                      <div class=\"uc_classic_content_content\">\n              <h2 class=\"ue-title\">2.Runde<\/h2>              <div class=\"ue-text\"><p>Bernadette und die Zeichen von Lourdes<\/p><\/div>              \n                            \t\t<div class=\"btn_wrap\"><a class=\"uc_more_btn \" href=\"https:\/\/www.lourdes-france.com\/wp-content\/uploads\/2024\/02\/2.Runde-Bernadette-und-die-Zeichen-von-Lourdes.pdf-.pdf\" >Download<\/a><\/div>\n              \n            <\/div>\n        <\/div>\n   <\/div>\n<!-- end Image Card -->\t\t\t\t<\/div>\n\t\t\t\t<\/div>\n\t\t\t\t\t<\/div>\n\t\t<\/div>\n\t\t\t\t<div class=\"elementor-column elementor-col-25 elementor-top-column elementor-element elementor-element-bbcd611\" data-id=\"bbcd611\" data-element_type=\"column\">\n\t\t\t<div class=\"elementor-widget-wrap elementor-element-populated\">\n\t\t\t\t\t\t<div class=\"elementor-element elementor-element-259d768 elementor-widget elementor-widget-ucaddon_image_card_content_box\" data-id=\"259d768\" data-element_type=\"widget\" data-widget_type=\"ucaddon_image_card_content_box.default\">\n\t\t\t\t<div class=\"elementor-widget-container\">\n\t\t\t\t\t\n<!-- start Image Card -->\n<style>\/* widget: Image Card *\/\n\n.uc_classic_content *{\n\tbox-sizing: border-box;\n}\n\n#uc_image_card_content_box_elementor_259d768 \n{\n\tfont-size:14px;\n\toverflow:hidden;\n\tcolor:#8a8a8a;\n\ttext-align:center;\n\tposition:relative;\n\twidth:100%;\n    box-shadow:rgba(0,0,0,0.10) 0px 5px 20px;\n}\n\n.uc_classic_content .uc_classic_content_content h2\n{\n\tfont-size:21px;\n    color:black;\n}\n\n.uc_classic_content .uc_classic_content_content p\n{\n\tline-height:1.5em;\n}\n\n.uc_classic_content .uc_classic_content_border\n{\n\tdisplay:block;\n    margin: 0 auto;\n}\n\n.uc_classic_content  .uc_classic_content_placeholder img\n{\n\twidth:100%;\n    object-fit:cover;\n}\n\n#uc_image_card_content_box_elementor_259d768 .uc_classic_content_content \n{\n display: flex;\n flex-flow: column nowrap;\n}\n#uc_image_card_content_box_elementor_259d768 .btn_wrap\n{\n  margin-top:auto;\n}\n#uc_image_card_content_box_elementor_259d768 .uc_classic_content_content .uc_more_btn {\n\tdisplay:inline-block;\n\ttext-decoration:none;\n\ttransition: all 0.3s ease;\n    border-style:solid;\n    text-align:center;\n    \n\n}\n\n\n\n\n\n<\/style>\n\n<div class=\"uc_classic_content\" id=\"uc_image_card_content_box_elementor_259d768\">\n  <span class=\"uc_classic_content_border\"><\/span>\n    \t<div class=\"uc_classic_content_container_holder\">\n                      <div class=\"uc_classic_content_content\">\n              <h2 class=\"ue-title\">3.Runde<\/h2>              <div class=\"ue-text\"><p>Bernadette und die Wallfahrtsst\u00e4tte Die Basiliken<\/p><\/div>              \n                            \t\t<div class=\"btn_wrap\"><a class=\"uc_more_btn \" href=\"https:\/\/www.lourdes-france.com\/wp-content\/uploads\/2024\/02\/3.-Runde-Bernadette-und-die-Wallfahrtsstatte-\u2013-Die-Basiliken.pdf\" >Download<\/a><\/div>\n              \n            <\/div>\n        <\/div>\n   <\/div>\n<!-- end Image Card -->\t\t\t\t<\/div>\n\t\t\t\t<\/div>\n\t\t\t\t\t<\/div>\n\t\t<\/div>\n\t\t\t\t<div class=\"elementor-column elementor-col-25 elementor-top-column elementor-element elementor-element-36df080\" data-id=\"36df080\" data-element_type=\"column\">\n\t\t\t<div class=\"elementor-widget-wrap elementor-element-populated\">\n\t\t\t\t\t\t<div class=\"elementor-element elementor-element-09fe66a elementor-widget elementor-widget-ucaddon_image_card_content_box\" data-id=\"09fe66a\" data-element_type=\"widget\" data-widget_type=\"ucaddon_image_card_content_box.default\">\n\t\t\t\t<div class=\"elementor-widget-container\">\n\t\t\t\t\t\n<!-- start Image Card -->\n<style>\/* widget: Image Card *\/\n\n.uc_classic_content *{\n\tbox-sizing: border-box;\n}\n\n#uc_image_card_content_box_elementor_09fe66a \n{\n\tfont-size:14px;\n\toverflow:hidden;\n\tcolor:#8a8a8a;\n\ttext-align:center;\n\tposition:relative;\n\twidth:100%;\n    box-shadow:rgba(0,0,0,0.10) 0px 5px 20px;\n}\n\n.uc_classic_content .uc_classic_content_content h2\n{\n\tfont-size:21px;\n    color:black;\n}\n\n.uc_classic_content .uc_classic_content_content p\n{\n\tline-height:1.5em;\n}\n\n.uc_classic_content .uc_classic_content_border\n{\n\tdisplay:block;\n    margin: 0 auto;\n}\n\n.uc_classic_content  .uc_classic_content_placeholder img\n{\n\twidth:100%;\n    object-fit:cover;\n}\n\n#uc_image_card_content_box_elementor_09fe66a .uc_classic_content_content \n{\n display: flex;\n flex-flow: column nowrap;\n}\n#uc_image_card_content_box_elementor_09fe66a .btn_wrap\n{\n  margin-top:auto;\n}\n#uc_image_card_content_box_elementor_09fe66a .uc_classic_content_content .uc_more_btn {\n\tdisplay:inline-block;\n\ttext-decoration:none;\n\ttransition: all 0.3s ease;\n    border-style:solid;\n    text-align:center;\n    \n\n}\n\n\n\n\n\n<\/style>\n\n<div class=\"uc_classic_content\" id=\"uc_image_card_content_box_elementor_09fe66a\">\n  <span class=\"uc_classic_content_border\"><\/span>\n    \t<div class=\"uc_classic_content_container_holder\">\n                      <div class=\"uc_classic_content_content\">\n              <h2 class=\"ue-title\">4.Runde<\/h2>              <div class=\"ue-text\"><p>Die Berufung Bernadettes Die Statuen in der Wallfahrtsst\u00e4tte<\/p><\/div>              \n                            \t\t<div class=\"btn_wrap\"><a class=\"uc_more_btn \" href=\"https:\/\/www.lourdes-france.com\/wp-content\/uploads\/2024\/02\/4.-Runde-Die-Berufung-Bernadettes-\u2013-Die-Statuen-in-der-Wallfahrtsstatte.pdf\" >Download<\/a><\/div>\n              \n            <\/div>\n        <\/div>\n   <\/div>\n<!-- end Image Card -->\t\t\t\t<\/div>\n\t\t\t\t<\/div>\n\t\t\t\t\t<\/div>\n\t\t<\/div>\n\t\t\t\t\t<\/div>\n\t\t<\/section>\n\t\t\t\t<\/div>\n\t\t","protected":false},"excerpt":{"rendered":"<p>Vorschl\u00e4ge f\u00fcr selbstst\u00e4ndige Lernwege 1.Runde auf den Spuren der hl. Bernadette Von der famili\u00e4ren M\u00fchle zur Grotte Download 2.Runde Bernadette und die Zeichen von Lourdes Download 3.Runde Bernadette und die Wallfahrtsst\u00e4tte Die Basiliken Download 4.Runde Die Berufung Bernadettes Die Statuen &hellip; <a href=\"https:\/\/www.lourdes-france.com\/de\/jugendliche-in-lourdes\/propositions-de-parcours-sur-les-pas-de-bernadette\/\">Weiter<\/a><\/p>\n","protected":false},"author":1,"featured_media":0,"parent":786737,"menu_order":0,"comment_status":"closed","ping_status":"closed","template":"","meta":{"_acf_changed":false,"footnotes":""},"class_list":["post-819258","page","type-page","status-publish","hentry"],"acf":[],"yoast_head":"<!-- This site is optimized with the Yoast SEO Premium plugin v24.0 (Yoast SEO v26.3) - https:\/\/yoast.com\/wordpress\/plugins\/seo\/ -->\n<title>Runde - Vivre le p\u00e8lerinage de Lourdes<\/title>\n<meta name=\"robots\" content=\"index, follow, max-snippet:-1, max-image-preview:large, max-video-preview:-1\" \/>\n<link rel=\"canonical\" href=\"https:\/\/www.lourdes-france.com\/de\/jugendliche-in-lourdes\/propositions-de-parcours-sur-les-pas-de-bernadette\/\" \/>\n<meta property=\"og:locale\" content=\"de_DE\" \/>\n<meta property=\"og:type\" content=\"article\" \/>\n<meta property=\"og:title\" content=\"Runde\" \/>\n<meta property=\"og:description\" content=\"Vorschl\u00e4ge f\u00fcr selbstst\u00e4ndige Lernwege 1.Runde auf den Spuren der hl. Bernadette Von der famili\u00e4ren M\u00fchle zur Grotte Download 2.Runde Bernadette und die Zeichen von Lourdes Download 3.Runde Bernadette und die Wallfahrtsst\u00e4tte Die Basiliken Download 4.Runde Die Berufung Bernadettes Die Statuen &hellip; Weiter\" \/>\n<meta property=\"og:url\" content=\"https:\/\/www.lourdes-france.com\/de\/jugendliche-in-lourdes\/propositions-de-parcours-sur-les-pas-de-bernadette\/\" \/>\n<meta property=\"og:site_name\" content=\"Vivre le p\u00e8lerinage de Lourdes\" \/>\n<meta property=\"article:modified_time\" content=\"2024-12-16T17:02:33+00:00\" \/>\n<meta name=\"twitter:card\" content=\"summary_large_image\" \/>\n<meta name=\"twitter:label1\" content=\"Gesch\u00e4tzte Lesezeit\" \/>\n\t<meta name=\"twitter:data1\" content=\"1\u00a0Minute\" \/>\n<script type=\"application\/ld+json\" class=\"yoast-schema-graph\">{\"@context\":\"https:\/\/schema.org\",\"@graph\":[{\"@type\":\"WebPage\",\"@id\":\"https:\/\/www.lourdes-france.com\/de\/jugendliche-in-lourdes\/propositions-de-parcours-sur-les-pas-de-bernadette\/\",\"url\":\"https:\/\/www.lourdes-france.com\/de\/jugendliche-in-lourdes\/propositions-de-parcours-sur-les-pas-de-bernadette\/\",\"name\":\"Runde - Vivre le p\u00e8lerinage de Lourdes\",\"isPartOf\":{\"@id\":\"https:\/\/www.lourdes-france.com\/de\/#website\"},\"datePublished\":\"2023-03-28T12:45:59+00:00\",\"dateModified\":\"2024-12-16T17:02:33+00:00\",\"breadcrumb\":{\"@id\":\"https:\/\/www.lourdes-france.com\/de\/jugendliche-in-lourdes\/propositions-de-parcours-sur-les-pas-de-bernadette\/#breadcrumb\"},\"inLanguage\":\"de\",\"potentialAction\":[{\"@type\":\"ReadAction\",\"target\":[\"https:\/\/www.lourdes-france.com\/de\/jugendliche-in-lourdes\/propositions-de-parcours-sur-les-pas-de-bernadette\/\"]}]},{\"@type\":\"BreadcrumbList\",\"@id\":\"https:\/\/www.lourdes-france.com\/de\/jugendliche-in-lourdes\/propositions-de-parcours-sur-les-pas-de-bernadette\/#breadcrumb\",\"itemListElement\":[{\"@type\":\"ListItem\",\"position\":1,\"name\":\"Accueil\",\"item\":\"https:\/\/www.lourdes-france.com\/de\/\"},{\"@type\":\"ListItem\",\"position\":2,\"name\":\"Jugendliche in Lourdes\",\"item\":\"https:\/\/www.lourdes-france.com\/de\/jugendliche-in-lourdes\/\"},{\"@type\":\"ListItem\",\"position\":3,\"name\":\"Runde\"}]},{\"@type\":\"WebSite\",\"@id\":\"https:\/\/www.lourdes-france.com\/de\/#website\",\"url\":\"https:\/\/www.lourdes-france.com\/de\/\",\"name\":\"Sanctuaire Notre-Dame de Lourdes\",\"description\":\"\",\"publisher\":{\"@id\":\"https:\/\/www.lourdes-france.com\/de\/#organization\"},\"potentialAction\":[{\"@type\":\"SearchAction\",\"target\":{\"@type\":\"EntryPoint\",\"urlTemplate\":\"https:\/\/www.lourdes-france.com\/de\/?s={search_term_string}\"},\"query-input\":{\"@type\":\"PropertyValueSpecification\",\"valueRequired\":true,\"valueName\":\"search_term_string\"}}],\"inLanguage\":\"de\"},{\"@type\":\"Organization\",\"@id\":\"https:\/\/www.lourdes-france.com\/de\/#organization\",\"name\":\"Sanctuaire Notre-Dame de Lourdes\",\"url\":\"https:\/\/www.lourdes-france.com\/de\/\",\"logo\":{\"@type\":\"ImageObject\",\"inLanguage\":\"de\",\"@id\":\"https:\/\/www.lourdes-france.com\/de\/#\/schema\/logo\/image\/\",\"url\":\"https:\/\/www.lourdes-france.com\/wp-content\/uploads\/2021\/11\/logo-small.png\",\"contentUrl\":\"https:\/\/www.lourdes-france.com\/wp-content\/uploads\/2021\/11\/logo-small.png\",\"width\":834,\"height\":521,\"caption\":\"Sanctuaire Notre-Dame de Lourdes\"},\"image\":{\"@id\":\"https:\/\/www.lourdes-france.com\/de\/#\/schema\/logo\/image\/\"}}]}<\/script>\n<!-- \/ Yoast SEO Premium plugin. -->","yoast_head_json":{"title":"Runde - Vivre le p\u00e8lerinage de Lourdes","robots":{"index":"index","follow":"follow","max-snippet":"max-snippet:-1","max-image-preview":"max-image-preview:large","max-video-preview":"max-video-preview:-1"},"canonical":"https:\/\/www.lourdes-france.com\/de\/jugendliche-in-lourdes\/propositions-de-parcours-sur-les-pas-de-bernadette\/","og_locale":"de_DE","og_type":"article","og_title":"Runde","og_description":"Vorschl\u00e4ge f\u00fcr selbstst\u00e4ndige Lernwege 1.Runde auf den Spuren der hl. Bernadette Von der famili\u00e4ren M\u00fchle zur Grotte Download 2.Runde Bernadette und die Zeichen von Lourdes Download 3.Runde Bernadette und die Wallfahrtsst\u00e4tte Die Basiliken Download 4.Runde Die Berufung Bernadettes Die Statuen &hellip; Weiter","og_url":"https:\/\/www.lourdes-france.com\/de\/jugendliche-in-lourdes\/propositions-de-parcours-sur-les-pas-de-bernadette\/","og_site_name":"Vivre le p\u00e8lerinage de Lourdes","article_modified_time":"2024-12-16T17:02:33+00:00","twitter_card":"summary_large_image","twitter_misc":{"Gesch\u00e4tzte Lesezeit":"1\u00a0Minute"},"schema":{"@context":"https:\/\/schema.org","@graph":[{"@type":"WebPage","@id":"https:\/\/www.lourdes-france.com\/de\/jugendliche-in-lourdes\/propositions-de-parcours-sur-les-pas-de-bernadette\/","url":"https:\/\/www.lourdes-france.com\/de\/jugendliche-in-lourdes\/propositions-de-parcours-sur-les-pas-de-bernadette\/","name":"Runde - Vivre le p\u00e8lerinage de Lourdes","isPartOf":{"@id":"https:\/\/www.lourdes-france.com\/de\/#website"},"datePublished":"2023-03-28T12:45:59+00:00","dateModified":"2024-12-16T17:02:33+00:00","breadcrumb":{"@id":"https:\/\/www.lourdes-france.com\/de\/jugendliche-in-lourdes\/propositions-de-parcours-sur-les-pas-de-bernadette\/#breadcrumb"},"inLanguage":"de","potentialAction":[{"@type":"ReadAction","target":["https:\/\/www.lourdes-france.com\/de\/jugendliche-in-lourdes\/propositions-de-parcours-sur-les-pas-de-bernadette\/"]}]},{"@type":"BreadcrumbList","@id":"https:\/\/www.lourdes-france.com\/de\/jugendliche-in-lourdes\/propositions-de-parcours-sur-les-pas-de-bernadette\/#breadcrumb","itemListElement":[{"@type":"ListItem","position":1,"name":"Accueil","item":"https:\/\/www.lourdes-france.com\/de\/"},{"@type":"ListItem","position":2,"name":"Jugendliche in Lourdes","item":"https:\/\/www.lourdes-france.com\/de\/jugendliche-in-lourdes\/"},{"@type":"ListItem","position":3,"name":"Runde"}]},{"@type":"WebSite","@id":"https:\/\/www.lourdes-france.com\/de\/#website","url":"https:\/\/www.lourdes-france.com\/de\/","name":"Sanctuaire Notre-Dame de Lourdes","description":"","publisher":{"@id":"https:\/\/www.lourdes-france.com\/de\/#organization"},"potentialAction":[{"@type":"SearchAction","target":{"@type":"EntryPoint","urlTemplate":"https:\/\/www.lourdes-france.com\/de\/?s={search_term_string}"},"query-input":{"@type":"PropertyValueSpecification","valueRequired":true,"valueName":"search_term_string"}}],"inLanguage":"de"},{"@type":"Organization","@id":"https:\/\/www.lourdes-france.com\/de\/#organization","name":"Sanctuaire Notre-Dame de Lourdes","url":"https:\/\/www.lourdes-france.com\/de\/","logo":{"@type":"ImageObject","inLanguage":"de","@id":"https:\/\/www.lourdes-france.com\/de\/#\/schema\/logo\/image\/","url":"https:\/\/www.lourdes-france.com\/wp-content\/uploads\/2021\/11\/logo-small.png","contentUrl":"https:\/\/www.lourdes-france.com\/wp-content\/uploads\/2021\/11\/logo-small.png","width":834,"height":521,"caption":"Sanctuaire Notre-Dame de Lourdes"},"image":{"@id":"https:\/\/www.lourdes-france.com\/de\/#\/schema\/logo\/image\/"}}]}},"_links":{"self":[{"href":"https:\/\/www.lourdes-france.com\/de\/wp-json\/wp\/v2\/pages\/819258","targetHints":{"allow":["GET"]}}],"collection":[{"href":"https:\/\/www.lourdes-france.com\/de\/wp-json\/wp\/v2\/pages"}],"about":[{"href":"https:\/\/www.lourdes-france.com\/de\/wp-json\/wp\/v2\/types\/page"}],"author":[{"embeddable":true,"href":"https:\/\/www.lourdes-france.com\/de\/wp-json\/wp\/v2\/users\/1"}],"replies":[{"embeddable":true,"href":"https:\/\/www.lourdes-france.com\/de\/wp-json\/wp\/v2\/comments?post=819258"}],"version-history":[{"count":0,"href":"https:\/\/www.lourdes-france.com\/de\/wp-json\/wp\/v2\/pages\/819258\/revisions"}],"up":[{"embeddable":true,"href":"https:\/\/www.lourdes-france.com\/de\/wp-json\/wp\/v2\/pages\/786737"}],"wp:attachment":[{"href":"https:\/\/www.lourdes-france.com\/de\/wp-json\/wp\/v2\/media?parent=819258"}],"curies":[{"name":"wp","href":"https:\/\/api.w.org\/{rel}","templated":true}]}}