{"id":800198,"date":"2023-02-17T11:25:12","date_gmt":"2023-02-17T10:25:12","guid":{"rendered":"https:\/\/www.lourdes-france.com\/erhalten-sie-eine-statue-der-muttergottes-von-lourdes-fuer-zu-hause\/renseignement-statue-du-sanctuaire\/"},"modified":"2023-03-22T15:35:09","modified_gmt":"2023-03-22T14:35:09","slug":"renseignement-statue-du-sanctuaire","status":"publish","type":"page","link":"https:\/\/www.lourdes-france.com\/de\/erhalten-sie-eine-statue-der-muttergottes-von-lourdes-fuer-zu-hause\/renseignement-statue-du-sanctuaire\/","title":{"rendered":"<strong>Bestellinformationen<\/strong>"},"content":{"rendered":"\t\t<div data-elementor-type=\"wp-page\" data-elementor-id=\"800198\" class=\"elementor elementor-800198 elementor-798875\" data-elementor-post-type=\"page\">\n\t\t\t\t\t\t<section class=\"elementor-section elementor-top-section elementor-element elementor-element-104f282 elementor-section-boxed elementor-section-height-default elementor-section-height-default\" data-id=\"104f282\" data-element_type=\"section\">\n\t\t\t\t\t\t<div class=\"elementor-container elementor-column-gap-default\">\n\t\t\t\t\t<div class=\"elementor-column elementor-col-100 elementor-top-column elementor-element elementor-element-7ade3f9\" data-id=\"7ade3f9\" data-element_type=\"column\">\n\t\t\t<div class=\"elementor-widget-wrap elementor-element-populated\">\n\t\t\t\t\t\t<div class=\"elementor-element elementor-element-07d2051 elementor-widget elementor-widget-text-editor\" data-id=\"07d2051\" data-element_type=\"widget\" data-widget_type=\"text-editor.default\">\n\t\t\t\t<div class=\"elementor-widget-container\">\n\t\t\t\t\t\t\t\t\t<p>Das Heiligtum Unserer Lieben Frau von Lourdes bietet eine authentische Nachbildung (1m50) der Statue der Jungfrau der Grotte.<\/p><h3>Technische Daten:<\/h3><p>&#8211; Lebensgro\u00dfe Replik des Originalwerks<br \/>&#8211; 100% franz\u00f6sische Fertigung in einer Kunstwerkstatt in Nantes<br \/>&#8211; Harzdichte 35kg\/m\u00b2; witterungs- und UV-best\u00e4ndige Acrylfarbe<br \/>&#8211; Gewicht: 15 kg<br \/>&#8211; Im Sockel integrierte Platte mit Vorrichtung zur Befestigung auf einer tragenden St\u00fctze (Prozessionstrage) oder einer Verankerung am Boden<br \/>&#8211; Spezialverpackungen f\u00fcr Kunstwerke<\/p><p>Der Preis der Statue betr\u00e4gt 4.500 \u20ac, hinzu kommen die Transport- und Verpackungskosten f\u00fcr den Versand.<br \/>Aufgrund der Gr\u00f6\u00dfe und des au\u00dfergew\u00f6hnlichen Charakters dieser Anfertigung werden Verpackung und Versand unserem Lieferanten Beraudy &amp; Vaure anvertraut.<br \/>Die Statue wird direkt vom Herstellerwerk ausgeliefert, wobei sie von einer Spezialverpackung zur Vermeidung von Unregelm\u00e4\u00dfigkeiten am Kunstwerke profitieren.<br \/>Sie ist auch in der Buchhandlung im Heiligtum von Lourdes erh\u00e4ltlich.<\/p>\t\t\t\t\t\t\t\t<\/div>\n\t\t\t\t<\/div>\n\t\t\t\t\t<\/div>\n\t\t<\/div>\n\t\t\t\t\t<\/div>\n\t\t<\/section>\n\t\t\t\t<section class=\"elementor-section elementor-top-section elementor-element elementor-element-60b7155 elementor-section-stretched elementor-section-boxed elementor-section-height-default elementor-section-height-default\" data-id=\"60b7155\" data-element_type=\"section\" data-settings=\"{&quot;background_background&quot;:&quot;classic&quot;,&quot;stretch_section&quot;:&quot;section-stretched&quot;}\">\n\t\t\t\t\t\t<div class=\"elementor-container elementor-column-gap-default\">\n\t\t\t\t\t<div class=\"elementor-column elementor-col-100 elementor-top-column elementor-element elementor-element-79bb0a9\" data-id=\"79bb0a9\" data-element_type=\"column\">\n\t\t\t<div class=\"elementor-widget-wrap elementor-element-populated\">\n\t\t\t\t\t\t<div class=\"elementor-element elementor-element-c1f510c elementor-widget elementor-widget-text-editor\" data-id=\"c1f510c\" data-element_type=\"widget\" data-widget_type=\"text-editor.default\">\n\t\t\t\t<div class=\"elementor-widget-container\">\n\t\t\t\t\t\t\t\t\t<h4>Ich m\u00f6chte eine Statue Unserer Lieben Frau von Lourdes bestellen<\/h4>\t\t\t\t\t\t\t\t<\/div>\n\t\t\t\t<\/div>\n\t\t\t\t<div class=\"elementor-element elementor-element-85b05d3 elementor-widget elementor-widget-shortcode\" data-id=\"85b05d3\" data-element_type=\"widget\" data-widget_type=\"shortcode.default\">\n\t\t\t\t<div class=\"elementor-widget-container\">\n\t\t\t\t\t\t\t<div class=\"elementor-shortcode\">\n<div class=\"wpcf7 no-js\" id=\"wpcf7-f800205-o1\" lang=\"fr-FR\" dir=\"ltr\" data-wpcf7-id=\"800205\">\n<div class=\"screen-reader-response\"><p role=\"status\" aria-live=\"polite\" aria-atomic=\"true\"><\/p> <ul><\/ul><\/div>\n<form action=\"\/de\/wp-json\/wp\/v2\/pages\/800198#wpcf7-f800205-o1\" method=\"post\" class=\"wpcf7-form init\" aria-label=\"Formulaire de contact\" novalidate=\"novalidate\" data-status=\"init\">\n<fieldset class=\"hidden-fields-container\"><input type=\"hidden\" name=\"_wpcf7\" value=\"800205\" \/><input type=\"hidden\" name=\"_wpcf7_version\" value=\"6.1.3\" \/><input type=\"hidden\" name=\"_wpcf7_locale\" value=\"fr_FR\" \/><input type=\"hidden\" name=\"_wpcf7_unit_tag\" value=\"wpcf7-f800205-o1\" \/><input type=\"hidden\" name=\"_wpcf7_container_post\" value=\"0\" \/><input type=\"hidden\" name=\"_wpcf7_posted_data_hash\" value=\"\" \/><input type=\"hidden\" name=\"_wpcf7cf_hidden_group_fields\" value=\"[]\" \/><input type=\"hidden\" name=\"_wpcf7cf_hidden_groups\" value=\"[]\" \/><input type=\"hidden\" name=\"_wpcf7cf_visible_groups\" value=\"[]\" \/><input type=\"hidden\" name=\"_wpcf7cf_repeaters\" value=\"[]\" \/><input type=\"hidden\" name=\"_wpcf7cf_steps\" value=\"{}\" \/><input type=\"hidden\" name=\"_wpcf7cf_options\" value=\"{&quot;form_id&quot;:800205,&quot;conditions&quot;:[],&quot;settings&quot;:{&quot;animation&quot;:&quot;yes&quot;,&quot;animation_intime&quot;:200,&quot;animation_outtime&quot;:200,&quot;conditions_ui&quot;:&quot;normal&quot;,&quot;notice_dismissed&quot;:false,&quot;notice_dismissed_update-cf7-5.8&quot;:true,&quot;notice_dismissed_rollback-cf7-5.9.5&quot;:true,&quot;notice_dismissed_update-cf7-6.0.1&quot;:true}}\" \/>\n<\/fieldset>\n<p><label> Name:<br \/>\n<span class=\"wpcf7-form-control-wrap\" data-name=\"your-name\"><input size=\"40\" maxlength=\"400\" class=\"wpcf7-form-control wpcf7-text wpcf7-validates-as-required\" autocomplete=\"name\" aria-required=\"true\" aria-invalid=\"false\" value=\"\" type=\"text\" name=\"your-name\" \/><\/span> <\/label>\n<\/p>\n<p><label> Vorname :<br \/>\n<span class=\"wpcf7-form-control-wrap\" data-name=\"Prenom\"><input size=\"40\" maxlength=\"400\" class=\"wpcf7-form-control wpcf7-text wpcf7-validates-as-required\" aria-required=\"true\" aria-invalid=\"false\" value=\"\" type=\"text\" name=\"Prenom\" \/><\/span> <\/label>\n<\/p>\n<p><label> Adresse:<br \/>\n<span class=\"wpcf7-form-control-wrap\" data-name=\"Adresse\"><input size=\"40\" maxlength=\"400\" class=\"wpcf7-form-control wpcf7-text wpcf7-validates-as-required\" aria-required=\"true\" aria-invalid=\"false\" value=\"\" type=\"text\" name=\"Adresse\" \/><\/span> <\/label>\n<\/p>\n<p><label> Bestimmungsland:<br \/>\n<span class=\"wpcf7-form-control-wrap\" data-name=\"Pays\"><input size=\"40\" maxlength=\"400\" class=\"wpcf7-form-control wpcf7-text wpcf7-validates-as-required\" aria-required=\"true\" aria-invalid=\"false\" value=\"\" type=\"text\" name=\"Pays\" \/><\/span> <\/label>\n<\/p>\n<p><label> E-mail:<br \/>\n<span class=\"wpcf7-form-control-wrap\" data-name=\"your-email\"><input size=\"40\" maxlength=\"400\" class=\"wpcf7-form-control wpcf7-email wpcf7-validates-as-required wpcf7-text wpcf7-validates-as-email\" autocomplete=\"email\" aria-required=\"true\" aria-invalid=\"false\" value=\"\" type=\"email\" name=\"your-email\" \/><\/span> <\/label>\n<\/p>\n<p><span class=\"wpcf7-form-control-wrap\" data-name=\"checkbox-381\"><span class=\"wpcf7-form-control wpcf7-checkbox wpcf7-validates-as-required\"><span class=\"wpcf7-list-item first\"><label><input type=\"checkbox\" name=\"checkbox-381[]\" value=\"f\u00fcr Kapelle\" \/><span class=\"wpcf7-list-item-label\">f\u00fcr Kapelle<\/span><\/label><\/span><span class=\"wpcf7-list-item\"><label><input type=\"checkbox\" name=\"checkbox-381[]\" value=\"eine Reproduktion der Lourdes Grotte von\" \/><span class=\"wpcf7-list-item-label\">eine Reproduktion der Lourdes Grotte von<\/span><\/label><\/span><span class=\"wpcf7-list-item\"><label><input type=\"checkbox\" name=\"checkbox-381[]\" value=\"ein Oratorium\" \/><span class=\"wpcf7-list-item-label\">ein Oratorium<\/span><\/label><\/span><span class=\"wpcf7-list-item last\"><label><input type=\"checkbox\" name=\"checkbox-381[]\" value=\"Andere\" \/><span class=\"wpcf7-list-item-label\">Andere<\/span><\/label><\/span><\/span><\/span>\n<\/p>\n<p><label> Weitere Fragen?<br \/>\n<span class=\"wpcf7-form-control-wrap\" data-name=\"your-message\"><textarea cols=\"40\" rows=\"10\" maxlength=\"2000\" class=\"wpcf7-form-control wpcf7-textarea\" aria-invalid=\"false\" name=\"your-message\"><\/textarea><\/span> <\/label>\n<\/p>\n<p><input class=\"wpcf7-form-control wpcf7-submit has-spinner\" type=\"submit\" value=\"Absenden\" \/>\n<\/p><div class=\"wpcf7-response-output\" aria-hidden=\"true\"><\/div>\n<\/form>\n<\/div>\n<\/div>\n\t\t\t\t\t\t<\/div>\n\t\t\t\t<\/div>\n\t\t\t\t\t<\/div>\n\t\t<\/div>\n\t\t\t\t\t<\/div>\n\t\t<\/section>\n\t\t\t\t<\/div>\n\t\t","protected":false},"excerpt":{"rendered":"<p>Das Heiligtum Unserer Lieben Frau von Lourdes bietet eine authentische Nachbildung (1m50) der Statue der Jungfrau der Grotte. Technische Daten: &#8211; Lebensgro\u00dfe Replik des Originalwerks&#8211; 100% franz\u00f6sische Fertigung in einer Kunstwerkstatt in Nantes&#8211; Harzdichte 35kg\/m\u00b2; witterungs- und UV-best\u00e4ndige Acrylfarbe&#8211; Gewicht: &hellip; <a href=\"https:\/\/www.lourdes-france.com\/de\/erhalten-sie-eine-statue-der-muttergottes-von-lourdes-fuer-zu-hause\/renseignement-statue-du-sanctuaire\/\">Weiter<\/a><\/p>\n","protected":false},"author":1,"featured_media":797621,"parent":797900,"menu_order":0,"comment_status":"closed","ping_status":"closed","template":"","meta":{"_acf_changed":false,"footnotes":""},"class_list":["post-800198","page","type-page","status-publish","has-post-thumbnail","hentry"],"acf":[],"yoast_head":"<!-- This site is optimized with the Yoast SEO Premium plugin v24.0 (Yoast SEO v26.3) - https:\/\/yoast.com\/wordpress\/plugins\/seo\/ -->\n<title>Bestellinformationen - Vivre le p\u00e8lerinage de Lourdes<\/title>\n<meta name=\"robots\" content=\"index, follow, max-snippet:-1, max-image-preview:large, max-video-preview:-1\" \/>\n<link rel=\"canonical\" href=\"https:\/\/www.lourdes-france.com\/de\/erhalten-sie-eine-statue-der-muttergottes-von-lourdes-fuer-zu-hause\/renseignement-statue-du-sanctuaire\/\" \/>\n<meta property=\"og:locale\" content=\"de_DE\" \/>\n<meta property=\"og:type\" content=\"article\" \/>\n<meta property=\"og:title\" content=\"Bestellinformationen\" \/>\n<meta property=\"og:description\" content=\"Das Heiligtum Unserer Lieben Frau von Lourdes bietet eine authentische Nachbildung (1m50) der Statue der Jungfrau der Grotte. Technische Daten: &#8211; Lebensgro\u00dfe Replik des Originalwerks&#8211; 100% franz\u00f6sische Fertigung in einer Kunstwerkstatt in Nantes&#8211; Harzdichte 35kg\/m\u00b2; witterungs- und UV-best\u00e4ndige Acrylfarbe&#8211; Gewicht: &hellip; Weiter\" \/>\n<meta property=\"og:url\" content=\"https:\/\/www.lourdes-france.com\/de\/erhalten-sie-eine-statue-der-muttergottes-von-lourdes-fuer-zu-hause\/renseignement-statue-du-sanctuaire\/\" \/>\n<meta property=\"og:site_name\" content=\"Vivre le p\u00e8lerinage de Lourdes\" \/>\n<meta property=\"article:modified_time\" content=\"2023-03-22T14:35:09+00:00\" \/>\n<meta property=\"og:image\" content=\"https:\/\/www.lourdes-france.com\/wp-content\/uploads\/2023\/02\/couverture-2-scaled.jpg\" \/>\n\t<meta property=\"og:image:width\" content=\"2560\" \/>\n\t<meta property=\"og:image:height\" content=\"1633\" \/>\n\t<meta property=\"og:image:type\" content=\"image\/jpeg\" \/>\n<meta name=\"twitter:card\" content=\"summary_large_image\" \/>\n<meta name=\"twitter:label1\" content=\"Gesch\u00e4tzte Lesezeit\" \/>\n\t<meta name=\"twitter:data1\" content=\"1\u00a0Minute\" \/>\n<script type=\"application\/ld+json\" class=\"yoast-schema-graph\">{\"@context\":\"https:\/\/schema.org\",\"@graph\":[{\"@type\":\"WebPage\",\"@id\":\"https:\/\/www.lourdes-france.com\/de\/erhalten-sie-eine-statue-der-muttergottes-von-lourdes-fuer-zu-hause\/renseignement-statue-du-sanctuaire\/\",\"url\":\"https:\/\/www.lourdes-france.com\/de\/erhalten-sie-eine-statue-der-muttergottes-von-lourdes-fuer-zu-hause\/renseignement-statue-du-sanctuaire\/\",\"name\":\"Bestellinformationen - Vivre le p\u00e8lerinage de Lourdes\",\"isPartOf\":{\"@id\":\"https:\/\/www.lourdes-france.com\/de\/#website\"},\"primaryImageOfPage\":{\"@id\":\"https:\/\/www.lourdes-france.com\/de\/erhalten-sie-eine-statue-der-muttergottes-von-lourdes-fuer-zu-hause\/renseignement-statue-du-sanctuaire\/#primaryimage\"},\"image\":{\"@id\":\"https:\/\/www.lourdes-france.com\/de\/erhalten-sie-eine-statue-der-muttergottes-von-lourdes-fuer-zu-hause\/renseignement-statue-du-sanctuaire\/#primaryimage\"},\"thumbnailUrl\":\"https:\/\/www.lourdes-france.com\/wp-content\/uploads\/2023\/02\/couverture-2-scaled.jpg\",\"datePublished\":\"2023-02-17T10:25:12+00:00\",\"dateModified\":\"2023-03-22T14:35:09+00:00\",\"breadcrumb\":{\"@id\":\"https:\/\/www.lourdes-france.com\/de\/erhalten-sie-eine-statue-der-muttergottes-von-lourdes-fuer-zu-hause\/renseignement-statue-du-sanctuaire\/#breadcrumb\"},\"inLanguage\":\"de\",\"potentialAction\":[{\"@type\":\"ReadAction\",\"target\":[\"https:\/\/www.lourdes-france.com\/de\/erhalten-sie-eine-statue-der-muttergottes-von-lourdes-fuer-zu-hause\/renseignement-statue-du-sanctuaire\/\"]}]},{\"@type\":\"ImageObject\",\"inLanguage\":\"de\",\"@id\":\"https:\/\/www.lourdes-france.com\/de\/erhalten-sie-eine-statue-der-muttergottes-von-lourdes-fuer-zu-hause\/renseignement-statue-du-sanctuaire\/#primaryimage\",\"url\":\"https:\/\/www.lourdes-france.com\/wp-content\/uploads\/2023\/02\/couverture-2-scaled.jpg\",\"contentUrl\":\"https:\/\/www.lourdes-france.com\/wp-content\/uploads\/2023\/02\/couverture-2-scaled.jpg\",\"width\":2560,\"height\":1633},{\"@type\":\"BreadcrumbList\",\"@id\":\"https:\/\/www.lourdes-france.com\/de\/erhalten-sie-eine-statue-der-muttergottes-von-lourdes-fuer-zu-hause\/renseignement-statue-du-sanctuaire\/#breadcrumb\",\"itemListElement\":[{\"@type\":\"ListItem\",\"position\":1,\"name\":\"Accueil\",\"item\":\"https:\/\/www.lourdes-france.com\/de\/\"},{\"@type\":\"ListItem\",\"position\":2,\"name\":\"Erhalten Sie eine Statue der Muttergottes von Lourdes f\u00fcr zu Hause!\",\"item\":\"https:\/\/www.lourdes-france.com\/de\/accueillez-la-statue-de-notre-dame-de-lourdes-chez-vous\/\"},{\"@type\":\"ListItem\",\"position\":3,\"name\":\"Bestellinformationen\"}]},{\"@type\":\"WebSite\",\"@id\":\"https:\/\/www.lourdes-france.com\/de\/#website\",\"url\":\"https:\/\/www.lourdes-france.com\/de\/\",\"name\":\"Sanctuaire Notre-Dame de Lourdes\",\"description\":\"\",\"publisher\":{\"@id\":\"https:\/\/www.lourdes-france.com\/de\/#organization\"},\"potentialAction\":[{\"@type\":\"SearchAction\",\"target\":{\"@type\":\"EntryPoint\",\"urlTemplate\":\"https:\/\/www.lourdes-france.com\/de\/?s={search_term_string}\"},\"query-input\":{\"@type\":\"PropertyValueSpecification\",\"valueRequired\":true,\"valueName\":\"search_term_string\"}}],\"inLanguage\":\"de\"},{\"@type\":\"Organization\",\"@id\":\"https:\/\/www.lourdes-france.com\/de\/#organization\",\"name\":\"Sanctuaire Notre-Dame de Lourdes\",\"url\":\"https:\/\/www.lourdes-france.com\/de\/\",\"logo\":{\"@type\":\"ImageObject\",\"inLanguage\":\"de\",\"@id\":\"https:\/\/www.lourdes-france.com\/de\/#\/schema\/logo\/image\/\",\"url\":\"https:\/\/www.lourdes-france.com\/wp-content\/uploads\/2021\/11\/logo-small.png\",\"contentUrl\":\"https:\/\/www.lourdes-france.com\/wp-content\/uploads\/2021\/11\/logo-small.png\",\"width\":834,\"height\":521,\"caption\":\"Sanctuaire Notre-Dame de Lourdes\"},\"image\":{\"@id\":\"https:\/\/www.lourdes-france.com\/de\/#\/schema\/logo\/image\/\"}}]}<\/script>\n<!-- \/ Yoast SEO Premium plugin. -->","yoast_head_json":{"title":"Bestellinformationen - Vivre le p\u00e8lerinage de Lourdes","robots":{"index":"index","follow":"follow","max-snippet":"max-snippet:-1","max-image-preview":"max-image-preview:large","max-video-preview":"max-video-preview:-1"},"canonical":"https:\/\/www.lourdes-france.com\/de\/erhalten-sie-eine-statue-der-muttergottes-von-lourdes-fuer-zu-hause\/renseignement-statue-du-sanctuaire\/","og_locale":"de_DE","og_type":"article","og_title":"Bestellinformationen","og_description":"Das Heiligtum Unserer Lieben Frau von Lourdes bietet eine authentische Nachbildung (1m50) der Statue der Jungfrau der Grotte. Technische Daten: &#8211; Lebensgro\u00dfe Replik des Originalwerks&#8211; 100% franz\u00f6sische Fertigung in einer Kunstwerkstatt in Nantes&#8211; Harzdichte 35kg\/m\u00b2; witterungs- und UV-best\u00e4ndige Acrylfarbe&#8211; Gewicht: &hellip; Weiter","og_url":"https:\/\/www.lourdes-france.com\/de\/erhalten-sie-eine-statue-der-muttergottes-von-lourdes-fuer-zu-hause\/renseignement-statue-du-sanctuaire\/","og_site_name":"Vivre le p\u00e8lerinage de Lourdes","article_modified_time":"2023-03-22T14:35:09+00:00","og_image":[{"width":2560,"height":1633,"url":"https:\/\/www.lourdes-france.com\/wp-content\/uploads\/2023\/02\/couverture-2-scaled.jpg","type":"image\/jpeg"}],"twitter_card":"summary_large_image","twitter_misc":{"Gesch\u00e4tzte Lesezeit":"1\u00a0Minute"},"schema":{"@context":"https:\/\/schema.org","@graph":[{"@type":"WebPage","@id":"https:\/\/www.lourdes-france.com\/de\/erhalten-sie-eine-statue-der-muttergottes-von-lourdes-fuer-zu-hause\/renseignement-statue-du-sanctuaire\/","url":"https:\/\/www.lourdes-france.com\/de\/erhalten-sie-eine-statue-der-muttergottes-von-lourdes-fuer-zu-hause\/renseignement-statue-du-sanctuaire\/","name":"Bestellinformationen - Vivre le p\u00e8lerinage de Lourdes","isPartOf":{"@id":"https:\/\/www.lourdes-france.com\/de\/#website"},"primaryImageOfPage":{"@id":"https:\/\/www.lourdes-france.com\/de\/erhalten-sie-eine-statue-der-muttergottes-von-lourdes-fuer-zu-hause\/renseignement-statue-du-sanctuaire\/#primaryimage"},"image":{"@id":"https:\/\/www.lourdes-france.com\/de\/erhalten-sie-eine-statue-der-muttergottes-von-lourdes-fuer-zu-hause\/renseignement-statue-du-sanctuaire\/#primaryimage"},"thumbnailUrl":"https:\/\/www.lourdes-france.com\/wp-content\/uploads\/2023\/02\/couverture-2-scaled.jpg","datePublished":"2023-02-17T10:25:12+00:00","dateModified":"2023-03-22T14:35:09+00:00","breadcrumb":{"@id":"https:\/\/www.lourdes-france.com\/de\/erhalten-sie-eine-statue-der-muttergottes-von-lourdes-fuer-zu-hause\/renseignement-statue-du-sanctuaire\/#breadcrumb"},"inLanguage":"de","potentialAction":[{"@type":"ReadAction","target":["https:\/\/www.lourdes-france.com\/de\/erhalten-sie-eine-statue-der-muttergottes-von-lourdes-fuer-zu-hause\/renseignement-statue-du-sanctuaire\/"]}]},{"@type":"ImageObject","inLanguage":"de","@id":"https:\/\/www.lourdes-france.com\/de\/erhalten-sie-eine-statue-der-muttergottes-von-lourdes-fuer-zu-hause\/renseignement-statue-du-sanctuaire\/#primaryimage","url":"https:\/\/www.lourdes-france.com\/wp-content\/uploads\/2023\/02\/couverture-2-scaled.jpg","contentUrl":"https:\/\/www.lourdes-france.com\/wp-content\/uploads\/2023\/02\/couverture-2-scaled.jpg","width":2560,"height":1633},{"@type":"BreadcrumbList","@id":"https:\/\/www.lourdes-france.com\/de\/erhalten-sie-eine-statue-der-muttergottes-von-lourdes-fuer-zu-hause\/renseignement-statue-du-sanctuaire\/#breadcrumb","itemListElement":[{"@type":"ListItem","position":1,"name":"Accueil","item":"https:\/\/www.lourdes-france.com\/de\/"},{"@type":"ListItem","position":2,"name":"Erhalten Sie eine Statue der Muttergottes von Lourdes f\u00fcr zu Hause!","item":"https:\/\/www.lourdes-france.com\/de\/accueillez-la-statue-de-notre-dame-de-lourdes-chez-vous\/"},{"@type":"ListItem","position":3,"name":"Bestellinformationen"}]},{"@type":"WebSite","@id":"https:\/\/www.lourdes-france.com\/de\/#website","url":"https:\/\/www.lourdes-france.com\/de\/","name":"Sanctuaire Notre-Dame de Lourdes","description":"","publisher":{"@id":"https:\/\/www.lourdes-france.com\/de\/#organization"},"potentialAction":[{"@type":"SearchAction","target":{"@type":"EntryPoint","urlTemplate":"https:\/\/www.lourdes-france.com\/de\/?s={search_term_string}"},"query-input":{"@type":"PropertyValueSpecification","valueRequired":true,"valueName":"search_term_string"}}],"inLanguage":"de"},{"@type":"Organization","@id":"https:\/\/www.lourdes-france.com\/de\/#organization","name":"Sanctuaire Notre-Dame de Lourdes","url":"https:\/\/www.lourdes-france.com\/de\/","logo":{"@type":"ImageObject","inLanguage":"de","@id":"https:\/\/www.lourdes-france.com\/de\/#\/schema\/logo\/image\/","url":"https:\/\/www.lourdes-france.com\/wp-content\/uploads\/2021\/11\/logo-small.png","contentUrl":"https:\/\/www.lourdes-france.com\/wp-content\/uploads\/2021\/11\/logo-small.png","width":834,"height":521,"caption":"Sanctuaire Notre-Dame de Lourdes"},"image":{"@id":"https:\/\/www.lourdes-france.com\/de\/#\/schema\/logo\/image\/"}}]}},"_links":{"self":[{"href":"https:\/\/www.lourdes-france.com\/de\/wp-json\/wp\/v2\/pages\/800198","targetHints":{"allow":["GET"]}}],"collection":[{"href":"https:\/\/www.lourdes-france.com\/de\/wp-json\/wp\/v2\/pages"}],"about":[{"href":"https:\/\/www.lourdes-france.com\/de\/wp-json\/wp\/v2\/types\/page"}],"author":[{"embeddable":true,"href":"https:\/\/www.lourdes-france.com\/de\/wp-json\/wp\/v2\/users\/1"}],"replies":[{"embeddable":true,"href":"https:\/\/www.lourdes-france.com\/de\/wp-json\/wp\/v2\/comments?post=800198"}],"version-history":[{"count":0,"href":"https:\/\/www.lourdes-france.com\/de\/wp-json\/wp\/v2\/pages\/800198\/revisions"}],"up":[{"embeddable":true,"href":"https:\/\/www.lourdes-france.com\/de\/wp-json\/wp\/v2\/pages\/797900"}],"wp:featuredmedia":[{"embeddable":true,"href":"https:\/\/www.lourdes-france.com\/de\/wp-json\/wp\/v2\/media\/797621"}],"wp:attachment":[{"href":"https:\/\/www.lourdes-france.com\/de\/wp-json\/wp\/v2\/media?parent=800198"}],"curies":[{"name":"wp","href":"https:\/\/api.w.org\/{rel}","templated":true}]}}