{"id":787002,"date":"2021-10-19T16:25:48","date_gmt":"2021-10-19T14:25:48","guid":{"rendered":"https:\/\/www.lourdes-france.com\/bernadette-soubirous\/"},"modified":"2024-10-01T12:25:51","modified_gmt":"2024-10-01T10:25:51","slug":"bernadette-soubirous","status":"publish","type":"page","link":"https:\/\/www.lourdes-france.com\/de\/bernadette-soubirous\/","title":{"rendered":"Bernadette Soubirous"},"content":{"rendered":"\t\t<div data-elementor-type=\"wp-page\" data-elementor-id=\"787002\" class=\"elementor elementor-787002 elementor-3052\" data-elementor-post-type=\"page\">\n\t\t\t\t\t\t<section class=\"elementor-section elementor-top-section elementor-element elementor-element-7981e24 elementor-section-full_width elementor-section-stretched elementor-section-height-default elementor-section-height-default\" data-id=\"7981e24\" data-element_type=\"section\" data-settings=\"{&quot;stretch_section&quot;:&quot;section-stretched&quot;,&quot;background_background&quot;:&quot;classic&quot;}\">\n\t\t\t\t\t\t\t<div class=\"elementor-background-overlay\"><\/div>\n\t\t\t\t\t\t\t<div class=\"elementor-container elementor-column-gap-default\">\n\t\t\t\t\t<div class=\"elementor-column elementor-col-100 elementor-top-column elementor-element elementor-element-65b1eaf\" data-id=\"65b1eaf\" data-element_type=\"column\">\n\t\t\t<div class=\"elementor-widget-wrap elementor-element-populated\">\n\t\t\t\t\t\t<div class=\"elementor-element elementor-element-47c390c elementor-widget elementor-widget-heading\" data-id=\"47c390c\" data-element_type=\"widget\" data-widget_type=\"heading.default\">\n\t\t\t\t<div class=\"elementor-widget-container\">\n\t\t\t\t\t<h2 class=\"elementor-heading-title elementor-size-default\">Bernadette Soubirous<\/h2>\t\t\t\t<\/div>\n\t\t\t\t<\/div>\n\t\t\t\t\t<\/div>\n\t\t<\/div>\n\t\t\t\t\t<\/div>\n\t\t<\/section>\n\t\t\t\t<section class=\"elementor-section elementor-top-section elementor-element elementor-element-8c4e6ca elementor-section-stretched elementor-section-boxed elementor-section-height-default elementor-section-height-default\" data-id=\"8c4e6ca\" data-element_type=\"section\" data-settings=\"{&quot;background_background&quot;:&quot;classic&quot;,&quot;stretch_section&quot;:&quot;section-stretched&quot;}\">\n\t\t\t\t\t\t<div class=\"elementor-container elementor-column-gap-no\">\n\t\t\t\t\t<div class=\"elementor-column elementor-col-100 elementor-top-column elementor-element elementor-element-7bdbc38\" data-id=\"7bdbc38\" data-element_type=\"column\">\n\t\t\t<div class=\"elementor-widget-wrap elementor-element-populated\">\n\t\t\t\t\t\t<div class=\"elementor-element elementor-element-c84c287 elementor-blockquote--skin-quotation elementor-widget elementor-widget-blockquote\" data-id=\"c84c287\" data-element_type=\"widget\" data-widget_type=\"blockquote.default\">\n\t\t\t\t<div class=\"elementor-widget-container\">\n\t\t\t\t\t\t\t<blockquote class=\"elementor-blockquote\">\n\t\t\t<p class=\"elementor-blockquote__content\">\n\t\t\t\tAlles, was wir \u00fcber die Erscheinungen und die Botschaft von Lourdes wissen, wissen wir durch Bernadette. Sie ist die Einzige, die sie wahrgenommen hat, von ihrem Zeugnis h\u00e4ngt alles ab. Wer war Bernadette? ln ihrem Leben lassen sich drei Phasen unterscheiden: die gl\u00fccklichen und leidvollen Jahre der Kindheit, eine Art \u201e\u00f6ffentliches Leben\u201c in der Zeit der Erscheinungen und ihres Zeugnisses und schlie\u00dflich ein \u201everborgenes\u201c Leben als Ordensfrau in Nevers.\t\t\t<\/p>\n\t\t\t\t\t<\/blockquote>\n\t\t\t\t\t\t<\/div>\n\t\t\t\t<\/div>\n\t\t\t\t\t<\/div>\n\t\t<\/div>\n\t\t\t\t\t<\/div>\n\t\t<\/section>\n\t\t\t\t<section class=\"elementor-section elementor-top-section elementor-element elementor-element-1899323 elementor-section-boxed elementor-section-height-default elementor-section-height-default\" data-id=\"1899323\" data-element_type=\"section\">\n\t\t\t\t\t\t<div class=\"elementor-container elementor-column-gap-default\">\n\t\t\t\t\t<div class=\"elementor-column elementor-col-100 elementor-top-column elementor-element elementor-element-3b1e184\" data-id=\"3b1e184\" data-element_type=\"column\">\n\t\t\t<div class=\"elementor-widget-wrap elementor-element-populated\">\n\t\t\t\t\t\t<div class=\"elementor-element elementor-element-52b866e elementor-widget elementor-widget-text-editor\" data-id=\"52b866e\" data-element_type=\"widget\" data-widget_type=\"text-editor.default\">\n\t\t\t\t<div class=\"elementor-widget-container\">\n\t\t\t\t\t\t\t\t\t<div class=\"elementor-element elementor-element-4450a3ba elementor-widget elementor-widget-text-editor\" data-id=\"4450a3ba\" data-element_type=\"widget\" data-widget_type=\"text-editor.default\"><div class=\"elementor-widget-container\"><div class=\"elementor-text-editor elementor-clearfix\"><h3>Am 7. Januar 1844\u2026<\/h3><\/div><\/div><\/div><div class=\"elementor-element elementor-element-40bbe8f6 elementor-widget elementor-widget-text-editor\" data-id=\"40bbe8f6\" data-element_type=\"widget\" data-widget_type=\"text-editor.default\"><div class=\"elementor-widget-container\"><div class=\"elementor-text-editor elementor-clearfix\"><p>ln Erz\u00e4hlungen von den Erscheinungen wird Bernadette oft als armes, krankes, unwissendes M\u00e4dchen beschrieben, die in einer elenden Behausung, im Cachot, lebte. Dies alles ist richtig, doch es war keineswegs immer so gewesen. Am 7. Januar 1844 wurde sie in der M\u00fchle Boly geboren. Bernadette wuchs in einer intakten Familie auf, in der man sich gegenseitig liebte und auch miteinander betete. Die ersten zehn Jahre der Kindheit waren gl\u00fcckliche Jahre f\u00fcr Bernadette. Das Elend der Jahre danach (die Familie hatte die M\u00fchle aufgeben m\u00fcssen) konnte diesen menschlichen Reichtum, ihre Festigkeit und ihr inneres Gleichgewicht, nicht zerst\u00f6ren. Und doch waren die Folgen einschneidend: Mit 14 ma\u00df Bernadette nur 1,40 m, sie litt unter Asthmaanf\u00e4llen und Magenschmerzen. Aber sie war nicht irgendwer: Sie kam aus dem Land der Bigorre, sie hatte einen Dicksch\u00e4del, hart wie die Steine in den Steinbr\u00fcchen von Lourdes. Sie war spontan, willensstark und schlagfertig (Kommissar Jacomet bekam das in den Verh\u00f6ren wegen der Erscheinungen zu sp\u00fcren), verstellen konnte sie sich nicht. An Eigenliebe fehlte es ihr nicht, was Mutter Vauzou, ihre Oberin in Nevers, sp\u00e4ter so formulierte: \u201eUnbeugsamer Charakter, sehr schnell gekr\u00e4nkt.\u201c Bernadette schmerzten ihre Fehler, sie bek\u00e4mpfte sie energisch. Eine starke Pers\u00f6nlichkeit also, aber ohne schulische Bildung. Bernadette musste im Wirtshaus ihrer Tante mithelfen. Sie tat sich schwer die abstrakten Formeln des Katechismus zu lernen. Mit 14 Jahren konnte sie weder lesen noch schreiben. Sie litt darunter. lm September 1857 wurde sie nach Bartr\u00e8s geschickt. Am 21. Januar 1858 kehrte sie nach Lourdes zur\u00fcck: Sie wollte die Erstkommunion empfangen. Am 3. Juni war es so weit. Vorbereitet wurde sie, wenn man so sagen kann, durch Maria an der Grotte.<\/p><p>\u00a0<\/p><\/div><\/div><\/div><div class=\"elementor-element elementor-element-532178d elementor-widget elementor-widget-text-editor\" data-id=\"532178d\" data-element_type=\"widget\" data-widget_type=\"text-editor.default\"><div class=\"elementor-widget-container\"><div class=\"elementor-text-editor elementor-clearfix\"><h3>Bernadette zeigt gesunden Menschenverstand<\/h3><\/div><\/div><\/div><div class=\"elementor-element elementor-element-f29be70 elementor-widget elementor-widget-text-editor\" data-id=\"f29be70\" data-element_type=\"widget\" data-widget_type=\"text-editor.default\"><div class=\"elementor-widget-container\"><div class=\"elementor-text-editor elementor-clearfix\"><p>ln dieser Zeit also, 1858, kam es zu den Erscheinungen. Besch\u00e4ftigt mit Alltagsdingen, auf dem Weg, um Brennholz zu sammeln, begegnet Bernadette dem Mysterium. Ein S\u00e4useln, das dem Wehen des Windes gleicht, ein Licht, eine Pr\u00e4senz. Wie reagiert sie? Bernadette zeigt gesunden Menschenverstand. In der Meinung, sich zu t\u00e4uschen, mobilisiert sie alle Kr\u00e4fte: Sie schaut genau hin, sie reibt sich die Augen, sie versucht zu begreifen. Dann wendet sie sich ihren Gef\u00e4hrtinnen zu: \u201eHabt ihr nichts gesehen?\u201c Sie wendet sich an Gott, sie betet den Rosenkranz. Sie wendet sich an die Kirche und holt sich Rat bei Abb\u00e9 Pomian: ,,Ich habe etwas Wei\u00dfes gesehen, das aussah wie eine Dame.\u201c lm Verh\u00f6r durch Kommissar Jacomet antwortet sie, \u00e4hnlich wie die Apostel vor dem Hohen Rat (Apostelgeschichte 4,13) mit einer Sicherheit, Klugheit und Standfestigkeit, die bei einem M\u00e4dchen, das keine Schule besucht hat, \u00fcberraschen: \u201eAquero [diese da; jene]: Ich habe nicht von der Jungfrau Maria gesprochen \u2026. Monsieur. Sie haben mir jedes Wort verdreht.\u201c \u00dcberraschend gleichm\u00fctig und freim\u00fctig sagt sie, was sie gesehen hat: \u201eIch habe den Auftrag, es Ihnen zu sagen, nicht, Sie zum Glauben daran zu bringen.\u201c<\/p><p>Pr\u00e4zise berichtet sie von den Erscheinungen, ohne etwas hinzuzuf\u00fcgen oder auszulassen. Ein einziges Mal, ver\u00e4ngstigt durch die Schroffheit von Abb\u00e9 Peyramale, f\u00fcgt sie ein Wort hinzu: Herr Pfarrer, die Dame bittet immer noch um eine Kapelle\u2026 \u2013 und sei sie \u201eganz klein\u201c! ln seiner schriftlichen Erkl\u00e4rung zu den Erscheinungen unterstreicht Bischof Laurence \u201edie Einfachheit, die Offenheit und Bescheidenheit dieses Kindes \u2026; sie erz\u00e4hlt alles ohne Affektiertheit, mit einer bewegenden Unbefangenheit\u2026 und auf die vielen Fragen, die man ihr stellt, gibt sie ohne zu z\u00f6gern klare, pr\u00e4zise Antworten mit gro\u00dfer \u00dcberzeugungskraft\u201c. Von Drohungen oder angebotenen Geschenken lie\u00df sie sich nicht beeinflussen. \u201eDie Aufrichtigkeit Bernadettes ist unzweifelhaft: Sie wollte nicht t\u00e4uschen\u201c. Aber hat sie sich vielleicht selbst get\u00e4uscht, hatte sie Halluzinationen, fragt sich der Bischof.<\/p><p>Er erinnert an ihre Ruhe, ihren gesunden Menschenverstand, das Fehlen jedes Zeichens einer \u00dcberspanntheit und an die Tatsache, dass die Erscheinungen nicht von Bernadette abhingen: Sie ereigneten sich, ais Bernadette nicht damit rechnete, und w\u00e4hrend der zwei Wochen der Erscheinungen passierte es zwei Mal, dass Bernadette zur Grotte ging und die Dame nicht erschien.<\/p><p>Bevor der Bischof urteilte, hatte Bernadette Fragen \u00fcber Fragen beantworten m\u00fcssen: von Neugierigen und Bewunderern, von Journalisten und anderen. Sie musste vor zivilen und kirchlichen Untersuchungsaussch\u00fcssen erscheinen. Aus einem Schattendasein wurde sie ins grelle Licht der \u00d6ffentlichkeit gezerrt und sah sich einem regelrechten Ansturm der Medien ausgesetzt.<\/p><p>Es brauchte viel Geduld, Ausgeglichenheit und auch Humor, um das eigene Zeugnis rein und unverf\u00e4lscht zu bewahren. Bernadette nahm nichts an: \u201eIch will arm bleiben.\u201c Sie segnete nicht die Rosenkr\u00e4nze, die man ihr reichte: ,,Ich trage keine Stola.\u201c Sie verkaufte keine Medaillons: \u201eIch bin keine H\u00e4ndlerin.\u201c Und vor den Bildern von ihr, die man f\u00fcr zehn Sous verkaufte, sagte sie: \u201eZehn Sous, mehr bin ich nicht wert!\u201c<\/p><p>Unter diesen Gegebenheiten konnte sie nicht l\u00e4nger im Cachot bleiben. Um sie vor dem Andrang zu sch\u00fctzen, setzten sich Abb\u00e9 Peyramale und B\u00fcrgermeister Lacad\u00e9 daf\u00fcr ein, Bernadette einen Platz im Hospizinternat der Schwestern von Nevers zu verschaffen. Am 15. Juli 1860 verlie\u00df sie ihr Cachot und traf dort ein. Nun, im Alter von 16 Jahren, lernte sie lesen und schreiben. Noch heute kann man in der Kirche von Bartr\u00e8s Kostproben ihrer Schreib\u00fcbungen sehen. Sp\u00e4ter hat sie oft an ihre Familie geschrieben, anl\u00e4sslich einer Taufe, einer Erstkommunion oder eines Trauerfalls. Sogar an den Papst schrieb sie. Sie hielt den Kontakt zu ihren Eltern. Sie half bei der Krankenpflege, vor allem aber war sie auf der Suche nach ihrem Weg: Ohne besondere F\u00e4higkeiten und ohne Mitgift \u2013 wie sollte sie da Ordensfrau werden? Schlie\u00dflich trat sie bei den Schwestern von Nevers ein, \u201eweil man mich dort nicht angeworben hat\u201c. Schon damals begriff sie: \u201eIn Lourdes ist meine Mission beendet.\u201c Bernadette trat in den Hintergrund, um Maria Platz zu machen.<\/p><\/div><\/div><\/div><div class=\"elementor-element elementor-element-27de76bf elementor-widget elementor-widget-text-editor\" data-id=\"27de76bf\" data-element_type=\"widget\" data-widget_type=\"text-editor.default\"><div class=\"elementor-widget-container\"><div class=\"elementor-text-editor elementor-clearfix\"><h2>\u00a0<\/h2><h3>\u201eDie Aufgabe zu beten\u201d<\/h3><\/div><\/div><\/div><div class=\"elementor-element elementor-element-2bdaf5cd elementor-widget elementor-widget-text-editor\" data-id=\"2bdaf5cd\" data-element_type=\"widget\" data-widget_type=\"text-editor.default\"><div class=\"elementor-widget-container\"><div class=\"elementor-text-editor elementor-clearfix\"><p>Bernadette selbst nannte es so: \u201eIch bin hier, um mich zu verstecken.\u201c ln Lourdes war sie Bernadette, die Seherin. In Nevers wurde sie Schwester Marie-Bernarde, die Heilige. Es ist viel \u00fcber die Strenge der Vorgesetzten ihr gegen\u00fcber geschrieben worden, doch ist dabei ihre spezielle Situation zu ber\u00fccksichtigen: Es galt Bernadette wie auch die Kongregation vor den vielen Neugierigen zu sch\u00fctzen. Bernadette hat den versammelten Schwestern gleich am Tag nach ihrer Ankunft von den Erscheinungen erz\u00e4hlt, danach durfte sie nie wieder dar\u00fcber sprechen. Man behielt sie im Mutterhaus, obwohl sie so gern in einem Krankenhaus gearbeitet h\u00e4tte. Nach ihrer Profess wurde ihr keine besondere Aufgabe zugeteilt; der Bischof gab ihr \u201edie Aufgabe zu beten\u201c. \u201eBeten Sie f\u00fcr die S\u00fcnder\u201c, hatte die Dame gesagt. Bernadette ist dem treu geblieben. \u201eMeine Waffen\u201c, schreibt sie dem Papst, \u201esind das Gebet und das Opfer.\u201c Sie war h\u00e4ufig krank und wurde eine Art Dauergast in der Krankenstation, au\u00dferdem gab es endlose Gespr\u00e4che im Sprechzimmer: \u201eDiese armen Bisch\u00f6fe, sie t\u00e4ten besser daran, zu Hause zu bleiben.\u201c Lourdes war weit weg \u2026 Zur Grotte wollte sie nicht zur\u00fcckkehren: \u201eMan w\u00fcrde die Jungfrau Maria verlassen, um mir nachzulaufen!\u201c Doch jeden Tag \u201epilgerte\u201c sie in Gedanken dorthin.<\/p><p>Bernadette sprach nicht von Lourdes, aber sie lebte aus dem, was sie dort erlebt hatte. \u201eSie m\u00fcssen die erste sein, welche die Botschaft lebt\u201c, sagte ihr P. Douce, ihr Beichtvater. Nachdem sie als Hilfsschwester gearbeitet hatte, wurde sie selbst zunehmend von Krankheiten heimgesucht. Sie machte daraus \u201eihre Aufgabe\u201c und nahm in gro\u00dfherziger Liebe alle Kreuze an \u2013 f\u00fcr die S\u00fcnder: \u201eVor allem sind sie unsere Br\u00fcder und Schwestern.\u201c ln langen schlaflosen N\u00e4chten vereinte sie sich in Gedanken mit den Messfeiern in aller Welt und bot sich Gott dar. Mit Maria vereinte sie sich mit dem Mysterium der Erl\u00f6sung und hielt den Blick fest auf den Gekreuzigten gerichtet: \u201eDort sch\u00f6pfe ich alle Kraft.\u201c<\/p><p>Bernadette starb in Nevers am 16. April 1879 im Alter von 35 Jahren. Die Kirche hat sie am 8. Dezember 1933 heilig gesprochen, nicht weil ihr die Erscheinungen zuteil wurden, sondern wegen der Art und Weise, wie sie mit ihrem Leben darauf geantwortet hat.<\/p><\/div><\/div><\/div>\t\t\t\t\t\t\t\t<\/div>\n\t\t\t\t<\/div>\n\t\t\t\t\t<\/div>\n\t\t<\/div>\n\t\t\t\t\t<\/div>\n\t\t<\/section>\n\t\t\t\t<\/div>\n\t\t","protected":false},"excerpt":{"rendered":"<p>Bernadette Soubirous Alles, was wir \u00fcber die Erscheinungen und die Botschaft von Lourdes wissen, wissen wir durch Bernadette. Sie ist die Einzige, die sie wahrgenommen hat, von ihrem Zeugnis h\u00e4ngt alles ab. Wer war Bernadette? ln ihrem Leben lassen sich &hellip; <a href=\"https:\/\/www.lourdes-france.com\/de\/bernadette-soubirous\/\">Weiter<\/a><\/p>\n","protected":false},"author":1,"featured_media":0,"parent":0,"menu_order":0,"comment_status":"closed","ping_status":"closed","template":"","meta":{"_acf_changed":false,"footnotes":""},"class_list":["post-787002","page","type-page","status-publish","hentry"],"acf":[],"yoast_head":"<!-- This site is optimized with the Yoast SEO Premium plugin v24.0 (Yoast SEO v26.3) - https:\/\/yoast.com\/wordpress\/plugins\/seo\/ -->\n<title>Bernadette Soubirous - Vivre le p\u00e8lerinage de Lourdes<\/title>\n<meta name=\"description\" content=\"Tout ce que nous savons des apparitions et du Message de Lourdes nous vient de Bernadette. Elle seule a vu. Qui est-elle donc ?\" \/>\n<meta name=\"robots\" content=\"index, follow, max-snippet:-1, max-image-preview:large, max-video-preview:-1\" \/>\n<link rel=\"canonical\" href=\"https:\/\/www.lourdes-france.com\/de\/bernadette-soubirous\/\" \/>\n<meta property=\"og:locale\" content=\"de_DE\" \/>\n<meta property=\"og:type\" content=\"article\" \/>\n<meta property=\"og:title\" content=\"Bernadette Soubirous\" \/>\n<meta property=\"og:description\" content=\"Tout ce que nous savons des apparitions et du Message de Lourdes nous vient de Bernadette. Elle seule a vu. Qui est-elle donc ?\" \/>\n<meta property=\"og:url\" content=\"https:\/\/www.lourdes-france.com\/de\/bernadette-soubirous\/\" \/>\n<meta property=\"og:site_name\" content=\"Vivre le p\u00e8lerinage de Lourdes\" \/>\n<meta property=\"article:modified_time\" content=\"2024-10-01T10:25:51+00:00\" \/>\n<meta name=\"twitter:card\" content=\"summary_large_image\" \/>\n<meta name=\"twitter:label1\" content=\"Gesch\u00e4tzte Lesezeit\" \/>\n\t<meta name=\"twitter:data1\" content=\"7\u00a0Minuten\" \/>\n<script type=\"application\/ld+json\" class=\"yoast-schema-graph\">{\"@context\":\"https:\/\/schema.org\",\"@graph\":[{\"@type\":\"WebPage\",\"@id\":\"https:\/\/www.lourdes-france.com\/de\/bernadette-soubirous\/\",\"url\":\"https:\/\/www.lourdes-france.com\/de\/bernadette-soubirous\/\",\"name\":\"Bernadette Soubirous - Vivre le p\u00e8lerinage de Lourdes\",\"isPartOf\":{\"@id\":\"https:\/\/www.lourdes-france.com\/de\/#website\"},\"datePublished\":\"2021-10-19T14:25:48+00:00\",\"dateModified\":\"2024-10-01T10:25:51+00:00\",\"description\":\"Tout ce que nous savons des apparitions et du Message de Lourdes nous vient de Bernadette. Elle seule a vu. Qui est-elle donc ?\",\"breadcrumb\":{\"@id\":\"https:\/\/www.lourdes-france.com\/de\/bernadette-soubirous\/#breadcrumb\"},\"inLanguage\":\"de\",\"potentialAction\":[{\"@type\":\"ReadAction\",\"target\":[\"https:\/\/www.lourdes-france.com\/de\/bernadette-soubirous\/\"]}]},{\"@type\":\"BreadcrumbList\",\"@id\":\"https:\/\/www.lourdes-france.com\/de\/bernadette-soubirous\/#breadcrumb\",\"itemListElement\":[{\"@type\":\"ListItem\",\"position\":1,\"name\":\"Accueil\",\"item\":\"https:\/\/www.lourdes-france.com\/de\/\"},{\"@type\":\"ListItem\",\"position\":2,\"name\":\"Bernadette Soubirous\"}]},{\"@type\":\"WebSite\",\"@id\":\"https:\/\/www.lourdes-france.com\/de\/#website\",\"url\":\"https:\/\/www.lourdes-france.com\/de\/\",\"name\":\"Sanctuaire Notre-Dame de Lourdes\",\"description\":\"\",\"publisher\":{\"@id\":\"https:\/\/www.lourdes-france.com\/de\/#organization\"},\"potentialAction\":[{\"@type\":\"SearchAction\",\"target\":{\"@type\":\"EntryPoint\",\"urlTemplate\":\"https:\/\/www.lourdes-france.com\/de\/?s={search_term_string}\"},\"query-input\":{\"@type\":\"PropertyValueSpecification\",\"valueRequired\":true,\"valueName\":\"search_term_string\"}}],\"inLanguage\":\"de\"},{\"@type\":\"Organization\",\"@id\":\"https:\/\/www.lourdes-france.com\/de\/#organization\",\"name\":\"Sanctuaire Notre-Dame de Lourdes\",\"url\":\"https:\/\/www.lourdes-france.com\/de\/\",\"logo\":{\"@type\":\"ImageObject\",\"inLanguage\":\"de\",\"@id\":\"https:\/\/www.lourdes-france.com\/de\/#\/schema\/logo\/image\/\",\"url\":\"https:\/\/www.lourdes-france.com\/wp-content\/uploads\/2021\/11\/logo-small.png\",\"contentUrl\":\"https:\/\/www.lourdes-france.com\/wp-content\/uploads\/2021\/11\/logo-small.png\",\"width\":834,\"height\":521,\"caption\":\"Sanctuaire Notre-Dame de Lourdes\"},\"image\":{\"@id\":\"https:\/\/www.lourdes-france.com\/de\/#\/schema\/logo\/image\/\"}}]}<\/script>\n<!-- \/ Yoast SEO Premium plugin. -->","yoast_head_json":{"title":"Bernadette Soubirous - Vivre le p\u00e8lerinage de Lourdes","description":"Tout ce que nous savons des apparitions et du Message de Lourdes nous vient de Bernadette. Elle seule a vu. Qui est-elle donc ?","robots":{"index":"index","follow":"follow","max-snippet":"max-snippet:-1","max-image-preview":"max-image-preview:large","max-video-preview":"max-video-preview:-1"},"canonical":"https:\/\/www.lourdes-france.com\/de\/bernadette-soubirous\/","og_locale":"de_DE","og_type":"article","og_title":"Bernadette Soubirous","og_description":"Tout ce que nous savons des apparitions et du Message de Lourdes nous vient de Bernadette. Elle seule a vu. Qui est-elle donc ?","og_url":"https:\/\/www.lourdes-france.com\/de\/bernadette-soubirous\/","og_site_name":"Vivre le p\u00e8lerinage de Lourdes","article_modified_time":"2024-10-01T10:25:51+00:00","twitter_card":"summary_large_image","twitter_misc":{"Gesch\u00e4tzte Lesezeit":"7\u00a0Minuten"},"schema":{"@context":"https:\/\/schema.org","@graph":[{"@type":"WebPage","@id":"https:\/\/www.lourdes-france.com\/de\/bernadette-soubirous\/","url":"https:\/\/www.lourdes-france.com\/de\/bernadette-soubirous\/","name":"Bernadette Soubirous - Vivre le p\u00e8lerinage de Lourdes","isPartOf":{"@id":"https:\/\/www.lourdes-france.com\/de\/#website"},"datePublished":"2021-10-19T14:25:48+00:00","dateModified":"2024-10-01T10:25:51+00:00","description":"Tout ce que nous savons des apparitions et du Message de Lourdes nous vient de Bernadette. Elle seule a vu. Qui est-elle donc ?","breadcrumb":{"@id":"https:\/\/www.lourdes-france.com\/de\/bernadette-soubirous\/#breadcrumb"},"inLanguage":"de","potentialAction":[{"@type":"ReadAction","target":["https:\/\/www.lourdes-france.com\/de\/bernadette-soubirous\/"]}]},{"@type":"BreadcrumbList","@id":"https:\/\/www.lourdes-france.com\/de\/bernadette-soubirous\/#breadcrumb","itemListElement":[{"@type":"ListItem","position":1,"name":"Accueil","item":"https:\/\/www.lourdes-france.com\/de\/"},{"@type":"ListItem","position":2,"name":"Bernadette Soubirous"}]},{"@type":"WebSite","@id":"https:\/\/www.lourdes-france.com\/de\/#website","url":"https:\/\/www.lourdes-france.com\/de\/","name":"Sanctuaire Notre-Dame de Lourdes","description":"","publisher":{"@id":"https:\/\/www.lourdes-france.com\/de\/#organization"},"potentialAction":[{"@type":"SearchAction","target":{"@type":"EntryPoint","urlTemplate":"https:\/\/www.lourdes-france.com\/de\/?s={search_term_string}"},"query-input":{"@type":"PropertyValueSpecification","valueRequired":true,"valueName":"search_term_string"}}],"inLanguage":"de"},{"@type":"Organization","@id":"https:\/\/www.lourdes-france.com\/de\/#organization","name":"Sanctuaire Notre-Dame de Lourdes","url":"https:\/\/www.lourdes-france.com\/de\/","logo":{"@type":"ImageObject","inLanguage":"de","@id":"https:\/\/www.lourdes-france.com\/de\/#\/schema\/logo\/image\/","url":"https:\/\/www.lourdes-france.com\/wp-content\/uploads\/2021\/11\/logo-small.png","contentUrl":"https:\/\/www.lourdes-france.com\/wp-content\/uploads\/2021\/11\/logo-small.png","width":834,"height":521,"caption":"Sanctuaire Notre-Dame de Lourdes"},"image":{"@id":"https:\/\/www.lourdes-france.com\/de\/#\/schema\/logo\/image\/"}}]}},"_links":{"self":[{"href":"https:\/\/www.lourdes-france.com\/de\/wp-json\/wp\/v2\/pages\/787002","targetHints":{"allow":["GET"]}}],"collection":[{"href":"https:\/\/www.lourdes-france.com\/de\/wp-json\/wp\/v2\/pages"}],"about":[{"href":"https:\/\/www.lourdes-france.com\/de\/wp-json\/wp\/v2\/types\/page"}],"author":[{"embeddable":true,"href":"https:\/\/www.lourdes-france.com\/de\/wp-json\/wp\/v2\/users\/1"}],"replies":[{"embeddable":true,"href":"https:\/\/www.lourdes-france.com\/de\/wp-json\/wp\/v2\/comments?post=787002"}],"version-history":[{"count":0,"href":"https:\/\/www.lourdes-france.com\/de\/wp-json\/wp\/v2\/pages\/787002\/revisions"}],"wp:attachment":[{"href":"https:\/\/www.lourdes-france.com\/de\/wp-json\/wp\/v2\/media?parent=787002"}],"curies":[{"name":"wp","href":"https:\/\/api.w.org\/{rel}","templated":true}]}}