{"id":786742,"date":"2022-03-28T16:16:12","date_gmt":"2022-03-28T14:16:12","guid":{"rendered":"https:\/\/www.lourdes-france.com\/la-petite-maison-de-bernadette\/"},"modified":"2026-03-11T12:27:15","modified_gmt":"2026-03-11T11:27:15","slug":"das-kleine-haus-der-bernadette","status":"publish","type":"page","link":"https:\/\/www.lourdes-france.com\/de\/das-kleine-haus-der-bernadette\/","title":{"rendered":"Das kleine Haus der Bernadette"},"content":{"rendered":"\t\t<div data-elementor-type=\"wp-page\" data-elementor-id=\"786742\" class=\"elementor elementor-786742 elementor-781989\" data-elementor-post-type=\"page\">\n\t\t\t\t\t\t<section class=\"elementor-section elementor-top-section elementor-element elementor-element-5ae711a elementor-section-full_width elementor-section-stretched elementor-section-height-default elementor-section-height-default\" data-id=\"5ae711a\" data-element_type=\"section\" data-settings=\"{&quot;stretch_section&quot;:&quot;section-stretched&quot;,&quot;background_background&quot;:&quot;classic&quot;}\">\n\t\t\t\t\t\t\t<div class=\"elementor-background-overlay\"><\/div>\n\t\t\t\t\t\t\t<div class=\"elementor-container elementor-column-gap-default\">\n\t\t\t\t\t<div class=\"elementor-column elementor-col-100 elementor-top-column elementor-element elementor-element-1556bbe\" data-id=\"1556bbe\" data-element_type=\"column\">\n\t\t\t<div class=\"elementor-widget-wrap elementor-element-populated\">\n\t\t\t\t\t\t<div class=\"elementor-element elementor-element-650694b elementor-widget elementor-widget-heading\" data-id=\"650694b\" data-element_type=\"widget\" data-widget_type=\"heading.default\">\n\t\t\t\t<div class=\"elementor-widget-container\">\n\t\t\t\t\t<h2 class=\"elementor-heading-title elementor-size-default\">Das kleine Haus der Bernadette<\/h2>\t\t\t\t<\/div>\n\t\t\t\t<\/div>\n\t\t\t\t\t<\/div>\n\t\t<\/div>\n\t\t\t\t\t<\/div>\n\t\t<\/section>\n\t\t\t\t<section class=\"elementor-section elementor-top-section elementor-element elementor-element-e79a3b2 elementor-section-stretched elementor-section-boxed elementor-section-height-default elementor-section-height-default\" data-id=\"e79a3b2\" data-element_type=\"section\" data-settings=\"{&quot;background_background&quot;:&quot;classic&quot;,&quot;stretch_section&quot;:&quot;section-stretched&quot;}\">\n\t\t\t\t\t\t<div class=\"elementor-container elementor-column-gap-no\">\n\t\t\t\t\t<div class=\"elementor-column elementor-col-100 elementor-top-column elementor-element elementor-element-74016e6\" data-id=\"74016e6\" data-element_type=\"column\">\n\t\t\t<div class=\"elementor-widget-wrap elementor-element-populated\">\n\t\t\t\t\t\t<div class=\"elementor-element elementor-element-aeedec7 elementor-blockquote--skin-quotation elementor-blockquote--align-left elementor-widget elementor-widget-blockquote\" data-id=\"aeedec7\" data-element_type=\"widget\" data-widget_type=\"blockquote.default\">\n\t\t\t\t<div class=\"elementor-widget-container\">\n\t\t\t\t\t\t\t<blockquote class=\"elementor-blockquote\">\n\t\t\t<p class=\"elementor-blockquote__content\">\n\t\t\t\tDas kleine Haus der Bernadette (Petite maison Sainte-Bernadette) bietet Kindern in Begleitung von Eltern oder Gruppen mit Begleitpersonen abwechslungsreiche Aktivit\u00e4ten.\t\t\t<\/p>\n\t\t\t\t\t<\/blockquote>\n\t\t\t\t\t\t<\/div>\n\t\t\t\t<\/div>\n\t\t\t\t\t<\/div>\n\t\t<\/div>\n\t\t\t\t\t<\/div>\n\t\t<\/section>\n\t\t\t\t<section class=\"elementor-section elementor-top-section elementor-element elementor-element-c561e30 elementor-section-boxed elementor-section-height-default elementor-section-height-default\" data-id=\"c561e30\" data-element_type=\"section\">\n\t\t\t\t\t\t<div class=\"elementor-container elementor-column-gap-default\">\n\t\t\t\t\t<div class=\"elementor-column elementor-col-100 elementor-top-column elementor-element elementor-element-40d49d8\" data-id=\"40d49d8\" data-element_type=\"column\">\n\t\t\t<div class=\"elementor-widget-wrap elementor-element-populated\">\n\t\t\t\t\t\t<div class=\"elementor-element elementor-element-b2edae6 elementor-widget elementor-widget-text-editor\" data-id=\"b2edae6\" data-element_type=\"widget\" data-widget_type=\"text-editor.default\">\n\t\t\t\t<div class=\"elementor-widget-container\">\n\t\t\t\t\t\t\t\t\t<h3 class=\"elementor-heading-title elementor-size-default elementor-inline-editing pen\" style=\"text-align: center;\" contenteditable=\"true\" data-elementor-setting-key=\"title\" data-pen-placeholder=\"\u00c9crivez ici...\">Entdecken Sie mit Freude&#8230; Es ist m\u00f6glich!<\/h3><p class=\"p2\"><strong>\u201eIch w\u00fcrde mich gl\u00fccklich sch\u00e4tzen, mich um kleine Kinder k\u00fcmmern zu k\u00f6nnen &#8230;&#8220;<\/strong>\u00a0pflegte die heilige Bernadette zu sagen.<\/p><p class=\"p2\">Ihnen wird ein vorz\u00fcglicher Platz angeboten&#8230; Im Anschluss an den Kreuzweg der Kranken auf der Prairie nimmt er in der \u201eRotunde 2\u201c Eltern und Kinder in Empfang, um in Familie mehr \u00fcber das Leben Bernadettes und \u00fcber die Botschaft von Lourdes zu erfahren.<\/p>\t\t\t\t\t\t\t\t<\/div>\n\t\t\t\t<\/div>\n\t\t\t\t\t<\/div>\n\t\t<\/div>\n\t\t\t\t\t<\/div>\n\t\t<\/section>\n\t\t\t\t<section class=\"elementor-section elementor-top-section elementor-element elementor-element-4c14fa1 elementor-section-boxed elementor-section-height-default elementor-section-height-default\" data-id=\"4c14fa1\" data-element_type=\"section\">\n\t\t\t\t\t\t<div class=\"elementor-container elementor-column-gap-default\">\n\t\t\t\t\t<div class=\"elementor-column elementor-col-100 elementor-top-column elementor-element elementor-element-ba7a0a1\" data-id=\"ba7a0a1\" data-element_type=\"column\">\n\t\t\t<div class=\"elementor-widget-wrap elementor-element-populated\">\n\t\t\t\t\t\t<div class=\"elementor-element elementor-element-779ed49 elementor-arrows-position-inside elementor-pagination-position-outside elementor-widget elementor-widget-image-carousel\" data-id=\"779ed49\" data-element_type=\"widget\" data-settings=\"{&quot;slides_to_show&quot;:&quot;1&quot;,&quot;pause_on_interaction&quot;:&quot;no&quot;,&quot;autoplay_speed&quot;:3000,&quot;speed&quot;:800,&quot;navigation&quot;:&quot;both&quot;,&quot;autoplay&quot;:&quot;yes&quot;,&quot;pause_on_hover&quot;:&quot;yes&quot;,&quot;infinite&quot;:&quot;yes&quot;,&quot;effect&quot;:&quot;slide&quot;}\" data-widget_type=\"image-carousel.default\">\n\t\t\t\t<div class=\"elementor-widget-container\">\n\t\t\t\t\t\t\t<div class=\"elementor-image-carousel-wrapper swiper\" role=\"region\" aria-roledescription=\"carousel\" aria-label=\"Carrousel d\u2019images\" dir=\"ltr\">\n\t\t\t<div class=\"elementor-image-carousel swiper-wrapper\" aria-live=\"off\">\n\t\t\t\t\t\t\t\t<div class=\"swiper-slide\" role=\"group\" aria-roledescription=\"slide\" aria-label=\"1 von 4\"><figure class=\"swiper-slide-inner\"><img decoding=\"async\" class=\"swiper-slide-image\" src=\"https:\/\/www.lourdes-france.com\/wp-content\/uploads\/2024\/09\/2024-petite-maison-Bernadette-17-1-scaled-1.jpg\" alt=\"2024-petite-maison-Bernadette-17-1-scaled.jpg\" \/><\/figure><\/div><div class=\"swiper-slide\" role=\"group\" aria-roledescription=\"slide\" aria-label=\"2 von 4\"><figure class=\"swiper-slide-inner\"><img decoding=\"async\" class=\"swiper-slide-image\" src=\"https:\/\/www.lourdes-france.com\/wp-content\/uploads\/2024\/09\/2024-petite-maison-Bernadette-16-1-scaled-1.jpg\" alt=\"2024-petite-maison-Bernadette-16-1-scaled.jpg\" \/><\/figure><\/div><div class=\"swiper-slide\" role=\"group\" aria-roledescription=\"slide\" aria-label=\"3 von 4\"><figure class=\"swiper-slide-inner\"><img decoding=\"async\" class=\"swiper-slide-image\" src=\"https:\/\/www.lourdes-france.com\/wp-content\/uploads\/2024\/09\/2024-petite-maison-Bernadette-9-scaled-1.jpg\" alt=\"2024-petite-maison-Bernadette-9-scaled.jpg\" \/><\/figure><\/div><div class=\"swiper-slide\" role=\"group\" aria-roledescription=\"slide\" aria-label=\"4 von 4\"><figure class=\"swiper-slide-inner\"><img decoding=\"async\" class=\"swiper-slide-image\" src=\"https:\/\/www.lourdes-france.com\/wp-content\/uploads\/2024\/09\/2024-petite-maison-Bernadette-2-1-scaled-1.jpg\" alt=\"2024-petite-maison-Bernadette-2-1-scaled.jpg\" \/><\/figure><\/div>\t\t\t<\/div>\n\t\t\t\t\t\t\t\t\t\t\t\t<div class=\"elementor-swiper-button elementor-swiper-button-prev\" role=\"button\" tabindex=\"0\">\n\t\t\t\t\t\t<i aria-hidden=\"true\" class=\"eicon-chevron-left\"><\/i>\t\t\t\t\t<\/div>\n\t\t\t\t\t<div class=\"elementor-swiper-button elementor-swiper-button-next\" role=\"button\" tabindex=\"0\">\n\t\t\t\t\t\t<i aria-hidden=\"true\" class=\"eicon-chevron-right\"><\/i>\t\t\t\t\t<\/div>\n\t\t\t\t\n\t\t\t\t\t\t\t\t\t<div class=\"swiper-pagination\"><\/div>\n\t\t\t\t\t\t\t\t\t<\/div>\n\t\t\t\t\t\t<\/div>\n\t\t\t\t<\/div>\n\t\t\t\t\t<\/div>\n\t\t<\/div>\n\t\t\t\t\t<\/div>\n\t\t<\/section>\n\t\t\t\t<section class=\"elementor-section elementor-top-section elementor-element elementor-element-ca64d5a elementor-section-boxed elementor-section-height-default elementor-section-height-default\" data-id=\"ca64d5a\" data-element_type=\"section\">\n\t\t\t\t\t\t<div class=\"elementor-container elementor-column-gap-default\">\n\t\t\t\t\t<div class=\"elementor-column elementor-col-100 elementor-top-column elementor-element elementor-element-7022679\" data-id=\"7022679\" data-element_type=\"column\">\n\t\t\t<div class=\"elementor-widget-wrap elementor-element-populated\">\n\t\t\t\t\t\t<div class=\"elementor-element elementor-element-27c0873 elementor-widget elementor-widget-text-editor\" data-id=\"27c0873\" data-element_type=\"widget\" data-widget_type=\"text-editor.default\">\n\t\t\t\t<div class=\"elementor-widget-container\">\n\t\t\t\t\t\t\t\t\t<h3 style=\"text-align: center;\" contenteditable=\"true\" data-elementor-setting-key=\"title\" data-pen-placeholder=\"\u00c9crivez ici...\">\u00d6ffnungszeiten<\/h3><p style=\"text-align: center;\"><strong><em>(Informieren Sie sich im Informationszentrum)<\/em><br \/><\/strong><br \/><span style=\"color: #997e4c;\"><strong>Schulferien (Ostern, Sommer, Allerheiligen)<\/strong>: Montag bis Samstag von 10 bis 12 Uhr und von 14 bis 17 Uhr \/ Sonntag von 14 bis 17 Uhr<br \/><strong>Freitag, 8. und Samstag, 9. Mai:<\/strong> von 10 bis 12 Uhr und von 14 bis 17 Uhr <br \/><strong>Christi Himmelfahrt \u2013 von Mittwoch, 13. bis Samstag, 16. Mai:<\/strong> von 10 bis 12 Uhr und von 14 bis 17 Uhr <br \/><strong>Samstags, 6., 13., 20. und 27. Juni:<\/strong> von 10 bis 12 Uhr und von 14 bis 17 Uhr <br \/><strong>Samstags, 5., 12., 19. und 26. September:<\/strong> von 14 bis 17 Uhr<\/span><\/p><p style=\"text-align: center;\"><span style=\"color: #997e4c;\"><strong>Freier Zugang am Eingang zum Hemicycle<\/strong> (neben der Kirche St. Bernadette).<\/span><\/p>\t\t\t\t\t\t\t\t<\/div>\n\t\t\t\t<\/div>\n\t\t\t\t\t<\/div>\n\t\t<\/div>\n\t\t\t\t\t<\/div>\n\t\t<\/section>\n\t\t\t\t<section class=\"elementor-section elementor-top-section elementor-element elementor-element-40cd86b elementor-section-boxed elementor-section-height-default elementor-section-height-default\" data-id=\"40cd86b\" data-element_type=\"section\">\n\t\t\t\t\t\t<div class=\"elementor-container elementor-column-gap-default\">\n\t\t\t\t\t<div class=\"elementor-column elementor-col-100 elementor-top-column elementor-element elementor-element-928b8f8\" data-id=\"928b8f8\" data-element_type=\"column\">\n\t\t\t<div class=\"elementor-widget-wrap elementor-element-populated\">\n\t\t\t\t\t\t<div class=\"elementor-element elementor-element-764e41e elementor-widget-divider--view-line elementor-widget elementor-widget-divider\" data-id=\"764e41e\" data-element_type=\"widget\" data-widget_type=\"divider.default\">\n\t\t\t\t<div class=\"elementor-widget-container\">\n\t\t\t\t\t\t\t<div class=\"elementor-divider\">\n\t\t\t<span class=\"elementor-divider-separator\">\n\t\t\t\t\t\t<\/span>\n\t\t<\/div>\n\t\t\t\t\t\t<\/div>\n\t\t\t\t<\/div>\n\t\t\t\t<div class=\"elementor-element elementor-element-98e19db elementor-widget elementor-widget-text-editor\" data-id=\"98e19db\" data-element_type=\"widget\" data-widget_type=\"text-editor.default\">\n\t\t\t\t<div class=\"elementor-widget-container\">\n\t\t\t\t\t\t\t\t\t<p style=\"text-align: center;\">Kontakt : <a href=\"mailto:sjeunes@lourdes-france.com\">sjeunes@lourdes-france.com \u00a0<\/a><span style=\"color: #3366ff;\">\/ <a href=\"tel:0562427838\">+33 (0)5 62 42 78 38<\/a><br \/><\/span><\/p>\t\t\t\t\t\t\t\t<\/div>\n\t\t\t\t<\/div>\n\t\t\t\t\t<\/div>\n\t\t<\/div>\n\t\t\t\t\t<\/div>\n\t\t<\/section>\n\t\t\t\t<\/div>\n\t\t","protected":false},"excerpt":{"rendered":"<p>Das kleine Haus der Bernadette Das kleine Haus der Bernadette (Petite maison Sainte-Bernadette) bietet Kindern in Begleitung von Eltern oder Gruppen mit Begleitpersonen abwechslungsreiche Aktivit\u00e4ten. Entdecken Sie mit Freude&#8230; Es ist m\u00f6glich! \u201eIch w\u00fcrde mich gl\u00fccklich sch\u00e4tzen, mich um kleine &hellip; <a href=\"https:\/\/www.lourdes-france.com\/de\/das-kleine-haus-der-bernadette\/\">Weiter<\/a><\/p>\n","protected":false},"author":1,"featured_media":0,"parent":0,"menu_order":0,"comment_status":"closed","ping_status":"closed","template":"","meta":{"_acf_changed":false,"footnotes":""},"class_list":["post-786742","page","type-page","status-publish","hentry"],"acf":[],"yoast_head":"<!-- This site is optimized with the Yoast SEO Premium plugin v24.0 (Yoast SEO v26.3) - https:\/\/yoast.com\/wordpress\/plugins\/seo\/ -->\n<title>Das kleine Haus der Bernadette - Vivre le p\u00e8lerinage de Lourdes<\/title>\n<meta name=\"description\" content=\"La Petite Maison de Bernadette propose aux enfants accompagn\u00e9s par des parents ou \u00e0 des groupes avec accompagnateurs, diverses activit\u00e9s ludiques.\" \/>\n<meta name=\"robots\" content=\"index, follow, max-snippet:-1, max-image-preview:large, max-video-preview:-1\" \/>\n<link rel=\"canonical\" href=\"https:\/\/www.lourdes-france.com\/de\/das-kleine-haus-der-bernadette\/\" \/>\n<meta property=\"og:locale\" content=\"de_DE\" \/>\n<meta property=\"og:type\" content=\"article\" \/>\n<meta property=\"og:title\" content=\"Das kleine Haus der Bernadette\" \/>\n<meta property=\"og:description\" content=\"La Petite Maison de Bernadette propose aux enfants accompagn\u00e9s par des parents ou \u00e0 des groupes avec accompagnateurs, diverses activit\u00e9s ludiques.\" \/>\n<meta property=\"og:url\" content=\"https:\/\/www.lourdes-france.com\/de\/das-kleine-haus-der-bernadette\/\" \/>\n<meta property=\"og:site_name\" content=\"Vivre le p\u00e8lerinage de Lourdes\" \/>\n<meta property=\"article:modified_time\" content=\"2026-03-11T11:27:15+00:00\" \/>\n<meta property=\"og:image\" content=\"https:\/\/www.lourdes-france.com\/wp-content\/uploads\/2024\/09\/2024-petite-maison-Bernadette-17-1-scaled-1.jpg\" \/>\n<meta name=\"twitter:card\" content=\"summary_large_image\" \/>\n<meta name=\"twitter:label1\" content=\"Gesch\u00e4tzte Lesezeit\" \/>\n\t<meta name=\"twitter:data1\" content=\"3\u00a0Minuten\" \/>\n<script type=\"application\/ld+json\" class=\"yoast-schema-graph\">{\"@context\":\"https:\/\/schema.org\",\"@graph\":[{\"@type\":\"WebPage\",\"@id\":\"https:\/\/www.lourdes-france.com\/de\/das-kleine-haus-der-bernadette\/\",\"url\":\"https:\/\/www.lourdes-france.com\/de\/das-kleine-haus-der-bernadette\/\",\"name\":\"Das kleine Haus der Bernadette - Vivre le p\u00e8lerinage de Lourdes\",\"isPartOf\":{\"@id\":\"https:\/\/www.lourdes-france.com\/de\/#website\"},\"primaryImageOfPage\":{\"@id\":\"https:\/\/www.lourdes-france.com\/de\/das-kleine-haus-der-bernadette\/#primaryimage\"},\"image\":{\"@id\":\"https:\/\/www.lourdes-france.com\/de\/das-kleine-haus-der-bernadette\/#primaryimage\"},\"thumbnailUrl\":\"https:\/\/www.lourdes-france.com\/wp-content\/uploads\/2024\/09\/2024-petite-maison-Bernadette-17-1-scaled-1.jpg\",\"datePublished\":\"2022-03-28T14:16:12+00:00\",\"dateModified\":\"2026-03-11T11:27:15+00:00\",\"description\":\"La Petite Maison de Bernadette propose aux enfants accompagn\u00e9s par des parents ou \u00e0 des groupes avec accompagnateurs, diverses activit\u00e9s ludiques.\",\"breadcrumb\":{\"@id\":\"https:\/\/www.lourdes-france.com\/de\/das-kleine-haus-der-bernadette\/#breadcrumb\"},\"inLanguage\":\"de\",\"potentialAction\":[{\"@type\":\"ReadAction\",\"target\":[\"https:\/\/www.lourdes-france.com\/de\/das-kleine-haus-der-bernadette\/\"]}]},{\"@type\":\"ImageObject\",\"inLanguage\":\"de\",\"@id\":\"https:\/\/www.lourdes-france.com\/de\/das-kleine-haus-der-bernadette\/#primaryimage\",\"url\":\"https:\/\/www.lourdes-france.com\/wp-content\/uploads\/2024\/09\/2024-petite-maison-Bernadette-17-1-scaled-1.jpg\",\"contentUrl\":\"https:\/\/www.lourdes-france.com\/wp-content\/uploads\/2024\/09\/2024-petite-maison-Bernadette-17-1-scaled-1.jpg\"},{\"@type\":\"BreadcrumbList\",\"@id\":\"https:\/\/www.lourdes-france.com\/de\/das-kleine-haus-der-bernadette\/#breadcrumb\",\"itemListElement\":[{\"@type\":\"ListItem\",\"position\":1,\"name\":\"Accueil\",\"item\":\"https:\/\/www.lourdes-france.com\/de\/\"},{\"@type\":\"ListItem\",\"position\":2,\"name\":\"Das kleine Haus der Bernadette\"}]},{\"@type\":\"WebSite\",\"@id\":\"https:\/\/www.lourdes-france.com\/de\/#website\",\"url\":\"https:\/\/www.lourdes-france.com\/de\/\",\"name\":\"Sanctuaire Notre-Dame de Lourdes\",\"description\":\"\",\"publisher\":{\"@id\":\"https:\/\/www.lourdes-france.com\/de\/#organization\"},\"potentialAction\":[{\"@type\":\"SearchAction\",\"target\":{\"@type\":\"EntryPoint\",\"urlTemplate\":\"https:\/\/www.lourdes-france.com\/de\/?s={search_term_string}\"},\"query-input\":{\"@type\":\"PropertyValueSpecification\",\"valueRequired\":true,\"valueName\":\"search_term_string\"}}],\"inLanguage\":\"de\"},{\"@type\":\"Organization\",\"@id\":\"https:\/\/www.lourdes-france.com\/de\/#organization\",\"name\":\"Sanctuaire Notre-Dame de Lourdes\",\"url\":\"https:\/\/www.lourdes-france.com\/de\/\",\"logo\":{\"@type\":\"ImageObject\",\"inLanguage\":\"de\",\"@id\":\"https:\/\/www.lourdes-france.com\/de\/#\/schema\/logo\/image\/\",\"url\":\"https:\/\/www.lourdes-france.com\/wp-content\/uploads\/2021\/11\/logo-small.png\",\"contentUrl\":\"https:\/\/www.lourdes-france.com\/wp-content\/uploads\/2021\/11\/logo-small.png\",\"width\":834,\"height\":521,\"caption\":\"Sanctuaire Notre-Dame de Lourdes\"},\"image\":{\"@id\":\"https:\/\/www.lourdes-france.com\/de\/#\/schema\/logo\/image\/\"}}]}<\/script>\n<!-- \/ Yoast SEO Premium plugin. -->","yoast_head_json":{"title":"Das kleine Haus der Bernadette - Vivre le p\u00e8lerinage de Lourdes","description":"La Petite Maison de Bernadette propose aux enfants accompagn\u00e9s par des parents ou \u00e0 des groupes avec accompagnateurs, diverses activit\u00e9s ludiques.","robots":{"index":"index","follow":"follow","max-snippet":"max-snippet:-1","max-image-preview":"max-image-preview:large","max-video-preview":"max-video-preview:-1"},"canonical":"https:\/\/www.lourdes-france.com\/de\/das-kleine-haus-der-bernadette\/","og_locale":"de_DE","og_type":"article","og_title":"Das kleine Haus der Bernadette","og_description":"La Petite Maison de Bernadette propose aux enfants accompagn\u00e9s par des parents ou \u00e0 des groupes avec accompagnateurs, diverses activit\u00e9s ludiques.","og_url":"https:\/\/www.lourdes-france.com\/de\/das-kleine-haus-der-bernadette\/","og_site_name":"Vivre le p\u00e8lerinage de Lourdes","article_modified_time":"2026-03-11T11:27:15+00:00","og_image":[{"url":"https:\/\/www.lourdes-france.com\/wp-content\/uploads\/2024\/09\/2024-petite-maison-Bernadette-17-1-scaled-1.jpg","type":"","width":"","height":""}],"twitter_card":"summary_large_image","twitter_misc":{"Gesch\u00e4tzte Lesezeit":"3\u00a0Minuten"},"schema":{"@context":"https:\/\/schema.org","@graph":[{"@type":"WebPage","@id":"https:\/\/www.lourdes-france.com\/de\/das-kleine-haus-der-bernadette\/","url":"https:\/\/www.lourdes-france.com\/de\/das-kleine-haus-der-bernadette\/","name":"Das kleine Haus der Bernadette - Vivre le p\u00e8lerinage de Lourdes","isPartOf":{"@id":"https:\/\/www.lourdes-france.com\/de\/#website"},"primaryImageOfPage":{"@id":"https:\/\/www.lourdes-france.com\/de\/das-kleine-haus-der-bernadette\/#primaryimage"},"image":{"@id":"https:\/\/www.lourdes-france.com\/de\/das-kleine-haus-der-bernadette\/#primaryimage"},"thumbnailUrl":"https:\/\/www.lourdes-france.com\/wp-content\/uploads\/2024\/09\/2024-petite-maison-Bernadette-17-1-scaled-1.jpg","datePublished":"2022-03-28T14:16:12+00:00","dateModified":"2026-03-11T11:27:15+00:00","description":"La Petite Maison de Bernadette propose aux enfants accompagn\u00e9s par des parents ou \u00e0 des groupes avec accompagnateurs, diverses activit\u00e9s ludiques.","breadcrumb":{"@id":"https:\/\/www.lourdes-france.com\/de\/das-kleine-haus-der-bernadette\/#breadcrumb"},"inLanguage":"de","potentialAction":[{"@type":"ReadAction","target":["https:\/\/www.lourdes-france.com\/de\/das-kleine-haus-der-bernadette\/"]}]},{"@type":"ImageObject","inLanguage":"de","@id":"https:\/\/www.lourdes-france.com\/de\/das-kleine-haus-der-bernadette\/#primaryimage","url":"https:\/\/www.lourdes-france.com\/wp-content\/uploads\/2024\/09\/2024-petite-maison-Bernadette-17-1-scaled-1.jpg","contentUrl":"https:\/\/www.lourdes-france.com\/wp-content\/uploads\/2024\/09\/2024-petite-maison-Bernadette-17-1-scaled-1.jpg"},{"@type":"BreadcrumbList","@id":"https:\/\/www.lourdes-france.com\/de\/das-kleine-haus-der-bernadette\/#breadcrumb","itemListElement":[{"@type":"ListItem","position":1,"name":"Accueil","item":"https:\/\/www.lourdes-france.com\/de\/"},{"@type":"ListItem","position":2,"name":"Das kleine Haus der Bernadette"}]},{"@type":"WebSite","@id":"https:\/\/www.lourdes-france.com\/de\/#website","url":"https:\/\/www.lourdes-france.com\/de\/","name":"Sanctuaire Notre-Dame de Lourdes","description":"","publisher":{"@id":"https:\/\/www.lourdes-france.com\/de\/#organization"},"potentialAction":[{"@type":"SearchAction","target":{"@type":"EntryPoint","urlTemplate":"https:\/\/www.lourdes-france.com\/de\/?s={search_term_string}"},"query-input":{"@type":"PropertyValueSpecification","valueRequired":true,"valueName":"search_term_string"}}],"inLanguage":"de"},{"@type":"Organization","@id":"https:\/\/www.lourdes-france.com\/de\/#organization","name":"Sanctuaire Notre-Dame de Lourdes","url":"https:\/\/www.lourdes-france.com\/de\/","logo":{"@type":"ImageObject","inLanguage":"de","@id":"https:\/\/www.lourdes-france.com\/de\/#\/schema\/logo\/image\/","url":"https:\/\/www.lourdes-france.com\/wp-content\/uploads\/2021\/11\/logo-small.png","contentUrl":"https:\/\/www.lourdes-france.com\/wp-content\/uploads\/2021\/11\/logo-small.png","width":834,"height":521,"caption":"Sanctuaire Notre-Dame de Lourdes"},"image":{"@id":"https:\/\/www.lourdes-france.com\/de\/#\/schema\/logo\/image\/"}}]}},"_links":{"self":[{"href":"https:\/\/www.lourdes-france.com\/de\/wp-json\/wp\/v2\/pages\/786742","targetHints":{"allow":["GET"]}}],"collection":[{"href":"https:\/\/www.lourdes-france.com\/de\/wp-json\/wp\/v2\/pages"}],"about":[{"href":"https:\/\/www.lourdes-france.com\/de\/wp-json\/wp\/v2\/types\/page"}],"author":[{"embeddable":true,"href":"https:\/\/www.lourdes-france.com\/de\/wp-json\/wp\/v2\/users\/1"}],"replies":[{"embeddable":true,"href":"https:\/\/www.lourdes-france.com\/de\/wp-json\/wp\/v2\/comments?post=786742"}],"version-history":[{"count":10,"href":"https:\/\/www.lourdes-france.com\/de\/wp-json\/wp\/v2\/pages\/786742\/revisions"}],"predecessor-version":[{"id":873219,"href":"https:\/\/www.lourdes-france.com\/de\/wp-json\/wp\/v2\/pages\/786742\/revisions\/873219"}],"wp:attachment":[{"href":"https:\/\/www.lourdes-france.com\/de\/wp-json\/wp\/v2\/media?parent=786742"}],"curies":[{"name":"wp","href":"https:\/\/api.w.org\/{rel}","templated":true}]}}